{"id":763,"date":"2025-03-31T12:59:19","date_gmt":"2025-03-31T12:59:19","guid":{"rendered":"https:\/\/www.spottergps.com\/pl\/?page_id=763"},"modified":"2025-03-31T13:33:20","modified_gmt":"2025-03-31T13:33:20","slug":"funkcje-spotter-gps-watch","status":"publish","type":"page","link":"https:\/\/www.spottergps.com\/pl\/faq-2\/produkty-i-funkcje\/funkcje-spotter-gps-watch\/","title":{"rendered":"Funkcje Spotter GPS Watch"},"content":{"rendered":"\n<p class=\"\" data-start=\"0\" data-end=\"166\">Chcesz dowiedzie\u0107 si\u0119, jakie funkcje ma Spotter GPS Watch? Poni\u017cej przedstawiamy je, a pe\u0142ny przegl\u0105d znajdziesz w <a href=\"https:\/\/www.spottergps.com\/pl\/wp-content\/uploads\/sites\/9\/2025\/02\/Spotter-GPS-Watch-Air-Handleiding_V1.4_PL.pdf\">instrukcji<\/a> obs\u0142ugi.<br \/><br \/><\/p>\n<h2 data-start=\"168\" data-end=\"616\"><strong data-start=\"168\" data-end=\"196\">Przegl\u0105danie lokalizacji<\/strong><\/h2>\n<p class=\"\" data-start=\"0\" data-end=\"166\"><a href=\"https:\/\/www.spottergps.com\/pl\/zegarek-gps-dla-dzieci-bez-abonamentu\/\">Spotter GPS Watch<\/a> wysy\u0142a lokalizacj\u0119 co 2 minuty podczas ruchu. Kiedy Spotter GPS Watch nie jest w ruchu, lokalizacja jest wysy\u0142ana co 5 godzin. Zegarek Spotter GPS jest wyposa\u017cony w czujnik ruchu, kt\u00f3ry rozpoznaje r\u00f3\u017cnic\u0119 mi\u0119dzy ruchem a bezruchu. Przechodz\u0105c do \u201eMapy\u201d w swoim koncie online, mo\u017cesz zobaczy\u0107 lokalizacj\u0119 Spotter GPS Watch. Wszystkie lokalizacje mo\u017cna przegl\u0105da\u0107 przez 7 dni, po czym dane s\u0105 usuwane.<\/p>\n<p class=\"\" data-start=\"618\" data-end=\"1160\">Je\u015bli chcesz cz\u0119\u015bciej sprawdza\u0107 lokalizacj\u0119 ni\u017c co 2 minuty, mo\u017cesz r\u0119cznie za\u017c\u0105da\u0107 lokalizacji. Wystarczy przej\u015b\u0107 do Mapy, klikn\u0105\u0107 ikon\u0119 wskazuj\u0105c\u0105 aktualn\u0105 lokalizacj\u0119 Spotter GPS Watch, a nast\u0119pnie wybra\u0107 opcj\u0119 \u201e\u017c\u0105daj lokalizacji\u201d. Przez 3 minuty otrzymasz lokalizacj\u0119 co 20 sekund. Je\u015bli w menu g\u0142\u00f3wnym wybierzesz Spotter na Mapie, kliknij \u201eWi\u0119cej\u201d i nast\u0119pnie \u201e\u017b\u0105daj lokalizacji\u201d. Ta funkcja jest dost\u0119pna w ramach prepaidowego kredytu, wi\u0119c nie wi\u0105\u017ce si\u0119 z dodatkowymi kosztami. Funkcja ta jest dost\u0119pna wy\u0142\u0105cznie dla Spotter GPS Watch.<br \/><br \/><\/p>\n<h2 data-start=\"1162\" data-end=\"1476\"><strong data-start=\"1162\" data-end=\"1182\">Ustawianie stref<\/strong><\/h2>\n<p class=\"\" data-start=\"618\" data-end=\"1160\">W Spotter GPS Watch \u0142atwo mo\u017cna ustawi\u0107 stref\u0119. Mo\u017ce to by\u0107 na przyk\u0142ad adres zamieszkania, plac\u00f3wka opieku\u0144cza, szko\u0142a, praca lub lokalizacja cz\u0142onk\u00f3w rodziny. Gdy Spotter wejdzie lub wyjdzie ze strefy, otrzymasz natychmiastow\u0105 powiadomienie push w aplikacji. Mo\u017cna ustawi\u0107 5 r\u00f3\u017cnych stref.<\/p>\n<p class=\"\" data-start=\"1478\" data-end=\"1579\"><strong data-start=\"1478\" data-end=\"1500\">Jak ustawi\u0107 stref\u0119<\/strong>:<br data-start=\"1501\" data-end=\"1504\" \/>Mo\u017cesz ustawi\u0107 stref\u0119 za pomoc\u0105 swojego konta, wykonuj\u0105c nast\u0119puj\u0105ce kroki:<\/p>\n<ul>\n<li data-start=\"1584\" data-end=\"1635\">Zaloguj si\u0119 przez aplikacj\u0119 lub stron\u0119 internetow\u0105.<\/li>\n<li data-start=\"1639\" data-end=\"1717\">Po zalogowaniu, w prawym dolnym rogu zobaczysz 3 kreski \u2013 przejd\u017a do \u201estrefy\u201d.<\/li>\n<li data-start=\"1721\" data-end=\"1763\">Kliknij ikon\u0119 \u201eplus\u201d i utw\u00f3rz now\u0105 stref\u0119.<\/li>\n<li data-start=\"1767\" data-end=\"1825\">Wybierz ikon\u0119, na przyk\u0142ad domek dla \u201elokalizacji w domu\u201d.<\/li>\n<li data-start=\"1829\" data-end=\"1906\">Przeci\u0105gnij ikon\u0119 na miejsce lub wprowad\u017a adres strefy w pasku u g\u00f3ry ekranu.<\/li>\n<li data-start=\"1910\" data-end=\"1991\">Nast\u0119pnie mo\u017cesz okre\u015bli\u0107 rozmiar strefy, kt\u00f3ra b\u0119dzie dzia\u0142a\u0142a w obr\u0119bie okr\u0119gu.<\/li>\n<li data-start=\"1995\" data-end=\"2178\">Strefa jest teraz aktywna, a kiedy Spotter wyjdzie lub wejdzie do tej strefy, otrzymasz powiadomienie. Mo\u017cesz edytowa\u0107 lub usun\u0105\u0107 stref\u0119, klikaj\u0105c j\u0105 i wybieraj\u0105c \u201eEdytuj\u201d lub \u201eUsu\u0144\u201d.<\/li>\n<\/ul>\n<h2 data-start=\"0\" data-end=\"433\"><strong data-start=\"0\" data-end=\"13\"><br \/>SOS alarm<\/strong><\/h2>\n<p data-start=\"0\" data-end=\"433\">Naci\u015bnij przycisk SOS po prawej stronie Spotter GPS Watch przez 3 sekundy, a na zegarku pojawi si\u0119 komunikat \u201eSOS Sent\u201d. Powi\u0105zany u\u017cytkownik otrzyma powiadomienie SOS na e-mail oraz jako powiadomienie push na telefonie, zawieraj\u0105ce nazw\u0119 Spottera i lokalizacj\u0119. W aplikacji zobaczysz lokalizacj\u0119, z kt\u00f3rej naci\u015bni\u0119to przycisk SOS, i b\u0119dziesz m\u00f3g\u0142 zadzwoni\u0107 do Spottera, aby zapyta\u0107, co si\u0119 dzieje. <a href=\"https:\/\/www.spottergps.com\/pl\/faq\/produkty-i-funkcje\/dzwonienie-do-spotter-gps-watch\/\">Oto jak zadzwoni\u0107.<\/a><\/p>\n<p data-start=\"0\" data-end=\"433\">\u00a0<\/p>\n<h2 data-start=\"435\" data-end=\"732\"><strong data-start=\"435\" data-end=\"447\">Tring me<\/strong><\/h2>\n<p class=\"\" data-start=\"435\" data-end=\"732\">Dzi\u0119ki tej funkcji mo\u017cesz zdalnie uruchomi\u0107 d\u017awi\u0119kowy sygna\u0142. Mo\u017cesz to zrobi\u0107 przez opcj\u0119 \u201eTringel\u201d w aplikacji. Kliknij ikon\u0119, kt\u00f3ra wskazuje bie\u017c\u0105c\u0105 lokalizacj\u0119 Spotter GPS Watch, wybierz \u201eWi\u0119cej\u201d i kliknij \u201eTringel\u201d. Spotter GPS Watch b\u0119dzie teraz wydawa\u0107 d\u017awi\u0119k przez 1 minut\u0119.<\/p>\n<p data-start=\"435\" data-end=\"732\">\u00a0<\/p>\n<h2 data-start=\"734\" data-end=\"1189\"><strong data-start=\"734\" data-end=\"755\">Ustawienie alarmu<\/strong><\/h2>\n<p class=\"\" data-start=\"734\" data-end=\"1189\">Mo\u017cesz ustawi\u0107 3 r\u00f3\u017cne godziny alarmu, kiedy chcesz, aby Spotter GPS Watch wyda\u0142 sygna\u0142 d\u017awi\u0119kowy. Na przyk\u0142ad, je\u015bli trzeba za\u017cy\u0107 leki o okre\u015blonej godzinie lub je\u015bli Twoje dziecko ma wr\u00f3ci\u0107 na czas na obiad, ustaw alarm, kt\u00f3ry uruchomi si\u0119 raz lub alarmy, kt\u00f3re b\u0119d\u0105 si\u0119 uruchamia\u0107 w okre\u015blone dni tygodnia. Alarm mo\u017cna wy\u0142\u0105czy\u0107 r\u0119cznie, dotykaj\u0105c wy\u015bwietlacza Spotter GPS Watch. Po 30 sekundach alarm automatycznie si\u0119 zatrzyma.<\/p>\n<p class=\"\" data-start=\"1191\" data-end=\"1314\">Uwaga: Nawet je\u015bli Spotter GPS Watch jest wy\u0142\u0105czony, alarm nadal b\u0119dzie dzia\u0142a\u0107, pod warunkiem, \u017ce bateria jest na\u0142adowana.<\/p>\n<p data-start=\"1191\" data-end=\"1314\">\u00a0<\/p>\n<h2 data-start=\"1316\" data-end=\"1798\"><strong data-start=\"1316\" data-end=\"1330\">Krokomierz<\/strong><\/h2>\n<p class=\"\" data-start=\"1316\" data-end=\"1798\">Dzi\u0119ki krokomierzowi mo\u017cesz \u015bledzi\u0107, ile krok\u00f3w zosta\u0142o wykonanych. Liczba krok\u00f3w resetuje si\u0119 codziennie, dzi\u0119ki czemu otrzymasz podsumowanie dziennych krok\u00f3w. Przejd\u017a do ekranu g\u0142\u00f3wnego, kliknij Spottera na mapie, wybierz \u201eWi\u0119cej\u201d i kliknij \u201eKrokomierz\u201d. Nast\u0119pnie kliknij suwak dla krokomierza (pedometer). Je\u015bli suwak stanie si\u0119 niebieski, krokomierz zostanie aktywowany. Liczba krok\u00f3w jest widoczna zar\u00f3wno w aplikacji, jak i bezpo\u015brednio na Spotter GPS Watch.<\/p>\n<p data-start=\"1316\" data-end=\"1798\">\u00a0<\/p>\n<h2 data-start=\"1800\" data-end=\"2274\"><strong data-start=\"1800\" data-end=\"1814\">Dzwonienie<\/strong><\/h2>\n<p class=\"\" data-start=\"1800\" data-end=\"2274\">Mo\u017cesz zadzwoni\u0107 do Spotter GPS Watch, na przyk\u0142ad, je\u015bli osoba jest w niebezpiecze\u0144stwie i chcesz si\u0119 z ni\u0105 skontaktowa\u0107. Zaloguj si\u0119 do aplikacji Spotter i kliknij ikon\u0119 Spotter GPS Watch na mapie. Nast\u0119pnie otworzy si\u0119 menu, w kt\u00f3rym wybierzesz \u201eZadzwo\u0144\u201d. Spotter zadzwoni, a rozmow\u0119 mo\u017cna odebra\u0107, klikaj\u0105c srebrn\u0105 ikon\u0119 poni\u017cej wy\u015bwietlacza Spotter GPS Watch. Rozmow\u0119 mo\u017cna zako\u0144czy\u0107, klikaj\u0105c czerwon\u0105 ikon\u0119 telefonu na wy\u015bwietlaczu Spotter GPS Watch.<\/p>\n<p class=\"\" data-start=\"2276\" data-end=\"2484\"><strong>Uwaga<\/strong>: Gdy dzwonisz do Spotter GPS Watch z w\u0142asnego telefonu, rozmowa jest naliczana zgodnie z cennikiem Twojego operatora telefonicznego. Dzwonisz na europejski numer kom\u00f3rkowy, a koszty zale\u017c\u0105 od operatora.<\/p>\n<p class=\"\" data-start=\"2486\" data-end=\"3041\">Spotter GPS Watch jest wyposa\u017cony w wbudowan\u0105 kart\u0119 SIM roamingow\u0105, co pozwala na dzia\u0142anie Spottera GPS Watch w ca\u0142ej Europie na wszystkich dost\u0119pnych sieciach kom\u00f3rkowych bez dodatkowych op\u0142at. Nawet w Holandii Spotter GPS Watch dzia\u0142a na wszystkich dost\u0119pnych sieciach kom\u00f3rkowych. Powodem tego jest to, \u017ce Spotter GPS Watch nie chce by\u0107 zale\u017cny od zasi\u0119gu jednej sieci mobilnej w danym kraju (lub regionie), lecz zawsze wybiera najlepsz\u0105 dost\u0119pn\u0105 sie\u0107, niezale\u017cnie od operatora. Mo\u017cna r\u00f3wnie\u017c dzwoni\u0107 do Spottera przez Skype, co mo\u017ce by\u0107 ta\u0144sz\u0105 opcj\u0105.<\/p>\n<p class=\"\" data-start=\"3043\" data-end=\"3225\"><strong data-start=\"3043\" data-end=\"3056\">Wskaz\u00f3wka<\/strong>: Po wykonaniu po\u0142\u0105czenia do Spotter GPS Watch mo\u017cesz zapisa\u0107 numer, aby dzwoni\u0107 bezpo\u015brednio do Spottera GPS Watch poza aplikacj\u0105, bez potrzeby korzystania z aplikacji.<\/p>\n","protected":false},"excerpt":{"rendered":"<p>Chcesz dowiedzie\u0107 si\u0119, jakie funkcje ma Spotter GPS Watch? Poni\u017cej przedstawiamy je, a pe\u0142ny przegl\u0105d znajdziesz w instrukcji obs\u0142ugi. Przegl\u0105danie lokalizacji Spotter GPS Watch wysy\u0142a lokalizacj\u0119 co 2 minuty podczas ruchu. Kiedy Spotter GPS Watch nie jest w ruchu, lokalizacja jest wysy\u0142ana co 5 godzin. Zegarek Spotter GPS jest wyposa\u017cony w czujnik ruchu, kt\u00f3ry rozpoznaje [&hellip;]<\/p>\n","protected":false},"author":14,"featured_media":0,"parent":644,"menu_order":0,"comment_status":"closed","ping_status":"closed","template":"faq-content.php","meta":{"_acf_changed":false,"footnotes":""},"categories":[5],"tags":[],"class_list":["post-763","page","type-page","status-publish","hentry","category-faq"],"acf":[],"yoast_head":"<!-- This site is optimized with the Yoast SEO plugin v25.9 - https:\/\/yoast.com\/wordpress\/plugins\/seo\/ -->\n<title>Funkcje Spotter GPS Watch - Spotter - Polen<\/title>\n<meta name=\"robots\" content=\"index, follow, max-snippet:-1, max-image-preview:large, max-video-preview:-1\" \/>\n<link rel=\"canonical\" href=\"https:\/\/www.spottergps.com\/pl\/faq-2\/produkty-i-funkcje\/funkcje-spotter-gps-watch\/\" \/>\n<meta property=\"og:locale\" content=\"pl_PL\" \/>\n<meta property=\"og:type\" content=\"article\" \/>\n<meta property=\"og:title\" content=\"Funkcje Spotter GPS Watch - Spotter - Polen\" \/>\n<meta property=\"og:description\" content=\"Chcesz dowiedzie\u0107 si\u0119, jakie funkcje ma Spotter GPS Watch? Poni\u017cej przedstawiamy je, a pe\u0142ny przegl\u0105d znajdziesz w instrukcji obs\u0142ugi. Przegl\u0105danie lokalizacji Spotter GPS Watch wysy\u0142a lokalizacj\u0119 co 2 minuty podczas ruchu. Kiedy Spotter GPS Watch nie jest w ruchu, lokalizacja jest wysy\u0142ana co 5 godzin. Zegarek Spotter GPS jest wyposa\u017cony w czujnik ruchu, kt\u00f3ry rozpoznaje [&hellip;]\" \/>\n<meta property=\"og:url\" content=\"https:\/\/www.spottergps.com\/pl\/faq-2\/produkty-i-funkcje\/funkcje-spotter-gps-watch\/\" \/>\n<meta property=\"og:site_name\" content=\"Spotter - Polen\" \/>\n<meta property=\"article:modified_time\" content=\"2025-03-31T13:33:20+00:00\" \/>\n<meta name=\"twitter:card\" content=\"summary_large_image\" \/>\n<meta name=\"twitter:label1\" content=\"Szacowany czas czytania\" \/>\n\t<meta name=\"twitter:data1\" content=\"5 minut\" \/>\n<script type=\"application\/ld+json\" class=\"yoast-schema-graph\">{\"@context\":\"https:\/\/schema.org\",\"@graph\":[{\"@type\":\"WebPage\",\"@id\":\"https:\/\/www.spottergps.com\/pl\/faq-2\/produkty-i-funkcje\/funkcje-spotter-gps-watch\/\",\"url\":\"https:\/\/www.spottergps.com\/pl\/faq-2\/produkty-i-funkcje\/funkcje-spotter-gps-watch\/\",\"name\":\"Funkcje Spotter GPS Watch - Spotter - Polen\",\"isPartOf\":{\"@id\":\"https:\/\/www.spottergps.com\/pl\/#website\"},\"datePublished\":\"2025-03-31T12:59:19+00:00\",\"dateModified\":\"2025-03-31T13:33:20+00:00\",\"breadcrumb\":{\"@id\":\"https:\/\/www.spottergps.com\/pl\/faq-2\/produkty-i-funkcje\/funkcje-spotter-gps-watch\/#breadcrumb\"},\"inLanguage\":\"pl-PL\",\"potentialAction\":[{\"@type\":\"ReadAction\",\"target\":[\"https:\/\/www.spottergps.com\/pl\/faq-2\/produkty-i-funkcje\/funkcje-spotter-gps-watch\/\"]}]},{\"@type\":\"BreadcrumbList\",\"@id\":\"https:\/\/www.spottergps.com\/pl\/faq-2\/produkty-i-funkcje\/funkcje-spotter-gps-watch\/#breadcrumb\",\"itemListElement\":[{\"@type\":\"ListItem\",\"position\":1,\"name\":\"Home\",\"item\":\"https:\/\/www.spottergps.com\/pl\/\"},{\"@type\":\"ListItem\",\"position\":2,\"name\":\"Jak mo\u017cemy ci pom\u00f3c?\",\"item\":\"https:\/\/www.spottergps.com\/pl\/faq-2\/\"},{\"@type\":\"ListItem\",\"position\":3,\"name\":\"Produkty i funkcje\",\"item\":\"https:\/\/www.spottergps.com\/pl\/faq-2\/produkty-i-funkcje\/\"},{\"@type\":\"ListItem\",\"position\":4,\"name\":\"Funkcje Spotter GPS Watch\"}]},{\"@type\":\"WebSite\",\"@id\":\"https:\/\/www.spottergps.com\/pl\/#website\",\"url\":\"https:\/\/www.spottergps.com\/pl\/\",\"name\":\"Spotter - Polen\",\"description\":\"GPS tracker dla wszystkiego, co kochasz\",\"potentialAction\":[{\"@type\":\"SearchAction\",\"target\":{\"@type\":\"EntryPoint\",\"urlTemplate\":\"https:\/\/www.spottergps.com\/pl\/?s={search_term_string}\"},\"query-input\":{\"@type\":\"PropertyValueSpecification\",\"valueRequired\":true,\"valueName\":\"search_term_string\"}}],\"inLanguage\":\"pl-PL\"}]}<\/script>\n<!-- \/ Yoast SEO plugin. -->","yoast_head_json":{"title":"Funkcje Spotter GPS Watch - Spotter - Polen","robots":{"index":"index","follow":"follow","max-snippet":"max-snippet:-1","max-image-preview":"max-image-preview:large","max-video-preview":"max-video-preview:-1"},"canonical":"https:\/\/www.spottergps.com\/pl\/faq-2\/produkty-i-funkcje\/funkcje-spotter-gps-watch\/","og_locale":"pl_PL","og_type":"article","og_title":"Funkcje Spotter GPS Watch - Spotter - Polen","og_description":"Chcesz dowiedzie\u0107 si\u0119, jakie funkcje ma Spotter GPS Watch? Poni\u017cej przedstawiamy je, a pe\u0142ny przegl\u0105d znajdziesz w instrukcji obs\u0142ugi. Przegl\u0105danie lokalizacji Spotter GPS Watch wysy\u0142a lokalizacj\u0119 co 2 minuty podczas ruchu. Kiedy Spotter GPS Watch nie jest w ruchu, lokalizacja jest wysy\u0142ana co 5 godzin. Zegarek Spotter GPS jest wyposa\u017cony w czujnik ruchu, kt\u00f3ry rozpoznaje [&hellip;]","og_url":"https:\/\/www.spottergps.com\/pl\/faq-2\/produkty-i-funkcje\/funkcje-spotter-gps-watch\/","og_site_name":"Spotter - Polen","article_modified_time":"2025-03-31T13:33:20+00:00","twitter_card":"summary_large_image","twitter_misc":{"Szacowany czas czytania":"5 minut"},"schema":{"@context":"https:\/\/schema.org","@graph":[{"@type":"WebPage","@id":"https:\/\/www.spottergps.com\/pl\/faq-2\/produkty-i-funkcje\/funkcje-spotter-gps-watch\/","url":"https:\/\/www.spottergps.com\/pl\/faq-2\/produkty-i-funkcje\/funkcje-spotter-gps-watch\/","name":"Funkcje Spotter GPS Watch - Spotter - Polen","isPartOf":{"@id":"https:\/\/www.spottergps.com\/pl\/#website"},"datePublished":"2025-03-31T12:59:19+00:00","dateModified":"2025-03-31T13:33:20+00:00","breadcrumb":{"@id":"https:\/\/www.spottergps.com\/pl\/faq-2\/produkty-i-funkcje\/funkcje-spotter-gps-watch\/#breadcrumb"},"inLanguage":"pl-PL","potentialAction":[{"@type":"ReadAction","target":["https:\/\/www.spottergps.com\/pl\/faq-2\/produkty-i-funkcje\/funkcje-spotter-gps-watch\/"]}]},{"@type":"BreadcrumbList","@id":"https:\/\/www.spottergps.com\/pl\/faq-2\/produkty-i-funkcje\/funkcje-spotter-gps-watch\/#breadcrumb","itemListElement":[{"@type":"ListItem","position":1,"name":"Home","item":"https:\/\/www.spottergps.com\/pl\/"},{"@type":"ListItem","position":2,"name":"Jak mo\u017cemy ci pom\u00f3c?","item":"https:\/\/www.spottergps.com\/pl\/faq-2\/"},{"@type":"ListItem","position":3,"name":"Produkty i funkcje","item":"https:\/\/www.spottergps.com\/pl\/faq-2\/produkty-i-funkcje\/"},{"@type":"ListItem","position":4,"name":"Funkcje Spotter GPS Watch"}]},{"@type":"WebSite","@id":"https:\/\/www.spottergps.com\/pl\/#website","url":"https:\/\/www.spottergps.com\/pl\/","name":"Spotter - Polen","description":"GPS tracker dla wszystkiego, co kochasz","potentialAction":[{"@type":"SearchAction","target":{"@type":"EntryPoint","urlTemplate":"https:\/\/www.spottergps.com\/pl\/?s={search_term_string}"},"query-input":{"@type":"PropertyValueSpecification","valueRequired":true,"valueName":"search_term_string"}}],"inLanguage":"pl-PL"}]}},"_links":{"self":[{"href":"https:\/\/www.spottergps.com\/pl\/wp-json\/wp\/v2\/pages\/763","targetHints":{"allow":["GET"]}}],"collection":[{"href":"https:\/\/www.spottergps.com\/pl\/wp-json\/wp\/v2\/pages"}],"about":[{"href":"https:\/\/www.spottergps.com\/pl\/wp-json\/wp\/v2\/types\/page"}],"author":[{"embeddable":true,"href":"https:\/\/www.spottergps.com\/pl\/wp-json\/wp\/v2\/users\/14"}],"replies":[{"embeddable":true,"href":"https:\/\/www.spottergps.com\/pl\/wp-json\/wp\/v2\/comments?post=763"}],"version-history":[{"count":2,"href":"https:\/\/www.spottergps.com\/pl\/wp-json\/wp\/v2\/pages\/763\/revisions"}],"predecessor-version":[{"id":782,"href":"https:\/\/www.spottergps.com\/pl\/wp-json\/wp\/v2\/pages\/763\/revisions\/782"}],"up":[{"embeddable":true,"href":"https:\/\/www.spottergps.com\/pl\/wp-json\/wp\/v2\/pages\/644"}],"wp:attachment":[{"href":"https:\/\/www.spottergps.com\/pl\/wp-json\/wp\/v2\/media?parent=763"}],"wp:term":[{"taxonomy":"category","embeddable":true,"href":"https:\/\/www.spottergps.com\/pl\/wp-json\/wp\/v2\/categories?post=763"},{"taxonomy":"post_tag","embeddable":true,"href":"https:\/\/www.spottergps.com\/pl\/wp-json\/wp\/v2\/tags?post=763"}],"curies":[{"name":"wp","href":"https:\/\/api.w.org\/{rel}","templated":true}]}}