{"id":747,"date":"2025-03-31T12:26:31","date_gmt":"2025-03-31T12:26:31","guid":{"rendered":"https:\/\/www.spottergps.com\/pl\/?page_id=747"},"modified":"2025-03-31T12:26:33","modified_gmt":"2025-03-31T12:26:33","slug":"co-znajduje-sie-w-opakowaniu","status":"publish","type":"page","link":"https:\/\/www.spottergps.com\/pl\/faq-2\/pobierz-i-zainstaluj\/co-znajduje-sie-w-opakowaniu\/","title":{"rendered":"Co znajduje si\u0119 w opakowaniu?"},"content":{"rendered":"\n<p class=\"\" data-start=\"0\" data-end=\"122\">Mamy r\u00f3\u017cne produkty w ofercie, z kt\u00f3rych ka\u017cdy ma swoj\u0105 w\u0142asn\u0105 zawarto\u015b\u0107 w opakowaniu.<\/p>\n<h2 data-start=\"124\" data-end=\"161\"><strong data-start=\"124\" data-end=\"159\">W opakowaniu Spotter GPS Watch:<\/strong><\/h2>\n<ul data-start=\"162\" data-end=\"230\">\n<li class=\"\" data-start=\"162\" data-end=\"183\">\n<p class=\"\" data-start=\"164\" data-end=\"183\">Spotter GPS Watch<\/p>\n<\/li>\n<li class=\"\" data-start=\"184\" data-end=\"197\">\n<p class=\"\" data-start=\"186\" data-end=\"197\">Kabel USB<\/p>\n<\/li>\n<li class=\"\" data-start=\"198\" data-end=\"214\">\n<p class=\"\" data-start=\"200\" data-end=\"214\">Kod Spottera<\/p>\n<\/li>\n<li class=\"\" data-start=\"215\" data-end=\"230\">\n<p class=\"\" data-start=\"217\" data-end=\"230\">Quick guide<\/p>\n<\/li>\n<\/ul>\n<h2 data-start=\"232\" data-end=\"275\"><strong data-start=\"232\" data-end=\"273\">W opakowaniu Spotter GPS Watch \u2013 Air:<\/strong><\/h2>\n<ul data-start=\"276\" data-end=\"344\">\n<li class=\"\" data-start=\"276\" data-end=\"297\">\n<p class=\"\" data-start=\"278\" data-end=\"297\">Spotter GPS Watch<\/p>\n<\/li>\n<li class=\"\" data-start=\"298\" data-end=\"311\">\n<p class=\"\" data-start=\"300\" data-end=\"311\">Kabel USB<\/p>\n<\/li>\n<li class=\"\" data-start=\"312\" data-end=\"328\">\n<p class=\"\" data-start=\"314\" data-end=\"328\">Kod Spottera<\/p>\n<\/li>\n<li class=\"\" data-start=\"329\" data-end=\"344\">\n<p class=\"\" data-start=\"331\" data-end=\"344\">Quick guide<\/p>\n<\/li>\n<\/ul>\n<h2 data-start=\"346\" data-end=\"385\"><strong data-start=\"346\" data-end=\"383\">W opakowaniu Spotter GPS Tracker:<\/strong><\/h2>\n<ul data-start=\"386\" data-end=\"497\">\n<li class=\"\" data-start=\"386\" data-end=\"409\">\n<p class=\"\" data-start=\"388\" data-end=\"409\">Spotter GPS Tracker<\/p>\n<\/li>\n<li class=\"\" data-start=\"410\" data-end=\"423\">\n<p class=\"\" data-start=\"412\" data-end=\"423\">Kabel USB<\/p>\n<\/li>\n<li class=\"\" data-start=\"424\" data-end=\"441\">\n<p class=\"\" data-start=\"426\" data-end=\"441\">\u0141adowarka USB<\/p>\n<\/li>\n<li class=\"\" data-start=\"442\" data-end=\"458\">\n<p class=\"\" data-start=\"444\" data-end=\"458\">Kod Spottera<\/p>\n<\/li>\n<li class=\"\" data-start=\"459\" data-end=\"481\">\n<p class=\"\" data-start=\"461\" data-end=\"481\">Pier\u015bcie\u0144 mocuj\u0105cy<\/p>\n<\/li>\n<li class=\"\" data-start=\"482\" data-end=\"497\">\n<p class=\"\" data-start=\"484\" data-end=\"497\">Quick guide<\/p>\n<\/li>\n<\/ul>\n<h2 data-start=\"499\" data-end=\"542\"><strong data-start=\"499\" data-end=\"540\">W opakowaniu Spotter GPS Tracker X10:<\/strong><\/h2>\n<ul data-start=\"543\" data-end=\"631\">\n<li class=\"\" data-start=\"543\" data-end=\"570\">\n<p class=\"\" data-start=\"545\" data-end=\"570\">Spotter GPS Tracker X10<\/p>\n<\/li>\n<li class=\"\" data-start=\"571\" data-end=\"598\">\n<p class=\"\" data-start=\"573\" data-end=\"598\">Kabel USB (magnetyczny)<\/p>\n<\/li>\n<li class=\"\" data-start=\"599\" data-end=\"615\">\n<p class=\"\" data-start=\"601\" data-end=\"615\">Kod Spottera<\/p>\n<\/li>\n<li class=\"\" data-start=\"616\" data-end=\"631\">\n<p class=\"\" data-start=\"618\" data-end=\"631\">Quick guide<\/p>\n<\/li>\n<\/ul>\n<h2 data-start=\"633\" data-end=\"682\"><strong data-start=\"633\" data-end=\"680\">W opakowaniu Pet Spotter \u2013 Dog GPS tracker:<\/strong><\/h2>\n<ul data-start=\"683\" data-end=\"803\">\n<li class=\"\" data-start=\"683\" data-end=\"710\">\n<p class=\"\" data-start=\"685\" data-end=\"710\">Pet Spotter GPS Tracker<\/p>\n<\/li>\n<li class=\"\" data-start=\"711\" data-end=\"724\">\n<p class=\"\" data-start=\"713\" data-end=\"724\">Kabel USB<\/p>\n<\/li>\n<li class=\"\" data-start=\"725\" data-end=\"742\">\n<p class=\"\" data-start=\"727\" data-end=\"742\">\u0141adowarka USB<\/p>\n<\/li>\n<li class=\"\" data-start=\"743\" data-end=\"759\">\n<p class=\"\" data-start=\"745\" data-end=\"759\">Kod Spottera<\/p>\n<\/li>\n<li class=\"\" data-start=\"760\" data-end=\"787\">\n<p class=\"\" data-start=\"762\" data-end=\"787\">Metalowy klips mocuj\u0105cy<\/p>\n<\/li>\n<li class=\"\" data-start=\"788\" data-end=\"803\">\n<p class=\"\" data-start=\"790\" data-end=\"803\">Quick guide<\/p>\n<\/li>\n<\/ul>\n<h2 data-start=\"805\" data-end=\"854\"><strong data-start=\"805\" data-end=\"852\">W opakowaniu Pet Spotter \u2013 Cat GPS tracker:<\/strong><\/h2>\n<ul data-start=\"855\" data-end=\"965\" data-is-last-node=\"\" data-is-only-node=\"\">\n<li class=\"\" data-start=\"855\" data-end=\"882\">\n<p class=\"\" data-start=\"857\" data-end=\"882\">Pet Spotter GPS Tracker<\/p>\n<\/li>\n<li class=\"\" data-start=\"883\" data-end=\"896\">\n<p class=\"\" data-start=\"885\" data-end=\"896\">Kabel USB<\/p>\n<\/li>\n<li class=\"\" data-start=\"897\" data-end=\"914\">\n<p class=\"\" data-start=\"899\" data-end=\"914\">\u0141adowarka USB<\/p>\n<\/li>\n<li class=\"\" data-start=\"915\" data-end=\"931\">\n<p class=\"\" data-start=\"917\" data-end=\"931\">Kod Spottera<\/p>\n<\/li>\n<li class=\"\" data-start=\"932\" data-end=\"951\">\n<p class=\"\" data-start=\"934\" data-end=\"951\">Silikonowe etui<\/p>\n<\/li>\n<li class=\"\" data-start=\"952\" data-end=\"965\">\n<p class=\"\" data-start=\"954\" data-end=\"965\">Quick guide<\/p>\n<\/li>\n<\/ul>\n","protected":false},"excerpt":{"rendered":"<p>Mamy r\u00f3\u017cne produkty w ofercie, z kt\u00f3rych ka\u017cdy ma swoj\u0105 w\u0142asn\u0105 zawarto\u015b\u0107 w opakowaniu. W opakowaniu Spotter GPS Watch: Spotter GPS Watch Kabel USB Kod Spottera Quick guide W opakowaniu Spotter GPS Watch \u2013 Air: Spotter GPS Watch Kabel USB Kod Spottera Quick guide W opakowaniu Spotter GPS Tracker: Spotter GPS Tracker Kabel USB \u0141adowarka [&hellip;]<\/p>\n","protected":false},"author":14,"featured_media":0,"parent":641,"menu_order":0,"comment_status":"closed","ping_status":"closed","template":"faq-content.php","meta":{"_acf_changed":false,"footnotes":""},"categories":[5],"tags":[],"class_list":["post-747","page","type-page","status-publish","hentry","category-faq"],"acf":[],"yoast_head":"<!-- This site is optimized with the Yoast SEO plugin v25.9 - https:\/\/yoast.com\/wordpress\/plugins\/seo\/ -->\n<title>Co znajduje si\u0119 w opakowaniu? - Spotter - Polen<\/title>\n<meta name=\"robots\" content=\"index, follow, max-snippet:-1, max-image-preview:large, max-video-preview:-1\" \/>\n<link rel=\"canonical\" href=\"https:\/\/www.spottergps.com\/pl\/faq-2\/pobierz-i-zainstaluj\/co-znajduje-sie-w-opakowaniu\/\" \/>\n<meta property=\"og:locale\" content=\"pl_PL\" \/>\n<meta property=\"og:type\" content=\"article\" \/>\n<meta property=\"og:title\" content=\"Co znajduje si\u0119 w opakowaniu? - Spotter - Polen\" \/>\n<meta property=\"og:description\" content=\"Mamy r\u00f3\u017cne produkty w ofercie, z kt\u00f3rych ka\u017cdy ma swoj\u0105 w\u0142asn\u0105 zawarto\u015b\u0107 w opakowaniu. W opakowaniu Spotter GPS Watch: Spotter GPS Watch Kabel USB Kod Spottera Quick guide W opakowaniu Spotter GPS Watch \u2013 Air: Spotter GPS Watch Kabel USB Kod Spottera Quick guide W opakowaniu Spotter GPS Tracker: Spotter GPS Tracker Kabel USB \u0141adowarka [&hellip;]\" \/>\n<meta property=\"og:url\" content=\"https:\/\/www.spottergps.com\/pl\/faq-2\/pobierz-i-zainstaluj\/co-znajduje-sie-w-opakowaniu\/\" \/>\n<meta property=\"og:site_name\" content=\"Spotter - Polen\" \/>\n<meta property=\"article:modified_time\" content=\"2025-03-31T12:26:33+00:00\" \/>\n<meta name=\"twitter:card\" content=\"summary_large_image\" \/>\n<meta name=\"twitter:label1\" content=\"Szacowany czas czytania\" \/>\n\t<meta name=\"twitter:data1\" content=\"1 minuta\" \/>\n<script type=\"application\/ld+json\" class=\"yoast-schema-graph\">{\"@context\":\"https:\/\/schema.org\",\"@graph\":[{\"@type\":\"WebPage\",\"@id\":\"https:\/\/www.spottergps.com\/pl\/faq-2\/pobierz-i-zainstaluj\/co-znajduje-sie-w-opakowaniu\/\",\"url\":\"https:\/\/www.spottergps.com\/pl\/faq-2\/pobierz-i-zainstaluj\/co-znajduje-sie-w-opakowaniu\/\",\"name\":\"Co znajduje si\u0119 w opakowaniu? - Spotter - Polen\",\"isPartOf\":{\"@id\":\"https:\/\/www.spottergps.com\/pl\/#website\"},\"datePublished\":\"2025-03-31T12:26:31+00:00\",\"dateModified\":\"2025-03-31T12:26:33+00:00\",\"breadcrumb\":{\"@id\":\"https:\/\/www.spottergps.com\/pl\/faq-2\/pobierz-i-zainstaluj\/co-znajduje-sie-w-opakowaniu\/#breadcrumb\"},\"inLanguage\":\"pl-PL\",\"potentialAction\":[{\"@type\":\"ReadAction\",\"target\":[\"https:\/\/www.spottergps.com\/pl\/faq-2\/pobierz-i-zainstaluj\/co-znajduje-sie-w-opakowaniu\/\"]}]},{\"@type\":\"BreadcrumbList\",\"@id\":\"https:\/\/www.spottergps.com\/pl\/faq-2\/pobierz-i-zainstaluj\/co-znajduje-sie-w-opakowaniu\/#breadcrumb\",\"itemListElement\":[{\"@type\":\"ListItem\",\"position\":1,\"name\":\"Home\",\"item\":\"https:\/\/www.spottergps.com\/pl\/\"},{\"@type\":\"ListItem\",\"position\":2,\"name\":\"Jak mo\u017cemy ci pom\u00f3c?\",\"item\":\"https:\/\/www.spottergps.com\/pl\/faq-2\/\"},{\"@type\":\"ListItem\",\"position\":3,\"name\":\"Pobierz i zainstaluj\",\"item\":\"https:\/\/www.spottergps.com\/pl\/faq-2\/pobierz-i-zainstaluj\/\"},{\"@type\":\"ListItem\",\"position\":4,\"name\":\"Co znajduje si\u0119 w opakowaniu?\"}]},{\"@type\":\"WebSite\",\"@id\":\"https:\/\/www.spottergps.com\/pl\/#website\",\"url\":\"https:\/\/www.spottergps.com\/pl\/\",\"name\":\"Spotter - Polen\",\"description\":\"GPS tracker dla wszystkiego, co kochasz\",\"potentialAction\":[{\"@type\":\"SearchAction\",\"target\":{\"@type\":\"EntryPoint\",\"urlTemplate\":\"https:\/\/www.spottergps.com\/pl\/?s={search_term_string}\"},\"query-input\":{\"@type\":\"PropertyValueSpecification\",\"valueRequired\":true,\"valueName\":\"search_term_string\"}}],\"inLanguage\":\"pl-PL\"}]}<\/script>\n<!-- \/ Yoast SEO plugin. -->","yoast_head_json":{"title":"Co znajduje si\u0119 w opakowaniu? - Spotter - Polen","robots":{"index":"index","follow":"follow","max-snippet":"max-snippet:-1","max-image-preview":"max-image-preview:large","max-video-preview":"max-video-preview:-1"},"canonical":"https:\/\/www.spottergps.com\/pl\/faq-2\/pobierz-i-zainstaluj\/co-znajduje-sie-w-opakowaniu\/","og_locale":"pl_PL","og_type":"article","og_title":"Co znajduje si\u0119 w opakowaniu? - Spotter - Polen","og_description":"Mamy r\u00f3\u017cne produkty w ofercie, z kt\u00f3rych ka\u017cdy ma swoj\u0105 w\u0142asn\u0105 zawarto\u015b\u0107 w opakowaniu. W opakowaniu Spotter GPS Watch: Spotter GPS Watch Kabel USB Kod Spottera Quick guide W opakowaniu Spotter GPS Watch \u2013 Air: Spotter GPS Watch Kabel USB Kod Spottera Quick guide W opakowaniu Spotter GPS Tracker: Spotter GPS Tracker Kabel USB \u0141adowarka [&hellip;]","og_url":"https:\/\/www.spottergps.com\/pl\/faq-2\/pobierz-i-zainstaluj\/co-znajduje-sie-w-opakowaniu\/","og_site_name":"Spotter - Polen","article_modified_time":"2025-03-31T12:26:33+00:00","twitter_card":"summary_large_image","twitter_misc":{"Szacowany czas czytania":"1 minuta"},"schema":{"@context":"https:\/\/schema.org","@graph":[{"@type":"WebPage","@id":"https:\/\/www.spottergps.com\/pl\/faq-2\/pobierz-i-zainstaluj\/co-znajduje-sie-w-opakowaniu\/","url":"https:\/\/www.spottergps.com\/pl\/faq-2\/pobierz-i-zainstaluj\/co-znajduje-sie-w-opakowaniu\/","name":"Co znajduje si\u0119 w opakowaniu? - Spotter - Polen","isPartOf":{"@id":"https:\/\/www.spottergps.com\/pl\/#website"},"datePublished":"2025-03-31T12:26:31+00:00","dateModified":"2025-03-31T12:26:33+00:00","breadcrumb":{"@id":"https:\/\/www.spottergps.com\/pl\/faq-2\/pobierz-i-zainstaluj\/co-znajduje-sie-w-opakowaniu\/#breadcrumb"},"inLanguage":"pl-PL","potentialAction":[{"@type":"ReadAction","target":["https:\/\/www.spottergps.com\/pl\/faq-2\/pobierz-i-zainstaluj\/co-znajduje-sie-w-opakowaniu\/"]}]},{"@type":"BreadcrumbList","@id":"https:\/\/www.spottergps.com\/pl\/faq-2\/pobierz-i-zainstaluj\/co-znajduje-sie-w-opakowaniu\/#breadcrumb","itemListElement":[{"@type":"ListItem","position":1,"name":"Home","item":"https:\/\/www.spottergps.com\/pl\/"},{"@type":"ListItem","position":2,"name":"Jak mo\u017cemy ci pom\u00f3c?","item":"https:\/\/www.spottergps.com\/pl\/faq-2\/"},{"@type":"ListItem","position":3,"name":"Pobierz i zainstaluj","item":"https:\/\/www.spottergps.com\/pl\/faq-2\/pobierz-i-zainstaluj\/"},{"@type":"ListItem","position":4,"name":"Co znajduje si\u0119 w opakowaniu?"}]},{"@type":"WebSite","@id":"https:\/\/www.spottergps.com\/pl\/#website","url":"https:\/\/www.spottergps.com\/pl\/","name":"Spotter - Polen","description":"GPS tracker dla wszystkiego, co kochasz","potentialAction":[{"@type":"SearchAction","target":{"@type":"EntryPoint","urlTemplate":"https:\/\/www.spottergps.com\/pl\/?s={search_term_string}"},"query-input":{"@type":"PropertyValueSpecification","valueRequired":true,"valueName":"search_term_string"}}],"inLanguage":"pl-PL"}]}},"_links":{"self":[{"href":"https:\/\/www.spottergps.com\/pl\/wp-json\/wp\/v2\/pages\/747","targetHints":{"allow":["GET"]}}],"collection":[{"href":"https:\/\/www.spottergps.com\/pl\/wp-json\/wp\/v2\/pages"}],"about":[{"href":"https:\/\/www.spottergps.com\/pl\/wp-json\/wp\/v2\/types\/page"}],"author":[{"embeddable":true,"href":"https:\/\/www.spottergps.com\/pl\/wp-json\/wp\/v2\/users\/14"}],"replies":[{"embeddable":true,"href":"https:\/\/www.spottergps.com\/pl\/wp-json\/wp\/v2\/comments?post=747"}],"version-history":[{"count":1,"href":"https:\/\/www.spottergps.com\/pl\/wp-json\/wp\/v2\/pages\/747\/revisions"}],"predecessor-version":[{"id":748,"href":"https:\/\/www.spottergps.com\/pl\/wp-json\/wp\/v2\/pages\/747\/revisions\/748"}],"up":[{"embeddable":true,"href":"https:\/\/www.spottergps.com\/pl\/wp-json\/wp\/v2\/pages\/641"}],"wp:attachment":[{"href":"https:\/\/www.spottergps.com\/pl\/wp-json\/wp\/v2\/media?parent=747"}],"wp:term":[{"taxonomy":"category","embeddable":true,"href":"https:\/\/www.spottergps.com\/pl\/wp-json\/wp\/v2\/categories?post=747"},{"taxonomy":"post_tag","embeddable":true,"href":"https:\/\/www.spottergps.com\/pl\/wp-json\/wp\/v2\/tags?post=747"}],"curies":[{"name":"wp","href":"https:\/\/api.w.org\/{rel}","templated":true}]}}