{"id":744,"date":"2025-03-31T12:19:12","date_gmt":"2025-03-31T12:19:12","guid":{"rendered":"https:\/\/www.spottergps.com\/pl\/?page_id=744"},"modified":"2025-07-08T07:32:20","modified_gmt":"2025-07-08T07:32:20","slug":"co-to-jest-wizard","status":"publish","type":"page","link":"https:\/\/www.spottergps.com\/pl\/faq-2\/pobierz-i-zainstaluj\/co-to-jest-wizard\/","title":{"rendered":"Co to jest wizard?"},"content":{"rendered":"\n<article class=\"w-full text-token-text-primary\" dir=\"auto\" data-testid=\"conversation-turn-50\" data-scroll-anchor=\"true\">\n<div class=\"text-base my-auto mx-auto py-5 px-6\">\n<div class=\"mx-auto flex flex-1 text-base gap-4 md:gap-5 lg:gap-6 md:max-w-3xl lg:max-w-[40rem] xl:max-w-[48rem] group\/turn-messages focus-visible:outline-none\">\n<div class=\"group\/conversation-turn relative flex w-full min-w-0 flex-col agent-turn @xs\/thread:px-0 @sm\/thread:px-1.5 @md\/thread:px-4\">\n<div class=\"relative flex-col gap-1 md:gap-3\">\n<div class=\"flex max-w-full flex-col flex-grow\">\n<div class=\"min-h-8 text-message relative flex w-full flex-col items-end gap-2 whitespace-normal break-words text-start [.text-message+&amp;]:mt-5\" dir=\"auto\" data-message-author-role=\"assistant\" data-message-id=\"72e95579-bcac-4966-8f42-7e5923c00812\" data-message-model-slug=\"gpt-4o-mini\">\n<div class=\"flex w-full flex-col gap-1 empty:hidden first:pt-[3px]\">\n<div class=\"markdown prose w-full break-words dark:prose-invert dark\">\n<p class=\"\" data-start=\"0\" data-end=\"168\">Wizard to narz\u0119dzie, kt\u00f3re pomaga u\u017cytkownikowi w sprawdzeniu dzia\u0142ania Spottera. Wizard sprawdza podstawowe ustawienia oraz zasi\u0119g GPS i GPRS.<\/p>\n<p class=\"\" data-start=\"170\" data-end=\"209\"><strong data-start=\"170\" data-end=\"209\">Jak uruchomi\u0107 instalacj\u0119 wizardsk\u0105:<\/strong><\/p>\n<ul>\n<li data-start=\"214\" data-end=\"254\"><a href=\"https:\/\/my.spottergps.com\/\">Utw\u00f3rz konto<\/a>, je\u015bli jeszcze go nie masz.<\/li>\n<li data-start=\"258\" data-end=\"285\">Zaloguj si\u0119 na swoje konto.<\/li>\n<li data-start=\"289\" data-end=\"403\">Na ekranie pojawi si\u0119 pro\u015bba o wprowadzenie kodu Spottera. Je\u015bli masz ju\u017c konto, przejd\u017a do menu \u201eDodaj Spottera\u201d.<\/li>\n<li data-start=\"407\" data-end=\"483\">Wprowad\u017a 12-znakowy kod Spottera, kt\u00f3ry znajduje si\u0119 na karcie w opakowaniu.<\/li>\n<li data-start=\"487\" data-end=\"544\">Wybierz, do czego chcesz u\u017cywa\u0107 Spottera (wybierz ikon\u0119).<\/li>\n<li data-start=\"548\" data-end=\"584\">Wprowad\u017a nazw\u0119 Spottera (np. Alice).<\/li>\n<li data-start=\"588\" data-end=\"634\">Wybierz kolor, kt\u00f3ry b\u0119dzie widoczny na mapie.<\/li>\n<li data-start=\"638\" data-end=\"663\">Czy chcesz doda\u0107 zdj\u0119cie?<\/li>\n<li data-start=\"667\" data-end=\"735\">Na ko\u0144cu wybierz, ile miesi\u0119cy kredytu chcesz na\u0142adowa\u0107 na Spottera.<\/li>\n<\/ul>\n<p class=\"\" data-start=\"740\" data-end=\"812\">Spotter b\u0119dzie testowany, a na ekranie zobaczysz nast\u0119puj\u0105ce informacje:<\/p>\n<ul>\n<li data-start=\"819\" data-end=\"867\">Upewnij si\u0119, \u017ce Spotter jest w pe\u0142ni na\u0142adowany.<\/li>\n<li data-start=\"873\" data-end=\"922\">Wyjd\u017a na zewn\u0105trz, aby zapewni\u0107 optymalny zasi\u0119g.<\/li>\n<li data-start=\"928\" data-end=\"943\">W\u0142\u0105cz Spottera.<\/li>\n<li data-start=\"949\" data-end=\"991\">Poczekaj na pierwsz\u0105 lokalizacj\u0119 Spottera.<\/li>\n<li data-start=\"997\" data-end=\"1131\">Wszystkie funkcje b\u0119d\u0105 teraz sprawdzane. Je\u015bli test zako\u0144czy si\u0119 sukcesem, mo\u017cesz zamkn\u0105\u0107 wizard. Spotter jest teraz gotowy do u\u017cycia.<\/li>\n<\/ul>\n<\/div>\n<\/div>\n<\/div>\n<\/div>\n<div class=\"flex justify-start\">\n<div class=\"-me-1 -ms-2.5 flex select-none items-center p-1 touch:-me-2 touch:-ms-3.5 -mt-1 duration-[1.5s] focus-within:transition-none hover:transition-none pointer-events-none [mask-image:linear-gradient(to_right,black_33%,transparent_66%)] [mask-position:100%_0%] [mask-size:300%_100%] motion-safe:transition-[mask-position] group-hover\/turn-messages:pointer-events-auto group-hover\/turn-messages:[mask-position:0_0] group-focus-within\/turn-messages:pointer-events-auto group-focus-within\/turn-messages:[mask-position:0_0] has-[[data-state=open]]:pointer-events-auto has-[[data-state=open]]:[mask-position:0_0]\">\u00a0<\/div>\n<\/div>\n<div class=\"mt-3 w-full empty:hidden\">\n<div class=\"text-center\">\u00a0<\/div>\n<\/div>\n<\/div>\n<div class=\"absolute\">\n<div class=\"flex items-center justify-center\">\u00a0<\/div>\n<\/div>\n<\/div>\n<\/div>\n<\/div>\n<\/article>\n<div class=\"pointer-events-none h-px w-px\" aria-hidden=\"true\" data-edge=\"true\">\u00a0<\/div>\n","protected":false},"excerpt":{"rendered":"<p>Wizard to narz\u0119dzie, kt\u00f3re pomaga u\u017cytkownikowi w sprawdzeniu dzia\u0142ania Spottera. Wizard sprawdza podstawowe ustawienia oraz zasi\u0119g GPS i GPRS. Jak uruchomi\u0107 instalacj\u0119 wizardsk\u0105: Utw\u00f3rz konto, je\u015bli jeszcze go nie masz. Zaloguj si\u0119 na swoje konto. Na ekranie pojawi si\u0119 pro\u015bba o wprowadzenie kodu Spottera. Je\u015bli masz ju\u017c konto, przejd\u017a do menu \u201eDodaj Spottera\u201d. Wprowad\u017a 12-znakowy [&hellip;]<\/p>\n","protected":false},"author":14,"featured_media":0,"parent":641,"menu_order":0,"comment_status":"closed","ping_status":"closed","template":"faq-content.php","meta":{"_acf_changed":false,"footnotes":""},"categories":[5],"tags":[],"class_list":["post-744","page","type-page","status-publish","hentry","category-faq"],"acf":[],"yoast_head":"<!-- This site is optimized with the Yoast SEO plugin v25.9 - https:\/\/yoast.com\/wordpress\/plugins\/seo\/ -->\n<title>Co to jest wizard? - Spotter - Polen<\/title>\n<meta name=\"robots\" content=\"index, follow, max-snippet:-1, max-image-preview:large, max-video-preview:-1\" \/>\n<link rel=\"canonical\" href=\"https:\/\/www.spottergps.com\/pl\/faq-2\/pobierz-i-zainstaluj\/co-to-jest-wizard\/\" \/>\n<meta property=\"og:locale\" content=\"pl_PL\" \/>\n<meta property=\"og:type\" content=\"article\" \/>\n<meta property=\"og:title\" content=\"Co to jest wizard? - Spotter - Polen\" \/>\n<meta property=\"og:description\" content=\"Wizard to narz\u0119dzie, kt\u00f3re pomaga u\u017cytkownikowi w sprawdzeniu dzia\u0142ania Spottera. Wizard sprawdza podstawowe ustawienia oraz zasi\u0119g GPS i GPRS. Jak uruchomi\u0107 instalacj\u0119 wizardsk\u0105: Utw\u00f3rz konto, je\u015bli jeszcze go nie masz. Zaloguj si\u0119 na swoje konto. Na ekranie pojawi si\u0119 pro\u015bba o wprowadzenie kodu Spottera. Je\u015bli masz ju\u017c konto, przejd\u017a do menu \u201eDodaj Spottera\u201d. Wprowad\u017a 12-znakowy [&hellip;]\" \/>\n<meta property=\"og:url\" content=\"https:\/\/www.spottergps.com\/pl\/faq-2\/pobierz-i-zainstaluj\/co-to-jest-wizard\/\" \/>\n<meta property=\"og:site_name\" content=\"Spotter - Polen\" \/>\n<meta property=\"article:modified_time\" content=\"2025-07-08T07:32:20+00:00\" \/>\n<meta name=\"twitter:card\" content=\"summary_large_image\" \/>\n<meta name=\"twitter:label1\" content=\"Szacowany czas czytania\" \/>\n\t<meta name=\"twitter:data1\" content=\"1 minuta\" \/>\n<script type=\"application\/ld+json\" class=\"yoast-schema-graph\">{\"@context\":\"https:\/\/schema.org\",\"@graph\":[{\"@type\":\"WebPage\",\"@id\":\"https:\/\/www.spottergps.com\/pl\/faq-2\/pobierz-i-zainstaluj\/co-to-jest-wizard\/\",\"url\":\"https:\/\/www.spottergps.com\/pl\/faq-2\/pobierz-i-zainstaluj\/co-to-jest-wizard\/\",\"name\":\"Co to jest wizard? - Spotter - Polen\",\"isPartOf\":{\"@id\":\"https:\/\/www.spottergps.com\/pl\/#website\"},\"datePublished\":\"2025-03-31T12:19:12+00:00\",\"dateModified\":\"2025-07-08T07:32:20+00:00\",\"breadcrumb\":{\"@id\":\"https:\/\/www.spottergps.com\/pl\/faq-2\/pobierz-i-zainstaluj\/co-to-jest-wizard\/#breadcrumb\"},\"inLanguage\":\"pl-PL\",\"potentialAction\":[{\"@type\":\"ReadAction\",\"target\":[\"https:\/\/www.spottergps.com\/pl\/faq-2\/pobierz-i-zainstaluj\/co-to-jest-wizard\/\"]}]},{\"@type\":\"BreadcrumbList\",\"@id\":\"https:\/\/www.spottergps.com\/pl\/faq-2\/pobierz-i-zainstaluj\/co-to-jest-wizard\/#breadcrumb\",\"itemListElement\":[{\"@type\":\"ListItem\",\"position\":1,\"name\":\"Home\",\"item\":\"https:\/\/www.spottergps.com\/pl\/\"},{\"@type\":\"ListItem\",\"position\":2,\"name\":\"Jak mo\u017cemy ci pom\u00f3c?\",\"item\":\"https:\/\/www.spottergps.com\/pl\/faq-2\/\"},{\"@type\":\"ListItem\",\"position\":3,\"name\":\"Pobierz i zainstaluj\",\"item\":\"https:\/\/www.spottergps.com\/pl\/faq-2\/pobierz-i-zainstaluj\/\"},{\"@type\":\"ListItem\",\"position\":4,\"name\":\"Co to jest wizard?\"}]},{\"@type\":\"WebSite\",\"@id\":\"https:\/\/www.spottergps.com\/pl\/#website\",\"url\":\"https:\/\/www.spottergps.com\/pl\/\",\"name\":\"Spotter - Polen\",\"description\":\"GPS tracker dla wszystkiego, co kochasz\",\"potentialAction\":[{\"@type\":\"SearchAction\",\"target\":{\"@type\":\"EntryPoint\",\"urlTemplate\":\"https:\/\/www.spottergps.com\/pl\/?s={search_term_string}\"},\"query-input\":{\"@type\":\"PropertyValueSpecification\",\"valueRequired\":true,\"valueName\":\"search_term_string\"}}],\"inLanguage\":\"pl-PL\"}]}<\/script>\n<!-- \/ Yoast SEO plugin. -->","yoast_head_json":{"title":"Co to jest wizard? - Spotter - Polen","robots":{"index":"index","follow":"follow","max-snippet":"max-snippet:-1","max-image-preview":"max-image-preview:large","max-video-preview":"max-video-preview:-1"},"canonical":"https:\/\/www.spottergps.com\/pl\/faq-2\/pobierz-i-zainstaluj\/co-to-jest-wizard\/","og_locale":"pl_PL","og_type":"article","og_title":"Co to jest wizard? - Spotter - Polen","og_description":"Wizard to narz\u0119dzie, kt\u00f3re pomaga u\u017cytkownikowi w sprawdzeniu dzia\u0142ania Spottera. Wizard sprawdza podstawowe ustawienia oraz zasi\u0119g GPS i GPRS. Jak uruchomi\u0107 instalacj\u0119 wizardsk\u0105: Utw\u00f3rz konto, je\u015bli jeszcze go nie masz. Zaloguj si\u0119 na swoje konto. Na ekranie pojawi si\u0119 pro\u015bba o wprowadzenie kodu Spottera. Je\u015bli masz ju\u017c konto, przejd\u017a do menu \u201eDodaj Spottera\u201d. Wprowad\u017a 12-znakowy [&hellip;]","og_url":"https:\/\/www.spottergps.com\/pl\/faq-2\/pobierz-i-zainstaluj\/co-to-jest-wizard\/","og_site_name":"Spotter - Polen","article_modified_time":"2025-07-08T07:32:20+00:00","twitter_card":"summary_large_image","twitter_misc":{"Szacowany czas czytania":"1 minuta"},"schema":{"@context":"https:\/\/schema.org","@graph":[{"@type":"WebPage","@id":"https:\/\/www.spottergps.com\/pl\/faq-2\/pobierz-i-zainstaluj\/co-to-jest-wizard\/","url":"https:\/\/www.spottergps.com\/pl\/faq-2\/pobierz-i-zainstaluj\/co-to-jest-wizard\/","name":"Co to jest wizard? - Spotter - Polen","isPartOf":{"@id":"https:\/\/www.spottergps.com\/pl\/#website"},"datePublished":"2025-03-31T12:19:12+00:00","dateModified":"2025-07-08T07:32:20+00:00","breadcrumb":{"@id":"https:\/\/www.spottergps.com\/pl\/faq-2\/pobierz-i-zainstaluj\/co-to-jest-wizard\/#breadcrumb"},"inLanguage":"pl-PL","potentialAction":[{"@type":"ReadAction","target":["https:\/\/www.spottergps.com\/pl\/faq-2\/pobierz-i-zainstaluj\/co-to-jest-wizard\/"]}]},{"@type":"BreadcrumbList","@id":"https:\/\/www.spottergps.com\/pl\/faq-2\/pobierz-i-zainstaluj\/co-to-jest-wizard\/#breadcrumb","itemListElement":[{"@type":"ListItem","position":1,"name":"Home","item":"https:\/\/www.spottergps.com\/pl\/"},{"@type":"ListItem","position":2,"name":"Jak mo\u017cemy ci pom\u00f3c?","item":"https:\/\/www.spottergps.com\/pl\/faq-2\/"},{"@type":"ListItem","position":3,"name":"Pobierz i zainstaluj","item":"https:\/\/www.spottergps.com\/pl\/faq-2\/pobierz-i-zainstaluj\/"},{"@type":"ListItem","position":4,"name":"Co to jest wizard?"}]},{"@type":"WebSite","@id":"https:\/\/www.spottergps.com\/pl\/#website","url":"https:\/\/www.spottergps.com\/pl\/","name":"Spotter - Polen","description":"GPS tracker dla wszystkiego, co kochasz","potentialAction":[{"@type":"SearchAction","target":{"@type":"EntryPoint","urlTemplate":"https:\/\/www.spottergps.com\/pl\/?s={search_term_string}"},"query-input":{"@type":"PropertyValueSpecification","valueRequired":true,"valueName":"search_term_string"}}],"inLanguage":"pl-PL"}]}},"_links":{"self":[{"href":"https:\/\/www.spottergps.com\/pl\/wp-json\/wp\/v2\/pages\/744","targetHints":{"allow":["GET"]}}],"collection":[{"href":"https:\/\/www.spottergps.com\/pl\/wp-json\/wp\/v2\/pages"}],"about":[{"href":"https:\/\/www.spottergps.com\/pl\/wp-json\/wp\/v2\/types\/page"}],"author":[{"embeddable":true,"href":"https:\/\/www.spottergps.com\/pl\/wp-json\/wp\/v2\/users\/14"}],"replies":[{"embeddable":true,"href":"https:\/\/www.spottergps.com\/pl\/wp-json\/wp\/v2\/comments?post=744"}],"version-history":[{"count":2,"href":"https:\/\/www.spottergps.com\/pl\/wp-json\/wp\/v2\/pages\/744\/revisions"}],"predecessor-version":[{"id":20859,"href":"https:\/\/www.spottergps.com\/pl\/wp-json\/wp\/v2\/pages\/744\/revisions\/20859"}],"up":[{"embeddable":true,"href":"https:\/\/www.spottergps.com\/pl\/wp-json\/wp\/v2\/pages\/641"}],"wp:attachment":[{"href":"https:\/\/www.spottergps.com\/pl\/wp-json\/wp\/v2\/media?parent=744"}],"wp:term":[{"taxonomy":"category","embeddable":true,"href":"https:\/\/www.spottergps.com\/pl\/wp-json\/wp\/v2\/categories?post=744"},{"taxonomy":"post_tag","embeddable":true,"href":"https:\/\/www.spottergps.com\/pl\/wp-json\/wp\/v2\/tags?post=744"}],"curies":[{"name":"wp","href":"https:\/\/api.w.org\/{rel}","templated":true}]}}