{"id":735,"date":"2025-03-31T12:08:14","date_gmt":"2025-03-31T12:08:14","guid":{"rendered":"https:\/\/www.spottergps.com\/pl\/?page_id=735"},"modified":"2025-07-08T07:32:38","modified_gmt":"2025-07-08T07:32:38","slug":"instalacja-spotter-gps-watch-air","status":"publish","type":"page","link":"https:\/\/www.spottergps.com\/pl\/faq-2\/pobierz-i-zainstaluj\/instalacja-spotter-gps-watch-air\/","title":{"rendered":"Instalacja Spotter GPS Watch (Air)"},"content":{"rendered":"\n<p class=\"\" data-start=\"0\" data-end=\"137\">Witamy w Spotter! Instalacja Spotter GPS Watch (Air) jest bardzo prosta. Wykonaj poni\u017csze kroki:<\/p>\n<ul data-start=\"139\" data-end=\"1335\">\n<li class=\"\" data-start=\"139\" data-end=\"221\">\n<p class=\"\" data-start=\"142\" data-end=\"221\">Najpierw na\u0142aduj bateri\u0119 przez 2-3 godziny. U\u017cyj do tego do\u0142\u0105czonego kabla USB.<\/p>\n<\/li>\n<li class=\"\" data-start=\"223\" data-end=\"606\">\n<p class=\"\" data-start=\"226\" data-end=\"606\">Naci\u015bnij przycisk SOS po prawej stronie Spotter GPS Watch (Air) na 5 sekund, aby w\u0142\u0105czy\u0107 zegarek. Na ekranie pojawi si\u0119 logo Spotter i us\u0142yszysz d\u017awi\u0119k. Spotter GPS Watch (Air) dzia\u0142a za pomoc\u0105 GPS i GPRS, dlatego wa\u017cne jest, aby zapewni\u0107 odpowiedni zasi\u0119g. Zalecamy aktywowanie Spottera w pobli\u017cu okna lub na zewn\u0105trz, aby uzyska\u0107 optymalny zasi\u0119g i umo\u017cliwi\u0107 pomiar lokalizacji.<\/p>\n<\/li>\n<li class=\"\" data-start=\"608\" data-end=\"761\">\n<p class=\"\" data-start=\"611\" data-end=\"761\">Po\u0142\u0105cz Spottera z Twoim kontem online, aby mie\u0107 dost\u0119p do wszystkich danych i zarz\u0105dza\u0107 nimi. <a href=\"https:\/\/my.spottergps.com\/SpotterApp\/index.html#login\">Kliknij tutaj<\/a>, aby zalogowa\u0107 si\u0119 lub za\u0142o\u017cy\u0107 <a href=\"https:\/\/my.spottergps.com\/\">nowe konto<\/a>.<\/p>\n<\/li>\n<li class=\"\" data-start=\"763\" data-end=\"1104\">\n<p class=\"\" data-start=\"766\" data-end=\"1104\">Zaloguj si\u0119 na swoje konto online, a na ekranie pojawi si\u0119 pro\u015bba o wprowadzenie kodu Spottera. Wprowad\u017a kod Spottera, kt\u00f3ry znajduje si\u0119 na karcie w opakowaniu. Przejd\u017a przez kreatora instalacji i wybierz, na ile miesi\u0119cy chcesz do\u0142adowa\u0107 Spottera. Je\u015bli kreator instalacji zako\u0144czy si\u0119 pomy\u015blnie, Spotter GPS Watch (Air) b\u0119dzie aktywny!<\/p>\n<\/li>\n<li class=\"\" data-start=\"1106\" data-end=\"1335\">\n<p class=\"\" data-start=\"1109\" data-end=\"1335\">Nawet w trakcie podr\u00f3\u017cy mo\u017cesz sprawdza\u0107 dane za pomoc\u0105 aplikacji Spotter na smartfony i tablety. Aplikacja Spotter jest dost\u0119pna dla system\u00f3w iOS i Android, kt\u00f3re mo\u017cesz pobra\u0107 w <span style=\"text-decoration: underline\">App Store<\/span> (iOS) i <span style=\"text-decoration: underline\">Google Play Store<\/span> (Android).<\/p>\n<\/li>\n<\/ul>\n","protected":false},"excerpt":{"rendered":"<p>Witamy w Spotter! Instalacja Spotter GPS Watch (Air) jest bardzo prosta. Wykonaj poni\u017csze kroki: Najpierw na\u0142aduj bateri\u0119 przez 2-3 godziny. U\u017cyj do tego do\u0142\u0105czonego kabla USB. Naci\u015bnij przycisk SOS po prawej stronie Spotter GPS Watch (Air) na 5 sekund, aby w\u0142\u0105czy\u0107 zegarek. Na ekranie pojawi si\u0119 logo Spotter i us\u0142yszysz d\u017awi\u0119k. Spotter GPS Watch (Air) [&hellip;]<\/p>\n","protected":false},"author":14,"featured_media":0,"parent":641,"menu_order":0,"comment_status":"closed","ping_status":"closed","template":"faq-content.php","meta":{"_acf_changed":false,"footnotes":""},"categories":[5],"tags":[],"class_list":["post-735","page","type-page","status-publish","hentry","category-faq"],"acf":[],"yoast_head":"<!-- This site is optimized with the Yoast SEO plugin v25.9 - https:\/\/yoast.com\/wordpress\/plugins\/seo\/ -->\n<title>Instalacja Spotter GPS Watch (Air) - Spotter - Polen<\/title>\n<meta name=\"robots\" content=\"index, follow, max-snippet:-1, max-image-preview:large, max-video-preview:-1\" \/>\n<link rel=\"canonical\" href=\"https:\/\/www.spottergps.com\/pl\/faq-2\/pobierz-i-zainstaluj\/instalacja-spotter-gps-watch-air\/\" \/>\n<meta property=\"og:locale\" content=\"pl_PL\" \/>\n<meta property=\"og:type\" content=\"article\" \/>\n<meta property=\"og:title\" content=\"Instalacja Spotter GPS Watch (Air) - Spotter - Polen\" \/>\n<meta property=\"og:description\" content=\"Witamy w Spotter! Instalacja Spotter GPS Watch (Air) jest bardzo prosta. Wykonaj poni\u017csze kroki: Najpierw na\u0142aduj bateri\u0119 przez 2-3 godziny. U\u017cyj do tego do\u0142\u0105czonego kabla USB. Naci\u015bnij przycisk SOS po prawej stronie Spotter GPS Watch (Air) na 5 sekund, aby w\u0142\u0105czy\u0107 zegarek. Na ekranie pojawi si\u0119 logo Spotter i us\u0142yszysz d\u017awi\u0119k. Spotter GPS Watch (Air) [&hellip;]\" \/>\n<meta property=\"og:url\" content=\"https:\/\/www.spottergps.com\/pl\/faq-2\/pobierz-i-zainstaluj\/instalacja-spotter-gps-watch-air\/\" \/>\n<meta property=\"og:site_name\" content=\"Spotter - Polen\" \/>\n<meta property=\"article:modified_time\" content=\"2025-07-08T07:32:38+00:00\" \/>\n<meta name=\"twitter:card\" content=\"summary_large_image\" \/>\n<meta name=\"twitter:label1\" content=\"Szacowany czas czytania\" \/>\n\t<meta name=\"twitter:data1\" content=\"2 minuty\" \/>\n<script type=\"application\/ld+json\" class=\"yoast-schema-graph\">{\"@context\":\"https:\/\/schema.org\",\"@graph\":[{\"@type\":\"WebPage\",\"@id\":\"https:\/\/www.spottergps.com\/pl\/faq-2\/pobierz-i-zainstaluj\/instalacja-spotter-gps-watch-air\/\",\"url\":\"https:\/\/www.spottergps.com\/pl\/faq-2\/pobierz-i-zainstaluj\/instalacja-spotter-gps-watch-air\/\",\"name\":\"Instalacja Spotter GPS Watch (Air) - Spotter - Polen\",\"isPartOf\":{\"@id\":\"https:\/\/www.spottergps.com\/pl\/#website\"},\"datePublished\":\"2025-03-31T12:08:14+00:00\",\"dateModified\":\"2025-07-08T07:32:38+00:00\",\"breadcrumb\":{\"@id\":\"https:\/\/www.spottergps.com\/pl\/faq-2\/pobierz-i-zainstaluj\/instalacja-spotter-gps-watch-air\/#breadcrumb\"},\"inLanguage\":\"pl-PL\",\"potentialAction\":[{\"@type\":\"ReadAction\",\"target\":[\"https:\/\/www.spottergps.com\/pl\/faq-2\/pobierz-i-zainstaluj\/instalacja-spotter-gps-watch-air\/\"]}]},{\"@type\":\"BreadcrumbList\",\"@id\":\"https:\/\/www.spottergps.com\/pl\/faq-2\/pobierz-i-zainstaluj\/instalacja-spotter-gps-watch-air\/#breadcrumb\",\"itemListElement\":[{\"@type\":\"ListItem\",\"position\":1,\"name\":\"Home\",\"item\":\"https:\/\/www.spottergps.com\/pl\/\"},{\"@type\":\"ListItem\",\"position\":2,\"name\":\"Jak mo\u017cemy ci pom\u00f3c?\",\"item\":\"https:\/\/www.spottergps.com\/pl\/faq-2\/\"},{\"@type\":\"ListItem\",\"position\":3,\"name\":\"Pobierz i zainstaluj\",\"item\":\"https:\/\/www.spottergps.com\/pl\/faq-2\/pobierz-i-zainstaluj\/\"},{\"@type\":\"ListItem\",\"position\":4,\"name\":\"Instalacja Spotter GPS Watch (Air)\"}]},{\"@type\":\"WebSite\",\"@id\":\"https:\/\/www.spottergps.com\/pl\/#website\",\"url\":\"https:\/\/www.spottergps.com\/pl\/\",\"name\":\"Spotter - Polen\",\"description\":\"GPS tracker dla wszystkiego, co kochasz\",\"potentialAction\":[{\"@type\":\"SearchAction\",\"target\":{\"@type\":\"EntryPoint\",\"urlTemplate\":\"https:\/\/www.spottergps.com\/pl\/?s={search_term_string}\"},\"query-input\":{\"@type\":\"PropertyValueSpecification\",\"valueRequired\":true,\"valueName\":\"search_term_string\"}}],\"inLanguage\":\"pl-PL\"}]}<\/script>\n<!-- \/ Yoast SEO plugin. -->","yoast_head_json":{"title":"Instalacja Spotter GPS Watch (Air) - Spotter - Polen","robots":{"index":"index","follow":"follow","max-snippet":"max-snippet:-1","max-image-preview":"max-image-preview:large","max-video-preview":"max-video-preview:-1"},"canonical":"https:\/\/www.spottergps.com\/pl\/faq-2\/pobierz-i-zainstaluj\/instalacja-spotter-gps-watch-air\/","og_locale":"pl_PL","og_type":"article","og_title":"Instalacja Spotter GPS Watch (Air) - Spotter - Polen","og_description":"Witamy w Spotter! Instalacja Spotter GPS Watch (Air) jest bardzo prosta. Wykonaj poni\u017csze kroki: Najpierw na\u0142aduj bateri\u0119 przez 2-3 godziny. U\u017cyj do tego do\u0142\u0105czonego kabla USB. Naci\u015bnij przycisk SOS po prawej stronie Spotter GPS Watch (Air) na 5 sekund, aby w\u0142\u0105czy\u0107 zegarek. Na ekranie pojawi si\u0119 logo Spotter i us\u0142yszysz d\u017awi\u0119k. Spotter GPS Watch (Air) [&hellip;]","og_url":"https:\/\/www.spottergps.com\/pl\/faq-2\/pobierz-i-zainstaluj\/instalacja-spotter-gps-watch-air\/","og_site_name":"Spotter - Polen","article_modified_time":"2025-07-08T07:32:38+00:00","twitter_card":"summary_large_image","twitter_misc":{"Szacowany czas czytania":"2 minuty"},"schema":{"@context":"https:\/\/schema.org","@graph":[{"@type":"WebPage","@id":"https:\/\/www.spottergps.com\/pl\/faq-2\/pobierz-i-zainstaluj\/instalacja-spotter-gps-watch-air\/","url":"https:\/\/www.spottergps.com\/pl\/faq-2\/pobierz-i-zainstaluj\/instalacja-spotter-gps-watch-air\/","name":"Instalacja Spotter GPS Watch (Air) - Spotter - Polen","isPartOf":{"@id":"https:\/\/www.spottergps.com\/pl\/#website"},"datePublished":"2025-03-31T12:08:14+00:00","dateModified":"2025-07-08T07:32:38+00:00","breadcrumb":{"@id":"https:\/\/www.spottergps.com\/pl\/faq-2\/pobierz-i-zainstaluj\/instalacja-spotter-gps-watch-air\/#breadcrumb"},"inLanguage":"pl-PL","potentialAction":[{"@type":"ReadAction","target":["https:\/\/www.spottergps.com\/pl\/faq-2\/pobierz-i-zainstaluj\/instalacja-spotter-gps-watch-air\/"]}]},{"@type":"BreadcrumbList","@id":"https:\/\/www.spottergps.com\/pl\/faq-2\/pobierz-i-zainstaluj\/instalacja-spotter-gps-watch-air\/#breadcrumb","itemListElement":[{"@type":"ListItem","position":1,"name":"Home","item":"https:\/\/www.spottergps.com\/pl\/"},{"@type":"ListItem","position":2,"name":"Jak mo\u017cemy ci pom\u00f3c?","item":"https:\/\/www.spottergps.com\/pl\/faq-2\/"},{"@type":"ListItem","position":3,"name":"Pobierz i zainstaluj","item":"https:\/\/www.spottergps.com\/pl\/faq-2\/pobierz-i-zainstaluj\/"},{"@type":"ListItem","position":4,"name":"Instalacja Spotter GPS Watch (Air)"}]},{"@type":"WebSite","@id":"https:\/\/www.spottergps.com\/pl\/#website","url":"https:\/\/www.spottergps.com\/pl\/","name":"Spotter - Polen","description":"GPS tracker dla wszystkiego, co kochasz","potentialAction":[{"@type":"SearchAction","target":{"@type":"EntryPoint","urlTemplate":"https:\/\/www.spottergps.com\/pl\/?s={search_term_string}"},"query-input":{"@type":"PropertyValueSpecification","valueRequired":true,"valueName":"search_term_string"}}],"inLanguage":"pl-PL"}]}},"_links":{"self":[{"href":"https:\/\/www.spottergps.com\/pl\/wp-json\/wp\/v2\/pages\/735","targetHints":{"allow":["GET"]}}],"collection":[{"href":"https:\/\/www.spottergps.com\/pl\/wp-json\/wp\/v2\/pages"}],"about":[{"href":"https:\/\/www.spottergps.com\/pl\/wp-json\/wp\/v2\/types\/page"}],"author":[{"embeddable":true,"href":"https:\/\/www.spottergps.com\/pl\/wp-json\/wp\/v2\/users\/14"}],"replies":[{"embeddable":true,"href":"https:\/\/www.spottergps.com\/pl\/wp-json\/wp\/v2\/comments?post=735"}],"version-history":[{"count":2,"href":"https:\/\/www.spottergps.com\/pl\/wp-json\/wp\/v2\/pages\/735\/revisions"}],"predecessor-version":[{"id":20860,"href":"https:\/\/www.spottergps.com\/pl\/wp-json\/wp\/v2\/pages\/735\/revisions\/20860"}],"up":[{"embeddable":true,"href":"https:\/\/www.spottergps.com\/pl\/wp-json\/wp\/v2\/pages\/641"}],"wp:attachment":[{"href":"https:\/\/www.spottergps.com\/pl\/wp-json\/wp\/v2\/media?parent=735"}],"wp:term":[{"taxonomy":"category","embeddable":true,"href":"https:\/\/www.spottergps.com\/pl\/wp-json\/wp\/v2\/categories?post=735"},{"taxonomy":"post_tag","embeddable":true,"href":"https:\/\/www.spottergps.com\/pl\/wp-json\/wp\/v2\/tags?post=735"}],"curies":[{"name":"wp","href":"https:\/\/api.w.org\/{rel}","templated":true}]}}