{"id":729,"date":"2025-03-31T11:59:21","date_gmt":"2025-03-31T11:59:21","guid":{"rendered":"https:\/\/www.spottergps.com\/pl\/?page_id=729"},"modified":"2025-03-31T11:59:22","modified_gmt":"2025-03-31T11:59:22","slug":"przekazanie-spottera-nowemu-uzytkownikowi","status":"publish","type":"page","link":"https:\/\/www.spottergps.com\/pl\/faq-2\/konto-i-profil\/przekazanie-spottera-nowemu-uzytkownikowi\/","title":{"rendered":"Przekazanie Spottera nowemu u\u017cytkownikowi"},"content":{"rendered":"\n<p class=\"\" data-start=\"0\" data-end=\"182\">Masz Spottera, kt\u00f3rego chcesz przekaza\u0107 innej osobie? W takim razie nale\u017cy wykona\u0107 kilka czynno\u015bci. Przeprowadzimy Ci\u0119 przez te kroki.<\/p>\n<ol data-start=\"184\" data-end=\"667\">\n<li class=\"\" data-start=\"184\" data-end=\"223\">\n<p class=\"\" data-start=\"187\" data-end=\"223\">Zaloguj si\u0119 na swoje konto online.<\/p>\n<\/li>\n<li class=\"\" data-start=\"224\" data-end=\"334\">\n<p class=\"\" data-start=\"227\" data-end=\"334\">Przejd\u017a do lupy\/ikony w dolnej cz\u0119\u015bci niebieskiego paska (mo\u017cliwe r\u00f3wnie\u017c, je\u015bli Spotter jest wy\u0142\u0105czony).<\/p>\n<\/li>\n<li class=\"\" data-start=\"335\" data-end=\"405\">\n<p class=\"\" data-start=\"338\" data-end=\"405\">Wybierz Spottera, kt\u00f3rego chcesz usun\u0105\u0107, i przejd\u017a do \u201eustawie\u0144\u201d.<\/p>\n<\/li>\n<li class=\"\" data-start=\"406\" data-end=\"484\">\n<p class=\"\" data-start=\"409\" data-end=\"484\">Mo\u017cesz teraz usun\u0105\u0107 zdj\u0119cie i zmieni\u0107 nazw\u0119, na przyk\u0142ad na kod Spottera.<\/p>\n<\/li>\n<li class=\"\" data-start=\"485\" data-end=\"537\">\n<p class=\"\" data-start=\"488\" data-end=\"537\">Kliknij zielony haczyk, aby potwierdzi\u0107 zmiany.<\/p>\n<\/li>\n<li class=\"\" data-start=\"538\" data-end=\"607\">\n<p class=\"\" data-start=\"541\" data-end=\"607\">Ponownie wybierz \u201eustawienia\u201d, jak pokazano na pocz\u0105tku kroku 3.<\/p>\n<\/li>\n<li class=\"\" data-start=\"608\" data-end=\"667\">\n<p class=\"\" data-start=\"611\" data-end=\"667\">Kliknij \u201eusu\u0144 system\u201d i zaakceptuj usuni\u0119cie Spottera.<\/p>\n<\/li>\n<\/ol>\n<p class=\"\" data-start=\"669\" data-end=\"745\">Spotter zosta\u0142 usuni\u0119ty i mo\u017ce teraz zosta\u0107 przekazany nowemu u\u017cytkownikowi.<\/p>\n","protected":false},"excerpt":{"rendered":"<p>Masz Spottera, kt\u00f3rego chcesz przekaza\u0107 innej osobie? W takim razie nale\u017cy wykona\u0107 kilka czynno\u015bci. Przeprowadzimy Ci\u0119 przez te kroki. Zaloguj si\u0119 na swoje konto online. Przejd\u017a do lupy\/ikony w dolnej cz\u0119\u015bci niebieskiego paska (mo\u017cliwe r\u00f3wnie\u017c, je\u015bli Spotter jest wy\u0142\u0105czony). Wybierz Spottera, kt\u00f3rego chcesz usun\u0105\u0107, i przejd\u017a do \u201eustawie\u0144\u201d. Mo\u017cesz teraz usun\u0105\u0107 zdj\u0119cie i zmieni\u0107 nazw\u0119, [&hellip;]<\/p>\n","protected":false},"author":14,"featured_media":0,"parent":638,"menu_order":0,"comment_status":"closed","ping_status":"closed","template":"faq-content.php","meta":{"_acf_changed":false,"footnotes":""},"categories":[5],"tags":[],"class_list":["post-729","page","type-page","status-publish","hentry","category-faq"],"acf":[],"yoast_head":"<!-- This site is optimized with the Yoast SEO plugin v25.9 - https:\/\/yoast.com\/wordpress\/plugins\/seo\/ -->\n<title>Przekazanie Spottera nowemu u\u017cytkownikowi - Spotter - Polen<\/title>\n<meta name=\"robots\" content=\"index, follow, max-snippet:-1, max-image-preview:large, max-video-preview:-1\" \/>\n<link rel=\"canonical\" href=\"https:\/\/www.spottergps.com\/pl\/faq-2\/konto-i-profil\/przekazanie-spottera-nowemu-uzytkownikowi\/\" \/>\n<meta property=\"og:locale\" content=\"pl_PL\" \/>\n<meta property=\"og:type\" content=\"article\" \/>\n<meta property=\"og:title\" content=\"Przekazanie Spottera nowemu u\u017cytkownikowi - Spotter - Polen\" \/>\n<meta property=\"og:description\" content=\"Masz Spottera, kt\u00f3rego chcesz przekaza\u0107 innej osobie? W takim razie nale\u017cy wykona\u0107 kilka czynno\u015bci. Przeprowadzimy Ci\u0119 przez te kroki. Zaloguj si\u0119 na swoje konto online. Przejd\u017a do lupy\/ikony w dolnej cz\u0119\u015bci niebieskiego paska (mo\u017cliwe r\u00f3wnie\u017c, je\u015bli Spotter jest wy\u0142\u0105czony). Wybierz Spottera, kt\u00f3rego chcesz usun\u0105\u0107, i przejd\u017a do \u201eustawie\u0144\u201d. Mo\u017cesz teraz usun\u0105\u0107 zdj\u0119cie i zmieni\u0107 nazw\u0119, [&hellip;]\" \/>\n<meta property=\"og:url\" content=\"https:\/\/www.spottergps.com\/pl\/faq-2\/konto-i-profil\/przekazanie-spottera-nowemu-uzytkownikowi\/\" \/>\n<meta property=\"og:site_name\" content=\"Spotter - Polen\" \/>\n<meta property=\"article:modified_time\" content=\"2025-03-31T11:59:22+00:00\" \/>\n<meta name=\"twitter:card\" content=\"summary_large_image\" \/>\n<meta name=\"twitter:label1\" content=\"Szacowany czas czytania\" \/>\n\t<meta name=\"twitter:data1\" content=\"1 minuta\" \/>\n<script type=\"application\/ld+json\" class=\"yoast-schema-graph\">{\"@context\":\"https:\/\/schema.org\",\"@graph\":[{\"@type\":\"WebPage\",\"@id\":\"https:\/\/www.spottergps.com\/pl\/faq-2\/konto-i-profil\/przekazanie-spottera-nowemu-uzytkownikowi\/\",\"url\":\"https:\/\/www.spottergps.com\/pl\/faq-2\/konto-i-profil\/przekazanie-spottera-nowemu-uzytkownikowi\/\",\"name\":\"Przekazanie Spottera nowemu u\u017cytkownikowi - Spotter - Polen\",\"isPartOf\":{\"@id\":\"https:\/\/www.spottergps.com\/pl\/#website\"},\"datePublished\":\"2025-03-31T11:59:21+00:00\",\"dateModified\":\"2025-03-31T11:59:22+00:00\",\"breadcrumb\":{\"@id\":\"https:\/\/www.spottergps.com\/pl\/faq-2\/konto-i-profil\/przekazanie-spottera-nowemu-uzytkownikowi\/#breadcrumb\"},\"inLanguage\":\"pl-PL\",\"potentialAction\":[{\"@type\":\"ReadAction\",\"target\":[\"https:\/\/www.spottergps.com\/pl\/faq-2\/konto-i-profil\/przekazanie-spottera-nowemu-uzytkownikowi\/\"]}]},{\"@type\":\"BreadcrumbList\",\"@id\":\"https:\/\/www.spottergps.com\/pl\/faq-2\/konto-i-profil\/przekazanie-spottera-nowemu-uzytkownikowi\/#breadcrumb\",\"itemListElement\":[{\"@type\":\"ListItem\",\"position\":1,\"name\":\"Home\",\"item\":\"https:\/\/www.spottergps.com\/pl\/\"},{\"@type\":\"ListItem\",\"position\":2,\"name\":\"Jak mo\u017cemy ci pom\u00f3c?\",\"item\":\"https:\/\/www.spottergps.com\/pl\/faq-2\/\"},{\"@type\":\"ListItem\",\"position\":3,\"name\":\"Konto i profil\",\"item\":\"https:\/\/www.spottergps.com\/pl\/faq-2\/konto-i-profil\/\"},{\"@type\":\"ListItem\",\"position\":4,\"name\":\"Przekazanie Spottera nowemu u\u017cytkownikowi\"}]},{\"@type\":\"WebSite\",\"@id\":\"https:\/\/www.spottergps.com\/pl\/#website\",\"url\":\"https:\/\/www.spottergps.com\/pl\/\",\"name\":\"Spotter - Polen\",\"description\":\"GPS tracker dla wszystkiego, co kochasz\",\"potentialAction\":[{\"@type\":\"SearchAction\",\"target\":{\"@type\":\"EntryPoint\",\"urlTemplate\":\"https:\/\/www.spottergps.com\/pl\/?s={search_term_string}\"},\"query-input\":{\"@type\":\"PropertyValueSpecification\",\"valueRequired\":true,\"valueName\":\"search_term_string\"}}],\"inLanguage\":\"pl-PL\"}]}<\/script>\n<!-- \/ Yoast SEO plugin. -->","yoast_head_json":{"title":"Przekazanie Spottera nowemu u\u017cytkownikowi - Spotter - Polen","robots":{"index":"index","follow":"follow","max-snippet":"max-snippet:-1","max-image-preview":"max-image-preview:large","max-video-preview":"max-video-preview:-1"},"canonical":"https:\/\/www.spottergps.com\/pl\/faq-2\/konto-i-profil\/przekazanie-spottera-nowemu-uzytkownikowi\/","og_locale":"pl_PL","og_type":"article","og_title":"Przekazanie Spottera nowemu u\u017cytkownikowi - Spotter - Polen","og_description":"Masz Spottera, kt\u00f3rego chcesz przekaza\u0107 innej osobie? W takim razie nale\u017cy wykona\u0107 kilka czynno\u015bci. Przeprowadzimy Ci\u0119 przez te kroki. Zaloguj si\u0119 na swoje konto online. Przejd\u017a do lupy\/ikony w dolnej cz\u0119\u015bci niebieskiego paska (mo\u017cliwe r\u00f3wnie\u017c, je\u015bli Spotter jest wy\u0142\u0105czony). Wybierz Spottera, kt\u00f3rego chcesz usun\u0105\u0107, i przejd\u017a do \u201eustawie\u0144\u201d. Mo\u017cesz teraz usun\u0105\u0107 zdj\u0119cie i zmieni\u0107 nazw\u0119, [&hellip;]","og_url":"https:\/\/www.spottergps.com\/pl\/faq-2\/konto-i-profil\/przekazanie-spottera-nowemu-uzytkownikowi\/","og_site_name":"Spotter - Polen","article_modified_time":"2025-03-31T11:59:22+00:00","twitter_card":"summary_large_image","twitter_misc":{"Szacowany czas czytania":"1 minuta"},"schema":{"@context":"https:\/\/schema.org","@graph":[{"@type":"WebPage","@id":"https:\/\/www.spottergps.com\/pl\/faq-2\/konto-i-profil\/przekazanie-spottera-nowemu-uzytkownikowi\/","url":"https:\/\/www.spottergps.com\/pl\/faq-2\/konto-i-profil\/przekazanie-spottera-nowemu-uzytkownikowi\/","name":"Przekazanie Spottera nowemu u\u017cytkownikowi - Spotter - Polen","isPartOf":{"@id":"https:\/\/www.spottergps.com\/pl\/#website"},"datePublished":"2025-03-31T11:59:21+00:00","dateModified":"2025-03-31T11:59:22+00:00","breadcrumb":{"@id":"https:\/\/www.spottergps.com\/pl\/faq-2\/konto-i-profil\/przekazanie-spottera-nowemu-uzytkownikowi\/#breadcrumb"},"inLanguage":"pl-PL","potentialAction":[{"@type":"ReadAction","target":["https:\/\/www.spottergps.com\/pl\/faq-2\/konto-i-profil\/przekazanie-spottera-nowemu-uzytkownikowi\/"]}]},{"@type":"BreadcrumbList","@id":"https:\/\/www.spottergps.com\/pl\/faq-2\/konto-i-profil\/przekazanie-spottera-nowemu-uzytkownikowi\/#breadcrumb","itemListElement":[{"@type":"ListItem","position":1,"name":"Home","item":"https:\/\/www.spottergps.com\/pl\/"},{"@type":"ListItem","position":2,"name":"Jak mo\u017cemy ci pom\u00f3c?","item":"https:\/\/www.spottergps.com\/pl\/faq-2\/"},{"@type":"ListItem","position":3,"name":"Konto i profil","item":"https:\/\/www.spottergps.com\/pl\/faq-2\/konto-i-profil\/"},{"@type":"ListItem","position":4,"name":"Przekazanie Spottera nowemu u\u017cytkownikowi"}]},{"@type":"WebSite","@id":"https:\/\/www.spottergps.com\/pl\/#website","url":"https:\/\/www.spottergps.com\/pl\/","name":"Spotter - Polen","description":"GPS tracker dla wszystkiego, co kochasz","potentialAction":[{"@type":"SearchAction","target":{"@type":"EntryPoint","urlTemplate":"https:\/\/www.spottergps.com\/pl\/?s={search_term_string}"},"query-input":{"@type":"PropertyValueSpecification","valueRequired":true,"valueName":"search_term_string"}}],"inLanguage":"pl-PL"}]}},"_links":{"self":[{"href":"https:\/\/www.spottergps.com\/pl\/wp-json\/wp\/v2\/pages\/729","targetHints":{"allow":["GET"]}}],"collection":[{"href":"https:\/\/www.spottergps.com\/pl\/wp-json\/wp\/v2\/pages"}],"about":[{"href":"https:\/\/www.spottergps.com\/pl\/wp-json\/wp\/v2\/types\/page"}],"author":[{"embeddable":true,"href":"https:\/\/www.spottergps.com\/pl\/wp-json\/wp\/v2\/users\/14"}],"replies":[{"embeddable":true,"href":"https:\/\/www.spottergps.com\/pl\/wp-json\/wp\/v2\/comments?post=729"}],"version-history":[{"count":1,"href":"https:\/\/www.spottergps.com\/pl\/wp-json\/wp\/v2\/pages\/729\/revisions"}],"predecessor-version":[{"id":730,"href":"https:\/\/www.spottergps.com\/pl\/wp-json\/wp\/v2\/pages\/729\/revisions\/730"}],"up":[{"embeddable":true,"href":"https:\/\/www.spottergps.com\/pl\/wp-json\/wp\/v2\/pages\/638"}],"wp:attachment":[{"href":"https:\/\/www.spottergps.com\/pl\/wp-json\/wp\/v2\/media?parent=729"}],"wp:term":[{"taxonomy":"category","embeddable":true,"href":"https:\/\/www.spottergps.com\/pl\/wp-json\/wp\/v2\/categories?post=729"},{"taxonomy":"post_tag","embeddable":true,"href":"https:\/\/www.spottergps.com\/pl\/wp-json\/wp\/v2\/tags?post=729"}],"curies":[{"name":"wp","href":"https:\/\/api.w.org\/{rel}","templated":true}]}}