{"id":726,"date":"2025-03-31T11:56:53","date_gmt":"2025-03-31T11:56:53","guid":{"rendered":"https:\/\/www.spottergps.com\/pl\/?page_id=726"},"modified":"2025-03-31T11:56:55","modified_gmt":"2025-03-31T11:56:55","slug":"zmiana-jezyka-oprogramowania","status":"publish","type":"page","link":"https:\/\/www.spottergps.com\/pl\/faq-2\/konto-i-profil\/zmiana-jezyka-oprogramowania\/","title":{"rendered":"Zmiana j\u0119zyka oprogramowania"},"content":{"rendered":"\n<p class=\"\" data-start=\"0\" data-end=\"64\"><strong data-start=\"35\" data-end=\"62\">Przez komputer\/desktopy<\/strong><\/p>\n<ol data-start=\"66\" data-end=\"321\">\n<li class=\"\" data-start=\"66\" data-end=\"120\">\n<p class=\"\" data-start=\"69\" data-end=\"120\">Zaloguj si\u0119 na swoje konto online przez komputer.<\/p>\n<\/li>\n<li class=\"\" data-start=\"121\" data-end=\"169\">\n<p class=\"\" data-start=\"124\" data-end=\"169\">Kliknij w trzy kreski w prawym dolnym rogu.<\/p>\n<\/li>\n<li class=\"\" data-start=\"170\" data-end=\"225\">\n<p class=\"\" data-start=\"173\" data-end=\"225\">Przewi\u0144 do sekcji \u201eKonto\u201d i wybierz opcj\u0119 \u201eJ\u0119zyk\u201d.<\/p>\n<\/li>\n<li class=\"\" data-start=\"226\" data-end=\"292\">\n<p class=\"\" data-start=\"229\" data-end=\"292\">Pojawi si\u0119 lista dost\u0119pnych j\u0119zyk\u00f3w, z kt\u00f3rych mo\u017cesz wybra\u0107.<\/p>\n<\/li>\n<li class=\"\" data-start=\"293\" data-end=\"321\">\n<p class=\"\" data-start=\"296\" data-end=\"321\">Wybierz po\u017c\u0105dany j\u0119zyk.<\/p>\n<\/li>\n<\/ol>\n<p class=\"\" data-start=\"323\" data-end=\"344\"><strong data-start=\"323\" data-end=\"342\">Przez aplikacj\u0119<\/strong><\/p>\n<ol data-start=\"346\" data-end=\"541\" data-is-last-node=\"\" data-is-only-node=\"\">\n<li class=\"\" data-start=\"346\" data-end=\"397\">\n<p class=\"\" data-start=\"349\" data-end=\"397\">Otw\u00f3rz aplikacj\u0119 i zaloguj si\u0119 na swoje konto.<\/p>\n<\/li>\n<li class=\"\" data-start=\"398\" data-end=\"458\">\n<p class=\"\" data-start=\"401\" data-end=\"458\">Otw\u00f3rz menu w prawym dolnym rogu, klikaj\u0105c trzy kreski.<\/p>\n<\/li>\n<li class=\"\" data-start=\"459\" data-end=\"514\">\n<p class=\"\" data-start=\"462\" data-end=\"514\">Przewi\u0144 do sekcji \u201eKonto\u201d i wybierz opcj\u0119 \u201eJ\u0119zyk\u201d.<\/p>\n<\/li>\n<li class=\"\" data-start=\"515\" data-end=\"541\">\n<p class=\"\" data-start=\"518\" data-end=\"541\">Wybierz po\u017c\u0105dany j\u0119zyk.<\/p>\n<\/li>\n<\/ol>\n","protected":false},"excerpt":{"rendered":"<p>Przez komputer\/desktopy Zaloguj si\u0119 na swoje konto online przez komputer. Kliknij w trzy kreski w prawym dolnym rogu. Przewi\u0144 do sekcji \u201eKonto\u201d i wybierz opcj\u0119 \u201eJ\u0119zyk\u201d. Pojawi si\u0119 lista dost\u0119pnych j\u0119zyk\u00f3w, z kt\u00f3rych mo\u017cesz wybra\u0107. Wybierz po\u017c\u0105dany j\u0119zyk. Przez aplikacj\u0119 Otw\u00f3rz aplikacj\u0119 i zaloguj si\u0119 na swoje konto. Otw\u00f3rz menu w prawym dolnym rogu, klikaj\u0105c [&hellip;]<\/p>\n","protected":false},"author":14,"featured_media":0,"parent":638,"menu_order":0,"comment_status":"closed","ping_status":"closed","template":"faq-content.php","meta":{"_acf_changed":false,"footnotes":""},"categories":[5],"tags":[],"class_list":["post-726","page","type-page","status-publish","hentry","category-faq"],"acf":[],"yoast_head":"<!-- This site is optimized with the Yoast SEO plugin v25.9 - https:\/\/yoast.com\/wordpress\/plugins\/seo\/ -->\n<title>Zmiana j\u0119zyka oprogramowania - Spotter - Polen<\/title>\n<meta name=\"robots\" content=\"index, follow, max-snippet:-1, max-image-preview:large, max-video-preview:-1\" \/>\n<link rel=\"canonical\" href=\"https:\/\/www.spottergps.com\/pl\/faq-2\/konto-i-profil\/zmiana-jezyka-oprogramowania\/\" \/>\n<meta property=\"og:locale\" content=\"pl_PL\" \/>\n<meta property=\"og:type\" content=\"article\" \/>\n<meta property=\"og:title\" content=\"Zmiana j\u0119zyka oprogramowania - Spotter - Polen\" \/>\n<meta property=\"og:description\" content=\"Przez komputer\/desktopy Zaloguj si\u0119 na swoje konto online przez komputer. Kliknij w trzy kreski w prawym dolnym rogu. Przewi\u0144 do sekcji \u201eKonto\u201d i wybierz opcj\u0119 \u201eJ\u0119zyk\u201d. Pojawi si\u0119 lista dost\u0119pnych j\u0119zyk\u00f3w, z kt\u00f3rych mo\u017cesz wybra\u0107. Wybierz po\u017c\u0105dany j\u0119zyk. Przez aplikacj\u0119 Otw\u00f3rz aplikacj\u0119 i zaloguj si\u0119 na swoje konto. Otw\u00f3rz menu w prawym dolnym rogu, klikaj\u0105c [&hellip;]\" \/>\n<meta property=\"og:url\" content=\"https:\/\/www.spottergps.com\/pl\/faq-2\/konto-i-profil\/zmiana-jezyka-oprogramowania\/\" \/>\n<meta property=\"og:site_name\" content=\"Spotter - Polen\" \/>\n<meta property=\"article:modified_time\" content=\"2025-03-31T11:56:55+00:00\" \/>\n<meta name=\"twitter:card\" content=\"summary_large_image\" \/>\n<meta name=\"twitter:label1\" content=\"Szacowany czas czytania\" \/>\n\t<meta name=\"twitter:data1\" content=\"1 minuta\" \/>\n<script type=\"application\/ld+json\" class=\"yoast-schema-graph\">{\"@context\":\"https:\/\/schema.org\",\"@graph\":[{\"@type\":\"WebPage\",\"@id\":\"https:\/\/www.spottergps.com\/pl\/faq-2\/konto-i-profil\/zmiana-jezyka-oprogramowania\/\",\"url\":\"https:\/\/www.spottergps.com\/pl\/faq-2\/konto-i-profil\/zmiana-jezyka-oprogramowania\/\",\"name\":\"Zmiana j\u0119zyka oprogramowania - Spotter - Polen\",\"isPartOf\":{\"@id\":\"https:\/\/www.spottergps.com\/pl\/#website\"},\"datePublished\":\"2025-03-31T11:56:53+00:00\",\"dateModified\":\"2025-03-31T11:56:55+00:00\",\"breadcrumb\":{\"@id\":\"https:\/\/www.spottergps.com\/pl\/faq-2\/konto-i-profil\/zmiana-jezyka-oprogramowania\/#breadcrumb\"},\"inLanguage\":\"pl-PL\",\"potentialAction\":[{\"@type\":\"ReadAction\",\"target\":[\"https:\/\/www.spottergps.com\/pl\/faq-2\/konto-i-profil\/zmiana-jezyka-oprogramowania\/\"]}]},{\"@type\":\"BreadcrumbList\",\"@id\":\"https:\/\/www.spottergps.com\/pl\/faq-2\/konto-i-profil\/zmiana-jezyka-oprogramowania\/#breadcrumb\",\"itemListElement\":[{\"@type\":\"ListItem\",\"position\":1,\"name\":\"Home\",\"item\":\"https:\/\/www.spottergps.com\/pl\/\"},{\"@type\":\"ListItem\",\"position\":2,\"name\":\"Jak mo\u017cemy ci pom\u00f3c?\",\"item\":\"https:\/\/www.spottergps.com\/pl\/faq-2\/\"},{\"@type\":\"ListItem\",\"position\":3,\"name\":\"Konto i profil\",\"item\":\"https:\/\/www.spottergps.com\/pl\/faq-2\/konto-i-profil\/\"},{\"@type\":\"ListItem\",\"position\":4,\"name\":\"Zmiana j\u0119zyka oprogramowania\"}]},{\"@type\":\"WebSite\",\"@id\":\"https:\/\/www.spottergps.com\/pl\/#website\",\"url\":\"https:\/\/www.spottergps.com\/pl\/\",\"name\":\"Spotter - Polen\",\"description\":\"GPS tracker dla wszystkiego, co kochasz\",\"potentialAction\":[{\"@type\":\"SearchAction\",\"target\":{\"@type\":\"EntryPoint\",\"urlTemplate\":\"https:\/\/www.spottergps.com\/pl\/?s={search_term_string}\"},\"query-input\":{\"@type\":\"PropertyValueSpecification\",\"valueRequired\":true,\"valueName\":\"search_term_string\"}}],\"inLanguage\":\"pl-PL\"}]}<\/script>\n<!-- \/ Yoast SEO plugin. -->","yoast_head_json":{"title":"Zmiana j\u0119zyka oprogramowania - Spotter - Polen","robots":{"index":"index","follow":"follow","max-snippet":"max-snippet:-1","max-image-preview":"max-image-preview:large","max-video-preview":"max-video-preview:-1"},"canonical":"https:\/\/www.spottergps.com\/pl\/faq-2\/konto-i-profil\/zmiana-jezyka-oprogramowania\/","og_locale":"pl_PL","og_type":"article","og_title":"Zmiana j\u0119zyka oprogramowania - Spotter - Polen","og_description":"Przez komputer\/desktopy Zaloguj si\u0119 na swoje konto online przez komputer. Kliknij w trzy kreski w prawym dolnym rogu. Przewi\u0144 do sekcji \u201eKonto\u201d i wybierz opcj\u0119 \u201eJ\u0119zyk\u201d. Pojawi si\u0119 lista dost\u0119pnych j\u0119zyk\u00f3w, z kt\u00f3rych mo\u017cesz wybra\u0107. Wybierz po\u017c\u0105dany j\u0119zyk. Przez aplikacj\u0119 Otw\u00f3rz aplikacj\u0119 i zaloguj si\u0119 na swoje konto. Otw\u00f3rz menu w prawym dolnym rogu, klikaj\u0105c [&hellip;]","og_url":"https:\/\/www.spottergps.com\/pl\/faq-2\/konto-i-profil\/zmiana-jezyka-oprogramowania\/","og_site_name":"Spotter - Polen","article_modified_time":"2025-03-31T11:56:55+00:00","twitter_card":"summary_large_image","twitter_misc":{"Szacowany czas czytania":"1 minuta"},"schema":{"@context":"https:\/\/schema.org","@graph":[{"@type":"WebPage","@id":"https:\/\/www.spottergps.com\/pl\/faq-2\/konto-i-profil\/zmiana-jezyka-oprogramowania\/","url":"https:\/\/www.spottergps.com\/pl\/faq-2\/konto-i-profil\/zmiana-jezyka-oprogramowania\/","name":"Zmiana j\u0119zyka oprogramowania - Spotter - Polen","isPartOf":{"@id":"https:\/\/www.spottergps.com\/pl\/#website"},"datePublished":"2025-03-31T11:56:53+00:00","dateModified":"2025-03-31T11:56:55+00:00","breadcrumb":{"@id":"https:\/\/www.spottergps.com\/pl\/faq-2\/konto-i-profil\/zmiana-jezyka-oprogramowania\/#breadcrumb"},"inLanguage":"pl-PL","potentialAction":[{"@type":"ReadAction","target":["https:\/\/www.spottergps.com\/pl\/faq-2\/konto-i-profil\/zmiana-jezyka-oprogramowania\/"]}]},{"@type":"BreadcrumbList","@id":"https:\/\/www.spottergps.com\/pl\/faq-2\/konto-i-profil\/zmiana-jezyka-oprogramowania\/#breadcrumb","itemListElement":[{"@type":"ListItem","position":1,"name":"Home","item":"https:\/\/www.spottergps.com\/pl\/"},{"@type":"ListItem","position":2,"name":"Jak mo\u017cemy ci pom\u00f3c?","item":"https:\/\/www.spottergps.com\/pl\/faq-2\/"},{"@type":"ListItem","position":3,"name":"Konto i profil","item":"https:\/\/www.spottergps.com\/pl\/faq-2\/konto-i-profil\/"},{"@type":"ListItem","position":4,"name":"Zmiana j\u0119zyka oprogramowania"}]},{"@type":"WebSite","@id":"https:\/\/www.spottergps.com\/pl\/#website","url":"https:\/\/www.spottergps.com\/pl\/","name":"Spotter - Polen","description":"GPS tracker dla wszystkiego, co kochasz","potentialAction":[{"@type":"SearchAction","target":{"@type":"EntryPoint","urlTemplate":"https:\/\/www.spottergps.com\/pl\/?s={search_term_string}"},"query-input":{"@type":"PropertyValueSpecification","valueRequired":true,"valueName":"search_term_string"}}],"inLanguage":"pl-PL"}]}},"_links":{"self":[{"href":"https:\/\/www.spottergps.com\/pl\/wp-json\/wp\/v2\/pages\/726","targetHints":{"allow":["GET"]}}],"collection":[{"href":"https:\/\/www.spottergps.com\/pl\/wp-json\/wp\/v2\/pages"}],"about":[{"href":"https:\/\/www.spottergps.com\/pl\/wp-json\/wp\/v2\/types\/page"}],"author":[{"embeddable":true,"href":"https:\/\/www.spottergps.com\/pl\/wp-json\/wp\/v2\/users\/14"}],"replies":[{"embeddable":true,"href":"https:\/\/www.spottergps.com\/pl\/wp-json\/wp\/v2\/comments?post=726"}],"version-history":[{"count":1,"href":"https:\/\/www.spottergps.com\/pl\/wp-json\/wp\/v2\/pages\/726\/revisions"}],"predecessor-version":[{"id":727,"href":"https:\/\/www.spottergps.com\/pl\/wp-json\/wp\/v2\/pages\/726\/revisions\/727"}],"up":[{"embeddable":true,"href":"https:\/\/www.spottergps.com\/pl\/wp-json\/wp\/v2\/pages\/638"}],"wp:attachment":[{"href":"https:\/\/www.spottergps.com\/pl\/wp-json\/wp\/v2\/media?parent=726"}],"wp:term":[{"taxonomy":"category","embeddable":true,"href":"https:\/\/www.spottergps.com\/pl\/wp-json\/wp\/v2\/categories?post=726"},{"taxonomy":"post_tag","embeddable":true,"href":"https:\/\/www.spottergps.com\/pl\/wp-json\/wp\/v2\/tags?post=726"}],"curies":[{"name":"wp","href":"https:\/\/api.w.org\/{rel}","templated":true}]}}