{"id":723,"date":"2025-03-31T11:55:13","date_gmt":"2025-03-31T11:55:13","guid":{"rendered":"https:\/\/www.spottergps.com\/pl\/?page_id=723"},"modified":"2025-03-31T11:55:15","modified_gmt":"2025-03-31T11:55:15","slug":"zmiana-adresu-e-mail","status":"publish","type":"page","link":"https:\/\/www.spottergps.com\/pl\/faq-2\/konto-i-profil\/zmiana-adresu-e-mail\/","title":{"rendered":"Zmiana adresu e-mail"},"content":{"rendered":"\n<p class=\"\" data-start=\"0\" data-end=\"143\">Adres e-mail w koncie nie mo\u017ce zosta\u0107 zmieniony. Aby to zrobi\u0107, nale\u017cy utworzy\u0107 nowe konto z nowym adresem e-mail.<\/p>\n<p class=\"\" data-start=\"145\" data-end=\"189\"><strong data-start=\"145\" data-end=\"187\">Krok 1: Usu\u0144 Spottera ze starego konta<\/strong><\/p>\n<ol data-start=\"191\" data-end=\"541\">\n<li class=\"\" data-start=\"191\" data-end=\"230\">\n<p class=\"\" data-start=\"194\" data-end=\"230\"><a href=\"https:\/\/my.spottergps.com\/SpotterApp\/index.html\">Zaloguj<\/a> si\u0119 na swoje konto online.<\/p>\n<\/li>\n<li class=\"\" data-start=\"231\" data-end=\"268\">\n<p class=\"\" data-start=\"234\" data-end=\"268\">Przejd\u017a do sekcji \u201ehome\u201d w menu.<\/p>\n<\/li>\n<li class=\"\" data-start=\"269\" data-end=\"300\">\n<p class=\"\" data-start=\"272\" data-end=\"300\">Wybierz Spottera na mapie.<\/p>\n<\/li>\n<li class=\"\" data-start=\"301\" data-end=\"412\">\n<p class=\"\" data-start=\"304\" data-end=\"412\">Kliknij na Spottera i przejd\u017a do \u201eustawie\u0144\u201d. Zachowaj kod Spottera, aby ponownie doda\u0107 go do nowego konta.<\/p>\n<\/li>\n<li class=\"\" data-start=\"413\" data-end=\"441\">\n<p class=\"\" data-start=\"416\" data-end=\"441\">Kliknij \u201eusu\u0144 z konta\u201d.<\/p>\n<\/li>\n<li class=\"\" data-start=\"442\" data-end=\"541\">\n<p class=\"\" data-start=\"445\" data-end=\"541\">Kliknij ponownie \u201eusu\u0144\u201d, je\u015bli jeste\u015b pewny.<br data-start=\"489\" data-end=\"492\" \/>Spotter zosta\u0142 teraz usuni\u0119ty ze starego konta.<\/p>\n<\/li>\n<\/ol>\n<p class=\"\" data-start=\"543\" data-end=\"574\"><strong data-start=\"543\" data-end=\"572\">Krok 2: Utw\u00f3rz nowe konto<\/strong><\/p>\n<ol data-start=\"576\" data-end=\"985\" data-is-last-node=\"\" data-is-only-node=\"\">\n<li class=\"\" data-start=\"576\" data-end=\"648\">\n<p class=\"\" data-start=\"579\" data-end=\"648\">Utw\u00f3rz nowe konto na <a href=\"https:\/\/my.spottergps.com\/SpotterApp\/index.html\">stronie logowania<\/a>, klikaj\u0105c \u201ezarejestruj si\u0119\u201d.<\/p>\n<\/li>\n<li class=\"\" data-start=\"649\" data-end=\"728\">\n<p class=\"\" data-start=\"652\" data-end=\"728\">Stw\u00f3rz swoje konto. Nast\u0119pnie poprosimy Ci\u0119 o potwierdzenie adresu e-mail.<\/p>\n<\/li>\n<li class=\"\" data-start=\"729\" data-end=\"824\">\n<p class=\"\" data-start=\"732\" data-end=\"824\">Zaloguj si\u0119 na nowe konto online, a na ekranie pojawi si\u0119 pro\u015bba o wpisanie kodu Spottera.<\/p>\n<\/li>\n<li class=\"\" data-start=\"825\" data-end=\"985\">\n<p class=\"\" data-start=\"828\" data-end=\"985\">Wpisz 12-znakowy kod Spottera, kt\u00f3ry znajduje si\u0119 na karcie.<br data-start=\"888\" data-end=\"891\" \/>Teraz Spotter jest przypisany do Twojego nowego konta, a Tw\u00f3j adres e-mail zosta\u0142 zmieniony.<\/p>\n<\/li>\n<\/ol>\n","protected":false},"excerpt":{"rendered":"<p>Adres e-mail w koncie nie mo\u017ce zosta\u0107 zmieniony. Aby to zrobi\u0107, nale\u017cy utworzy\u0107 nowe konto z nowym adresem e-mail. Krok 1: Usu\u0144 Spottera ze starego konta Zaloguj si\u0119 na swoje konto online. Przejd\u017a do sekcji \u201ehome\u201d w menu. Wybierz Spottera na mapie. Kliknij na Spottera i przejd\u017a do \u201eustawie\u0144\u201d. Zachowaj kod Spottera, aby ponownie doda\u0107 [&hellip;]<\/p>\n","protected":false},"author":14,"featured_media":0,"parent":638,"menu_order":0,"comment_status":"closed","ping_status":"closed","template":"faq-content.php","meta":{"_acf_changed":false,"footnotes":""},"categories":[5],"tags":[],"class_list":["post-723","page","type-page","status-publish","hentry","category-faq"],"acf":[],"yoast_head":"<!-- This site is optimized with the Yoast SEO plugin v25.9 - https:\/\/yoast.com\/wordpress\/plugins\/seo\/ -->\n<title>Zmiana adresu e-mail - Spotter - Polen<\/title>\n<meta name=\"robots\" content=\"index, follow, max-snippet:-1, max-image-preview:large, max-video-preview:-1\" \/>\n<link rel=\"canonical\" href=\"https:\/\/www.spottergps.com\/pl\/faq-2\/konto-i-profil\/zmiana-adresu-e-mail\/\" \/>\n<meta property=\"og:locale\" content=\"pl_PL\" \/>\n<meta property=\"og:type\" content=\"article\" \/>\n<meta property=\"og:title\" content=\"Zmiana adresu e-mail - Spotter - Polen\" \/>\n<meta property=\"og:description\" content=\"Adres e-mail w koncie nie mo\u017ce zosta\u0107 zmieniony. Aby to zrobi\u0107, nale\u017cy utworzy\u0107 nowe konto z nowym adresem e-mail. Krok 1: Usu\u0144 Spottera ze starego konta Zaloguj si\u0119 na swoje konto online. Przejd\u017a do sekcji \u201ehome\u201d w menu. Wybierz Spottera na mapie. Kliknij na Spottera i przejd\u017a do \u201eustawie\u0144\u201d. Zachowaj kod Spottera, aby ponownie doda\u0107 [&hellip;]\" \/>\n<meta property=\"og:url\" content=\"https:\/\/www.spottergps.com\/pl\/faq-2\/konto-i-profil\/zmiana-adresu-e-mail\/\" \/>\n<meta property=\"og:site_name\" content=\"Spotter - Polen\" \/>\n<meta property=\"article:modified_time\" content=\"2025-03-31T11:55:15+00:00\" \/>\n<meta name=\"twitter:card\" content=\"summary_large_image\" \/>\n<meta name=\"twitter:label1\" content=\"Szacowany czas czytania\" \/>\n\t<meta name=\"twitter:data1\" content=\"1 minuta\" \/>\n<script type=\"application\/ld+json\" class=\"yoast-schema-graph\">{\"@context\":\"https:\/\/schema.org\",\"@graph\":[{\"@type\":\"WebPage\",\"@id\":\"https:\/\/www.spottergps.com\/pl\/faq-2\/konto-i-profil\/zmiana-adresu-e-mail\/\",\"url\":\"https:\/\/www.spottergps.com\/pl\/faq-2\/konto-i-profil\/zmiana-adresu-e-mail\/\",\"name\":\"Zmiana adresu e-mail - Spotter - Polen\",\"isPartOf\":{\"@id\":\"https:\/\/www.spottergps.com\/pl\/#website\"},\"datePublished\":\"2025-03-31T11:55:13+00:00\",\"dateModified\":\"2025-03-31T11:55:15+00:00\",\"breadcrumb\":{\"@id\":\"https:\/\/www.spottergps.com\/pl\/faq-2\/konto-i-profil\/zmiana-adresu-e-mail\/#breadcrumb\"},\"inLanguage\":\"pl-PL\",\"potentialAction\":[{\"@type\":\"ReadAction\",\"target\":[\"https:\/\/www.spottergps.com\/pl\/faq-2\/konto-i-profil\/zmiana-adresu-e-mail\/\"]}]},{\"@type\":\"BreadcrumbList\",\"@id\":\"https:\/\/www.spottergps.com\/pl\/faq-2\/konto-i-profil\/zmiana-adresu-e-mail\/#breadcrumb\",\"itemListElement\":[{\"@type\":\"ListItem\",\"position\":1,\"name\":\"Home\",\"item\":\"https:\/\/www.spottergps.com\/pl\/\"},{\"@type\":\"ListItem\",\"position\":2,\"name\":\"Jak mo\u017cemy ci pom\u00f3c?\",\"item\":\"https:\/\/www.spottergps.com\/pl\/faq-2\/\"},{\"@type\":\"ListItem\",\"position\":3,\"name\":\"Konto i profil\",\"item\":\"https:\/\/www.spottergps.com\/pl\/faq-2\/konto-i-profil\/\"},{\"@type\":\"ListItem\",\"position\":4,\"name\":\"Zmiana adresu e-mail\"}]},{\"@type\":\"WebSite\",\"@id\":\"https:\/\/www.spottergps.com\/pl\/#website\",\"url\":\"https:\/\/www.spottergps.com\/pl\/\",\"name\":\"Spotter - Polen\",\"description\":\"GPS tracker dla wszystkiego, co kochasz\",\"potentialAction\":[{\"@type\":\"SearchAction\",\"target\":{\"@type\":\"EntryPoint\",\"urlTemplate\":\"https:\/\/www.spottergps.com\/pl\/?s={search_term_string}\"},\"query-input\":{\"@type\":\"PropertyValueSpecification\",\"valueRequired\":true,\"valueName\":\"search_term_string\"}}],\"inLanguage\":\"pl-PL\"}]}<\/script>\n<!-- \/ Yoast SEO plugin. -->","yoast_head_json":{"title":"Zmiana adresu e-mail - Spotter - Polen","robots":{"index":"index","follow":"follow","max-snippet":"max-snippet:-1","max-image-preview":"max-image-preview:large","max-video-preview":"max-video-preview:-1"},"canonical":"https:\/\/www.spottergps.com\/pl\/faq-2\/konto-i-profil\/zmiana-adresu-e-mail\/","og_locale":"pl_PL","og_type":"article","og_title":"Zmiana adresu e-mail - Spotter - Polen","og_description":"Adres e-mail w koncie nie mo\u017ce zosta\u0107 zmieniony. Aby to zrobi\u0107, nale\u017cy utworzy\u0107 nowe konto z nowym adresem e-mail. Krok 1: Usu\u0144 Spottera ze starego konta Zaloguj si\u0119 na swoje konto online. Przejd\u017a do sekcji \u201ehome\u201d w menu. Wybierz Spottera na mapie. Kliknij na Spottera i przejd\u017a do \u201eustawie\u0144\u201d. Zachowaj kod Spottera, aby ponownie doda\u0107 [&hellip;]","og_url":"https:\/\/www.spottergps.com\/pl\/faq-2\/konto-i-profil\/zmiana-adresu-e-mail\/","og_site_name":"Spotter - Polen","article_modified_time":"2025-03-31T11:55:15+00:00","twitter_card":"summary_large_image","twitter_misc":{"Szacowany czas czytania":"1 minuta"},"schema":{"@context":"https:\/\/schema.org","@graph":[{"@type":"WebPage","@id":"https:\/\/www.spottergps.com\/pl\/faq-2\/konto-i-profil\/zmiana-adresu-e-mail\/","url":"https:\/\/www.spottergps.com\/pl\/faq-2\/konto-i-profil\/zmiana-adresu-e-mail\/","name":"Zmiana adresu e-mail - Spotter - Polen","isPartOf":{"@id":"https:\/\/www.spottergps.com\/pl\/#website"},"datePublished":"2025-03-31T11:55:13+00:00","dateModified":"2025-03-31T11:55:15+00:00","breadcrumb":{"@id":"https:\/\/www.spottergps.com\/pl\/faq-2\/konto-i-profil\/zmiana-adresu-e-mail\/#breadcrumb"},"inLanguage":"pl-PL","potentialAction":[{"@type":"ReadAction","target":["https:\/\/www.spottergps.com\/pl\/faq-2\/konto-i-profil\/zmiana-adresu-e-mail\/"]}]},{"@type":"BreadcrumbList","@id":"https:\/\/www.spottergps.com\/pl\/faq-2\/konto-i-profil\/zmiana-adresu-e-mail\/#breadcrumb","itemListElement":[{"@type":"ListItem","position":1,"name":"Home","item":"https:\/\/www.spottergps.com\/pl\/"},{"@type":"ListItem","position":2,"name":"Jak mo\u017cemy ci pom\u00f3c?","item":"https:\/\/www.spottergps.com\/pl\/faq-2\/"},{"@type":"ListItem","position":3,"name":"Konto i profil","item":"https:\/\/www.spottergps.com\/pl\/faq-2\/konto-i-profil\/"},{"@type":"ListItem","position":4,"name":"Zmiana adresu e-mail"}]},{"@type":"WebSite","@id":"https:\/\/www.spottergps.com\/pl\/#website","url":"https:\/\/www.spottergps.com\/pl\/","name":"Spotter - Polen","description":"GPS tracker dla wszystkiego, co kochasz","potentialAction":[{"@type":"SearchAction","target":{"@type":"EntryPoint","urlTemplate":"https:\/\/www.spottergps.com\/pl\/?s={search_term_string}"},"query-input":{"@type":"PropertyValueSpecification","valueRequired":true,"valueName":"search_term_string"}}],"inLanguage":"pl-PL"}]}},"_links":{"self":[{"href":"https:\/\/www.spottergps.com\/pl\/wp-json\/wp\/v2\/pages\/723","targetHints":{"allow":["GET"]}}],"collection":[{"href":"https:\/\/www.spottergps.com\/pl\/wp-json\/wp\/v2\/pages"}],"about":[{"href":"https:\/\/www.spottergps.com\/pl\/wp-json\/wp\/v2\/types\/page"}],"author":[{"embeddable":true,"href":"https:\/\/www.spottergps.com\/pl\/wp-json\/wp\/v2\/users\/14"}],"replies":[{"embeddable":true,"href":"https:\/\/www.spottergps.com\/pl\/wp-json\/wp\/v2\/comments?post=723"}],"version-history":[{"count":1,"href":"https:\/\/www.spottergps.com\/pl\/wp-json\/wp\/v2\/pages\/723\/revisions"}],"predecessor-version":[{"id":724,"href":"https:\/\/www.spottergps.com\/pl\/wp-json\/wp\/v2\/pages\/723\/revisions\/724"}],"up":[{"embeddable":true,"href":"https:\/\/www.spottergps.com\/pl\/wp-json\/wp\/v2\/pages\/638"}],"wp:attachment":[{"href":"https:\/\/www.spottergps.com\/pl\/wp-json\/wp\/v2\/media?parent=723"}],"wp:term":[{"taxonomy":"category","embeddable":true,"href":"https:\/\/www.spottergps.com\/pl\/wp-json\/wp\/v2\/categories?post=723"},{"taxonomy":"post_tag","embeddable":true,"href":"https:\/\/www.spottergps.com\/pl\/wp-json\/wp\/v2\/tags?post=723"}],"curies":[{"name":"wp","href":"https:\/\/api.w.org\/{rel}","templated":true}]}}