{"id":720,"date":"2025-03-31T11:53:06","date_gmt":"2025-03-31T11:53:06","guid":{"rendered":"https:\/\/www.spottergps.com\/pl\/?page_id=720"},"modified":"2025-03-31T11:53:07","modified_gmt":"2025-03-31T11:53:07","slug":"nie-moge-sie-zalogowac","status":"publish","type":"page","link":"https:\/\/www.spottergps.com\/pl\/faq-2\/konto-i-profil\/nie-moge-sie-zalogowac\/","title":{"rendered":"Nie mog\u0119 si\u0119 zalogowa\u0107"},"content":{"rendered":"\n<p class=\"\" data-start=\"0\" data-end=\"242\">Je\u015bli pojawi si\u0119 komunikat, \u017ce Tw\u00f3j adres e-mail i\/lub has\u0142o s\u0105 nieprawid\u0142owe, oznacza to, \u017ce wprowadzone dane s\u0105 b\u0142\u0119dne. W takim przypadku poszukaj poprawnych danych lub za\u017c\u0105daj nowego has\u0142a. Oto jak to zrobi\u0107:<\/p>\n<ol data-start=\"244\" data-end=\"582\" data-is-last-node=\"\" data-is-only-node=\"\">\n<li class=\"\" data-start=\"244\" data-end=\"307\">\n<p class=\"\" data-start=\"247\" data-end=\"307\">Przejd\u017a na <a href=\"https:\/\/my.spottergps.com\/SpotterApp\/index.html#login\">stron\u0119 logowania<\/a> i kliknij \u201ezapomnia\u0142em has\u0142a\u201d.<\/p>\n<\/li>\n<li class=\"\" data-start=\"308\" data-end=\"351\">\n<p class=\"\" data-start=\"311\" data-end=\"351\">Wpisz adres e-mail powi\u0105zany z kontem.<\/p>\n<\/li>\n<li class=\"\" data-start=\"352\" data-end=\"407\">\n<p class=\"\" data-start=\"355\" data-end=\"407\">Otrzymasz powiadomienie, \u017ce e-mail zosta\u0142 wys\u0142any.<\/p>\n<\/li>\n<li class=\"\" data-start=\"408\" data-end=\"489\">\n<p class=\"\" data-start=\"411\" data-end=\"489\">Otw\u00f3rz e-mail i kliknij w link. Nie otrzyma\u0142e\u015b e-maila? Sprawd\u017a folder SPAM.<\/p>\n<\/li>\n<li class=\"\" data-start=\"490\" data-end=\"512\">\n<p class=\"\" data-start=\"493\" data-end=\"512\">Ustaw nowe has\u0142o.<\/p>\n<\/li>\n<li class=\"\" data-start=\"513\" data-end=\"582\">\n<p class=\"\" data-start=\"516\" data-end=\"582\">Wr\u00f3\u0107 na stron\u0119 logowania i zaloguj si\u0119 przy u\u017cyciu nowego has\u0142a.<\/p>\n<\/li>\n<\/ol>\n","protected":false},"excerpt":{"rendered":"<p>Je\u015bli pojawi si\u0119 komunikat, \u017ce Tw\u00f3j adres e-mail i\/lub has\u0142o s\u0105 nieprawid\u0142owe, oznacza to, \u017ce wprowadzone dane s\u0105 b\u0142\u0119dne. W takim przypadku poszukaj poprawnych danych lub za\u017c\u0105daj nowego has\u0142a. Oto jak to zrobi\u0107: Przejd\u017a na stron\u0119 logowania i kliknij \u201ezapomnia\u0142em has\u0142a\u201d. Wpisz adres e-mail powi\u0105zany z kontem. Otrzymasz powiadomienie, \u017ce e-mail zosta\u0142 wys\u0142any. Otw\u00f3rz e-mail [&hellip;]<\/p>\n","protected":false},"author":14,"featured_media":0,"parent":638,"menu_order":0,"comment_status":"closed","ping_status":"closed","template":"faq-content.php","meta":{"_acf_changed":false,"footnotes":""},"categories":[5],"tags":[],"class_list":["post-720","page","type-page","status-publish","hentry","category-faq"],"acf":[],"yoast_head":"<!-- This site is optimized with the Yoast SEO plugin v25.9 - https:\/\/yoast.com\/wordpress\/plugins\/seo\/ -->\n<title>Nie mog\u0119 si\u0119 zalogowa\u0107 - Spotter - Polen<\/title>\n<meta name=\"robots\" content=\"index, follow, max-snippet:-1, max-image-preview:large, max-video-preview:-1\" \/>\n<link rel=\"canonical\" href=\"https:\/\/www.spottergps.com\/pl\/faq-2\/konto-i-profil\/nie-moge-sie-zalogowac\/\" \/>\n<meta property=\"og:locale\" content=\"pl_PL\" \/>\n<meta property=\"og:type\" content=\"article\" \/>\n<meta property=\"og:title\" content=\"Nie mog\u0119 si\u0119 zalogowa\u0107 - Spotter - Polen\" \/>\n<meta property=\"og:description\" content=\"Je\u015bli pojawi si\u0119 komunikat, \u017ce Tw\u00f3j adres e-mail i\/lub has\u0142o s\u0105 nieprawid\u0142owe, oznacza to, \u017ce wprowadzone dane s\u0105 b\u0142\u0119dne. W takim przypadku poszukaj poprawnych danych lub za\u017c\u0105daj nowego has\u0142a. Oto jak to zrobi\u0107: Przejd\u017a na stron\u0119 logowania i kliknij \u201ezapomnia\u0142em has\u0142a\u201d. Wpisz adres e-mail powi\u0105zany z kontem. Otrzymasz powiadomienie, \u017ce e-mail zosta\u0142 wys\u0142any. Otw\u00f3rz e-mail [&hellip;]\" \/>\n<meta property=\"og:url\" content=\"https:\/\/www.spottergps.com\/pl\/faq-2\/konto-i-profil\/nie-moge-sie-zalogowac\/\" \/>\n<meta property=\"og:site_name\" content=\"Spotter - Polen\" \/>\n<meta property=\"article:modified_time\" content=\"2025-03-31T11:53:07+00:00\" \/>\n<meta name=\"twitter:card\" content=\"summary_large_image\" \/>\n<meta name=\"twitter:label1\" content=\"Szacowany czas czytania\" \/>\n\t<meta name=\"twitter:data1\" content=\"1 minuta\" \/>\n<script type=\"application\/ld+json\" class=\"yoast-schema-graph\">{\"@context\":\"https:\/\/schema.org\",\"@graph\":[{\"@type\":\"WebPage\",\"@id\":\"https:\/\/www.spottergps.com\/pl\/faq-2\/konto-i-profil\/nie-moge-sie-zalogowac\/\",\"url\":\"https:\/\/www.spottergps.com\/pl\/faq-2\/konto-i-profil\/nie-moge-sie-zalogowac\/\",\"name\":\"Nie mog\u0119 si\u0119 zalogowa\u0107 - Spotter - Polen\",\"isPartOf\":{\"@id\":\"https:\/\/www.spottergps.com\/pl\/#website\"},\"datePublished\":\"2025-03-31T11:53:06+00:00\",\"dateModified\":\"2025-03-31T11:53:07+00:00\",\"breadcrumb\":{\"@id\":\"https:\/\/www.spottergps.com\/pl\/faq-2\/konto-i-profil\/nie-moge-sie-zalogowac\/#breadcrumb\"},\"inLanguage\":\"pl-PL\",\"potentialAction\":[{\"@type\":\"ReadAction\",\"target\":[\"https:\/\/www.spottergps.com\/pl\/faq-2\/konto-i-profil\/nie-moge-sie-zalogowac\/\"]}]},{\"@type\":\"BreadcrumbList\",\"@id\":\"https:\/\/www.spottergps.com\/pl\/faq-2\/konto-i-profil\/nie-moge-sie-zalogowac\/#breadcrumb\",\"itemListElement\":[{\"@type\":\"ListItem\",\"position\":1,\"name\":\"Home\",\"item\":\"https:\/\/www.spottergps.com\/pl\/\"},{\"@type\":\"ListItem\",\"position\":2,\"name\":\"Jak mo\u017cemy ci pom\u00f3c?\",\"item\":\"https:\/\/www.spottergps.com\/pl\/faq-2\/\"},{\"@type\":\"ListItem\",\"position\":3,\"name\":\"Konto i profil\",\"item\":\"https:\/\/www.spottergps.com\/pl\/faq-2\/konto-i-profil\/\"},{\"@type\":\"ListItem\",\"position\":4,\"name\":\"Nie mog\u0119 si\u0119 zalogowa\u0107\"}]},{\"@type\":\"WebSite\",\"@id\":\"https:\/\/www.spottergps.com\/pl\/#website\",\"url\":\"https:\/\/www.spottergps.com\/pl\/\",\"name\":\"Spotter - Polen\",\"description\":\"GPS tracker dla wszystkiego, co kochasz\",\"potentialAction\":[{\"@type\":\"SearchAction\",\"target\":{\"@type\":\"EntryPoint\",\"urlTemplate\":\"https:\/\/www.spottergps.com\/pl\/?s={search_term_string}\"},\"query-input\":{\"@type\":\"PropertyValueSpecification\",\"valueRequired\":true,\"valueName\":\"search_term_string\"}}],\"inLanguage\":\"pl-PL\"}]}<\/script>\n<!-- \/ Yoast SEO plugin. -->","yoast_head_json":{"title":"Nie mog\u0119 si\u0119 zalogowa\u0107 - Spotter - Polen","robots":{"index":"index","follow":"follow","max-snippet":"max-snippet:-1","max-image-preview":"max-image-preview:large","max-video-preview":"max-video-preview:-1"},"canonical":"https:\/\/www.spottergps.com\/pl\/faq-2\/konto-i-profil\/nie-moge-sie-zalogowac\/","og_locale":"pl_PL","og_type":"article","og_title":"Nie mog\u0119 si\u0119 zalogowa\u0107 - Spotter - Polen","og_description":"Je\u015bli pojawi si\u0119 komunikat, \u017ce Tw\u00f3j adres e-mail i\/lub has\u0142o s\u0105 nieprawid\u0142owe, oznacza to, \u017ce wprowadzone dane s\u0105 b\u0142\u0119dne. W takim przypadku poszukaj poprawnych danych lub za\u017c\u0105daj nowego has\u0142a. Oto jak to zrobi\u0107: Przejd\u017a na stron\u0119 logowania i kliknij \u201ezapomnia\u0142em has\u0142a\u201d. Wpisz adres e-mail powi\u0105zany z kontem. Otrzymasz powiadomienie, \u017ce e-mail zosta\u0142 wys\u0142any. Otw\u00f3rz e-mail [&hellip;]","og_url":"https:\/\/www.spottergps.com\/pl\/faq-2\/konto-i-profil\/nie-moge-sie-zalogowac\/","og_site_name":"Spotter - Polen","article_modified_time":"2025-03-31T11:53:07+00:00","twitter_card":"summary_large_image","twitter_misc":{"Szacowany czas czytania":"1 minuta"},"schema":{"@context":"https:\/\/schema.org","@graph":[{"@type":"WebPage","@id":"https:\/\/www.spottergps.com\/pl\/faq-2\/konto-i-profil\/nie-moge-sie-zalogowac\/","url":"https:\/\/www.spottergps.com\/pl\/faq-2\/konto-i-profil\/nie-moge-sie-zalogowac\/","name":"Nie mog\u0119 si\u0119 zalogowa\u0107 - Spotter - Polen","isPartOf":{"@id":"https:\/\/www.spottergps.com\/pl\/#website"},"datePublished":"2025-03-31T11:53:06+00:00","dateModified":"2025-03-31T11:53:07+00:00","breadcrumb":{"@id":"https:\/\/www.spottergps.com\/pl\/faq-2\/konto-i-profil\/nie-moge-sie-zalogowac\/#breadcrumb"},"inLanguage":"pl-PL","potentialAction":[{"@type":"ReadAction","target":["https:\/\/www.spottergps.com\/pl\/faq-2\/konto-i-profil\/nie-moge-sie-zalogowac\/"]}]},{"@type":"BreadcrumbList","@id":"https:\/\/www.spottergps.com\/pl\/faq-2\/konto-i-profil\/nie-moge-sie-zalogowac\/#breadcrumb","itemListElement":[{"@type":"ListItem","position":1,"name":"Home","item":"https:\/\/www.spottergps.com\/pl\/"},{"@type":"ListItem","position":2,"name":"Jak mo\u017cemy ci pom\u00f3c?","item":"https:\/\/www.spottergps.com\/pl\/faq-2\/"},{"@type":"ListItem","position":3,"name":"Konto i profil","item":"https:\/\/www.spottergps.com\/pl\/faq-2\/konto-i-profil\/"},{"@type":"ListItem","position":4,"name":"Nie mog\u0119 si\u0119 zalogowa\u0107"}]},{"@type":"WebSite","@id":"https:\/\/www.spottergps.com\/pl\/#website","url":"https:\/\/www.spottergps.com\/pl\/","name":"Spotter - Polen","description":"GPS tracker dla wszystkiego, co kochasz","potentialAction":[{"@type":"SearchAction","target":{"@type":"EntryPoint","urlTemplate":"https:\/\/www.spottergps.com\/pl\/?s={search_term_string}"},"query-input":{"@type":"PropertyValueSpecification","valueRequired":true,"valueName":"search_term_string"}}],"inLanguage":"pl-PL"}]}},"_links":{"self":[{"href":"https:\/\/www.spottergps.com\/pl\/wp-json\/wp\/v2\/pages\/720","targetHints":{"allow":["GET"]}}],"collection":[{"href":"https:\/\/www.spottergps.com\/pl\/wp-json\/wp\/v2\/pages"}],"about":[{"href":"https:\/\/www.spottergps.com\/pl\/wp-json\/wp\/v2\/types\/page"}],"author":[{"embeddable":true,"href":"https:\/\/www.spottergps.com\/pl\/wp-json\/wp\/v2\/users\/14"}],"replies":[{"embeddable":true,"href":"https:\/\/www.spottergps.com\/pl\/wp-json\/wp\/v2\/comments?post=720"}],"version-history":[{"count":1,"href":"https:\/\/www.spottergps.com\/pl\/wp-json\/wp\/v2\/pages\/720\/revisions"}],"predecessor-version":[{"id":721,"href":"https:\/\/www.spottergps.com\/pl\/wp-json\/wp\/v2\/pages\/720\/revisions\/721"}],"up":[{"embeddable":true,"href":"https:\/\/www.spottergps.com\/pl\/wp-json\/wp\/v2\/pages\/638"}],"wp:attachment":[{"href":"https:\/\/www.spottergps.com\/pl\/wp-json\/wp\/v2\/media?parent=720"}],"wp:term":[{"taxonomy":"category","embeddable":true,"href":"https:\/\/www.spottergps.com\/pl\/wp-json\/wp\/v2\/categories?post=720"},{"taxonomy":"post_tag","embeddable":true,"href":"https:\/\/www.spottergps.com\/pl\/wp-json\/wp\/v2\/tags?post=720"}],"curies":[{"name":"wp","href":"https:\/\/api.w.org\/{rel}","templated":true}]}}