{"id":712,"date":"2025-03-31T11:46:39","date_gmt":"2025-03-31T11:46:39","guid":{"rendered":"https:\/\/www.spottergps.com\/pl\/?page_id=712"},"modified":"2025-07-08T07:31:09","modified_gmt":"2025-07-08T07:31:09","slug":"dodanie-spottera-do-mojego-konta","status":"publish","type":"page","link":"https:\/\/www.spottergps.com\/pl\/faq-2\/konto-i-profil\/dodanie-spottera-do-mojego-konta\/","title":{"rendered":"Dodanie Spottera do mojego konta"},"content":{"rendered":"\n<p class=\"\" data-start=\"0\" data-end=\"103\">Aby doda\u0107 nowego Spottera do konta, wykonaj nast\u0119puj\u0105ce kroki:<\/p>\n<ol data-start=\"105\" data-end=\"546\">\n<li class=\"\" data-start=\"105\" data-end=\"155\">\n<p class=\"\" data-start=\"108\" data-end=\"155\">Je\u015bli jeszcze nie masz konta, <a href=\"https:\/\/my.spottergps.com\/\">za\u0142\u00f3\u017c je tutaj<\/a>.<\/p>\n<\/li>\n<li class=\"\" data-start=\"156\" data-end=\"188\">\n<p class=\"\" data-start=\"159\" data-end=\"188\">Zaloguj si\u0119 na swoje konto.<\/p>\n<\/li>\n<li class=\"\" data-start=\"189\" data-end=\"306\">\n<p class=\"\" data-start=\"192\" data-end=\"306\">Na ekranie pojawi si\u0119 pro\u015bba o wpisanie kodu Spottera. Je\u015bli masz ju\u017c konto, przejd\u017a w menu do \u201eDodaj Spottera\u201d.<\/p>\n<\/li>\n<li class=\"\" data-start=\"307\" data-end=\"399\">\n<p class=\"\" data-start=\"310\" data-end=\"399\">Wpisz 12-znakowy kod Spottera, kt\u00f3ry znajduje si\u0119 na (niebieskiej) karcie w opakowaniu.<\/p>\n<\/li>\n<li class=\"\" data-start=\"400\" data-end=\"467\">\n<p class=\"\" data-start=\"403\" data-end=\"467\">Mo\u017cesz teraz do\u0142adowa\u0107 Spottera na okres 3, 6 lub 12 miesi\u0119cy.<\/p>\n<\/li>\n<li class=\"\" data-start=\"468\" data-end=\"546\">\n<p class=\"\" data-start=\"471\" data-end=\"546\">Spotter jest teraz przypisany do Twojego konta i mo\u017cesz go zacz\u0105\u0107 u\u017cywa\u0107.<\/p>\n<\/li>\n<\/ol>\n<p class=\"\" data-start=\"548\" data-end=\"680\">Mo\u017cesz doda\u0107 kilka Spotter\u00f3w do jednego konta, dzi\u0119ki czemu b\u0119dziesz mie\u0107 przegl\u0105d wszystkich u\u017cytkownik\u00f3w Spottera na jednej mapie.<\/p>\n","protected":false},"excerpt":{"rendered":"<p>Aby doda\u0107 nowego Spottera do konta, wykonaj nast\u0119puj\u0105ce kroki: Je\u015bli jeszcze nie masz konta, za\u0142\u00f3\u017c je tutaj. Zaloguj si\u0119 na swoje konto. Na ekranie pojawi si\u0119 pro\u015bba o wpisanie kodu Spottera. Je\u015bli masz ju\u017c konto, przejd\u017a w menu do \u201eDodaj Spottera\u201d. Wpisz 12-znakowy kod Spottera, kt\u00f3ry znajduje si\u0119 na (niebieskiej) karcie w opakowaniu. Mo\u017cesz teraz [&hellip;]<\/p>\n","protected":false},"author":14,"featured_media":0,"parent":638,"menu_order":0,"comment_status":"closed","ping_status":"closed","template":"faq-content.php","meta":{"_acf_changed":false,"footnotes":""},"categories":[5],"tags":[],"class_list":["post-712","page","type-page","status-publish","hentry","category-faq"],"acf":[],"yoast_head":"<!-- This site is optimized with the Yoast SEO plugin v25.9 - https:\/\/yoast.com\/wordpress\/plugins\/seo\/ -->\n<title>Dodanie Spottera do mojego konta - Spotter - Polen<\/title>\n<meta name=\"robots\" content=\"index, follow, max-snippet:-1, max-image-preview:large, max-video-preview:-1\" \/>\n<link rel=\"canonical\" href=\"https:\/\/www.spottergps.com\/pl\/faq-2\/konto-i-profil\/dodanie-spottera-do-mojego-konta\/\" \/>\n<meta property=\"og:locale\" content=\"pl_PL\" \/>\n<meta property=\"og:type\" content=\"article\" \/>\n<meta property=\"og:title\" content=\"Dodanie Spottera do mojego konta - Spotter - Polen\" \/>\n<meta property=\"og:description\" content=\"Aby doda\u0107 nowego Spottera do konta, wykonaj nast\u0119puj\u0105ce kroki: Je\u015bli jeszcze nie masz konta, za\u0142\u00f3\u017c je tutaj. Zaloguj si\u0119 na swoje konto. Na ekranie pojawi si\u0119 pro\u015bba o wpisanie kodu Spottera. Je\u015bli masz ju\u017c konto, przejd\u017a w menu do \u201eDodaj Spottera\u201d. Wpisz 12-znakowy kod Spottera, kt\u00f3ry znajduje si\u0119 na (niebieskiej) karcie w opakowaniu. Mo\u017cesz teraz [&hellip;]\" \/>\n<meta property=\"og:url\" content=\"https:\/\/www.spottergps.com\/pl\/faq-2\/konto-i-profil\/dodanie-spottera-do-mojego-konta\/\" \/>\n<meta property=\"og:site_name\" content=\"Spotter - Polen\" \/>\n<meta property=\"article:modified_time\" content=\"2025-07-08T07:31:09+00:00\" \/>\n<meta name=\"twitter:card\" content=\"summary_large_image\" \/>\n<meta name=\"twitter:label1\" content=\"Szacowany czas czytania\" \/>\n\t<meta name=\"twitter:data1\" content=\"1 minuta\" \/>\n<script type=\"application\/ld+json\" class=\"yoast-schema-graph\">{\"@context\":\"https:\/\/schema.org\",\"@graph\":[{\"@type\":\"WebPage\",\"@id\":\"https:\/\/www.spottergps.com\/pl\/faq-2\/konto-i-profil\/dodanie-spottera-do-mojego-konta\/\",\"url\":\"https:\/\/www.spottergps.com\/pl\/faq-2\/konto-i-profil\/dodanie-spottera-do-mojego-konta\/\",\"name\":\"Dodanie Spottera do mojego konta - Spotter - Polen\",\"isPartOf\":{\"@id\":\"https:\/\/www.spottergps.com\/pl\/#website\"},\"datePublished\":\"2025-03-31T11:46:39+00:00\",\"dateModified\":\"2025-07-08T07:31:09+00:00\",\"breadcrumb\":{\"@id\":\"https:\/\/www.spottergps.com\/pl\/faq-2\/konto-i-profil\/dodanie-spottera-do-mojego-konta\/#breadcrumb\"},\"inLanguage\":\"pl-PL\",\"potentialAction\":[{\"@type\":\"ReadAction\",\"target\":[\"https:\/\/www.spottergps.com\/pl\/faq-2\/konto-i-profil\/dodanie-spottera-do-mojego-konta\/\"]}]},{\"@type\":\"BreadcrumbList\",\"@id\":\"https:\/\/www.spottergps.com\/pl\/faq-2\/konto-i-profil\/dodanie-spottera-do-mojego-konta\/#breadcrumb\",\"itemListElement\":[{\"@type\":\"ListItem\",\"position\":1,\"name\":\"Home\",\"item\":\"https:\/\/www.spottergps.com\/pl\/\"},{\"@type\":\"ListItem\",\"position\":2,\"name\":\"Jak mo\u017cemy ci pom\u00f3c?\",\"item\":\"https:\/\/www.spottergps.com\/pl\/faq-2\/\"},{\"@type\":\"ListItem\",\"position\":3,\"name\":\"Konto i profil\",\"item\":\"https:\/\/www.spottergps.com\/pl\/faq-2\/konto-i-profil\/\"},{\"@type\":\"ListItem\",\"position\":4,\"name\":\"Dodanie Spottera do mojego konta\"}]},{\"@type\":\"WebSite\",\"@id\":\"https:\/\/www.spottergps.com\/pl\/#website\",\"url\":\"https:\/\/www.spottergps.com\/pl\/\",\"name\":\"Spotter - Polen\",\"description\":\"GPS tracker dla wszystkiego, co kochasz\",\"potentialAction\":[{\"@type\":\"SearchAction\",\"target\":{\"@type\":\"EntryPoint\",\"urlTemplate\":\"https:\/\/www.spottergps.com\/pl\/?s={search_term_string}\"},\"query-input\":{\"@type\":\"PropertyValueSpecification\",\"valueRequired\":true,\"valueName\":\"search_term_string\"}}],\"inLanguage\":\"pl-PL\"}]}<\/script>\n<!-- \/ Yoast SEO plugin. -->","yoast_head_json":{"title":"Dodanie Spottera do mojego konta - Spotter - Polen","robots":{"index":"index","follow":"follow","max-snippet":"max-snippet:-1","max-image-preview":"max-image-preview:large","max-video-preview":"max-video-preview:-1"},"canonical":"https:\/\/www.spottergps.com\/pl\/faq-2\/konto-i-profil\/dodanie-spottera-do-mojego-konta\/","og_locale":"pl_PL","og_type":"article","og_title":"Dodanie Spottera do mojego konta - Spotter - Polen","og_description":"Aby doda\u0107 nowego Spottera do konta, wykonaj nast\u0119puj\u0105ce kroki: Je\u015bli jeszcze nie masz konta, za\u0142\u00f3\u017c je tutaj. Zaloguj si\u0119 na swoje konto. Na ekranie pojawi si\u0119 pro\u015bba o wpisanie kodu Spottera. Je\u015bli masz ju\u017c konto, przejd\u017a w menu do \u201eDodaj Spottera\u201d. Wpisz 12-znakowy kod Spottera, kt\u00f3ry znajduje si\u0119 na (niebieskiej) karcie w opakowaniu. Mo\u017cesz teraz [&hellip;]","og_url":"https:\/\/www.spottergps.com\/pl\/faq-2\/konto-i-profil\/dodanie-spottera-do-mojego-konta\/","og_site_name":"Spotter - Polen","article_modified_time":"2025-07-08T07:31:09+00:00","twitter_card":"summary_large_image","twitter_misc":{"Szacowany czas czytania":"1 minuta"},"schema":{"@context":"https:\/\/schema.org","@graph":[{"@type":"WebPage","@id":"https:\/\/www.spottergps.com\/pl\/faq-2\/konto-i-profil\/dodanie-spottera-do-mojego-konta\/","url":"https:\/\/www.spottergps.com\/pl\/faq-2\/konto-i-profil\/dodanie-spottera-do-mojego-konta\/","name":"Dodanie Spottera do mojego konta - Spotter - Polen","isPartOf":{"@id":"https:\/\/www.spottergps.com\/pl\/#website"},"datePublished":"2025-03-31T11:46:39+00:00","dateModified":"2025-07-08T07:31:09+00:00","breadcrumb":{"@id":"https:\/\/www.spottergps.com\/pl\/faq-2\/konto-i-profil\/dodanie-spottera-do-mojego-konta\/#breadcrumb"},"inLanguage":"pl-PL","potentialAction":[{"@type":"ReadAction","target":["https:\/\/www.spottergps.com\/pl\/faq-2\/konto-i-profil\/dodanie-spottera-do-mojego-konta\/"]}]},{"@type":"BreadcrumbList","@id":"https:\/\/www.spottergps.com\/pl\/faq-2\/konto-i-profil\/dodanie-spottera-do-mojego-konta\/#breadcrumb","itemListElement":[{"@type":"ListItem","position":1,"name":"Home","item":"https:\/\/www.spottergps.com\/pl\/"},{"@type":"ListItem","position":2,"name":"Jak mo\u017cemy ci pom\u00f3c?","item":"https:\/\/www.spottergps.com\/pl\/faq-2\/"},{"@type":"ListItem","position":3,"name":"Konto i profil","item":"https:\/\/www.spottergps.com\/pl\/faq-2\/konto-i-profil\/"},{"@type":"ListItem","position":4,"name":"Dodanie Spottera do mojego konta"}]},{"@type":"WebSite","@id":"https:\/\/www.spottergps.com\/pl\/#website","url":"https:\/\/www.spottergps.com\/pl\/","name":"Spotter - Polen","description":"GPS tracker dla wszystkiego, co kochasz","potentialAction":[{"@type":"SearchAction","target":{"@type":"EntryPoint","urlTemplate":"https:\/\/www.spottergps.com\/pl\/?s={search_term_string}"},"query-input":{"@type":"PropertyValueSpecification","valueRequired":true,"valueName":"search_term_string"}}],"inLanguage":"pl-PL"}]}},"_links":{"self":[{"href":"https:\/\/www.spottergps.com\/pl\/wp-json\/wp\/v2\/pages\/712","targetHints":{"allow":["GET"]}}],"collection":[{"href":"https:\/\/www.spottergps.com\/pl\/wp-json\/wp\/v2\/pages"}],"about":[{"href":"https:\/\/www.spottergps.com\/pl\/wp-json\/wp\/v2\/types\/page"}],"author":[{"embeddable":true,"href":"https:\/\/www.spottergps.com\/pl\/wp-json\/wp\/v2\/users\/14"}],"replies":[{"embeddable":true,"href":"https:\/\/www.spottergps.com\/pl\/wp-json\/wp\/v2\/comments?post=712"}],"version-history":[{"count":2,"href":"https:\/\/www.spottergps.com\/pl\/wp-json\/wp\/v2\/pages\/712\/revisions"}],"predecessor-version":[{"id":20858,"href":"https:\/\/www.spottergps.com\/pl\/wp-json\/wp\/v2\/pages\/712\/revisions\/20858"}],"up":[{"embeddable":true,"href":"https:\/\/www.spottergps.com\/pl\/wp-json\/wp\/v2\/pages\/638"}],"wp:attachment":[{"href":"https:\/\/www.spottergps.com\/pl\/wp-json\/wp\/v2\/media?parent=712"}],"wp:term":[{"taxonomy":"category","embeddable":true,"href":"https:\/\/www.spottergps.com\/pl\/wp-json\/wp\/v2\/categories?post=712"},{"taxonomy":"post_tag","embeddable":true,"href":"https:\/\/www.spottergps.com\/pl\/wp-json\/wp\/v2\/tags?post=712"}],"curies":[{"name":"wp","href":"https:\/\/api.w.org\/{rel}","templated":true}]}}