{"id":709,"date":"2025-03-31T11:44:31","date_gmt":"2025-03-31T11:44:31","guid":{"rendered":"https:\/\/www.spottergps.com\/pl\/?page_id=709"},"modified":"2025-03-31T11:44:32","modified_gmt":"2025-03-31T11:44:32","slug":"czy-wiele-osob-moze-logowac-sie-jednoczesnie","status":"publish","type":"page","link":"https:\/\/www.spottergps.com\/pl\/faq-2\/konto-i-profil\/czy-wiele-osob-moze-logowac-sie-jednoczesnie\/","title":{"rendered":"Czy wiele os\u00f3b mo\u017ce logowa\u0107 si\u0119 jednocze\u015bnie?"},"content":{"rendered":"\n<p class=\"\" data-start=\"0\" data-end=\"269\">Tak, na jedno konto mo\u017ce logowa\u0107 si\u0119 jednocze\u015bnie wiele os\u00f3b. Ka\u017cdy Spotter jest przypisany do jednego konta, a ka\u017cda osoba posiadaj\u0105ca dane logowania mo\u017ce si\u0119 na nie zalogowa\u0107 \u2013 nawet kilka os\u00f3b w tym samym czasie.<\/p>\n<p class=\"\" data-start=\"271\" data-end=\"377\">Powiadomienia wysy\u0142ane przez Spotter trafiaj\u0105 do wszystkich zalogowanych u\u017cytkownik\u00f3w aplikacji Spotter.<\/p>\n<p class=\"\" data-start=\"379\" data-end=\"524\">Na przyk\u0142ad, je\u015bli zesp\u00f3\u0142 10 os\u00f3b zainstaluje aplikacj\u0119 Spotter i zaloguje si\u0119 na to samo konto, wszystkie 10 os\u00f3b otrzyma te same powiadomienia.<\/p>\n","protected":false},"excerpt":{"rendered":"<p>Tak, na jedno konto mo\u017ce logowa\u0107 si\u0119 jednocze\u015bnie wiele os\u00f3b. Ka\u017cdy Spotter jest przypisany do jednego konta, a ka\u017cda osoba posiadaj\u0105ca dane logowania mo\u017ce si\u0119 na nie zalogowa\u0107 \u2013 nawet kilka os\u00f3b w tym samym czasie. Powiadomienia wysy\u0142ane przez Spotter trafiaj\u0105 do wszystkich zalogowanych u\u017cytkownik\u00f3w aplikacji Spotter. Na przyk\u0142ad, je\u015bli zesp\u00f3\u0142 10 os\u00f3b zainstaluje aplikacj\u0119 [&hellip;]<\/p>\n","protected":false},"author":14,"featured_media":0,"parent":638,"menu_order":0,"comment_status":"closed","ping_status":"closed","template":"faq-content.php","meta":{"_acf_changed":false,"footnotes":""},"categories":[5],"tags":[],"class_list":["post-709","page","type-page","status-publish","hentry","category-faq"],"acf":[],"yoast_head":"<!-- This site is optimized with the Yoast SEO plugin v25.9 - https:\/\/yoast.com\/wordpress\/plugins\/seo\/ -->\n<title>Czy wiele os\u00f3b mo\u017ce logowa\u0107 si\u0119 jednocze\u015bnie? - Spotter - Polen<\/title>\n<meta name=\"robots\" content=\"index, follow, max-snippet:-1, max-image-preview:large, max-video-preview:-1\" \/>\n<link rel=\"canonical\" href=\"https:\/\/www.spottergps.com\/pl\/faq-2\/konto-i-profil\/czy-wiele-osob-moze-logowac-sie-jednoczesnie\/\" \/>\n<meta property=\"og:locale\" content=\"pl_PL\" \/>\n<meta property=\"og:type\" content=\"article\" \/>\n<meta property=\"og:title\" content=\"Czy wiele os\u00f3b mo\u017ce logowa\u0107 si\u0119 jednocze\u015bnie? - Spotter - Polen\" \/>\n<meta property=\"og:description\" content=\"Tak, na jedno konto mo\u017ce logowa\u0107 si\u0119 jednocze\u015bnie wiele os\u00f3b. Ka\u017cdy Spotter jest przypisany do jednego konta, a ka\u017cda osoba posiadaj\u0105ca dane logowania mo\u017ce si\u0119 na nie zalogowa\u0107 \u2013 nawet kilka os\u00f3b w tym samym czasie. Powiadomienia wysy\u0142ane przez Spotter trafiaj\u0105 do wszystkich zalogowanych u\u017cytkownik\u00f3w aplikacji Spotter. Na przyk\u0142ad, je\u015bli zesp\u00f3\u0142 10 os\u00f3b zainstaluje aplikacj\u0119 [&hellip;]\" \/>\n<meta property=\"og:url\" content=\"https:\/\/www.spottergps.com\/pl\/faq-2\/konto-i-profil\/czy-wiele-osob-moze-logowac-sie-jednoczesnie\/\" \/>\n<meta property=\"og:site_name\" content=\"Spotter - Polen\" \/>\n<meta property=\"article:modified_time\" content=\"2025-03-31T11:44:32+00:00\" \/>\n<meta name=\"twitter:card\" content=\"summary_large_image\" \/>\n<meta name=\"twitter:label1\" content=\"Szacowany czas czytania\" \/>\n\t<meta name=\"twitter:data1\" content=\"1 minuta\" \/>\n<script type=\"application\/ld+json\" class=\"yoast-schema-graph\">{\"@context\":\"https:\/\/schema.org\",\"@graph\":[{\"@type\":\"WebPage\",\"@id\":\"https:\/\/www.spottergps.com\/pl\/faq-2\/konto-i-profil\/czy-wiele-osob-moze-logowac-sie-jednoczesnie\/\",\"url\":\"https:\/\/www.spottergps.com\/pl\/faq-2\/konto-i-profil\/czy-wiele-osob-moze-logowac-sie-jednoczesnie\/\",\"name\":\"Czy wiele os\u00f3b mo\u017ce logowa\u0107 si\u0119 jednocze\u015bnie? - Spotter - Polen\",\"isPartOf\":{\"@id\":\"https:\/\/www.spottergps.com\/pl\/#website\"},\"datePublished\":\"2025-03-31T11:44:31+00:00\",\"dateModified\":\"2025-03-31T11:44:32+00:00\",\"breadcrumb\":{\"@id\":\"https:\/\/www.spottergps.com\/pl\/faq-2\/konto-i-profil\/czy-wiele-osob-moze-logowac-sie-jednoczesnie\/#breadcrumb\"},\"inLanguage\":\"pl-PL\",\"potentialAction\":[{\"@type\":\"ReadAction\",\"target\":[\"https:\/\/www.spottergps.com\/pl\/faq-2\/konto-i-profil\/czy-wiele-osob-moze-logowac-sie-jednoczesnie\/\"]}]},{\"@type\":\"BreadcrumbList\",\"@id\":\"https:\/\/www.spottergps.com\/pl\/faq-2\/konto-i-profil\/czy-wiele-osob-moze-logowac-sie-jednoczesnie\/#breadcrumb\",\"itemListElement\":[{\"@type\":\"ListItem\",\"position\":1,\"name\":\"Home\",\"item\":\"https:\/\/www.spottergps.com\/pl\/\"},{\"@type\":\"ListItem\",\"position\":2,\"name\":\"Jak mo\u017cemy ci pom\u00f3c?\",\"item\":\"https:\/\/www.spottergps.com\/pl\/faq-2\/\"},{\"@type\":\"ListItem\",\"position\":3,\"name\":\"Konto i profil\",\"item\":\"https:\/\/www.spottergps.com\/pl\/faq-2\/konto-i-profil\/\"},{\"@type\":\"ListItem\",\"position\":4,\"name\":\"Czy wiele os\u00f3b mo\u017ce logowa\u0107 si\u0119 jednocze\u015bnie?\"}]},{\"@type\":\"WebSite\",\"@id\":\"https:\/\/www.spottergps.com\/pl\/#website\",\"url\":\"https:\/\/www.spottergps.com\/pl\/\",\"name\":\"Spotter - Polen\",\"description\":\"GPS tracker dla wszystkiego, co kochasz\",\"potentialAction\":[{\"@type\":\"SearchAction\",\"target\":{\"@type\":\"EntryPoint\",\"urlTemplate\":\"https:\/\/www.spottergps.com\/pl\/?s={search_term_string}\"},\"query-input\":{\"@type\":\"PropertyValueSpecification\",\"valueRequired\":true,\"valueName\":\"search_term_string\"}}],\"inLanguage\":\"pl-PL\"}]}<\/script>\n<!-- \/ Yoast SEO plugin. -->","yoast_head_json":{"title":"Czy wiele os\u00f3b mo\u017ce logowa\u0107 si\u0119 jednocze\u015bnie? - Spotter - Polen","robots":{"index":"index","follow":"follow","max-snippet":"max-snippet:-1","max-image-preview":"max-image-preview:large","max-video-preview":"max-video-preview:-1"},"canonical":"https:\/\/www.spottergps.com\/pl\/faq-2\/konto-i-profil\/czy-wiele-osob-moze-logowac-sie-jednoczesnie\/","og_locale":"pl_PL","og_type":"article","og_title":"Czy wiele os\u00f3b mo\u017ce logowa\u0107 si\u0119 jednocze\u015bnie? - Spotter - Polen","og_description":"Tak, na jedno konto mo\u017ce logowa\u0107 si\u0119 jednocze\u015bnie wiele os\u00f3b. Ka\u017cdy Spotter jest przypisany do jednego konta, a ka\u017cda osoba posiadaj\u0105ca dane logowania mo\u017ce si\u0119 na nie zalogowa\u0107 \u2013 nawet kilka os\u00f3b w tym samym czasie. Powiadomienia wysy\u0142ane przez Spotter trafiaj\u0105 do wszystkich zalogowanych u\u017cytkownik\u00f3w aplikacji Spotter. Na przyk\u0142ad, je\u015bli zesp\u00f3\u0142 10 os\u00f3b zainstaluje aplikacj\u0119 [&hellip;]","og_url":"https:\/\/www.spottergps.com\/pl\/faq-2\/konto-i-profil\/czy-wiele-osob-moze-logowac-sie-jednoczesnie\/","og_site_name":"Spotter - Polen","article_modified_time":"2025-03-31T11:44:32+00:00","twitter_card":"summary_large_image","twitter_misc":{"Szacowany czas czytania":"1 minuta"},"schema":{"@context":"https:\/\/schema.org","@graph":[{"@type":"WebPage","@id":"https:\/\/www.spottergps.com\/pl\/faq-2\/konto-i-profil\/czy-wiele-osob-moze-logowac-sie-jednoczesnie\/","url":"https:\/\/www.spottergps.com\/pl\/faq-2\/konto-i-profil\/czy-wiele-osob-moze-logowac-sie-jednoczesnie\/","name":"Czy wiele os\u00f3b mo\u017ce logowa\u0107 si\u0119 jednocze\u015bnie? - Spotter - Polen","isPartOf":{"@id":"https:\/\/www.spottergps.com\/pl\/#website"},"datePublished":"2025-03-31T11:44:31+00:00","dateModified":"2025-03-31T11:44:32+00:00","breadcrumb":{"@id":"https:\/\/www.spottergps.com\/pl\/faq-2\/konto-i-profil\/czy-wiele-osob-moze-logowac-sie-jednoczesnie\/#breadcrumb"},"inLanguage":"pl-PL","potentialAction":[{"@type":"ReadAction","target":["https:\/\/www.spottergps.com\/pl\/faq-2\/konto-i-profil\/czy-wiele-osob-moze-logowac-sie-jednoczesnie\/"]}]},{"@type":"BreadcrumbList","@id":"https:\/\/www.spottergps.com\/pl\/faq-2\/konto-i-profil\/czy-wiele-osob-moze-logowac-sie-jednoczesnie\/#breadcrumb","itemListElement":[{"@type":"ListItem","position":1,"name":"Home","item":"https:\/\/www.spottergps.com\/pl\/"},{"@type":"ListItem","position":2,"name":"Jak mo\u017cemy ci pom\u00f3c?","item":"https:\/\/www.spottergps.com\/pl\/faq-2\/"},{"@type":"ListItem","position":3,"name":"Konto i profil","item":"https:\/\/www.spottergps.com\/pl\/faq-2\/konto-i-profil\/"},{"@type":"ListItem","position":4,"name":"Czy wiele os\u00f3b mo\u017ce logowa\u0107 si\u0119 jednocze\u015bnie?"}]},{"@type":"WebSite","@id":"https:\/\/www.spottergps.com\/pl\/#website","url":"https:\/\/www.spottergps.com\/pl\/","name":"Spotter - Polen","description":"GPS tracker dla wszystkiego, co kochasz","potentialAction":[{"@type":"SearchAction","target":{"@type":"EntryPoint","urlTemplate":"https:\/\/www.spottergps.com\/pl\/?s={search_term_string}"},"query-input":{"@type":"PropertyValueSpecification","valueRequired":true,"valueName":"search_term_string"}}],"inLanguage":"pl-PL"}]}},"_links":{"self":[{"href":"https:\/\/www.spottergps.com\/pl\/wp-json\/wp\/v2\/pages\/709","targetHints":{"allow":["GET"]}}],"collection":[{"href":"https:\/\/www.spottergps.com\/pl\/wp-json\/wp\/v2\/pages"}],"about":[{"href":"https:\/\/www.spottergps.com\/pl\/wp-json\/wp\/v2\/types\/page"}],"author":[{"embeddable":true,"href":"https:\/\/www.spottergps.com\/pl\/wp-json\/wp\/v2\/users\/14"}],"replies":[{"embeddable":true,"href":"https:\/\/www.spottergps.com\/pl\/wp-json\/wp\/v2\/comments?post=709"}],"version-history":[{"count":1,"href":"https:\/\/www.spottergps.com\/pl\/wp-json\/wp\/v2\/pages\/709\/revisions"}],"predecessor-version":[{"id":710,"href":"https:\/\/www.spottergps.com\/pl\/wp-json\/wp\/v2\/pages\/709\/revisions\/710"}],"up":[{"embeddable":true,"href":"https:\/\/www.spottergps.com\/pl\/wp-json\/wp\/v2\/pages\/638"}],"wp:attachment":[{"href":"https:\/\/www.spottergps.com\/pl\/wp-json\/wp\/v2\/media?parent=709"}],"wp:term":[{"taxonomy":"category","embeddable":true,"href":"https:\/\/www.spottergps.com\/pl\/wp-json\/wp\/v2\/categories?post=709"},{"taxonomy":"post_tag","embeddable":true,"href":"https:\/\/www.spottergps.com\/pl\/wp-json\/wp\/v2\/tags?post=709"}],"curies":[{"name":"wp","href":"https:\/\/api.w.org\/{rel}","templated":true}]}}