{"id":704,"date":"2025-03-31T11:41:57","date_gmt":"2025-03-31T11:41:57","guid":{"rendered":"https:\/\/www.spottergps.com\/pl\/?page_id=704"},"modified":"2025-03-31T11:42:37","modified_gmt":"2025-03-31T11:42:37","slug":"oprogramowanie-online-spotter","status":"publish","type":"page","link":"https:\/\/www.spottergps.com\/pl\/faq-2\/konto-i-profil\/oprogramowanie-online-spotter\/","title":{"rendered":"Oprogramowanie online Spotter"},"content":{"rendered":"\n<p class=\"\" data-start=\"0\" data-end=\"131\">Niezale\u017cnie od tego, czy jeste\u015b w drodze, czy przy komputerze, zawsze masz dost\u0119p do Spotter.<\/p>\n<p class=\"\" data-start=\"133\" data-end=\"398\">Dzi\u0119ki swojemu kontu online oraz aplikacji na smartfon i tablet, Spotter automatycznie wysy\u0142a lokalizacje i powiadomienia \u2013 bez potrzeby wykonywania dodatkowych czynno\u015bci. Nie musisz instalowa\u0107 \u017cadnego oprogramowania ani kupowa\u0107 licencji \u2013 wszystko dzia\u0142a <a href=\"https:\/\/my.spottergps.com\/SpotterApp\/index.html#login\">online.<\/a><\/p>\n<p class=\"\" data-start=\"400\" data-end=\"414\"><strong data-start=\"400\" data-end=\"412\">Funkcje:<\/strong><\/p>\n<ul>\n<li data-start=\"417\" data-end=\"439\">Bardzo \u0142atwa obs\u0142uga<\/li>\n<li data-start=\"442\" data-end=\"477\">Dost\u0119p online z dowolnego miejsca<\/li>\n<li data-start=\"480\" data-end=\"537\">Mo\u017cliwo\u015b\u0107 logowania dla wielu u\u017cytkownik\u00f3w jednocze\u015bnie<\/li>\n<li data-start=\"540\" data-end=\"585\">Brak konieczno\u015bci instalacji oprogramowania<\/li>\n<li data-start=\"588\" data-end=\"622\">Brak potrzeby wykupowania licencji<\/li>\n<\/ul>\n<p>\u00a0<\/p>\n\n\n\n<figure class=\"wp-block-image size-full is-resized\"><img loading=\"lazy\" decoding=\"async\" width=\"1024\" height=\"796\" src=\"https:\/\/www.spottergps.com\/pl\/wp-content\/uploads\/sites\/9\/2025\/03\/software-spotter.jpg\" alt=\"\" class=\"wp-image-705\" style=\"width:597px;height:auto\" srcset=\"https:\/\/www.spottergps.com\/pl\/wp-content\/uploads\/sites\/9\/2025\/03\/software-spotter.jpg 1024w, https:\/\/www.spottergps.com\/pl\/wp-content\/uploads\/sites\/9\/2025\/03\/software-spotter-300x233.jpg 300w, https:\/\/www.spottergps.com\/pl\/wp-content\/uploads\/sites\/9\/2025\/03\/software-spotter-768x597.jpg 768w\" sizes=\"auto, (max-width: 1024px) 100vw, 1024px\" \/><\/figure>\n","protected":false},"excerpt":{"rendered":"<p>Niezale\u017cnie od tego, czy jeste\u015b w drodze, czy przy komputerze, zawsze masz dost\u0119p do Spotter. Dzi\u0119ki swojemu kontu online oraz aplikacji na smartfon i tablet, Spotter automatycznie wysy\u0142a lokalizacje i powiadomienia \u2013 bez potrzeby wykonywania dodatkowych czynno\u015bci. Nie musisz instalowa\u0107 \u017cadnego oprogramowania ani kupowa\u0107 licencji \u2013 wszystko dzia\u0142a online. Funkcje: Bardzo \u0142atwa obs\u0142uga Dost\u0119p online [&hellip;]<\/p>\n","protected":false},"author":14,"featured_media":0,"parent":638,"menu_order":0,"comment_status":"closed","ping_status":"closed","template":"faq-content.php","meta":{"_acf_changed":false,"footnotes":""},"categories":[5],"tags":[],"class_list":["post-704","page","type-page","status-publish","hentry","category-faq"],"acf":[],"yoast_head":"<!-- This site is optimized with the Yoast SEO plugin v25.9 - https:\/\/yoast.com\/wordpress\/plugins\/seo\/ -->\n<title>Oprogramowanie online Spotter - Spotter - Polen<\/title>\n<meta name=\"robots\" content=\"index, follow, max-snippet:-1, max-image-preview:large, max-video-preview:-1\" \/>\n<link rel=\"canonical\" href=\"https:\/\/www.spottergps.com\/pl\/faq-2\/konto-i-profil\/oprogramowanie-online-spotter\/\" \/>\n<meta property=\"og:locale\" content=\"pl_PL\" \/>\n<meta property=\"og:type\" content=\"article\" \/>\n<meta property=\"og:title\" content=\"Oprogramowanie online Spotter - Spotter - Polen\" \/>\n<meta property=\"og:description\" content=\"Niezale\u017cnie od tego, czy jeste\u015b w drodze, czy przy komputerze, zawsze masz dost\u0119p do Spotter. Dzi\u0119ki swojemu kontu online oraz aplikacji na smartfon i tablet, Spotter automatycznie wysy\u0142a lokalizacje i powiadomienia \u2013 bez potrzeby wykonywania dodatkowych czynno\u015bci. Nie musisz instalowa\u0107 \u017cadnego oprogramowania ani kupowa\u0107 licencji \u2013 wszystko dzia\u0142a online. Funkcje: Bardzo \u0142atwa obs\u0142uga Dost\u0119p online [&hellip;]\" \/>\n<meta property=\"og:url\" content=\"https:\/\/www.spottergps.com\/pl\/faq-2\/konto-i-profil\/oprogramowanie-online-spotter\/\" \/>\n<meta property=\"og:site_name\" content=\"Spotter - Polen\" \/>\n<meta property=\"article:modified_time\" content=\"2025-03-31T11:42:37+00:00\" \/>\n<meta property=\"og:image\" content=\"https:\/\/www.spottergps.com\/pl\/wp-content\/uploads\/sites\/9\/2025\/03\/software-spotter.jpg\" \/>\n<meta name=\"twitter:card\" content=\"summary_large_image\" \/>\n<meta name=\"twitter:label1\" content=\"Szacowany czas czytania\" \/>\n\t<meta name=\"twitter:data1\" content=\"1 minuta\" \/>\n<script type=\"application\/ld+json\" class=\"yoast-schema-graph\">{\"@context\":\"https:\/\/schema.org\",\"@graph\":[{\"@type\":\"WebPage\",\"@id\":\"https:\/\/www.spottergps.com\/pl\/faq-2\/konto-i-profil\/oprogramowanie-online-spotter\/\",\"url\":\"https:\/\/www.spottergps.com\/pl\/faq-2\/konto-i-profil\/oprogramowanie-online-spotter\/\",\"name\":\"Oprogramowanie online Spotter - Spotter - Polen\",\"isPartOf\":{\"@id\":\"https:\/\/www.spottergps.com\/pl\/#website\"},\"primaryImageOfPage\":{\"@id\":\"https:\/\/www.spottergps.com\/pl\/faq-2\/konto-i-profil\/oprogramowanie-online-spotter\/#primaryimage\"},\"image\":{\"@id\":\"https:\/\/www.spottergps.com\/pl\/faq-2\/konto-i-profil\/oprogramowanie-online-spotter\/#primaryimage\"},\"thumbnailUrl\":\"https:\/\/www.spottergps.com\/pl\/wp-content\/uploads\/sites\/9\/2025\/03\/software-spotter.jpg\",\"datePublished\":\"2025-03-31T11:41:57+00:00\",\"dateModified\":\"2025-03-31T11:42:37+00:00\",\"breadcrumb\":{\"@id\":\"https:\/\/www.spottergps.com\/pl\/faq-2\/konto-i-profil\/oprogramowanie-online-spotter\/#breadcrumb\"},\"inLanguage\":\"pl-PL\",\"potentialAction\":[{\"@type\":\"ReadAction\",\"target\":[\"https:\/\/www.spottergps.com\/pl\/faq-2\/konto-i-profil\/oprogramowanie-online-spotter\/\"]}]},{\"@type\":\"ImageObject\",\"inLanguage\":\"pl-PL\",\"@id\":\"https:\/\/www.spottergps.com\/pl\/faq-2\/konto-i-profil\/oprogramowanie-online-spotter\/#primaryimage\",\"url\":\"https:\/\/www.spottergps.com\/pl\/wp-content\/uploads\/sites\/9\/2025\/03\/software-spotter.jpg\",\"contentUrl\":\"https:\/\/www.spottergps.com\/pl\/wp-content\/uploads\/sites\/9\/2025\/03\/software-spotter.jpg\",\"width\":1024,\"height\":796},{\"@type\":\"BreadcrumbList\",\"@id\":\"https:\/\/www.spottergps.com\/pl\/faq-2\/konto-i-profil\/oprogramowanie-online-spotter\/#breadcrumb\",\"itemListElement\":[{\"@type\":\"ListItem\",\"position\":1,\"name\":\"Home\",\"item\":\"https:\/\/www.spottergps.com\/pl\/\"},{\"@type\":\"ListItem\",\"position\":2,\"name\":\"Jak mo\u017cemy ci pom\u00f3c?\",\"item\":\"https:\/\/www.spottergps.com\/pl\/faq-2\/\"},{\"@type\":\"ListItem\",\"position\":3,\"name\":\"Konto i profil\",\"item\":\"https:\/\/www.spottergps.com\/pl\/faq-2\/konto-i-profil\/\"},{\"@type\":\"ListItem\",\"position\":4,\"name\":\"Oprogramowanie online Spotter\"}]},{\"@type\":\"WebSite\",\"@id\":\"https:\/\/www.spottergps.com\/pl\/#website\",\"url\":\"https:\/\/www.spottergps.com\/pl\/\",\"name\":\"Spotter - Polen\",\"description\":\"GPS tracker dla wszystkiego, co kochasz\",\"potentialAction\":[{\"@type\":\"SearchAction\",\"target\":{\"@type\":\"EntryPoint\",\"urlTemplate\":\"https:\/\/www.spottergps.com\/pl\/?s={search_term_string}\"},\"query-input\":{\"@type\":\"PropertyValueSpecification\",\"valueRequired\":true,\"valueName\":\"search_term_string\"}}],\"inLanguage\":\"pl-PL\"}]}<\/script>\n<!-- \/ Yoast SEO plugin. -->","yoast_head_json":{"title":"Oprogramowanie online Spotter - Spotter - Polen","robots":{"index":"index","follow":"follow","max-snippet":"max-snippet:-1","max-image-preview":"max-image-preview:large","max-video-preview":"max-video-preview:-1"},"canonical":"https:\/\/www.spottergps.com\/pl\/faq-2\/konto-i-profil\/oprogramowanie-online-spotter\/","og_locale":"pl_PL","og_type":"article","og_title":"Oprogramowanie online Spotter - Spotter - Polen","og_description":"Niezale\u017cnie od tego, czy jeste\u015b w drodze, czy przy komputerze, zawsze masz dost\u0119p do Spotter. Dzi\u0119ki swojemu kontu online oraz aplikacji na smartfon i tablet, Spotter automatycznie wysy\u0142a lokalizacje i powiadomienia \u2013 bez potrzeby wykonywania dodatkowych czynno\u015bci. Nie musisz instalowa\u0107 \u017cadnego oprogramowania ani kupowa\u0107 licencji \u2013 wszystko dzia\u0142a online. Funkcje: Bardzo \u0142atwa obs\u0142uga Dost\u0119p online [&hellip;]","og_url":"https:\/\/www.spottergps.com\/pl\/faq-2\/konto-i-profil\/oprogramowanie-online-spotter\/","og_site_name":"Spotter - Polen","article_modified_time":"2025-03-31T11:42:37+00:00","og_image":[{"url":"https:\/\/www.spottergps.com\/pl\/wp-content\/uploads\/sites\/9\/2025\/03\/software-spotter.jpg","type":"","width":"","height":""}],"twitter_card":"summary_large_image","twitter_misc":{"Szacowany czas czytania":"1 minuta"},"schema":{"@context":"https:\/\/schema.org","@graph":[{"@type":"WebPage","@id":"https:\/\/www.spottergps.com\/pl\/faq-2\/konto-i-profil\/oprogramowanie-online-spotter\/","url":"https:\/\/www.spottergps.com\/pl\/faq-2\/konto-i-profil\/oprogramowanie-online-spotter\/","name":"Oprogramowanie online Spotter - Spotter - Polen","isPartOf":{"@id":"https:\/\/www.spottergps.com\/pl\/#website"},"primaryImageOfPage":{"@id":"https:\/\/www.spottergps.com\/pl\/faq-2\/konto-i-profil\/oprogramowanie-online-spotter\/#primaryimage"},"image":{"@id":"https:\/\/www.spottergps.com\/pl\/faq-2\/konto-i-profil\/oprogramowanie-online-spotter\/#primaryimage"},"thumbnailUrl":"https:\/\/www.spottergps.com\/pl\/wp-content\/uploads\/sites\/9\/2025\/03\/software-spotter.jpg","datePublished":"2025-03-31T11:41:57+00:00","dateModified":"2025-03-31T11:42:37+00:00","breadcrumb":{"@id":"https:\/\/www.spottergps.com\/pl\/faq-2\/konto-i-profil\/oprogramowanie-online-spotter\/#breadcrumb"},"inLanguage":"pl-PL","potentialAction":[{"@type":"ReadAction","target":["https:\/\/www.spottergps.com\/pl\/faq-2\/konto-i-profil\/oprogramowanie-online-spotter\/"]}]},{"@type":"ImageObject","inLanguage":"pl-PL","@id":"https:\/\/www.spottergps.com\/pl\/faq-2\/konto-i-profil\/oprogramowanie-online-spotter\/#primaryimage","url":"https:\/\/www.spottergps.com\/pl\/wp-content\/uploads\/sites\/9\/2025\/03\/software-spotter.jpg","contentUrl":"https:\/\/www.spottergps.com\/pl\/wp-content\/uploads\/sites\/9\/2025\/03\/software-spotter.jpg","width":1024,"height":796},{"@type":"BreadcrumbList","@id":"https:\/\/www.spottergps.com\/pl\/faq-2\/konto-i-profil\/oprogramowanie-online-spotter\/#breadcrumb","itemListElement":[{"@type":"ListItem","position":1,"name":"Home","item":"https:\/\/www.spottergps.com\/pl\/"},{"@type":"ListItem","position":2,"name":"Jak mo\u017cemy ci pom\u00f3c?","item":"https:\/\/www.spottergps.com\/pl\/faq-2\/"},{"@type":"ListItem","position":3,"name":"Konto i profil","item":"https:\/\/www.spottergps.com\/pl\/faq-2\/konto-i-profil\/"},{"@type":"ListItem","position":4,"name":"Oprogramowanie online Spotter"}]},{"@type":"WebSite","@id":"https:\/\/www.spottergps.com\/pl\/#website","url":"https:\/\/www.spottergps.com\/pl\/","name":"Spotter - Polen","description":"GPS tracker dla wszystkiego, co kochasz","potentialAction":[{"@type":"SearchAction","target":{"@type":"EntryPoint","urlTemplate":"https:\/\/www.spottergps.com\/pl\/?s={search_term_string}"},"query-input":{"@type":"PropertyValueSpecification","valueRequired":true,"valueName":"search_term_string"}}],"inLanguage":"pl-PL"}]}},"_links":{"self":[{"href":"https:\/\/www.spottergps.com\/pl\/wp-json\/wp\/v2\/pages\/704","targetHints":{"allow":["GET"]}}],"collection":[{"href":"https:\/\/www.spottergps.com\/pl\/wp-json\/wp\/v2\/pages"}],"about":[{"href":"https:\/\/www.spottergps.com\/pl\/wp-json\/wp\/v2\/types\/page"}],"author":[{"embeddable":true,"href":"https:\/\/www.spottergps.com\/pl\/wp-json\/wp\/v2\/users\/14"}],"replies":[{"embeddable":true,"href":"https:\/\/www.spottergps.com\/pl\/wp-json\/wp\/v2\/comments?post=704"}],"version-history":[{"count":2,"href":"https:\/\/www.spottergps.com\/pl\/wp-json\/wp\/v2\/pages\/704\/revisions"}],"predecessor-version":[{"id":707,"href":"https:\/\/www.spottergps.com\/pl\/wp-json\/wp\/v2\/pages\/704\/revisions\/707"}],"up":[{"embeddable":true,"href":"https:\/\/www.spottergps.com\/pl\/wp-json\/wp\/v2\/pages\/638"}],"wp:attachment":[{"href":"https:\/\/www.spottergps.com\/pl\/wp-json\/wp\/v2\/media?parent=704"}],"wp:term":[{"taxonomy":"category","embeddable":true,"href":"https:\/\/www.spottergps.com\/pl\/wp-json\/wp\/v2\/categories?post=704"},{"taxonomy":"post_tag","embeddable":true,"href":"https:\/\/www.spottergps.com\/pl\/wp-json\/wp\/v2\/tags?post=704"}],"curies":[{"name":"wp","href":"https:\/\/api.w.org\/{rel}","templated":true}]}}