{"id":700,"date":"2025-03-31T11:31:30","date_gmt":"2025-03-31T11:31:30","guid":{"rendered":"https:\/\/www.spottergps.com\/pl\/?page_id=700"},"modified":"2025-10-17T09:28:34","modified_gmt":"2025-10-17T09:28:34","slug":"wspolpraca","status":"publish","type":"page","link":"https:\/\/www.spottergps.com\/pl\/faq-2\/ogolny\/wspolpraca\/","title":{"rendered":"Wsp\u00f3\u0142praca"},"content":{"rendered":"\n<p class=\"\" data-start=\"0\" data-end=\"93\">Masz zainteresowanie wsp\u00f3\u0142prac\u0105 ze Spotter? Jeste\u015bmy na to zawsze otwarci!<\/p>\n<p class=\"\" data-start=\"95\" data-end=\"246\">Porozmawiajmy o mo\u017cliwo\u015bciach i szansach na wsp\u00f3lne dzia\u0142ania. Wy\u015blij wiadomo\u015b\u0107 na adres naszego <a href=\"mailto:wendy@spottergps.com\">dzia\u0142u marketingu<\/a>, a wkr\u00f3tce si\u0119 z Tob\u0105 skontaktujemy. Mo\u017cesz liczy\u0107 na szybkie i rzeczowe podej\u015bcie \u2013 zale\u017cy nam na owocnej wsp\u00f3\u0142pracy dla obu stron. Czekamy na Twoje propozycje i pomys\u0142y, kt\u00f3re mo\u017cemy wsp\u00f3lnie zrealizowa\u0107.<\/p>\n<p data-start=\"416\" data-end=\"758\" data-is-last-node=\"\" data-is-only-node=\"\">Chcemy tworzy\u0107 partnerstwa oparte na zaufaniu i profesjonalizmie, dlatego ka\u017cdy kontakt traktujemy indywidualnie. Dzi\u0119ki temu wsp\u00f3\u0142praca przebiega sprawnie, a wszystkie strony mog\u0105 maksymalnie wykorzysta\u0107 wsp\u00f3lne mo\u017cliwo\u015bci. Jeste\u015bmy otwarci zar\u00f3wno na kr\u00f3tkoterminowe projekty, jak i d\u0142ugofalowe partnerstwa, kt\u00f3re przynosz\u0105 realne korzy\u015bci.<\/p>\n\n\n\n<p><\/p>\n","protected":false},"excerpt":{"rendered":"<p>Masz zainteresowanie wsp\u00f3\u0142prac\u0105 ze Spotter? Jeste\u015bmy na to zawsze otwarci! Porozmawiajmy o mo\u017cliwo\u015bciach i szansach na wsp\u00f3lne dzia\u0142ania. Wy\u015blij wiadomo\u015b\u0107 na adres naszego dzia\u0142u marketingu, a wkr\u00f3tce si\u0119 z Tob\u0105 skontaktujemy. Mo\u017cesz liczy\u0107 na szybkie i rzeczowe podej\u015bcie \u2013 zale\u017cy nam na owocnej wsp\u00f3\u0142pracy dla obu stron. Czekamy na Twoje propozycje i pomys\u0142y, kt\u00f3re mo\u017cemy [&hellip;]<\/p>\n","protected":false},"author":14,"featured_media":0,"parent":632,"menu_order":0,"comment_status":"closed","ping_status":"closed","template":"faq-content.php","meta":{"_acf_changed":false,"footnotes":""},"categories":[5],"tags":[],"class_list":["post-700","page","type-page","status-publish","hentry","category-faq"],"acf":[],"yoast_head":"<!-- This site is optimized with the Yoast SEO plugin v25.9 - https:\/\/yoast.com\/wordpress\/plugins\/seo\/ -->\n<title>Wsp\u00f3\u0142praca - Spotter - Polen<\/title>\n<meta name=\"robots\" content=\"index, follow, max-snippet:-1, max-image-preview:large, max-video-preview:-1\" \/>\n<link rel=\"canonical\" href=\"https:\/\/www.spottergps.com\/pl\/faq-2\/ogolny\/wspolpraca\/\" \/>\n<meta property=\"og:locale\" content=\"pl_PL\" \/>\n<meta property=\"og:type\" content=\"article\" \/>\n<meta property=\"og:title\" content=\"Wsp\u00f3\u0142praca - Spotter - Polen\" \/>\n<meta property=\"og:description\" content=\"Masz zainteresowanie wsp\u00f3\u0142prac\u0105 ze Spotter? Jeste\u015bmy na to zawsze otwarci! Porozmawiajmy o mo\u017cliwo\u015bciach i szansach na wsp\u00f3lne dzia\u0142ania. Wy\u015blij wiadomo\u015b\u0107 na adres naszego dzia\u0142u marketingu, a wkr\u00f3tce si\u0119 z Tob\u0105 skontaktujemy. Mo\u017cesz liczy\u0107 na szybkie i rzeczowe podej\u015bcie \u2013 zale\u017cy nam na owocnej wsp\u00f3\u0142pracy dla obu stron. Czekamy na Twoje propozycje i pomys\u0142y, kt\u00f3re mo\u017cemy [&hellip;]\" \/>\n<meta property=\"og:url\" content=\"https:\/\/www.spottergps.com\/pl\/faq-2\/ogolny\/wspolpraca\/\" \/>\n<meta property=\"og:site_name\" content=\"Spotter - Polen\" \/>\n<meta property=\"article:modified_time\" content=\"2025-10-17T09:28:34+00:00\" \/>\n<meta name=\"twitter:card\" content=\"summary_large_image\" \/>\n<meta name=\"twitter:label1\" content=\"Szacowany czas czytania\" \/>\n\t<meta name=\"twitter:data1\" content=\"1 minuta\" \/>\n<script type=\"application\/ld+json\" class=\"yoast-schema-graph\">{\"@context\":\"https:\/\/schema.org\",\"@graph\":[{\"@type\":\"WebPage\",\"@id\":\"https:\/\/www.spottergps.com\/pl\/faq-2\/ogolny\/wspolpraca\/\",\"url\":\"https:\/\/www.spottergps.com\/pl\/faq-2\/ogolny\/wspolpraca\/\",\"name\":\"Wsp\u00f3\u0142praca - Spotter - Polen\",\"isPartOf\":{\"@id\":\"https:\/\/www.spottergps.com\/pl\/#website\"},\"datePublished\":\"2025-03-31T11:31:30+00:00\",\"dateModified\":\"2025-10-17T09:28:34+00:00\",\"breadcrumb\":{\"@id\":\"https:\/\/www.spottergps.com\/pl\/faq-2\/ogolny\/wspolpraca\/#breadcrumb\"},\"inLanguage\":\"pl-PL\",\"potentialAction\":[{\"@type\":\"ReadAction\",\"target\":[\"https:\/\/www.spottergps.com\/pl\/faq-2\/ogolny\/wspolpraca\/\"]}]},{\"@type\":\"BreadcrumbList\",\"@id\":\"https:\/\/www.spottergps.com\/pl\/faq-2\/ogolny\/wspolpraca\/#breadcrumb\",\"itemListElement\":[{\"@type\":\"ListItem\",\"position\":1,\"name\":\"Home\",\"item\":\"https:\/\/www.spottergps.com\/pl\/\"},{\"@type\":\"ListItem\",\"position\":2,\"name\":\"Jak mo\u017cemy ci pom\u00f3c?\",\"item\":\"https:\/\/www.spottergps.com\/pl\/faq-2\/\"},{\"@type\":\"ListItem\",\"position\":3,\"name\":\"Og\u00f3lny\",\"item\":\"https:\/\/www.spottergps.com\/pl\/faq-2\/ogolny\/\"},{\"@type\":\"ListItem\",\"position\":4,\"name\":\"Wsp\u00f3\u0142praca\"}]},{\"@type\":\"WebSite\",\"@id\":\"https:\/\/www.spottergps.com\/pl\/#website\",\"url\":\"https:\/\/www.spottergps.com\/pl\/\",\"name\":\"Spotter - Polen\",\"description\":\"GPS tracker dla wszystkiego, co kochasz\",\"potentialAction\":[{\"@type\":\"SearchAction\",\"target\":{\"@type\":\"EntryPoint\",\"urlTemplate\":\"https:\/\/www.spottergps.com\/pl\/?s={search_term_string}\"},\"query-input\":{\"@type\":\"PropertyValueSpecification\",\"valueRequired\":true,\"valueName\":\"search_term_string\"}}],\"inLanguage\":\"pl-PL\"}]}<\/script>\n<!-- \/ Yoast SEO plugin. -->","yoast_head_json":{"title":"Wsp\u00f3\u0142praca - Spotter - Polen","robots":{"index":"index","follow":"follow","max-snippet":"max-snippet:-1","max-image-preview":"max-image-preview:large","max-video-preview":"max-video-preview:-1"},"canonical":"https:\/\/www.spottergps.com\/pl\/faq-2\/ogolny\/wspolpraca\/","og_locale":"pl_PL","og_type":"article","og_title":"Wsp\u00f3\u0142praca - Spotter - Polen","og_description":"Masz zainteresowanie wsp\u00f3\u0142prac\u0105 ze Spotter? Jeste\u015bmy na to zawsze otwarci! Porozmawiajmy o mo\u017cliwo\u015bciach i szansach na wsp\u00f3lne dzia\u0142ania. Wy\u015blij wiadomo\u015b\u0107 na adres naszego dzia\u0142u marketingu, a wkr\u00f3tce si\u0119 z Tob\u0105 skontaktujemy. Mo\u017cesz liczy\u0107 na szybkie i rzeczowe podej\u015bcie \u2013 zale\u017cy nam na owocnej wsp\u00f3\u0142pracy dla obu stron. Czekamy na Twoje propozycje i pomys\u0142y, kt\u00f3re mo\u017cemy [&hellip;]","og_url":"https:\/\/www.spottergps.com\/pl\/faq-2\/ogolny\/wspolpraca\/","og_site_name":"Spotter - Polen","article_modified_time":"2025-10-17T09:28:34+00:00","twitter_card":"summary_large_image","twitter_misc":{"Szacowany czas czytania":"1 minuta"},"schema":{"@context":"https:\/\/schema.org","@graph":[{"@type":"WebPage","@id":"https:\/\/www.spottergps.com\/pl\/faq-2\/ogolny\/wspolpraca\/","url":"https:\/\/www.spottergps.com\/pl\/faq-2\/ogolny\/wspolpraca\/","name":"Wsp\u00f3\u0142praca - Spotter - Polen","isPartOf":{"@id":"https:\/\/www.spottergps.com\/pl\/#website"},"datePublished":"2025-03-31T11:31:30+00:00","dateModified":"2025-10-17T09:28:34+00:00","breadcrumb":{"@id":"https:\/\/www.spottergps.com\/pl\/faq-2\/ogolny\/wspolpraca\/#breadcrumb"},"inLanguage":"pl-PL","potentialAction":[{"@type":"ReadAction","target":["https:\/\/www.spottergps.com\/pl\/faq-2\/ogolny\/wspolpraca\/"]}]},{"@type":"BreadcrumbList","@id":"https:\/\/www.spottergps.com\/pl\/faq-2\/ogolny\/wspolpraca\/#breadcrumb","itemListElement":[{"@type":"ListItem","position":1,"name":"Home","item":"https:\/\/www.spottergps.com\/pl\/"},{"@type":"ListItem","position":2,"name":"Jak mo\u017cemy ci pom\u00f3c?","item":"https:\/\/www.spottergps.com\/pl\/faq-2\/"},{"@type":"ListItem","position":3,"name":"Og\u00f3lny","item":"https:\/\/www.spottergps.com\/pl\/faq-2\/ogolny\/"},{"@type":"ListItem","position":4,"name":"Wsp\u00f3\u0142praca"}]},{"@type":"WebSite","@id":"https:\/\/www.spottergps.com\/pl\/#website","url":"https:\/\/www.spottergps.com\/pl\/","name":"Spotter - Polen","description":"GPS tracker dla wszystkiego, co kochasz","potentialAction":[{"@type":"SearchAction","target":{"@type":"EntryPoint","urlTemplate":"https:\/\/www.spottergps.com\/pl\/?s={search_term_string}"},"query-input":{"@type":"PropertyValueSpecification","valueRequired":true,"valueName":"search_term_string"}}],"inLanguage":"pl-PL"}]}},"_links":{"self":[{"href":"https:\/\/www.spottergps.com\/pl\/wp-json\/wp\/v2\/pages\/700","targetHints":{"allow":["GET"]}}],"collection":[{"href":"https:\/\/www.spottergps.com\/pl\/wp-json\/wp\/v2\/pages"}],"about":[{"href":"https:\/\/www.spottergps.com\/pl\/wp-json\/wp\/v2\/types\/page"}],"author":[{"embeddable":true,"href":"https:\/\/www.spottergps.com\/pl\/wp-json\/wp\/v2\/users\/14"}],"replies":[{"embeddable":true,"href":"https:\/\/www.spottergps.com\/pl\/wp-json\/wp\/v2\/comments?post=700"}],"version-history":[{"count":2,"href":"https:\/\/www.spottergps.com\/pl\/wp-json\/wp\/v2\/pages\/700\/revisions"}],"predecessor-version":[{"id":20944,"href":"https:\/\/www.spottergps.com\/pl\/wp-json\/wp\/v2\/pages\/700\/revisions\/20944"}],"up":[{"embeddable":true,"href":"https:\/\/www.spottergps.com\/pl\/wp-json\/wp\/v2\/pages\/632"}],"wp:attachment":[{"href":"https:\/\/www.spottergps.com\/pl\/wp-json\/wp\/v2\/media?parent=700"}],"wp:term":[{"taxonomy":"category","embeddable":true,"href":"https:\/\/www.spottergps.com\/pl\/wp-json\/wp\/v2\/categories?post=700"},{"taxonomy":"post_tag","embeddable":true,"href":"https:\/\/www.spottergps.com\/pl\/wp-json\/wp\/v2\/tags?post=700"}],"curies":[{"name":"wp","href":"https:\/\/api.w.org\/{rel}","templated":true}]}}