{"id":7,"date":"2025-01-09T10:14:46","date_gmt":"2025-01-09T10:14:46","guid":{"rendered":"https:\/\/www.spottergps.com\/pl\/?page_id=7"},"modified":"2026-01-30T08:20:10","modified_gmt":"2026-01-30T08:20:10","slug":"home","status":"publish","type":"page","link":"https:\/\/www.spottergps.com\/pl\/","title":{"rendered":"Spotter\u00ae lokalizator gps dla wszystkiego, co kochasz"},"content":{"rendered":"\n<p class=\"has-text-align-center home-content-text\"><strong>Wszystko, co kochasz, zawsze blisko Ciebie \u2013 na Twoim smartfonie. Koniec z poszukiwaniami, frustracj\u0105 i niepokojem. Teraz dok\u0142adnie wiesz, gdzie znajduje si\u0119 co\u015b lub kto\u015b wa\u017cny dla Ciebie. Dajesz wi\u0119cej swobody i zapewniasz sobie spok\u00f3j. Ponad 50 000 u\u017cytkownik\u00f3w ju\u017c nam zaufa\u0142o.<\/strong><br><\/p>\n\n\n\n<h2 class=\"wp-block-heading has-text-align-center\">Dla kogo chcesz Spottera?<\/h2>\n\n\n\n<div style=\"height:40px\" aria-hidden=\"true\" class=\"wp-block-spacer\"><\/div>\n\n\n\n<div class=\"wp-block-columns  home-categories is-layout-flex wp-container-core-columns-is-layout-9d6595d7 wp-block-columns-is-layout-flex\">\n<div class=\"wp-block-column is-layout-flow wp-block-column-is-layout-flow\">\n<div class=\"wp-block-columns is-layout-flex wp-container-core-columns-is-layout-9d6595d7 wp-block-columns-is-layout-flex\">\n<div class=\"wp-block-column is-layout-flow wp-block-column-is-layout-flow\"><div class=\"wp-block-image\">\n<figure class=\"aligncenter size-large\"><a href=\"https:\/\/www.spottergps.com\/pl\/zegarek-gps-dla-dzieci-bez-abonamentu\/\"><img decoding=\"async\" src=\"https:\/\/www.spottergps.com\/wp-content\/uploads\/2022\/12\/GPS-tracker-kind-Spotter.svg\" alt=\"Kinderen\" class=\"wp-image-19851\" \/><\/a><\/figure><\/div>\n\n\n<h4 class=\"wp-block-heading has-text-align-center\"><a href=\"https:\/\/www.spottergps.com\/pl\/zegarek-gps-dla-dzieci-bez-abonamentu\/\">Dzieci<\/a><\/h4>\n\n\n\n<p class=\"has-text-align-center\">Zawsze w kontakcie z Twoim dzieckiem podczas zabawy na \u015bwie\u017cym powietrzu lub na wakacjach.<\/p>\n<\/div>\n\n\n\n<div class=\"wp-block-column is-layout-flow wp-block-column-is-layout-flow\"><div class=\"wp-block-image\">\n<figure class=\"aligncenter size-large\"><a href=\"https:\/\/www.spottergps.com\/pl\/tracker-gps-dla-seniorow\/\"><img decoding=\"async\" src=\"https:\/\/www.spottergps.com\/wp-content\/uploads\/2022\/12\/senioren-GPS-tracker-Spotter.svg\" alt=\"Senioren\" class=\"wp-image-19853\" \/><\/a><\/figure><\/div>\n\n\n<h4 class=\"wp-block-heading has-text-align-center\"><a href=\"https:\/\/www.spottergps.com\/pl\/tracker-gps-dla-seniorow\/\">Seniorzy<\/a><\/h4>\n\n\n\n<p class=\"has-text-align-center\">Z poczuciem spokoju, ruszaj\u0105c samodzielnie w drog\u0119.<\/p>\n<\/div>\n<\/div>\n<\/div>\n\n\n\n<div class=\"wp-block-column is-layout-flow wp-block-column-is-layout-flow\">\n<div class=\"wp-block-columns is-layout-flex wp-container-core-columns-is-layout-9d6595d7 wp-block-columns-is-layout-flex\">\n<div class=\"wp-block-column is-layout-flow wp-block-column-is-layout-flow\"><div class=\"wp-block-image\">\n<figure class=\"aligncenter size-large\"><a href=\"https:\/\/www.spottergps.com\/pl\/najmniejszy-gps-tracker-dla-zwierzat\/\"><img decoding=\"async\" src=\"https:\/\/www.spottergps.com\/wp-content\/uploads\/2022\/12\/GPS-tracker-huisdieren.svg\" alt=\"Huisdieren\" class=\"wp-image-19854\" \/><\/a><\/figure><\/div>\n\n\n<h4 class=\"wp-block-heading has-text-align-center\"><a href=\"https:\/\/www.spottergps.com\/pl\/najmniejszy-gps-tracker-dla-zwierzat\/\">Zwierz\u0119ta domowe<\/a><\/h4>\n\n\n\n<p class=\"has-text-align-center\">Odkryj przygody swojego ma\u0142ego przyjaciela.<\/p>\n<\/div>\n\n\n\n<div class=\"wp-block-column is-layout-flow wp-block-column-is-layout-flow\"><div class=\"wp-block-image is-style-default\">\n<figure class=\"aligncenter size-large\"><a href=\"https:\/\/www.spottergps.com\/pl\/lokalizator-gps-do-walizki\/\"><img decoding=\"async\" src=\"https:\/\/www.spottergps.com\/wp-content\/uploads\/2022\/12\/GPS-tracker-koffer.svg\" alt=\"Spullen\" class=\"wp-image-19855\" \/><\/a><\/figure><\/div>\n\n\n<h4 class=\"wp-block-heading has-text-align-center\"><a href=\"https:\/\/www.spottergps.com\/pl\/lokalizator-gps-do-walizki\/\">Przedmioty<\/a><\/h4>\n\n\n\n<p class=\"has-text-align-center\">Zawsze wiesz, gdzie znajduj\u0105 si\u0119 Twoje rzeczy.<\/p>\n<\/div>\n<\/div>\n<\/div>\n<\/div>\n\n\n\n<p class=\"has-text-align-center\" style=\"margin-top: -20px\"><a href=\"#home-products\" class=\"main-button\">Zobacz wszystkie produkty<\/a><\/p>\n\n\n\n<div style=\"height:64px\" aria-hidden=\"true\" class=\"wp-block-spacer\"><\/div>\n\n\n\n<h3 class=\"wp-block-heading has-text-align-center\">Dlatego wybierasz Spottera<\/h3>\n\n\n\n<div style=\"height:40px\" aria-hidden=\"true\" class=\"wp-block-spacer\"><\/div>\n\n\n\n<div class=\"wp-block-columns home-features is-layout-flex wp-container-core-columns-is-layout-9d6595d7 wp-block-columns-is-layout-flex\">\n<div class=\"wp-block-column is-layout-flow wp-block-column-is-layout-flow\"><div class=\"wp-block-image\">\n<figure class=\"aligncenter size-large\"><img decoding=\"async\" src=\"https:\/\/www.spottergps.com\/wp-content\/uploads\/2022\/12\/Spotter-Nederlands-merk.svg\" alt=\"\" class=\"wp-image-19857\" \/><\/figure><\/div>\n\n\n<h4 class=\"wp-block-heading has-text-align-center\">Europejska marka<\/h4>\n\n\n\n<p class=\"has-text-align-center\"><br>Z mi\u0119dzynarodow\u0105 obs\u0142ug\u0105 klienta.<\/p>\n<\/div>\n\n\n\n<div class=\"wp-block-column is-layout-flow wp-block-column-is-layout-flow\"><div class=\"wp-block-image\">\n<figure class=\"aligncenter size-large\"><img decoding=\"async\" src=\"https:\/\/www.spottergps.com\/wp-content\/uploads\/2022\/12\/Spotter-veilig-en-betrouwbaar.svg\" alt=\"\" class=\"wp-image-19858\" \/><\/figure><\/div>\n\n\n<h4 class=\"wp-block-heading has-text-align-center\">Bezpieczny i niezawodny<\/h4>\n\n\n\n<p class=\"has-text-align-center\">Spe\u0142nia wszystkie europejskie normy bezpiecze\u0144stwa.<\/p>\n<\/div>\n\n\n\n<div class=\"wp-block-column is-layout-flow wp-block-column-is-layout-flow\"><div class=\"wp-block-image\">\n<figure class=\"aligncenter size-large\"><img decoding=\"async\" src=\"https:\/\/www.spottergps.com\/wp-content\/uploads\/2022\/12\/GPS-tracker-zonder-abonnement-Spotter.svg\" alt=\"\" class=\"wp-image-19859\" \/><\/figure><\/div>\n\n\n<h4 class=\"wp-block-heading has-text-align-center\">U\u017cycie na karcie przedp\u0142aconej<\/h4>\n\n\n\n<p class=\"has-text-align-center\">Czyli bez abonamentu.<\/p>\n<\/div>\n\n\n\n<div class=\"wp-block-column is-layout-flow wp-block-column-is-layout-flow\"><div class=\"wp-block-image\">\n<figure class=\"aligncenter size-large\"><img decoding=\"async\" src=\"https:\/\/www.spottergps.com\/wp-content\/uploads\/2022\/12\/Spotter-makkelijk-in-gebruik.svg\" alt=\"\" class=\"wp-image-19860\" \/><\/figure><\/div>\n\n\n<h4 class=\"wp-block-heading has-text-align-center\">Bez zb\u0119dnych formalno\u015bci<\/h4>\n\n\n\n<p class=\"has-text-align-center\">Gotowy do u\u017cycia od razu, z kart\u0105 SIM w zestawie.<\/p>\n<\/div>\n\n\n\n<div class=\"wp-block-column is-layout-flow wp-block-column-is-layout-flow\"><div class=\"wp-block-image\">\n<figure class=\"aligncenter size-large\"><img decoding=\"async\" src=\"https:\/\/www.spottergps.com\/wp-content\/uploads\/2022\/12\/Spotter-35000-gebruikers.svg\" alt=\"\" class=\"wp-image-19862\" \/><\/figure><\/div>\n\n\n<h4 class=\"wp-block-heading has-text-align-center\">40 000 u\u017cytkownik\u00f3w<\/h4>\n\n\n\n<p class=\"has-text-align-center\"><br>Poszli za Tob\u0105<\/p>\n<\/div>\n<\/div>\n","protected":false},"excerpt":{"rendered":"<p>Wszystko, co kochasz, zawsze blisko Ciebie \u2013 na Twoim smartfonie. Koniec z poszukiwaniami, frustracj\u0105 i niepokojem. Teraz dok\u0142adnie wiesz, gdzie znajduje si\u0119 co\u015b lub kto\u015b wa\u017cny dla Ciebie. Dajesz wi\u0119cej swobody i zapewniasz sobie spok\u00f3j. Ponad 50 000 u\u017cytkownik\u00f3w ju\u017c nam zaufa\u0142o. Dla kogo chcesz Spottera? Dzieci Zawsze w kontakcie z Twoim dzieckiem podczas zabawy [&hellip;]<\/p>\n","protected":false},"author":1,"featured_media":0,"parent":0,"menu_order":0,"comment_status":"closed","ping_status":"closed","template":"","meta":{"_acf_changed":false,"footnotes":""},"categories":[],"tags":[],"class_list":["post-7","page","type-page","status-publish","hentry"],"acf":[],"yoast_head":"<!-- This site is optimized with the Yoast SEO plugin v25.9 - https:\/\/yoast.com\/wordpress\/plugins\/seo\/ -->\n<title>Spotter\u00ae lokalizator GPS i zegarki GPS dla wszystkiego, co kochasz \u2764<\/title>\n<meta name=\"robots\" content=\"index, follow, max-snippet:-1, max-image-preview:large, max-video-preview:-1\" \/>\n<link rel=\"canonical\" href=\"https:\/\/www.spottergps.com\/pl\/\" \/>\n<meta property=\"og:locale\" content=\"pl_PL\" \/>\n<meta property=\"og:type\" content=\"article\" \/>\n<meta property=\"og:title\" content=\"Spotter\u00ae lokalizator GPS i zegarki GPS dla wszystkiego, co kochasz \u2764\" \/>\n<meta property=\"og:description\" content=\"Wszystko, co kochasz, zawsze blisko Ciebie \u2013 na Twoim smartfonie. Koniec z poszukiwaniami, frustracj\u0105 i niepokojem. Teraz dok\u0142adnie wiesz, gdzie znajduje si\u0119 co\u015b lub kto\u015b wa\u017cny dla Ciebie. Dajesz wi\u0119cej swobody i zapewniasz sobie spok\u00f3j. Ponad 50 000 u\u017cytkownik\u00f3w ju\u017c nam zaufa\u0142o. Dla kogo chcesz Spottera? Dzieci Zawsze w kontakcie z Twoim dzieckiem podczas zabawy [&hellip;]\" \/>\n<meta property=\"og:url\" content=\"https:\/\/www.spottergps.com\/pl\/\" \/>\n<meta property=\"og:site_name\" content=\"Spotter - Polen\" \/>\n<meta property=\"article:modified_time\" content=\"2026-01-30T08:20:10+00:00\" \/>\n<meta name=\"twitter:card\" content=\"summary_large_image\" \/>\n<meta name=\"twitter:label1\" content=\"Szacowany czas czytania\" \/>\n\t<meta name=\"twitter:data1\" content=\"3 minuty\" \/>\n<script type=\"application\/ld+json\" class=\"yoast-schema-graph\">{\"@context\":\"https:\/\/schema.org\",\"@graph\":[{\"@type\":\"WebPage\",\"@id\":\"https:\/\/www.spottergps.com\/pl\/\",\"url\":\"https:\/\/www.spottergps.com\/pl\/\",\"name\":\"Spotter\u00ae lokalizator GPS i zegarki GPS dla wszystkiego, co kochasz \u2764\",\"isPartOf\":{\"@id\":\"https:\/\/www.spottergps.com\/pl\/#website\"},\"primaryImageOfPage\":{\"@id\":\"https:\/\/www.spottergps.com\/pl\/#primaryimage\"},\"image\":{\"@id\":\"https:\/\/www.spottergps.com\/pl\/#primaryimage\"},\"thumbnailUrl\":\"https:\/\/www.spottergps.com\/wp-content\/uploads\/2022\/12\/GPS-tracker-kind-Spotter.svg\",\"datePublished\":\"2025-01-09T10:14:46+00:00\",\"dateModified\":\"2026-01-30T08:20:10+00:00\",\"breadcrumb\":{\"@id\":\"https:\/\/www.spottergps.com\/pl\/#breadcrumb\"},\"inLanguage\":\"pl-PL\",\"potentialAction\":[{\"@type\":\"ReadAction\",\"target\":[\"https:\/\/www.spottergps.com\/pl\/\"]}]},{\"@type\":\"ImageObject\",\"inLanguage\":\"pl-PL\",\"@id\":\"https:\/\/www.spottergps.com\/pl\/#primaryimage\",\"url\":\"https:\/\/www.spottergps.com\/wp-content\/uploads\/2022\/12\/GPS-tracker-kind-Spotter.svg\",\"contentUrl\":\"https:\/\/www.spottergps.com\/wp-content\/uploads\/2022\/12\/GPS-tracker-kind-Spotter.svg\"},{\"@type\":\"BreadcrumbList\",\"@id\":\"https:\/\/www.spottergps.com\/pl\/#breadcrumb\",\"itemListElement\":[{\"@type\":\"ListItem\",\"position\":1,\"name\":\"Home\",\"item\":\"https:\/\/www.spottergps.com\/pl\/\"},{\"@type\":\"ListItem\",\"position\":2,\"name\":\"Spotter\u00ae lokalizator gps dla wszystkiego, co kochasz\"}]},{\"@type\":\"WebSite\",\"@id\":\"https:\/\/www.spottergps.com\/pl\/#website\",\"url\":\"https:\/\/www.spottergps.com\/pl\/\",\"name\":\"Spotter - Polen\",\"description\":\"GPS tracker dla wszystkiego, co kochasz\",\"potentialAction\":[{\"@type\":\"SearchAction\",\"target\":{\"@type\":\"EntryPoint\",\"urlTemplate\":\"https:\/\/www.spottergps.com\/pl\/?s={search_term_string}\"},\"query-input\":{\"@type\":\"PropertyValueSpecification\",\"valueRequired\":true,\"valueName\":\"search_term_string\"}}],\"inLanguage\":\"pl-PL\"}]}<\/script>\n<!-- \/ Yoast SEO plugin. -->","yoast_head_json":{"title":"Spotter\u00ae lokalizator GPS i zegarki GPS dla wszystkiego, co kochasz \u2764","robots":{"index":"index","follow":"follow","max-snippet":"max-snippet:-1","max-image-preview":"max-image-preview:large","max-video-preview":"max-video-preview:-1"},"canonical":"https:\/\/www.spottergps.com\/pl\/","og_locale":"pl_PL","og_type":"article","og_title":"Spotter\u00ae lokalizator GPS i zegarki GPS dla wszystkiego, co kochasz \u2764","og_description":"Wszystko, co kochasz, zawsze blisko Ciebie \u2013 na Twoim smartfonie. Koniec z poszukiwaniami, frustracj\u0105 i niepokojem. Teraz dok\u0142adnie wiesz, gdzie znajduje si\u0119 co\u015b lub kto\u015b wa\u017cny dla Ciebie. Dajesz wi\u0119cej swobody i zapewniasz sobie spok\u00f3j. Ponad 50 000 u\u017cytkownik\u00f3w ju\u017c nam zaufa\u0142o. Dla kogo chcesz Spottera? Dzieci Zawsze w kontakcie z Twoim dzieckiem podczas zabawy [&hellip;]","og_url":"https:\/\/www.spottergps.com\/pl\/","og_site_name":"Spotter - Polen","article_modified_time":"2026-01-30T08:20:10+00:00","twitter_card":"summary_large_image","twitter_misc":{"Szacowany czas czytania":"3 minuty"},"schema":{"@context":"https:\/\/schema.org","@graph":[{"@type":"WebPage","@id":"https:\/\/www.spottergps.com\/pl\/","url":"https:\/\/www.spottergps.com\/pl\/","name":"Spotter\u00ae lokalizator GPS i zegarki GPS dla wszystkiego, co kochasz \u2764","isPartOf":{"@id":"https:\/\/www.spottergps.com\/pl\/#website"},"primaryImageOfPage":{"@id":"https:\/\/www.spottergps.com\/pl\/#primaryimage"},"image":{"@id":"https:\/\/www.spottergps.com\/pl\/#primaryimage"},"thumbnailUrl":"https:\/\/www.spottergps.com\/wp-content\/uploads\/2022\/12\/GPS-tracker-kind-Spotter.svg","datePublished":"2025-01-09T10:14:46+00:00","dateModified":"2026-01-30T08:20:10+00:00","breadcrumb":{"@id":"https:\/\/www.spottergps.com\/pl\/#breadcrumb"},"inLanguage":"pl-PL","potentialAction":[{"@type":"ReadAction","target":["https:\/\/www.spottergps.com\/pl\/"]}]},{"@type":"ImageObject","inLanguage":"pl-PL","@id":"https:\/\/www.spottergps.com\/pl\/#primaryimage","url":"https:\/\/www.spottergps.com\/wp-content\/uploads\/2022\/12\/GPS-tracker-kind-Spotter.svg","contentUrl":"https:\/\/www.spottergps.com\/wp-content\/uploads\/2022\/12\/GPS-tracker-kind-Spotter.svg"},{"@type":"BreadcrumbList","@id":"https:\/\/www.spottergps.com\/pl\/#breadcrumb","itemListElement":[{"@type":"ListItem","position":1,"name":"Home","item":"https:\/\/www.spottergps.com\/pl\/"},{"@type":"ListItem","position":2,"name":"Spotter\u00ae lokalizator gps dla wszystkiego, co kochasz"}]},{"@type":"WebSite","@id":"https:\/\/www.spottergps.com\/pl\/#website","url":"https:\/\/www.spottergps.com\/pl\/","name":"Spotter - Polen","description":"GPS tracker dla wszystkiego, co kochasz","potentialAction":[{"@type":"SearchAction","target":{"@type":"EntryPoint","urlTemplate":"https:\/\/www.spottergps.com\/pl\/?s={search_term_string}"},"query-input":{"@type":"PropertyValueSpecification","valueRequired":true,"valueName":"search_term_string"}}],"inLanguage":"pl-PL"}]}},"_links":{"self":[{"href":"https:\/\/www.spottergps.com\/pl\/wp-json\/wp\/v2\/pages\/7","targetHints":{"allow":["GET"]}}],"collection":[{"href":"https:\/\/www.spottergps.com\/pl\/wp-json\/wp\/v2\/pages"}],"about":[{"href":"https:\/\/www.spottergps.com\/pl\/wp-json\/wp\/v2\/types\/page"}],"author":[{"embeddable":true,"href":"https:\/\/www.spottergps.com\/pl\/wp-json\/wp\/v2\/users\/1"}],"replies":[{"embeddable":true,"href":"https:\/\/www.spottergps.com\/pl\/wp-json\/wp\/v2\/comments?post=7"}],"version-history":[{"count":20,"href":"https:\/\/www.spottergps.com\/pl\/wp-json\/wp\/v2\/pages\/7\/revisions"}],"predecessor-version":[{"id":21193,"href":"https:\/\/www.spottergps.com\/pl\/wp-json\/wp\/v2\/pages\/7\/revisions\/21193"}],"wp:attachment":[{"href":"https:\/\/www.spottergps.com\/pl\/wp-json\/wp\/v2\/media?parent=7"}],"wp:term":[{"taxonomy":"category","embeddable":true,"href":"https:\/\/www.spottergps.com\/pl\/wp-json\/wp\/v2\/categories?post=7"},{"taxonomy":"post_tag","embeddable":true,"href":"https:\/\/www.spottergps.com\/pl\/wp-json\/wp\/v2\/tags?post=7"}],"curies":[{"name":"wp","href":"https:\/\/api.w.org\/{rel}","templated":true}]}}