{"id":693,"date":"2025-03-31T11:27:02","date_gmt":"2025-03-31T11:27:02","guid":{"rendered":"https:\/\/www.spottergps.com\/pl\/?page_id=693"},"modified":"2025-10-17T09:23:59","modified_gmt":"2025-10-17T09:23:59","slug":"dlaczego-nie-moge-zadzwonic-do-spotter-b-v","status":"publish","type":"page","link":"https:\/\/www.spottergps.com\/pl\/faq-2\/ogolny\/dlaczego-nie-moge-zadzwonic-do-spotter-b-v\/","title":{"rendered":"Dlaczego nie mog\u0119 zadzwoni\u0107 do Spotter B.V.?"},"content":{"rendered":"\n<p class=\"\" data-start=\"0\" data-end=\"249\">Aby jak najszybciej i najskuteczniej odpowiedzie\u0107 na Twoje pytanie lub rozwi\u0105za\u0107 problem, zdecydowali\u015bmy si\u0119 na komunikacj\u0119 mailow\u0105. Dzi\u0119ki temu mo\u017cemy udzieli\u0107 Ci pe\u0142nej i precyzyjnej odpowiedzi.<\/p>\n<p class=\"\" data-start=\"251\" data-end=\"439\">Mo\u017cesz skontaktowa\u0107 si\u0119 z naszym dzia\u0142em obs\u0142ugi klienta, wype\u0142niaj\u0105c <a href=\"https:\/\/www.spottergps.com\/pl\/w-czym-mozemy-panstwu-pomoc\/\"><span style=\"text-decoration: underline\">formularz kontaktowy<\/span><\/a> na naszej stronie internetowej. Staramy si\u0119 odpowiada\u0107 na wiadomo\u015bci w ci\u0105gu 48 godzin roboczych.<\/p>\n<p data-start=\"251\" data-end=\"439\">Korzystaj\u0105c z formularza, masz pewno\u015b\u0107, \u017ce Twoje zg\u0142oszenie trafi bezpo\u015brednio do odpowiedniego specjalisty, kt\u00f3ry dok\u0142adnie przeanalizuje problem i udzieli kompletnej odpowiedzi. Dzi\u0119ki temu czas oczekiwania jest kr\u00f3tszy, a proces rozwi\u0105zywania sprawy bardziej przejrzysty i efektywny.<\/p>\n","protected":false},"excerpt":{"rendered":"<p>Aby jak najszybciej i najskuteczniej odpowiedzie\u0107 na Twoje pytanie lub rozwi\u0105za\u0107 problem, zdecydowali\u015bmy si\u0119 na komunikacj\u0119 mailow\u0105. Dzi\u0119ki temu mo\u017cemy udzieli\u0107 Ci pe\u0142nej i precyzyjnej odpowiedzi. Mo\u017cesz skontaktowa\u0107 si\u0119 z naszym dzia\u0142em obs\u0142ugi klienta, wype\u0142niaj\u0105c formularz kontaktowy na naszej stronie internetowej. Staramy si\u0119 odpowiada\u0107 na wiadomo\u015bci w ci\u0105gu 48 godzin roboczych. Korzystaj\u0105c z formularza, masz [&hellip;]<\/p>\n","protected":false},"author":14,"featured_media":0,"parent":632,"menu_order":0,"comment_status":"closed","ping_status":"closed","template":"faq-content.php","meta":{"_acf_changed":false,"footnotes":""},"categories":[5],"tags":[],"class_list":["post-693","page","type-page","status-publish","hentry","category-faq"],"acf":[],"yoast_head":"<!-- This site is optimized with the Yoast SEO plugin v25.9 - https:\/\/yoast.com\/wordpress\/plugins\/seo\/ -->\n<title>Dlaczego nie mog\u0119 zadzwoni\u0107 do Spotter B.V.? - Spotter - Polen<\/title>\n<meta name=\"robots\" content=\"index, follow, max-snippet:-1, max-image-preview:large, max-video-preview:-1\" \/>\n<link rel=\"canonical\" href=\"https:\/\/www.spottergps.com\/pl\/faq-2\/ogolny\/dlaczego-nie-moge-zadzwonic-do-spotter-b-v\/\" \/>\n<meta property=\"og:locale\" content=\"pl_PL\" \/>\n<meta property=\"og:type\" content=\"article\" \/>\n<meta property=\"og:title\" content=\"Dlaczego nie mog\u0119 zadzwoni\u0107 do Spotter B.V.? - Spotter - Polen\" \/>\n<meta property=\"og:description\" content=\"Aby jak najszybciej i najskuteczniej odpowiedzie\u0107 na Twoje pytanie lub rozwi\u0105za\u0107 problem, zdecydowali\u015bmy si\u0119 na komunikacj\u0119 mailow\u0105. Dzi\u0119ki temu mo\u017cemy udzieli\u0107 Ci pe\u0142nej i precyzyjnej odpowiedzi. Mo\u017cesz skontaktowa\u0107 si\u0119 z naszym dzia\u0142em obs\u0142ugi klienta, wype\u0142niaj\u0105c formularz kontaktowy na naszej stronie internetowej. Staramy si\u0119 odpowiada\u0107 na wiadomo\u015bci w ci\u0105gu 48 godzin roboczych. Korzystaj\u0105c z formularza, masz [&hellip;]\" \/>\n<meta property=\"og:url\" content=\"https:\/\/www.spottergps.com\/pl\/faq-2\/ogolny\/dlaczego-nie-moge-zadzwonic-do-spotter-b-v\/\" \/>\n<meta property=\"og:site_name\" content=\"Spotter - Polen\" \/>\n<meta property=\"article:modified_time\" content=\"2025-10-17T09:23:59+00:00\" \/>\n<meta name=\"twitter:card\" content=\"summary_large_image\" \/>\n<meta name=\"twitter:label1\" content=\"Szacowany czas czytania\" \/>\n\t<meta name=\"twitter:data1\" content=\"1 minuta\" \/>\n<script type=\"application\/ld+json\" class=\"yoast-schema-graph\">{\"@context\":\"https:\/\/schema.org\",\"@graph\":[{\"@type\":\"WebPage\",\"@id\":\"https:\/\/www.spottergps.com\/pl\/faq-2\/ogolny\/dlaczego-nie-moge-zadzwonic-do-spotter-b-v\/\",\"url\":\"https:\/\/www.spottergps.com\/pl\/faq-2\/ogolny\/dlaczego-nie-moge-zadzwonic-do-spotter-b-v\/\",\"name\":\"Dlaczego nie mog\u0119 zadzwoni\u0107 do Spotter B.V.? - Spotter - Polen\",\"isPartOf\":{\"@id\":\"https:\/\/www.spottergps.com\/pl\/#website\"},\"datePublished\":\"2025-03-31T11:27:02+00:00\",\"dateModified\":\"2025-10-17T09:23:59+00:00\",\"breadcrumb\":{\"@id\":\"https:\/\/www.spottergps.com\/pl\/faq-2\/ogolny\/dlaczego-nie-moge-zadzwonic-do-spotter-b-v\/#breadcrumb\"},\"inLanguage\":\"pl-PL\",\"potentialAction\":[{\"@type\":\"ReadAction\",\"target\":[\"https:\/\/www.spottergps.com\/pl\/faq-2\/ogolny\/dlaczego-nie-moge-zadzwonic-do-spotter-b-v\/\"]}]},{\"@type\":\"BreadcrumbList\",\"@id\":\"https:\/\/www.spottergps.com\/pl\/faq-2\/ogolny\/dlaczego-nie-moge-zadzwonic-do-spotter-b-v\/#breadcrumb\",\"itemListElement\":[{\"@type\":\"ListItem\",\"position\":1,\"name\":\"Home\",\"item\":\"https:\/\/www.spottergps.com\/pl\/\"},{\"@type\":\"ListItem\",\"position\":2,\"name\":\"Jak mo\u017cemy ci pom\u00f3c?\",\"item\":\"https:\/\/www.spottergps.com\/pl\/faq-2\/\"},{\"@type\":\"ListItem\",\"position\":3,\"name\":\"Og\u00f3lny\",\"item\":\"https:\/\/www.spottergps.com\/pl\/faq-2\/ogolny\/\"},{\"@type\":\"ListItem\",\"position\":4,\"name\":\"Dlaczego nie mog\u0119 zadzwoni\u0107 do Spotter B.V.?\"}]},{\"@type\":\"WebSite\",\"@id\":\"https:\/\/www.spottergps.com\/pl\/#website\",\"url\":\"https:\/\/www.spottergps.com\/pl\/\",\"name\":\"Spotter - Polen\",\"description\":\"GPS tracker dla wszystkiego, co kochasz\",\"potentialAction\":[{\"@type\":\"SearchAction\",\"target\":{\"@type\":\"EntryPoint\",\"urlTemplate\":\"https:\/\/www.spottergps.com\/pl\/?s={search_term_string}\"},\"query-input\":{\"@type\":\"PropertyValueSpecification\",\"valueRequired\":true,\"valueName\":\"search_term_string\"}}],\"inLanguage\":\"pl-PL\"}]}<\/script>\n<!-- \/ Yoast SEO plugin. -->","yoast_head_json":{"title":"Dlaczego nie mog\u0119 zadzwoni\u0107 do Spotter B.V.? - Spotter - Polen","robots":{"index":"index","follow":"follow","max-snippet":"max-snippet:-1","max-image-preview":"max-image-preview:large","max-video-preview":"max-video-preview:-1"},"canonical":"https:\/\/www.spottergps.com\/pl\/faq-2\/ogolny\/dlaczego-nie-moge-zadzwonic-do-spotter-b-v\/","og_locale":"pl_PL","og_type":"article","og_title":"Dlaczego nie mog\u0119 zadzwoni\u0107 do Spotter B.V.? - Spotter - Polen","og_description":"Aby jak najszybciej i najskuteczniej odpowiedzie\u0107 na Twoje pytanie lub rozwi\u0105za\u0107 problem, zdecydowali\u015bmy si\u0119 na komunikacj\u0119 mailow\u0105. Dzi\u0119ki temu mo\u017cemy udzieli\u0107 Ci pe\u0142nej i precyzyjnej odpowiedzi. Mo\u017cesz skontaktowa\u0107 si\u0119 z naszym dzia\u0142em obs\u0142ugi klienta, wype\u0142niaj\u0105c formularz kontaktowy na naszej stronie internetowej. Staramy si\u0119 odpowiada\u0107 na wiadomo\u015bci w ci\u0105gu 48 godzin roboczych. Korzystaj\u0105c z formularza, masz [&hellip;]","og_url":"https:\/\/www.spottergps.com\/pl\/faq-2\/ogolny\/dlaczego-nie-moge-zadzwonic-do-spotter-b-v\/","og_site_name":"Spotter - Polen","article_modified_time":"2025-10-17T09:23:59+00:00","twitter_card":"summary_large_image","twitter_misc":{"Szacowany czas czytania":"1 minuta"},"schema":{"@context":"https:\/\/schema.org","@graph":[{"@type":"WebPage","@id":"https:\/\/www.spottergps.com\/pl\/faq-2\/ogolny\/dlaczego-nie-moge-zadzwonic-do-spotter-b-v\/","url":"https:\/\/www.spottergps.com\/pl\/faq-2\/ogolny\/dlaczego-nie-moge-zadzwonic-do-spotter-b-v\/","name":"Dlaczego nie mog\u0119 zadzwoni\u0107 do Spotter B.V.? - Spotter - Polen","isPartOf":{"@id":"https:\/\/www.spottergps.com\/pl\/#website"},"datePublished":"2025-03-31T11:27:02+00:00","dateModified":"2025-10-17T09:23:59+00:00","breadcrumb":{"@id":"https:\/\/www.spottergps.com\/pl\/faq-2\/ogolny\/dlaczego-nie-moge-zadzwonic-do-spotter-b-v\/#breadcrumb"},"inLanguage":"pl-PL","potentialAction":[{"@type":"ReadAction","target":["https:\/\/www.spottergps.com\/pl\/faq-2\/ogolny\/dlaczego-nie-moge-zadzwonic-do-spotter-b-v\/"]}]},{"@type":"BreadcrumbList","@id":"https:\/\/www.spottergps.com\/pl\/faq-2\/ogolny\/dlaczego-nie-moge-zadzwonic-do-spotter-b-v\/#breadcrumb","itemListElement":[{"@type":"ListItem","position":1,"name":"Home","item":"https:\/\/www.spottergps.com\/pl\/"},{"@type":"ListItem","position":2,"name":"Jak mo\u017cemy ci pom\u00f3c?","item":"https:\/\/www.spottergps.com\/pl\/faq-2\/"},{"@type":"ListItem","position":3,"name":"Og\u00f3lny","item":"https:\/\/www.spottergps.com\/pl\/faq-2\/ogolny\/"},{"@type":"ListItem","position":4,"name":"Dlaczego nie mog\u0119 zadzwoni\u0107 do Spotter B.V.?"}]},{"@type":"WebSite","@id":"https:\/\/www.spottergps.com\/pl\/#website","url":"https:\/\/www.spottergps.com\/pl\/","name":"Spotter - Polen","description":"GPS tracker dla wszystkiego, co kochasz","potentialAction":[{"@type":"SearchAction","target":{"@type":"EntryPoint","urlTemplate":"https:\/\/www.spottergps.com\/pl\/?s={search_term_string}"},"query-input":{"@type":"PropertyValueSpecification","valueRequired":true,"valueName":"search_term_string"}}],"inLanguage":"pl-PL"}]}},"_links":{"self":[{"href":"https:\/\/www.spottergps.com\/pl\/wp-json\/wp\/v2\/pages\/693","targetHints":{"allow":["GET"]}}],"collection":[{"href":"https:\/\/www.spottergps.com\/pl\/wp-json\/wp\/v2\/pages"}],"about":[{"href":"https:\/\/www.spottergps.com\/pl\/wp-json\/wp\/v2\/types\/page"}],"author":[{"embeddable":true,"href":"https:\/\/www.spottergps.com\/pl\/wp-json\/wp\/v2\/users\/14"}],"replies":[{"embeddable":true,"href":"https:\/\/www.spottergps.com\/pl\/wp-json\/wp\/v2\/comments?post=693"}],"version-history":[{"count":3,"href":"https:\/\/www.spottergps.com\/pl\/wp-json\/wp\/v2\/pages\/693\/revisions"}],"predecessor-version":[{"id":20940,"href":"https:\/\/www.spottergps.com\/pl\/wp-json\/wp\/v2\/pages\/693\/revisions\/20940"}],"up":[{"embeddable":true,"href":"https:\/\/www.spottergps.com\/pl\/wp-json\/wp\/v2\/pages\/632"}],"wp:attachment":[{"href":"https:\/\/www.spottergps.com\/pl\/wp-json\/wp\/v2\/media?parent=693"}],"wp:term":[{"taxonomy":"category","embeddable":true,"href":"https:\/\/www.spottergps.com\/pl\/wp-json\/wp\/v2\/categories?post=693"},{"taxonomy":"post_tag","embeddable":true,"href":"https:\/\/www.spottergps.com\/pl\/wp-json\/wp\/v2\/tags?post=693"}],"curies":[{"name":"wp","href":"https:\/\/api.w.org\/{rel}","templated":true}]}}