{"id":684,"date":"2025-03-31T11:16:35","date_gmt":"2025-03-31T11:16:35","guid":{"rendered":"https:\/\/www.spottergps.com\/pl\/?page_id=684"},"modified":"2025-10-17T09:18:01","modified_gmt":"2025-10-17T09:18:01","slug":"cos-poszlo-nie-tak-przy-zamowieniu","status":"publish","type":"page","link":"https:\/\/www.spottergps.com\/pl\/faq-2\/ogolny\/cos-poszlo-nie-tak-przy-zamowieniu\/","title":{"rendered":"Co\u015b posz\u0142o nie tak przy zam\u00f3wieniu"},"content":{"rendered":"\n<p data-start=\"0\" data-end=\"106\">Czasami w trakcie sk\u0142adania zam\u00f3wienia mog\u0105 wyst\u0105pi\u0107 drobne b\u0142\u0119dy techniczne lub problemy z p\u0142atno\u015bci\u0105. Warto wtedy sprawdzi\u0107, czy p\u0142atno\u015b\u0107 zosta\u0142a poprawnie zrealizowana oraz czy otrzyma\u0142e\u015b potwierdzenie zam\u00f3wienia na adres e-mail. Je\u015bli nie, najlepiej skontaktowa\u0107 si\u0119 z naszym zespo\u0142em, aby\u015bmy mogli dok\u0142adnie sprawdzi\u0107 sytuacj\u0119 i zaproponowa\u0107 odpowiednie rozwi\u0105zanie.<\/p>\n<p data-start=\"0\" data-end=\"106\">\u00a0<\/p>\n<p class=\"\" data-start=\"0\" data-end=\"106\">To nieprzyjemna sytuacja, ale ch\u0119tnie pomo\u017cemy Ci j\u0105 rozwi\u0105za\u0107.<\/p>\n<p class=\"\" data-start=\"108\" data-end=\"211\">Wype\u0142nij nasz <a href=\"https:\/\/www.spottergps.com\/pl\/w-czym-mozemy-panstwu-pomoc\/\"><span style=\"text-decoration: underline\">formularz kontaktowy<\/span><\/a> i opisz, co posz\u0142o nie tak \u2013 postaramy si\u0119 jak najszybciej Ci pom\u00f3c.<\/p>\n\n\n\n<p><\/p>\n","protected":false},"excerpt":{"rendered":"<p>Czasami w trakcie sk\u0142adania zam\u00f3wienia mog\u0105 wyst\u0105pi\u0107 drobne b\u0142\u0119dy techniczne lub problemy z p\u0142atno\u015bci\u0105. Warto wtedy sprawdzi\u0107, czy p\u0142atno\u015b\u0107 zosta\u0142a poprawnie zrealizowana oraz czy otrzyma\u0142e\u015b potwierdzenie zam\u00f3wienia na adres e-mail. Je\u015bli nie, najlepiej skontaktowa\u0107 si\u0119 z naszym zespo\u0142em, aby\u015bmy mogli dok\u0142adnie sprawdzi\u0107 sytuacj\u0119 i zaproponowa\u0107 odpowiednie rozwi\u0105zanie. \u00a0 To nieprzyjemna sytuacja, ale ch\u0119tnie pomo\u017cemy Ci [&hellip;]<\/p>\n","protected":false},"author":14,"featured_media":0,"parent":632,"menu_order":0,"comment_status":"closed","ping_status":"closed","template":"faq-content.php","meta":{"_acf_changed":false,"footnotes":""},"categories":[5],"tags":[],"class_list":["post-684","page","type-page","status-publish","hentry","category-faq"],"acf":[],"yoast_head":"<!-- This site is optimized with the Yoast SEO plugin v25.9 - https:\/\/yoast.com\/wordpress\/plugins\/seo\/ -->\n<title>Co\u015b posz\u0142o nie tak przy zam\u00f3wieniu - Spotter - Polen<\/title>\n<meta name=\"robots\" content=\"index, follow, max-snippet:-1, max-image-preview:large, max-video-preview:-1\" \/>\n<link rel=\"canonical\" href=\"https:\/\/www.spottergps.com\/pl\/faq-2\/ogolny\/cos-poszlo-nie-tak-przy-zamowieniu\/\" \/>\n<meta property=\"og:locale\" content=\"pl_PL\" \/>\n<meta property=\"og:type\" content=\"article\" \/>\n<meta property=\"og:title\" content=\"Co\u015b posz\u0142o nie tak przy zam\u00f3wieniu - Spotter - Polen\" \/>\n<meta property=\"og:description\" content=\"Czasami w trakcie sk\u0142adania zam\u00f3wienia mog\u0105 wyst\u0105pi\u0107 drobne b\u0142\u0119dy techniczne lub problemy z p\u0142atno\u015bci\u0105. Warto wtedy sprawdzi\u0107, czy p\u0142atno\u015b\u0107 zosta\u0142a poprawnie zrealizowana oraz czy otrzyma\u0142e\u015b potwierdzenie zam\u00f3wienia na adres e-mail. Je\u015bli nie, najlepiej skontaktowa\u0107 si\u0119 z naszym zespo\u0142em, aby\u015bmy mogli dok\u0142adnie sprawdzi\u0107 sytuacj\u0119 i zaproponowa\u0107 odpowiednie rozwi\u0105zanie. \u00a0 To nieprzyjemna sytuacja, ale ch\u0119tnie pomo\u017cemy Ci [&hellip;]\" \/>\n<meta property=\"og:url\" content=\"https:\/\/www.spottergps.com\/pl\/faq-2\/ogolny\/cos-poszlo-nie-tak-przy-zamowieniu\/\" \/>\n<meta property=\"og:site_name\" content=\"Spotter - Polen\" \/>\n<meta property=\"article:modified_time\" content=\"2025-10-17T09:18:01+00:00\" \/>\n<meta name=\"twitter:card\" content=\"summary_large_image\" \/>\n<meta name=\"twitter:label1\" content=\"Szacowany czas czytania\" \/>\n\t<meta name=\"twitter:data1\" content=\"1 minuta\" \/>\n<script type=\"application\/ld+json\" class=\"yoast-schema-graph\">{\"@context\":\"https:\/\/schema.org\",\"@graph\":[{\"@type\":\"WebPage\",\"@id\":\"https:\/\/www.spottergps.com\/pl\/faq-2\/ogolny\/cos-poszlo-nie-tak-przy-zamowieniu\/\",\"url\":\"https:\/\/www.spottergps.com\/pl\/faq-2\/ogolny\/cos-poszlo-nie-tak-przy-zamowieniu\/\",\"name\":\"Co\u015b posz\u0142o nie tak przy zam\u00f3wieniu - Spotter - Polen\",\"isPartOf\":{\"@id\":\"https:\/\/www.spottergps.com\/pl\/#website\"},\"datePublished\":\"2025-03-31T11:16:35+00:00\",\"dateModified\":\"2025-10-17T09:18:01+00:00\",\"breadcrumb\":{\"@id\":\"https:\/\/www.spottergps.com\/pl\/faq-2\/ogolny\/cos-poszlo-nie-tak-przy-zamowieniu\/#breadcrumb\"},\"inLanguage\":\"pl-PL\",\"potentialAction\":[{\"@type\":\"ReadAction\",\"target\":[\"https:\/\/www.spottergps.com\/pl\/faq-2\/ogolny\/cos-poszlo-nie-tak-przy-zamowieniu\/\"]}]},{\"@type\":\"BreadcrumbList\",\"@id\":\"https:\/\/www.spottergps.com\/pl\/faq-2\/ogolny\/cos-poszlo-nie-tak-przy-zamowieniu\/#breadcrumb\",\"itemListElement\":[{\"@type\":\"ListItem\",\"position\":1,\"name\":\"Home\",\"item\":\"https:\/\/www.spottergps.com\/pl\/\"},{\"@type\":\"ListItem\",\"position\":2,\"name\":\"Jak mo\u017cemy ci pom\u00f3c?\",\"item\":\"https:\/\/www.spottergps.com\/pl\/faq-2\/\"},{\"@type\":\"ListItem\",\"position\":3,\"name\":\"Og\u00f3lny\",\"item\":\"https:\/\/www.spottergps.com\/pl\/faq-2\/ogolny\/\"},{\"@type\":\"ListItem\",\"position\":4,\"name\":\"Co\u015b posz\u0142o nie tak przy zam\u00f3wieniu\"}]},{\"@type\":\"WebSite\",\"@id\":\"https:\/\/www.spottergps.com\/pl\/#website\",\"url\":\"https:\/\/www.spottergps.com\/pl\/\",\"name\":\"Spotter - Polen\",\"description\":\"GPS tracker dla wszystkiego, co kochasz\",\"potentialAction\":[{\"@type\":\"SearchAction\",\"target\":{\"@type\":\"EntryPoint\",\"urlTemplate\":\"https:\/\/www.spottergps.com\/pl\/?s={search_term_string}\"},\"query-input\":{\"@type\":\"PropertyValueSpecification\",\"valueRequired\":true,\"valueName\":\"search_term_string\"}}],\"inLanguage\":\"pl-PL\"}]}<\/script>\n<!-- \/ Yoast SEO plugin. -->","yoast_head_json":{"title":"Co\u015b posz\u0142o nie tak przy zam\u00f3wieniu - Spotter - Polen","robots":{"index":"index","follow":"follow","max-snippet":"max-snippet:-1","max-image-preview":"max-image-preview:large","max-video-preview":"max-video-preview:-1"},"canonical":"https:\/\/www.spottergps.com\/pl\/faq-2\/ogolny\/cos-poszlo-nie-tak-przy-zamowieniu\/","og_locale":"pl_PL","og_type":"article","og_title":"Co\u015b posz\u0142o nie tak przy zam\u00f3wieniu - Spotter - Polen","og_description":"Czasami w trakcie sk\u0142adania zam\u00f3wienia mog\u0105 wyst\u0105pi\u0107 drobne b\u0142\u0119dy techniczne lub problemy z p\u0142atno\u015bci\u0105. Warto wtedy sprawdzi\u0107, czy p\u0142atno\u015b\u0107 zosta\u0142a poprawnie zrealizowana oraz czy otrzyma\u0142e\u015b potwierdzenie zam\u00f3wienia na adres e-mail. Je\u015bli nie, najlepiej skontaktowa\u0107 si\u0119 z naszym zespo\u0142em, aby\u015bmy mogli dok\u0142adnie sprawdzi\u0107 sytuacj\u0119 i zaproponowa\u0107 odpowiednie rozwi\u0105zanie. \u00a0 To nieprzyjemna sytuacja, ale ch\u0119tnie pomo\u017cemy Ci [&hellip;]","og_url":"https:\/\/www.spottergps.com\/pl\/faq-2\/ogolny\/cos-poszlo-nie-tak-przy-zamowieniu\/","og_site_name":"Spotter - Polen","article_modified_time":"2025-10-17T09:18:01+00:00","twitter_card":"summary_large_image","twitter_misc":{"Szacowany czas czytania":"1 minuta"},"schema":{"@context":"https:\/\/schema.org","@graph":[{"@type":"WebPage","@id":"https:\/\/www.spottergps.com\/pl\/faq-2\/ogolny\/cos-poszlo-nie-tak-przy-zamowieniu\/","url":"https:\/\/www.spottergps.com\/pl\/faq-2\/ogolny\/cos-poszlo-nie-tak-przy-zamowieniu\/","name":"Co\u015b posz\u0142o nie tak przy zam\u00f3wieniu - Spotter - Polen","isPartOf":{"@id":"https:\/\/www.spottergps.com\/pl\/#website"},"datePublished":"2025-03-31T11:16:35+00:00","dateModified":"2025-10-17T09:18:01+00:00","breadcrumb":{"@id":"https:\/\/www.spottergps.com\/pl\/faq-2\/ogolny\/cos-poszlo-nie-tak-przy-zamowieniu\/#breadcrumb"},"inLanguage":"pl-PL","potentialAction":[{"@type":"ReadAction","target":["https:\/\/www.spottergps.com\/pl\/faq-2\/ogolny\/cos-poszlo-nie-tak-przy-zamowieniu\/"]}]},{"@type":"BreadcrumbList","@id":"https:\/\/www.spottergps.com\/pl\/faq-2\/ogolny\/cos-poszlo-nie-tak-przy-zamowieniu\/#breadcrumb","itemListElement":[{"@type":"ListItem","position":1,"name":"Home","item":"https:\/\/www.spottergps.com\/pl\/"},{"@type":"ListItem","position":2,"name":"Jak mo\u017cemy ci pom\u00f3c?","item":"https:\/\/www.spottergps.com\/pl\/faq-2\/"},{"@type":"ListItem","position":3,"name":"Og\u00f3lny","item":"https:\/\/www.spottergps.com\/pl\/faq-2\/ogolny\/"},{"@type":"ListItem","position":4,"name":"Co\u015b posz\u0142o nie tak przy zam\u00f3wieniu"}]},{"@type":"WebSite","@id":"https:\/\/www.spottergps.com\/pl\/#website","url":"https:\/\/www.spottergps.com\/pl\/","name":"Spotter - Polen","description":"GPS tracker dla wszystkiego, co kochasz","potentialAction":[{"@type":"SearchAction","target":{"@type":"EntryPoint","urlTemplate":"https:\/\/www.spottergps.com\/pl\/?s={search_term_string}"},"query-input":{"@type":"PropertyValueSpecification","valueRequired":true,"valueName":"search_term_string"}}],"inLanguage":"pl-PL"}]}},"_links":{"self":[{"href":"https:\/\/www.spottergps.com\/pl\/wp-json\/wp\/v2\/pages\/684","targetHints":{"allow":["GET"]}}],"collection":[{"href":"https:\/\/www.spottergps.com\/pl\/wp-json\/wp\/v2\/pages"}],"about":[{"href":"https:\/\/www.spottergps.com\/pl\/wp-json\/wp\/v2\/types\/page"}],"author":[{"embeddable":true,"href":"https:\/\/www.spottergps.com\/pl\/wp-json\/wp\/v2\/users\/14"}],"replies":[{"embeddable":true,"href":"https:\/\/www.spottergps.com\/pl\/wp-json\/wp\/v2\/comments?post=684"}],"version-history":[{"count":3,"href":"https:\/\/www.spottergps.com\/pl\/wp-json\/wp\/v2\/pages\/684\/revisions"}],"predecessor-version":[{"id":20937,"href":"https:\/\/www.spottergps.com\/pl\/wp-json\/wp\/v2\/pages\/684\/revisions\/20937"}],"up":[{"embeddable":true,"href":"https:\/\/www.spottergps.com\/pl\/wp-json\/wp\/v2\/pages\/632"}],"wp:attachment":[{"href":"https:\/\/www.spottergps.com\/pl\/wp-json\/wp\/v2\/media?parent=684"}],"wp:term":[{"taxonomy":"category","embeddable":true,"href":"https:\/\/www.spottergps.com\/pl\/wp-json\/wp\/v2\/categories?post=684"},{"taxonomy":"post_tag","embeddable":true,"href":"https:\/\/www.spottergps.com\/pl\/wp-json\/wp\/v2\/tags?post=684"}],"curies":[{"name":"wp","href":"https:\/\/api.w.org\/{rel}","templated":true}]}}