{"id":677,"date":"2025-03-31T11:11:42","date_gmt":"2025-03-31T11:11:42","guid":{"rendered":"https:\/\/www.spottergps.com\/pl\/?page_id=677"},"modified":"2025-04-23T06:52:13","modified_gmt":"2025-04-23T06:52:13","slug":"polityka-gwarancyjna","status":"publish","type":"page","link":"https:\/\/www.spottergps.com\/pl\/faq-2\/ogolny\/polityka-gwarancyjna\/","title":{"rendered":"Polityka gwarancyjna"},"content":{"rendered":"\n<p class=\"\" data-start=\"0\" data-end=\"359\">Nasze produkty s\u0105 opracowywane i sk\u0142adane z najwy\u017csz\u0105 staranno\u015bci\u0105. Tw\u00f3j Spotter obj\u0119ty jest 2-letni\u0105 gwarancj\u0105. Je\u015bli wyst\u0105pi problem, mo\u017cesz odes\u0142a\u0107 Spottera do nas, a my go naprawimy. Przed skorzystaniem z gwarancji zapoznaj si\u0119 z warunkami gwarancyjnymi, aby sprawdzi\u0107, czy Tw\u00f3j produkt kwalifikuje si\u0119 do naprawy lub wymiany.<\/p>\n<h2 data-start=\"361\" data-end=\"394\"><strong data-start=\"365\" data-end=\"392\">Nasze warunki gwarancji<\/strong><\/h2>\n<ol data-start=\"396\" data-end=\"1469\">\n<li class=\"\" data-start=\"396\" data-end=\"558\">\n<p class=\"\" data-start=\"399\" data-end=\"558\">Okres gwarancji wynosi 2 lata na sprz\u0119t i rozpoczyna si\u0119 od momentu dostarczenia urz\u0105dzenia. Dowodem gwarancji jest dow\u00f3d zakupu, dlatego nale\u017cy go zachowa\u0107.<\/p>\n<\/li>\n<li class=\"\" data-start=\"560\" data-end=\"799\">\n<p class=\"\" data-start=\"563\" data-end=\"799\">Je\u015bli podczas u\u017cytkowania sprz\u0119tu wyst\u0105pi\u0105 widoczne wady, usterki lub inne niedoskona\u0142o\u015bci, kt\u00f3re musia\u0142y by\u0107 obecne ju\u017c w momencie dostawy, Spotter B.V. bezp\u0142atnie je naprawi lub wymieni produkt na nowy w ramach okresu gwarancyjnego.<\/p>\n<\/li>\n<li class=\"\" data-start=\"801\" data-end=\"919\">\n<p class=\"\" data-start=\"804\" data-end=\"919\">Spotter B.V. gwarantuje, \u017ce dostarczone produkty posiadaj\u0105 wszystkie cechy niezb\u0119dne do prawid\u0142owego u\u017cytkowania.<\/p>\n<\/li>\n<li class=\"\" data-start=\"921\" data-end=\"1469\">\n<p class=\"\" data-start=\"924\" data-end=\"982\">Gwarancja na sprz\u0119t nie obejmuje nast\u0119puj\u0105cych sytuacji:<\/p>\n<\/li>\n<\/ol>\n<ul>\n<li data-start=\"989\" data-end=\"1063\">Normalne zu\u017cycie sprz\u0119tu, co oceniane jest wy\u0142\u0105cznie przez Spotter B.V.;<\/li>\n<li data-start=\"1069\" data-end=\"1124\">Wprowadzenie zmian lub napraw bez zgody Spotter B.V.;<\/li>\n<li data-start=\"1130\" data-end=\"1199\">Brak oryginalnej faktury zakupu, jej modyfikacja lub nieczytelno\u015b\u0107;<\/li>\n<li data-start=\"1205\" data-end=\"1287\">Usterki wynikaj\u0105ce z niew\u0142a\u015bciwego lub niezgodnego z przeznaczeniem u\u017cytkowania;<\/li>\n<li data-start=\"1293\" data-end=\"1402\">Uszkodzenia powsta\u0142e w wyniku umy\u015blnego dzia\u0142ania, ra\u017c\u0105cego zaniedbania lub braku odpowiedniej konserwacji;<\/li>\n<li data-start=\"1408\" data-end=\"1469\">Uszkodzenie z\u0142\u0105czy, przewod\u00f3w, wtyczek lub ich modyfikacja.<\/li>\n<\/ul>\n<h2 data-start=\"1471\" data-end=\"1504\"><strong data-start=\"1475\" data-end=\"1502\">Korzystanie z gwarancji<\/strong><\/h2>\n<p class=\"\" data-start=\"1505\" data-end=\"2048\">Je\u015bli Spotter nie przekazuje ju\u017c lokalizacji, zalecamy przej\u015bcie przez kroki diagnostyczne. Je\u015bli urz\u0105dzenie jest uszkodzone (sprz\u0119towo) lub wyst\u0105pi\u0142 inny problem, skontaktuj si\u0119 z naszym dzia\u0142em obs\u0142ugi klienta za pomoc\u0105 <a href=\"https:\/\/www.spottergps.com\/pl\/w-czym-mozemy-panstwu-pomoc\/\"><span style=\"text-decoration: underline\">formularza kontaktowego<\/span><\/a>. Obs\u0142uga klienta sprawdzi Tw\u00f3j Spotter i poinformuje Ci\u0119 o dalszych krokach. W zale\u017cno\u015bci od odpowiedzi na pytania diagnostyczne, otrzymasz e-mailem adres zwrotny, na kt\u00f3ry nale\u017cy odes\u0142a\u0107 urz\u0105dzenie. Po sprawdzeniu Spottera podejmiemy decyzj\u0119 o naprawie lub wymianie produktu na koszt Spotter B.V.<\/p>\n","protected":false},"excerpt":{"rendered":"<p>Nasze produkty s\u0105 opracowywane i sk\u0142adane z najwy\u017csz\u0105 staranno\u015bci\u0105. Tw\u00f3j Spotter obj\u0119ty jest 2-letni\u0105 gwarancj\u0105. Je\u015bli wyst\u0105pi problem, mo\u017cesz odes\u0142a\u0107 Spottera do nas, a my go naprawimy. Przed skorzystaniem z gwarancji zapoznaj si\u0119 z warunkami gwarancyjnymi, aby sprawdzi\u0107, czy Tw\u00f3j produkt kwalifikuje si\u0119 do naprawy lub wymiany. Nasze warunki gwarancji Okres gwarancji wynosi 2 lata [&hellip;]<\/p>\n","protected":false},"author":14,"featured_media":0,"parent":632,"menu_order":0,"comment_status":"closed","ping_status":"closed","template":"faq-content.php","meta":{"_acf_changed":false,"footnotes":""},"categories":[5],"tags":[],"class_list":["post-677","page","type-page","status-publish","hentry","category-faq"],"acf":[],"yoast_head":"<!-- This site is optimized with the Yoast SEO plugin v25.9 - https:\/\/yoast.com\/wordpress\/plugins\/seo\/ -->\n<title>Polityka gwarancyjna - Spotter - Polen<\/title>\n<meta name=\"robots\" content=\"index, follow, max-snippet:-1, max-image-preview:large, max-video-preview:-1\" \/>\n<link rel=\"canonical\" href=\"https:\/\/www.spottergps.com\/pl\/faq-2\/ogolny\/polityka-gwarancyjna\/\" \/>\n<meta property=\"og:locale\" content=\"pl_PL\" \/>\n<meta property=\"og:type\" content=\"article\" \/>\n<meta property=\"og:title\" content=\"Polityka gwarancyjna - Spotter - Polen\" \/>\n<meta property=\"og:description\" content=\"Nasze produkty s\u0105 opracowywane i sk\u0142adane z najwy\u017csz\u0105 staranno\u015bci\u0105. Tw\u00f3j Spotter obj\u0119ty jest 2-letni\u0105 gwarancj\u0105. Je\u015bli wyst\u0105pi problem, mo\u017cesz odes\u0142a\u0107 Spottera do nas, a my go naprawimy. Przed skorzystaniem z gwarancji zapoznaj si\u0119 z warunkami gwarancyjnymi, aby sprawdzi\u0107, czy Tw\u00f3j produkt kwalifikuje si\u0119 do naprawy lub wymiany. Nasze warunki gwarancji Okres gwarancji wynosi 2 lata [&hellip;]\" \/>\n<meta property=\"og:url\" content=\"https:\/\/www.spottergps.com\/pl\/faq-2\/ogolny\/polityka-gwarancyjna\/\" \/>\n<meta property=\"og:site_name\" content=\"Spotter - Polen\" \/>\n<meta property=\"article:modified_time\" content=\"2025-04-23T06:52:13+00:00\" \/>\n<meta name=\"twitter:card\" content=\"summary_large_image\" \/>\n<meta name=\"twitter:label1\" content=\"Szacowany czas czytania\" \/>\n\t<meta name=\"twitter:data1\" content=\"2 minuty\" \/>\n<script type=\"application\/ld+json\" class=\"yoast-schema-graph\">{\"@context\":\"https:\/\/schema.org\",\"@graph\":[{\"@type\":\"WebPage\",\"@id\":\"https:\/\/www.spottergps.com\/pl\/faq-2\/ogolny\/polityka-gwarancyjna\/\",\"url\":\"https:\/\/www.spottergps.com\/pl\/faq-2\/ogolny\/polityka-gwarancyjna\/\",\"name\":\"Polityka gwarancyjna - Spotter - Polen\",\"isPartOf\":{\"@id\":\"https:\/\/www.spottergps.com\/pl\/#website\"},\"datePublished\":\"2025-03-31T11:11:42+00:00\",\"dateModified\":\"2025-04-23T06:52:13+00:00\",\"breadcrumb\":{\"@id\":\"https:\/\/www.spottergps.com\/pl\/faq-2\/ogolny\/polityka-gwarancyjna\/#breadcrumb\"},\"inLanguage\":\"pl-PL\",\"potentialAction\":[{\"@type\":\"ReadAction\",\"target\":[\"https:\/\/www.spottergps.com\/pl\/faq-2\/ogolny\/polityka-gwarancyjna\/\"]}]},{\"@type\":\"BreadcrumbList\",\"@id\":\"https:\/\/www.spottergps.com\/pl\/faq-2\/ogolny\/polityka-gwarancyjna\/#breadcrumb\",\"itemListElement\":[{\"@type\":\"ListItem\",\"position\":1,\"name\":\"Home\",\"item\":\"https:\/\/www.spottergps.com\/pl\/\"},{\"@type\":\"ListItem\",\"position\":2,\"name\":\"Jak mo\u017cemy ci pom\u00f3c?\",\"item\":\"https:\/\/www.spottergps.com\/pl\/faq-2\/\"},{\"@type\":\"ListItem\",\"position\":3,\"name\":\"Og\u00f3lny\",\"item\":\"https:\/\/www.spottergps.com\/pl\/faq-2\/ogolny\/\"},{\"@type\":\"ListItem\",\"position\":4,\"name\":\"Polityka gwarancyjna\"}]},{\"@type\":\"WebSite\",\"@id\":\"https:\/\/www.spottergps.com\/pl\/#website\",\"url\":\"https:\/\/www.spottergps.com\/pl\/\",\"name\":\"Spotter - Polen\",\"description\":\"GPS tracker dla wszystkiego, co kochasz\",\"potentialAction\":[{\"@type\":\"SearchAction\",\"target\":{\"@type\":\"EntryPoint\",\"urlTemplate\":\"https:\/\/www.spottergps.com\/pl\/?s={search_term_string}\"},\"query-input\":{\"@type\":\"PropertyValueSpecification\",\"valueRequired\":true,\"valueName\":\"search_term_string\"}}],\"inLanguage\":\"pl-PL\"}]}<\/script>\n<!-- \/ Yoast SEO plugin. -->","yoast_head_json":{"title":"Polityka gwarancyjna - Spotter - Polen","robots":{"index":"index","follow":"follow","max-snippet":"max-snippet:-1","max-image-preview":"max-image-preview:large","max-video-preview":"max-video-preview:-1"},"canonical":"https:\/\/www.spottergps.com\/pl\/faq-2\/ogolny\/polityka-gwarancyjna\/","og_locale":"pl_PL","og_type":"article","og_title":"Polityka gwarancyjna - Spotter - Polen","og_description":"Nasze produkty s\u0105 opracowywane i sk\u0142adane z najwy\u017csz\u0105 staranno\u015bci\u0105. Tw\u00f3j Spotter obj\u0119ty jest 2-letni\u0105 gwarancj\u0105. Je\u015bli wyst\u0105pi problem, mo\u017cesz odes\u0142a\u0107 Spottera do nas, a my go naprawimy. Przed skorzystaniem z gwarancji zapoznaj si\u0119 z warunkami gwarancyjnymi, aby sprawdzi\u0107, czy Tw\u00f3j produkt kwalifikuje si\u0119 do naprawy lub wymiany. Nasze warunki gwarancji Okres gwarancji wynosi 2 lata [&hellip;]","og_url":"https:\/\/www.spottergps.com\/pl\/faq-2\/ogolny\/polityka-gwarancyjna\/","og_site_name":"Spotter - Polen","article_modified_time":"2025-04-23T06:52:13+00:00","twitter_card":"summary_large_image","twitter_misc":{"Szacowany czas czytania":"2 minuty"},"schema":{"@context":"https:\/\/schema.org","@graph":[{"@type":"WebPage","@id":"https:\/\/www.spottergps.com\/pl\/faq-2\/ogolny\/polityka-gwarancyjna\/","url":"https:\/\/www.spottergps.com\/pl\/faq-2\/ogolny\/polityka-gwarancyjna\/","name":"Polityka gwarancyjna - Spotter - Polen","isPartOf":{"@id":"https:\/\/www.spottergps.com\/pl\/#website"},"datePublished":"2025-03-31T11:11:42+00:00","dateModified":"2025-04-23T06:52:13+00:00","breadcrumb":{"@id":"https:\/\/www.spottergps.com\/pl\/faq-2\/ogolny\/polityka-gwarancyjna\/#breadcrumb"},"inLanguage":"pl-PL","potentialAction":[{"@type":"ReadAction","target":["https:\/\/www.spottergps.com\/pl\/faq-2\/ogolny\/polityka-gwarancyjna\/"]}]},{"@type":"BreadcrumbList","@id":"https:\/\/www.spottergps.com\/pl\/faq-2\/ogolny\/polityka-gwarancyjna\/#breadcrumb","itemListElement":[{"@type":"ListItem","position":1,"name":"Home","item":"https:\/\/www.spottergps.com\/pl\/"},{"@type":"ListItem","position":2,"name":"Jak mo\u017cemy ci pom\u00f3c?","item":"https:\/\/www.spottergps.com\/pl\/faq-2\/"},{"@type":"ListItem","position":3,"name":"Og\u00f3lny","item":"https:\/\/www.spottergps.com\/pl\/faq-2\/ogolny\/"},{"@type":"ListItem","position":4,"name":"Polityka gwarancyjna"}]},{"@type":"WebSite","@id":"https:\/\/www.spottergps.com\/pl\/#website","url":"https:\/\/www.spottergps.com\/pl\/","name":"Spotter - Polen","description":"GPS tracker dla wszystkiego, co kochasz","potentialAction":[{"@type":"SearchAction","target":{"@type":"EntryPoint","urlTemplate":"https:\/\/www.spottergps.com\/pl\/?s={search_term_string}"},"query-input":{"@type":"PropertyValueSpecification","valueRequired":true,"valueName":"search_term_string"}}],"inLanguage":"pl-PL"}]}},"_links":{"self":[{"href":"https:\/\/www.spottergps.com\/pl\/wp-json\/wp\/v2\/pages\/677","targetHints":{"allow":["GET"]}}],"collection":[{"href":"https:\/\/www.spottergps.com\/pl\/wp-json\/wp\/v2\/pages"}],"about":[{"href":"https:\/\/www.spottergps.com\/pl\/wp-json\/wp\/v2\/types\/page"}],"author":[{"embeddable":true,"href":"https:\/\/www.spottergps.com\/pl\/wp-json\/wp\/v2\/users\/14"}],"replies":[{"embeddable":true,"href":"https:\/\/www.spottergps.com\/pl\/wp-json\/wp\/v2\/comments?post=677"}],"version-history":[{"count":2,"href":"https:\/\/www.spottergps.com\/pl\/wp-json\/wp\/v2\/pages\/677\/revisions"}],"predecessor-version":[{"id":20750,"href":"https:\/\/www.spottergps.com\/pl\/wp-json\/wp\/v2\/pages\/677\/revisions\/20750"}],"up":[{"embeddable":true,"href":"https:\/\/www.spottergps.com\/pl\/wp-json\/wp\/v2\/pages\/632"}],"wp:attachment":[{"href":"https:\/\/www.spottergps.com\/pl\/wp-json\/wp\/v2\/media?parent=677"}],"wp:term":[{"taxonomy":"category","embeddable":true,"href":"https:\/\/www.spottergps.com\/pl\/wp-json\/wp\/v2\/categories?post=677"},{"taxonomy":"post_tag","embeddable":true,"href":"https:\/\/www.spottergps.com\/pl\/wp-json\/wp\/v2\/tags?post=677"}],"curies":[{"name":"wp","href":"https:\/\/api.w.org\/{rel}","templated":true}]}}