{"id":674,"date":"2025-03-31T11:06:32","date_gmt":"2025-03-31T11:06:32","guid":{"rendered":"https:\/\/www.spottergps.com\/pl\/?page_id=674"},"modified":"2025-10-17T09:27:15","modified_gmt":"2025-10-17T09:27:15","slug":"okres-gwarancji","status":"publish","type":"page","link":"https:\/\/www.spottergps.com\/pl\/faq-2\/ogolny\/okres-gwarancji\/","title":{"rendered":"Okres gwarancji"},"content":{"rendered":"\n<p class=\"\" data-start=\"0\" data-end=\"231\">Na wszystkie produkty Spotter udzielamy dwuletniej gwarancji na sprz\u0119t. Je\u015bli w tym okresie wyst\u0105pi jakikolwiek problem, naprawimy go bezp\u0142atnie. Nasze produkty s\u0105 opracowywane i sk\u0142adane z najwy\u017csz\u0105 staranno\u015bci\u0105.<\/p>\n<p class=\"\" data-start=\"233\" data-end=\"370\">Je\u015bli jednak wyst\u0105pi problem i chcesz skorzysta\u0107 z gwarancji, zalecamy najpierw zapozna\u0107 si\u0119 ze szczeg\u00f3\u0142ami naszej<a href=\"https:\/\/www.spottergps.com\/pl\/faq\/ogolny\/polityka-gwarancyjna\/\"> <span style=\"text-decoration: underline\">Polityki Gwarancyjnej.<\/span><\/a><br \/>Dzi\u0119ki temu ca\u0142y proces b\u0119dzie prostszy i szybszy, a Ty b\u0119dziesz mie\u0107 pewno\u015b\u0107, \u017ce korzystasz z przys\u0142uguj\u0105cych Ci praw.<\/p>\n\n\n\n<p><\/p>\n","protected":false},"excerpt":{"rendered":"<p>Na wszystkie produkty Spotter udzielamy dwuletniej gwarancji na sprz\u0119t. Je\u015bli w tym okresie wyst\u0105pi jakikolwiek problem, naprawimy go bezp\u0142atnie. Nasze produkty s\u0105 opracowywane i sk\u0142adane z najwy\u017csz\u0105 staranno\u015bci\u0105. Je\u015bli jednak wyst\u0105pi problem i chcesz skorzysta\u0107 z gwarancji, zalecamy najpierw zapozna\u0107 si\u0119 ze szczeg\u00f3\u0142ami naszej Polityki Gwarancyjnej.Dzi\u0119ki temu ca\u0142y proces b\u0119dzie prostszy i szybszy, a Ty [&hellip;]<\/p>\n","protected":false},"author":14,"featured_media":0,"parent":632,"menu_order":0,"comment_status":"closed","ping_status":"closed","template":"faq-content.php","meta":{"_acf_changed":false,"footnotes":""},"categories":[5],"tags":[],"class_list":["post-674","page","type-page","status-publish","hentry","category-faq"],"acf":[],"yoast_head":"<!-- This site is optimized with the Yoast SEO plugin v25.9 - https:\/\/yoast.com\/wordpress\/plugins\/seo\/ -->\n<title>Okres gwarancji - Spotter - Polen<\/title>\n<meta name=\"robots\" content=\"index, follow, max-snippet:-1, max-image-preview:large, max-video-preview:-1\" \/>\n<link rel=\"canonical\" href=\"https:\/\/www.spottergps.com\/pl\/faq-2\/ogolny\/okres-gwarancji\/\" \/>\n<meta property=\"og:locale\" content=\"pl_PL\" \/>\n<meta property=\"og:type\" content=\"article\" \/>\n<meta property=\"og:title\" content=\"Okres gwarancji - Spotter - Polen\" \/>\n<meta property=\"og:description\" content=\"Na wszystkie produkty Spotter udzielamy dwuletniej gwarancji na sprz\u0119t. Je\u015bli w tym okresie wyst\u0105pi jakikolwiek problem, naprawimy go bezp\u0142atnie. Nasze produkty s\u0105 opracowywane i sk\u0142adane z najwy\u017csz\u0105 staranno\u015bci\u0105. Je\u015bli jednak wyst\u0105pi problem i chcesz skorzysta\u0107 z gwarancji, zalecamy najpierw zapozna\u0107 si\u0119 ze szczeg\u00f3\u0142ami naszej Polityki Gwarancyjnej.Dzi\u0119ki temu ca\u0142y proces b\u0119dzie prostszy i szybszy, a Ty [&hellip;]\" \/>\n<meta property=\"og:url\" content=\"https:\/\/www.spottergps.com\/pl\/faq-2\/ogolny\/okres-gwarancji\/\" \/>\n<meta property=\"og:site_name\" content=\"Spotter - Polen\" \/>\n<meta property=\"article:modified_time\" content=\"2025-10-17T09:27:15+00:00\" \/>\n<meta name=\"twitter:card\" content=\"summary_large_image\" \/>\n<meta name=\"twitter:label1\" content=\"Szacowany czas czytania\" \/>\n\t<meta name=\"twitter:data1\" content=\"1 minuta\" \/>\n<script type=\"application\/ld+json\" class=\"yoast-schema-graph\">{\"@context\":\"https:\/\/schema.org\",\"@graph\":[{\"@type\":\"WebPage\",\"@id\":\"https:\/\/www.spottergps.com\/pl\/faq-2\/ogolny\/okres-gwarancji\/\",\"url\":\"https:\/\/www.spottergps.com\/pl\/faq-2\/ogolny\/okres-gwarancji\/\",\"name\":\"Okres gwarancji - Spotter - Polen\",\"isPartOf\":{\"@id\":\"https:\/\/www.spottergps.com\/pl\/#website\"},\"datePublished\":\"2025-03-31T11:06:32+00:00\",\"dateModified\":\"2025-10-17T09:27:15+00:00\",\"breadcrumb\":{\"@id\":\"https:\/\/www.spottergps.com\/pl\/faq-2\/ogolny\/okres-gwarancji\/#breadcrumb\"},\"inLanguage\":\"pl-PL\",\"potentialAction\":[{\"@type\":\"ReadAction\",\"target\":[\"https:\/\/www.spottergps.com\/pl\/faq-2\/ogolny\/okres-gwarancji\/\"]}]},{\"@type\":\"BreadcrumbList\",\"@id\":\"https:\/\/www.spottergps.com\/pl\/faq-2\/ogolny\/okres-gwarancji\/#breadcrumb\",\"itemListElement\":[{\"@type\":\"ListItem\",\"position\":1,\"name\":\"Home\",\"item\":\"https:\/\/www.spottergps.com\/pl\/\"},{\"@type\":\"ListItem\",\"position\":2,\"name\":\"Jak mo\u017cemy ci pom\u00f3c?\",\"item\":\"https:\/\/www.spottergps.com\/pl\/faq-2\/\"},{\"@type\":\"ListItem\",\"position\":3,\"name\":\"Og\u00f3lny\",\"item\":\"https:\/\/www.spottergps.com\/pl\/faq-2\/ogolny\/\"},{\"@type\":\"ListItem\",\"position\":4,\"name\":\"Okres gwarancji\"}]},{\"@type\":\"WebSite\",\"@id\":\"https:\/\/www.spottergps.com\/pl\/#website\",\"url\":\"https:\/\/www.spottergps.com\/pl\/\",\"name\":\"Spotter - Polen\",\"description\":\"GPS tracker dla wszystkiego, co kochasz\",\"potentialAction\":[{\"@type\":\"SearchAction\",\"target\":{\"@type\":\"EntryPoint\",\"urlTemplate\":\"https:\/\/www.spottergps.com\/pl\/?s={search_term_string}\"},\"query-input\":{\"@type\":\"PropertyValueSpecification\",\"valueRequired\":true,\"valueName\":\"search_term_string\"}}],\"inLanguage\":\"pl-PL\"}]}<\/script>\n<!-- \/ Yoast SEO plugin. -->","yoast_head_json":{"title":"Okres gwarancji - Spotter - Polen","robots":{"index":"index","follow":"follow","max-snippet":"max-snippet:-1","max-image-preview":"max-image-preview:large","max-video-preview":"max-video-preview:-1"},"canonical":"https:\/\/www.spottergps.com\/pl\/faq-2\/ogolny\/okres-gwarancji\/","og_locale":"pl_PL","og_type":"article","og_title":"Okres gwarancji - Spotter - Polen","og_description":"Na wszystkie produkty Spotter udzielamy dwuletniej gwarancji na sprz\u0119t. Je\u015bli w tym okresie wyst\u0105pi jakikolwiek problem, naprawimy go bezp\u0142atnie. Nasze produkty s\u0105 opracowywane i sk\u0142adane z najwy\u017csz\u0105 staranno\u015bci\u0105. Je\u015bli jednak wyst\u0105pi problem i chcesz skorzysta\u0107 z gwarancji, zalecamy najpierw zapozna\u0107 si\u0119 ze szczeg\u00f3\u0142ami naszej Polityki Gwarancyjnej.Dzi\u0119ki temu ca\u0142y proces b\u0119dzie prostszy i szybszy, a Ty [&hellip;]","og_url":"https:\/\/www.spottergps.com\/pl\/faq-2\/ogolny\/okres-gwarancji\/","og_site_name":"Spotter - Polen","article_modified_time":"2025-10-17T09:27:15+00:00","twitter_card":"summary_large_image","twitter_misc":{"Szacowany czas czytania":"1 minuta"},"schema":{"@context":"https:\/\/schema.org","@graph":[{"@type":"WebPage","@id":"https:\/\/www.spottergps.com\/pl\/faq-2\/ogolny\/okres-gwarancji\/","url":"https:\/\/www.spottergps.com\/pl\/faq-2\/ogolny\/okres-gwarancji\/","name":"Okres gwarancji - Spotter - Polen","isPartOf":{"@id":"https:\/\/www.spottergps.com\/pl\/#website"},"datePublished":"2025-03-31T11:06:32+00:00","dateModified":"2025-10-17T09:27:15+00:00","breadcrumb":{"@id":"https:\/\/www.spottergps.com\/pl\/faq-2\/ogolny\/okres-gwarancji\/#breadcrumb"},"inLanguage":"pl-PL","potentialAction":[{"@type":"ReadAction","target":["https:\/\/www.spottergps.com\/pl\/faq-2\/ogolny\/okres-gwarancji\/"]}]},{"@type":"BreadcrumbList","@id":"https:\/\/www.spottergps.com\/pl\/faq-2\/ogolny\/okres-gwarancji\/#breadcrumb","itemListElement":[{"@type":"ListItem","position":1,"name":"Home","item":"https:\/\/www.spottergps.com\/pl\/"},{"@type":"ListItem","position":2,"name":"Jak mo\u017cemy ci pom\u00f3c?","item":"https:\/\/www.spottergps.com\/pl\/faq-2\/"},{"@type":"ListItem","position":3,"name":"Og\u00f3lny","item":"https:\/\/www.spottergps.com\/pl\/faq-2\/ogolny\/"},{"@type":"ListItem","position":4,"name":"Okres gwarancji"}]},{"@type":"WebSite","@id":"https:\/\/www.spottergps.com\/pl\/#website","url":"https:\/\/www.spottergps.com\/pl\/","name":"Spotter - Polen","description":"GPS tracker dla wszystkiego, co kochasz","potentialAction":[{"@type":"SearchAction","target":{"@type":"EntryPoint","urlTemplate":"https:\/\/www.spottergps.com\/pl\/?s={search_term_string}"},"query-input":{"@type":"PropertyValueSpecification","valueRequired":true,"valueName":"search_term_string"}}],"inLanguage":"pl-PL"}]}},"_links":{"self":[{"href":"https:\/\/www.spottergps.com\/pl\/wp-json\/wp\/v2\/pages\/674","targetHints":{"allow":["GET"]}}],"collection":[{"href":"https:\/\/www.spottergps.com\/pl\/wp-json\/wp\/v2\/pages"}],"about":[{"href":"https:\/\/www.spottergps.com\/pl\/wp-json\/wp\/v2\/types\/page"}],"author":[{"embeddable":true,"href":"https:\/\/www.spottergps.com\/pl\/wp-json\/wp\/v2\/users\/14"}],"replies":[{"embeddable":true,"href":"https:\/\/www.spottergps.com\/pl\/wp-json\/wp\/v2\/comments?post=674"}],"version-history":[{"count":3,"href":"https:\/\/www.spottergps.com\/pl\/wp-json\/wp\/v2\/pages\/674\/revisions"}],"predecessor-version":[{"id":20943,"href":"https:\/\/www.spottergps.com\/pl\/wp-json\/wp\/v2\/pages\/674\/revisions\/20943"}],"up":[{"embeddable":true,"href":"https:\/\/www.spottergps.com\/pl\/wp-json\/wp\/v2\/pages\/632"}],"wp:attachment":[{"href":"https:\/\/www.spottergps.com\/pl\/wp-json\/wp\/v2\/media?parent=674"}],"wp:term":[{"taxonomy":"category","embeddable":true,"href":"https:\/\/www.spottergps.com\/pl\/wp-json\/wp\/v2\/categories?post=674"},{"taxonomy":"post_tag","embeddable":true,"href":"https:\/\/www.spottergps.com\/pl\/wp-json\/wp\/v2\/tags?post=674"}],"curies":[{"name":"wp","href":"https:\/\/api.w.org\/{rel}","templated":true}]}}