{"id":671,"date":"2025-03-31T10:30:03","date_gmt":"2025-03-31T10:30:03","guid":{"rendered":"https:\/\/www.spottergps.com\/pl\/?page_id=671"},"modified":"2025-10-17T09:21:46","modified_gmt":"2025-10-17T09:21:46","slug":"czas-reakcji-obslugi-klienta","status":"publish","type":"page","link":"https:\/\/www.spottergps.com\/pl\/faq-2\/ogolny\/czas-reakcji-obslugi-klienta\/","title":{"rendered":"Czas reakcji obs\u0142ugi klienta"},"content":{"rendered":"\n<p>Staramy si\u0119 odpowiedzie\u0107 na Twoj\u0105 wiadomo\u015b\u0107 w ci\u0105gu 48 godzin roboczych. W praktyce cz\u0119sto odpowiadamy ju\u017c w ci\u0105gu kilku godzin. Je\u015bli wype\u0142nisz <a href=\"https:\/\/www.spottergps.com\/pl\/w-czym-mozemy-panstwu-pomoc\/\"><span style=\"text-decoration: underline\">formularz kontaktowy<\/span><\/a> w ca\u0142o\u015bci, b\u0119dziemy mieli od razu wszystkie informacje, kt\u00f3re s\u0105 nam potrzebne, aby jak najszybciej Ci pom\u00f3c. Tutaj mo\u017cesz zada\u0107 pytanie i od razu przekaza\u0107 kod Spottera.<\/p>\n<p>Dzi\u0119ki takiemu podej\u015bciu Twoje zg\u0142oszenie trafia bezpo\u015brednio do odpowiedniego dzia\u0142u, co skraca czas oczekiwania na rozwi\u0105zanie problemu. Naszym celem jest zapewnienie, by ka\u017cda wiadomo\u015b\u0107 zosta\u0142a potraktowana z nale\u017cyt\u0105 uwag\u0105 i by\u015b m\u00f3g\u0142 szybko wr\u00f3ci\u0107 do korzystania z urz\u0105dzenia bez przeszk\u00f3d<\/p>\n\n\n\n<p><\/p>\n","protected":false},"excerpt":{"rendered":"<p>Staramy si\u0119 odpowiedzie\u0107 na Twoj\u0105 wiadomo\u015b\u0107 w ci\u0105gu 48 godzin roboczych. W praktyce cz\u0119sto odpowiadamy ju\u017c w ci\u0105gu kilku godzin. Je\u015bli wype\u0142nisz formularz kontaktowy w ca\u0142o\u015bci, b\u0119dziemy mieli od razu wszystkie informacje, kt\u00f3re s\u0105 nam potrzebne, aby jak najszybciej Ci pom\u00f3c. Tutaj mo\u017cesz zada\u0107 pytanie i od razu przekaza\u0107 kod Spottera. Dzi\u0119ki takiemu podej\u015bciu Twoje [&hellip;]<\/p>\n","protected":false},"author":14,"featured_media":0,"parent":632,"menu_order":0,"comment_status":"closed","ping_status":"closed","template":"faq-content.php","meta":{"_acf_changed":false,"footnotes":""},"categories":[5],"tags":[],"class_list":["post-671","page","type-page","status-publish","hentry","category-faq"],"acf":[],"yoast_head":"<!-- This site is optimized with the Yoast SEO plugin v25.9 - https:\/\/yoast.com\/wordpress\/plugins\/seo\/ -->\n<title>Czas reakcji obs\u0142ugi klienta - Spotter - Polen<\/title>\n<meta name=\"robots\" content=\"index, follow, max-snippet:-1, max-image-preview:large, max-video-preview:-1\" \/>\n<link rel=\"canonical\" href=\"https:\/\/www.spottergps.com\/pl\/faq-2\/ogolny\/czas-reakcji-obslugi-klienta\/\" \/>\n<meta property=\"og:locale\" content=\"pl_PL\" \/>\n<meta property=\"og:type\" content=\"article\" \/>\n<meta property=\"og:title\" content=\"Czas reakcji obs\u0142ugi klienta - Spotter - Polen\" \/>\n<meta property=\"og:description\" content=\"Staramy si\u0119 odpowiedzie\u0107 na Twoj\u0105 wiadomo\u015b\u0107 w ci\u0105gu 48 godzin roboczych. W praktyce cz\u0119sto odpowiadamy ju\u017c w ci\u0105gu kilku godzin. Je\u015bli wype\u0142nisz formularz kontaktowy w ca\u0142o\u015bci, b\u0119dziemy mieli od razu wszystkie informacje, kt\u00f3re s\u0105 nam potrzebne, aby jak najszybciej Ci pom\u00f3c. Tutaj mo\u017cesz zada\u0107 pytanie i od razu przekaza\u0107 kod Spottera. Dzi\u0119ki takiemu podej\u015bciu Twoje [&hellip;]\" \/>\n<meta property=\"og:url\" content=\"https:\/\/www.spottergps.com\/pl\/faq-2\/ogolny\/czas-reakcji-obslugi-klienta\/\" \/>\n<meta property=\"og:site_name\" content=\"Spotter - Polen\" \/>\n<meta property=\"article:modified_time\" content=\"2025-10-17T09:21:46+00:00\" \/>\n<meta name=\"twitter:card\" content=\"summary_large_image\" \/>\n<meta name=\"twitter:label1\" content=\"Szacowany czas czytania\" \/>\n\t<meta name=\"twitter:data1\" content=\"1 minuta\" \/>\n<script type=\"application\/ld+json\" class=\"yoast-schema-graph\">{\"@context\":\"https:\/\/schema.org\",\"@graph\":[{\"@type\":\"WebPage\",\"@id\":\"https:\/\/www.spottergps.com\/pl\/faq-2\/ogolny\/czas-reakcji-obslugi-klienta\/\",\"url\":\"https:\/\/www.spottergps.com\/pl\/faq-2\/ogolny\/czas-reakcji-obslugi-klienta\/\",\"name\":\"Czas reakcji obs\u0142ugi klienta - Spotter - Polen\",\"isPartOf\":{\"@id\":\"https:\/\/www.spottergps.com\/pl\/#website\"},\"datePublished\":\"2025-03-31T10:30:03+00:00\",\"dateModified\":\"2025-10-17T09:21:46+00:00\",\"breadcrumb\":{\"@id\":\"https:\/\/www.spottergps.com\/pl\/faq-2\/ogolny\/czas-reakcji-obslugi-klienta\/#breadcrumb\"},\"inLanguage\":\"pl-PL\",\"potentialAction\":[{\"@type\":\"ReadAction\",\"target\":[\"https:\/\/www.spottergps.com\/pl\/faq-2\/ogolny\/czas-reakcji-obslugi-klienta\/\"]}]},{\"@type\":\"BreadcrumbList\",\"@id\":\"https:\/\/www.spottergps.com\/pl\/faq-2\/ogolny\/czas-reakcji-obslugi-klienta\/#breadcrumb\",\"itemListElement\":[{\"@type\":\"ListItem\",\"position\":1,\"name\":\"Home\",\"item\":\"https:\/\/www.spottergps.com\/pl\/\"},{\"@type\":\"ListItem\",\"position\":2,\"name\":\"Jak mo\u017cemy ci pom\u00f3c?\",\"item\":\"https:\/\/www.spottergps.com\/pl\/faq-2\/\"},{\"@type\":\"ListItem\",\"position\":3,\"name\":\"Og\u00f3lny\",\"item\":\"https:\/\/www.spottergps.com\/pl\/faq-2\/ogolny\/\"},{\"@type\":\"ListItem\",\"position\":4,\"name\":\"Czas reakcji obs\u0142ugi klienta\"}]},{\"@type\":\"WebSite\",\"@id\":\"https:\/\/www.spottergps.com\/pl\/#website\",\"url\":\"https:\/\/www.spottergps.com\/pl\/\",\"name\":\"Spotter - Polen\",\"description\":\"GPS tracker dla wszystkiego, co kochasz\",\"potentialAction\":[{\"@type\":\"SearchAction\",\"target\":{\"@type\":\"EntryPoint\",\"urlTemplate\":\"https:\/\/www.spottergps.com\/pl\/?s={search_term_string}\"},\"query-input\":{\"@type\":\"PropertyValueSpecification\",\"valueRequired\":true,\"valueName\":\"search_term_string\"}}],\"inLanguage\":\"pl-PL\"}]}<\/script>\n<!-- \/ Yoast SEO plugin. -->","yoast_head_json":{"title":"Czas reakcji obs\u0142ugi klienta - Spotter - Polen","robots":{"index":"index","follow":"follow","max-snippet":"max-snippet:-1","max-image-preview":"max-image-preview:large","max-video-preview":"max-video-preview:-1"},"canonical":"https:\/\/www.spottergps.com\/pl\/faq-2\/ogolny\/czas-reakcji-obslugi-klienta\/","og_locale":"pl_PL","og_type":"article","og_title":"Czas reakcji obs\u0142ugi klienta - Spotter - Polen","og_description":"Staramy si\u0119 odpowiedzie\u0107 na Twoj\u0105 wiadomo\u015b\u0107 w ci\u0105gu 48 godzin roboczych. W praktyce cz\u0119sto odpowiadamy ju\u017c w ci\u0105gu kilku godzin. Je\u015bli wype\u0142nisz formularz kontaktowy w ca\u0142o\u015bci, b\u0119dziemy mieli od razu wszystkie informacje, kt\u00f3re s\u0105 nam potrzebne, aby jak najszybciej Ci pom\u00f3c. Tutaj mo\u017cesz zada\u0107 pytanie i od razu przekaza\u0107 kod Spottera. Dzi\u0119ki takiemu podej\u015bciu Twoje [&hellip;]","og_url":"https:\/\/www.spottergps.com\/pl\/faq-2\/ogolny\/czas-reakcji-obslugi-klienta\/","og_site_name":"Spotter - Polen","article_modified_time":"2025-10-17T09:21:46+00:00","twitter_card":"summary_large_image","twitter_misc":{"Szacowany czas czytania":"1 minuta"},"schema":{"@context":"https:\/\/schema.org","@graph":[{"@type":"WebPage","@id":"https:\/\/www.spottergps.com\/pl\/faq-2\/ogolny\/czas-reakcji-obslugi-klienta\/","url":"https:\/\/www.spottergps.com\/pl\/faq-2\/ogolny\/czas-reakcji-obslugi-klienta\/","name":"Czas reakcji obs\u0142ugi klienta - Spotter - Polen","isPartOf":{"@id":"https:\/\/www.spottergps.com\/pl\/#website"},"datePublished":"2025-03-31T10:30:03+00:00","dateModified":"2025-10-17T09:21:46+00:00","breadcrumb":{"@id":"https:\/\/www.spottergps.com\/pl\/faq-2\/ogolny\/czas-reakcji-obslugi-klienta\/#breadcrumb"},"inLanguage":"pl-PL","potentialAction":[{"@type":"ReadAction","target":["https:\/\/www.spottergps.com\/pl\/faq-2\/ogolny\/czas-reakcji-obslugi-klienta\/"]}]},{"@type":"BreadcrumbList","@id":"https:\/\/www.spottergps.com\/pl\/faq-2\/ogolny\/czas-reakcji-obslugi-klienta\/#breadcrumb","itemListElement":[{"@type":"ListItem","position":1,"name":"Home","item":"https:\/\/www.spottergps.com\/pl\/"},{"@type":"ListItem","position":2,"name":"Jak mo\u017cemy ci pom\u00f3c?","item":"https:\/\/www.spottergps.com\/pl\/faq-2\/"},{"@type":"ListItem","position":3,"name":"Og\u00f3lny","item":"https:\/\/www.spottergps.com\/pl\/faq-2\/ogolny\/"},{"@type":"ListItem","position":4,"name":"Czas reakcji obs\u0142ugi klienta"}]},{"@type":"WebSite","@id":"https:\/\/www.spottergps.com\/pl\/#website","url":"https:\/\/www.spottergps.com\/pl\/","name":"Spotter - Polen","description":"GPS tracker dla wszystkiego, co kochasz","potentialAction":[{"@type":"SearchAction","target":{"@type":"EntryPoint","urlTemplate":"https:\/\/www.spottergps.com\/pl\/?s={search_term_string}"},"query-input":{"@type":"PropertyValueSpecification","valueRequired":true,"valueName":"search_term_string"}}],"inLanguage":"pl-PL"}]}},"_links":{"self":[{"href":"https:\/\/www.spottergps.com\/pl\/wp-json\/wp\/v2\/pages\/671","targetHints":{"allow":["GET"]}}],"collection":[{"href":"https:\/\/www.spottergps.com\/pl\/wp-json\/wp\/v2\/pages"}],"about":[{"href":"https:\/\/www.spottergps.com\/pl\/wp-json\/wp\/v2\/types\/page"}],"author":[{"embeddable":true,"href":"https:\/\/www.spottergps.com\/pl\/wp-json\/wp\/v2\/users\/14"}],"replies":[{"embeddable":true,"href":"https:\/\/www.spottergps.com\/pl\/wp-json\/wp\/v2\/comments?post=671"}],"version-history":[{"count":3,"href":"https:\/\/www.spottergps.com\/pl\/wp-json\/wp\/v2\/pages\/671\/revisions"}],"predecessor-version":[{"id":20938,"href":"https:\/\/www.spottergps.com\/pl\/wp-json\/wp\/v2\/pages\/671\/revisions\/20938"}],"up":[{"embeddable":true,"href":"https:\/\/www.spottergps.com\/pl\/wp-json\/wp\/v2\/pages\/632"}],"wp:attachment":[{"href":"https:\/\/www.spottergps.com\/pl\/wp-json\/wp\/v2\/media?parent=671"}],"wp:term":[{"taxonomy":"category","embeddable":true,"href":"https:\/\/www.spottergps.com\/pl\/wp-json\/wp\/v2\/categories?post=671"},{"taxonomy":"post_tag","embeddable":true,"href":"https:\/\/www.spottergps.com\/pl\/wp-json\/wp\/v2\/tags?post=671"}],"curies":[{"name":"wp","href":"https:\/\/api.w.org\/{rel}","templated":true}]}}