{"id":668,"date":"2025-03-31T10:17:53","date_gmt":"2025-03-31T10:17:53","guid":{"rendered":"https:\/\/www.spottergps.com\/pl\/?page_id=668"},"modified":"2025-04-23T06:49:49","modified_gmt":"2025-04-23T06:49:49","slug":"jak-moge-skontaktowac-sie-z-obsluga-klienta","status":"publish","type":"page","link":"https:\/\/www.spottergps.com\/pl\/faq-2\/ogolny\/jak-moge-skontaktowac-sie-z-obsluga-klienta\/","title":{"rendered":"Jak mog\u0119 skontaktowa\u0107 si\u0119 z obs\u0142ug\u0105 klienta?"},"content":{"rendered":"\n<p>Nasza obs\u0142uga klienta ch\u0119tnie pomo\u017ce Ci w ka\u017cdej sprawie. Aby jak najszybciej i najlepiej odpowiedzie\u0107 na Twoje pytanie lub rozwi\u0105za\u0107 problem, zdecydowali\u015bmy si\u0119 na komunikacj\u0119 mailow\u0105. Mo\u017cesz skontaktowa\u0107 si\u0119 z nasz\u0105 obs\u0142ug\u0105 klienta za pomoc\u0105 <a href=\"https:\/\/www.spottergps.com\/pl\/w-czym-mozemy-panstwu-pomoc\/\"><span style=\"text-decoration: underline\">formularza kontaktowego<\/span><\/a> na naszej stronie internetowej. Staramy si\u0119 odpowiedzie\u0107 na Twoj\u0105 wiadomo\u015b\u0107 w ci\u0105gu 48 godzin roboczych.<\/p>\n\n\n\n<p><\/p>\n","protected":false},"excerpt":{"rendered":"<p>Nasza obs\u0142uga klienta ch\u0119tnie pomo\u017ce Ci w ka\u017cdej sprawie. Aby jak najszybciej i najlepiej odpowiedzie\u0107 na Twoje pytanie lub rozwi\u0105za\u0107 problem, zdecydowali\u015bmy si\u0119 na komunikacj\u0119 mailow\u0105. Mo\u017cesz skontaktowa\u0107 si\u0119 z nasz\u0105 obs\u0142ug\u0105 klienta za pomoc\u0105 formularza kontaktowego na naszej stronie internetowej. Staramy si\u0119 odpowiedzie\u0107 na Twoj\u0105 wiadomo\u015b\u0107 w ci\u0105gu 48 godzin roboczych.<\/p>\n","protected":false},"author":14,"featured_media":0,"parent":632,"menu_order":0,"comment_status":"closed","ping_status":"closed","template":"faq-content.php","meta":{"_acf_changed":false,"footnotes":""},"categories":[5],"tags":[],"class_list":["post-668","page","type-page","status-publish","hentry","category-faq"],"acf":[],"yoast_head":"<!-- This site is optimized with the Yoast SEO plugin v25.9 - https:\/\/yoast.com\/wordpress\/plugins\/seo\/ -->\n<title>Jak mog\u0119 skontaktowa\u0107 si\u0119 z obs\u0142ug\u0105 klienta? - Spotter - Polen<\/title>\n<meta name=\"robots\" content=\"index, follow, max-snippet:-1, max-image-preview:large, max-video-preview:-1\" \/>\n<link rel=\"canonical\" href=\"https:\/\/www.spottergps.com\/pl\/faq-2\/ogolny\/jak-moge-skontaktowac-sie-z-obsluga-klienta\/\" \/>\n<meta property=\"og:locale\" content=\"pl_PL\" \/>\n<meta property=\"og:type\" content=\"article\" \/>\n<meta property=\"og:title\" content=\"Jak mog\u0119 skontaktowa\u0107 si\u0119 z obs\u0142ug\u0105 klienta? - Spotter - Polen\" \/>\n<meta property=\"og:description\" content=\"Nasza obs\u0142uga klienta ch\u0119tnie pomo\u017ce Ci w ka\u017cdej sprawie. Aby jak najszybciej i najlepiej odpowiedzie\u0107 na Twoje pytanie lub rozwi\u0105za\u0107 problem, zdecydowali\u015bmy si\u0119 na komunikacj\u0119 mailow\u0105. Mo\u017cesz skontaktowa\u0107 si\u0119 z nasz\u0105 obs\u0142ug\u0105 klienta za pomoc\u0105 formularza kontaktowego na naszej stronie internetowej. Staramy si\u0119 odpowiedzie\u0107 na Twoj\u0105 wiadomo\u015b\u0107 w ci\u0105gu 48 godzin roboczych.\" \/>\n<meta property=\"og:url\" content=\"https:\/\/www.spottergps.com\/pl\/faq-2\/ogolny\/jak-moge-skontaktowac-sie-z-obsluga-klienta\/\" \/>\n<meta property=\"og:site_name\" content=\"Spotter - Polen\" \/>\n<meta property=\"article:modified_time\" content=\"2025-04-23T06:49:49+00:00\" \/>\n<meta name=\"twitter:card\" content=\"summary_large_image\" \/>\n<meta name=\"twitter:label1\" content=\"Szacowany czas czytania\" \/>\n\t<meta name=\"twitter:data1\" content=\"1 minuta\" \/>\n<script type=\"application\/ld+json\" class=\"yoast-schema-graph\">{\"@context\":\"https:\/\/schema.org\",\"@graph\":[{\"@type\":\"WebPage\",\"@id\":\"https:\/\/www.spottergps.com\/pl\/faq-2\/ogolny\/jak-moge-skontaktowac-sie-z-obsluga-klienta\/\",\"url\":\"https:\/\/www.spottergps.com\/pl\/faq-2\/ogolny\/jak-moge-skontaktowac-sie-z-obsluga-klienta\/\",\"name\":\"Jak mog\u0119 skontaktowa\u0107 si\u0119 z obs\u0142ug\u0105 klienta? - Spotter - Polen\",\"isPartOf\":{\"@id\":\"https:\/\/www.spottergps.com\/pl\/#website\"},\"datePublished\":\"2025-03-31T10:17:53+00:00\",\"dateModified\":\"2025-04-23T06:49:49+00:00\",\"breadcrumb\":{\"@id\":\"https:\/\/www.spottergps.com\/pl\/faq-2\/ogolny\/jak-moge-skontaktowac-sie-z-obsluga-klienta\/#breadcrumb\"},\"inLanguage\":\"pl-PL\",\"potentialAction\":[{\"@type\":\"ReadAction\",\"target\":[\"https:\/\/www.spottergps.com\/pl\/faq-2\/ogolny\/jak-moge-skontaktowac-sie-z-obsluga-klienta\/\"]}]},{\"@type\":\"BreadcrumbList\",\"@id\":\"https:\/\/www.spottergps.com\/pl\/faq-2\/ogolny\/jak-moge-skontaktowac-sie-z-obsluga-klienta\/#breadcrumb\",\"itemListElement\":[{\"@type\":\"ListItem\",\"position\":1,\"name\":\"Home\",\"item\":\"https:\/\/www.spottergps.com\/pl\/\"},{\"@type\":\"ListItem\",\"position\":2,\"name\":\"Jak mo\u017cemy ci pom\u00f3c?\",\"item\":\"https:\/\/www.spottergps.com\/pl\/faq-2\/\"},{\"@type\":\"ListItem\",\"position\":3,\"name\":\"Og\u00f3lny\",\"item\":\"https:\/\/www.spottergps.com\/pl\/faq-2\/ogolny\/\"},{\"@type\":\"ListItem\",\"position\":4,\"name\":\"Jak mog\u0119 skontaktowa\u0107 si\u0119 z obs\u0142ug\u0105 klienta?\"}]},{\"@type\":\"WebSite\",\"@id\":\"https:\/\/www.spottergps.com\/pl\/#website\",\"url\":\"https:\/\/www.spottergps.com\/pl\/\",\"name\":\"Spotter - Polen\",\"description\":\"GPS tracker dla wszystkiego, co kochasz\",\"potentialAction\":[{\"@type\":\"SearchAction\",\"target\":{\"@type\":\"EntryPoint\",\"urlTemplate\":\"https:\/\/www.spottergps.com\/pl\/?s={search_term_string}\"},\"query-input\":{\"@type\":\"PropertyValueSpecification\",\"valueRequired\":true,\"valueName\":\"search_term_string\"}}],\"inLanguage\":\"pl-PL\"}]}<\/script>\n<!-- \/ Yoast SEO plugin. -->","yoast_head_json":{"title":"Jak mog\u0119 skontaktowa\u0107 si\u0119 z obs\u0142ug\u0105 klienta? - Spotter - Polen","robots":{"index":"index","follow":"follow","max-snippet":"max-snippet:-1","max-image-preview":"max-image-preview:large","max-video-preview":"max-video-preview:-1"},"canonical":"https:\/\/www.spottergps.com\/pl\/faq-2\/ogolny\/jak-moge-skontaktowac-sie-z-obsluga-klienta\/","og_locale":"pl_PL","og_type":"article","og_title":"Jak mog\u0119 skontaktowa\u0107 si\u0119 z obs\u0142ug\u0105 klienta? - Spotter - Polen","og_description":"Nasza obs\u0142uga klienta ch\u0119tnie pomo\u017ce Ci w ka\u017cdej sprawie. Aby jak najszybciej i najlepiej odpowiedzie\u0107 na Twoje pytanie lub rozwi\u0105za\u0107 problem, zdecydowali\u015bmy si\u0119 na komunikacj\u0119 mailow\u0105. Mo\u017cesz skontaktowa\u0107 si\u0119 z nasz\u0105 obs\u0142ug\u0105 klienta za pomoc\u0105 formularza kontaktowego na naszej stronie internetowej. Staramy si\u0119 odpowiedzie\u0107 na Twoj\u0105 wiadomo\u015b\u0107 w ci\u0105gu 48 godzin roboczych.","og_url":"https:\/\/www.spottergps.com\/pl\/faq-2\/ogolny\/jak-moge-skontaktowac-sie-z-obsluga-klienta\/","og_site_name":"Spotter - Polen","article_modified_time":"2025-04-23T06:49:49+00:00","twitter_card":"summary_large_image","twitter_misc":{"Szacowany czas czytania":"1 minuta"},"schema":{"@context":"https:\/\/schema.org","@graph":[{"@type":"WebPage","@id":"https:\/\/www.spottergps.com\/pl\/faq-2\/ogolny\/jak-moge-skontaktowac-sie-z-obsluga-klienta\/","url":"https:\/\/www.spottergps.com\/pl\/faq-2\/ogolny\/jak-moge-skontaktowac-sie-z-obsluga-klienta\/","name":"Jak mog\u0119 skontaktowa\u0107 si\u0119 z obs\u0142ug\u0105 klienta? - Spotter - Polen","isPartOf":{"@id":"https:\/\/www.spottergps.com\/pl\/#website"},"datePublished":"2025-03-31T10:17:53+00:00","dateModified":"2025-04-23T06:49:49+00:00","breadcrumb":{"@id":"https:\/\/www.spottergps.com\/pl\/faq-2\/ogolny\/jak-moge-skontaktowac-sie-z-obsluga-klienta\/#breadcrumb"},"inLanguage":"pl-PL","potentialAction":[{"@type":"ReadAction","target":["https:\/\/www.spottergps.com\/pl\/faq-2\/ogolny\/jak-moge-skontaktowac-sie-z-obsluga-klienta\/"]}]},{"@type":"BreadcrumbList","@id":"https:\/\/www.spottergps.com\/pl\/faq-2\/ogolny\/jak-moge-skontaktowac-sie-z-obsluga-klienta\/#breadcrumb","itemListElement":[{"@type":"ListItem","position":1,"name":"Home","item":"https:\/\/www.spottergps.com\/pl\/"},{"@type":"ListItem","position":2,"name":"Jak mo\u017cemy ci pom\u00f3c?","item":"https:\/\/www.spottergps.com\/pl\/faq-2\/"},{"@type":"ListItem","position":3,"name":"Og\u00f3lny","item":"https:\/\/www.spottergps.com\/pl\/faq-2\/ogolny\/"},{"@type":"ListItem","position":4,"name":"Jak mog\u0119 skontaktowa\u0107 si\u0119 z obs\u0142ug\u0105 klienta?"}]},{"@type":"WebSite","@id":"https:\/\/www.spottergps.com\/pl\/#website","url":"https:\/\/www.spottergps.com\/pl\/","name":"Spotter - Polen","description":"GPS tracker dla wszystkiego, co kochasz","potentialAction":[{"@type":"SearchAction","target":{"@type":"EntryPoint","urlTemplate":"https:\/\/www.spottergps.com\/pl\/?s={search_term_string}"},"query-input":{"@type":"PropertyValueSpecification","valueRequired":true,"valueName":"search_term_string"}}],"inLanguage":"pl-PL"}]}},"_links":{"self":[{"href":"https:\/\/www.spottergps.com\/pl\/wp-json\/wp\/v2\/pages\/668","targetHints":{"allow":["GET"]}}],"collection":[{"href":"https:\/\/www.spottergps.com\/pl\/wp-json\/wp\/v2\/pages"}],"about":[{"href":"https:\/\/www.spottergps.com\/pl\/wp-json\/wp\/v2\/types\/page"}],"author":[{"embeddable":true,"href":"https:\/\/www.spottergps.com\/pl\/wp-json\/wp\/v2\/users\/14"}],"replies":[{"embeddable":true,"href":"https:\/\/www.spottergps.com\/pl\/wp-json\/wp\/v2\/comments?post=668"}],"version-history":[{"count":2,"href":"https:\/\/www.spottergps.com\/pl\/wp-json\/wp\/v2\/pages\/668\/revisions"}],"predecessor-version":[{"id":20748,"href":"https:\/\/www.spottergps.com\/pl\/wp-json\/wp\/v2\/pages\/668\/revisions\/20748"}],"up":[{"embeddable":true,"href":"https:\/\/www.spottergps.com\/pl\/wp-json\/wp\/v2\/pages\/632"}],"wp:attachment":[{"href":"https:\/\/www.spottergps.com\/pl\/wp-json\/wp\/v2\/media?parent=668"}],"wp:term":[{"taxonomy":"category","embeddable":true,"href":"https:\/\/www.spottergps.com\/pl\/wp-json\/wp\/v2\/categories?post=668"},{"taxonomy":"post_tag","embeddable":true,"href":"https:\/\/www.spottergps.com\/pl\/wp-json\/wp\/v2\/tags?post=668"}],"curies":[{"name":"wp","href":"https:\/\/api.w.org\/{rel}","templated":true}]}}