{"id":57,"date":"2025-02-03T13:39:01","date_gmt":"2025-02-03T13:39:01","guid":{"rendered":"https:\/\/www.spottergps.com\/pl\/?page_id=57"},"modified":"2025-12-24T13:03:27","modified_gmt":"2025-12-24T13:03:27","slug":"najmniejszy-gps-dla-psa","status":"publish","type":"page","link":"https:\/\/www.spottergps.com\/pl\/najmniejszy-gps-dla-psa\/","title":{"rendered":"Najmniejszy GPS dla psa"},"content":{"rendered":"\n<h2>Odkryj przygody swojego ma\u0142ego przyjaciela.<\/h2>\n<p>Dzi\u0119ki GPS dla psa marki Spotter\u00ae mo\u017cesz \u015bledzi\u0107 wszystkie jego przygody bezpo\u015brednio na swoim smartfonie. Sprawd\u017a, gdzie si\u0119 znajduje, i prze\u015bled\u017a, co robi\u0142 w przesz\u0142o\u015bci. Ustaw strefy i otrzymuj powiadomienia, gdy tw\u00f3j pies znajdzie si\u0119 w ich obr\u0119bie lub poza nimi. A mo\u017ce chcesz zobaczy\u0107, jak aktywny jest tw\u00f3j czworon\u00f3g? Z pomoc\u0105 wbudowanego activity trackera to te\u017c jest mo\u017cliwe! Ta obro\u017ca dla psa z GPS jest wyj\u0105tkowo ma\u0142a (zaledwie 4 cm) i wa\u017cy tylko 21 gram\u00f3w, co czyni j\u0105 idealnym gad\u017cetem dla w\u0142a\u015bcicieli ps\u00f3w. Je\u015bli szukasz niezawodnego urz\u0105dzenia, kt\u00f3re pozwoli ci monitorowa\u0107 twojego pies GPS, Spotter\u00ae to doskona\u0142y wyb\u00f3r!<\/p>\n","protected":false},"excerpt":{"rendered":"<p>Odkryj przygody swojego ma\u0142ego przyjaciela. Dzi\u0119ki GPS dla psa marki Spotter\u00ae mo\u017cesz \u015bledzi\u0107 wszystkie jego przygody bezpo\u015brednio na swoim smartfonie. Sprawd\u017a, gdzie si\u0119 znajduje, i prze\u015bled\u017a, co robi\u0142 w przesz\u0142o\u015bci. Ustaw strefy i otrzymuj powiadomienia, gdy tw\u00f3j pies znajdzie si\u0119 w ich obr\u0119bie lub poza nimi. A mo\u017ce chcesz zobaczy\u0107, jak aktywny jest tw\u00f3j czworon\u00f3g? [&hellip;]<\/p>\n","protected":false},"author":14,"featured_media":0,"parent":0,"menu_order":0,"comment_status":"closed","ping_status":"closed","template":"","meta":{"_acf_changed":false,"footnotes":""},"categories":[],"tags":[],"class_list":["post-57","page","type-page","status-publish","hentry"],"acf":[],"yoast_head":"<!-- This site is optimized with the Yoast SEO plugin v25.9 - https:\/\/yoast.com\/wordpress\/plugins\/seo\/ -->\n<title>Najmniejszy GPS dla psa \u2013 \u015aled\u017a swojego pupila | Spotter\u00ae \u2764<\/title>\n<meta name=\"robots\" content=\"index, follow, max-snippet:-1, max-image-preview:large, max-video-preview:-1\" \/>\n<link rel=\"canonical\" href=\"https:\/\/www.spottergps.com\/pl\/najmniejszy-gps-dla-psa\/\" \/>\n<meta property=\"og:locale\" content=\"pl_PL\" \/>\n<meta property=\"og:type\" content=\"article\" \/>\n<meta property=\"og:title\" content=\"Najmniejszy GPS dla psa \u2013 \u015aled\u017a swojego pupila | Spotter\u00ae \u2764\" \/>\n<meta property=\"og:description\" content=\"Odkryj przygody swojego ma\u0142ego przyjaciela. Dzi\u0119ki GPS dla psa marki Spotter\u00ae mo\u017cesz \u015bledzi\u0107 wszystkie jego przygody bezpo\u015brednio na swoim smartfonie. Sprawd\u017a, gdzie si\u0119 znajduje, i prze\u015bled\u017a, co robi\u0142 w przesz\u0142o\u015bci. Ustaw strefy i otrzymuj powiadomienia, gdy tw\u00f3j pies znajdzie si\u0119 w ich obr\u0119bie lub poza nimi. A mo\u017ce chcesz zobaczy\u0107, jak aktywny jest tw\u00f3j czworon\u00f3g? [&hellip;]\" \/>\n<meta property=\"og:url\" content=\"https:\/\/www.spottergps.com\/pl\/najmniejszy-gps-dla-psa\/\" \/>\n<meta property=\"og:site_name\" content=\"Spotter - Polen\" \/>\n<meta property=\"article:modified_time\" content=\"2025-12-24T13:03:27+00:00\" \/>\n<meta name=\"twitter:card\" content=\"summary_large_image\" \/>\n<meta name=\"twitter:label1\" content=\"Szacowany czas czytania\" \/>\n\t<meta name=\"twitter:data1\" content=\"1 minuta\" \/>\n<script type=\"application\/ld+json\" class=\"yoast-schema-graph\">{\"@context\":\"https:\/\/schema.org\",\"@graph\":[{\"@type\":\"WebPage\",\"@id\":\"https:\/\/www.spottergps.com\/pl\/najmniejszy-gps-dla-psa\/\",\"url\":\"https:\/\/www.spottergps.com\/pl\/najmniejszy-gps-dla-psa\/\",\"name\":\"Najmniejszy GPS dla psa \u2013 \u015aled\u017a swojego pupila | Spotter\u00ae \u2764\",\"isPartOf\":{\"@id\":\"https:\/\/www.spottergps.com\/pl\/#website\"},\"datePublished\":\"2025-02-03T13:39:01+00:00\",\"dateModified\":\"2025-12-24T13:03:27+00:00\",\"breadcrumb\":{\"@id\":\"https:\/\/www.spottergps.com\/pl\/najmniejszy-gps-dla-psa\/#breadcrumb\"},\"inLanguage\":\"pl-PL\",\"potentialAction\":[{\"@type\":\"ReadAction\",\"target\":[\"https:\/\/www.spottergps.com\/pl\/najmniejszy-gps-dla-psa\/\"]}]},{\"@type\":\"BreadcrumbList\",\"@id\":\"https:\/\/www.spottergps.com\/pl\/najmniejszy-gps-dla-psa\/#breadcrumb\",\"itemListElement\":[{\"@type\":\"ListItem\",\"position\":1,\"name\":\"Home\",\"item\":\"https:\/\/www.spottergps.com\/pl\/\"},{\"@type\":\"ListItem\",\"position\":2,\"name\":\"Najmniejszy GPS dla psa\"}]},{\"@type\":\"WebSite\",\"@id\":\"https:\/\/www.spottergps.com\/pl\/#website\",\"url\":\"https:\/\/www.spottergps.com\/pl\/\",\"name\":\"Spotter - Polen\",\"description\":\"GPS tracker dla wszystkiego, co kochasz\",\"potentialAction\":[{\"@type\":\"SearchAction\",\"target\":{\"@type\":\"EntryPoint\",\"urlTemplate\":\"https:\/\/www.spottergps.com\/pl\/?s={search_term_string}\"},\"query-input\":{\"@type\":\"PropertyValueSpecification\",\"valueRequired\":true,\"valueName\":\"search_term_string\"}}],\"inLanguage\":\"pl-PL\"}]}<\/script>\n<!-- \/ Yoast SEO plugin. -->","yoast_head_json":{"title":"Najmniejszy GPS dla psa \u2013 \u015aled\u017a swojego pupila | Spotter\u00ae \u2764","robots":{"index":"index","follow":"follow","max-snippet":"max-snippet:-1","max-image-preview":"max-image-preview:large","max-video-preview":"max-video-preview:-1"},"canonical":"https:\/\/www.spottergps.com\/pl\/najmniejszy-gps-dla-psa\/","og_locale":"pl_PL","og_type":"article","og_title":"Najmniejszy GPS dla psa \u2013 \u015aled\u017a swojego pupila | Spotter\u00ae \u2764","og_description":"Odkryj przygody swojego ma\u0142ego przyjaciela. Dzi\u0119ki GPS dla psa marki Spotter\u00ae mo\u017cesz \u015bledzi\u0107 wszystkie jego przygody bezpo\u015brednio na swoim smartfonie. Sprawd\u017a, gdzie si\u0119 znajduje, i prze\u015bled\u017a, co robi\u0142 w przesz\u0142o\u015bci. Ustaw strefy i otrzymuj powiadomienia, gdy tw\u00f3j pies znajdzie si\u0119 w ich obr\u0119bie lub poza nimi. A mo\u017ce chcesz zobaczy\u0107, jak aktywny jest tw\u00f3j czworon\u00f3g? [&hellip;]","og_url":"https:\/\/www.spottergps.com\/pl\/najmniejszy-gps-dla-psa\/","og_site_name":"Spotter - Polen","article_modified_time":"2025-12-24T13:03:27+00:00","twitter_card":"summary_large_image","twitter_misc":{"Szacowany czas czytania":"1 minuta"},"schema":{"@context":"https:\/\/schema.org","@graph":[{"@type":"WebPage","@id":"https:\/\/www.spottergps.com\/pl\/najmniejszy-gps-dla-psa\/","url":"https:\/\/www.spottergps.com\/pl\/najmniejszy-gps-dla-psa\/","name":"Najmniejszy GPS dla psa \u2013 \u015aled\u017a swojego pupila | Spotter\u00ae \u2764","isPartOf":{"@id":"https:\/\/www.spottergps.com\/pl\/#website"},"datePublished":"2025-02-03T13:39:01+00:00","dateModified":"2025-12-24T13:03:27+00:00","breadcrumb":{"@id":"https:\/\/www.spottergps.com\/pl\/najmniejszy-gps-dla-psa\/#breadcrumb"},"inLanguage":"pl-PL","potentialAction":[{"@type":"ReadAction","target":["https:\/\/www.spottergps.com\/pl\/najmniejszy-gps-dla-psa\/"]}]},{"@type":"BreadcrumbList","@id":"https:\/\/www.spottergps.com\/pl\/najmniejszy-gps-dla-psa\/#breadcrumb","itemListElement":[{"@type":"ListItem","position":1,"name":"Home","item":"https:\/\/www.spottergps.com\/pl\/"},{"@type":"ListItem","position":2,"name":"Najmniejszy GPS dla psa"}]},{"@type":"WebSite","@id":"https:\/\/www.spottergps.com\/pl\/#website","url":"https:\/\/www.spottergps.com\/pl\/","name":"Spotter - Polen","description":"GPS tracker dla wszystkiego, co kochasz","potentialAction":[{"@type":"SearchAction","target":{"@type":"EntryPoint","urlTemplate":"https:\/\/www.spottergps.com\/pl\/?s={search_term_string}"},"query-input":{"@type":"PropertyValueSpecification","valueRequired":true,"valueName":"search_term_string"}}],"inLanguage":"pl-PL"}]}},"_links":{"self":[{"href":"https:\/\/www.spottergps.com\/pl\/wp-json\/wp\/v2\/pages\/57","targetHints":{"allow":["GET"]}}],"collection":[{"href":"https:\/\/www.spottergps.com\/pl\/wp-json\/wp\/v2\/pages"}],"about":[{"href":"https:\/\/www.spottergps.com\/pl\/wp-json\/wp\/v2\/types\/page"}],"author":[{"embeddable":true,"href":"https:\/\/www.spottergps.com\/pl\/wp-json\/wp\/v2\/users\/14"}],"replies":[{"embeddable":true,"href":"https:\/\/www.spottergps.com\/pl\/wp-json\/wp\/v2\/comments?post=57"}],"version-history":[{"count":41,"href":"https:\/\/www.spottergps.com\/pl\/wp-json\/wp\/v2\/pages\/57\/revisions"}],"predecessor-version":[{"id":986,"href":"https:\/\/www.spottergps.com\/pl\/wp-json\/wp\/v2\/pages\/57\/revisions\/986"}],"wp:attachment":[{"href":"https:\/\/www.spottergps.com\/pl\/wp-json\/wp\/v2\/media?parent=57"}],"wp:term":[{"taxonomy":"category","embeddable":true,"href":"https:\/\/www.spottergps.com\/pl\/wp-json\/wp\/v2\/categories?post=57"},{"taxonomy":"post_tag","embeddable":true,"href":"https:\/\/www.spottergps.com\/pl\/wp-json\/wp\/v2\/tags?post=57"}],"curies":[{"name":"wp","href":"https:\/\/api.w.org\/{rel}","templated":true}]}}