{"id":558,"date":"2025-03-17T13:31:39","date_gmt":"2025-03-17T13:31:39","guid":{"rendered":"https:\/\/www.spottergps.com\/pl\/?page_id=558"},"modified":"2025-12-24T12:58:50","modified_gmt":"2025-12-24T12:58:50","slug":"tracker-gps-dla-seniorow","status":"publish","type":"page","link":"https:\/\/www.spottergps.com\/pl\/tracker-gps-dla-seniorow\/","title":{"rendered":"Tracker GPS dla senior\u00f3w z przyciskiem SOS"},"content":{"rendered":"\n<div class=\"wp-block-columns is-layout-flex wp-container-core-columns-is-layout-9d6595d7 wp-block-columns-is-layout-flex\">\n<div class=\"wp-block-column is-layout-flow wp-block-column-is-layout-flow\" style=\"flex-basis:50%\">\n<p>Zmartwienie, gdy seniorzy wychodz\u0105 na zewn\u0105trz samodzielnie, jest powszechne. Spotter\u00ae GPS tracker usuwa t\u0119 niepewno\u015b\u0107 zar\u00f3wno u Pa\u0144stwa, jak i u osoby starszej.<\/p>\n<ul>\n<li data-start=\"0\" data-end=\"197\">Umie\u015b\u0107 <strong data-start=\"9\" data-end=\"33\">Spotter\u00ae GPS tracker<\/strong> w <strong data-start=\"36\" data-end=\"56\">kieszeni, torbie<\/strong> lub na <strong data-start=\"64\" data-end=\"76\">balkonik<\/strong> i zawsze b\u0119dziesz wiedzia\u0142, gdzie dana osoba si\u0119 znajduje, dzi\u0119ki swojemu <strong data-start=\"151\" data-end=\"167\">kontu online<\/strong> lub <strong data-start=\"172\" data-end=\"194\">aplikacji mobilnej<\/strong>.<\/li>\n<li data-start=\"198\" data-end=\"330\">Mo\u017cesz tak\u017ce ustawi\u0107 <strong data-start=\"221\" data-end=\"231\">stref\u0119<\/strong>, aby okre\u015bli\u0107 dany <strong data-start=\"251\" data-end=\"261\">obszar<\/strong> i otrzymywa\u0107 <strong data-start=\"275\" data-end=\"292\">powiadomienia<\/strong>, gdy strefa zostanie <strong data-start=\"314\" data-end=\"327\">opu\u015bciona<\/strong>.<\/li>\n<li data-start=\"331\" data-end=\"383\">Mo\u017cesz nawet prowadzi\u0107 <strong data-start=\"356\" data-end=\"380\">rozmowy telefoniczne<\/strong>.<\/li>\n<li data-start=\"384\" data-end=\"472\">Jest to <strong data-start=\"394\" data-end=\"408\">urz\u0105dzenie<\/strong> cz\u0119sto wykorzystywane w <strong data-start=\"433\" data-end=\"443\">opiece<\/strong> nad <strong data-start=\"448\" data-end=\"469\">osobami starszymi<\/strong>.<\/li>\n<li data-start=\"473\" data-end=\"534\"><strong data-start=\"475\" data-end=\"494\" data-is-only-node=\"\">Brak abonamentu<\/strong> \u2013 korzystanie w systemie <strong data-start=\"520\" data-end=\"531\">prepaid<\/strong>.<\/li>\n<li data-start=\"535\" data-end=\"615\" data-is-last-node=\"\"><strong data-start=\"537\" data-end=\"567\" data-is-only-node=\"\">Wewn\u0119trzna obs\u0142uga klienta<\/strong> dost\u0119pna w razie <strong data-start=\"585\" data-end=\"594\">pyta\u0144<\/strong> podczas u\u017cytkowania.<\/li>\n<\/ul>\n<p data-start=\"823\" data-end=\"849\" data-is-last-node=\"\" data-is-only-node=\"\"><a class=\"main-button\" title=\"Spotter GPS Watch\" href=\"https:\/\/shop.spottergps.com\/pl\/spotter%20gps%20tracker.html\" target=\"_blank\" rel=\"noopener\">Zobacz Spotter GPS tracker<\/a><\/p>\n<\/div>\n\n\n\n<div class=\"wp-block-column is-layout-flow wp-block-column-is-layout-flow\" style=\"flex-basis:50%\">\n<figure class=\"wp-block-image size-full is-resized\"><img loading=\"lazy\" decoding=\"async\" width=\"538\" height=\"451\" src=\"https:\/\/www.spottergps.com\/pl\/wp-content\/uploads\/sites\/9\/2025\/03\/Opaska-GPS-dla-seniora-spotter.jpg\" alt=\"\" class=\"wp-image-559\" style=\"width:532px;height:auto\" srcset=\"https:\/\/www.spottergps.com\/pl\/wp-content\/uploads\/sites\/9\/2025\/03\/Opaska-GPS-dla-seniora-spotter.jpg 538w, https:\/\/www.spottergps.com\/pl\/wp-content\/uploads\/sites\/9\/2025\/03\/Opaska-GPS-dla-seniora-spotter-300x251.jpg 300w\" sizes=\"auto, (max-width: 538px) 100vw, 538px\" \/><\/figure>\n<\/div>\n<\/div>\n","protected":false},"excerpt":{"rendered":"<p>Zmartwienie, gdy seniorzy wychodz\u0105 na zewn\u0105trz samodzielnie, jest powszechne. Spotter\u00ae GPS tracker usuwa t\u0119 niepewno\u015b\u0107 zar\u00f3wno u Pa\u0144stwa, jak i u osoby starszej. Umie\u015b\u0107 Spotter\u00ae GPS tracker w kieszeni, torbie lub na balkonik i zawsze b\u0119dziesz wiedzia\u0142, gdzie dana osoba si\u0119 znajduje, dzi\u0119ki swojemu kontu online lub aplikacji mobilnej. Mo\u017cesz tak\u017ce ustawi\u0107 stref\u0119, aby okre\u015bli\u0107 [&hellip;]<\/p>\n","protected":false},"author":14,"featured_media":0,"parent":0,"menu_order":0,"comment_status":"closed","ping_status":"closed","template":"","meta":{"_acf_changed":false,"footnotes":""},"categories":[],"tags":[],"class_list":["post-558","page","type-page","status-publish","hentry"],"acf":[],"yoast_head":"<!-- This site is optimized with the Yoast SEO plugin v25.9 - https:\/\/yoast.com\/wordpress\/plugins\/seo\/ -->\n<title>Najlepszy lokalizator GPS dla os\u00f3b starszych z przyciskiem SOS | Spotter\u00ae \u2764<\/title>\n<meta name=\"robots\" content=\"index, follow, max-snippet:-1, max-image-preview:large, max-video-preview:-1\" \/>\n<link rel=\"canonical\" href=\"https:\/\/www.spottergps.com\/pl\/tracker-gps-dla-seniorow\/\" \/>\n<meta property=\"og:locale\" content=\"pl_PL\" \/>\n<meta property=\"og:type\" content=\"article\" \/>\n<meta property=\"og:title\" content=\"Najlepszy lokalizator GPS dla os\u00f3b starszych z przyciskiem SOS | Spotter\u00ae \u2764\" \/>\n<meta property=\"og:description\" content=\"Zmartwienie, gdy seniorzy wychodz\u0105 na zewn\u0105trz samodzielnie, jest powszechne. Spotter\u00ae GPS tracker usuwa t\u0119 niepewno\u015b\u0107 zar\u00f3wno u Pa\u0144stwa, jak i u osoby starszej. Umie\u015b\u0107 Spotter\u00ae GPS tracker w kieszeni, torbie lub na balkonik i zawsze b\u0119dziesz wiedzia\u0142, gdzie dana osoba si\u0119 znajduje, dzi\u0119ki swojemu kontu online lub aplikacji mobilnej. Mo\u017cesz tak\u017ce ustawi\u0107 stref\u0119, aby okre\u015bli\u0107 [&hellip;]\" \/>\n<meta property=\"og:url\" content=\"https:\/\/www.spottergps.com\/pl\/tracker-gps-dla-seniorow\/\" \/>\n<meta property=\"og:site_name\" content=\"Spotter - Polen\" \/>\n<meta property=\"article:modified_time\" content=\"2025-12-24T12:58:50+00:00\" \/>\n<meta property=\"og:image\" content=\"https:\/\/www.spottergps.com\/pl\/wp-content\/uploads\/sites\/9\/2025\/03\/Opaska-GPS-dla-seniora-spotter.jpg\" \/>\n\t<meta property=\"og:image:width\" content=\"538\" \/>\n\t<meta property=\"og:image:height\" content=\"451\" \/>\n\t<meta property=\"og:image:type\" content=\"image\/jpeg\" \/>\n<meta name=\"twitter:card\" content=\"summary_large_image\" \/>\n<meta name=\"twitter:label1\" content=\"Szacowany czas czytania\" \/>\n\t<meta name=\"twitter:data1\" content=\"1 minuta\" \/>\n<script type=\"application\/ld+json\" class=\"yoast-schema-graph\">{\"@context\":\"https:\/\/schema.org\",\"@graph\":[{\"@type\":\"WebPage\",\"@id\":\"https:\/\/www.spottergps.com\/pl\/tracker-gps-dla-seniorow\/\",\"url\":\"https:\/\/www.spottergps.com\/pl\/tracker-gps-dla-seniorow\/\",\"name\":\"Najlepszy lokalizator GPS dla os\u00f3b starszych z przyciskiem SOS | Spotter\u00ae \u2764\",\"isPartOf\":{\"@id\":\"https:\/\/www.spottergps.com\/pl\/#website\"},\"primaryImageOfPage\":{\"@id\":\"https:\/\/www.spottergps.com\/pl\/tracker-gps-dla-seniorow\/#primaryimage\"},\"image\":{\"@id\":\"https:\/\/www.spottergps.com\/pl\/tracker-gps-dla-seniorow\/#primaryimage\"},\"thumbnailUrl\":\"https:\/\/www.spottergps.com\/pl\/wp-content\/uploads\/sites\/9\/2025\/03\/Opaska-GPS-dla-seniora-spotter.jpg\",\"datePublished\":\"2025-03-17T13:31:39+00:00\",\"dateModified\":\"2025-12-24T12:58:50+00:00\",\"breadcrumb\":{\"@id\":\"https:\/\/www.spottergps.com\/pl\/tracker-gps-dla-seniorow\/#breadcrumb\"},\"inLanguage\":\"pl-PL\",\"potentialAction\":[{\"@type\":\"ReadAction\",\"target\":[\"https:\/\/www.spottergps.com\/pl\/tracker-gps-dla-seniorow\/\"]}]},{\"@type\":\"ImageObject\",\"inLanguage\":\"pl-PL\",\"@id\":\"https:\/\/www.spottergps.com\/pl\/tracker-gps-dla-seniorow\/#primaryimage\",\"url\":\"https:\/\/www.spottergps.com\/pl\/wp-content\/uploads\/sites\/9\/2025\/03\/Opaska-GPS-dla-seniora-spotter.jpg\",\"contentUrl\":\"https:\/\/www.spottergps.com\/pl\/wp-content\/uploads\/sites\/9\/2025\/03\/Opaska-GPS-dla-seniora-spotter.jpg\",\"width\":538,\"height\":451},{\"@type\":\"BreadcrumbList\",\"@id\":\"https:\/\/www.spottergps.com\/pl\/tracker-gps-dla-seniorow\/#breadcrumb\",\"itemListElement\":[{\"@type\":\"ListItem\",\"position\":1,\"name\":\"Home\",\"item\":\"https:\/\/www.spottergps.com\/pl\/\"},{\"@type\":\"ListItem\",\"position\":2,\"name\":\"Tracker GPS dla senior\u00f3w z przyciskiem SOS\"}]},{\"@type\":\"WebSite\",\"@id\":\"https:\/\/www.spottergps.com\/pl\/#website\",\"url\":\"https:\/\/www.spottergps.com\/pl\/\",\"name\":\"Spotter - Polen\",\"description\":\"GPS tracker dla wszystkiego, co kochasz\",\"potentialAction\":[{\"@type\":\"SearchAction\",\"target\":{\"@type\":\"EntryPoint\",\"urlTemplate\":\"https:\/\/www.spottergps.com\/pl\/?s={search_term_string}\"},\"query-input\":{\"@type\":\"PropertyValueSpecification\",\"valueRequired\":true,\"valueName\":\"search_term_string\"}}],\"inLanguage\":\"pl-PL\"}]}<\/script>\n<!-- \/ Yoast SEO plugin. -->","yoast_head_json":{"title":"Najlepszy lokalizator GPS dla os\u00f3b starszych z przyciskiem SOS | Spotter\u00ae \u2764","robots":{"index":"index","follow":"follow","max-snippet":"max-snippet:-1","max-image-preview":"max-image-preview:large","max-video-preview":"max-video-preview:-1"},"canonical":"https:\/\/www.spottergps.com\/pl\/tracker-gps-dla-seniorow\/","og_locale":"pl_PL","og_type":"article","og_title":"Najlepszy lokalizator GPS dla os\u00f3b starszych z przyciskiem SOS | Spotter\u00ae \u2764","og_description":"Zmartwienie, gdy seniorzy wychodz\u0105 na zewn\u0105trz samodzielnie, jest powszechne. Spotter\u00ae GPS tracker usuwa t\u0119 niepewno\u015b\u0107 zar\u00f3wno u Pa\u0144stwa, jak i u osoby starszej. Umie\u015b\u0107 Spotter\u00ae GPS tracker w kieszeni, torbie lub na balkonik i zawsze b\u0119dziesz wiedzia\u0142, gdzie dana osoba si\u0119 znajduje, dzi\u0119ki swojemu kontu online lub aplikacji mobilnej. Mo\u017cesz tak\u017ce ustawi\u0107 stref\u0119, aby okre\u015bli\u0107 [&hellip;]","og_url":"https:\/\/www.spottergps.com\/pl\/tracker-gps-dla-seniorow\/","og_site_name":"Spotter - Polen","article_modified_time":"2025-12-24T12:58:50+00:00","og_image":[{"width":538,"height":451,"url":"https:\/\/www.spottergps.com\/pl\/wp-content\/uploads\/sites\/9\/2025\/03\/Opaska-GPS-dla-seniora-spotter.jpg","type":"image\/jpeg"}],"twitter_card":"summary_large_image","twitter_misc":{"Szacowany czas czytania":"1 minuta"},"schema":{"@context":"https:\/\/schema.org","@graph":[{"@type":"WebPage","@id":"https:\/\/www.spottergps.com\/pl\/tracker-gps-dla-seniorow\/","url":"https:\/\/www.spottergps.com\/pl\/tracker-gps-dla-seniorow\/","name":"Najlepszy lokalizator GPS dla os\u00f3b starszych z przyciskiem SOS | Spotter\u00ae \u2764","isPartOf":{"@id":"https:\/\/www.spottergps.com\/pl\/#website"},"primaryImageOfPage":{"@id":"https:\/\/www.spottergps.com\/pl\/tracker-gps-dla-seniorow\/#primaryimage"},"image":{"@id":"https:\/\/www.spottergps.com\/pl\/tracker-gps-dla-seniorow\/#primaryimage"},"thumbnailUrl":"https:\/\/www.spottergps.com\/pl\/wp-content\/uploads\/sites\/9\/2025\/03\/Opaska-GPS-dla-seniora-spotter.jpg","datePublished":"2025-03-17T13:31:39+00:00","dateModified":"2025-12-24T12:58:50+00:00","breadcrumb":{"@id":"https:\/\/www.spottergps.com\/pl\/tracker-gps-dla-seniorow\/#breadcrumb"},"inLanguage":"pl-PL","potentialAction":[{"@type":"ReadAction","target":["https:\/\/www.spottergps.com\/pl\/tracker-gps-dla-seniorow\/"]}]},{"@type":"ImageObject","inLanguage":"pl-PL","@id":"https:\/\/www.spottergps.com\/pl\/tracker-gps-dla-seniorow\/#primaryimage","url":"https:\/\/www.spottergps.com\/pl\/wp-content\/uploads\/sites\/9\/2025\/03\/Opaska-GPS-dla-seniora-spotter.jpg","contentUrl":"https:\/\/www.spottergps.com\/pl\/wp-content\/uploads\/sites\/9\/2025\/03\/Opaska-GPS-dla-seniora-spotter.jpg","width":538,"height":451},{"@type":"BreadcrumbList","@id":"https:\/\/www.spottergps.com\/pl\/tracker-gps-dla-seniorow\/#breadcrumb","itemListElement":[{"@type":"ListItem","position":1,"name":"Home","item":"https:\/\/www.spottergps.com\/pl\/"},{"@type":"ListItem","position":2,"name":"Tracker GPS dla senior\u00f3w z przyciskiem SOS"}]},{"@type":"WebSite","@id":"https:\/\/www.spottergps.com\/pl\/#website","url":"https:\/\/www.spottergps.com\/pl\/","name":"Spotter - Polen","description":"GPS tracker dla wszystkiego, co kochasz","potentialAction":[{"@type":"SearchAction","target":{"@type":"EntryPoint","urlTemplate":"https:\/\/www.spottergps.com\/pl\/?s={search_term_string}"},"query-input":{"@type":"PropertyValueSpecification","valueRequired":true,"valueName":"search_term_string"}}],"inLanguage":"pl-PL"}]}},"_links":{"self":[{"href":"https:\/\/www.spottergps.com\/pl\/wp-json\/wp\/v2\/pages\/558","targetHints":{"allow":["GET"]}}],"collection":[{"href":"https:\/\/www.spottergps.com\/pl\/wp-json\/wp\/v2\/pages"}],"about":[{"href":"https:\/\/www.spottergps.com\/pl\/wp-json\/wp\/v2\/types\/page"}],"author":[{"embeddable":true,"href":"https:\/\/www.spottergps.com\/pl\/wp-json\/wp\/v2\/users\/14"}],"replies":[{"embeddable":true,"href":"https:\/\/www.spottergps.com\/pl\/wp-json\/wp\/v2\/comments?post=558"}],"version-history":[{"count":20,"href":"https:\/\/www.spottergps.com\/pl\/wp-json\/wp\/v2\/pages\/558\/revisions"}],"predecessor-version":[{"id":21138,"href":"https:\/\/www.spottergps.com\/pl\/wp-json\/wp\/v2\/pages\/558\/revisions\/21138"}],"wp:attachment":[{"href":"https:\/\/www.spottergps.com\/pl\/wp-json\/wp\/v2\/media?parent=558"}],"wp:term":[{"taxonomy":"category","embeddable":true,"href":"https:\/\/www.spottergps.com\/pl\/wp-json\/wp\/v2\/categories?post=558"},{"taxonomy":"post_tag","embeddable":true,"href":"https:\/\/www.spottergps.com\/pl\/wp-json\/wp\/v2\/tags?post=558"}],"curies":[{"name":"wp","href":"https:\/\/api.w.org\/{rel}","templated":true}]}}