{"id":421,"date":"2025-02-18T11:14:22","date_gmt":"2025-02-18T11:14:22","guid":{"rendered":"https:\/\/www.spottergps.com\/pl\/?page_id=421"},"modified":"2025-02-18T11:22:06","modified_gmt":"2025-02-18T11:22:06","slug":"start","status":"publish","type":"page","link":"https:\/\/www.spottergps.com\/pl\/start\/","title":{"rendered":"Witamy! Oto jak aktywowa\u0107 swojego Spottera"},"content":{"rendered":"\n<div style=\"height:7px\" aria-hidden=\"true\" class=\"wp-block-spacer\"><\/div>\n\n\n\n<p>Aktywuj swojego Spottera w 8 prostych krokach. Przejd\u017amy przez nie razem.<br \/><br \/><\/p>\n\n\n\n<div class=\"wp-block-columns is-layout-flex wp-container-core-columns-is-layout-9d6595d7 wp-block-columns-is-layout-flex\">\n<div class=\"wp-block-column is-vertically-aligned-center is-layout-flow wp-block-column-is-layout-flow\">\n<h2 class=\"wp-block-heading\">1. Na\u0142aduj Spottera do pe\u0142na w 1\u20132 godziny<\/h2>\n\n\n\n<p>Przed pierwszym u\u017cyciem upewnij si\u0119, \u017ce Spotter jest w pe\u0142ni na\u0142adowany \u2013 dzi\u0119ki temu od razu b\u0119dzie gotowy do dzia\u0142ania. W zestawie znajdziesz kabel USB do \u0142adowania.<\/p>\n<\/div>\n\n\n\n<div class=\"wp-block-column is-layout-flow wp-block-column-is-layout-flow\"><div class=\"wp-block-image\">\n<figure class=\"aligncenter size-full is-resized\"><a href=\"https:\/\/www.spottergps.com\/wp-content\/uploads\/2024\/07\/opladen.jpg\"><img decoding=\"async\" src=\"https:\/\/www.spottergps.com\/wp-content\/uploads\/2024\/07\/opladen.jpg\" alt=\"\" class=\"wp-image-21503\" style=\"width:250px\" \/><\/a><\/figure><\/div><\/div>\n<\/div>\n\n\n\n<div class=\"wp-block-columns is-layout-flex wp-container-core-columns-is-layout-9d6595d7 wp-block-columns-is-layout-flex\">\n<div class=\"wp-block-column is-vertically-aligned-center is-layout-flow wp-block-column-is-layout-flow\">\n<h2 class=\"wp-block-heading\">2. Download de Spotter app&nbsp;<\/h2>\n\n\n\n<p>Aplikacj\u0119 Spotter mo\u017cesz pobra\u0107 za darmo w <strong><span style=\"text-decoration: underline\">App Store<\/span><\/strong> lub <strong><span style=\"text-decoration: underline\">Google Play<\/span><\/strong>. Wolisz korzysta\u0107 z komputera? Przejd\u017a na <a href=\"http:\/\/my.spottergps.com\">my.spottergps.com<\/a> i zaloguj si\u0119 przez przegl\u0105dark\u0119.<\/p>\n\n\n<div class=\"wp-block-image\">\n<figure class=\"alignleft is-resized\"><img decoding=\"async\" src=\"https:\/\/www.spottergps.com\/wp-content\/uploads\/2015\/05\/AppStore-e1589534547197.png\" alt=\"Spotter - AppStore\" class=\"wp-image-199\" style=\"width:154px;height:auto\" \/><\/figure><\/div>\n\n<div class=\"wp-block-image\">\n<figure class=\"alignleft is-resized\"><img decoding=\"async\" src=\"https:\/\/www.spottergps.com\/wp-content\/uploads\/2015\/05\/PlayStore-e1589534566122.png\" alt=\"Spotter - PlayStore\" class=\"wp-image-200\" style=\"width:157px;height:auto\" \/><\/figure><\/div><\/div>\n\n\n\n<div class=\"wp-block-column is-layout-flow wp-block-column-is-layout-flow\"><div class=\"wp-block-image\">\n<figure class=\"aligncenter size-full is-resized\"><a href=\"https:\/\/www.spottergps.com\/wp-content\/uploads\/2024\/07\/app.jpg\"><img decoding=\"async\" src=\"https:\/\/www.spottergps.com\/wp-content\/uploads\/2024\/07\/app.jpg\" alt=\"\" class=\"wp-image-21504\" style=\"width:250px\" \/><\/a><\/figure><\/div><\/div>\n<\/div>\n\n\n\n<div class=\"wp-block-columns is-layout-flex wp-container-core-columns-is-layout-9d6595d7 wp-block-columns-is-layout-flex\">\n<div class=\"wp-block-column is-vertically-aligned-center is-layout-flow wp-block-column-is-layout-flow\">\n<h2 class=\"wp-block-heading\">3. Za\u0142\u00f3\u017c konto i zaloguj si\u0119<\/h2>\n\n\n\n<p>Otw\u00f3rz aplikacj\u0119 lub stron\u0119 internetow\u0105 \u2013 zobaczysz ekran logowania.<br>Nie masz jeszcze konta? Kliknij &#8222;Utw\u00f3rz nowe konto&#8221; i zarejestruj si\u0119.<\/p>\n<\/div>\n\n\n\n<div class=\"wp-block-column is-layout-flow wp-block-column-is-layout-flow\"><div class=\"wp-block-image\">\n<figure class=\"aligncenter size-full is-resized\"><a href=\"https:\/\/www.spottergps.com\/wp-content\/uploads\/2024\/07\/account-aanmaken.jpg\"><img decoding=\"async\" src=\"https:\/\/www.spottergps.com\/wp-content\/uploads\/2024\/07\/account-aanmaken.jpg\" alt=\"\" class=\"wp-image-21505\" style=\"width:250px\" \/><\/a><\/figure><\/div><\/div>\n<\/div>\n\n\n\n<div class=\"wp-block-columns is-layout-flex wp-container-core-columns-is-layout-9d6595d7 wp-block-columns-is-layout-flex\">\n<div class=\"wp-block-column is-vertically-aligned-center is-layout-flow wp-block-column-is-layout-flow\">\n<h2 class=\"wp-block-heading\">4. Dodaj kod Spottera do swojego konta<\/h2>\n\n\n\n<p>W opakowaniu znajdziesz 12-znakowy kod \u2013 u\u017cyj go, aby doda\u0107 Spottera do swojego konta.<\/p>\n<\/div>\n\n\n\n<div class=\"wp-block-column is-layout-flow wp-block-column-is-layout-flow\"><div class=\"wp-block-image\">\n<figure class=\"aligncenter size-full is-resized\"><a href=\"https:\/\/www.spottergps.com\/wp-content\/uploads\/2024\/07\/code.jpg\"><img decoding=\"async\" src=\"https:\/\/www.spottergps.com\/wp-content\/uploads\/2024\/07\/code.jpg\" alt=\"\" class=\"wp-image-21507\" style=\"width:250px\" \/><\/a><\/figure><\/div><\/div>\n<\/div>\n\n\n\n<div class=\"wp-block-columns is-layout-flex wp-container-core-columns-is-layout-9d6595d7 wp-block-columns-is-layout-flex\">\n<div class=\"wp-block-column is-vertically-aligned-center is-layout-flow wp-block-column-is-layout-flow\">\n<h2 class=\"wp-block-heading\">5.\u00a0 Wybierz okres u\u017cytkowania Spottera<\/h2>\n\n\n\n<p>Dost\u0119pne s\u0105 pakiety <strong>3, 6 lub 12 miesi\u0119cy<\/strong> w systemie prepaid.<br>Wi\u0119cej informacji na temat do\u0142adowania prepaid znajdziesz <a href=\"https:\/\/www.spottergps.com\/pl\/stawki-za-uzytkowanie\/\">tutaj<\/a>.<\/p>\n<\/div>\n\n\n\n<div class=\"wp-block-column is-layout-flow wp-block-column-is-layout-flow\"><div class=\"wp-block-image\">\n<figure class=\"aligncenter size-full is-resized\"><a href=\"https:\/\/www.spottergps.com\/wp-content\/uploads\/2024\/07\/service-kiezen.jpg\"><img decoding=\"async\" src=\"https:\/\/www.spottergps.com\/wp-content\/uploads\/2024\/07\/service-kiezen.jpg\" alt=\"\" class=\"wp-image-21508\" style=\"width:250px\" \/><\/a><\/figure><\/div><\/div>\n<\/div>\n\n\n\n<div class=\"wp-block-columns is-layout-flex wp-container-core-columns-is-layout-9d6595d7 wp-block-columns-is-layout-flex\">\n<div class=\"wp-block-column is-vertically-aligned-center is-layout-flow wp-block-column-is-layout-flow\">\n<h2 class=\"wp-block-heading\">6. Po pe\u0142nym na\u0142adowaniu przytrzymaj przycisk zasilania przez 5 sekund<\/h2>\n\n\n\n<p>Po oko\u0142o 1,5\u20132 godzinach \u0142adowania Spotter jest gotowy do w\u0142\u0105czenia. Przytrzymaj przycisk zasilania przez 5 sekund, aby go uruchomi\u0107.<\/p>\n<\/div>\n\n\n\n<div class=\"wp-block-column is-layout-flow wp-block-column-is-layout-flow\"><div class=\"wp-block-image\">\n<figure class=\"aligncenter size-full is-resized\"><a href=\"https:\/\/www.spottergps.com\/wp-content\/uploads\/2024\/07\/aanzetten-1.jpg\"><img decoding=\"async\" src=\"https:\/\/www.spottergps.com\/wp-content\/uploads\/2024\/07\/aanzetten-1.jpg\" alt=\"\" class=\"wp-image-21509\" style=\"width:250px\" \/><\/a><\/figure><\/div><\/div>\n<\/div>\n\n\n\n<div class=\"wp-block-columns is-layout-flex wp-container-core-columns-is-layout-9d6595d7 wp-block-columns-is-layout-flex\">\n<div class=\"wp-block-column is-vertically-aligned-center is-layout-flow wp-block-column-is-layout-flow\">\n<h2 class=\"wp-block-heading\">7. Wyjd\u017a na zewn\u0105trz na 15 minut, aby uzyska\u0107 sygna\u0142 GPS i po\u0142\u0105czenie z sieci\u0105<\/h2>\n\n\n\n<p>Czas na pierwsze u\u017cycie! Zabierz Spottera na 15 minut na zewn\u0105trz, aby uzyska\u0107 najlepszy sygna\u0142 GPS.<br>Za pierwszym razem lokalizacja mo\u017ce pojawi\u0107 si\u0119 nieco p\u00f3\u017aniej.<\/p>\n<\/div>\n\n\n\n<div class=\"wp-block-column is-layout-flow wp-block-column-is-layout-flow\"><div class=\"wp-block-image\">\n<figure class=\"aligncenter size-full is-resized\"><a href=\"https:\/\/www.spottergps.com\/wp-content\/uploads\/2024\/07\/naar-buiten.jpg\"><img decoding=\"async\" src=\"https:\/\/www.spottergps.com\/wp-content\/uploads\/2024\/07\/naar-buiten.jpg\" alt=\"\" class=\"wp-image-21510\" style=\"width:250px\" \/><\/a><\/figure><\/div><\/div>\n<\/div>\n\n\n\n<div class=\"wp-block-columns is-layout-flex wp-container-core-columns-is-layout-9d6595d7 wp-block-columns-is-layout-flex\">\n<div class=\"wp-block-column is-vertically-aligned-center is-layout-flow wp-block-column-is-layout-flow\">\n<h2 class=\"wp-block-heading\">8.\u00a0 Pierwsza lokalizacja gotowa!<\/h2>\n\n\n\n<p>Tak! Spotter jest aktywny i gotowy do dzia\u0142ania.<br>\u017byczymy Ci wygody i przyjemno\u015bci z korzystania ze Spottera.<\/p>\n<\/div>\n\n\n\n<div class=\"wp-block-column is-layout-flow wp-block-column-is-layout-flow\"><div class=\"wp-block-image\">\n<figure class=\"aligncenter size-full is-resized\"><a href=\"https:\/\/www.spottergps.com\/wp-content\/uploads\/2024\/07\/locatie.jpg\"><img decoding=\"async\" src=\"https:\/\/www.spottergps.com\/wp-content\/uploads\/2024\/07\/locatie.jpg\" alt=\"\" class=\"wp-image-21511\" style=\"width:250px\" \/><\/a><\/figure><\/div><\/div>\n<\/div>\n\n\n\n<div class=\"wp-block-columns is-layout-flex wp-container-core-columns-is-layout-9d6595d7 wp-block-columns-is-layout-flex\">\n<div class=\"wp-block-column is-vertically-aligned-center is-layout-flow wp-block-column-is-layout-flow\">\n<h2 class=\"wp-block-heading\">Masz pytania?\u00a0<\/h2>\n\n\n\n<p>Sprawd\u017a <strong>instrukcj\u0119 obs\u0142ugi<\/strong> lub <strong>FAQ<\/strong>, gdzie znajdziesz odpowiedzi na najcz\u0119\u015bciej zadawane pytania.<\/p>\n<\/div>\n\n\n\n<div class=\"wp-block-column is-layout-flow wp-block-column-is-layout-flow\"><div class=\"wp-block-image\">\n<figure class=\"aligncenter size-full is-resized\"><a href=\"https:\/\/www.spottergps.com\/wp-content\/uploads\/2024\/07\/vragen.jpg\"><img decoding=\"async\" src=\"https:\/\/www.spottergps.com\/wp-content\/uploads\/2024\/07\/vragen.jpg\" alt=\"\" class=\"wp-image-21512\" style=\"width:250px\" \/><\/a><\/figure><\/div><\/div>\n<\/div>\n\n\n\n<div class=\"wp-block-columns is-layout-flex wp-container-core-columns-is-layout-9d6595d7 wp-block-columns-is-layout-flex\">\n<div class=\"wp-block-column is-vertically-aligned-center is-layout-flow wp-block-column-is-layout-flow\">\n<h2 class=\"wp-block-heading\">Potrzebujesz pomocy?<\/h2>\n\n\n\n<p>Nasz zesp\u00f3\u0142 wsparcia jest do Twojej dyspozycji! Wype\u0142nij <a href=\"https:\/\/www.spottergps.com\/pl\/w-czym-mozemy-pomoc\/\">formularz kontaktowy<\/a>, a my skontaktujemy si\u0119 z Tob\u0105 jak najszybciej.<\/p>\n<\/div>\n\n\n\n<div class=\"wp-block-column is-layout-flow wp-block-column-is-layout-flow\"><div class=\"wp-block-image\">\n<figure class=\"aligncenter size-full is-resized\"><a href=\"https:\/\/www.spottergps.com\/wp-content\/uploads\/2024\/07\/help.jpg\"><img decoding=\"async\" src=\"https:\/\/www.spottergps.com\/wp-content\/uploads\/2024\/07\/help.jpg\" alt=\"\" class=\"wp-image-21513\" style=\"width:250px\" \/><\/a><\/figure><\/div><\/div>\n<\/div>\n","protected":false},"excerpt":{"rendered":"<p>Aktywuj swojego Spottera w 8 prostych krokach. Przejd\u017amy przez nie razem. 1. Na\u0142aduj Spottera do pe\u0142na w 1\u20132 godziny Przed pierwszym u\u017cyciem upewnij si\u0119, \u017ce Spotter jest w pe\u0142ni na\u0142adowany \u2013 dzi\u0119ki temu od razu b\u0119dzie gotowy do dzia\u0142ania. W zestawie znajdziesz kabel USB do \u0142adowania. 2. Download de Spotter app&nbsp; Aplikacj\u0119 Spotter mo\u017cesz pobra\u0107 [&hellip;]<\/p>\n","protected":false},"author":8,"featured_media":0,"parent":0,"menu_order":0,"comment_status":"closed","ping_status":"closed","template":"","meta":{"_acf_changed":false,"footnotes":""},"categories":[],"tags":[],"class_list":["post-421","page","type-page","status-publish","hentry"],"acf":[],"yoast_head":"<!-- This site is optimized with the Yoast SEO plugin v25.9 - https:\/\/yoast.com\/wordpress\/plugins\/seo\/ -->\n<title>Witamy! Oto jak aktywowa\u0107 swojego Spottera - Spotter - Polen<\/title>\n<meta name=\"robots\" content=\"index, follow, max-snippet:-1, max-image-preview:large, max-video-preview:-1\" \/>\n<link rel=\"canonical\" href=\"https:\/\/www.spottergps.com\/pl\/start\/\" \/>\n<meta property=\"og:locale\" content=\"pl_PL\" \/>\n<meta property=\"og:type\" content=\"article\" \/>\n<meta property=\"og:title\" content=\"Witamy! Oto jak aktywowa\u0107 swojego Spottera - Spotter - Polen\" \/>\n<meta property=\"og:description\" content=\"Aktywuj swojego Spottera w 8 prostych krokach. Przejd\u017amy przez nie razem. 1. Na\u0142aduj Spottera do pe\u0142na w 1\u20132 godziny Przed pierwszym u\u017cyciem upewnij si\u0119, \u017ce Spotter jest w pe\u0142ni na\u0142adowany \u2013 dzi\u0119ki temu od razu b\u0119dzie gotowy do dzia\u0142ania. W zestawie znajdziesz kabel USB do \u0142adowania. 2. Download de Spotter app&nbsp; Aplikacj\u0119 Spotter mo\u017cesz pobra\u0107 [&hellip;]\" \/>\n<meta property=\"og:url\" content=\"https:\/\/www.spottergps.com\/pl\/start\/\" \/>\n<meta property=\"og:site_name\" content=\"Spotter - Polen\" \/>\n<meta property=\"article:modified_time\" content=\"2025-02-18T11:22:06+00:00\" \/>\n<meta property=\"og:image\" content=\"https:\/\/www.spottergps.com\/wp-content\/uploads\/2024\/07\/opladen.jpg\" \/>\n<meta name=\"twitter:card\" content=\"summary_large_image\" \/>\n<meta name=\"twitter:label1\" content=\"Szacowany czas czytania\" \/>\n\t<meta name=\"twitter:data1\" content=\"5 minut\" \/>\n<script type=\"application\/ld+json\" class=\"yoast-schema-graph\">{\"@context\":\"https:\/\/schema.org\",\"@graph\":[{\"@type\":\"WebPage\",\"@id\":\"https:\/\/www.spottergps.com\/pl\/start\/\",\"url\":\"https:\/\/www.spottergps.com\/pl\/start\/\",\"name\":\"Witamy! Oto jak aktywowa\u0107 swojego Spottera - Spotter - Polen\",\"isPartOf\":{\"@id\":\"https:\/\/www.spottergps.com\/pl\/#website\"},\"primaryImageOfPage\":{\"@id\":\"https:\/\/www.spottergps.com\/pl\/start\/#primaryimage\"},\"image\":{\"@id\":\"https:\/\/www.spottergps.com\/pl\/start\/#primaryimage\"},\"thumbnailUrl\":\"https:\/\/www.spottergps.com\/wp-content\/uploads\/2024\/07\/opladen.jpg\",\"datePublished\":\"2025-02-18T11:14:22+00:00\",\"dateModified\":\"2025-02-18T11:22:06+00:00\",\"breadcrumb\":{\"@id\":\"https:\/\/www.spottergps.com\/pl\/start\/#breadcrumb\"},\"inLanguage\":\"pl-PL\",\"potentialAction\":[{\"@type\":\"ReadAction\",\"target\":[\"https:\/\/www.spottergps.com\/pl\/start\/\"]}]},{\"@type\":\"ImageObject\",\"inLanguage\":\"pl-PL\",\"@id\":\"https:\/\/www.spottergps.com\/pl\/start\/#primaryimage\",\"url\":\"https:\/\/www.spottergps.com\/wp-content\/uploads\/2024\/07\/opladen.jpg\",\"contentUrl\":\"https:\/\/www.spottergps.com\/wp-content\/uploads\/2024\/07\/opladen.jpg\"},{\"@type\":\"BreadcrumbList\",\"@id\":\"https:\/\/www.spottergps.com\/pl\/start\/#breadcrumb\",\"itemListElement\":[{\"@type\":\"ListItem\",\"position\":1,\"name\":\"Home\",\"item\":\"https:\/\/www.spottergps.com\/pl\/\"},{\"@type\":\"ListItem\",\"position\":2,\"name\":\"Witamy! Oto jak aktywowa\u0107 swojego Spottera\"}]},{\"@type\":\"WebSite\",\"@id\":\"https:\/\/www.spottergps.com\/pl\/#website\",\"url\":\"https:\/\/www.spottergps.com\/pl\/\",\"name\":\"Spotter - Polen\",\"description\":\"GPS tracker dla wszystkiego, co kochasz\",\"potentialAction\":[{\"@type\":\"SearchAction\",\"target\":{\"@type\":\"EntryPoint\",\"urlTemplate\":\"https:\/\/www.spottergps.com\/pl\/?s={search_term_string}\"},\"query-input\":{\"@type\":\"PropertyValueSpecification\",\"valueRequired\":true,\"valueName\":\"search_term_string\"}}],\"inLanguage\":\"pl-PL\"}]}<\/script>\n<!-- \/ Yoast SEO plugin. -->","yoast_head_json":{"title":"Witamy! Oto jak aktywowa\u0107 swojego Spottera - Spotter - Polen","robots":{"index":"index","follow":"follow","max-snippet":"max-snippet:-1","max-image-preview":"max-image-preview:large","max-video-preview":"max-video-preview:-1"},"canonical":"https:\/\/www.spottergps.com\/pl\/start\/","og_locale":"pl_PL","og_type":"article","og_title":"Witamy! Oto jak aktywowa\u0107 swojego Spottera - Spotter - Polen","og_description":"Aktywuj swojego Spottera w 8 prostych krokach. Przejd\u017amy przez nie razem. 1. Na\u0142aduj Spottera do pe\u0142na w 1\u20132 godziny Przed pierwszym u\u017cyciem upewnij si\u0119, \u017ce Spotter jest w pe\u0142ni na\u0142adowany \u2013 dzi\u0119ki temu od razu b\u0119dzie gotowy do dzia\u0142ania. W zestawie znajdziesz kabel USB do \u0142adowania. 2. Download de Spotter app&nbsp; Aplikacj\u0119 Spotter mo\u017cesz pobra\u0107 [&hellip;]","og_url":"https:\/\/www.spottergps.com\/pl\/start\/","og_site_name":"Spotter - Polen","article_modified_time":"2025-02-18T11:22:06+00:00","og_image":[{"url":"https:\/\/www.spottergps.com\/wp-content\/uploads\/2024\/07\/opladen.jpg","type":"","width":"","height":""}],"twitter_card":"summary_large_image","twitter_misc":{"Szacowany czas czytania":"5 minut"},"schema":{"@context":"https:\/\/schema.org","@graph":[{"@type":"WebPage","@id":"https:\/\/www.spottergps.com\/pl\/start\/","url":"https:\/\/www.spottergps.com\/pl\/start\/","name":"Witamy! Oto jak aktywowa\u0107 swojego Spottera - Spotter - Polen","isPartOf":{"@id":"https:\/\/www.spottergps.com\/pl\/#website"},"primaryImageOfPage":{"@id":"https:\/\/www.spottergps.com\/pl\/start\/#primaryimage"},"image":{"@id":"https:\/\/www.spottergps.com\/pl\/start\/#primaryimage"},"thumbnailUrl":"https:\/\/www.spottergps.com\/wp-content\/uploads\/2024\/07\/opladen.jpg","datePublished":"2025-02-18T11:14:22+00:00","dateModified":"2025-02-18T11:22:06+00:00","breadcrumb":{"@id":"https:\/\/www.spottergps.com\/pl\/start\/#breadcrumb"},"inLanguage":"pl-PL","potentialAction":[{"@type":"ReadAction","target":["https:\/\/www.spottergps.com\/pl\/start\/"]}]},{"@type":"ImageObject","inLanguage":"pl-PL","@id":"https:\/\/www.spottergps.com\/pl\/start\/#primaryimage","url":"https:\/\/www.spottergps.com\/wp-content\/uploads\/2024\/07\/opladen.jpg","contentUrl":"https:\/\/www.spottergps.com\/wp-content\/uploads\/2024\/07\/opladen.jpg"},{"@type":"BreadcrumbList","@id":"https:\/\/www.spottergps.com\/pl\/start\/#breadcrumb","itemListElement":[{"@type":"ListItem","position":1,"name":"Home","item":"https:\/\/www.spottergps.com\/pl\/"},{"@type":"ListItem","position":2,"name":"Witamy! Oto jak aktywowa\u0107 swojego Spottera"}]},{"@type":"WebSite","@id":"https:\/\/www.spottergps.com\/pl\/#website","url":"https:\/\/www.spottergps.com\/pl\/","name":"Spotter - Polen","description":"GPS tracker dla wszystkiego, co kochasz","potentialAction":[{"@type":"SearchAction","target":{"@type":"EntryPoint","urlTemplate":"https:\/\/www.spottergps.com\/pl\/?s={search_term_string}"},"query-input":{"@type":"PropertyValueSpecification","valueRequired":true,"valueName":"search_term_string"}}],"inLanguage":"pl-PL"}]}},"_links":{"self":[{"href":"https:\/\/www.spottergps.com\/pl\/wp-json\/wp\/v2\/pages\/421","targetHints":{"allow":["GET"]}}],"collection":[{"href":"https:\/\/www.spottergps.com\/pl\/wp-json\/wp\/v2\/pages"}],"about":[{"href":"https:\/\/www.spottergps.com\/pl\/wp-json\/wp\/v2\/types\/page"}],"author":[{"embeddable":true,"href":"https:\/\/www.spottergps.com\/pl\/wp-json\/wp\/v2\/users\/8"}],"replies":[{"embeddable":true,"href":"https:\/\/www.spottergps.com\/pl\/wp-json\/wp\/v2\/comments?post=421"}],"version-history":[{"count":3,"href":"https:\/\/www.spottergps.com\/pl\/wp-json\/wp\/v2\/pages\/421\/revisions"}],"predecessor-version":[{"id":426,"href":"https:\/\/www.spottergps.com\/pl\/wp-json\/wp\/v2\/pages\/421\/revisions\/426"}],"wp:attachment":[{"href":"https:\/\/www.spottergps.com\/pl\/wp-json\/wp\/v2\/media?parent=421"}],"wp:term":[{"taxonomy":"category","embeddable":true,"href":"https:\/\/www.spottergps.com\/pl\/wp-json\/wp\/v2\/categories?post=421"},{"taxonomy":"post_tag","embeddable":true,"href":"https:\/\/www.spottergps.com\/pl\/wp-json\/wp\/v2\/tags?post=421"}],"curies":[{"name":"wp","href":"https:\/\/api.w.org\/{rel}","templated":true}]}}