{"id":388,"date":"2025-02-17T15:21:58","date_gmt":"2025-02-17T15:21:58","guid":{"rendered":"https:\/\/www.spottergps.com\/pl\/?page_id=388"},"modified":"2025-12-24T13:04:03","modified_gmt":"2025-12-24T13:04:03","slug":"spotter-smartwatch-z-gps-dla-dzieci","status":"publish","type":"page","link":"https:\/\/www.spottergps.com\/pl\/spotter-smartwatch-z-gps-dla-dzieci\/","title":{"rendered":"Spotter\u00ae Smartwatch z GPS dla dzieci"},"content":{"rendered":"\n<h2>Najlepszy smartwatch z GPS dla dzieci. Unikalny design i specjalne funkcje stworzone dla najm\u0142odszych.<\/h2>\n<p><br \/>Spotter\u00ae smartwatch z GPS dla dzieci to innowacyjne urz\u0105dzenie zaprojektowane specjalnie dla najm\u0142odszych u\u017cytkownik\u00f3w. Oferuje wiele funkcji, kt\u00f3re zwi\u0119kszaj\u0105 bezpiecze\u0144stwo i wygod\u0119 zar\u00f3wno dzieci, jak i rodzic\u00f3w. Dzi\u0119ki funkcji GPS track &amp; trace mo\u017cesz w ka\u017cdej chwili sprawdzi\u0107, gdzie znajduje si\u0119 Twoje dziecko. Wbudowana funkcja po\u0142\u0105cze\u0144 g\u0142osowych umo\u017cliwia szybki kontakt. Mo\u017cesz tak\u017ce ustawi\u0107 alarmy, na przyk\u0142ad przypominaj\u0105ce o powrocie do domu, lub okre\u015bli\u0107 bezpieczne strefy. Zintegrowany krokomierz pozwala monitorowa\u0107 aktywno\u015b\u0107 dziecka, a przycisk SOS zapewnia mo\u017cliwo\u015b\u0107 natychmiastowego wezwania pomocy. Spotter\u00ae smartwatch z GPS dla dzieci jest odpowiedni dla maluch\u00f3w ju\u017c od 2,5 roku \u017cycia i dost\u0119pny w r\u00f3\u017cnych, atrakcyjnych kolorach. To idealne rozwi\u0105zanie dla dzieci i ich rodzic\u00f3w!<\/p>\n<p>\u00a0<\/p>\n<p>\u00a0<\/p>\n","protected":false},"excerpt":{"rendered":"<p>Najlepszy smartwatch z GPS dla dzieci. Unikalny design i specjalne funkcje stworzone dla najm\u0142odszych. Spotter\u00ae smartwatch z GPS dla dzieci to innowacyjne urz\u0105dzenie zaprojektowane specjalnie dla najm\u0142odszych u\u017cytkownik\u00f3w. Oferuje wiele funkcji, kt\u00f3re zwi\u0119kszaj\u0105 bezpiecze\u0144stwo i wygod\u0119 zar\u00f3wno dzieci, jak i rodzic\u00f3w. Dzi\u0119ki funkcji GPS track &amp; trace mo\u017cesz w ka\u017cdej chwili sprawdzi\u0107, gdzie znajduje si\u0119 [&hellip;]<\/p>\n","protected":false},"author":14,"featured_media":0,"parent":0,"menu_order":0,"comment_status":"closed","ping_status":"closed","template":"","meta":{"_acf_changed":false,"footnotes":""},"categories":[],"tags":[],"class_list":["post-388","page","type-page","status-publish","hentry"],"acf":[],"yoast_head":"<!-- This site is optimized with the Yoast SEO plugin v25.9 - https:\/\/yoast.com\/wordpress\/plugins\/seo\/ -->\n<title>Smartwatch z GPS dla dzieci \u2013 Bezpieczny wyb\u00f3r | Spotter\u00ae \u2764<\/title>\n<meta name=\"robots\" content=\"index, follow, max-snippet:-1, max-image-preview:large, max-video-preview:-1\" \/>\n<link rel=\"canonical\" href=\"https:\/\/www.spottergps.com\/pl\/spotter-smartwatch-z-gps-dla-dzieci\/\" \/>\n<meta property=\"og:locale\" content=\"pl_PL\" \/>\n<meta property=\"og:type\" content=\"article\" \/>\n<meta property=\"og:title\" content=\"Smartwatch z GPS dla dzieci \u2013 Bezpieczny wyb\u00f3r | Spotter\u00ae \u2764\" \/>\n<meta property=\"og:description\" content=\"Najlepszy smartwatch z GPS dla dzieci. Unikalny design i specjalne funkcje stworzone dla najm\u0142odszych. Spotter\u00ae smartwatch z GPS dla dzieci to innowacyjne urz\u0105dzenie zaprojektowane specjalnie dla najm\u0142odszych u\u017cytkownik\u00f3w. Oferuje wiele funkcji, kt\u00f3re zwi\u0119kszaj\u0105 bezpiecze\u0144stwo i wygod\u0119 zar\u00f3wno dzieci, jak i rodzic\u00f3w. Dzi\u0119ki funkcji GPS track &amp; trace mo\u017cesz w ka\u017cdej chwili sprawdzi\u0107, gdzie znajduje si\u0119 [&hellip;]\" \/>\n<meta property=\"og:url\" content=\"https:\/\/www.spottergps.com\/pl\/spotter-smartwatch-z-gps-dla-dzieci\/\" \/>\n<meta property=\"og:site_name\" content=\"Spotter - Polen\" \/>\n<meta property=\"article:modified_time\" content=\"2025-12-24T13:04:03+00:00\" \/>\n<meta name=\"twitter:card\" content=\"summary_large_image\" \/>\n<meta name=\"twitter:label1\" content=\"Szacowany czas czytania\" \/>\n\t<meta name=\"twitter:data1\" content=\"1 minuta\" \/>\n<script type=\"application\/ld+json\" class=\"yoast-schema-graph\">{\"@context\":\"https:\/\/schema.org\",\"@graph\":[{\"@type\":\"WebPage\",\"@id\":\"https:\/\/www.spottergps.com\/pl\/spotter-smartwatch-z-gps-dla-dzieci\/\",\"url\":\"https:\/\/www.spottergps.com\/pl\/spotter-smartwatch-z-gps-dla-dzieci\/\",\"name\":\"Smartwatch z GPS dla dzieci \u2013 Bezpieczny wyb\u00f3r | Spotter\u00ae \u2764\",\"isPartOf\":{\"@id\":\"https:\/\/www.spottergps.com\/pl\/#website\"},\"datePublished\":\"2025-02-17T15:21:58+00:00\",\"dateModified\":\"2025-12-24T13:04:03+00:00\",\"breadcrumb\":{\"@id\":\"https:\/\/www.spottergps.com\/pl\/spotter-smartwatch-z-gps-dla-dzieci\/#breadcrumb\"},\"inLanguage\":\"pl-PL\",\"potentialAction\":[{\"@type\":\"ReadAction\",\"target\":[\"https:\/\/www.spottergps.com\/pl\/spotter-smartwatch-z-gps-dla-dzieci\/\"]}]},{\"@type\":\"BreadcrumbList\",\"@id\":\"https:\/\/www.spottergps.com\/pl\/spotter-smartwatch-z-gps-dla-dzieci\/#breadcrumb\",\"itemListElement\":[{\"@type\":\"ListItem\",\"position\":1,\"name\":\"Home\",\"item\":\"https:\/\/www.spottergps.com\/pl\/\"},{\"@type\":\"ListItem\",\"position\":2,\"name\":\"Spotter\u00ae Smartwatch z GPS dla dzieci\"}]},{\"@type\":\"WebSite\",\"@id\":\"https:\/\/www.spottergps.com\/pl\/#website\",\"url\":\"https:\/\/www.spottergps.com\/pl\/\",\"name\":\"Spotter - Polen\",\"description\":\"GPS tracker dla wszystkiego, co kochasz\",\"potentialAction\":[{\"@type\":\"SearchAction\",\"target\":{\"@type\":\"EntryPoint\",\"urlTemplate\":\"https:\/\/www.spottergps.com\/pl\/?s={search_term_string}\"},\"query-input\":{\"@type\":\"PropertyValueSpecification\",\"valueRequired\":true,\"valueName\":\"search_term_string\"}}],\"inLanguage\":\"pl-PL\"}]}<\/script>\n<!-- \/ Yoast SEO plugin. -->","yoast_head_json":{"title":"Smartwatch z GPS dla dzieci \u2013 Bezpieczny wyb\u00f3r | Spotter\u00ae \u2764","robots":{"index":"index","follow":"follow","max-snippet":"max-snippet:-1","max-image-preview":"max-image-preview:large","max-video-preview":"max-video-preview:-1"},"canonical":"https:\/\/www.spottergps.com\/pl\/spotter-smartwatch-z-gps-dla-dzieci\/","og_locale":"pl_PL","og_type":"article","og_title":"Smartwatch z GPS dla dzieci \u2013 Bezpieczny wyb\u00f3r | Spotter\u00ae \u2764","og_description":"Najlepszy smartwatch z GPS dla dzieci. Unikalny design i specjalne funkcje stworzone dla najm\u0142odszych. Spotter\u00ae smartwatch z GPS dla dzieci to innowacyjne urz\u0105dzenie zaprojektowane specjalnie dla najm\u0142odszych u\u017cytkownik\u00f3w. Oferuje wiele funkcji, kt\u00f3re zwi\u0119kszaj\u0105 bezpiecze\u0144stwo i wygod\u0119 zar\u00f3wno dzieci, jak i rodzic\u00f3w. Dzi\u0119ki funkcji GPS track &amp; trace mo\u017cesz w ka\u017cdej chwili sprawdzi\u0107, gdzie znajduje si\u0119 [&hellip;]","og_url":"https:\/\/www.spottergps.com\/pl\/spotter-smartwatch-z-gps-dla-dzieci\/","og_site_name":"Spotter - Polen","article_modified_time":"2025-12-24T13:04:03+00:00","twitter_card":"summary_large_image","twitter_misc":{"Szacowany czas czytania":"1 minuta"},"schema":{"@context":"https:\/\/schema.org","@graph":[{"@type":"WebPage","@id":"https:\/\/www.spottergps.com\/pl\/spotter-smartwatch-z-gps-dla-dzieci\/","url":"https:\/\/www.spottergps.com\/pl\/spotter-smartwatch-z-gps-dla-dzieci\/","name":"Smartwatch z GPS dla dzieci \u2013 Bezpieczny wyb\u00f3r | Spotter\u00ae \u2764","isPartOf":{"@id":"https:\/\/www.spottergps.com\/pl\/#website"},"datePublished":"2025-02-17T15:21:58+00:00","dateModified":"2025-12-24T13:04:03+00:00","breadcrumb":{"@id":"https:\/\/www.spottergps.com\/pl\/spotter-smartwatch-z-gps-dla-dzieci\/#breadcrumb"},"inLanguage":"pl-PL","potentialAction":[{"@type":"ReadAction","target":["https:\/\/www.spottergps.com\/pl\/spotter-smartwatch-z-gps-dla-dzieci\/"]}]},{"@type":"BreadcrumbList","@id":"https:\/\/www.spottergps.com\/pl\/spotter-smartwatch-z-gps-dla-dzieci\/#breadcrumb","itemListElement":[{"@type":"ListItem","position":1,"name":"Home","item":"https:\/\/www.spottergps.com\/pl\/"},{"@type":"ListItem","position":2,"name":"Spotter\u00ae Smartwatch z GPS dla dzieci"}]},{"@type":"WebSite","@id":"https:\/\/www.spottergps.com\/pl\/#website","url":"https:\/\/www.spottergps.com\/pl\/","name":"Spotter - Polen","description":"GPS tracker dla wszystkiego, co kochasz","potentialAction":[{"@type":"SearchAction","target":{"@type":"EntryPoint","urlTemplate":"https:\/\/www.spottergps.com\/pl\/?s={search_term_string}"},"query-input":{"@type":"PropertyValueSpecification","valueRequired":true,"valueName":"search_term_string"}}],"inLanguage":"pl-PL"}]}},"_links":{"self":[{"href":"https:\/\/www.spottergps.com\/pl\/wp-json\/wp\/v2\/pages\/388","targetHints":{"allow":["GET"]}}],"collection":[{"href":"https:\/\/www.spottergps.com\/pl\/wp-json\/wp\/v2\/pages"}],"about":[{"href":"https:\/\/www.spottergps.com\/pl\/wp-json\/wp\/v2\/types\/page"}],"author":[{"embeddable":true,"href":"https:\/\/www.spottergps.com\/pl\/wp-json\/wp\/v2\/users\/14"}],"replies":[{"embeddable":true,"href":"https:\/\/www.spottergps.com\/pl\/wp-json\/wp\/v2\/comments?post=388"}],"version-history":[{"count":9,"href":"https:\/\/www.spottergps.com\/pl\/wp-json\/wp\/v2\/pages\/388\/revisions"}],"predecessor-version":[{"id":482,"href":"https:\/\/www.spottergps.com\/pl\/wp-json\/wp\/v2\/pages\/388\/revisions\/482"}],"wp:attachment":[{"href":"https:\/\/www.spottergps.com\/pl\/wp-json\/wp\/v2\/media?parent=388"}],"wp:term":[{"taxonomy":"category","embeddable":true,"href":"https:\/\/www.spottergps.com\/pl\/wp-json\/wp\/v2\/categories?post=388"},{"taxonomy":"post_tag","embeddable":true,"href":"https:\/\/www.spottergps.com\/pl\/wp-json\/wp\/v2\/tags?post=388"}],"curies":[{"name":"wp","href":"https:\/\/api.w.org\/{rel}","templated":true}]}}