{"id":385,"date":"2025-02-17T12:47:36","date_gmt":"2025-02-17T12:47:36","guid":{"rendered":"https:\/\/www.spottergps.com\/pl\/?page_id=385"},"modified":"2026-01-12T13:38:16","modified_gmt":"2026-01-12T13:38:16","slug":"gwarancja-i-serwis","status":"publish","type":"page","link":"https:\/\/www.spottergps.com\/pl\/gwarancja-i-serwis\/","title":{"rendered":"Gwarancja i Serwis"},"content":{"rendered":"\n<p data-start=\"26\" data-end=\"282\">Tw\u00f3j Spotter GPS lokalizator jest obj\u0119ty 2-letni\u0105 gwarancj\u0105. W przypadku jakichkolwiek problem\u00f3w mo\u017cesz odes\u0142a\u0107 urz\u0105dzenie do nas, a my zajmiemy si\u0119 jego napraw\u0105 lub wymian\u0105. Przed wys\u0142aniem prosimy o zapoznanie si\u0119 z naszymi warunkami gwarancji.<\/p>\n<h3 data-start=\"284\" data-end=\"317\"><strong data-start=\"288\" data-end=\"315\">Nasze warunki gwarancji<\/strong><\/h3>\n<ol>\n<li>Okres gwarancji na sprz\u0119t wynosi 2 lata i rozpoczyna si\u0119 w dniu dostawy. Dowodem gwarancji jest paragon lub faktura zakupu \u2013 prosimy o jego zachowanie.<\/li>\n<li>Je\u015bli w trakcie u\u017cytkowania pojawi\u0105 si\u0119 usterki lub wady, kt\u00f3re by\u0142y obecne ju\u017c w momencie dostawy, firma Spotter B.V. dokona bezp\u0142atnej naprawy lub wymiany urz\u0105dzenia.<\/li>\n<li data-start=\"486\" data-end=\"670\">Spotter B.V. gwarantuje, \u017ce produkt spe\u0142nia standardy umo\u017cliwiaj\u0105ce jego normalne u\u017cytkowanie.<\/li>\n<li>Gwarancja nie obejmuje sytuacji, gdy:<\/li>\n<\/ol>\n<ul data-start=\"823\" data-end=\"1354\">\n<li data-start=\"823\" data-end=\"906\">Uszkodzenie wynika z normalnego zu\u017cycia (ocena zale\u017cy od Spotter B.V.).<\/li>\n<li data-start=\"907\" data-end=\"985\">Produkt zosta\u0142 zmodyfikowany lub naprawiany bez zgody Spotter B.V.<\/li>\n<li data-start=\"986\" data-end=\"1078\">Brak oryginalnej faktury zakupu lub dokument zosta\u0142 zmieniony albo jest nieczytelny.<\/li>\n<li data-start=\"1079\" data-end=\"1162\">Usterka wynika z nieprawid\u0142owego u\u017cytkowania, niezgodnego z przeznaczeniem.<\/li>\n<li data-start=\"1163\" data-end=\"1261\">Uszkodzenie jest efektem zaniedbania, celowego dzia\u0142ania lub niew\u0142a\u015bciwej konserwacji.<\/li>\n<li data-start=\"1262\" data-end=\"1354\">Z\u0142\u0105cza, przewody lub inne elementy elektryczne zosta\u0142y uszkodzone lub zmodyfikowane.<\/li>\n<\/ul>\n<h3 data-start=\"1356\" data-end=\"1386\">Zg\u0142oszenie gwarancji<\/h3>\n<p data-start=\"1387\" data-end=\"1914\">Mo\u017cesz skontaktowa\u0107 si\u0119 z obs\u0142ug\u0105 klienta za pomoc\u0105 <a href=\"https:\/\/www.spottergps.com\/pl\/kontakt\/\">formularza kontaktowego<\/a>. W zale\u017cno\u015bci od wynik\u00f3w weryfikacji firma Spotter B.V. prze\u015ble Ci e-mailem adres zwrotny, na kt\u00f3ry nale\u017cy odes\u0142a\u0107 urz\u0105dzenie. Po otrzymaniu przesy\u0142ki Spotter B.V. dokona diagnozy i zdecyduje, czy lokalizator zostanie naprawiony czy wymieniony na nowy \u2013 wszystko na koszt firmy.<\/p>\n<h3 data-start=\"1916\" data-end=\"1936\"><strong data-start=\"1920\" data-end=\"1934\">Reklamacje<\/strong><\/h3>\n<p data-start=\"1937\" data-end=\"2131\">Mimo naszej wysokiej jako\u015bci obs\u0142ugi, je\u015bli masz jakiekolwiek zastrze\u017cenia, przepraszamy za niedogodno\u015bci. Zadowolenie klient\u00f3w jest dla nas priorytetem, jednak b\u0142\u0119dy mog\u0105 si\u0119 zdarzy\u0107.<\/p>\n<p data-start=\"2133\" data-end=\"2239\">W przypadku reklamacji mo\u017cesz skontaktowa\u0107 si\u0119 z nami w dni robocze pod adresem <a rel=\"noopener\" data-start=\"2215\" data-end=\"2234\">info@spottergps.com<\/a>.<\/p>\n<p data-start=\"2241\" data-end=\"2331\"><strong>Je\u015bli nadal nie jeste\u015b usatysfakcjonowany, mo\u017cesz skontaktowa\u0107 si\u0119 z nami listownie:<\/strong><\/p>\n<p data-start=\"2333\" data-end=\"2405\" data-is-last-node=\"\">Spotter B.V.<br data-start=\"2349\" data-end=\"2352\" \/>Leeuwenhoekweg 20c<br data-start=\"2370\" data-end=\"2373\" \/>2661 CZ Bergschenhoek<br data-start=\"2394\" data-end=\"2397\" \/>Holandia<\/p>\n","protected":false},"excerpt":{"rendered":"<p>Tw\u00f3j Spotter GPS lokalizator jest obj\u0119ty 2-letni\u0105 gwarancj\u0105. W przypadku jakichkolwiek problem\u00f3w mo\u017cesz odes\u0142a\u0107 urz\u0105dzenie do nas, a my zajmiemy si\u0119 jego napraw\u0105 lub wymian\u0105. Przed wys\u0142aniem prosimy o zapoznanie si\u0119 z naszymi warunkami gwarancji. Nasze warunki gwarancji Okres gwarancji na sprz\u0119t wynosi 2 lata i rozpoczyna si\u0119 w dniu dostawy. Dowodem gwarancji jest paragon [&hellip;]<\/p>\n","protected":false},"author":14,"featured_media":0,"parent":0,"menu_order":0,"comment_status":"closed","ping_status":"closed","template":"","meta":{"_acf_changed":false,"footnotes":""},"categories":[],"tags":[],"class_list":["post-385","page","type-page","status-publish","hentry"],"acf":[],"yoast_head":"<!-- This site is optimized with the Yoast SEO plugin v25.9 - https:\/\/yoast.com\/wordpress\/plugins\/seo\/ -->\n<title>Gwarancja i Serwis - Spotter - Polen<\/title>\n<meta name=\"robots\" content=\"index, follow, max-snippet:-1, max-image-preview:large, max-video-preview:-1\" \/>\n<link rel=\"canonical\" href=\"https:\/\/www.spottergps.com\/pl\/gwarancja-i-serwis\/\" \/>\n<meta property=\"og:locale\" content=\"pl_PL\" \/>\n<meta property=\"og:type\" content=\"article\" \/>\n<meta property=\"og:title\" content=\"Gwarancja i Serwis - Spotter - Polen\" \/>\n<meta property=\"og:description\" content=\"Tw\u00f3j Spotter GPS lokalizator jest obj\u0119ty 2-letni\u0105 gwarancj\u0105. W przypadku jakichkolwiek problem\u00f3w mo\u017cesz odes\u0142a\u0107 urz\u0105dzenie do nas, a my zajmiemy si\u0119 jego napraw\u0105 lub wymian\u0105. Przed wys\u0142aniem prosimy o zapoznanie si\u0119 z naszymi warunkami gwarancji. Nasze warunki gwarancji Okres gwarancji na sprz\u0119t wynosi 2 lata i rozpoczyna si\u0119 w dniu dostawy. Dowodem gwarancji jest paragon [&hellip;]\" \/>\n<meta property=\"og:url\" content=\"https:\/\/www.spottergps.com\/pl\/gwarancja-i-serwis\/\" \/>\n<meta property=\"og:site_name\" content=\"Spotter - Polen\" \/>\n<meta property=\"article:modified_time\" content=\"2026-01-12T13:38:16+00:00\" \/>\n<meta name=\"twitter:card\" content=\"summary_large_image\" \/>\n<meta name=\"twitter:label1\" content=\"Szacowany czas czytania\" \/>\n\t<meta name=\"twitter:data1\" content=\"2 minuty\" \/>\n<script type=\"application\/ld+json\" class=\"yoast-schema-graph\">{\"@context\":\"https:\/\/schema.org\",\"@graph\":[{\"@type\":\"WebPage\",\"@id\":\"https:\/\/www.spottergps.com\/pl\/gwarancja-i-serwis\/\",\"url\":\"https:\/\/www.spottergps.com\/pl\/gwarancja-i-serwis\/\",\"name\":\"Gwarancja i Serwis - Spotter - Polen\",\"isPartOf\":{\"@id\":\"https:\/\/www.spottergps.com\/pl\/#website\"},\"datePublished\":\"2025-02-17T12:47:36+00:00\",\"dateModified\":\"2026-01-12T13:38:16+00:00\",\"breadcrumb\":{\"@id\":\"https:\/\/www.spottergps.com\/pl\/gwarancja-i-serwis\/#breadcrumb\"},\"inLanguage\":\"pl-PL\",\"potentialAction\":[{\"@type\":\"ReadAction\",\"target\":[\"https:\/\/www.spottergps.com\/pl\/gwarancja-i-serwis\/\"]}]},{\"@type\":\"BreadcrumbList\",\"@id\":\"https:\/\/www.spottergps.com\/pl\/gwarancja-i-serwis\/#breadcrumb\",\"itemListElement\":[{\"@type\":\"ListItem\",\"position\":1,\"name\":\"Home\",\"item\":\"https:\/\/www.spottergps.com\/pl\/\"},{\"@type\":\"ListItem\",\"position\":2,\"name\":\"Gwarancja i Serwis\"}]},{\"@type\":\"WebSite\",\"@id\":\"https:\/\/www.spottergps.com\/pl\/#website\",\"url\":\"https:\/\/www.spottergps.com\/pl\/\",\"name\":\"Spotter - Polen\",\"description\":\"GPS tracker dla wszystkiego, co kochasz\",\"potentialAction\":[{\"@type\":\"SearchAction\",\"target\":{\"@type\":\"EntryPoint\",\"urlTemplate\":\"https:\/\/www.spottergps.com\/pl\/?s={search_term_string}\"},\"query-input\":{\"@type\":\"PropertyValueSpecification\",\"valueRequired\":true,\"valueName\":\"search_term_string\"}}],\"inLanguage\":\"pl-PL\"}]}<\/script>\n<!-- \/ Yoast SEO plugin. -->","yoast_head_json":{"title":"Gwarancja i Serwis - Spotter - Polen","robots":{"index":"index","follow":"follow","max-snippet":"max-snippet:-1","max-image-preview":"max-image-preview:large","max-video-preview":"max-video-preview:-1"},"canonical":"https:\/\/www.spottergps.com\/pl\/gwarancja-i-serwis\/","og_locale":"pl_PL","og_type":"article","og_title":"Gwarancja i Serwis - Spotter - Polen","og_description":"Tw\u00f3j Spotter GPS lokalizator jest obj\u0119ty 2-letni\u0105 gwarancj\u0105. W przypadku jakichkolwiek problem\u00f3w mo\u017cesz odes\u0142a\u0107 urz\u0105dzenie do nas, a my zajmiemy si\u0119 jego napraw\u0105 lub wymian\u0105. Przed wys\u0142aniem prosimy o zapoznanie si\u0119 z naszymi warunkami gwarancji. Nasze warunki gwarancji Okres gwarancji na sprz\u0119t wynosi 2 lata i rozpoczyna si\u0119 w dniu dostawy. Dowodem gwarancji jest paragon [&hellip;]","og_url":"https:\/\/www.spottergps.com\/pl\/gwarancja-i-serwis\/","og_site_name":"Spotter - Polen","article_modified_time":"2026-01-12T13:38:16+00:00","twitter_card":"summary_large_image","twitter_misc":{"Szacowany czas czytania":"2 minuty"},"schema":{"@context":"https:\/\/schema.org","@graph":[{"@type":"WebPage","@id":"https:\/\/www.spottergps.com\/pl\/gwarancja-i-serwis\/","url":"https:\/\/www.spottergps.com\/pl\/gwarancja-i-serwis\/","name":"Gwarancja i Serwis - Spotter - Polen","isPartOf":{"@id":"https:\/\/www.spottergps.com\/pl\/#website"},"datePublished":"2025-02-17T12:47:36+00:00","dateModified":"2026-01-12T13:38:16+00:00","breadcrumb":{"@id":"https:\/\/www.spottergps.com\/pl\/gwarancja-i-serwis\/#breadcrumb"},"inLanguage":"pl-PL","potentialAction":[{"@type":"ReadAction","target":["https:\/\/www.spottergps.com\/pl\/gwarancja-i-serwis\/"]}]},{"@type":"BreadcrumbList","@id":"https:\/\/www.spottergps.com\/pl\/gwarancja-i-serwis\/#breadcrumb","itemListElement":[{"@type":"ListItem","position":1,"name":"Home","item":"https:\/\/www.spottergps.com\/pl\/"},{"@type":"ListItem","position":2,"name":"Gwarancja i Serwis"}]},{"@type":"WebSite","@id":"https:\/\/www.spottergps.com\/pl\/#website","url":"https:\/\/www.spottergps.com\/pl\/","name":"Spotter - Polen","description":"GPS tracker dla wszystkiego, co kochasz","potentialAction":[{"@type":"SearchAction","target":{"@type":"EntryPoint","urlTemplate":"https:\/\/www.spottergps.com\/pl\/?s={search_term_string}"},"query-input":{"@type":"PropertyValueSpecification","valueRequired":true,"valueName":"search_term_string"}}],"inLanguage":"pl-PL"}]}},"_links":{"self":[{"href":"https:\/\/www.spottergps.com\/pl\/wp-json\/wp\/v2\/pages\/385","targetHints":{"allow":["GET"]}}],"collection":[{"href":"https:\/\/www.spottergps.com\/pl\/wp-json\/wp\/v2\/pages"}],"about":[{"href":"https:\/\/www.spottergps.com\/pl\/wp-json\/wp\/v2\/types\/page"}],"author":[{"embeddable":true,"href":"https:\/\/www.spottergps.com\/pl\/wp-json\/wp\/v2\/users\/14"}],"replies":[{"embeddable":true,"href":"https:\/\/www.spottergps.com\/pl\/wp-json\/wp\/v2\/comments?post=385"}],"version-history":[{"count":3,"href":"https:\/\/www.spottergps.com\/pl\/wp-json\/wp\/v2\/pages\/385\/revisions"}],"predecessor-version":[{"id":21175,"href":"https:\/\/www.spottergps.com\/pl\/wp-json\/wp\/v2\/pages\/385\/revisions\/21175"}],"wp:attachment":[{"href":"https:\/\/www.spottergps.com\/pl\/wp-json\/wp\/v2\/media?parent=385"}],"wp:term":[{"taxonomy":"category","embeddable":true,"href":"https:\/\/www.spottergps.com\/pl\/wp-json\/wp\/v2\/categories?post=385"},{"taxonomy":"post_tag","embeddable":true,"href":"https:\/\/www.spottergps.com\/pl\/wp-json\/wp\/v2\/tags?post=385"}],"curies":[{"name":"wp","href":"https:\/\/api.w.org\/{rel}","templated":true}]}}