{"id":346,"date":"2025-02-17T09:47:52","date_gmt":"2025-02-17T09:47:52","guid":{"rendered":"https:\/\/www.spottergps.com\/pl\/?page_id=346"},"modified":"2026-03-03T08:09:53","modified_gmt":"2026-03-03T08:09:53","slug":"mikro-lokalizator-gps","status":"publish","type":"page","link":"https:\/\/www.spottergps.com\/pl\/mikro-lokalizator-gps\/","title":{"rendered":"Mikro lokalizator GPS Spotter \u2013 bez abonamentu"},"content":{"rendered":"\n<p data-start=\"56\" data-end=\"395\">\u015aled\u017a wszystko, co tylko chcesz, dzi\u0119ki mikro lokalizator GPS od Spotter. To kompaktowy, mobilny GPS tracker, kt\u00f3ry mo\u017cna \u0142atwo nosi\u0107 przy sobie. Wyposa\u017cony jest w wewn\u0119trzn\u0105 bateri\u0119, kt\u00f3ra dzia\u0142a do 5 dni bez \u0142adowania. Mo\u017cesz umie\u015bci\u0107 Spottera w walizce, skuterze, samochodzie lub innym przedmiocie, kt\u00f3ry chcesz monitorowa\u0107.<\/p>\n<p data-start=\"397\" data-end=\"737\">Dzi\u0119ki oprogramowaniu Spotter mo\u017cesz sprawdza\u0107 lokalizacj\u0119 urz\u0105dzenia online lub w aplikacji. Poza \u015bledzeniem lokalizacji, ten mikro lokalizator GPS oferuje dodatkowe funkcje, takie jak mo\u017cliwo\u015b\u0107 dzwonienia, ustawianie stref bezpiecze\u0144stwa oraz przycisk SOS, kt\u00f3ry umo\u017cliwia natychmiastowe wezwanie pomocy w nag\u0142ych sytuacjach.<\/p>\n\n\n\n<p><\/p>\n","protected":false},"excerpt":{"rendered":"<p>\u015aled\u017a wszystko, co tylko chcesz, dzi\u0119ki mikro lokalizator GPS od Spotter. To kompaktowy, mobilny GPS tracker, kt\u00f3ry mo\u017cna \u0142atwo nosi\u0107 przy sobie. Wyposa\u017cony jest w wewn\u0119trzn\u0105 bateri\u0119, kt\u00f3ra dzia\u0142a do 5 dni bez \u0142adowania. Mo\u017cesz umie\u015bci\u0107 Spottera w walizce, skuterze, samochodzie lub innym przedmiocie, kt\u00f3ry chcesz monitorowa\u0107. Dzi\u0119ki oprogramowaniu Spotter mo\u017cesz sprawdza\u0107 lokalizacj\u0119 urz\u0105dzenia online [&hellip;]<\/p>\n","protected":false},"author":14,"featured_media":0,"parent":0,"menu_order":0,"comment_status":"closed","ping_status":"closed","template":"","meta":{"_acf_changed":false,"footnotes":""},"categories":[],"tags":[],"class_list":["post-346","page","type-page","status-publish","hentry"],"acf":[],"yoast_head":"<!-- This site is optimized with the Yoast SEO plugin v25.9 - https:\/\/yoast.com\/wordpress\/plugins\/seo\/ -->\n<title>Mini lokalizator GPS dla wszystkiego, co kochasz | Spotter\u00ae \u2764<\/title>\n<meta name=\"robots\" content=\"index, follow, max-snippet:-1, max-image-preview:large, max-video-preview:-1\" \/>\n<link rel=\"canonical\" href=\"https:\/\/www.spottergps.com\/pl\/mikro-lokalizator-gps\/\" \/>\n<meta property=\"og:locale\" content=\"pl_PL\" \/>\n<meta property=\"og:type\" content=\"article\" \/>\n<meta property=\"og:title\" content=\"Mini lokalizator GPS dla wszystkiego, co kochasz | Spotter\u00ae \u2764\" \/>\n<meta property=\"og:description\" content=\"\u015aled\u017a wszystko, co tylko chcesz, dzi\u0119ki mikro lokalizator GPS od Spotter. To kompaktowy, mobilny GPS tracker, kt\u00f3ry mo\u017cna \u0142atwo nosi\u0107 przy sobie. Wyposa\u017cony jest w wewn\u0119trzn\u0105 bateri\u0119, kt\u00f3ra dzia\u0142a do 5 dni bez \u0142adowania. Mo\u017cesz umie\u015bci\u0107 Spottera w walizce, skuterze, samochodzie lub innym przedmiocie, kt\u00f3ry chcesz monitorowa\u0107. Dzi\u0119ki oprogramowaniu Spotter mo\u017cesz sprawdza\u0107 lokalizacj\u0119 urz\u0105dzenia online [&hellip;]\" \/>\n<meta property=\"og:url\" content=\"https:\/\/www.spottergps.com\/pl\/mikro-lokalizator-gps\/\" \/>\n<meta property=\"og:site_name\" content=\"Spotter - Polen\" \/>\n<meta property=\"article:modified_time\" content=\"2026-03-03T08:09:53+00:00\" \/>\n<meta name=\"twitter:card\" content=\"summary_large_image\" \/>\n<meta name=\"twitter:label1\" content=\"Szacowany czas czytania\" \/>\n\t<meta name=\"twitter:data1\" content=\"1 minuta\" \/>\n<script type=\"application\/ld+json\" class=\"yoast-schema-graph\">{\"@context\":\"https:\/\/schema.org\",\"@graph\":[{\"@type\":\"WebPage\",\"@id\":\"https:\/\/www.spottergps.com\/pl\/mikro-lokalizator-gps\/\",\"url\":\"https:\/\/www.spottergps.com\/pl\/mikro-lokalizator-gps\/\",\"name\":\"Mini lokalizator GPS dla wszystkiego, co kochasz | Spotter\u00ae \u2764\",\"isPartOf\":{\"@id\":\"https:\/\/www.spottergps.com\/pl\/#website\"},\"datePublished\":\"2025-02-17T09:47:52+00:00\",\"dateModified\":\"2026-03-03T08:09:53+00:00\",\"breadcrumb\":{\"@id\":\"https:\/\/www.spottergps.com\/pl\/mikro-lokalizator-gps\/#breadcrumb\"},\"inLanguage\":\"pl-PL\",\"potentialAction\":[{\"@type\":\"ReadAction\",\"target\":[\"https:\/\/www.spottergps.com\/pl\/mikro-lokalizator-gps\/\"]}]},{\"@type\":\"BreadcrumbList\",\"@id\":\"https:\/\/www.spottergps.com\/pl\/mikro-lokalizator-gps\/#breadcrumb\",\"itemListElement\":[{\"@type\":\"ListItem\",\"position\":1,\"name\":\"Home\",\"item\":\"https:\/\/www.spottergps.com\/pl\/\"},{\"@type\":\"ListItem\",\"position\":2,\"name\":\"Mikro lokalizator GPS Spotter \u2013 bez abonamentu\"}]},{\"@type\":\"WebSite\",\"@id\":\"https:\/\/www.spottergps.com\/pl\/#website\",\"url\":\"https:\/\/www.spottergps.com\/pl\/\",\"name\":\"Spotter - Polen\",\"description\":\"GPS tracker dla wszystkiego, co kochasz\",\"potentialAction\":[{\"@type\":\"SearchAction\",\"target\":{\"@type\":\"EntryPoint\",\"urlTemplate\":\"https:\/\/www.spottergps.com\/pl\/?s={search_term_string}\"},\"query-input\":{\"@type\":\"PropertyValueSpecification\",\"valueRequired\":true,\"valueName\":\"search_term_string\"}}],\"inLanguage\":\"pl-PL\"}]}<\/script>\n<!-- \/ Yoast SEO plugin. -->","yoast_head_json":{"title":"Mini lokalizator GPS dla wszystkiego, co kochasz | Spotter\u00ae \u2764","robots":{"index":"index","follow":"follow","max-snippet":"max-snippet:-1","max-image-preview":"max-image-preview:large","max-video-preview":"max-video-preview:-1"},"canonical":"https:\/\/www.spottergps.com\/pl\/mikro-lokalizator-gps\/","og_locale":"pl_PL","og_type":"article","og_title":"Mini lokalizator GPS dla wszystkiego, co kochasz | Spotter\u00ae \u2764","og_description":"\u015aled\u017a wszystko, co tylko chcesz, dzi\u0119ki mikro lokalizator GPS od Spotter. To kompaktowy, mobilny GPS tracker, kt\u00f3ry mo\u017cna \u0142atwo nosi\u0107 przy sobie. Wyposa\u017cony jest w wewn\u0119trzn\u0105 bateri\u0119, kt\u00f3ra dzia\u0142a do 5 dni bez \u0142adowania. Mo\u017cesz umie\u015bci\u0107 Spottera w walizce, skuterze, samochodzie lub innym przedmiocie, kt\u00f3ry chcesz monitorowa\u0107. Dzi\u0119ki oprogramowaniu Spotter mo\u017cesz sprawdza\u0107 lokalizacj\u0119 urz\u0105dzenia online [&hellip;]","og_url":"https:\/\/www.spottergps.com\/pl\/mikro-lokalizator-gps\/","og_site_name":"Spotter - Polen","article_modified_time":"2026-03-03T08:09:53+00:00","twitter_card":"summary_large_image","twitter_misc":{"Szacowany czas czytania":"1 minuta"},"schema":{"@context":"https:\/\/schema.org","@graph":[{"@type":"WebPage","@id":"https:\/\/www.spottergps.com\/pl\/mikro-lokalizator-gps\/","url":"https:\/\/www.spottergps.com\/pl\/mikro-lokalizator-gps\/","name":"Mini lokalizator GPS dla wszystkiego, co kochasz | Spotter\u00ae \u2764","isPartOf":{"@id":"https:\/\/www.spottergps.com\/pl\/#website"},"datePublished":"2025-02-17T09:47:52+00:00","dateModified":"2026-03-03T08:09:53+00:00","breadcrumb":{"@id":"https:\/\/www.spottergps.com\/pl\/mikro-lokalizator-gps\/#breadcrumb"},"inLanguage":"pl-PL","potentialAction":[{"@type":"ReadAction","target":["https:\/\/www.spottergps.com\/pl\/mikro-lokalizator-gps\/"]}]},{"@type":"BreadcrumbList","@id":"https:\/\/www.spottergps.com\/pl\/mikro-lokalizator-gps\/#breadcrumb","itemListElement":[{"@type":"ListItem","position":1,"name":"Home","item":"https:\/\/www.spottergps.com\/pl\/"},{"@type":"ListItem","position":2,"name":"Mikro lokalizator GPS Spotter \u2013 bez abonamentu"}]},{"@type":"WebSite","@id":"https:\/\/www.spottergps.com\/pl\/#website","url":"https:\/\/www.spottergps.com\/pl\/","name":"Spotter - Polen","description":"GPS tracker dla wszystkiego, co kochasz","potentialAction":[{"@type":"SearchAction","target":{"@type":"EntryPoint","urlTemplate":"https:\/\/www.spottergps.com\/pl\/?s={search_term_string}"},"query-input":{"@type":"PropertyValueSpecification","valueRequired":true,"valueName":"search_term_string"}}],"inLanguage":"pl-PL"}]}},"_links":{"self":[{"href":"https:\/\/www.spottergps.com\/pl\/wp-json\/wp\/v2\/pages\/346","targetHints":{"allow":["GET"]}}],"collection":[{"href":"https:\/\/www.spottergps.com\/pl\/wp-json\/wp\/v2\/pages"}],"about":[{"href":"https:\/\/www.spottergps.com\/pl\/wp-json\/wp\/v2\/types\/page"}],"author":[{"embeddable":true,"href":"https:\/\/www.spottergps.com\/pl\/wp-json\/wp\/v2\/users\/14"}],"replies":[{"embeddable":true,"href":"https:\/\/www.spottergps.com\/pl\/wp-json\/wp\/v2\/comments?post=346"}],"version-history":[{"count":15,"href":"https:\/\/www.spottergps.com\/pl\/wp-json\/wp\/v2\/pages\/346\/revisions"}],"predecessor-version":[{"id":21284,"href":"https:\/\/www.spottergps.com\/pl\/wp-json\/wp\/v2\/pages\/346\/revisions\/21284"}],"wp:attachment":[{"href":"https:\/\/www.spottergps.com\/pl\/wp-json\/wp\/v2\/media?parent=346"}],"wp:term":[{"taxonomy":"category","embeddable":true,"href":"https:\/\/www.spottergps.com\/pl\/wp-json\/wp\/v2\/categories?post=346"},{"taxonomy":"post_tag","embeddable":true,"href":"https:\/\/www.spottergps.com\/pl\/wp-json\/wp\/v2\/tags?post=346"}],"curies":[{"name":"wp","href":"https:\/\/api.w.org\/{rel}","templated":true}]}}