{"id":341,"date":"2025-02-14T15:52:16","date_gmt":"2025-02-14T15:52:16","guid":{"rendered":"https:\/\/www.spottergps.com\/pl\/?page_id=341"},"modified":"2025-10-15T08:09:39","modified_gmt":"2025-10-15T08:09:39","slug":"w-czym-mozemy-pomoc","status":"publish","type":"page","link":"https:\/\/www.spottergps.com\/pl\/w-czym-mozemy-pomoc\/","title":{"rendered":""},"content":{"rendered":"\n<h1>Jak mo\u017cemy ci pom\u00f3c?<\/h1>\n<p>\u00a0<\/p>\n<p>Prosz\u0119 zada\u0107 swoje pytanie naszym pracownikom obs\u0142ugi klienta, kt\u00f3rzy ch\u0119tnie pomog\u0105. Zazwyczaj otrzymaj\u0105 Pa\u0144stwo odpowied\u017a jeszcze tego samego dnia roboczego, najp\u00f3\u017aniej w ci\u0105gu 48 godzin.<\/p>\n\n\n\n<p>Mo\u017ce odpowied\u017a na Pa\u0144stwa pytanie znajduje si\u0119 r\u00f3wnie\u017c w sekcji &#8217;<span style=\"text-decoration: underline\">Najcz\u0119\u015bciej zadawane pytania<\/span>&#8217;.<\/p>\n\n\n\n<p class=\"wpcf7-contact-form-not-found\"><strong>B\u0142\u0105d:<\/strong> Brak formularza kontaktowego.<\/p>\n","protected":false},"excerpt":{"rendered":"<p>Jak mo\u017cemy ci pom\u00f3c? \u00a0 Prosz\u0119 zada\u0107 swoje pytanie naszym pracownikom obs\u0142ugi klienta, kt\u00f3rzy ch\u0119tnie pomog\u0105. Zazwyczaj otrzymaj\u0105 Pa\u0144stwo odpowied\u017a jeszcze tego samego dnia roboczego, najp\u00f3\u017aniej w ci\u0105gu 48 godzin. Mo\u017ce odpowied\u017a na Pa\u0144stwa pytanie znajduje si\u0119 r\u00f3wnie\u017c w sekcji &#8217;Najcz\u0119\u015bciej zadawane pytania&#8217;.<\/p>\n","protected":false},"author":8,"featured_media":0,"parent":0,"menu_order":0,"comment_status":"closed","ping_status":"closed","template":"contact.php","meta":{"_acf_changed":false,"footnotes":""},"categories":[],"tags":[],"class_list":["post-341","page","type-page","status-publish","hentry"],"acf":[],"yoast_head":"<!-- This site is optimized with the Yoast SEO plugin v25.9 - https:\/\/yoast.com\/wordpress\/plugins\/seo\/ -->\n<title>Jak mo\u017cemy ci pom\u00f3c? | Spotter GPS<\/title>\n<meta name=\"robots\" content=\"index, follow, max-snippet:-1, max-image-preview:large, max-video-preview:-1\" \/>\n<link rel=\"canonical\" href=\"https:\/\/www.spottergps.com\/pl\/w-czym-mozemy-pomoc\/\" \/>\n<meta property=\"og:locale\" content=\"pl_PL\" \/>\n<meta property=\"og:type\" content=\"article\" \/>\n<meta property=\"og:title\" content=\"Jak mo\u017cemy ci pom\u00f3c? | Spotter GPS\" \/>\n<meta property=\"og:description\" content=\"Jak mo\u017cemy ci pom\u00f3c? \u00a0 Prosz\u0119 zada\u0107 swoje pytanie naszym pracownikom obs\u0142ugi klienta, kt\u00f3rzy ch\u0119tnie pomog\u0105. Zazwyczaj otrzymaj\u0105 Pa\u0144stwo odpowied\u017a jeszcze tego samego dnia roboczego, najp\u00f3\u017aniej w ci\u0105gu 48 godzin. Mo\u017ce odpowied\u017a na Pa\u0144stwa pytanie znajduje si\u0119 r\u00f3wnie\u017c w sekcji &#8217;Najcz\u0119\u015bciej zadawane pytania&#8217;.\" \/>\n<meta property=\"og:url\" content=\"https:\/\/www.spottergps.com\/pl\/w-czym-mozemy-pomoc\/\" \/>\n<meta property=\"og:site_name\" content=\"Spotter - Polen\" \/>\n<meta property=\"article:modified_time\" content=\"2025-10-15T08:09:39+00:00\" \/>\n<meta name=\"twitter:card\" content=\"summary_large_image\" \/>\n<meta name=\"twitter:label1\" content=\"Szacowany czas czytania\" \/>\n\t<meta name=\"twitter:data1\" content=\"1 minuta\" \/>\n<script type=\"application\/ld+json\" class=\"yoast-schema-graph\">{\"@context\":\"https:\/\/schema.org\",\"@graph\":[{\"@type\":\"WebPage\",\"@id\":\"https:\/\/www.spottergps.com\/pl\/w-czym-mozemy-pomoc\/\",\"url\":\"https:\/\/www.spottergps.com\/pl\/w-czym-mozemy-pomoc\/\",\"name\":\"Jak mo\u017cemy ci pom\u00f3c? | Spotter GPS\",\"isPartOf\":{\"@id\":\"https:\/\/www.spottergps.com\/pl\/#website\"},\"datePublished\":\"2025-02-14T15:52:16+00:00\",\"dateModified\":\"2025-10-15T08:09:39+00:00\",\"inLanguage\":\"pl-PL\",\"potentialAction\":[{\"@type\":\"ReadAction\",\"target\":[\"https:\/\/www.spottergps.com\/pl\/w-czym-mozemy-pomoc\/\"]}]},{\"@type\":\"WebSite\",\"@id\":\"https:\/\/www.spottergps.com\/pl\/#website\",\"url\":\"https:\/\/www.spottergps.com\/pl\/\",\"name\":\"Spotter - Polen\",\"description\":\"GPS tracker dla wszystkiego, co kochasz\",\"potentialAction\":[{\"@type\":\"SearchAction\",\"target\":{\"@type\":\"EntryPoint\",\"urlTemplate\":\"https:\/\/www.spottergps.com\/pl\/?s={search_term_string}\"},\"query-input\":{\"@type\":\"PropertyValueSpecification\",\"valueRequired\":true,\"valueName\":\"search_term_string\"}}],\"inLanguage\":\"pl-PL\"}]}<\/script>\n<!-- \/ Yoast SEO plugin. -->","yoast_head_json":{"title":"Jak mo\u017cemy ci pom\u00f3c? | Spotter GPS","robots":{"index":"index","follow":"follow","max-snippet":"max-snippet:-1","max-image-preview":"max-image-preview:large","max-video-preview":"max-video-preview:-1"},"canonical":"https:\/\/www.spottergps.com\/pl\/w-czym-mozemy-pomoc\/","og_locale":"pl_PL","og_type":"article","og_title":"Jak mo\u017cemy ci pom\u00f3c? | Spotter GPS","og_description":"Jak mo\u017cemy ci pom\u00f3c? \u00a0 Prosz\u0119 zada\u0107 swoje pytanie naszym pracownikom obs\u0142ugi klienta, kt\u00f3rzy ch\u0119tnie pomog\u0105. Zazwyczaj otrzymaj\u0105 Pa\u0144stwo odpowied\u017a jeszcze tego samego dnia roboczego, najp\u00f3\u017aniej w ci\u0105gu 48 godzin. Mo\u017ce odpowied\u017a na Pa\u0144stwa pytanie znajduje si\u0119 r\u00f3wnie\u017c w sekcji &#8217;Najcz\u0119\u015bciej zadawane pytania&#8217;.","og_url":"https:\/\/www.spottergps.com\/pl\/w-czym-mozemy-pomoc\/","og_site_name":"Spotter - Polen","article_modified_time":"2025-10-15T08:09:39+00:00","twitter_card":"summary_large_image","twitter_misc":{"Szacowany czas czytania":"1 minuta"},"schema":{"@context":"https:\/\/schema.org","@graph":[{"@type":"WebPage","@id":"https:\/\/www.spottergps.com\/pl\/w-czym-mozemy-pomoc\/","url":"https:\/\/www.spottergps.com\/pl\/w-czym-mozemy-pomoc\/","name":"Jak mo\u017cemy ci pom\u00f3c? | Spotter GPS","isPartOf":{"@id":"https:\/\/www.spottergps.com\/pl\/#website"},"datePublished":"2025-02-14T15:52:16+00:00","dateModified":"2025-10-15T08:09:39+00:00","inLanguage":"pl-PL","potentialAction":[{"@type":"ReadAction","target":["https:\/\/www.spottergps.com\/pl\/w-czym-mozemy-pomoc\/"]}]},{"@type":"WebSite","@id":"https:\/\/www.spottergps.com\/pl\/#website","url":"https:\/\/www.spottergps.com\/pl\/","name":"Spotter - Polen","description":"GPS tracker dla wszystkiego, co kochasz","potentialAction":[{"@type":"SearchAction","target":{"@type":"EntryPoint","urlTemplate":"https:\/\/www.spottergps.com\/pl\/?s={search_term_string}"},"query-input":{"@type":"PropertyValueSpecification","valueRequired":true,"valueName":"search_term_string"}}],"inLanguage":"pl-PL"}]}},"_links":{"self":[{"href":"https:\/\/www.spottergps.com\/pl\/wp-json\/wp\/v2\/pages\/341","targetHints":{"allow":["GET"]}}],"collection":[{"href":"https:\/\/www.spottergps.com\/pl\/wp-json\/wp\/v2\/pages"}],"about":[{"href":"https:\/\/www.spottergps.com\/pl\/wp-json\/wp\/v2\/types\/page"}],"author":[{"embeddable":true,"href":"https:\/\/www.spottergps.com\/pl\/wp-json\/wp\/v2\/users\/8"}],"replies":[{"embeddable":true,"href":"https:\/\/www.spottergps.com\/pl\/wp-json\/wp\/v2\/comments?post=341"}],"version-history":[{"count":4,"href":"https:\/\/www.spottergps.com\/pl\/wp-json\/wp\/v2\/pages\/341\/revisions"}],"predecessor-version":[{"id":20930,"href":"https:\/\/www.spottergps.com\/pl\/wp-json\/wp\/v2\/pages\/341\/revisions\/20930"}],"wp:attachment":[{"href":"https:\/\/www.spottergps.com\/pl\/wp-json\/wp\/v2\/media?parent=341"}],"wp:term":[{"taxonomy":"category","embeddable":true,"href":"https:\/\/www.spottergps.com\/pl\/wp-json\/wp\/v2\/categories?post=341"},{"taxonomy":"post_tag","embeddable":true,"href":"https:\/\/www.spottergps.com\/pl\/wp-json\/wp\/v2\/tags?post=341"}],"curies":[{"name":"wp","href":"https:\/\/api.w.org\/{rel}","templated":true}]}}