{"id":314,"date":"2025-02-14T11:11:12","date_gmt":"2025-02-14T11:11:12","guid":{"rendered":"https:\/\/www.spottergps.com\/pl\/?page_id=314"},"modified":"2026-01-28T11:17:35","modified_gmt":"2026-01-28T11:17:35","slug":"globalny-zasieg","status":"publish","type":"page","link":"https:\/\/www.spottergps.com\/pl\/globalny-zasieg\/","title":{"rendered":"W jakich krajach dzia\u0142aj\u0105 produkty Spotter?"},"content":{"rendered":"\n<div class=\"wp-block-columns is-layout-flex wp-container-core-columns-is-layout-9d6595d7 wp-block-columns-is-layout-flex\">\n<div class=\"wp-block-column is-layout-flow wp-block-column-is-layout-flow\">\n<p>Wszystkie nasze produkty dzia\u0142aj\u0105 standardowo w ca\u0142ej Europie, dzi\u0119ki czemu mo\u017cesz korzysta\u0107 z naszych tracker\u00f3w GPS na wakacjach bez dodatkowych koszt\u00f3w. Nie musisz si\u0119 martwi\u0107 o wysokie op\u0142aty za transmisj\u0119 danych.<\/p>\n\n\n\n<p><strong>Oferujemy r\u00f3wnie\u017c mo\u017cliwo\u015b\u0107 korzystania z naszych produkt\u00f3w poza Europ\u0105.<\/strong> Od Aruby po Malezj\u0119 \u2013 ze Spotterem podr\u00f3\u017cujesz na ca\u0142ym \u015bwiecie! Poni\u017cej znajdziesz list\u0119 dost\u0119pnych kraj\u00f3w oraz odpowiadaj\u0105cy im zasi\u0119g.<\/p>\n\n\n\n<p><span style=\"text-decoration: underline\">Warto wiedzie\u0107<\/span>: dzia\u0142anie naszych produkt\u00f3w zawsze zale\u017cy od dost\u0119pno\u015bci sieci w danym kraju.<\/p>\n<\/div>\n\n\n\n<div class=\"wp-block-column is-layout-flow wp-block-column-is-layout-flow\">\n<figure class=\"wp-block-image size-full\"><a href=\"https:\/\/www.spottergps.com\/pl\/globalny-zasieg\/\"><img decoding=\"async\" src=\"https:\/\/www.spottergps.com\/wp-content\/uploads\/2024\/05\/spotter-wereldwijde-dekking.jpg\" alt=\"\" class=\"wp-image-21166\" \/><\/a><\/figure>\n<\/div>\n<\/div>\n\n\n\n<h2>Zasi\u0119g europejski i globalny \u2013 co wybierasz?<\/h2>\n<p>Wszystkie nasze produkty mo\u017cna standardowo u\u017cywa\u0107 w ca\u0142ej Europie bez dodatkowych op\u0142at. Dodatkowo w aplikacji Spotter mo\u017cesz wybra\u0107 opcj\u0119 globalnego zasi\u0119gu. Ta us\u0142uga jest dost\u0119pna za dop\u0142at\u0105 43 z\u0142 z VAT na jeden miesi\u0105c. Sprawd\u017a poni\u017cej, kt\u00f3re kraje obejmuje zasi\u0119g europejski i globalny.<\/p>\n<h4 data-start=\"939\" data-end=\"971\">Standardowy zasi\u0119g: Europa<\/h4>\n\n\n\n<ul class=\"wp-block-list special-list\">\n<li>Belgia<\/li>\n\n\n\n<li>Bu\u0142garia<\/li>\n\n\n\n<li>Cypr<\/li>\n\n\n\n<li>Dania<\/li>\n\n\n\n<li>Estonia<\/li>\n\n\n\n<li>Finlandia<\/li>\n\n\n\n<li>Francja<\/li>\n\n\n\n<li>Grecja<\/li>\n\n\n\n<li>Hiszpania<\/li>\n\n\n\n<li>Holandia<\/li>\n\n\n\n<li>Irlandia<\/li>\n\n\n\n<li>Islandia<\/li>\n\n\n\n<li>Liechtenstein<\/li>\n\n\n\n<li>Litwa<\/li>\n\n\n\n<li>Luksemburg<\/li>\n\n\n\n<li>\u0141otwa<\/li>\n\n\n\n<li>Malta<\/li>\n\n\n\n<li>Niemcy<\/li>\n\n\n\n<li>Norwegia<\/li>\n\n\n\n<li>Polska<\/li>\n\n\n\n<li>Portugalia<\/li>\n\n\n\n<li>Rumunia<\/li>\n\n\n\n<li>S\u0142owacja<\/li>\n\n\n\n<li>S\u0142owenia<\/li>\n\n\n\n<li>Szwajcaria*<\/li>\n\n\n\n<li>Szwecja<\/li>\n\n\n\n<li>Czechy<\/li>\n\n\n\n<li>W\u0119gry<\/li>\n\n\n\n<li>Wielka Brytania<\/li>\n\n\n\n<li>W\u0142ochy<\/li>\n\n\n\n<li>Austria<\/li>\n\n\n\n<li>Chorwacja<\/li>\n<\/ul>\n\n\n\n<div style=\"height:44px\" aria-hidden=\"true\" class=\"wp-block-spacer\"><\/div>\n\n\n\n<h4 class=\"wp-block-heading\"><strong>Opcjonalnie: Zasi\u0119g globalny<\/strong><\/h4>\n\n\n\n<ul class=\"special-list\">\n<li data-start=\"40\" data-end=\"54\">Afganistan<\/li>\n<li data-start=\"55\" data-end=\"66\">Albania<\/li>\n<li data-start=\"67\" data-end=\"77\">Andora<\/li>\n<li data-start=\"78\" data-end=\"91\">Argentyna<\/li>\n<li data-start=\"92\" data-end=\"103\">Armenia<\/li>\n<li data-start=\"104\" data-end=\"113\">Aruba<\/li>\n<li data-start=\"114\" data-end=\"128\">Australia*<\/li>\n<li data-start=\"129\" data-end=\"140\">Austria<\/li>\n<li data-start=\"141\" data-end=\"156\">Azerbejd\u017can<\/li>\n<li data-start=\"157\" data-end=\"171\">Bangladesz<\/li>\n<li data-start=\"172\" data-end=\"184\">Bia\u0142oru\u015b<\/li>\n<li data-start=\"185\" data-end=\"195\">Belgia<\/li>\n<li data-start=\"196\" data-end=\"206\">Belize<\/li>\n<li data-start=\"207\" data-end=\"216\">Benin<\/li>\n<li data-start=\"217\" data-end=\"228\">Bermudy<\/li>\n<li data-start=\"229\" data-end=\"240\">Boliwia<\/li>\n<li data-start=\"241\" data-end=\"252\">Bonaire<\/li>\n<li data-start=\"253\" data-end=\"277\">Bo\u015bnia i Hercegowina<\/li>\n<li data-start=\"278\" data-end=\"290\">Botswana<\/li>\n<li data-start=\"291\" data-end=\"303\">Brazylia<\/li>\n<li data-start=\"304\" data-end=\"334\">Brytyjskie Wyspy Dziewicze<\/li>\n<li data-start=\"335\" data-end=\"347\">Bu\u0142garia<\/li>\n<li data-start=\"348\" data-end=\"360\">Kambod\u017ca<\/li>\n<li data-start=\"361\" data-end=\"372\">Kanada*<\/li>\n<li data-start=\"373\" data-end=\"382\">Chile<\/li>\n<li data-start=\"383\" data-end=\"392\">Chiny<\/li>\n<li data-start=\"393\" data-end=\"405\">Kolumbia<\/li>\n<li data-start=\"406\" data-end=\"426\">Kongo, Republika<\/li>\n<li data-start=\"427\" data-end=\"440\">Kostaryka<\/li>\n<li data-start=\"441\" data-end=\"454\">Chorwacja<\/li>\n<li data-start=\"455\" data-end=\"466\">Cura\u00e7ao<\/li>\n<li data-start=\"467\" data-end=\"475\">Cypr<\/li>\n<li data-start=\"476\" data-end=\"486\">Czechy<\/li>\n<li data-start=\"487\" data-end=\"496\">Dania<\/li>\n<li data-start=\"497\" data-end=\"506\">Egipt<\/li>\n<li data-start=\"507\" data-end=\"519\">Salwador<\/li>\n<li data-start=\"520\" data-end=\"531\">Estonia<\/li>\n<li data-start=\"532\" data-end=\"547\">Wyspy Owcze<\/li>\n<li data-start=\"548\" data-end=\"561\">Finlandia<\/li>\n<li data-start=\"562\" data-end=\"573\">Francja<\/li>\n<li data-start=\"574\" data-end=\"594\">Gujana Francuska<\/li>\n<li data-start=\"595\" data-end=\"616\">Antyle Francuskie<\/li>\n<li data-start=\"617\" data-end=\"627\">Gruzja<\/li>\n<li data-start=\"628\" data-end=\"638\">Niemcy<\/li>\n<li data-start=\"639\" data-end=\"648\">Ghana<\/li>\n<li data-start=\"649\" data-end=\"662\">Gibraltar<\/li>\n<li data-start=\"663\" data-end=\"673\">Grecja<\/li>\n<li data-start=\"674\" data-end=\"688\">Grenlandia<\/li>\n<li data-start=\"689\" data-end=\"702\">Gwatemala<\/li>\n<li data-start=\"703\" data-end=\"715\">Guernsey<\/li>\n<li data-start=\"716\" data-end=\"726\">Gujana<\/li>\n<li data-start=\"727\" data-end=\"739\">Honduras<\/li>\n<li data-start=\"740\" data-end=\"752\">Hongkong<\/li>\n<li data-start=\"753\" data-end=\"762\">W\u0119gry<\/li>\n<li data-start=\"763\" data-end=\"775\">Islandia<\/li>\n<li data-start=\"776\" data-end=\"785\">Indie<\/li>\n<li data-start=\"786\" data-end=\"799\">Indonezja<\/li>\n<li data-start=\"800\" data-end=\"808\">Iran<\/li>\n<li data-start=\"809\" data-end=\"817\">Irak<\/li>\n<li data-start=\"818\" data-end=\"830\">Irlandia<\/li>\n<li data-start=\"831\" data-end=\"844\">Wyspa Man<\/li>\n<li data-start=\"845\" data-end=\"855\">Izrael<\/li>\n<li data-start=\"856\" data-end=\"866\">W\u0142ochy<\/li>\n<li data-start=\"867\" data-end=\"878\">Jamajka<\/li>\n<li data-start=\"879\" data-end=\"891\">Japonia*<\/li>\n<li data-start=\"892\" data-end=\"902\">Jersey<\/li>\n<li data-start=\"903\" data-end=\"915\">Jordania<\/li>\n<li data-start=\"916\" data-end=\"930\">Kazachstan<\/li>\n<li data-start=\"931\" data-end=\"940\">Kenia<\/li>\n<li data-start=\"941\" data-end=\"951\">Kosowo<\/li>\n<li data-start=\"952\" data-end=\"962\">Kuwejt<\/li>\n<li data-start=\"963\" data-end=\"976\">Kirgistan<\/li>\n<li data-start=\"977\" data-end=\"986\">\u0141otwa<\/li>\n<li data-start=\"987\" data-end=\"998\">Liberia<\/li>\n<li data-start=\"999\" data-end=\"1016\">Liechtenstein<\/li>\n<li data-start=\"1017\" data-end=\"1026\">Litwa<\/li>\n<li data-start=\"1027\" data-end=\"1041\">Luksemburg<\/li>\n<li data-start=\"1042\" data-end=\"1052\">Makau*<\/li>\n<li data-start=\"1053\" data-end=\"1075\">Macedonia P\u00f3\u0142nocna<\/li>\n<li data-start=\"1076\" data-end=\"1087\">Malezja<\/li>\n<li data-start=\"1088\" data-end=\"1097\">Malta<\/li>\n<li data-start=\"1098\" data-end=\"1111\">Martynika<\/li>\n<li data-start=\"1112\" data-end=\"1122\">Meksyk<\/li>\n<li data-start=\"1123\" data-end=\"1135\">Mo\u0142dawia<\/li>\n<li data-start=\"1136\" data-end=\"1147\">Monako*<\/li>\n<li data-start=\"1148\" data-end=\"1160\">Mongolia<\/li>\n<li data-start=\"1161\" data-end=\"1175\">Czarnog\u00f3ra<\/li>\n<li data-start=\"1176\" data-end=\"1186\">Mjanma<\/li>\n<li data-start=\"1187\" data-end=\"1199\">Holandia<\/li>\n<li data-start=\"1200\" data-end=\"1217\">Nowa Zelandia<\/li>\n<li data-start=\"1218\" data-end=\"1231\">Nikaragua<\/li>\n<li data-start=\"1232\" data-end=\"1243\">Nigeria<\/li>\n<li data-start=\"1244\" data-end=\"1256\">Norwegia<\/li>\n<li data-start=\"1257\" data-end=\"1269\">Pakistan<\/li>\n<li data-start=\"1270\" data-end=\"1283\">Palestyna<\/li>\n<li data-start=\"1284\" data-end=\"1294\">Panama<\/li>\n<li data-start=\"1295\" data-end=\"1307\">Paragwaj<\/li>\n<li data-start=\"1308\" data-end=\"1316\">Peru<\/li>\n<li data-start=\"1317\" data-end=\"1329\">Filipiny<\/li>\n<li data-start=\"1330\" data-end=\"1340\">Polska<\/li>\n<li data-start=\"1341\" data-end=\"1355\">Portugalia<\/li>\n<li data-start=\"1356\" data-end=\"1370\">Portoryko*<\/li>\n<li data-start=\"1371\" data-end=\"1380\">Katar<\/li>\n<li data-start=\"1381\" data-end=\"1392\">Reunion<\/li>\n<li data-start=\"1393\" data-end=\"1404\">Rumunia<\/li>\n<li data-start=\"1405\" data-end=\"1414\">Rosja<\/li>\n<li data-start=\"1415\" data-end=\"1425\">Rwanda<\/li>\n<li data-start=\"1426\" data-end=\"1446\">Arabia Saudyjska<\/li>\n<li data-start=\"1447\" data-end=\"1457\">Serbia<\/li>\n<li data-start=\"1458\" data-end=\"1471\">Singapur*<\/li>\n<li data-start=\"1472\" data-end=\"1484\">S\u0142owacja<\/li>\n<li data-start=\"1485\" data-end=\"1497\">S\u0142owenia<\/li>\n<li data-start=\"1498\" data-end=\"1530\">Republika Po\u0142udniowej Afryki<\/li>\n<li data-start=\"1531\" data-end=\"1544\">Hiszpania<\/li>\n<li data-start=\"1545\" data-end=\"1554\">Sudan<\/li>\n<li data-start=\"1555\" data-end=\"1566\">Surinam<\/li>\n<li data-start=\"1567\" data-end=\"1578\">Szwecja<\/li>\n<li data-start=\"1579\" data-end=\"1590\">Tajwan*<\/li>\n<li data-start=\"1591\" data-end=\"1606\">Tad\u017cykistan<\/li>\n<li data-start=\"1607\" data-end=\"1620\">Tajlandia<\/li>\n<li data-start=\"1621\" data-end=\"1643\">Trynidad i Tobago*<\/li>\n<li data-start=\"1644\" data-end=\"1655\">Tunezja<\/li>\n<li data-start=\"1656\" data-end=\"1666\">Turcja<\/li>\n<li data-start=\"1667\" data-end=\"1677\">Uganda<\/li>\n<li data-start=\"1678\" data-end=\"1689\">Ukraina<\/li>\n<li data-start=\"1690\" data-end=\"1723\">Zjednoczone Emiraty Arabskie*<\/li>\n<li data-start=\"1724\" data-end=\"1743\">Wielka Brytania<\/li>\n<li data-start=\"1744\" data-end=\"1766\">Stany Zjednoczone*<\/li>\n<li data-start=\"1767\" data-end=\"1781\">Uzbekistan<\/li>\n<li data-start=\"1782\" data-end=\"1793\">Wietnam<\/li>\n<li data-start=\"1794\" data-end=\"1803\">Jemen<\/li>\n<li data-start=\"1804\" data-end=\"1816\">Zimbabwe<\/li>\n<li data-start=\"1817\" data-end=\"1832\">Szwajcaria*<\/li>\n<\/ul>\n\n\n\n<p>* dost\u0119pne tylko dla GPS tracker\u00f3w 4G<\/p>\n\n\n\n<p>Tagi:&nbsp;Europa, zagranica, \u015bwiat, wakacje, zasi\u0119g, dost\u0119pno\u015b\u0107.<\/p>\n","protected":false},"excerpt":{"rendered":"<p>Wszystkie nasze produkty dzia\u0142aj\u0105 standardowo w ca\u0142ej Europie, dzi\u0119ki czemu mo\u017cesz korzysta\u0107 z naszych tracker\u00f3w GPS na wakacjach bez dodatkowych koszt\u00f3w. Nie musisz si\u0119 martwi\u0107 o wysokie op\u0142aty za transmisj\u0119 danych. Oferujemy r\u00f3wnie\u017c mo\u017cliwo\u015b\u0107 korzystania z naszych produkt\u00f3w poza Europ\u0105. Od Aruby po Malezj\u0119 \u2013 ze Spotterem podr\u00f3\u017cujesz na ca\u0142ym \u015bwiecie! Poni\u017cej znajdziesz list\u0119 dost\u0119pnych [&hellip;]<\/p>\n","protected":false},"author":8,"featured_media":0,"parent":0,"menu_order":0,"comment_status":"closed","ping_status":"closed","template":"","meta":{"_acf_changed":false,"footnotes":""},"categories":[5],"tags":[],"class_list":["post-314","page","type-page","status-publish","hentry","category-faq"],"acf":[],"yoast_head":"<!-- This site is optimized with the Yoast SEO plugin v25.9 - https:\/\/yoast.com\/wordpress\/plugins\/seo\/ -->\n<title>W jakich krajach dzia\u0142aj\u0105 produkty Spotter? - Spotter - Polen<\/title>\n<meta name=\"robots\" content=\"index, follow, max-snippet:-1, max-image-preview:large, max-video-preview:-1\" \/>\n<link rel=\"canonical\" href=\"https:\/\/www.spottergps.com\/pl\/globalny-zasieg\/\" \/>\n<meta property=\"og:locale\" content=\"pl_PL\" \/>\n<meta property=\"og:type\" content=\"article\" \/>\n<meta property=\"og:title\" content=\"W jakich krajach dzia\u0142aj\u0105 produkty Spotter? - Spotter - Polen\" \/>\n<meta property=\"og:description\" content=\"Wszystkie nasze produkty dzia\u0142aj\u0105 standardowo w ca\u0142ej Europie, dzi\u0119ki czemu mo\u017cesz korzysta\u0107 z naszych tracker\u00f3w GPS na wakacjach bez dodatkowych koszt\u00f3w. Nie musisz si\u0119 martwi\u0107 o wysokie op\u0142aty za transmisj\u0119 danych. Oferujemy r\u00f3wnie\u017c mo\u017cliwo\u015b\u0107 korzystania z naszych produkt\u00f3w poza Europ\u0105. Od Aruby po Malezj\u0119 \u2013 ze Spotterem podr\u00f3\u017cujesz na ca\u0142ym \u015bwiecie! Poni\u017cej znajdziesz list\u0119 dost\u0119pnych [&hellip;]\" \/>\n<meta property=\"og:url\" content=\"https:\/\/www.spottergps.com\/pl\/globalny-zasieg\/\" \/>\n<meta property=\"og:site_name\" content=\"Spotter - Polen\" \/>\n<meta property=\"article:modified_time\" content=\"2026-01-28T11:17:35+00:00\" \/>\n<meta name=\"twitter:card\" content=\"summary_large_image\" \/>\n<meta name=\"twitter:label1\" content=\"Szacowany czas czytania\" \/>\n\t<meta name=\"twitter:data1\" content=\"3 minuty\" \/>\n<script type=\"application\/ld+json\" class=\"yoast-schema-graph\">{\"@context\":\"https:\/\/schema.org\",\"@graph\":[{\"@type\":\"WebPage\",\"@id\":\"https:\/\/www.spottergps.com\/pl\/globalny-zasieg\/\",\"url\":\"https:\/\/www.spottergps.com\/pl\/globalny-zasieg\/\",\"name\":\"W jakich krajach dzia\u0142aj\u0105 produkty Spotter? - Spotter - Polen\",\"isPartOf\":{\"@id\":\"https:\/\/www.spottergps.com\/pl\/#website\"},\"primaryImageOfPage\":{\"@id\":\"https:\/\/www.spottergps.com\/pl\/globalny-zasieg\/#primaryimage\"},\"image\":{\"@id\":\"https:\/\/www.spottergps.com\/pl\/globalny-zasieg\/#primaryimage\"},\"thumbnailUrl\":\"https:\/\/www.spottergps.com\/wp-content\/uploads\/2024\/05\/spotter-wereldwijde-dekking.jpg\",\"datePublished\":\"2025-02-14T11:11:12+00:00\",\"dateModified\":\"2026-01-28T11:17:35+00:00\",\"breadcrumb\":{\"@id\":\"https:\/\/www.spottergps.com\/pl\/globalny-zasieg\/#breadcrumb\"},\"inLanguage\":\"pl-PL\",\"potentialAction\":[{\"@type\":\"ReadAction\",\"target\":[\"https:\/\/www.spottergps.com\/pl\/globalny-zasieg\/\"]}]},{\"@type\":\"ImageObject\",\"inLanguage\":\"pl-PL\",\"@id\":\"https:\/\/www.spottergps.com\/pl\/globalny-zasieg\/#primaryimage\",\"url\":\"https:\/\/www.spottergps.com\/wp-content\/uploads\/2024\/05\/spotter-wereldwijde-dekking.jpg\",\"contentUrl\":\"https:\/\/www.spottergps.com\/wp-content\/uploads\/2024\/05\/spotter-wereldwijde-dekking.jpg\"},{\"@type\":\"BreadcrumbList\",\"@id\":\"https:\/\/www.spottergps.com\/pl\/globalny-zasieg\/#breadcrumb\",\"itemListElement\":[{\"@type\":\"ListItem\",\"position\":1,\"name\":\"Home\",\"item\":\"https:\/\/www.spottergps.com\/pl\/\"},{\"@type\":\"ListItem\",\"position\":2,\"name\":\"W jakich krajach dzia\u0142aj\u0105 produkty Spotter?\"}]},{\"@type\":\"WebSite\",\"@id\":\"https:\/\/www.spottergps.com\/pl\/#website\",\"url\":\"https:\/\/www.spottergps.com\/pl\/\",\"name\":\"Spotter - Polen\",\"description\":\"GPS tracker dla wszystkiego, co kochasz\",\"potentialAction\":[{\"@type\":\"SearchAction\",\"target\":{\"@type\":\"EntryPoint\",\"urlTemplate\":\"https:\/\/www.spottergps.com\/pl\/?s={search_term_string}\"},\"query-input\":{\"@type\":\"PropertyValueSpecification\",\"valueRequired\":true,\"valueName\":\"search_term_string\"}}],\"inLanguage\":\"pl-PL\"}]}<\/script>\n<!-- \/ Yoast SEO plugin. -->","yoast_head_json":{"title":"W jakich krajach dzia\u0142aj\u0105 produkty Spotter? - Spotter - Polen","robots":{"index":"index","follow":"follow","max-snippet":"max-snippet:-1","max-image-preview":"max-image-preview:large","max-video-preview":"max-video-preview:-1"},"canonical":"https:\/\/www.spottergps.com\/pl\/globalny-zasieg\/","og_locale":"pl_PL","og_type":"article","og_title":"W jakich krajach dzia\u0142aj\u0105 produkty Spotter? - Spotter - Polen","og_description":"Wszystkie nasze produkty dzia\u0142aj\u0105 standardowo w ca\u0142ej Europie, dzi\u0119ki czemu mo\u017cesz korzysta\u0107 z naszych tracker\u00f3w GPS na wakacjach bez dodatkowych koszt\u00f3w. Nie musisz si\u0119 martwi\u0107 o wysokie op\u0142aty za transmisj\u0119 danych. Oferujemy r\u00f3wnie\u017c mo\u017cliwo\u015b\u0107 korzystania z naszych produkt\u00f3w poza Europ\u0105. Od Aruby po Malezj\u0119 \u2013 ze Spotterem podr\u00f3\u017cujesz na ca\u0142ym \u015bwiecie! Poni\u017cej znajdziesz list\u0119 dost\u0119pnych [&hellip;]","og_url":"https:\/\/www.spottergps.com\/pl\/globalny-zasieg\/","og_site_name":"Spotter - Polen","article_modified_time":"2026-01-28T11:17:35+00:00","twitter_card":"summary_large_image","twitter_misc":{"Szacowany czas czytania":"3 minuty"},"schema":{"@context":"https:\/\/schema.org","@graph":[{"@type":"WebPage","@id":"https:\/\/www.spottergps.com\/pl\/globalny-zasieg\/","url":"https:\/\/www.spottergps.com\/pl\/globalny-zasieg\/","name":"W jakich krajach dzia\u0142aj\u0105 produkty Spotter? - Spotter - Polen","isPartOf":{"@id":"https:\/\/www.spottergps.com\/pl\/#website"},"primaryImageOfPage":{"@id":"https:\/\/www.spottergps.com\/pl\/globalny-zasieg\/#primaryimage"},"image":{"@id":"https:\/\/www.spottergps.com\/pl\/globalny-zasieg\/#primaryimage"},"thumbnailUrl":"https:\/\/www.spottergps.com\/wp-content\/uploads\/2024\/05\/spotter-wereldwijde-dekking.jpg","datePublished":"2025-02-14T11:11:12+00:00","dateModified":"2026-01-28T11:17:35+00:00","breadcrumb":{"@id":"https:\/\/www.spottergps.com\/pl\/globalny-zasieg\/#breadcrumb"},"inLanguage":"pl-PL","potentialAction":[{"@type":"ReadAction","target":["https:\/\/www.spottergps.com\/pl\/globalny-zasieg\/"]}]},{"@type":"ImageObject","inLanguage":"pl-PL","@id":"https:\/\/www.spottergps.com\/pl\/globalny-zasieg\/#primaryimage","url":"https:\/\/www.spottergps.com\/wp-content\/uploads\/2024\/05\/spotter-wereldwijde-dekking.jpg","contentUrl":"https:\/\/www.spottergps.com\/wp-content\/uploads\/2024\/05\/spotter-wereldwijde-dekking.jpg"},{"@type":"BreadcrumbList","@id":"https:\/\/www.spottergps.com\/pl\/globalny-zasieg\/#breadcrumb","itemListElement":[{"@type":"ListItem","position":1,"name":"Home","item":"https:\/\/www.spottergps.com\/pl\/"},{"@type":"ListItem","position":2,"name":"W jakich krajach dzia\u0142aj\u0105 produkty Spotter?"}]},{"@type":"WebSite","@id":"https:\/\/www.spottergps.com\/pl\/#website","url":"https:\/\/www.spottergps.com\/pl\/","name":"Spotter - Polen","description":"GPS tracker dla wszystkiego, co kochasz","potentialAction":[{"@type":"SearchAction","target":{"@type":"EntryPoint","urlTemplate":"https:\/\/www.spottergps.com\/pl\/?s={search_term_string}"},"query-input":{"@type":"PropertyValueSpecification","valueRequired":true,"valueName":"search_term_string"}}],"inLanguage":"pl-PL"}]}},"_links":{"self":[{"href":"https:\/\/www.spottergps.com\/pl\/wp-json\/wp\/v2\/pages\/314","targetHints":{"allow":["GET"]}}],"collection":[{"href":"https:\/\/www.spottergps.com\/pl\/wp-json\/wp\/v2\/pages"}],"about":[{"href":"https:\/\/www.spottergps.com\/pl\/wp-json\/wp\/v2\/types\/page"}],"author":[{"embeddable":true,"href":"https:\/\/www.spottergps.com\/pl\/wp-json\/wp\/v2\/users\/8"}],"replies":[{"embeddable":true,"href":"https:\/\/www.spottergps.com\/pl\/wp-json\/wp\/v2\/comments?post=314"}],"version-history":[{"count":8,"href":"https:\/\/www.spottergps.com\/pl\/wp-json\/wp\/v2\/pages\/314\/revisions"}],"predecessor-version":[{"id":21192,"href":"https:\/\/www.spottergps.com\/pl\/wp-json\/wp\/v2\/pages\/314\/revisions\/21192"}],"wp:attachment":[{"href":"https:\/\/www.spottergps.com\/pl\/wp-json\/wp\/v2\/media?parent=314"}],"wp:term":[{"taxonomy":"category","embeddable":true,"href":"https:\/\/www.spottergps.com\/pl\/wp-json\/wp\/v2\/categories?post=314"},{"taxonomy":"post_tag","embeddable":true,"href":"https:\/\/www.spottergps.com\/pl\/wp-json\/wp\/v2\/tags?post=314"}],"curies":[{"name":"wp","href":"https:\/\/api.w.org\/{rel}","templated":true}]}}