{"id":304,"date":"2025-02-11T11:22:13","date_gmt":"2025-02-11T11:22:13","guid":{"rendered":"https:\/\/www.spottergps.com\/pl\/?page_id=304"},"modified":"2025-02-11T11:27:24","modified_gmt":"2025-02-11T11:27:24","slug":"opinie-o-spotter","status":"publish","type":"page","link":"https:\/\/www.spottergps.com\/pl\/opinie-o-spotter\/","title":{"rendered":"Opinie o Spotter"},"content":{"rendered":"\n<p>Oczywi\u015bcie chcecie wiedzie\u0107, co inni klienci s\u0105dz\u0105 o naszych produktach. Na niezale\u017cnej platformie Kiyoh mo\u017cecie przeczyta\u0107 setki recenzji od klient\u00f3w, kt\u00f3rzy dziel\u0105 si\u0119 swoimi do\u015bwiadczeniami z r\u00f3\u017cnymi produktami Spotter. Od naszych tracker\u00f3w GPS po inteligentne zegarki \u2013 znajdziecie szczere i wiarygodne opinie, kt\u00f3re pomog\u0105 wam podj\u0105\u0107 w\u0142a\u015bciw\u0105 decyzj\u0119. Nasi klienci ceni\u0105 jako\u015b\u0107, \u0142atwo\u015b\u0107 u\u017cytkowania i obs\u0142ug\u0119 klienta Spotter. Zach\u0119camy do zapoznania si\u0119 i odkrycia, co Spotter mo\u017ce zrobi\u0107 dla Was!<\/p>\n","protected":false},"excerpt":{"rendered":"<p>Oczywi\u015bcie chcecie wiedzie\u0107, co inni klienci s\u0105dz\u0105 o naszych produktach. Na niezale\u017cnej platformie Kiyoh mo\u017cecie przeczyta\u0107 setki recenzji od klient\u00f3w, kt\u00f3rzy dziel\u0105 si\u0119 swoimi do\u015bwiadczeniami z r\u00f3\u017cnymi produktami Spotter. Od naszych tracker\u00f3w GPS po inteligentne zegarki \u2013 znajdziecie szczere i wiarygodne opinie, kt\u00f3re pomog\u0105 wam podj\u0105\u0107 w\u0142a\u015bciw\u0105 decyzj\u0119. Nasi klienci ceni\u0105 jako\u015b\u0107, \u0142atwo\u015b\u0107 u\u017cytkowania i [&hellip;]<\/p>\n","protected":false},"author":8,"featured_media":0,"parent":0,"menu_order":0,"comment_status":"closed","ping_status":"closed","template":"","meta":{"_acf_changed":false,"footnotes":""},"categories":[],"tags":[],"class_list":["post-304","page","type-page","status-publish","hentry"],"acf":[],"yoast_head":"<!-- This site is optimized with the Yoast SEO plugin v25.9 - https:\/\/yoast.com\/wordpress\/plugins\/seo\/ -->\n<title>Opinie o Spotter - Spotter - Polen<\/title>\n<meta name=\"robots\" content=\"index, follow, max-snippet:-1, max-image-preview:large, max-video-preview:-1\" \/>\n<link rel=\"canonical\" href=\"https:\/\/www.spottergps.com\/pl\/opinie-o-spotter\/\" \/>\n<meta property=\"og:locale\" content=\"pl_PL\" \/>\n<meta property=\"og:type\" content=\"article\" \/>\n<meta property=\"og:title\" content=\"Opinie o Spotter - Spotter - Polen\" \/>\n<meta property=\"og:description\" content=\"Oczywi\u015bcie chcecie wiedzie\u0107, co inni klienci s\u0105dz\u0105 o naszych produktach. Na niezale\u017cnej platformie Kiyoh mo\u017cecie przeczyta\u0107 setki recenzji od klient\u00f3w, kt\u00f3rzy dziel\u0105 si\u0119 swoimi do\u015bwiadczeniami z r\u00f3\u017cnymi produktami Spotter. Od naszych tracker\u00f3w GPS po inteligentne zegarki \u2013 znajdziecie szczere i wiarygodne opinie, kt\u00f3re pomog\u0105 wam podj\u0105\u0107 w\u0142a\u015bciw\u0105 decyzj\u0119. Nasi klienci ceni\u0105 jako\u015b\u0107, \u0142atwo\u015b\u0107 u\u017cytkowania i [&hellip;]\" \/>\n<meta property=\"og:url\" content=\"https:\/\/www.spottergps.com\/pl\/opinie-o-spotter\/\" \/>\n<meta property=\"og:site_name\" content=\"Spotter - Polen\" \/>\n<meta property=\"article:modified_time\" content=\"2025-02-11T11:27:24+00:00\" \/>\n<meta name=\"twitter:card\" content=\"summary_large_image\" \/>\n<meta name=\"twitter:label1\" content=\"Szacowany czas czytania\" \/>\n\t<meta name=\"twitter:data1\" content=\"1 minuta\" \/>\n<script type=\"application\/ld+json\" class=\"yoast-schema-graph\">{\"@context\":\"https:\/\/schema.org\",\"@graph\":[{\"@type\":\"WebPage\",\"@id\":\"https:\/\/www.spottergps.com\/pl\/opinie-o-spotter\/\",\"url\":\"https:\/\/www.spottergps.com\/pl\/opinie-o-spotter\/\",\"name\":\"Opinie o Spotter - Spotter - Polen\",\"isPartOf\":{\"@id\":\"https:\/\/www.spottergps.com\/pl\/#website\"},\"datePublished\":\"2025-02-11T11:22:13+00:00\",\"dateModified\":\"2025-02-11T11:27:24+00:00\",\"breadcrumb\":{\"@id\":\"https:\/\/www.spottergps.com\/pl\/opinie-o-spotter\/#breadcrumb\"},\"inLanguage\":\"pl-PL\",\"potentialAction\":[{\"@type\":\"ReadAction\",\"target\":[\"https:\/\/www.spottergps.com\/pl\/opinie-o-spotter\/\"]}]},{\"@type\":\"BreadcrumbList\",\"@id\":\"https:\/\/www.spottergps.com\/pl\/opinie-o-spotter\/#breadcrumb\",\"itemListElement\":[{\"@type\":\"ListItem\",\"position\":1,\"name\":\"Home\",\"item\":\"https:\/\/www.spottergps.com\/pl\/\"},{\"@type\":\"ListItem\",\"position\":2,\"name\":\"Opinie o Spotter\"}]},{\"@type\":\"WebSite\",\"@id\":\"https:\/\/www.spottergps.com\/pl\/#website\",\"url\":\"https:\/\/www.spottergps.com\/pl\/\",\"name\":\"Spotter - Polen\",\"description\":\"GPS tracker dla wszystkiego, co kochasz\",\"potentialAction\":[{\"@type\":\"SearchAction\",\"target\":{\"@type\":\"EntryPoint\",\"urlTemplate\":\"https:\/\/www.spottergps.com\/pl\/?s={search_term_string}\"},\"query-input\":{\"@type\":\"PropertyValueSpecification\",\"valueRequired\":true,\"valueName\":\"search_term_string\"}}],\"inLanguage\":\"pl-PL\"}]}<\/script>\n<!-- \/ Yoast SEO plugin. -->","yoast_head_json":{"title":"Opinie o Spotter - Spotter - Polen","robots":{"index":"index","follow":"follow","max-snippet":"max-snippet:-1","max-image-preview":"max-image-preview:large","max-video-preview":"max-video-preview:-1"},"canonical":"https:\/\/www.spottergps.com\/pl\/opinie-o-spotter\/","og_locale":"pl_PL","og_type":"article","og_title":"Opinie o Spotter - Spotter - Polen","og_description":"Oczywi\u015bcie chcecie wiedzie\u0107, co inni klienci s\u0105dz\u0105 o naszych produktach. Na niezale\u017cnej platformie Kiyoh mo\u017cecie przeczyta\u0107 setki recenzji od klient\u00f3w, kt\u00f3rzy dziel\u0105 si\u0119 swoimi do\u015bwiadczeniami z r\u00f3\u017cnymi produktami Spotter. Od naszych tracker\u00f3w GPS po inteligentne zegarki \u2013 znajdziecie szczere i wiarygodne opinie, kt\u00f3re pomog\u0105 wam podj\u0105\u0107 w\u0142a\u015bciw\u0105 decyzj\u0119. Nasi klienci ceni\u0105 jako\u015b\u0107, \u0142atwo\u015b\u0107 u\u017cytkowania i [&hellip;]","og_url":"https:\/\/www.spottergps.com\/pl\/opinie-o-spotter\/","og_site_name":"Spotter - Polen","article_modified_time":"2025-02-11T11:27:24+00:00","twitter_card":"summary_large_image","twitter_misc":{"Szacowany czas czytania":"1 minuta"},"schema":{"@context":"https:\/\/schema.org","@graph":[{"@type":"WebPage","@id":"https:\/\/www.spottergps.com\/pl\/opinie-o-spotter\/","url":"https:\/\/www.spottergps.com\/pl\/opinie-o-spotter\/","name":"Opinie o Spotter - Spotter - Polen","isPartOf":{"@id":"https:\/\/www.spottergps.com\/pl\/#website"},"datePublished":"2025-02-11T11:22:13+00:00","dateModified":"2025-02-11T11:27:24+00:00","breadcrumb":{"@id":"https:\/\/www.spottergps.com\/pl\/opinie-o-spotter\/#breadcrumb"},"inLanguage":"pl-PL","potentialAction":[{"@type":"ReadAction","target":["https:\/\/www.spottergps.com\/pl\/opinie-o-spotter\/"]}]},{"@type":"BreadcrumbList","@id":"https:\/\/www.spottergps.com\/pl\/opinie-o-spotter\/#breadcrumb","itemListElement":[{"@type":"ListItem","position":1,"name":"Home","item":"https:\/\/www.spottergps.com\/pl\/"},{"@type":"ListItem","position":2,"name":"Opinie o Spotter"}]},{"@type":"WebSite","@id":"https:\/\/www.spottergps.com\/pl\/#website","url":"https:\/\/www.spottergps.com\/pl\/","name":"Spotter - Polen","description":"GPS tracker dla wszystkiego, co kochasz","potentialAction":[{"@type":"SearchAction","target":{"@type":"EntryPoint","urlTemplate":"https:\/\/www.spottergps.com\/pl\/?s={search_term_string}"},"query-input":{"@type":"PropertyValueSpecification","valueRequired":true,"valueName":"search_term_string"}}],"inLanguage":"pl-PL"}]}},"_links":{"self":[{"href":"https:\/\/www.spottergps.com\/pl\/wp-json\/wp\/v2\/pages\/304","targetHints":{"allow":["GET"]}}],"collection":[{"href":"https:\/\/www.spottergps.com\/pl\/wp-json\/wp\/v2\/pages"}],"about":[{"href":"https:\/\/www.spottergps.com\/pl\/wp-json\/wp\/v2\/types\/page"}],"author":[{"embeddable":true,"href":"https:\/\/www.spottergps.com\/pl\/wp-json\/wp\/v2\/users\/8"}],"replies":[{"embeddable":true,"href":"https:\/\/www.spottergps.com\/pl\/wp-json\/wp\/v2\/comments?post=304"}],"version-history":[{"count":2,"href":"https:\/\/www.spottergps.com\/pl\/wp-json\/wp\/v2\/pages\/304\/revisions"}],"predecessor-version":[{"id":308,"href":"https:\/\/www.spottergps.com\/pl\/wp-json\/wp\/v2\/pages\/304\/revisions\/308"}],"wp:attachment":[{"href":"https:\/\/www.spottergps.com\/pl\/wp-json\/wp\/v2\/media?parent=304"}],"wp:term":[{"taxonomy":"category","embeddable":true,"href":"https:\/\/www.spottergps.com\/pl\/wp-json\/wp\/v2\/categories?post=304"},{"taxonomy":"post_tag","embeddable":true,"href":"https:\/\/www.spottergps.com\/pl\/wp-json\/wp\/v2\/tags?post=304"}],"curies":[{"name":"wp","href":"https:\/\/api.w.org\/{rel}","templated":true}]}}