{"id":301,"date":"2025-02-10T15:46:35","date_gmt":"2025-02-10T15:46:35","guid":{"rendered":"https:\/\/www.spottergps.com\/pl\/?page_id=301"},"modified":"2025-02-17T15:58:47","modified_gmt":"2025-02-17T15:58:47","slug":"kontakt","status":"publish","type":"page","link":"https:\/\/www.spottergps.com\/pl\/kontakt\/","title":{"rendered":"Kontakt"},"content":{"rendered":"\n<p>Jeste\u015bmy dost\u0119pni w dni robocze od <strong>08:30 \u2013 12:30<\/strong> oraz od <strong>13:00 \u2013 17:00<\/strong>.<br \/><br \/>Masz pytanie dotycz\u0105ce dzia\u0142ania Twojego produktu lub og\u00f3ln\u0105 kwesti\u0119? Sprawd\u017a &#8222;<span style=\"text-decoration: underline\">Najcz\u0119\u015bciej zadawane pytania<\/span>&#8222;. Zebrali\u015bmy tam wszystkie pytania i odpowiedzi \u2013 prawdopodobnie znajdziesz tam rozwi\u0105zanie od razu.<br \/><br \/>Nie znalaz\u0142e\u015b odpowiedzi? Skontaktuj si\u0119 z naszym <a href=\"https:\/\/www.spottergps.com\/pl\/w-czym-mozemy-pomoc\/\">dzia\u0142em wsparcia<\/a>. Staramy si\u0119 odpowiada\u0107 na wszystkie zapytania w ci\u0105gu 48 godzin w dni robocze.<br \/><br \/><\/p>\n<p><strong>Nasz adres:<\/strong><\/p>\n<p><strong>Spotter B.V.<\/strong><br \/>Leeuwenhoekweg 20c<br \/>2661 CZ BERGSCHENHOEK<br \/>Holandia<\/p>\n<p><strong>Numer KvK:<\/strong> 62825518<\/p>\n<p>Zapoznaj si\u0119 z naszymi <strong><a href=\"https:\/\/www.spottergps.com\/pl\/warunki-dostawy-i-swiadczenia-uslug-przez-spotter-b-v-dalej-warunki\/\" rel=\"noopener\">Warunkami dostawy i us\u0142ug<\/a><\/strong> oraz <a href=\"https:\/\/www.spottergps.com\/pl\/gwarancja-i-serwis\/\"><strong>Warunkami gwarancji i serwisu<\/strong>.<\/a><\/p>\n\n\n\n<p><\/p>\n","protected":false},"excerpt":{"rendered":"<p>Jeste\u015bmy dost\u0119pni w dni robocze od 08:30 \u2013 12:30 oraz od 13:00 \u2013 17:00. Masz pytanie dotycz\u0105ce dzia\u0142ania Twojego produktu lub og\u00f3ln\u0105 kwesti\u0119? Sprawd\u017a &#8222;Najcz\u0119\u015bciej zadawane pytania&#8222;. Zebrali\u015bmy tam wszystkie pytania i odpowiedzi \u2013 prawdopodobnie znajdziesz tam rozwi\u0105zanie od razu. Nie znalaz\u0142e\u015b odpowiedzi? Skontaktuj si\u0119 z naszym dzia\u0142em wsparcia. Staramy si\u0119 odpowiada\u0107 na wszystkie zapytania [&hellip;]<\/p>\n","protected":false},"author":14,"featured_media":0,"parent":0,"menu_order":0,"comment_status":"closed","ping_status":"closed","template":"","meta":{"_acf_changed":false,"footnotes":""},"categories":[],"tags":[],"class_list":["post-301","page","type-page","status-publish","hentry"],"acf":[],"yoast_head":"<!-- This site is optimized with the Yoast SEO plugin v25.9 - https:\/\/yoast.com\/wordpress\/plugins\/seo\/ -->\n<title>Kontakt - Spotter - Polen<\/title>\n<meta name=\"robots\" content=\"index, follow, max-snippet:-1, max-image-preview:large, max-video-preview:-1\" \/>\n<link rel=\"canonical\" href=\"https:\/\/www.spottergps.com\/pl\/kontakt\/\" \/>\n<meta property=\"og:locale\" content=\"pl_PL\" \/>\n<meta property=\"og:type\" content=\"article\" \/>\n<meta property=\"og:title\" content=\"Kontakt - Spotter - Polen\" \/>\n<meta property=\"og:description\" content=\"Jeste\u015bmy dost\u0119pni w dni robocze od 08:30 \u2013 12:30 oraz od 13:00 \u2013 17:00. Masz pytanie dotycz\u0105ce dzia\u0142ania Twojego produktu lub og\u00f3ln\u0105 kwesti\u0119? Sprawd\u017a &#8222;Najcz\u0119\u015bciej zadawane pytania&#8222;. Zebrali\u015bmy tam wszystkie pytania i odpowiedzi \u2013 prawdopodobnie znajdziesz tam rozwi\u0105zanie od razu. Nie znalaz\u0142e\u015b odpowiedzi? Skontaktuj si\u0119 z naszym dzia\u0142em wsparcia. Staramy si\u0119 odpowiada\u0107 na wszystkie zapytania [&hellip;]\" \/>\n<meta property=\"og:url\" content=\"https:\/\/www.spottergps.com\/pl\/kontakt\/\" \/>\n<meta property=\"og:site_name\" content=\"Spotter - Polen\" \/>\n<meta property=\"article:modified_time\" content=\"2025-02-17T15:58:47+00:00\" \/>\n<meta name=\"twitter:card\" content=\"summary_large_image\" \/>\n<meta name=\"twitter:label1\" content=\"Szacowany czas czytania\" \/>\n\t<meta name=\"twitter:data1\" content=\"1 minuta\" \/>\n<script type=\"application\/ld+json\" class=\"yoast-schema-graph\">{\"@context\":\"https:\/\/schema.org\",\"@graph\":[{\"@type\":\"WebPage\",\"@id\":\"https:\/\/www.spottergps.com\/pl\/kontakt\/\",\"url\":\"https:\/\/www.spottergps.com\/pl\/kontakt\/\",\"name\":\"Kontakt - Spotter - Polen\",\"isPartOf\":{\"@id\":\"https:\/\/www.spottergps.com\/pl\/#website\"},\"datePublished\":\"2025-02-10T15:46:35+00:00\",\"dateModified\":\"2025-02-17T15:58:47+00:00\",\"breadcrumb\":{\"@id\":\"https:\/\/www.spottergps.com\/pl\/kontakt\/#breadcrumb\"},\"inLanguage\":\"pl-PL\",\"potentialAction\":[{\"@type\":\"ReadAction\",\"target\":[\"https:\/\/www.spottergps.com\/pl\/kontakt\/\"]}]},{\"@type\":\"BreadcrumbList\",\"@id\":\"https:\/\/www.spottergps.com\/pl\/kontakt\/#breadcrumb\",\"itemListElement\":[{\"@type\":\"ListItem\",\"position\":1,\"name\":\"Home\",\"item\":\"https:\/\/www.spottergps.com\/pl\/\"},{\"@type\":\"ListItem\",\"position\":2,\"name\":\"Kontakt\"}]},{\"@type\":\"WebSite\",\"@id\":\"https:\/\/www.spottergps.com\/pl\/#website\",\"url\":\"https:\/\/www.spottergps.com\/pl\/\",\"name\":\"Spotter - Polen\",\"description\":\"GPS tracker dla wszystkiego, co kochasz\",\"potentialAction\":[{\"@type\":\"SearchAction\",\"target\":{\"@type\":\"EntryPoint\",\"urlTemplate\":\"https:\/\/www.spottergps.com\/pl\/?s={search_term_string}\"},\"query-input\":{\"@type\":\"PropertyValueSpecification\",\"valueRequired\":true,\"valueName\":\"search_term_string\"}}],\"inLanguage\":\"pl-PL\"}]}<\/script>\n<!-- \/ Yoast SEO plugin. -->","yoast_head_json":{"title":"Kontakt - Spotter - Polen","robots":{"index":"index","follow":"follow","max-snippet":"max-snippet:-1","max-image-preview":"max-image-preview:large","max-video-preview":"max-video-preview:-1"},"canonical":"https:\/\/www.spottergps.com\/pl\/kontakt\/","og_locale":"pl_PL","og_type":"article","og_title":"Kontakt - Spotter - Polen","og_description":"Jeste\u015bmy dost\u0119pni w dni robocze od 08:30 \u2013 12:30 oraz od 13:00 \u2013 17:00. Masz pytanie dotycz\u0105ce dzia\u0142ania Twojego produktu lub og\u00f3ln\u0105 kwesti\u0119? Sprawd\u017a &#8222;Najcz\u0119\u015bciej zadawane pytania&#8222;. Zebrali\u015bmy tam wszystkie pytania i odpowiedzi \u2013 prawdopodobnie znajdziesz tam rozwi\u0105zanie od razu. Nie znalaz\u0142e\u015b odpowiedzi? Skontaktuj si\u0119 z naszym dzia\u0142em wsparcia. Staramy si\u0119 odpowiada\u0107 na wszystkie zapytania [&hellip;]","og_url":"https:\/\/www.spottergps.com\/pl\/kontakt\/","og_site_name":"Spotter - Polen","article_modified_time":"2025-02-17T15:58:47+00:00","twitter_card":"summary_large_image","twitter_misc":{"Szacowany czas czytania":"1 minuta"},"schema":{"@context":"https:\/\/schema.org","@graph":[{"@type":"WebPage","@id":"https:\/\/www.spottergps.com\/pl\/kontakt\/","url":"https:\/\/www.spottergps.com\/pl\/kontakt\/","name":"Kontakt - Spotter - Polen","isPartOf":{"@id":"https:\/\/www.spottergps.com\/pl\/#website"},"datePublished":"2025-02-10T15:46:35+00:00","dateModified":"2025-02-17T15:58:47+00:00","breadcrumb":{"@id":"https:\/\/www.spottergps.com\/pl\/kontakt\/#breadcrumb"},"inLanguage":"pl-PL","potentialAction":[{"@type":"ReadAction","target":["https:\/\/www.spottergps.com\/pl\/kontakt\/"]}]},{"@type":"BreadcrumbList","@id":"https:\/\/www.spottergps.com\/pl\/kontakt\/#breadcrumb","itemListElement":[{"@type":"ListItem","position":1,"name":"Home","item":"https:\/\/www.spottergps.com\/pl\/"},{"@type":"ListItem","position":2,"name":"Kontakt"}]},{"@type":"WebSite","@id":"https:\/\/www.spottergps.com\/pl\/#website","url":"https:\/\/www.spottergps.com\/pl\/","name":"Spotter - Polen","description":"GPS tracker dla wszystkiego, co kochasz","potentialAction":[{"@type":"SearchAction","target":{"@type":"EntryPoint","urlTemplate":"https:\/\/www.spottergps.com\/pl\/?s={search_term_string}"},"query-input":{"@type":"PropertyValueSpecification","valueRequired":true,"valueName":"search_term_string"}}],"inLanguage":"pl-PL"}]}},"_links":{"self":[{"href":"https:\/\/www.spottergps.com\/pl\/wp-json\/wp\/v2\/pages\/301","targetHints":{"allow":["GET"]}}],"collection":[{"href":"https:\/\/www.spottergps.com\/pl\/wp-json\/wp\/v2\/pages"}],"about":[{"href":"https:\/\/www.spottergps.com\/pl\/wp-json\/wp\/v2\/types\/page"}],"author":[{"embeddable":true,"href":"https:\/\/www.spottergps.com\/pl\/wp-json\/wp\/v2\/users\/14"}],"replies":[{"embeddable":true,"href":"https:\/\/www.spottergps.com\/pl\/wp-json\/wp\/v2\/comments?post=301"}],"version-history":[{"count":5,"href":"https:\/\/www.spottergps.com\/pl\/wp-json\/wp\/v2\/pages\/301\/revisions"}],"predecessor-version":[{"id":404,"href":"https:\/\/www.spottergps.com\/pl\/wp-json\/wp\/v2\/pages\/301\/revisions\/404"}],"wp:attachment":[{"href":"https:\/\/www.spottergps.com\/pl\/wp-json\/wp\/v2\/media?parent=301"}],"wp:term":[{"taxonomy":"category","embeddable":true,"href":"https:\/\/www.spottergps.com\/pl\/wp-json\/wp\/v2\/categories?post=301"},{"taxonomy":"post_tag","embeddable":true,"href":"https:\/\/www.spottergps.com\/pl\/wp-json\/wp\/v2\/tags?post=301"}],"curies":[{"name":"wp","href":"https:\/\/api.w.org\/{rel}","templated":true}]}}