{"id":256,"date":"2025-02-11T12:55:00","date_gmt":"2025-02-11T12:55:00","guid":{"rendered":"https:\/\/www.spottergps.com\/pl\/?page_id=256"},"modified":"2026-02-17T15:16:14","modified_gmt":"2026-02-17T15:16:14","slug":"najmniejszy-gps-tracker-dla-zwierzat","status":"publish","type":"page","link":"https:\/\/www.spottergps.com\/pl\/najmniejszy-gps-tracker-dla-zwierzat\/","title":{"rendered":"Najmniejszy GPS tracker dla zwierz\u0105t"},"content":{"rendered":"\n<p>Dzi\u0119ki Pet Spotter mo\u017cesz \u015bledzi\u0107 wszystkie przygody swojego ma\u0142ego przyjaciela. To najmniejszy GPS dla zwierz\u0105t, idealny zar\u00f3wno dla kot\u00f3w, jak i ps\u00f3w. Wystarczy przymocowa\u0107 go do obro\u017cy, a za pomoc\u0105 aplikacji Spotter sprawdzisz, gdzie znajduje si\u0119 Tw\u00f3j czworono\u017cny towarzysz. Mo\u017cesz nawet monitorowa\u0107 jego aktywno\u015b\u0107 dzi\u0119ki wbudowanemu activity trackerowi. Dodatkowo masz mo\u017cliwo\u015b\u0107 uruchomienia alarmu, je\u015bli zajdzie taka potrzeba. To nie tylko fajny gad\u017cet dla ka\u017cdego w\u0142a\u015bciciela, ale tak\u017ce spos\u00f3b na zwi\u0119kszenie bezpiecze\u0144stwa i spokoju ducha \u2013 teraz zawsze odnajdziesz swojego kota lub psa.<\/p>\n\n\n\n<div class=\"wp-block-columns is-layout-flex wp-container-core-columns-is-layout-9d6595d7 wp-block-columns-is-layout-flex\">\n<div class=\"wp-block-column is-layout-flow wp-block-column-is-layout-flow\"><\/div>\n\n\n\n<div class=\"wp-block-column is-layout-flow wp-block-column-is-layout-flow\">\n<figure class=\"wp-block-gallery has-nested-images columns-default is-cropped wp-block-gallery-1 is-layout-flex wp-block-gallery-is-layout-flex\">\n<figure class=\"wp-block-image size-large is-resized is-style-default\"><a href=\"https:\/\/www.spottergps.com\/pl\/najmniejszy-gps-dla-psa\/\"><img loading=\"lazy\" decoding=\"async\" width=\"228\" height=\"254\" data-id=\"259\" src=\"https:\/\/www.spottergps.com\/pl\/wp-content\/uploads\/sites\/9\/2025\/02\/gps-dla-psa-spotter.svg\" alt=\"\" class=\"wp-image-259\" style=\"width:221px;height:auto\" \/><\/a><\/figure>\n<\/figure>\n\n\n\n<p class=\"has-text-align-center\"><strong>Psy<\/strong><\/p>\n\n\n\n<p class=\"has-text-align-center\">       Specjalnie dla ps\u00f3<\/p>\n<\/div>\n\n\n\n<div class=\"wp-block-column is-layout-flow wp-block-column-is-layout-flow\">\n<figure class=\"wp-block-image size-large is-resized\"><a href=\"https:\/\/www.spottergps.com\/pl\/najmniejszy-gps-dla-kota\/\"><img loading=\"lazy\" decoding=\"async\" width=\"228\" height=\"254\" src=\"https:\/\/www.spottergps.com\/pl\/wp-content\/uploads\/sites\/9\/2025\/02\/gps-dla-zwierzat-spotter.svg\" alt=\"\" class=\"wp-image-258\" style=\"width:222px;height:auto\" \/><\/a><\/figure>\n\n\n\n<p class=\"has-text-align-center\"><strong>Koty<\/strong><\/p>\n\n\n\n<p class=\"has-text-align-center\"> Specjalnie dla kot\u00f3w <\/p>\n<\/div>\n\n\n\n<div class=\"wp-block-column is-layout-flow wp-block-column-is-layout-flow\"><\/div>\n<\/div>\n\n\n\n<p><\/p>\n\n\n\n<div class=\"wp-block-columns is-layout-flex wp-container-core-columns-is-layout-9d6595d7 wp-block-columns-is-layout-flex\">\n<div class=\"wp-block-column is-layout-flow wp-block-column-is-layout-flow\">\n<p class=\"has-text-align-center\"><\/p>\n<\/div>\n<\/div>\n","protected":false},"excerpt":{"rendered":"<p>Dzi\u0119ki Pet Spotter mo\u017cesz \u015bledzi\u0107 wszystkie przygody swojego ma\u0142ego przyjaciela. To najmniejszy GPS dla zwierz\u0105t, idealny zar\u00f3wno dla kot\u00f3w, jak i ps\u00f3w. Wystarczy przymocowa\u0107 go do obro\u017cy, a za pomoc\u0105 aplikacji Spotter sprawdzisz, gdzie znajduje si\u0119 Tw\u00f3j czworono\u017cny towarzysz. Mo\u017cesz nawet monitorowa\u0107 jego aktywno\u015b\u0107 dzi\u0119ki wbudowanemu activity trackerowi. Dodatkowo masz mo\u017cliwo\u015b\u0107 uruchomienia alarmu, je\u015bli zajdzie [&hellip;]<\/p>\n","protected":false},"author":14,"featured_media":0,"parent":0,"menu_order":0,"comment_status":"closed","ping_status":"closed","template":"","meta":{"_acf_changed":false,"footnotes":""},"categories":[],"tags":[],"class_list":["post-256","page","type-page","status-publish","hentry"],"acf":[],"yoast_head":"<!-- This site is optimized with the Yoast SEO plugin v25.9 - https:\/\/yoast.com\/wordpress\/plugins\/seo\/ -->\n<title>Najmniejszy lokalizator GPS dla zwierz\u0105t domowych | Spotter\u00ae \u2764<\/title>\n<meta name=\"robots\" content=\"index, follow, max-snippet:-1, max-image-preview:large, max-video-preview:-1\" \/>\n<link rel=\"canonical\" href=\"https:\/\/www.spottergps.com\/pl\/najmniejszy-gps-tracker-dla-zwierzat\/\" \/>\n<meta property=\"og:locale\" content=\"pl_PL\" \/>\n<meta property=\"og:type\" content=\"article\" \/>\n<meta property=\"og:title\" content=\"Najmniejszy lokalizator GPS dla zwierz\u0105t domowych | Spotter\u00ae \u2764\" \/>\n<meta property=\"og:description\" content=\"Dzi\u0119ki Pet Spotter mo\u017cesz \u015bledzi\u0107 wszystkie przygody swojego ma\u0142ego przyjaciela. To najmniejszy GPS dla zwierz\u0105t, idealny zar\u00f3wno dla kot\u00f3w, jak i ps\u00f3w. Wystarczy przymocowa\u0107 go do obro\u017cy, a za pomoc\u0105 aplikacji Spotter sprawdzisz, gdzie znajduje si\u0119 Tw\u00f3j czworono\u017cny towarzysz. Mo\u017cesz nawet monitorowa\u0107 jego aktywno\u015b\u0107 dzi\u0119ki wbudowanemu activity trackerowi. Dodatkowo masz mo\u017cliwo\u015b\u0107 uruchomienia alarmu, je\u015bli zajdzie [&hellip;]\" \/>\n<meta property=\"og:url\" content=\"https:\/\/www.spottergps.com\/pl\/najmniejszy-gps-tracker-dla-zwierzat\/\" \/>\n<meta property=\"og:site_name\" content=\"Spotter - Polen\" \/>\n<meta property=\"article:modified_time\" content=\"2026-02-17T15:16:14+00:00\" \/>\n<meta name=\"twitter:card\" content=\"summary_large_image\" \/>\n<meta name=\"twitter:label1\" content=\"Szacowany czas czytania\" \/>\n\t<meta name=\"twitter:data1\" content=\"1 minuta\" \/>\n<script type=\"application\/ld+json\" class=\"yoast-schema-graph\">{\"@context\":\"https:\/\/schema.org\",\"@graph\":[{\"@type\":\"WebPage\",\"@id\":\"https:\/\/www.spottergps.com\/pl\/najmniejszy-gps-tracker-dla-zwierzat\/\",\"url\":\"https:\/\/www.spottergps.com\/pl\/najmniejszy-gps-tracker-dla-zwierzat\/\",\"name\":\"Najmniejszy lokalizator GPS dla zwierz\u0105t domowych | Spotter\u00ae \u2764\",\"isPartOf\":{\"@id\":\"https:\/\/www.spottergps.com\/pl\/#website\"},\"primaryImageOfPage\":{\"@id\":\"https:\/\/www.spottergps.com\/pl\/najmniejszy-gps-tracker-dla-zwierzat\/#primaryimage\"},\"image\":{\"@id\":\"https:\/\/www.spottergps.com\/pl\/najmniejszy-gps-tracker-dla-zwierzat\/#primaryimage\"},\"thumbnailUrl\":\"https:\/\/www.spottergps.com\/pl\/wp-content\/uploads\/sites\/9\/2025\/02\/gps-dla-psa-spotter.svg\",\"datePublished\":\"2025-02-11T12:55:00+00:00\",\"dateModified\":\"2026-02-17T15:16:14+00:00\",\"breadcrumb\":{\"@id\":\"https:\/\/www.spottergps.com\/pl\/najmniejszy-gps-tracker-dla-zwierzat\/#breadcrumb\"},\"inLanguage\":\"pl-PL\",\"potentialAction\":[{\"@type\":\"ReadAction\",\"target\":[\"https:\/\/www.spottergps.com\/pl\/najmniejszy-gps-tracker-dla-zwierzat\/\"]}]},{\"@type\":\"ImageObject\",\"inLanguage\":\"pl-PL\",\"@id\":\"https:\/\/www.spottergps.com\/pl\/najmniejszy-gps-tracker-dla-zwierzat\/#primaryimage\",\"url\":\"https:\/\/www.spottergps.com\/pl\/wp-content\/uploads\/sites\/9\/2025\/02\/gps-dla-psa-spotter.svg\",\"contentUrl\":\"https:\/\/www.spottergps.com\/pl\/wp-content\/uploads\/sites\/9\/2025\/02\/gps-dla-psa-spotter.svg\",\"width\":228,\"height\":254},{\"@type\":\"BreadcrumbList\",\"@id\":\"https:\/\/www.spottergps.com\/pl\/najmniejszy-gps-tracker-dla-zwierzat\/#breadcrumb\",\"itemListElement\":[{\"@type\":\"ListItem\",\"position\":1,\"name\":\"Home\",\"item\":\"https:\/\/www.spottergps.com\/pl\/\"},{\"@type\":\"ListItem\",\"position\":2,\"name\":\"Najmniejszy GPS tracker dla zwierz\u0105t\"}]},{\"@type\":\"WebSite\",\"@id\":\"https:\/\/www.spottergps.com\/pl\/#website\",\"url\":\"https:\/\/www.spottergps.com\/pl\/\",\"name\":\"Spotter - Polen\",\"description\":\"GPS tracker dla wszystkiego, co kochasz\",\"potentialAction\":[{\"@type\":\"SearchAction\",\"target\":{\"@type\":\"EntryPoint\",\"urlTemplate\":\"https:\/\/www.spottergps.com\/pl\/?s={search_term_string}\"},\"query-input\":{\"@type\":\"PropertyValueSpecification\",\"valueRequired\":true,\"valueName\":\"search_term_string\"}}],\"inLanguage\":\"pl-PL\"}]}<\/script>\n<!-- \/ Yoast SEO plugin. -->","yoast_head_json":{"title":"Najmniejszy lokalizator GPS dla zwierz\u0105t domowych | Spotter\u00ae \u2764","robots":{"index":"index","follow":"follow","max-snippet":"max-snippet:-1","max-image-preview":"max-image-preview:large","max-video-preview":"max-video-preview:-1"},"canonical":"https:\/\/www.spottergps.com\/pl\/najmniejszy-gps-tracker-dla-zwierzat\/","og_locale":"pl_PL","og_type":"article","og_title":"Najmniejszy lokalizator GPS dla zwierz\u0105t domowych | Spotter\u00ae \u2764","og_description":"Dzi\u0119ki Pet Spotter mo\u017cesz \u015bledzi\u0107 wszystkie przygody swojego ma\u0142ego przyjaciela. To najmniejszy GPS dla zwierz\u0105t, idealny zar\u00f3wno dla kot\u00f3w, jak i ps\u00f3w. Wystarczy przymocowa\u0107 go do obro\u017cy, a za pomoc\u0105 aplikacji Spotter sprawdzisz, gdzie znajduje si\u0119 Tw\u00f3j czworono\u017cny towarzysz. Mo\u017cesz nawet monitorowa\u0107 jego aktywno\u015b\u0107 dzi\u0119ki wbudowanemu activity trackerowi. Dodatkowo masz mo\u017cliwo\u015b\u0107 uruchomienia alarmu, je\u015bli zajdzie [&hellip;]","og_url":"https:\/\/www.spottergps.com\/pl\/najmniejszy-gps-tracker-dla-zwierzat\/","og_site_name":"Spotter - Polen","article_modified_time":"2026-02-17T15:16:14+00:00","twitter_card":"summary_large_image","twitter_misc":{"Szacowany czas czytania":"1 minuta"},"schema":{"@context":"https:\/\/schema.org","@graph":[{"@type":"WebPage","@id":"https:\/\/www.spottergps.com\/pl\/najmniejszy-gps-tracker-dla-zwierzat\/","url":"https:\/\/www.spottergps.com\/pl\/najmniejszy-gps-tracker-dla-zwierzat\/","name":"Najmniejszy lokalizator GPS dla zwierz\u0105t domowych | Spotter\u00ae \u2764","isPartOf":{"@id":"https:\/\/www.spottergps.com\/pl\/#website"},"primaryImageOfPage":{"@id":"https:\/\/www.spottergps.com\/pl\/najmniejszy-gps-tracker-dla-zwierzat\/#primaryimage"},"image":{"@id":"https:\/\/www.spottergps.com\/pl\/najmniejszy-gps-tracker-dla-zwierzat\/#primaryimage"},"thumbnailUrl":"https:\/\/www.spottergps.com\/pl\/wp-content\/uploads\/sites\/9\/2025\/02\/gps-dla-psa-spotter.svg","datePublished":"2025-02-11T12:55:00+00:00","dateModified":"2026-02-17T15:16:14+00:00","breadcrumb":{"@id":"https:\/\/www.spottergps.com\/pl\/najmniejszy-gps-tracker-dla-zwierzat\/#breadcrumb"},"inLanguage":"pl-PL","potentialAction":[{"@type":"ReadAction","target":["https:\/\/www.spottergps.com\/pl\/najmniejszy-gps-tracker-dla-zwierzat\/"]}]},{"@type":"ImageObject","inLanguage":"pl-PL","@id":"https:\/\/www.spottergps.com\/pl\/najmniejszy-gps-tracker-dla-zwierzat\/#primaryimage","url":"https:\/\/www.spottergps.com\/pl\/wp-content\/uploads\/sites\/9\/2025\/02\/gps-dla-psa-spotter.svg","contentUrl":"https:\/\/www.spottergps.com\/pl\/wp-content\/uploads\/sites\/9\/2025\/02\/gps-dla-psa-spotter.svg","width":228,"height":254},{"@type":"BreadcrumbList","@id":"https:\/\/www.spottergps.com\/pl\/najmniejszy-gps-tracker-dla-zwierzat\/#breadcrumb","itemListElement":[{"@type":"ListItem","position":1,"name":"Home","item":"https:\/\/www.spottergps.com\/pl\/"},{"@type":"ListItem","position":2,"name":"Najmniejszy GPS tracker dla zwierz\u0105t"}]},{"@type":"WebSite","@id":"https:\/\/www.spottergps.com\/pl\/#website","url":"https:\/\/www.spottergps.com\/pl\/","name":"Spotter - Polen","description":"GPS tracker dla wszystkiego, co kochasz","potentialAction":[{"@type":"SearchAction","target":{"@type":"EntryPoint","urlTemplate":"https:\/\/www.spottergps.com\/pl\/?s={search_term_string}"},"query-input":{"@type":"PropertyValueSpecification","valueRequired":true,"valueName":"search_term_string"}}],"inLanguage":"pl-PL"}]}},"_links":{"self":[{"href":"https:\/\/www.spottergps.com\/pl\/wp-json\/wp\/v2\/pages\/256","targetHints":{"allow":["GET"]}}],"collection":[{"href":"https:\/\/www.spottergps.com\/pl\/wp-json\/wp\/v2\/pages"}],"about":[{"href":"https:\/\/www.spottergps.com\/pl\/wp-json\/wp\/v2\/types\/page"}],"author":[{"embeddable":true,"href":"https:\/\/www.spottergps.com\/pl\/wp-json\/wp\/v2\/users\/14"}],"replies":[{"embeddable":true,"href":"https:\/\/www.spottergps.com\/pl\/wp-json\/wp\/v2\/comments?post=256"}],"version-history":[{"count":20,"href":"https:\/\/www.spottergps.com\/pl\/wp-json\/wp\/v2\/pages\/256\/revisions"}],"predecessor-version":[{"id":21201,"href":"https:\/\/www.spottergps.com\/pl\/wp-json\/wp\/v2\/pages\/256\/revisions\/21201"}],"wp:attachment":[{"href":"https:\/\/www.spottergps.com\/pl\/wp-json\/wp\/v2\/media?parent=256"}],"wp:term":[{"taxonomy":"category","embeddable":true,"href":"https:\/\/www.spottergps.com\/pl\/wp-json\/wp\/v2\/categories?post=256"},{"taxonomy":"post_tag","embeddable":true,"href":"https:\/\/www.spottergps.com\/pl\/wp-json\/wp\/v2\/tags?post=256"}],"curies":[{"name":"wp","href":"https:\/\/api.w.org\/{rel}","templated":true}]}}