{"id":250,"date":"2025-02-03T13:37:34","date_gmt":"2025-02-03T13:37:34","guid":{"rendered":"https:\/\/www.spottergps.com\/pl\/?page_id=250"},"modified":"2025-02-14T14:05:33","modified_gmt":"2025-02-14T14:05:33","slug":"aplikacja-online-i-na-smartfona","status":"publish","type":"page","link":"https:\/\/www.spottergps.com\/pl\/aplikacja-online-i-na-smartfona\/","title":{"rendered":"Konto online i aplikacja mobilna"},"content":{"rendered":"\n<h2 class=\"wp-block-heading\">Zajrzysz do \u0142atwego w obs\u0142udze oprogramowania Spotter<\/h2>\n\n\n\n<div class=\"wp-block-columns is-layout-flex wp-container-core-columns-is-layout-9d6595d7 wp-block-columns-is-layout-flex\">\n<div class=\"wp-block-column is-layout-flow wp-block-column-is-layout-flow\">\n<p><strong>Bez wzgl\u0119du na to, czy jeste\u015b w drodze, czy siedzi\u0161 przed komputerem, zawsze masz dost\u0119p do oprogramowania Spotter.<\/strong><br><br>Masz dost\u0119p do konta online oraz aplikacji na smartfony i tablety, na kt\u00f3re Spotter GPS tracker automatycznie wysy\u0142a lokalizacje i powiadomienia.<\/p>\n\n\n\n<ul class=\"wp-block-list\">\n<li>Bardzo \u0142atwe w obs\u0142udze.<\/li>\n\n\n\n<li>Mo\u017cesz zalogowa\u0107 si\u0119 online z ka\u017cdego miejsca.<\/li>\n\n\n\n<li>Mo\u017cliwo\u015b\u0107 logowania si\u0119 dla wielu os\u00f3b jednocze\u015bnie.<\/li>\n\n\n\n<li>Brak potrzeby instalacji oprogramowania lub licencji.<\/li>\n<\/ul>\n\n\n\n<figure class=\"wp-block-image is-resized\"><a href=\"https:\/\/apps.apple.com\/nl\/app\/spotter-gps-tracker\/id997370912\" target=\"_blank\" rel=\"noopener noreferrer\"><img decoding=\"async\" class=\"wp-image-199\" style=\"width: 157px;height: 52px\" src=\"https:\/\/www.spottergps.com\/wp-content\/uploads\/2015\/05\/AppStore-300x98.png\" alt=\"Spotter - AppStore\" \/> <img decoding=\"async\" class=\"wp-image-200\" style=\"aspect-ratio: 3.07843 \/ 1;width: 157px\" src=\"https:\/\/www.spottergps.com\/wp-content\/uploads\/2015\/05\/PlayStore-300x98.png\" alt=\"Spotter - PlayStore\" \/><\/a><\/figure>\n<p><br \/><br \/><\/p>\n<\/div>\n\n\n\n<div class=\"wp-block-column is-layout-flow wp-block-column-is-layout-flow\">\n<figure class=\"wp-block-image size-full\"><img loading=\"lazy\" decoding=\"async\" width=\"540\" height=\"460\" src=\"http:\/\/www.spottergps.com\/pl\/wp-content\/uploads\/sites\/9\/2025\/02\/spotter-online-konto-gps.jpg\" alt=\"spotter-online-konto-gps\" class=\"wp-image-251\" srcset=\"https:\/\/www.spottergps.com\/pl\/wp-content\/uploads\/sites\/9\/2025\/02\/spotter-online-konto-gps.jpg 540w, https:\/\/www.spottergps.com\/pl\/wp-content\/uploads\/sites\/9\/2025\/02\/spotter-online-konto-gps-300x256.jpg 300w\" sizes=\"auto, (max-width: 540px) 100vw, 540px\" \/><\/figure>\n<\/div>\n<\/div>\n\n\n\n<div style=\"height:38px\" aria-hidden=\"true\" class=\"wp-block-spacer\"><\/div>\n\n\n\n<div class=\"wp-block-columns is-layout-flex wp-container-core-columns-is-layout-9d6595d7 wp-block-columns-is-layout-flex\">\n<div class=\"wp-block-column is-layout-flow wp-block-column-is-layout-flow\"><\/div>\n\n\n\n<div class=\"wp-block-column is-layout-flow wp-block-column-is-layout-flow\">\n<h3 class=\"wp-block-heading has-text-align-left\">Funkcje w aplikacji Spotter<\/h3>\n<\/div>\n\n\n\n<div class=\"wp-block-column is-layout-flow wp-block-column-is-layout-flow\"><\/div>\n<\/div>\n\n\n\n<div style=\"height:22px\" aria-hidden=\"true\" class=\"wp-block-spacer\"><\/div>\n\n\n\n<div class=\"wp-block-columns is-layout-flex wp-container-core-columns-is-layout-9d6595d7 wp-block-columns-is-layout-flex\">\n<div class=\"wp-block-column is-layout-flow wp-block-column-is-layout-flow\">\n<h4 class=\"wp-block-heading has-text-align-center\">Lokalizacje na mapie<\/h4>\n\n\n\n<div style=\"height:60px\" aria-hidden=\"true\" class=\"wp-block-spacer\"><\/div>\n\n\n\n<figure class=\"wp-block-image size-large is-resized\"><img decoding=\"async\" src=\"https:\/\/www.spottergps.com\/wp-content\/uploads\/2022\/02\/spotter-gps-locatie-512x1024.jpg\" alt=\"spotter gps locatie opvragen\" class=\"wp-image-18437\" style=\"width:318px;height:636px\" \/><\/figure>\n\n\n\n<p class=\"has-text-align-center\"><em>Zawsze wgl\u0105d w najnowsze lokalizacje. Na mapie drogowej lub satelitarnej.<\/em><\/p>\n<\/div>\n\n\n\n<div class=\"wp-block-column is-layout-flow wp-block-column-is-layout-flow\">\n<h4 class=\"wp-block-heading has-text-align-center\">Najcz\u0119\u015bciej odwiedzane miejsca<\/h4>\n\n\n\n<figure class=\"wp-block-image size-large\"><img decoding=\"async\" src=\"https:\/\/www.spottergps.com\/wp-content\/uploads\/2022\/02\/spotter-heatmap-512x1024.jpg\" alt=\"spotter gps katten heatmap\" class=\"wp-image-18436\" \/><\/figure>\n\n\n\n<p class=\"has-text-align-center\"><em>Zobacz najcz\u0119\u015bciej odwiedzane lokalizacje w formie mapy cieplnej.<\/em><\/p>\n<\/div>\n\n\n\n<div class=\"wp-block-column is-layout-flow wp-block-column-is-layout-flow\">\n<h4 class=\"wp-block-heading has-text-align-center\">Strefy<\/h4>\n\n\n\n<div style=\"height:60px\" aria-hidden=\"true\" class=\"wp-block-spacer\"><\/div>\n\n\n<div class=\"wp-block-image\">\n<figure class=\"aligncenter size-large is-resized\"><img decoding=\"async\" src=\"https:\/\/www.spottergps.com\/wp-content\/uploads\/2022\/02\/spotter-zones-512x1024.jpg\" alt=\"spotter gps tracker kat zones\" class=\"wp-image-18438\" style=\"width:319px;height:637px\" \/><\/figure><\/div>\n\n\n<p class=\"has-text-align-center\"><em>Utw\u00f3rz kilka stref dla swojej tracker GPS.<\/em><\/p>\n<\/div>\n<\/div>\n\n\n\n<div class=\"wp-block-columns is-layout-flex wp-container-core-columns-is-layout-9d6595d7 wp-block-columns-is-layout-flex\">\n<div class=\"wp-block-column is-layout-flow wp-block-column-is-layout-flow\">\n<h4 class=\"wp-block-heading has-text-align-center\">Widok ulicy<\/h4>\n\n\n\n<div style=\"height:60px\" aria-hidden=\"true\" class=\"wp-block-spacer\"><\/div>\n\n\n<div class=\"wp-block-image\">\n<figure class=\"aligncenter size-large is-resized\"><img decoding=\"async\" src=\"https:\/\/www.spottergps.com\/wp-content\/uploads\/2022\/02\/spotter-streetview-512x1024.jpg\" alt=\"spotter gps tracker kat streetview\" class=\"wp-image-18440\" style=\"width:334px;height:667px\" \/><\/figure><\/div>\n\n\n<p style=\"text-align: center\"><em>Zobacz dok\u0142adn\u0105 lokalizacj\u0119 tracker GPS Spotter w Google Street View.<\/em><\/p>\n<\/div>\n\n\n\n<div class=\"wp-block-column is-layout-flow wp-block-column-is-layout-flow\">\n<h4 class=\"wp-block-heading has-text-align-center\">Przegl\u0105danie historii<\/h4>\n\n\n\n<figure class=\"wp-block-image size-large\"><img decoding=\"async\" src=\"https:\/\/www.spottergps.com\/wp-content\/uploads\/2022\/02\/spotter-geschiedenis-512x1024.jpg\" alt=\"Spotter GPS tracker - app geschiedenis\" class=\"wp-image-18439\" \/><\/figure>\n\n\n\n<p style=\"text-align: center\"><em>Przegl\u0105daj histori\u0119 lokalizacji. Gdzie by\u0142 Spotter i kiedy?<\/em><\/p>\n<\/div>\n\n\n\n<div class=\"wp-block-column is-layout-flow wp-block-column-is-layout-flow\">\n<h4 class=\"wp-block-heading has-text-align-center\">Powiadomienia push<\/h4>\n\n\n\n<div style=\"height:60px\" aria-hidden=\"true\" class=\"wp-block-spacer\"><\/div>\n\n\n<div class=\"wp-block-image\">\n<figure class=\"aligncenter size-large is-resized\"><img decoding=\"async\" src=\"https:\/\/www.spottergps.com\/wp-content\/uploads\/2022\/02\/spotter-app-notificaties.jpg\" alt=\"spotter app notificaties\" class=\"wp-image-18624\" style=\"width:336px;height:671px\" \/><\/figure><\/div>\n\n\n<p style=\"text-align: center\"><em>Podczas korzystania z aplikacji: przydatne powiadomienia bezpo\u015brednio na ekranie.<\/em><\/p>\n<\/div>\n<\/div>\n","protected":false},"excerpt":{"rendered":"<p>Zajrzysz do \u0142atwego w obs\u0142udze oprogramowania Spotter Bez wzgl\u0119du na to, czy jeste\u015b w drodze, czy siedzi\u0161 przed komputerem, zawsze masz dost\u0119p do oprogramowania Spotter. Masz dost\u0119p do konta online oraz aplikacji na smartfony i tablety, na kt\u00f3re Spotter GPS tracker automatycznie wysy\u0142a lokalizacje i powiadomienia. Funkcje w aplikacji Spotter Lokalizacje na mapie Zawsze wgl\u0105d [&hellip;]<\/p>\n","protected":false},"author":8,"featured_media":0,"parent":0,"menu_order":0,"comment_status":"closed","ping_status":"closed","template":"","meta":{"_acf_changed":false,"footnotes":""},"categories":[],"tags":[],"class_list":["post-250","page","type-page","status-publish","hentry"],"acf":[],"yoast_head":"<!-- This site is optimized with the Yoast SEO plugin v25.9 - https:\/\/yoast.com\/wordpress\/plugins\/seo\/ -->\n<title>Konto online i aplikacja mobilna - Spotter - Polen<\/title>\n<meta name=\"robots\" content=\"index, follow, max-snippet:-1, max-image-preview:large, max-video-preview:-1\" \/>\n<link rel=\"canonical\" href=\"https:\/\/www.spottergps.com\/pl\/aplikacja-online-i-na-smartfona\/\" \/>\n<meta property=\"og:locale\" content=\"pl_PL\" \/>\n<meta property=\"og:type\" content=\"article\" \/>\n<meta property=\"og:title\" content=\"Konto online i aplikacja mobilna - Spotter - Polen\" \/>\n<meta property=\"og:description\" content=\"Zajrzysz do \u0142atwego w obs\u0142udze oprogramowania Spotter Bez wzgl\u0119du na to, czy jeste\u015b w drodze, czy siedzi\u0161 przed komputerem, zawsze masz dost\u0119p do oprogramowania Spotter. Masz dost\u0119p do konta online oraz aplikacji na smartfony i tablety, na kt\u00f3re Spotter GPS tracker automatycznie wysy\u0142a lokalizacje i powiadomienia. Funkcje w aplikacji Spotter Lokalizacje na mapie Zawsze wgl\u0105d [&hellip;]\" \/>\n<meta property=\"og:url\" content=\"https:\/\/www.spottergps.com\/pl\/aplikacja-online-i-na-smartfona\/\" \/>\n<meta property=\"og:site_name\" content=\"Spotter - Polen\" \/>\n<meta property=\"article:modified_time\" content=\"2025-02-14T14:05:33+00:00\" \/>\n<meta property=\"og:image\" content=\"https:\/\/www.spottergps.com\/wp-content\/uploads\/2015\/05\/AppStore-300x98.png\" \/>\n<meta name=\"twitter:card\" content=\"summary_large_image\" \/>\n<meta name=\"twitter:label1\" content=\"Szacowany czas czytania\" \/>\n\t<meta name=\"twitter:data1\" content=\"3 minuty\" \/>\n<script type=\"application\/ld+json\" class=\"yoast-schema-graph\">{\"@context\":\"https:\/\/schema.org\",\"@graph\":[{\"@type\":\"WebPage\",\"@id\":\"https:\/\/www.spottergps.com\/pl\/aplikacja-online-i-na-smartfona\/\",\"url\":\"https:\/\/www.spottergps.com\/pl\/aplikacja-online-i-na-smartfona\/\",\"name\":\"Konto online i aplikacja mobilna - Spotter - Polen\",\"isPartOf\":{\"@id\":\"https:\/\/www.spottergps.com\/pl\/#website\"},\"primaryImageOfPage\":{\"@id\":\"https:\/\/www.spottergps.com\/pl\/aplikacja-online-i-na-smartfona\/#primaryimage\"},\"image\":{\"@id\":\"https:\/\/www.spottergps.com\/pl\/aplikacja-online-i-na-smartfona\/#primaryimage\"},\"thumbnailUrl\":\"https:\/\/www.spottergps.com\/wp-content\/uploads\/2015\/05\/AppStore-300x98.png\",\"datePublished\":\"2025-02-03T13:37:34+00:00\",\"dateModified\":\"2025-02-14T14:05:33+00:00\",\"breadcrumb\":{\"@id\":\"https:\/\/www.spottergps.com\/pl\/aplikacja-online-i-na-smartfona\/#breadcrumb\"},\"inLanguage\":\"pl-PL\",\"potentialAction\":[{\"@type\":\"ReadAction\",\"target\":[\"https:\/\/www.spottergps.com\/pl\/aplikacja-online-i-na-smartfona\/\"]}]},{\"@type\":\"ImageObject\",\"inLanguage\":\"pl-PL\",\"@id\":\"https:\/\/www.spottergps.com\/pl\/aplikacja-online-i-na-smartfona\/#primaryimage\",\"url\":\"https:\/\/www.spottergps.com\/wp-content\/uploads\/2015\/05\/AppStore-300x98.png\",\"contentUrl\":\"https:\/\/www.spottergps.com\/wp-content\/uploads\/2015\/05\/AppStore-300x98.png\"},{\"@type\":\"BreadcrumbList\",\"@id\":\"https:\/\/www.spottergps.com\/pl\/aplikacja-online-i-na-smartfona\/#breadcrumb\",\"itemListElement\":[{\"@type\":\"ListItem\",\"position\":1,\"name\":\"Home\",\"item\":\"https:\/\/www.spottergps.com\/pl\/\"},{\"@type\":\"ListItem\",\"position\":2,\"name\":\"Konto online i aplikacja mobilna\"}]},{\"@type\":\"WebSite\",\"@id\":\"https:\/\/www.spottergps.com\/pl\/#website\",\"url\":\"https:\/\/www.spottergps.com\/pl\/\",\"name\":\"Spotter - Polen\",\"description\":\"GPS tracker dla wszystkiego, co kochasz\",\"potentialAction\":[{\"@type\":\"SearchAction\",\"target\":{\"@type\":\"EntryPoint\",\"urlTemplate\":\"https:\/\/www.spottergps.com\/pl\/?s={search_term_string}\"},\"query-input\":{\"@type\":\"PropertyValueSpecification\",\"valueRequired\":true,\"valueName\":\"search_term_string\"}}],\"inLanguage\":\"pl-PL\"}]}<\/script>\n<!-- \/ Yoast SEO plugin. -->","yoast_head_json":{"title":"Konto online i aplikacja mobilna - Spotter - Polen","robots":{"index":"index","follow":"follow","max-snippet":"max-snippet:-1","max-image-preview":"max-image-preview:large","max-video-preview":"max-video-preview:-1"},"canonical":"https:\/\/www.spottergps.com\/pl\/aplikacja-online-i-na-smartfona\/","og_locale":"pl_PL","og_type":"article","og_title":"Konto online i aplikacja mobilna - Spotter - Polen","og_description":"Zajrzysz do \u0142atwego w obs\u0142udze oprogramowania Spotter Bez wzgl\u0119du na to, czy jeste\u015b w drodze, czy siedzi\u0161 przed komputerem, zawsze masz dost\u0119p do oprogramowania Spotter. Masz dost\u0119p do konta online oraz aplikacji na smartfony i tablety, na kt\u00f3re Spotter GPS tracker automatycznie wysy\u0142a lokalizacje i powiadomienia. Funkcje w aplikacji Spotter Lokalizacje na mapie Zawsze wgl\u0105d [&hellip;]","og_url":"https:\/\/www.spottergps.com\/pl\/aplikacja-online-i-na-smartfona\/","og_site_name":"Spotter - Polen","article_modified_time":"2025-02-14T14:05:33+00:00","og_image":[{"url":"https:\/\/www.spottergps.com\/wp-content\/uploads\/2015\/05\/AppStore-300x98.png","type":"","width":"","height":""}],"twitter_card":"summary_large_image","twitter_misc":{"Szacowany czas czytania":"3 minuty"},"schema":{"@context":"https:\/\/schema.org","@graph":[{"@type":"WebPage","@id":"https:\/\/www.spottergps.com\/pl\/aplikacja-online-i-na-smartfona\/","url":"https:\/\/www.spottergps.com\/pl\/aplikacja-online-i-na-smartfona\/","name":"Konto online i aplikacja mobilna - Spotter - Polen","isPartOf":{"@id":"https:\/\/www.spottergps.com\/pl\/#website"},"primaryImageOfPage":{"@id":"https:\/\/www.spottergps.com\/pl\/aplikacja-online-i-na-smartfona\/#primaryimage"},"image":{"@id":"https:\/\/www.spottergps.com\/pl\/aplikacja-online-i-na-smartfona\/#primaryimage"},"thumbnailUrl":"https:\/\/www.spottergps.com\/wp-content\/uploads\/2015\/05\/AppStore-300x98.png","datePublished":"2025-02-03T13:37:34+00:00","dateModified":"2025-02-14T14:05:33+00:00","breadcrumb":{"@id":"https:\/\/www.spottergps.com\/pl\/aplikacja-online-i-na-smartfona\/#breadcrumb"},"inLanguage":"pl-PL","potentialAction":[{"@type":"ReadAction","target":["https:\/\/www.spottergps.com\/pl\/aplikacja-online-i-na-smartfona\/"]}]},{"@type":"ImageObject","inLanguage":"pl-PL","@id":"https:\/\/www.spottergps.com\/pl\/aplikacja-online-i-na-smartfona\/#primaryimage","url":"https:\/\/www.spottergps.com\/wp-content\/uploads\/2015\/05\/AppStore-300x98.png","contentUrl":"https:\/\/www.spottergps.com\/wp-content\/uploads\/2015\/05\/AppStore-300x98.png"},{"@type":"BreadcrumbList","@id":"https:\/\/www.spottergps.com\/pl\/aplikacja-online-i-na-smartfona\/#breadcrumb","itemListElement":[{"@type":"ListItem","position":1,"name":"Home","item":"https:\/\/www.spottergps.com\/pl\/"},{"@type":"ListItem","position":2,"name":"Konto online i aplikacja mobilna"}]},{"@type":"WebSite","@id":"https:\/\/www.spottergps.com\/pl\/#website","url":"https:\/\/www.spottergps.com\/pl\/","name":"Spotter - Polen","description":"GPS tracker dla wszystkiego, co kochasz","potentialAction":[{"@type":"SearchAction","target":{"@type":"EntryPoint","urlTemplate":"https:\/\/www.spottergps.com\/pl\/?s={search_term_string}"},"query-input":{"@type":"PropertyValueSpecification","valueRequired":true,"valueName":"search_term_string"}}],"inLanguage":"pl-PL"}]}},"_links":{"self":[{"href":"https:\/\/www.spottergps.com\/pl\/wp-json\/wp\/v2\/pages\/250","targetHints":{"allow":["GET"]}}],"collection":[{"href":"https:\/\/www.spottergps.com\/pl\/wp-json\/wp\/v2\/pages"}],"about":[{"href":"https:\/\/www.spottergps.com\/pl\/wp-json\/wp\/v2\/types\/page"}],"author":[{"embeddable":true,"href":"https:\/\/www.spottergps.com\/pl\/wp-json\/wp\/v2\/users\/8"}],"replies":[{"embeddable":true,"href":"https:\/\/www.spottergps.com\/pl\/wp-json\/wp\/v2\/comments?post=250"}],"version-history":[{"count":4,"href":"https:\/\/www.spottergps.com\/pl\/wp-json\/wp\/v2\/pages\/250\/revisions"}],"predecessor-version":[{"id":339,"href":"https:\/\/www.spottergps.com\/pl\/wp-json\/wp\/v2\/pages\/250\/revisions\/339"}],"wp:attachment":[{"href":"https:\/\/www.spottergps.com\/pl\/wp-json\/wp\/v2\/media?parent=250"}],"wp:term":[{"taxonomy":"category","embeddable":true,"href":"https:\/\/www.spottergps.com\/pl\/wp-json\/wp\/v2\/categories?post=250"},{"taxonomy":"post_tag","embeddable":true,"href":"https:\/\/www.spottergps.com\/pl\/wp-json\/wp\/v2\/tags?post=250"}],"curies":[{"name":"wp","href":"https:\/\/api.w.org\/{rel}","templated":true}]}}