{"id":21182,"date":"2026-01-23T10:26:40","date_gmt":"2026-01-23T10:26:40","guid":{"rendered":"https:\/\/www.spottergps.com\/pl\/?page_id=21182"},"modified":"2026-01-23T10:28:46","modified_gmt":"2026-01-23T10:28:46","slug":"informacje-prawne","status":"publish","type":"page","link":"https:\/\/www.spottergps.com\/pl\/informacje-prawne\/","title":{"rendered":"Informacje prawne"},"content":{"rendered":"\n<p><strong>Odpowiedzialny za tre\u015b\u0107 strony internetowej:<\/strong><br>Pani W. Hofman, CEO<\/p>\n\n\n\n<p><strong>Przedsi\u0119biorstwo:<\/strong><br>Spotter B.V.<br>Leeuwenhoekweg 20c<br>2661 CZ BERGSCHENHOEK<br>Niderlandy<\/p>\n\n\n\n<p><strong>Kontakt:<\/strong><br>E-mail: <a>support@spottergps.com<\/a><\/p>\n\n\n\n<p><strong>Rejestr Handlowy w Niderlandach (KVK):<\/strong><br>62825518<\/p>\n\n\n\n<p><strong>RSIN:<\/strong> 854972870<br><strong>Numer VAT:<\/strong> NL854972870B01<br><strong>Numer WEEE:<\/strong> BDO 000692857<\/p>\n\n\n\n<p><strong>Dodatkowe informacje:<\/strong><\/p>\n\n\n\n<ul class=\"wp-block-list\">\n<li><a href=\"https:\/\/www.spottergps.com\/pl\/gwarancja-i-serwis\/\">Warunki gwarancji i serwisu<\/a><\/li>\n\n\n\n<li><a href=\"https:\/\/www.spottergps.com\/pl\/warunki-dostawy-i-swiadczenia-uslug-przez-spotter-b-v-dalej-warunki\/\">Warunki dostaw i \u015bwiadczenia us\u0142ug<\/a><\/li>\n<\/ul>\n","protected":false},"excerpt":{"rendered":"<p>Odpowiedzialny za tre\u015b\u0107 strony internetowej:Pani W. Hofman, CEO Przedsi\u0119biorstwo:Spotter B.V.Leeuwenhoekweg 20c2661 CZ BERGSCHENHOEKNiderlandy Kontakt:E-mail: support@spottergps.com Rejestr Handlowy w Niderlandach (KVK):62825518 RSIN: 854972870Numer VAT: NL854972870B01Numer WEEE: BDO 000692857 Dodatkowe informacje:<\/p>\n","protected":false},"author":8,"featured_media":0,"parent":0,"menu_order":0,"comment_status":"closed","ping_status":"closed","template":"","meta":{"_acf_changed":false,"footnotes":""},"categories":[],"tags":[],"class_list":["post-21182","page","type-page","status-publish","hentry"],"acf":[],"yoast_head":"<!-- This site is optimized with the Yoast SEO plugin v25.9 - https:\/\/yoast.com\/wordpress\/plugins\/seo\/ -->\n<title>Informacje prawne - Spotter<\/title>\n<meta name=\"robots\" content=\"index, follow, max-snippet:-1, max-image-preview:large, max-video-preview:-1\" \/>\n<link rel=\"canonical\" href=\"https:\/\/www.spottergps.com\/pl\/informacje-prawne\/\" \/>\n<meta property=\"og:locale\" content=\"pl_PL\" \/>\n<meta property=\"og:type\" content=\"article\" \/>\n<meta property=\"og:title\" content=\"Informacje prawne - Spotter\" \/>\n<meta property=\"og:description\" content=\"Odpowiedzialny za tre\u015b\u0107 strony internetowej:Pani W. Hofman, CEO Przedsi\u0119biorstwo:Spotter B.V.Leeuwenhoekweg 20c2661 CZ BERGSCHENHOEKNiderlandy Kontakt:E-mail: support@spottergps.com Rejestr Handlowy w Niderlandach (KVK):62825518 RSIN: 854972870Numer VAT: NL854972870B01Numer WEEE: BDO 000692857 Dodatkowe informacje:\" \/>\n<meta property=\"og:url\" content=\"https:\/\/www.spottergps.com\/pl\/informacje-prawne\/\" \/>\n<meta property=\"og:site_name\" content=\"Spotter - Polen\" \/>\n<meta property=\"article:modified_time\" content=\"2026-01-23T10:28:46+00:00\" \/>\n<meta name=\"twitter:card\" content=\"summary_large_image\" \/>\n<meta name=\"twitter:label1\" content=\"Szacowany czas czytania\" \/>\n\t<meta name=\"twitter:data1\" content=\"1 minuta\" \/>\n<script type=\"application\/ld+json\" class=\"yoast-schema-graph\">{\"@context\":\"https:\/\/schema.org\",\"@graph\":[{\"@type\":\"WebPage\",\"@id\":\"https:\/\/www.spottergps.com\/pl\/informacje-prawne\/\",\"url\":\"https:\/\/www.spottergps.com\/pl\/informacje-prawne\/\",\"name\":\"Informacje prawne - Spotter\",\"isPartOf\":{\"@id\":\"https:\/\/www.spottergps.com\/pl\/#website\"},\"datePublished\":\"2026-01-23T10:26:40+00:00\",\"dateModified\":\"2026-01-23T10:28:46+00:00\",\"breadcrumb\":{\"@id\":\"https:\/\/www.spottergps.com\/pl\/informacje-prawne\/#breadcrumb\"},\"inLanguage\":\"pl-PL\",\"potentialAction\":[{\"@type\":\"ReadAction\",\"target\":[\"https:\/\/www.spottergps.com\/pl\/informacje-prawne\/\"]}]},{\"@type\":\"BreadcrumbList\",\"@id\":\"https:\/\/www.spottergps.com\/pl\/informacje-prawne\/#breadcrumb\",\"itemListElement\":[{\"@type\":\"ListItem\",\"position\":1,\"name\":\"Home\",\"item\":\"https:\/\/www.spottergps.com\/pl\/\"},{\"@type\":\"ListItem\",\"position\":2,\"name\":\"Informacje prawne\"}]},{\"@type\":\"WebSite\",\"@id\":\"https:\/\/www.spottergps.com\/pl\/#website\",\"url\":\"https:\/\/www.spottergps.com\/pl\/\",\"name\":\"Spotter - Polen\",\"description\":\"GPS tracker dla wszystkiego, co kochasz\",\"potentialAction\":[{\"@type\":\"SearchAction\",\"target\":{\"@type\":\"EntryPoint\",\"urlTemplate\":\"https:\/\/www.spottergps.com\/pl\/?s={search_term_string}\"},\"query-input\":{\"@type\":\"PropertyValueSpecification\",\"valueRequired\":true,\"valueName\":\"search_term_string\"}}],\"inLanguage\":\"pl-PL\"}]}<\/script>\n<!-- \/ Yoast SEO plugin. -->","yoast_head_json":{"title":"Informacje prawne - Spotter","robots":{"index":"index","follow":"follow","max-snippet":"max-snippet:-1","max-image-preview":"max-image-preview:large","max-video-preview":"max-video-preview:-1"},"canonical":"https:\/\/www.spottergps.com\/pl\/informacje-prawne\/","og_locale":"pl_PL","og_type":"article","og_title":"Informacje prawne - Spotter","og_description":"Odpowiedzialny za tre\u015b\u0107 strony internetowej:Pani W. Hofman, CEO Przedsi\u0119biorstwo:Spotter B.V.Leeuwenhoekweg 20c2661 CZ BERGSCHENHOEKNiderlandy Kontakt:E-mail: support@spottergps.com Rejestr Handlowy w Niderlandach (KVK):62825518 RSIN: 854972870Numer VAT: NL854972870B01Numer WEEE: BDO 000692857 Dodatkowe informacje:","og_url":"https:\/\/www.spottergps.com\/pl\/informacje-prawne\/","og_site_name":"Spotter - Polen","article_modified_time":"2026-01-23T10:28:46+00:00","twitter_card":"summary_large_image","twitter_misc":{"Szacowany czas czytania":"1 minuta"},"schema":{"@context":"https:\/\/schema.org","@graph":[{"@type":"WebPage","@id":"https:\/\/www.spottergps.com\/pl\/informacje-prawne\/","url":"https:\/\/www.spottergps.com\/pl\/informacje-prawne\/","name":"Informacje prawne - Spotter","isPartOf":{"@id":"https:\/\/www.spottergps.com\/pl\/#website"},"datePublished":"2026-01-23T10:26:40+00:00","dateModified":"2026-01-23T10:28:46+00:00","breadcrumb":{"@id":"https:\/\/www.spottergps.com\/pl\/informacje-prawne\/#breadcrumb"},"inLanguage":"pl-PL","potentialAction":[{"@type":"ReadAction","target":["https:\/\/www.spottergps.com\/pl\/informacje-prawne\/"]}]},{"@type":"BreadcrumbList","@id":"https:\/\/www.spottergps.com\/pl\/informacje-prawne\/#breadcrumb","itemListElement":[{"@type":"ListItem","position":1,"name":"Home","item":"https:\/\/www.spottergps.com\/pl\/"},{"@type":"ListItem","position":2,"name":"Informacje prawne"}]},{"@type":"WebSite","@id":"https:\/\/www.spottergps.com\/pl\/#website","url":"https:\/\/www.spottergps.com\/pl\/","name":"Spotter - Polen","description":"GPS tracker dla wszystkiego, co kochasz","potentialAction":[{"@type":"SearchAction","target":{"@type":"EntryPoint","urlTemplate":"https:\/\/www.spottergps.com\/pl\/?s={search_term_string}"},"query-input":{"@type":"PropertyValueSpecification","valueRequired":true,"valueName":"search_term_string"}}],"inLanguage":"pl-PL"}]}},"_links":{"self":[{"href":"https:\/\/www.spottergps.com\/pl\/wp-json\/wp\/v2\/pages\/21182","targetHints":{"allow":["GET"]}}],"collection":[{"href":"https:\/\/www.spottergps.com\/pl\/wp-json\/wp\/v2\/pages"}],"about":[{"href":"https:\/\/www.spottergps.com\/pl\/wp-json\/wp\/v2\/types\/page"}],"author":[{"embeddable":true,"href":"https:\/\/www.spottergps.com\/pl\/wp-json\/wp\/v2\/users\/8"}],"replies":[{"embeddable":true,"href":"https:\/\/www.spottergps.com\/pl\/wp-json\/wp\/v2\/comments?post=21182"}],"version-history":[{"count":2,"href":"https:\/\/www.spottergps.com\/pl\/wp-json\/wp\/v2\/pages\/21182\/revisions"}],"predecessor-version":[{"id":21185,"href":"https:\/\/www.spottergps.com\/pl\/wp-json\/wp\/v2\/pages\/21182\/revisions\/21185"}],"wp:attachment":[{"href":"https:\/\/www.spottergps.com\/pl\/wp-json\/wp\/v2\/media?parent=21182"}],"wp:term":[{"taxonomy":"category","embeddable":true,"href":"https:\/\/www.spottergps.com\/pl\/wp-json\/wp\/v2\/categories?post=21182"},{"taxonomy":"post_tag","embeddable":true,"href":"https:\/\/www.spottergps.com\/pl\/wp-json\/wp\/v2\/tags?post=21182"}],"curies":[{"name":"wp","href":"https:\/\/api.w.org\/{rel}","templated":true}]}}