{"id":20982,"date":"2025-11-10T13:07:53","date_gmt":"2025-11-10T13:07:53","guid":{"rendered":"https:\/\/www.spottergps.com\/pl\/?page_id=20982"},"modified":"2026-03-03T10:21:52","modified_gmt":"2026-03-03T10:21:52","slug":"auto-gps-tracker","status":"publish","type":"page","link":"https:\/\/www.spottergps.com\/pl\/auto-gps-tracker\/","title":{"rendered":"Auto GPS tracker"},"content":{"rendered":"\n<h2>Prosty, niezawodny i wygodny w u\u017cyciu<\/h2>\n<p>Szukasz skutecznego sposobu, aby zabezpieczy\u0107 sw\u00f3j pojazd przed kradzie\u017c\u0105 lub monitorowa\u0107 go przez pewien czas? Nasz przeno\u015bny lokalizator gps do samochodu to idealne rozwi\u0105zanie. Nie wymaga skomplikowanej instalacji, nie ma op\u0142at abonamentowych, a bateria dzia\u0142a od 3 do 5 dni. Doskona\u0142y wyb\u00f3r dla os\u00f3b prywatnych, kt\u00f3re ceni\u0105 bezpiecze\u0144stwo i prostot\u0119 u\u017cytkowania.<\/p>\n\n\n\n<p><\/p>\n","protected":false},"excerpt":{"rendered":"<p>Prosty, niezawodny i wygodny w u\u017cyciu Szukasz skutecznego sposobu, aby zabezpieczy\u0107 sw\u00f3j pojazd przed kradzie\u017c\u0105 lub monitorowa\u0107 go przez pewien czas? Nasz przeno\u015bny lokalizator gps do samochodu to idealne rozwi\u0105zanie. Nie wymaga skomplikowanej instalacji, nie ma op\u0142at abonamentowych, a bateria dzia\u0142a od 3 do 5 dni. Doskona\u0142y wyb\u00f3r dla os\u00f3b prywatnych, kt\u00f3re ceni\u0105 bezpiecze\u0144stwo i [&hellip;]<\/p>\n","protected":false},"author":14,"featured_media":0,"parent":0,"menu_order":0,"comment_status":"closed","ping_status":"closed","template":"","meta":{"_acf_changed":false,"footnotes":""},"categories":[],"tags":[],"class_list":["post-20982","page","type-page","status-publish","hentry"],"acf":[],"yoast_head":"<!-- This site is optimized with the Yoast SEO plugin v25.9 - https:\/\/yoast.com\/wordpress\/plugins\/seo\/ -->\n<title>Lokalizator GPS do samochodu \u2013 Niezawodny i bez abonamentu | Spotter\u00ae<\/title>\n<meta name=\"robots\" content=\"index, follow, max-snippet:-1, max-image-preview:large, max-video-preview:-1\" \/>\n<link rel=\"canonical\" href=\"https:\/\/www.spottergps.com\/pl\/auto-gps-tracker\/\" \/>\n<meta property=\"og:locale\" content=\"pl_PL\" \/>\n<meta property=\"og:type\" content=\"article\" \/>\n<meta property=\"og:title\" content=\"Lokalizator GPS do samochodu \u2013 Niezawodny i bez abonamentu | Spotter\u00ae\" \/>\n<meta property=\"og:description\" content=\"Prosty, niezawodny i wygodny w u\u017cyciu Szukasz skutecznego sposobu, aby zabezpieczy\u0107 sw\u00f3j pojazd przed kradzie\u017c\u0105 lub monitorowa\u0107 go przez pewien czas? Nasz przeno\u015bny lokalizator gps do samochodu to idealne rozwi\u0105zanie. Nie wymaga skomplikowanej instalacji, nie ma op\u0142at abonamentowych, a bateria dzia\u0142a od 3 do 5 dni. Doskona\u0142y wyb\u00f3r dla os\u00f3b prywatnych, kt\u00f3re ceni\u0105 bezpiecze\u0144stwo i [&hellip;]\" \/>\n<meta property=\"og:url\" content=\"https:\/\/www.spottergps.com\/pl\/auto-gps-tracker\/\" \/>\n<meta property=\"og:site_name\" content=\"Spotter - Polen\" \/>\n<meta property=\"article:modified_time\" content=\"2026-03-03T10:21:52+00:00\" \/>\n<meta name=\"twitter:card\" content=\"summary_large_image\" \/>\n<meta name=\"twitter:label1\" content=\"Szacowany czas czytania\" \/>\n\t<meta name=\"twitter:data1\" content=\"1 minuta\" \/>\n<script type=\"application\/ld+json\" class=\"yoast-schema-graph\">{\"@context\":\"https:\/\/schema.org\",\"@graph\":[{\"@type\":\"WebPage\",\"@id\":\"https:\/\/www.spottergps.com\/pl\/auto-gps-tracker\/\",\"url\":\"https:\/\/www.spottergps.com\/pl\/auto-gps-tracker\/\",\"name\":\"Lokalizator GPS do samochodu \u2013 Niezawodny i bez abonamentu | Spotter\u00ae\",\"isPartOf\":{\"@id\":\"https:\/\/www.spottergps.com\/pl\/#website\"},\"datePublished\":\"2025-11-10T13:07:53+00:00\",\"dateModified\":\"2026-03-03T10:21:52+00:00\",\"breadcrumb\":{\"@id\":\"https:\/\/www.spottergps.com\/pl\/auto-gps-tracker\/#breadcrumb\"},\"inLanguage\":\"pl-PL\",\"potentialAction\":[{\"@type\":\"ReadAction\",\"target\":[\"https:\/\/www.spottergps.com\/pl\/auto-gps-tracker\/\"]}]},{\"@type\":\"BreadcrumbList\",\"@id\":\"https:\/\/www.spottergps.com\/pl\/auto-gps-tracker\/#breadcrumb\",\"itemListElement\":[{\"@type\":\"ListItem\",\"position\":1,\"name\":\"Home\",\"item\":\"https:\/\/www.spottergps.com\/pl\/\"},{\"@type\":\"ListItem\",\"position\":2,\"name\":\"Auto GPS tracker\"}]},{\"@type\":\"WebSite\",\"@id\":\"https:\/\/www.spottergps.com\/pl\/#website\",\"url\":\"https:\/\/www.spottergps.com\/pl\/\",\"name\":\"Spotter - Polen\",\"description\":\"GPS tracker dla wszystkiego, co kochasz\",\"potentialAction\":[{\"@type\":\"SearchAction\",\"target\":{\"@type\":\"EntryPoint\",\"urlTemplate\":\"https:\/\/www.spottergps.com\/pl\/?s={search_term_string}\"},\"query-input\":{\"@type\":\"PropertyValueSpecification\",\"valueRequired\":true,\"valueName\":\"search_term_string\"}}],\"inLanguage\":\"pl-PL\"}]}<\/script>\n<!-- \/ Yoast SEO plugin. -->","yoast_head_json":{"title":"Lokalizator GPS do samochodu \u2013 Niezawodny i bez abonamentu | Spotter\u00ae","robots":{"index":"index","follow":"follow","max-snippet":"max-snippet:-1","max-image-preview":"max-image-preview:large","max-video-preview":"max-video-preview:-1"},"canonical":"https:\/\/www.spottergps.com\/pl\/auto-gps-tracker\/","og_locale":"pl_PL","og_type":"article","og_title":"Lokalizator GPS do samochodu \u2013 Niezawodny i bez abonamentu | Spotter\u00ae","og_description":"Prosty, niezawodny i wygodny w u\u017cyciu Szukasz skutecznego sposobu, aby zabezpieczy\u0107 sw\u00f3j pojazd przed kradzie\u017c\u0105 lub monitorowa\u0107 go przez pewien czas? Nasz przeno\u015bny lokalizator gps do samochodu to idealne rozwi\u0105zanie. Nie wymaga skomplikowanej instalacji, nie ma op\u0142at abonamentowych, a bateria dzia\u0142a od 3 do 5 dni. Doskona\u0142y wyb\u00f3r dla os\u00f3b prywatnych, kt\u00f3re ceni\u0105 bezpiecze\u0144stwo i [&hellip;]","og_url":"https:\/\/www.spottergps.com\/pl\/auto-gps-tracker\/","og_site_name":"Spotter - Polen","article_modified_time":"2026-03-03T10:21:52+00:00","twitter_card":"summary_large_image","twitter_misc":{"Szacowany czas czytania":"1 minuta"},"schema":{"@context":"https:\/\/schema.org","@graph":[{"@type":"WebPage","@id":"https:\/\/www.spottergps.com\/pl\/auto-gps-tracker\/","url":"https:\/\/www.spottergps.com\/pl\/auto-gps-tracker\/","name":"Lokalizator GPS do samochodu \u2013 Niezawodny i bez abonamentu | Spotter\u00ae","isPartOf":{"@id":"https:\/\/www.spottergps.com\/pl\/#website"},"datePublished":"2025-11-10T13:07:53+00:00","dateModified":"2026-03-03T10:21:52+00:00","breadcrumb":{"@id":"https:\/\/www.spottergps.com\/pl\/auto-gps-tracker\/#breadcrumb"},"inLanguage":"pl-PL","potentialAction":[{"@type":"ReadAction","target":["https:\/\/www.spottergps.com\/pl\/auto-gps-tracker\/"]}]},{"@type":"BreadcrumbList","@id":"https:\/\/www.spottergps.com\/pl\/auto-gps-tracker\/#breadcrumb","itemListElement":[{"@type":"ListItem","position":1,"name":"Home","item":"https:\/\/www.spottergps.com\/pl\/"},{"@type":"ListItem","position":2,"name":"Auto GPS tracker"}]},{"@type":"WebSite","@id":"https:\/\/www.spottergps.com\/pl\/#website","url":"https:\/\/www.spottergps.com\/pl\/","name":"Spotter - Polen","description":"GPS tracker dla wszystkiego, co kochasz","potentialAction":[{"@type":"SearchAction","target":{"@type":"EntryPoint","urlTemplate":"https:\/\/www.spottergps.com\/pl\/?s={search_term_string}"},"query-input":{"@type":"PropertyValueSpecification","valueRequired":true,"valueName":"search_term_string"}}],"inLanguage":"pl-PL"}]}},"_links":{"self":[{"href":"https:\/\/www.spottergps.com\/pl\/wp-json\/wp\/v2\/pages\/20982","targetHints":{"allow":["GET"]}}],"collection":[{"href":"https:\/\/www.spottergps.com\/pl\/wp-json\/wp\/v2\/pages"}],"about":[{"href":"https:\/\/www.spottergps.com\/pl\/wp-json\/wp\/v2\/types\/page"}],"author":[{"embeddable":true,"href":"https:\/\/www.spottergps.com\/pl\/wp-json\/wp\/v2\/users\/14"}],"replies":[{"embeddable":true,"href":"https:\/\/www.spottergps.com\/pl\/wp-json\/wp\/v2\/comments?post=20982"}],"version-history":[{"count":12,"href":"https:\/\/www.spottergps.com\/pl\/wp-json\/wp\/v2\/pages\/20982\/revisions"}],"predecessor-version":[{"id":21319,"href":"https:\/\/www.spottergps.com\/pl\/wp-json\/wp\/v2\/pages\/20982\/revisions\/21319"}],"wp:attachment":[{"href":"https:\/\/www.spottergps.com\/pl\/wp-json\/wp\/v2\/media?parent=20982"}],"wp:term":[{"taxonomy":"category","embeddable":true,"href":"https:\/\/www.spottergps.com\/pl\/wp-json\/wp\/v2\/categories?post=20982"},{"taxonomy":"post_tag","embeddable":true,"href":"https:\/\/www.spottergps.com\/pl\/wp-json\/wp\/v2\/tags?post=20982"}],"curies":[{"name":"wp","href":"https:\/\/api.w.org\/{rel}","templated":true}]}}