{"id":20832,"date":"2025-06-25T07:59:57","date_gmt":"2025-06-25T07:59:57","guid":{"rendered":"https:\/\/www.spottergps.com\/pl\/?page_id=20832"},"modified":"2025-12-24T13:00:49","modified_gmt":"2025-12-24T13:00:49","slug":"lokalizator-gps-do-walizki","status":"publish","type":"page","link":"https:\/\/www.spottergps.com\/pl\/lokalizator-gps-do-walizki\/","title":{"rendered":"Lokalizator GPS do walizki lub kosztowno\u015bci"},"content":{"rendered":"\n<div class=\"wp-block-columns is-layout-flex wp-container-core-columns-is-layout-9d6595d7 wp-block-columns-is-layout-flex\">\n<div class=\"wp-block-column is-layout-flow wp-block-column-is-layout-flow\" style=\"flex-basis:50%\">\n<h2>Nigdy wi\u0119cej nie zgubisz swojego baga\u017cu<\/h2>\n<p><span style=\"font-size: revert\">Dzi\u0119ki lokalizatorowi GPS Spotter wiesz dok\u0142adnie, gdzie znajduje si\u0119 Twoja walizka lub baga\u017c. Ma\u0142y mobilny lokalizator GPS, kt\u00f3ry mo\u017cna \u0142atwo umie\u015bci\u0107 w baga\u017cu, a nast\u0119pnie \u015bledzi\u0107 go online. Dzi\u0119ki temu w razie potrzeby wiesz dok\u0142adnie, gdzie znajduje si\u0119 Twoja walizka i kosztowno\u015bci.<\/span><\/p>\n<ul>\n<li>Ma\u0142y lokalizator GPS, kt\u00f3ry <strong>idealnie pasuje do walizki.<\/strong><\/li>\n<li>Online i za po\u015brednictwem aplikacji Spotter mo\u017cesz sprawdzi\u0107, gdzie<strong> znajduje si\u0119 Twoja walizka.<\/strong><\/li>\n<li><strong>Mocny akumulator,<\/strong> kt\u00f3ry dzia\u0142a do 5 dni.<\/li>\n<li><strong>Bez k\u0142opot\u00f3w.<\/strong> Ze Spottera mo\u017cna korzysta\u0107 natychmiast.<\/li>\n<li>\u015awietnie: ten lokalizator GPS dzia\u0142a <strong>w ca\u0142ej Europie.<\/strong><\/li>\n<\/ul>\n<p><a class=\"main-button\" title=\"Direct bestellen!\" href=\"https:\/\/shop.spottergps.com\/pl\/spotter%20gps%20tracker.html?_gl=1*fd8v5s*_gcl_au*MTgxNTUyMTc4OC4xNzUwNjYwNTE0\" target=\"_blank\" rel=\"noopener\">Zam\u00f3w lokalizator GPS<\/a><\/p>\n<\/div>\n\n\n\n<div class=\"wp-block-column is-layout-flow wp-block-column-is-layout-flow\" style=\"flex-basis:50%\">\n<figure class=\"wp-block-image size-full is-resized\"><img loading=\"lazy\" decoding=\"async\" width=\"536\" height=\"536\" src=\"https:\/\/www.spottergps.com\/pl\/wp-content\/uploads\/sites\/9\/2025\/06\/lokalizator-gps-do-walizki\u200b-spotter.jpg\" alt=\"\" class=\"wp-image-20833\" style=\"width:458px;height:auto\" srcset=\"https:\/\/www.spottergps.com\/pl\/wp-content\/uploads\/sites\/9\/2025\/06\/lokalizator-gps-do-walizki\u200b-spotter.jpg 536w, https:\/\/www.spottergps.com\/pl\/wp-content\/uploads\/sites\/9\/2025\/06\/lokalizator-gps-do-walizki\u200b-spotter-300x300.jpg 300w, https:\/\/www.spottergps.com\/pl\/wp-content\/uploads\/sites\/9\/2025\/06\/lokalizator-gps-do-walizki\u200b-spotter-150x150.jpg 150w\" sizes=\"auto, (max-width: 536px) 100vw, 536px\" \/><\/figure>\n<\/div>\n<\/div>\n\n\n\n<p><\/p>\n","protected":false},"excerpt":{"rendered":"<p>Nigdy wi\u0119cej nie zgubisz swojego baga\u017cu Dzi\u0119ki lokalizatorowi GPS Spotter wiesz dok\u0142adnie, gdzie znajduje si\u0119 Twoja walizka lub baga\u017c. Ma\u0142y mobilny lokalizator GPS, kt\u00f3ry mo\u017cna \u0142atwo umie\u015bci\u0107 w baga\u017cu, a nast\u0119pnie \u015bledzi\u0107 go online. Dzi\u0119ki temu w razie potrzeby wiesz dok\u0142adnie, gdzie znajduje si\u0119 Twoja walizka i kosztowno\u015bci. Ma\u0142y lokalizator GPS, kt\u00f3ry idealnie pasuje do [&hellip;]<\/p>\n","protected":false},"author":14,"featured_media":20833,"parent":0,"menu_order":0,"comment_status":"closed","ping_status":"closed","template":"","meta":{"_acf_changed":false,"footnotes":""},"categories":[],"tags":[],"class_list":["post-20832","page","type-page","status-publish","has-post-thumbnail","hentry"],"acf":[],"yoast_head":"<!-- This site is optimized with the Yoast SEO plugin v25.9 - https:\/\/yoast.com\/wordpress\/plugins\/seo\/ -->\n<title>Zgubi\u0142e\u015b walizk\u0119? \u015aled\u017a j\u0105 wsz\u0119dzie dzi\u0119ki GPS Tracking! | Spotter\u00ae \u2764<\/title>\n<meta name=\"description\" content=\"Nie zgub ju\u017c swojej walizki lub baga\u017cu dzi\u0119ki Spotterowi. Ma\u0142y i mobilny lokalizator GPS, kt\u00f3ry mo\u017cna umie\u015bci\u0107 w baga\u017cu i \u015bledzi\u0107 go online.\" \/>\n<meta name=\"robots\" content=\"index, follow, max-snippet:-1, max-image-preview:large, max-video-preview:-1\" \/>\n<link rel=\"canonical\" href=\"https:\/\/www.spottergps.com\/pl\/lokalizator-gps-do-walizki\/\" \/>\n<meta property=\"og:locale\" content=\"pl_PL\" \/>\n<meta property=\"og:type\" content=\"article\" \/>\n<meta property=\"og:title\" content=\"Zgubi\u0142e\u015b walizk\u0119? \u015aled\u017a j\u0105 wsz\u0119dzie dzi\u0119ki GPS Tracking! | Spotter\u00ae \u2764\" \/>\n<meta property=\"og:description\" content=\"Nie zgub ju\u017c swojej walizki lub baga\u017cu dzi\u0119ki Spotterowi. Ma\u0142y i mobilny lokalizator GPS, kt\u00f3ry mo\u017cna umie\u015bci\u0107 w baga\u017cu i \u015bledzi\u0107 go online.\" \/>\n<meta property=\"og:url\" content=\"https:\/\/www.spottergps.com\/pl\/lokalizator-gps-do-walizki\/\" \/>\n<meta property=\"og:site_name\" content=\"Spotter - Polen\" \/>\n<meta property=\"article:modified_time\" content=\"2025-12-24T13:00:49+00:00\" \/>\n<meta property=\"og:image\" content=\"http:\/\/www.spottergps.com\/pl\/wp-content\/uploads\/sites\/9\/2025\/06\/lokalizator-gps-do-walizki\u200b-spotter.jpg\" \/>\n\t<meta property=\"og:image:width\" content=\"536\" \/>\n\t<meta property=\"og:image:height\" content=\"536\" \/>\n\t<meta property=\"og:image:type\" content=\"image\/jpeg\" \/>\n<meta name=\"twitter:card\" content=\"summary_large_image\" \/>\n<meta name=\"twitter:label1\" content=\"Szacowany czas czytania\" \/>\n\t<meta name=\"twitter:data1\" content=\"1 minuta\" \/>\n<script type=\"application\/ld+json\" class=\"yoast-schema-graph\">{\"@context\":\"https:\/\/schema.org\",\"@graph\":[{\"@type\":\"WebPage\",\"@id\":\"https:\/\/www.spottergps.com\/pl\/lokalizator-gps-do-walizki\/\",\"url\":\"https:\/\/www.spottergps.com\/pl\/lokalizator-gps-do-walizki\/\",\"name\":\"Zgubi\u0142e\u015b walizk\u0119? \u015aled\u017a j\u0105 wsz\u0119dzie dzi\u0119ki GPS Tracking! | Spotter\u00ae \u2764\",\"isPartOf\":{\"@id\":\"https:\/\/www.spottergps.com\/pl\/#website\"},\"primaryImageOfPage\":{\"@id\":\"https:\/\/www.spottergps.com\/pl\/lokalizator-gps-do-walizki\/#primaryimage\"},\"image\":{\"@id\":\"https:\/\/www.spottergps.com\/pl\/lokalizator-gps-do-walizki\/#primaryimage\"},\"thumbnailUrl\":\"https:\/\/www.spottergps.com\/pl\/wp-content\/uploads\/sites\/9\/2025\/06\/lokalizator-gps-do-walizki\u200b-spotter.jpg\",\"datePublished\":\"2025-06-25T07:59:57+00:00\",\"dateModified\":\"2025-12-24T13:00:49+00:00\",\"description\":\"Nie zgub ju\u017c swojej walizki lub baga\u017cu dzi\u0119ki Spotterowi. Ma\u0142y i mobilny lokalizator GPS, kt\u00f3ry mo\u017cna umie\u015bci\u0107 w baga\u017cu i \u015bledzi\u0107 go online.\",\"breadcrumb\":{\"@id\":\"https:\/\/www.spottergps.com\/pl\/lokalizator-gps-do-walizki\/#breadcrumb\"},\"inLanguage\":\"pl-PL\",\"potentialAction\":[{\"@type\":\"ReadAction\",\"target\":[\"https:\/\/www.spottergps.com\/pl\/lokalizator-gps-do-walizki\/\"]}]},{\"@type\":\"ImageObject\",\"inLanguage\":\"pl-PL\",\"@id\":\"https:\/\/www.spottergps.com\/pl\/lokalizator-gps-do-walizki\/#primaryimage\",\"url\":\"https:\/\/www.spottergps.com\/pl\/wp-content\/uploads\/sites\/9\/2025\/06\/lokalizator-gps-do-walizki\u200b-spotter.jpg\",\"contentUrl\":\"https:\/\/www.spottergps.com\/pl\/wp-content\/uploads\/sites\/9\/2025\/06\/lokalizator-gps-do-walizki\u200b-spotter.jpg\",\"width\":536,\"height\":536,\"caption\":\"lokalizator gps do walizki\u200b - spotter\"},{\"@type\":\"BreadcrumbList\",\"@id\":\"https:\/\/www.spottergps.com\/pl\/lokalizator-gps-do-walizki\/#breadcrumb\",\"itemListElement\":[{\"@type\":\"ListItem\",\"position\":1,\"name\":\"Home\",\"item\":\"https:\/\/www.spottergps.com\/pl\/\"},{\"@type\":\"ListItem\",\"position\":2,\"name\":\"Lokalizator GPS do walizki lub kosztowno\u015bci\"}]},{\"@type\":\"WebSite\",\"@id\":\"https:\/\/www.spottergps.com\/pl\/#website\",\"url\":\"https:\/\/www.spottergps.com\/pl\/\",\"name\":\"Spotter - Polen\",\"description\":\"GPS tracker dla wszystkiego, co kochasz\",\"potentialAction\":[{\"@type\":\"SearchAction\",\"target\":{\"@type\":\"EntryPoint\",\"urlTemplate\":\"https:\/\/www.spottergps.com\/pl\/?s={search_term_string}\"},\"query-input\":{\"@type\":\"PropertyValueSpecification\",\"valueRequired\":true,\"valueName\":\"search_term_string\"}}],\"inLanguage\":\"pl-PL\"}]}<\/script>\n<!-- \/ Yoast SEO plugin. -->","yoast_head_json":{"title":"Zgubi\u0142e\u015b walizk\u0119? \u015aled\u017a j\u0105 wsz\u0119dzie dzi\u0119ki GPS Tracking! | Spotter\u00ae \u2764","description":"Nie zgub ju\u017c swojej walizki lub baga\u017cu dzi\u0119ki Spotterowi. Ma\u0142y i mobilny lokalizator GPS, kt\u00f3ry mo\u017cna umie\u015bci\u0107 w baga\u017cu i \u015bledzi\u0107 go online.","robots":{"index":"index","follow":"follow","max-snippet":"max-snippet:-1","max-image-preview":"max-image-preview:large","max-video-preview":"max-video-preview:-1"},"canonical":"https:\/\/www.spottergps.com\/pl\/lokalizator-gps-do-walizki\/","og_locale":"pl_PL","og_type":"article","og_title":"Zgubi\u0142e\u015b walizk\u0119? \u015aled\u017a j\u0105 wsz\u0119dzie dzi\u0119ki GPS Tracking! | Spotter\u00ae \u2764","og_description":"Nie zgub ju\u017c swojej walizki lub baga\u017cu dzi\u0119ki Spotterowi. Ma\u0142y i mobilny lokalizator GPS, kt\u00f3ry mo\u017cna umie\u015bci\u0107 w baga\u017cu i \u015bledzi\u0107 go online.","og_url":"https:\/\/www.spottergps.com\/pl\/lokalizator-gps-do-walizki\/","og_site_name":"Spotter - Polen","article_modified_time":"2025-12-24T13:00:49+00:00","og_image":[{"width":536,"height":536,"url":"http:\/\/www.spottergps.com\/pl\/wp-content\/uploads\/sites\/9\/2025\/06\/lokalizator-gps-do-walizki\u200b-spotter.jpg","type":"image\/jpeg"}],"twitter_card":"summary_large_image","twitter_misc":{"Szacowany czas czytania":"1 minuta"},"schema":{"@context":"https:\/\/schema.org","@graph":[{"@type":"WebPage","@id":"https:\/\/www.spottergps.com\/pl\/lokalizator-gps-do-walizki\/","url":"https:\/\/www.spottergps.com\/pl\/lokalizator-gps-do-walizki\/","name":"Zgubi\u0142e\u015b walizk\u0119? \u015aled\u017a j\u0105 wsz\u0119dzie dzi\u0119ki GPS Tracking! | Spotter\u00ae \u2764","isPartOf":{"@id":"https:\/\/www.spottergps.com\/pl\/#website"},"primaryImageOfPage":{"@id":"https:\/\/www.spottergps.com\/pl\/lokalizator-gps-do-walizki\/#primaryimage"},"image":{"@id":"https:\/\/www.spottergps.com\/pl\/lokalizator-gps-do-walizki\/#primaryimage"},"thumbnailUrl":"https:\/\/www.spottergps.com\/pl\/wp-content\/uploads\/sites\/9\/2025\/06\/lokalizator-gps-do-walizki\u200b-spotter.jpg","datePublished":"2025-06-25T07:59:57+00:00","dateModified":"2025-12-24T13:00:49+00:00","description":"Nie zgub ju\u017c swojej walizki lub baga\u017cu dzi\u0119ki Spotterowi. Ma\u0142y i mobilny lokalizator GPS, kt\u00f3ry mo\u017cna umie\u015bci\u0107 w baga\u017cu i \u015bledzi\u0107 go online.","breadcrumb":{"@id":"https:\/\/www.spottergps.com\/pl\/lokalizator-gps-do-walizki\/#breadcrumb"},"inLanguage":"pl-PL","potentialAction":[{"@type":"ReadAction","target":["https:\/\/www.spottergps.com\/pl\/lokalizator-gps-do-walizki\/"]}]},{"@type":"ImageObject","inLanguage":"pl-PL","@id":"https:\/\/www.spottergps.com\/pl\/lokalizator-gps-do-walizki\/#primaryimage","url":"https:\/\/www.spottergps.com\/pl\/wp-content\/uploads\/sites\/9\/2025\/06\/lokalizator-gps-do-walizki\u200b-spotter.jpg","contentUrl":"https:\/\/www.spottergps.com\/pl\/wp-content\/uploads\/sites\/9\/2025\/06\/lokalizator-gps-do-walizki\u200b-spotter.jpg","width":536,"height":536,"caption":"lokalizator gps do walizki\u200b - spotter"},{"@type":"BreadcrumbList","@id":"https:\/\/www.spottergps.com\/pl\/lokalizator-gps-do-walizki\/#breadcrumb","itemListElement":[{"@type":"ListItem","position":1,"name":"Home","item":"https:\/\/www.spottergps.com\/pl\/"},{"@type":"ListItem","position":2,"name":"Lokalizator GPS do walizki lub kosztowno\u015bci"}]},{"@type":"WebSite","@id":"https:\/\/www.spottergps.com\/pl\/#website","url":"https:\/\/www.spottergps.com\/pl\/","name":"Spotter - Polen","description":"GPS tracker dla wszystkiego, co kochasz","potentialAction":[{"@type":"SearchAction","target":{"@type":"EntryPoint","urlTemplate":"https:\/\/www.spottergps.com\/pl\/?s={search_term_string}"},"query-input":{"@type":"PropertyValueSpecification","valueRequired":true,"valueName":"search_term_string"}}],"inLanguage":"pl-PL"}]}},"_links":{"self":[{"href":"https:\/\/www.spottergps.com\/pl\/wp-json\/wp\/v2\/pages\/20832","targetHints":{"allow":["GET"]}}],"collection":[{"href":"https:\/\/www.spottergps.com\/pl\/wp-json\/wp\/v2\/pages"}],"about":[{"href":"https:\/\/www.spottergps.com\/pl\/wp-json\/wp\/v2\/types\/page"}],"author":[{"embeddable":true,"href":"https:\/\/www.spottergps.com\/pl\/wp-json\/wp\/v2\/users\/14"}],"replies":[{"embeddable":true,"href":"https:\/\/www.spottergps.com\/pl\/wp-json\/wp\/v2\/comments?post=20832"}],"version-history":[{"count":15,"href":"https:\/\/www.spottergps.com\/pl\/wp-json\/wp\/v2\/pages\/20832\/revisions"}],"predecessor-version":[{"id":21042,"href":"https:\/\/www.spottergps.com\/pl\/wp-json\/wp\/v2\/pages\/20832\/revisions\/21042"}],"wp:featuredmedia":[{"embeddable":true,"href":"https:\/\/www.spottergps.com\/pl\/wp-json\/wp\/v2\/media\/20833"}],"wp:attachment":[{"href":"https:\/\/www.spottergps.com\/pl\/wp-json\/wp\/v2\/media?parent=20832"}],"wp:term":[{"taxonomy":"category","embeddable":true,"href":"https:\/\/www.spottergps.com\/pl\/wp-json\/wp\/v2\/categories?post=20832"},{"taxonomy":"post_tag","embeddable":true,"href":"https:\/\/www.spottergps.com\/pl\/wp-json\/wp\/v2\/tags?post=20832"}],"curies":[{"name":"wp","href":"https:\/\/api.w.org\/{rel}","templated":true}]}}