{"id":184,"date":"2025-02-03T10:41:17","date_gmt":"2025-02-03T10:41:17","guid":{"rendered":"https:\/\/www.spottergps.com\/pl\/?page_id=184"},"modified":"2026-02-17T14:57:26","modified_gmt":"2026-02-17T14:57:26","slug":"najmniejszy-gps-dla-kota","status":"publish","type":"page","link":"https:\/\/www.spottergps.com\/pl\/najmniejszy-gps-dla-kota\/","title":{"rendered":"Najmniejszy GPS dla kota"},"content":{"rendered":"\n<div class=\"wp-block-columns is-layout-flex wp-container-core-columns-is-layout-9d6595d7 wp-block-columns-is-layout-flex\">\n<div class=\"wp-block-column is-layout-flow wp-block-column-is-layout-flow\" style=\"flex-basis:50%\">\n<h2>Odkryj wszystkie przygody swojego kota z Spotter&#8230;<\/h2>\n<p><br \/>\u015aled\u017a swojego kota online i zobacz, co robi\u0142. Ustaw strefy i odbieraj powiadomienia. Sprawd\u017a, jak aktywny jest tw\u00f3j kot dzi\u0119ki trackerowi aktywno\u015bci. Ten ma\u0142y GPS dla kota jest idealny dla ka\u017cdego mi\u0142o\u015bnika kot\u00f3w.<\/p>\n<ul>\n<li><strong data-start=\"88\" data-end=\"111\">Najmniejszy tracker<\/strong> dla kota, zaledwie <strong data-start=\"131\" data-end=\"149\" data-is-only-node=\"\">4 cm wielko\u015bci<\/strong>.<\/li>\n<li>Zawsze wiesz, gdzie jest <strong data-start=\"178\" data-end=\"190\">tw\u00f3j kot<\/strong> i co robi\u0142.<\/li>\n<li>Lenistwo czy <strong data-start=\"218\" data-end=\"236\">aktywno\u015b\u0107 kota<\/strong>? <strong data-start=\"238\" data-end=\"260\">Tracker aktywno\u015bci<\/strong> to poka\u017ce.<\/li>\n<li><strong data-start=\"274\" data-end=\"289\">Wodoodporny<\/strong>, z czasem czuwania <strong data-start=\"309\" data-end=\"320\">1\u20133 dni<\/strong>.<\/li>\n<li><strong data-start=\"324\" data-end=\"350\">Aplikacja na smartfona<\/strong> i oprogramowanie online.<\/li>\n<li><strong data-start=\"378\" data-end=\"397\">Brak abonamentu<\/strong>, korzystanie na zasadzie prepaid.<\/li>\n<li>Ponad 6<strong data-start=\"440\" data-end=\"463\">0 000 u\u017cytkownik\u00f3w<\/strong> ju\u017c skorzysta\u0142o.<\/li>\n<\/ul>\n<p><a class=\"main-button\" title=\"Direct bestellen!\" href=\"https:\/\/shop.spottergps.com\/pl\/pet-spotter-cat-tracker.html\" target=\"_blank\" rel=\"noopener\">Zobacz nasz lokalizator GPS dla kota<\/a><\/p>\n<\/div>\n\n\n\n<div class=\"wp-block-column is-layout-flow wp-block-column-is-layout-flow\" style=\"flex-basis:50%\">\n<figure class=\"wp-block-image size-full is-resized\"><a href=\"https:\/\/shop.spottergps.com\/pl\/pet-spotter-cat-tracker.html\"><img loading=\"lazy\" decoding=\"async\" width=\"572\" height=\"691\" src=\"https:\/\/www.spottergps.com\/pl\/wp-content\/uploads\/sites\/9\/2025\/02\/obroza-dla-kota-z-gps-spotter.jpg\" alt=\"\" class=\"wp-image-185\" style=\"width:483px;height:auto\" srcset=\"https:\/\/www.spottergps.com\/pl\/wp-content\/uploads\/sites\/9\/2025\/02\/obroza-dla-kota-z-gps-spotter.jpg 572w, https:\/\/www.spottergps.com\/pl\/wp-content\/uploads\/sites\/9\/2025\/02\/obroza-dla-kota-z-gps-spotter-248x300.jpg 248w\" sizes=\"auto, (max-width: 572px) 100vw, 572px\" \/><\/a><\/figure>\n<\/div>\n<\/div>\n\n\n\n<p><\/p>\n","protected":false},"excerpt":{"rendered":"<p>Odkryj wszystkie przygody swojego kota z Spotter&#8230; \u015aled\u017a swojego kota online i zobacz, co robi\u0142. Ustaw strefy i odbieraj powiadomienia. Sprawd\u017a, jak aktywny jest tw\u00f3j kot dzi\u0119ki trackerowi aktywno\u015bci. Ten ma\u0142y GPS dla kota jest idealny dla ka\u017cdego mi\u0142o\u015bnika kot\u00f3w. Najmniejszy tracker dla kota, zaledwie 4 cm wielko\u015bci. Zawsze wiesz, gdzie jest tw\u00f3j kot i [&hellip;]<\/p>\n","protected":false},"author":14,"featured_media":185,"parent":0,"menu_order":0,"comment_status":"closed","ping_status":"closed","template":"","meta":{"_acf_changed":false,"footnotes":""},"categories":[],"tags":[],"class_list":["post-184","page","type-page","status-publish","has-post-thumbnail","hentry"],"acf":[],"yoast_head":"<!-- This site is optimized with the Yoast SEO plugin v25.9 - https:\/\/yoast.com\/wordpress\/plugins\/seo\/ -->\n<title>GPS dla kota - \u015aled\u017a jego przygody, dzie\u0144 i noc! | Spotter\u00ae<\/title>\n<meta name=\"description\" content=\"Najmniejszy GPS dla kota bez abonamentu. \u015aled\u017a przygody kota na smartfonie z monitorowaniem aktywno\u015bci i strefami\" \/>\n<meta name=\"robots\" content=\"index, follow, max-snippet:-1, max-image-preview:large, max-video-preview:-1\" \/>\n<link rel=\"canonical\" href=\"https:\/\/www.spottergps.com\/pl\/najmniejszy-gps-dla-kota\/\" \/>\n<meta property=\"og:locale\" content=\"pl_PL\" \/>\n<meta property=\"og:type\" content=\"article\" \/>\n<meta property=\"og:title\" content=\"GPS dla kota - \u015aled\u017a jego przygody, dzie\u0144 i noc! | Spotter\u00ae\" \/>\n<meta property=\"og:description\" content=\"Najmniejszy GPS dla kota bez abonamentu. \u015aled\u017a przygody kota na smartfonie z monitorowaniem aktywno\u015bci i strefami\" \/>\n<meta property=\"og:url\" content=\"https:\/\/www.spottergps.com\/pl\/najmniejszy-gps-dla-kota\/\" \/>\n<meta property=\"og:site_name\" content=\"Spotter - Polen\" \/>\n<meta property=\"article:modified_time\" content=\"2026-02-17T14:57:26+00:00\" \/>\n<meta property=\"og:image\" content=\"http:\/\/www.spottergps.com\/pl\/wp-content\/uploads\/sites\/9\/2025\/02\/obroza-dla-kota-z-gps-spotter.jpg\" \/>\n\t<meta property=\"og:image:width\" content=\"572\" \/>\n\t<meta property=\"og:image:height\" content=\"691\" \/>\n\t<meta property=\"og:image:type\" content=\"image\/jpeg\" \/>\n<meta name=\"twitter:card\" content=\"summary_large_image\" \/>\n<meta name=\"twitter:label1\" content=\"Szacowany czas czytania\" \/>\n\t<meta name=\"twitter:data1\" content=\"1 minuta\" \/>\n<script type=\"application\/ld+json\" class=\"yoast-schema-graph\">{\"@context\":\"https:\/\/schema.org\",\"@graph\":[{\"@type\":\"WebPage\",\"@id\":\"https:\/\/www.spottergps.com\/pl\/najmniejszy-gps-dla-kota\/\",\"url\":\"https:\/\/www.spottergps.com\/pl\/najmniejszy-gps-dla-kota\/\",\"name\":\"GPS dla kota - \u015aled\u017a jego przygody, dzie\u0144 i noc! | Spotter\u00ae\",\"isPartOf\":{\"@id\":\"https:\/\/www.spottergps.com\/pl\/#website\"},\"primaryImageOfPage\":{\"@id\":\"https:\/\/www.spottergps.com\/pl\/najmniejszy-gps-dla-kota\/#primaryimage\"},\"image\":{\"@id\":\"https:\/\/www.spottergps.com\/pl\/najmniejszy-gps-dla-kota\/#primaryimage\"},\"thumbnailUrl\":\"https:\/\/www.spottergps.com\/pl\/wp-content\/uploads\/sites\/9\/2025\/02\/obroza-dla-kota-z-gps-spotter.jpg\",\"datePublished\":\"2025-02-03T10:41:17+00:00\",\"dateModified\":\"2026-02-17T14:57:26+00:00\",\"description\":\"Najmniejszy GPS dla kota bez abonamentu. \u015aled\u017a przygody kota na smartfonie z monitorowaniem aktywno\u015bci i strefami\",\"breadcrumb\":{\"@id\":\"https:\/\/www.spottergps.com\/pl\/najmniejszy-gps-dla-kota\/#breadcrumb\"},\"inLanguage\":\"pl-PL\",\"potentialAction\":[{\"@type\":\"ReadAction\",\"target\":[\"https:\/\/www.spottergps.com\/pl\/najmniejszy-gps-dla-kota\/\"]}]},{\"@type\":\"ImageObject\",\"inLanguage\":\"pl-PL\",\"@id\":\"https:\/\/www.spottergps.com\/pl\/najmniejszy-gps-dla-kota\/#primaryimage\",\"url\":\"https:\/\/www.spottergps.com\/pl\/wp-content\/uploads\/sites\/9\/2025\/02\/obroza-dla-kota-z-gps-spotter.jpg\",\"contentUrl\":\"https:\/\/www.spottergps.com\/pl\/wp-content\/uploads\/sites\/9\/2025\/02\/obroza-dla-kota-z-gps-spotter.jpg\",\"width\":572,\"height\":691,\"caption\":\"obroza dla kota z gps - spotter\"},{\"@type\":\"BreadcrumbList\",\"@id\":\"https:\/\/www.spottergps.com\/pl\/najmniejszy-gps-dla-kota\/#breadcrumb\",\"itemListElement\":[{\"@type\":\"ListItem\",\"position\":1,\"name\":\"Home\",\"item\":\"https:\/\/www.spottergps.com\/pl\/\"},{\"@type\":\"ListItem\",\"position\":2,\"name\":\"Najmniejszy GPS dla kota\"}]},{\"@type\":\"WebSite\",\"@id\":\"https:\/\/www.spottergps.com\/pl\/#website\",\"url\":\"https:\/\/www.spottergps.com\/pl\/\",\"name\":\"Spotter - Polen\",\"description\":\"GPS tracker dla wszystkiego, co kochasz\",\"potentialAction\":[{\"@type\":\"SearchAction\",\"target\":{\"@type\":\"EntryPoint\",\"urlTemplate\":\"https:\/\/www.spottergps.com\/pl\/?s={search_term_string}\"},\"query-input\":{\"@type\":\"PropertyValueSpecification\",\"valueRequired\":true,\"valueName\":\"search_term_string\"}}],\"inLanguage\":\"pl-PL\"}]}<\/script>\n<!-- \/ Yoast SEO plugin. -->","yoast_head_json":{"title":"GPS dla kota - \u015aled\u017a jego przygody, dzie\u0144 i noc! | Spotter\u00ae","description":"Najmniejszy GPS dla kota bez abonamentu. \u015aled\u017a przygody kota na smartfonie z monitorowaniem aktywno\u015bci i strefami","robots":{"index":"index","follow":"follow","max-snippet":"max-snippet:-1","max-image-preview":"max-image-preview:large","max-video-preview":"max-video-preview:-1"},"canonical":"https:\/\/www.spottergps.com\/pl\/najmniejszy-gps-dla-kota\/","og_locale":"pl_PL","og_type":"article","og_title":"GPS dla kota - \u015aled\u017a jego przygody, dzie\u0144 i noc! | Spotter\u00ae","og_description":"Najmniejszy GPS dla kota bez abonamentu. \u015aled\u017a przygody kota na smartfonie z monitorowaniem aktywno\u015bci i strefami","og_url":"https:\/\/www.spottergps.com\/pl\/najmniejszy-gps-dla-kota\/","og_site_name":"Spotter - Polen","article_modified_time":"2026-02-17T14:57:26+00:00","og_image":[{"width":572,"height":691,"url":"http:\/\/www.spottergps.com\/pl\/wp-content\/uploads\/sites\/9\/2025\/02\/obroza-dla-kota-z-gps-spotter.jpg","type":"image\/jpeg"}],"twitter_card":"summary_large_image","twitter_misc":{"Szacowany czas czytania":"1 minuta"},"schema":{"@context":"https:\/\/schema.org","@graph":[{"@type":"WebPage","@id":"https:\/\/www.spottergps.com\/pl\/najmniejszy-gps-dla-kota\/","url":"https:\/\/www.spottergps.com\/pl\/najmniejszy-gps-dla-kota\/","name":"GPS dla kota - \u015aled\u017a jego przygody, dzie\u0144 i noc! | Spotter\u00ae","isPartOf":{"@id":"https:\/\/www.spottergps.com\/pl\/#website"},"primaryImageOfPage":{"@id":"https:\/\/www.spottergps.com\/pl\/najmniejszy-gps-dla-kota\/#primaryimage"},"image":{"@id":"https:\/\/www.spottergps.com\/pl\/najmniejszy-gps-dla-kota\/#primaryimage"},"thumbnailUrl":"https:\/\/www.spottergps.com\/pl\/wp-content\/uploads\/sites\/9\/2025\/02\/obroza-dla-kota-z-gps-spotter.jpg","datePublished":"2025-02-03T10:41:17+00:00","dateModified":"2026-02-17T14:57:26+00:00","description":"Najmniejszy GPS dla kota bez abonamentu. \u015aled\u017a przygody kota na smartfonie z monitorowaniem aktywno\u015bci i strefami","breadcrumb":{"@id":"https:\/\/www.spottergps.com\/pl\/najmniejszy-gps-dla-kota\/#breadcrumb"},"inLanguage":"pl-PL","potentialAction":[{"@type":"ReadAction","target":["https:\/\/www.spottergps.com\/pl\/najmniejszy-gps-dla-kota\/"]}]},{"@type":"ImageObject","inLanguage":"pl-PL","@id":"https:\/\/www.spottergps.com\/pl\/najmniejszy-gps-dla-kota\/#primaryimage","url":"https:\/\/www.spottergps.com\/pl\/wp-content\/uploads\/sites\/9\/2025\/02\/obroza-dla-kota-z-gps-spotter.jpg","contentUrl":"https:\/\/www.spottergps.com\/pl\/wp-content\/uploads\/sites\/9\/2025\/02\/obroza-dla-kota-z-gps-spotter.jpg","width":572,"height":691,"caption":"obroza dla kota z gps - spotter"},{"@type":"BreadcrumbList","@id":"https:\/\/www.spottergps.com\/pl\/najmniejszy-gps-dla-kota\/#breadcrumb","itemListElement":[{"@type":"ListItem","position":1,"name":"Home","item":"https:\/\/www.spottergps.com\/pl\/"},{"@type":"ListItem","position":2,"name":"Najmniejszy GPS dla kota"}]},{"@type":"WebSite","@id":"https:\/\/www.spottergps.com\/pl\/#website","url":"https:\/\/www.spottergps.com\/pl\/","name":"Spotter - Polen","description":"GPS tracker dla wszystkiego, co kochasz","potentialAction":[{"@type":"SearchAction","target":{"@type":"EntryPoint","urlTemplate":"https:\/\/www.spottergps.com\/pl\/?s={search_term_string}"},"query-input":{"@type":"PropertyValueSpecification","valueRequired":true,"valueName":"search_term_string"}}],"inLanguage":"pl-PL"}]}},"_links":{"self":[{"href":"https:\/\/www.spottergps.com\/pl\/wp-json\/wp\/v2\/pages\/184","targetHints":{"allow":["GET"]}}],"collection":[{"href":"https:\/\/www.spottergps.com\/pl\/wp-json\/wp\/v2\/pages"}],"about":[{"href":"https:\/\/www.spottergps.com\/pl\/wp-json\/wp\/v2\/types\/page"}],"author":[{"embeddable":true,"href":"https:\/\/www.spottergps.com\/pl\/wp-json\/wp\/v2\/users\/14"}],"replies":[{"embeddable":true,"href":"https:\/\/www.spottergps.com\/pl\/wp-json\/wp\/v2\/comments?post=184"}],"version-history":[{"count":33,"href":"https:\/\/www.spottergps.com\/pl\/wp-json\/wp\/v2\/pages\/184\/revisions"}],"predecessor-version":[{"id":21200,"href":"https:\/\/www.spottergps.com\/pl\/wp-json\/wp\/v2\/pages\/184\/revisions\/21200"}],"wp:featuredmedia":[{"embeddable":true,"href":"https:\/\/www.spottergps.com\/pl\/wp-json\/wp\/v2\/media\/185"}],"wp:attachment":[{"href":"https:\/\/www.spottergps.com\/pl\/wp-json\/wp\/v2\/media?parent=184"}],"wp:term":[{"taxonomy":"category","embeddable":true,"href":"https:\/\/www.spottergps.com\/pl\/wp-json\/wp\/v2\/categories?post=184"},{"taxonomy":"post_tag","embeddable":true,"href":"https:\/\/www.spottergps.com\/pl\/wp-json\/wp\/v2\/tags?post=184"}],"curies":[{"name":"wp","href":"https:\/\/api.w.org\/{rel}","templated":true}]}}