{"id":181,"date":"2025-02-03T09:26:23","date_gmt":"2025-02-03T09:26:23","guid":{"rendered":"https:\/\/www.spottergps.com\/pl\/?page_id=181"},"modified":"2026-03-13T15:42:41","modified_gmt":"2026-03-13T15:42:41","slug":"o-spotter","status":"publish","type":"page","link":"https:\/\/www.spottergps.com\/pl\/o-spotter\/","title":{"rendered":"O Spotter"},"content":{"rendered":"\n<div>\n<div class=\"standard-markdown grid-cols-1 grid [&amp;_&gt;_*]:min-w-0 gap-3\">\n<h2 class=\"font-claude-response-body break-words whitespace-normal leading-[1.7]\">Jeste\u015bmy tu dla wszystkiego, co jest Ci drogie&#8230;<\/h2>\n<p>Ka\u017cdy chce mie\u0107 pewno\u015b\u0107 co do tego, co jest dla niego wa\u017cne. Gdzie jest Twoje dziecko? Jak czuje si\u0119 Tw\u00f3j bliski lub klient? Czy Twoje zwierz\u0119 jest bezpieczne? Gdzie jest Tw\u00f3j baga\u017c podczas podr\u00f3\u017cy? Z Spotter masz to wszystko \u0142atwo pod kontrol\u0105 ze swojego smartfona lub komputera. Bez zb\u0119dnych komplikacji, tylko szybkie informacje, kt\u00f3re przynosz\u0105 spok\u00f3j w codziennym \u017cyciu.<\/p>\n<p>\u00a0<\/p>\n<\/div>\n<\/div>\n<div>\n<div class=\"standard-markdown grid-cols-1 grid [&amp;_&gt;_*]:min-w-0 gap-3\">\n<p class=\"font-claude-response-body break-words whitespace-normal leading-[1.7]\">\u00a0<\/p>\n<\/div>\n<\/div>\n\n\n\n<div class=\"wp-block-columns is-layout-flex wp-container-core-columns-is-layout-9d6595d7 wp-block-columns-is-layout-flex\">\n<div class=\"wp-block-column is-layout-flow wp-block-column-is-layout-flow\" style=\"flex-basis:50%\"><div class=\"wp-block-image\">\n<figure class=\"aligncenter size-full is-resized\"><img loading=\"lazy\" decoding=\"async\" width=\"536\" height=\"536\" src=\"https:\/\/www.spottergps.com\/pl\/wp-content\/uploads\/sites\/9\/2026\/03\/GPS-tracker.jpg\" alt=\"\" class=\"wp-image-21339\" style=\"width:268px;height:auto\" srcset=\"https:\/\/www.spottergps.com\/pl\/wp-content\/uploads\/sites\/9\/2026\/03\/GPS-tracker.jpg 536w, https:\/\/www.spottergps.com\/pl\/wp-content\/uploads\/sites\/9\/2026\/03\/GPS-tracker-300x300.jpg 300w, https:\/\/www.spottergps.com\/pl\/wp-content\/uploads\/sites\/9\/2026\/03\/GPS-tracker-150x150.jpg 150w\" sizes=\"auto, (max-width: 536px) 100vw, 536px\" \/><\/figure><\/div><\/div>\n\n\n\n<div class=\"wp-block-column is-layout-flow wp-block-column-is-layout-flow\" style=\"flex-basis:50%\">\n<h2 class=\"font-claude-response-body break-words whitespace-normal leading-[1.7]\"><strong>Nasza wizja<\/strong><\/h2>\n<p class=\"font-claude-response-body break-words whitespace-normal leading-[1.7]\">Nasz\u0105 wizj\u0105 jest uczynienie technologii GPS dost\u0119pn\u0105 dla ka\u017cdego, z niezawodnymi i przyst\u0119pnymi cenowo rozwi\u0105zaniami dla r\u00f3\u017cnych grup odbiorc\u00f3w. Od rodzic\u00f3w i senior\u00f3w po w\u0142a\u015bcicieli zwierz\u0105t. Wszystko jest rozwijane przez nasz w\u0142asny zesp\u00f3\u0142 programistyczny, dzi\u0119ki czemu mamy pe\u0142n\u0105 kontrol\u0119 nad jako\u015bci\u0105, \u0142atwo\u015bci\u0105 obs\u0142ugi i niezawodno\u015bci\u0105. Bez komplikacji, um\u00f3w ani subskrypcji.<\/p>\n<p class=\"font-claude-response-body break-words whitespace-normal leading-[1.7]\">Spotter dzia\u0142a ju\u017c w siedmiu krajach i ma ambicj\u0119, aby by\u0107 rozpoznawan\u0105 jako zaufana marka w ca\u0142ej Europie. W ten spos\u00f3b budujemy technologi\u0119, kt\u00f3ra dzia\u0142a prosto i robi to, co obiecuje, dla wszystkiego, co jest Ci drogie.<\/p>\n<\/div>\n<\/div>\n\n\n\n<div class=\"wp-block-columns is-layout-flex wp-container-core-columns-is-layout-9d6595d7 wp-block-columns-is-layout-flex\">\n<div class=\"wp-block-column is-layout-flow wp-block-column-is-layout-flow\" style=\"flex-basis:50%\">\n<p class=\"font-claude-response-body break-words whitespace-normal leading-[1.7]\"><strong>Dla kogo jeste\u015bmy<\/strong><\/p>\n<p class=\"font-claude-response-body break-words whitespace-normal leading-[1.7]\">Produkty Spotter s\u0105 u\u017cywane przez ponad 60 000 u\u017cytkownik\u00f3w w ca\u0142ej Europie. Nasze lokalizatory GPS i zegarki mo\u017cna znale\u017a\u0107 przede wszystkim u:<\/p>\n<ul class=\"[li_&amp;]:mb-0 [li_&amp;]:mt-1 [li_&amp;]:gap-1 [&amp;:not(:last-child)_ul]:pb-1 [&amp;:not(:last-child)_ol]:pb-1 list-disc flex flex-col gap-1 pl-8 mb-3\">\n<li class=\"whitespace-normal break-words pl-2\"><a href=\"https:\/\/www.spottergps.com\/pl\/zegarek-gps-dla-dzieci-bez-abonamentu\/\"><strong>Rodzic\u00f3w<\/strong><\/a>, kt\u00f3rzy daj\u0105 dzieciom swobod\u0119, maj\u0105c je jednocze\u015bnie na oku;<\/li>\n<li class=\"whitespace-normal break-words pl-2\"><a href=\"https:\/\/www.spottergps.com\/pl\/tracker-gps-dla-seniorow\/\"><strong>Opiekun\u00f3w<\/strong> <\/a>i <a href=\"https:\/\/www.spottergps.com\/pl\/tracker-gps-dla-seniorow\/\"><strong>plac\u00f3wek opieku\u0144czych<\/strong><\/a>, kt\u00f3re chc\u0105 wiedzie\u0107, jak czuje si\u0119 rodzic, cz\u0142onek rodziny lub klient;<\/li>\n<li class=\"whitespace-normal break-words pl-2\"><a href=\"https:\/\/www.spottergps.com\/pl\/najmniejszy-gps-tracker-dla-zwierzat\/\"><strong>W\u0142a\u015bcicieli<\/strong> <strong>zwierz\u0105t<\/strong><\/a>, kt\u00f3rzy chc\u0105 odnale\u017a\u0107 swoje pupile;<\/li>\n<li class=\"whitespace-normal break-words pl-2\"><a href=\"https:\/\/www.spottergps.com\/pl\/lokalizator-gps-do-walizki\/\"><strong>Podr\u00f3\u017cnych<\/strong><\/a>, kt\u00f3rzy chc\u0105 chroni\u0107 swoje cenne przedmioty;<\/li>\n<li class=\"whitespace-normal break-words pl-2\"><strong>Wszystkich<\/strong>, kt\u00f3rzy chc\u0105 \u015bledzi\u0107 lokalizacje w prosty i niezawodny spos\u00f3b.<\/li>\n<\/ul>\n<p class=\"font-claude-response-body break-words whitespace-normal leading-[1.7]\">Niezale\u017cnie od tego, czy chodzi o bezpiecze\u0144stwo, wygod\u0119 czy spok\u00f3j ducha, Spotter odpowiada na prawdziwe potrzeby.<\/p>\n<p>&nbsp;<\/p>\n<\/div>\n\n\n\n<div class=\"wp-block-column is-layout-flow wp-block-column-is-layout-flow\" style=\"flex-basis:50%\"><div class=\"wp-block-image\">\n<figure class=\"aligncenter size-full is-resized\"><img loading=\"lazy\" decoding=\"async\" width=\"358\" height=\"369\" src=\"https:\/\/www.spottergps.com\/pl\/wp-content\/uploads\/sites\/9\/2026\/03\/Schermafbeelding-2026-03-06-092636.png\" alt=\"\" class=\"wp-image-21342\" style=\"width:374px;height:auto\" srcset=\"https:\/\/www.spottergps.com\/pl\/wp-content\/uploads\/sites\/9\/2026\/03\/Schermafbeelding-2026-03-06-092636.png 358w, https:\/\/www.spottergps.com\/pl\/wp-content\/uploads\/sites\/9\/2026\/03\/Schermafbeelding-2026-03-06-092636-291x300.png 291w\" sizes=\"auto, (max-width: 358px) 100vw, 358px\" \/><\/figure><\/div><\/div>\n<\/div>\n\n\n\n<div class=\"wp-block-columns is-layout-flex wp-container-core-columns-is-layout-9d6595d7 wp-block-columns-is-layout-flex\">\n<div class=\"wp-block-column is-layout-flow wp-block-column-is-layout-flow\" style=\"flex-basis:50%\"><div class=\"wp-block-image\">\n<figure class=\"aligncenter size-full is-resized\"><img loading=\"lazy\" decoding=\"async\" width=\"1024\" height=\"961\" src=\"http:\/\/www.spottergps.com\/pl\/wp-content\/uploads\/sites\/9\/2026\/03\/Spotter-No-Subscription-1024x961-1.png\" alt=\"\" class=\"wp-image-21343\" style=\"width:364px;height:auto\" srcset=\"https:\/\/www.spottergps.com\/pl\/wp-content\/uploads\/sites\/9\/2026\/03\/Spotter-No-Subscription-1024x961-1.png 1024w, https:\/\/www.spottergps.com\/pl\/wp-content\/uploads\/sites\/9\/2026\/03\/Spotter-No-Subscription-1024x961-1-300x282.png 300w, https:\/\/www.spottergps.com\/pl\/wp-content\/uploads\/sites\/9\/2026\/03\/Spotter-No-Subscription-1024x961-1-768x721.png 768w\" sizes=\"auto, (max-width: 1024px) 100vw, 1024px\" \/><\/figure><\/div><\/div>\n\n\n\n<div class=\"wp-block-column is-layout-flow wp-block-column-is-layout-flow\" style=\"flex-basis:50%\">\n<h2 class=\"font-claude-response-body break-words whitespace-normal leading-[1.7]\"><strong>Co wyr\u00f3\u017cnia Spotter<\/strong><\/h2>\n<p class=\"font-claude-response-body break-words whitespace-normal leading-[1.7]\">Spotter stawia na prostot\u0119, jako\u015b\u0107 i przyst\u0119pno\u015b\u0107 cenow\u0105. Wida\u0107 to we wszystkim, co robimy:<\/p>\n<ul>\n<li class=\"font-claude-response-body break-words whitespace-normal leading-[1.7]\"><strong>Brak subskrypcji, brak zobowi\u0105za\u0144<\/strong> Korzystasz ze Spotter na podstawie sta\u0142ych koszt\u00f3w u\u017cytkowania bez dalszych zobowi\u0105za\u0144. Gdy okres u\u017cytkowania dobiegnie ko\u0144ca, nie p\u0142acisz nic wi\u0119cej. Oznacza to, \u017ce mo\u017cesz korzysta\u0107 z naszych produkt\u00f3w na przyk\u0142ad przez zaledwie 3 miesi\u0105ce.<\/li>\n<li class=\"font-claude-response-body break-words whitespace-normal leading-[1.7]\"><strong>Gotowy do u\u017cycia od razu<\/strong> Ka\u017cdy Spotter jest dostarczany ze zintegrowan\u0105, bezpieczn\u0105 kart\u0105 SIM do roamingu i jest \u0142atwy w aktywacji. Bez komplikacji.<\/li>\n<li class=\"font-claude-response-body break-words whitespace-normal leading-[1.7]\"><strong>Prosty w obs\u0142udze<\/strong> Nie jest wymagana \u017cadna wiedza techniczna. Pobierz aplikacj\u0119 Spotter, aktywuj sw\u00f3j lokalizator lub zegarek i jeste\u015b po\u0142\u0105czony.<\/li>\n<\/ul>\n<\/div>\n<\/div>\n\n\n\n<div class=\"wp-block-columns is-layout-flex wp-container-core-columns-is-layout-9d6595d7 wp-block-columns-is-layout-flex\">\n<div class=\"wp-block-column is-layout-flow wp-block-column-is-layout-flow\" style=\"flex-basis:50%\">\n<ul>\n<li class=\"font-claude-response-body break-words whitespace-normal leading-[1.7]\"><strong>Zasi\u0119g na ca\u0142ym \u015bwiecie<\/strong> Domy\u015blnie Spotter dzia\u0142a w ca\u0142ej Europie bez dodatkowych koszt\u00f3w. Je\u015bli chcesz \u015bledzenia na ca\u0142ym \u015bwiecie, mo\u017cesz r\u00f3wnie\u017c wybra\u0107 t\u0119 opcj\u0119.<\/li>\n<li class=\"font-claude-response-body break-words whitespace-normal leading-[1.7]\"><strong>GPS i po\u0142\u0105czenia w jednym<\/strong> Mo\u017cesz nie tylko zobaczy\u0107 lokalizacj\u0119, ale tak\u017ce dzwoni\u0107 bezpo\u015brednio przez aplikacj\u0119 za pomoc\u0105 lokalizatora lub zegarka, gdy jest to potrzebne. Lub skorzystaj z wielu innych funkcji.<\/li>\n<li class=\"font-claude-response-body break-words whitespace-normal leading-[1.7]\"><strong>Bezpieczny i niezawodny<\/strong> Nasze produkty spe\u0142niaj\u0105 wszystkie europejskie przepisy bezpiecze\u0144stwa i korzystaj\u0105 z niezawodnych sieci GPS. Zapewnia to bezpieczne i stabilne dzia\u0142anie. Dane i informacje osobiste s\u0105 w pe\u0142ni chronione.<\/li>\n<li class=\"font-claude-response-body break-words whitespace-normal leading-[1.7]\"><strong>Bezp\u0142atna aplikacja i \u015brodowisko internetowe<\/strong> \u015aledzisz wszystko za pomoc\u0105 aplikacji Spotter (iOS, Android) lub przez przegl\u0105dark\u0119.<\/li>\n<\/ul>\n<\/div>\n\n\n\n<div class=\"wp-block-column is-layout-flow wp-block-column-is-layout-flow\" style=\"flex-basis:50%\"><div class=\"wp-block-image\">\n<figure class=\"aligncenter size-full is-resized\"><img loading=\"lazy\" decoding=\"async\" width=\"540\" height=\"348\" src=\"https:\/\/www.spottergps.com\/pl\/wp-content\/uploads\/sites\/9\/2026\/03\/Beste-GPS-kinderhorloge-veilig-Spotter.jpg\" alt=\"\" class=\"wp-image-21344\" style=\"width:493px;height:auto\" srcset=\"https:\/\/www.spottergps.com\/pl\/wp-content\/uploads\/sites\/9\/2026\/03\/Beste-GPS-kinderhorloge-veilig-Spotter.jpg 540w, https:\/\/www.spottergps.com\/pl\/wp-content\/uploads\/sites\/9\/2026\/03\/Beste-GPS-kinderhorloge-veilig-Spotter-300x193.jpg 300w\" sizes=\"auto, (max-width: 540px) 100vw, 540px\" \/><\/figure><\/div><\/div>\n<\/div>\n\n\n\n<p>\u00a0<\/p>\n<h2 class=\"font-claude-response-body break-words whitespace-normal leading-[1.7]\"><strong>Nasza historia<\/strong><\/h2>\n<p class=\"font-claude-response-body break-words whitespace-normal leading-[1.7]\">Marka Spotter powsta\u0142a w 2015 roku w Holandii, za\u0142o\u017cona przez specjalist\u00f3w z wieloletnim do\u015bwiadczeniem w technologii GPS i telekomunikacji. Z tego do\u015bwiadczenia zrodzi\u0142o si\u0119 pragnienie stworzenia rozwi\u0105za\u0144 GPS, kt\u00f3re pozwalaj\u0105 zawsze pozostawa\u0107 w kontakcie z tym, co jest Ci drogie.<\/p>\n<p class=\"font-claude-response-body break-words whitespace-normal leading-[1.7]\">Od samego pocz\u0105tku rozwijamy nasze produkty we w\u0142asnym zakresie. Daje nam to pe\u0142n\u0105 kontrol\u0119 nad jako\u015bci\u0105, bezpiecze\u0144stwem i \u0142atwo\u015bci\u0105 obs\u0142ugi. Pozwala nam to szybko wprowadza\u0107 ulepszenia, s\u0142ucha\u0107 opinii u\u017cytkownik\u00f3w i stale dostosowywa\u0107 nasze rozwi\u0105zania do rzeczywistych potrzeb. Wsp\u00f3\u0142pracujemy r\u00f3wnie\u017c z niezawodnymi partnerami, aby dostarcza\u0107 nasze produkty i us\u0142ugi na najwy\u017cszym poziomie.<\/p>\n<p class=\"font-claude-response-body break-words whitespace-normal leading-[1.7]\">To, co zacz\u0119\u0142o si\u0119 jako holenderska marka, krok po kroku wyros\u0142o na mi\u0119dzynarodowe rozwi\u0105zanie. Nasze produkty s\u0105 obecnie dost\u0119pne mi\u0119dzy innymi w Holandii, Belgii, Francji, Niemczech, W\u0142oszech, Hiszpanii, Polsce i Szwecji, a my stale rozszerzamy nasz\u0105 dost\u0119pno\u015b\u0107. Dzi\u0119ki kilku centrom dystrybucji w Europie zapewniamy szybk\u0105 dostaw\u0119 i obs\u0142ug\u0119, podczas gdy Spotter nadal dynamicznie ro\u015bnie na arenie mi\u0119dzynarodowej.<\/p>\n<p>\u00a0<\/p>\n<h2 class=\"font-claude-response-body break-words whitespace-normal leading-[1.7]\"><strong>Nasz zesp\u00f3\u0142<\/strong><\/h2>\n<p class=\"font-claude-response-body break-words whitespace-normal leading-[1.7]\">Spotter zosta\u0142 zbudowany przez ludzi, kt\u00f3rzy s\u0105 naprawd\u0119 zaanga\u017cowani w swoj\u0105 prac\u0119 i w swoich klient\u00f3w. Z zgranym zespo\u0142em 17 wsp\u00f3\u0142pracownik\u00f3w pracujemy ka\u017cdego dnia nad ulepszaniem naszych produkt\u00f3w GPS i us\u0142ug. W Spotter \u0142\u0105czymy profesjonaln\u0105 skuteczno\u015b\u0107 z kr\u00f3tkimi \u015bcie\u017ckami komunikacji i osobistym kontaktem.<\/p>\n<p>\u00a0<\/p>\n<h2 class=\"font-claude-response-body break-words whitespace-normal leading-[1.7]\"><strong>Pytania lub potrzebujesz porady?<\/strong><\/h2>\n<p class=\"font-claude-response-body break-words whitespace-normal leading-[1.7]\">Chcesz wiedzie\u0107, kt\u00f3ry Spotter najlepiej pasuje do Twojej sytuacji? Lub napotka\u0142e\u015b jaki\u015b problem? Nasz zesp\u00f3\u0142 jest gotowy, aby pomy\u015ble\u0107 razem z Tob\u0105 i pom\u00f3c. Skontaktuj si\u0119 z nami przez <a href=\"https:\/\/www.spottergps.com\/pl\/kontakt\/\">formularz kontaktowy.<\/a><\/p>\n","protected":false},"excerpt":{"rendered":"<p>Jeste\u015bmy tu dla wszystkiego, co jest Ci drogie&#8230; Ka\u017cdy chce mie\u0107 pewno\u015b\u0107 co do tego, co jest dla niego wa\u017cne. Gdzie jest Twoje dziecko? Jak czuje si\u0119 Tw\u00f3j bliski lub klient? Czy Twoje zwierz\u0119 jest bezpieczne? Gdzie jest Tw\u00f3j baga\u017c podczas podr\u00f3\u017cy? Z Spotter masz to wszystko \u0142atwo pod kontrol\u0105 ze swojego smartfona lub komputera. [&hellip;]<\/p>\n","protected":false},"author":14,"featured_media":0,"parent":0,"menu_order":0,"comment_status":"closed","ping_status":"closed","template":"","meta":{"_acf_changed":false,"footnotes":""},"categories":[],"tags":[],"class_list":["post-181","page","type-page","status-publish","hentry"],"acf":[],"yoast_head":"<!-- This site is optimized with the Yoast SEO plugin v25.9 - https:\/\/yoast.com\/wordpress\/plugins\/seo\/ -->\n<title>O Spotter - Spotter - Polen<\/title>\n<meta name=\"robots\" content=\"index, follow, max-snippet:-1, max-image-preview:large, max-video-preview:-1\" \/>\n<link rel=\"canonical\" href=\"https:\/\/www.spottergps.com\/pl\/o-spotter\/\" \/>\n<meta property=\"og:locale\" content=\"pl_PL\" \/>\n<meta property=\"og:type\" content=\"article\" \/>\n<meta property=\"og:title\" content=\"O Spotter - Spotter - Polen\" \/>\n<meta property=\"og:description\" content=\"Jeste\u015bmy tu dla wszystkiego, co jest Ci drogie&#8230; Ka\u017cdy chce mie\u0107 pewno\u015b\u0107 co do tego, co jest dla niego wa\u017cne. Gdzie jest Twoje dziecko? Jak czuje si\u0119 Tw\u00f3j bliski lub klient? Czy Twoje zwierz\u0119 jest bezpieczne? Gdzie jest Tw\u00f3j baga\u017c podczas podr\u00f3\u017cy? Z Spotter masz to wszystko \u0142atwo pod kontrol\u0105 ze swojego smartfona lub komputera. [&hellip;]\" \/>\n<meta property=\"og:url\" content=\"https:\/\/www.spottergps.com\/pl\/o-spotter\/\" \/>\n<meta property=\"og:site_name\" content=\"Spotter - Polen\" \/>\n<meta property=\"article:modified_time\" content=\"2026-03-13T15:42:41+00:00\" \/>\n<meta property=\"og:image\" content=\"https:\/\/www.spottergps.com\/pl\/wp-content\/uploads\/sites\/9\/2026\/03\/GPS-tracker.jpg\" \/>\n\t<meta property=\"og:image:width\" content=\"536\" \/>\n\t<meta property=\"og:image:height\" content=\"536\" \/>\n\t<meta property=\"og:image:type\" content=\"image\/jpeg\" \/>\n<meta name=\"twitter:card\" content=\"summary_large_image\" \/>\n<meta name=\"twitter:label1\" content=\"Szacowany czas czytania\" \/>\n\t<meta name=\"twitter:data1\" content=\"5 minut\" \/>\n<script type=\"application\/ld+json\" class=\"yoast-schema-graph\">{\"@context\":\"https:\/\/schema.org\",\"@graph\":[{\"@type\":\"WebPage\",\"@id\":\"https:\/\/www.spottergps.com\/pl\/o-spotter\/\",\"url\":\"https:\/\/www.spottergps.com\/pl\/o-spotter\/\",\"name\":\"O Spotter - Spotter - Polen\",\"isPartOf\":{\"@id\":\"https:\/\/www.spottergps.com\/pl\/#website\"},\"primaryImageOfPage\":{\"@id\":\"https:\/\/www.spottergps.com\/pl\/o-spotter\/#primaryimage\"},\"image\":{\"@id\":\"https:\/\/www.spottergps.com\/pl\/o-spotter\/#primaryimage\"},\"thumbnailUrl\":\"https:\/\/www.spottergps.com\/pl\/wp-content\/uploads\/sites\/9\/2026\/03\/GPS-tracker.jpg\",\"datePublished\":\"2025-02-03T09:26:23+00:00\",\"dateModified\":\"2026-03-13T15:42:41+00:00\",\"breadcrumb\":{\"@id\":\"https:\/\/www.spottergps.com\/pl\/o-spotter\/#breadcrumb\"},\"inLanguage\":\"pl-PL\",\"potentialAction\":[{\"@type\":\"ReadAction\",\"target\":[\"https:\/\/www.spottergps.com\/pl\/o-spotter\/\"]}]},{\"@type\":\"ImageObject\",\"inLanguage\":\"pl-PL\",\"@id\":\"https:\/\/www.spottergps.com\/pl\/o-spotter\/#primaryimage\",\"url\":\"https:\/\/www.spottergps.com\/pl\/wp-content\/uploads\/sites\/9\/2026\/03\/GPS-tracker.jpg\",\"contentUrl\":\"https:\/\/www.spottergps.com\/pl\/wp-content\/uploads\/sites\/9\/2026\/03\/GPS-tracker.jpg\",\"width\":536,\"height\":536},{\"@type\":\"BreadcrumbList\",\"@id\":\"https:\/\/www.spottergps.com\/pl\/o-spotter\/#breadcrumb\",\"itemListElement\":[{\"@type\":\"ListItem\",\"position\":1,\"name\":\"Home\",\"item\":\"https:\/\/www.spottergps.com\/pl\/\"},{\"@type\":\"ListItem\",\"position\":2,\"name\":\"O Spotter\"}]},{\"@type\":\"WebSite\",\"@id\":\"https:\/\/www.spottergps.com\/pl\/#website\",\"url\":\"https:\/\/www.spottergps.com\/pl\/\",\"name\":\"Spotter - Polen\",\"description\":\"GPS tracker dla wszystkiego, co kochasz\",\"potentialAction\":[{\"@type\":\"SearchAction\",\"target\":{\"@type\":\"EntryPoint\",\"urlTemplate\":\"https:\/\/www.spottergps.com\/pl\/?s={search_term_string}\"},\"query-input\":{\"@type\":\"PropertyValueSpecification\",\"valueRequired\":true,\"valueName\":\"search_term_string\"}}],\"inLanguage\":\"pl-PL\"}]}<\/script>\n<!-- \/ Yoast SEO plugin. -->","yoast_head_json":{"title":"O Spotter - Spotter - Polen","robots":{"index":"index","follow":"follow","max-snippet":"max-snippet:-1","max-image-preview":"max-image-preview:large","max-video-preview":"max-video-preview:-1"},"canonical":"https:\/\/www.spottergps.com\/pl\/o-spotter\/","og_locale":"pl_PL","og_type":"article","og_title":"O Spotter - Spotter - Polen","og_description":"Jeste\u015bmy tu dla wszystkiego, co jest Ci drogie&#8230; Ka\u017cdy chce mie\u0107 pewno\u015b\u0107 co do tego, co jest dla niego wa\u017cne. Gdzie jest Twoje dziecko? Jak czuje si\u0119 Tw\u00f3j bliski lub klient? Czy Twoje zwierz\u0119 jest bezpieczne? Gdzie jest Tw\u00f3j baga\u017c podczas podr\u00f3\u017cy? Z Spotter masz to wszystko \u0142atwo pod kontrol\u0105 ze swojego smartfona lub komputera. [&hellip;]","og_url":"https:\/\/www.spottergps.com\/pl\/o-spotter\/","og_site_name":"Spotter - Polen","article_modified_time":"2026-03-13T15:42:41+00:00","og_image":[{"width":536,"height":536,"url":"https:\/\/www.spottergps.com\/pl\/wp-content\/uploads\/sites\/9\/2026\/03\/GPS-tracker.jpg","type":"image\/jpeg"}],"twitter_card":"summary_large_image","twitter_misc":{"Szacowany czas czytania":"5 minut"},"schema":{"@context":"https:\/\/schema.org","@graph":[{"@type":"WebPage","@id":"https:\/\/www.spottergps.com\/pl\/o-spotter\/","url":"https:\/\/www.spottergps.com\/pl\/o-spotter\/","name":"O Spotter - Spotter - Polen","isPartOf":{"@id":"https:\/\/www.spottergps.com\/pl\/#website"},"primaryImageOfPage":{"@id":"https:\/\/www.spottergps.com\/pl\/o-spotter\/#primaryimage"},"image":{"@id":"https:\/\/www.spottergps.com\/pl\/o-spotter\/#primaryimage"},"thumbnailUrl":"https:\/\/www.spottergps.com\/pl\/wp-content\/uploads\/sites\/9\/2026\/03\/GPS-tracker.jpg","datePublished":"2025-02-03T09:26:23+00:00","dateModified":"2026-03-13T15:42:41+00:00","breadcrumb":{"@id":"https:\/\/www.spottergps.com\/pl\/o-spotter\/#breadcrumb"},"inLanguage":"pl-PL","potentialAction":[{"@type":"ReadAction","target":["https:\/\/www.spottergps.com\/pl\/o-spotter\/"]}]},{"@type":"ImageObject","inLanguage":"pl-PL","@id":"https:\/\/www.spottergps.com\/pl\/o-spotter\/#primaryimage","url":"https:\/\/www.spottergps.com\/pl\/wp-content\/uploads\/sites\/9\/2026\/03\/GPS-tracker.jpg","contentUrl":"https:\/\/www.spottergps.com\/pl\/wp-content\/uploads\/sites\/9\/2026\/03\/GPS-tracker.jpg","width":536,"height":536},{"@type":"BreadcrumbList","@id":"https:\/\/www.spottergps.com\/pl\/o-spotter\/#breadcrumb","itemListElement":[{"@type":"ListItem","position":1,"name":"Home","item":"https:\/\/www.spottergps.com\/pl\/"},{"@type":"ListItem","position":2,"name":"O Spotter"}]},{"@type":"WebSite","@id":"https:\/\/www.spottergps.com\/pl\/#website","url":"https:\/\/www.spottergps.com\/pl\/","name":"Spotter - Polen","description":"GPS tracker dla wszystkiego, co kochasz","potentialAction":[{"@type":"SearchAction","target":{"@type":"EntryPoint","urlTemplate":"https:\/\/www.spottergps.com\/pl\/?s={search_term_string}"},"query-input":{"@type":"PropertyValueSpecification","valueRequired":true,"valueName":"search_term_string"}}],"inLanguage":"pl-PL"}]}},"_links":{"self":[{"href":"https:\/\/www.spottergps.com\/pl\/wp-json\/wp\/v2\/pages\/181","targetHints":{"allow":["GET"]}}],"collection":[{"href":"https:\/\/www.spottergps.com\/pl\/wp-json\/wp\/v2\/pages"}],"about":[{"href":"https:\/\/www.spottergps.com\/pl\/wp-json\/wp\/v2\/types\/page"}],"author":[{"embeddable":true,"href":"https:\/\/www.spottergps.com\/pl\/wp-json\/wp\/v2\/users\/14"}],"replies":[{"embeddable":true,"href":"https:\/\/www.spottergps.com\/pl\/wp-json\/wp\/v2\/comments?post=181"}],"version-history":[{"count":6,"href":"https:\/\/www.spottergps.com\/pl\/wp-json\/wp\/v2\/pages\/181\/revisions"}],"predecessor-version":[{"id":21351,"href":"https:\/\/www.spottergps.com\/pl\/wp-json\/wp\/v2\/pages\/181\/revisions\/21351"}],"wp:attachment":[{"href":"https:\/\/www.spottergps.com\/pl\/wp-json\/wp\/v2\/media?parent=181"}],"wp:term":[{"taxonomy":"category","embeddable":true,"href":"https:\/\/www.spottergps.com\/pl\/wp-json\/wp\/v2\/categories?post=181"},{"taxonomy":"post_tag","embeddable":true,"href":"https:\/\/www.spottergps.com\/pl\/wp-json\/wp\/v2\/tags?post=181"}],"curies":[{"name":"wp","href":"https:\/\/api.w.org\/{rel}","templated":true}]}}