{"id":112,"date":"2025-01-27T10:01:53","date_gmt":"2025-01-27T10:01:53","guid":{"rendered":"https:\/\/www.spottergps.com\/pl\/?page_id=112"},"modified":"2025-04-07T09:08:45","modified_gmt":"2025-04-07T09:08:45","slug":"stawki-za-uzytkowanie","status":"publish","type":"page","link":"https:\/\/www.spottergps.com\/pl\/stawki-za-uzytkowanie\/","title":{"rendered":"Wybierz w\u0142asny okres u\u017cytkowania, bez abonamentu"},"content":{"rendered":"\n<p>Nie jeste\u015b zwi\u0105zany \u017cadnymi umowami ani kosztami subskrypcji. Tracker GPS Spotter dzia\u0142a na zasadzie prepaid. Oznacza to, \u017ce do\u0142adowujesz Spotter, kiedy chcesz z niego korzysta\u0107. Je\u015bli nie korzystasz z urz\u0105dzenia, nie musisz go do\u0142adowywa\u0107. Tanie i elastyczne. <a href=\"https:\/\/www.youtube.com\/embed\/_qZsiQpYYuQ?html5=1\">W tym filmie dok\u0142adnie wyja\u015bniamy, jak to dzia\u0142a<\/a>.<\/p>\n\n\n\n<p><\/p>\n","protected":false},"excerpt":{"rendered":"<p>Nie jeste\u015b zwi\u0105zany \u017cadnymi umowami ani kosztami subskrypcji. Tracker GPS Spotter dzia\u0142a na zasadzie prepaid. Oznacza to, \u017ce do\u0142adowujesz Spotter, kiedy chcesz z niego korzysta\u0107. Je\u015bli nie korzystasz z urz\u0105dzenia, nie musisz go do\u0142adowywa\u0107. Tanie i elastyczne. W tym filmie dok\u0142adnie wyja\u015bniamy, jak to dzia\u0142a.<\/p>\n","protected":false},"author":8,"featured_media":0,"parent":0,"menu_order":0,"comment_status":"closed","ping_status":"closed","template":"","meta":{"_acf_changed":false,"footnotes":""},"categories":[],"tags":[],"class_list":["post-112","page","type-page","status-publish","hentry"],"acf":[],"yoast_head":"<!-- This site is optimized with the Yoast SEO plugin v25.9 - https:\/\/yoast.com\/wordpress\/plugins\/seo\/ -->\n<title>Trackery GPS bez koszt\u00f3w subskrypcji | Spotter<\/title>\n<meta name=\"description\" content=\"Nie jeste\u015b zwi\u0105zany umow\u0105 ani kosztami subskrypcji. Wybierz dogodny okres u\u017cytkowania, bez zobowi\u0105za\u0144. Elastycznie i \u0142atwo.\" \/>\n<meta name=\"robots\" content=\"index, follow, max-snippet:-1, max-image-preview:large, max-video-preview:-1\" \/>\n<link rel=\"canonical\" href=\"https:\/\/www.spottergps.com\/pl\/stawki-za-uzytkowanie\/\" \/>\n<meta property=\"og:locale\" content=\"pl_PL\" \/>\n<meta property=\"og:type\" content=\"article\" \/>\n<meta property=\"og:title\" content=\"Trackery GPS bez koszt\u00f3w subskrypcji | Spotter\" \/>\n<meta property=\"og:description\" content=\"Nie jeste\u015b zwi\u0105zany umow\u0105 ani kosztami subskrypcji. Wybierz dogodny okres u\u017cytkowania, bez zobowi\u0105za\u0144. Elastycznie i \u0142atwo.\" \/>\n<meta property=\"og:url\" content=\"https:\/\/www.spottergps.com\/pl\/stawki-za-uzytkowanie\/\" \/>\n<meta property=\"og:site_name\" content=\"Spotter - Polen\" \/>\n<meta property=\"article:modified_time\" content=\"2025-04-07T09:08:45+00:00\" \/>\n<meta name=\"twitter:card\" content=\"summary_large_image\" \/>\n<meta name=\"twitter:label1\" content=\"Szacowany czas czytania\" \/>\n\t<meta name=\"twitter:data1\" content=\"1 minuta\" \/>\n<script type=\"application\/ld+json\" class=\"yoast-schema-graph\">{\"@context\":\"https:\/\/schema.org\",\"@graph\":[{\"@type\":\"WebPage\",\"@id\":\"https:\/\/www.spottergps.com\/pl\/stawki-za-uzytkowanie\/\",\"url\":\"https:\/\/www.spottergps.com\/pl\/stawki-za-uzytkowanie\/\",\"name\":\"Trackery GPS bez koszt\u00f3w subskrypcji | Spotter\",\"isPartOf\":{\"@id\":\"https:\/\/www.spottergps.com\/pl\/#website\"},\"datePublished\":\"2025-01-27T10:01:53+00:00\",\"dateModified\":\"2025-04-07T09:08:45+00:00\",\"description\":\"Nie jeste\u015b zwi\u0105zany umow\u0105 ani kosztami subskrypcji. Wybierz dogodny okres u\u017cytkowania, bez zobowi\u0105za\u0144. Elastycznie i \u0142atwo.\",\"breadcrumb\":{\"@id\":\"https:\/\/www.spottergps.com\/pl\/stawki-za-uzytkowanie\/#breadcrumb\"},\"inLanguage\":\"pl-PL\",\"potentialAction\":[{\"@type\":\"ReadAction\",\"target\":[\"https:\/\/www.spottergps.com\/pl\/stawki-za-uzytkowanie\/\"]}]},{\"@type\":\"BreadcrumbList\",\"@id\":\"https:\/\/www.spottergps.com\/pl\/stawki-za-uzytkowanie\/#breadcrumb\",\"itemListElement\":[{\"@type\":\"ListItem\",\"position\":1,\"name\":\"Home\",\"item\":\"https:\/\/www.spottergps.com\/pl\/\"},{\"@type\":\"ListItem\",\"position\":2,\"name\":\"Wybierz w\u0142asny okres u\u017cytkowania, bez abonamentu\"}]},{\"@type\":\"WebSite\",\"@id\":\"https:\/\/www.spottergps.com\/pl\/#website\",\"url\":\"https:\/\/www.spottergps.com\/pl\/\",\"name\":\"Spotter - Polen\",\"description\":\"GPS tracker dla wszystkiego, co kochasz\",\"potentialAction\":[{\"@type\":\"SearchAction\",\"target\":{\"@type\":\"EntryPoint\",\"urlTemplate\":\"https:\/\/www.spottergps.com\/pl\/?s={search_term_string}\"},\"query-input\":{\"@type\":\"PropertyValueSpecification\",\"valueRequired\":true,\"valueName\":\"search_term_string\"}}],\"inLanguage\":\"pl-PL\"}]}<\/script>\n<!-- \/ Yoast SEO plugin. -->","yoast_head_json":{"title":"Trackery GPS bez koszt\u00f3w subskrypcji | Spotter","description":"Nie jeste\u015b zwi\u0105zany umow\u0105 ani kosztami subskrypcji. Wybierz dogodny okres u\u017cytkowania, bez zobowi\u0105za\u0144. Elastycznie i \u0142atwo.","robots":{"index":"index","follow":"follow","max-snippet":"max-snippet:-1","max-image-preview":"max-image-preview:large","max-video-preview":"max-video-preview:-1"},"canonical":"https:\/\/www.spottergps.com\/pl\/stawki-za-uzytkowanie\/","og_locale":"pl_PL","og_type":"article","og_title":"Trackery GPS bez koszt\u00f3w subskrypcji | Spotter","og_description":"Nie jeste\u015b zwi\u0105zany umow\u0105 ani kosztami subskrypcji. Wybierz dogodny okres u\u017cytkowania, bez zobowi\u0105za\u0144. Elastycznie i \u0142atwo.","og_url":"https:\/\/www.spottergps.com\/pl\/stawki-za-uzytkowanie\/","og_site_name":"Spotter - Polen","article_modified_time":"2025-04-07T09:08:45+00:00","twitter_card":"summary_large_image","twitter_misc":{"Szacowany czas czytania":"1 minuta"},"schema":{"@context":"https:\/\/schema.org","@graph":[{"@type":"WebPage","@id":"https:\/\/www.spottergps.com\/pl\/stawki-za-uzytkowanie\/","url":"https:\/\/www.spottergps.com\/pl\/stawki-za-uzytkowanie\/","name":"Trackery GPS bez koszt\u00f3w subskrypcji | Spotter","isPartOf":{"@id":"https:\/\/www.spottergps.com\/pl\/#website"},"datePublished":"2025-01-27T10:01:53+00:00","dateModified":"2025-04-07T09:08:45+00:00","description":"Nie jeste\u015b zwi\u0105zany umow\u0105 ani kosztami subskrypcji. Wybierz dogodny okres u\u017cytkowania, bez zobowi\u0105za\u0144. Elastycznie i \u0142atwo.","breadcrumb":{"@id":"https:\/\/www.spottergps.com\/pl\/stawki-za-uzytkowanie\/#breadcrumb"},"inLanguage":"pl-PL","potentialAction":[{"@type":"ReadAction","target":["https:\/\/www.spottergps.com\/pl\/stawki-za-uzytkowanie\/"]}]},{"@type":"BreadcrumbList","@id":"https:\/\/www.spottergps.com\/pl\/stawki-za-uzytkowanie\/#breadcrumb","itemListElement":[{"@type":"ListItem","position":1,"name":"Home","item":"https:\/\/www.spottergps.com\/pl\/"},{"@type":"ListItem","position":2,"name":"Wybierz w\u0142asny okres u\u017cytkowania, bez abonamentu"}]},{"@type":"WebSite","@id":"https:\/\/www.spottergps.com\/pl\/#website","url":"https:\/\/www.spottergps.com\/pl\/","name":"Spotter - Polen","description":"GPS tracker dla wszystkiego, co kochasz","potentialAction":[{"@type":"SearchAction","target":{"@type":"EntryPoint","urlTemplate":"https:\/\/www.spottergps.com\/pl\/?s={search_term_string}"},"query-input":{"@type":"PropertyValueSpecification","valueRequired":true,"valueName":"search_term_string"}}],"inLanguage":"pl-PL"}]}},"_links":{"self":[{"href":"https:\/\/www.spottergps.com\/pl\/wp-json\/wp\/v2\/pages\/112","targetHints":{"allow":["GET"]}}],"collection":[{"href":"https:\/\/www.spottergps.com\/pl\/wp-json\/wp\/v2\/pages"}],"about":[{"href":"https:\/\/www.spottergps.com\/pl\/wp-json\/wp\/v2\/types\/page"}],"author":[{"embeddable":true,"href":"https:\/\/www.spottergps.com\/pl\/wp-json\/wp\/v2\/users\/8"}],"replies":[{"embeddable":true,"href":"https:\/\/www.spottergps.com\/pl\/wp-json\/wp\/v2\/comments?post=112"}],"version-history":[{"count":18,"href":"https:\/\/www.spottergps.com\/pl\/wp-json\/wp\/v2\/pages\/112\/revisions"}],"predecessor-version":[{"id":987,"href":"https:\/\/www.spottergps.com\/pl\/wp-json\/wp\/v2\/pages\/112\/revisions\/987"}],"wp:attachment":[{"href":"https:\/\/www.spottergps.com\/pl\/wp-json\/wp\/v2\/media?parent=112"}],"wp:term":[{"taxonomy":"category","embeddable":true,"href":"https:\/\/www.spottergps.com\/pl\/wp-json\/wp\/v2\/categories?post=112"},{"taxonomy":"post_tag","embeddable":true,"href":"https:\/\/www.spottergps.com\/pl\/wp-json\/wp\/v2\/tags?post=112"}],"curies":[{"name":"wp","href":"https:\/\/api.w.org\/{rel}","templated":true}]}}