{"id":845,"date":"2026-01-16T12:12:02","date_gmt":"2026-01-16T12:12:02","guid":{"rendered":"https:\/\/www.spottergps.com\/it\/?page_id=845"},"modified":"2026-01-16T12:13:07","modified_gmt":"2026-01-16T12:13:07","slug":"ecco-come-attivare-il-tuo-spotter","status":"publish","type":"page","link":"https:\/\/www.spottergps.com\/it\/ecco-come-attivare-il-tuo-spotter\/","title":{"rendered":"Benvenuto! Ecco come attivare il tuo Spotter"},"content":{"rendered":"\n<p data-start=\"0\" data-end=\"122\">In 8 semplici passaggi puoi attivare il tuo Spotter. Vediamoli insieme.<\/p>\n<p data-start=\"0\" data-end=\"122\">\u00a0<\/p>\n\n\n\n<div class=\"wp-block-columns is-layout-flex wp-container-core-columns-is-layout-9d6595d7 wp-block-columns-is-layout-flex\">\n<div class=\"wp-block-column is-layout-flow wp-block-column-is-layout-flow\" style=\"flex-basis:50%\">\n<h2><strong data-start=\"129\" data-end=\"179\">1. Carica completamente lo Spotter per 1\u20132 ore<\/strong><\/h2>\n<p data-start=\"129\" data-end=\"339\">Assicurati di caricare completamente lo Spotter prima di attivarlo, cos\u00ec potrai iniziare subito a usarlo. Nella confezione trovi un cavo USB per la ricarica.<\/p>\n<\/div>\n\n\n\n<div class=\"wp-block-column is-layout-flow wp-block-column-is-layout-flow\" style=\"flex-basis:50%\"><div class=\"wp-block-image\">\n<figure class=\"aligncenter size-full is-resized\"><img loading=\"lazy\" decoding=\"async\" width=\"300\" height=\"289\" src=\"https:\/\/www.spottergps.com\/it\/wp-content\/uploads\/sites\/8\/2026\/01\/opladen-300x289-1.jpg\" alt=\"\" class=\"wp-image-847\" style=\"width:207px;height:auto\" \/><\/figure><\/div><\/div>\n<\/div>\n\n\n\n<div class=\"wp-block-columns is-layout-flex wp-container-core-columns-is-layout-9d6595d7 wp-block-columns-is-layout-flex\">\n<div class=\"wp-block-column is-layout-flow wp-block-column-is-layout-flow\" style=\"flex-basis:50%\">\n<h2><strong data-start=\"346\" data-end=\"374\">2. Scarica l\u2019app Spotter<\/strong><\/h2>\n<p>Scarica gratuitamente l\u2019app Spotter dall\u2019App Store o dal Play Store. Preferisci accedere dal desktop? Vai su <strong data-start=\"486\" data-end=\"507\">my.spottergps.com<\/strong>.<\/p>\n<p><a href=\"https:\/\/apps.apple.com\/nl\/app\/spotter-gps-tracker\/id997370912?l=en-GB\">Spotter \u2013 App Store<\/a><br data-start=\"529\" data-end=\"532\" \/><a href=\"https:\/\/play.google.com\/store\/apps\/details?id=com.spottergps.spotter&amp;pli=1\">Spotter \u2013 Play Store\u00a0 \u00a0<\/a><\/p>\n<\/div>\n\n\n\n<div class=\"wp-block-column is-layout-flow wp-block-column-is-layout-flow\" style=\"flex-basis:50%\"><div class=\"wp-block-image\">\n<figure class=\"aligncenter size-full is-resized\"><img loading=\"lazy\" decoding=\"async\" width=\"300\" height=\"289\" src=\"https:\/\/www.spottergps.com\/it\/wp-content\/uploads\/sites\/8\/2026\/01\/app-300x289-1.jpg\" alt=\"\" class=\"wp-image-849\" style=\"width:229px;height:auto\" \/><\/figure><\/div><\/div>\n<\/div>\n\n\n\n<div class=\"wp-block-columns is-layout-flex wp-container-core-columns-is-layout-9d6595d7 wp-block-columns-is-layout-flex\">\n<div class=\"wp-block-column is-layout-flow wp-block-column-is-layout-flow\" style=\"flex-basis:50%\">\n<h2><strong data-start=\"559\" data-end=\"590\">3. Crea un account e accedi<\/strong><\/h2>\n<p>Apri l\u2019app o il sito web: vedrai la schermata di accesso. Non hai ancora un account? Clicca su <strong data-start=\"688\" data-end=\"715\">\u201cCrea un nuovo account\u201d<\/strong>.<\/p>\n<\/div>\n\n\n\n<div class=\"wp-block-column is-layout-flow wp-block-column-is-layout-flow\" style=\"flex-basis:50%\"><div class=\"wp-block-image\">\n<figure class=\"aligncenter size-full is-resized\"><img loading=\"lazy\" decoding=\"async\" width=\"300\" height=\"289\" src=\"https:\/\/www.spottergps.com\/it\/wp-content\/uploads\/sites\/8\/2026\/01\/account-aanmaken-300x289-1.jpg\" alt=\"\" class=\"wp-image-850\" style=\"width:223px;height:auto\" \/><\/figure><\/div><\/div>\n<\/div>\n\n\n\n<div class=\"wp-block-columns is-layout-flex wp-container-core-columns-is-layout-9d6595d7 wp-block-columns-is-layout-flex\">\n<div class=\"wp-block-column is-layout-flow wp-block-column-is-layout-flow\" style=\"flex-basis:50%\">\n<h2>4. Aggiungi il codice Spotter al tuo account<\/h2>\n<p>Usa il codice di 12 lettere riportato sulla tessera che trovi nella confezione per aggiungere lo Spotter al tuo account.<\/p>\n<p>\u00a0<\/p>\n<\/div>\n\n\n\n<div class=\"wp-block-column is-layout-flow wp-block-column-is-layout-flow\" style=\"flex-basis:50%\"><div class=\"wp-block-image\">\n<figure class=\"aligncenter size-full is-resized\"><img loading=\"lazy\" decoding=\"async\" width=\"300\" height=\"289\" src=\"https:\/\/www.spottergps.com\/it\/wp-content\/uploads\/sites\/8\/2026\/01\/code-300x289-1.jpg\" alt=\"\" class=\"wp-image-852\" style=\"width:229px;height:auto\" \/><\/figure><\/div><\/div>\n<\/div>\n\n\n\n<div class=\"wp-block-columns is-layout-flex wp-container-core-columns-is-layout-9d6595d7 wp-block-columns-is-layout-flex\">\n<div class=\"wp-block-column is-layout-flow wp-block-column-is-layout-flow\" style=\"flex-basis:50%\">\n<h2><strong data-start=\"901\" data-end=\"957\">5. Scegli per quanti mesi vuoi utilizzare lo Spotter<\/strong><\/h2>\n<p data-start=\"901\" data-end=\"1085\">Puoi scegliere tra credito prepagato di 3, 6, 12 o 24 mesi. Maggiori informazioni sul credito prepagato sono <a href=\"https:\/\/www.spottergps.com\/it\/scelga-liberamente-un-periodo-di-utilizzo-senza-alcun-vincolo\/\">disponibili qui.<\/a><\/p>\n<p data-start=\"901\" data-end=\"1085\">\u00a0<\/p>\n<\/div>\n\n\n\n<div class=\"wp-block-column is-layout-flow wp-block-column-is-layout-flow\" style=\"flex-basis:50%\"><div class=\"wp-block-image\">\n<figure class=\"aligncenter size-full is-resized\"><img loading=\"lazy\" decoding=\"async\" width=\"300\" height=\"289\" src=\"https:\/\/www.spottergps.com\/it\/wp-content\/uploads\/sites\/8\/2026\/01\/service-kiezen-300x289-1.jpg\" alt=\"\" class=\"wp-image-853\" style=\"width:258px;height:auto\" \/><\/figure><\/div><\/div>\n<\/div>\n\n\n\n<div class=\"wp-block-columns is-layout-flex wp-container-core-columns-is-layout-9d6595d7 wp-block-columns-is-layout-flex\">\n<div class=\"wp-block-column is-layout-flow wp-block-column-is-layout-flow\" style=\"flex-basis:50%\">\n<h2><strong data-start=\"1092\" data-end=\"1179\">6. Dopo la ricarica completa, tieni premuto il pulsante di accensione per 5 secondi<\/strong><\/h2>\n<p data-start=\"1092\" data-end=\"1304\">Dopo circa 1,5\u20132 ore lo Spotter \u00e8 completamente carico. Accendilo tenendo premuto il pulsante di accensione per 5 secondi.<\/p>\n<p data-start=\"1092\" data-end=\"1304\">\u00a0<\/p>\n<\/div>\n\n\n\n<div class=\"wp-block-column is-layout-flow wp-block-column-is-layout-flow\" style=\"flex-basis:50%\"><div class=\"wp-block-image\">\n<figure class=\"aligncenter size-full is-resized\"><img loading=\"lazy\" decoding=\"async\" width=\"300\" height=\"289\" src=\"https:\/\/www.spottergps.com\/it\/wp-content\/uploads\/sites\/8\/2026\/01\/aanzetten-1-300x289-1.jpg\" alt=\"\" class=\"wp-image-854\" style=\"width:234px;height:auto\" \/><\/figure><\/div><\/div>\n<\/div>\n\n\n\n<div class=\"wp-block-columns is-layout-flex wp-container-core-columns-is-layout-9d6595d7 wp-block-columns-is-layout-flex\">\n<div class=\"wp-block-column is-layout-flow wp-block-column-is-layout-flow\" style=\"flex-basis:50%\">\n<h2>7. Porta lo Spotter all\u2019esterno per 15 minuti per la ricezione GPS e la copertura della rete mobile<\/h2>\n<p data-start=\"1311\" data-end=\"1607\">\u00c8 il momento di usare lo Spotter! Portalo all\u2019esterno per 15 minuti per una ricezione GPS ottimale. La prima volta potrebbe volerci un po\u2019 pi\u00f9 di tempo prima che la posizione venga rilevata.<\/p>\n<p data-start=\"1311\" data-end=\"1607\">\u00a0<\/p>\n<\/div>\n\n\n\n<div class=\"wp-block-column is-layout-flow wp-block-column-is-layout-flow\" style=\"flex-basis:50%\"><div class=\"wp-block-image\">\n<figure class=\"aligncenter size-full is-resized\"><img loading=\"lazy\" decoding=\"async\" width=\"300\" height=\"289\" src=\"https:\/\/www.spottergps.com\/it\/wp-content\/uploads\/sites\/8\/2026\/01\/naar-buiten-300x289-1.jpg\" alt=\"\" class=\"wp-image-855\" style=\"width:275px;height:auto\" \/><\/figure><\/div><\/div>\n<\/div>\n\n\n\n<div class=\"wp-block-columns is-layout-flex wp-container-core-columns-is-layout-9d6595d7 wp-block-columns-is-layout-flex\">\n<div class=\"wp-block-column is-layout-flow wp-block-column-is-layout-flow\" style=\"flex-basis:50%\">\n<h2><strong data-start=\"1614\" data-end=\"1647\">8. Arriva la prima posizione!<\/strong><\/h2>\n<p data-start=\"1614\" data-end=\"1787\">S\u00ec! La prima posizione \u00e8 arrivata. Ora puoi utilizzare lo Spotter al massimo. Ti auguriamo tanto divertimento e praticit\u00e0 con lo Spotter.<\/p>\n<p data-start=\"1614\" data-end=\"1787\">\u00a0<\/p>\n<\/div>\n\n\n\n<div class=\"wp-block-column is-layout-flow wp-block-column-is-layout-flow\" style=\"flex-basis:50%\"><div class=\"wp-block-image\">\n<figure class=\"aligncenter size-full is-resized\"><img loading=\"lazy\" decoding=\"async\" width=\"300\" height=\"289\" src=\"https:\/\/www.spottergps.com\/it\/wp-content\/uploads\/sites\/8\/2026\/01\/locatie-300x289-1.jpg\" alt=\"\" class=\"wp-image-856\" style=\"width:242px;height:auto\" \/><\/figure><\/div><\/div>\n<\/div>\n\n\n\n<div class=\"wp-block-columns is-layout-flex wp-container-core-columns-is-layout-9d6595d7 wp-block-columns-is-layout-flex\">\n<div class=\"wp-block-column is-layout-flow wp-block-column-is-layout-flow\" style=\"flex-basis:50%\">\n<h2>Domande?<\/h2>\n<p data-start=\"1794\" data-end=\"1898\">Consulta il <a href=\"https:\/\/www.spottergps.com\/it\/manuali\/\">manuale del prodotto<\/a> o le FAQ con le domande pi\u00f9 frequenti dei nostri utenti.<\/p>\n<p data-start=\"1794\" data-end=\"1898\">\u00a0<\/p>\n<\/div>\n\n\n\n<div class=\"wp-block-column is-layout-flow wp-block-column-is-layout-flow\" style=\"flex-basis:50%\">\n<div class=\"wp-block-columns is-layout-flex wp-container-core-columns-is-layout-9d6595d7 wp-block-columns-is-layout-flex\">\n<div class=\"wp-block-column is-layout-flow wp-block-column-is-layout-flow\"><\/div>\n\n\n\n<div class=\"wp-block-column is-layout-flow wp-block-column-is-layout-flow\"><\/div>\n<\/div>\n\n\n<div class=\"wp-block-image\">\n<figure class=\"aligncenter size-full is-resized\"><img loading=\"lazy\" decoding=\"async\" width=\"300\" height=\"289\" src=\"https:\/\/www.spottergps.com\/it\/wp-content\/uploads\/sites\/8\/2026\/01\/vragen-300x289-1.jpg\" alt=\"\" class=\"wp-image-857\" style=\"width:261px;height:auto\" \/><\/figure><\/div><\/div>\n<\/div>\n\n\n\n<div class=\"wp-block-columns is-layout-flex wp-container-core-columns-is-layout-9d6595d7 wp-block-columns-is-layout-flex\">\n<div class=\"wp-block-column is-layout-flow wp-block-column-is-layout-flow\" style=\"flex-basis:50%\">\n<h2><strong data-start=\"1900\" data-end=\"1925\">Hai bisogno di aiuto?<\/strong><\/h2>\n<div class=\"flex flex-col text-sm pb-25\">\n<article class=\"text-token-text-primary w-full focus:outline-none [--shadow-height:45px] has-data-writing-block:pointer-events-none has-data-writing-block:-mt-(--shadow-height) has-data-writing-block:pt-(--shadow-height) [&amp;:has([data-writing-block])&gt;*]:pointer-events-auto [content-visibility:auto] supports-[content-visibility:auto]:[contain-intrinsic-size:auto_100lvh] scroll-mt-[calc(var(--header-height)+min(200px,max(70px,20svh)))]\" dir=\"auto\" data-turn-id=\"395cf3fa-ce64-4dba-9b1e-8462c381ad69\" data-testid=\"conversation-turn-2\" data-scroll-anchor=\"true\" data-turn=\"assistant\">\n<div class=\"text-base my-auto mx-auto pb-10 [--thread-content-margin:--spacing(4)] @w-sm\/main:[--thread-content-margin:--spacing(6)] @w-lg\/main:[--thread-content-margin:--spacing(16)] px-(--thread-content-margin)\">\n<div class=\"[--thread-content-max-width:40rem] @w-lg\/main:[--thread-content-max-width:48rem] mx-auto max-w-(--thread-content-max-width) flex-1 group\/turn-messages focus-visible:outline-hidden relative flex w-full min-w-0 flex-col agent-turn\">\n<div class=\"flex max-w-full flex-col grow\">\n<div class=\"min-h-8 text-message relative flex w-full flex-col items-end gap-2 text-start break-words whitespace-normal [.text-message+&amp;]:mt-1\" dir=\"auto\" data-message-author-role=\"assistant\" data-message-id=\"890705e5-c7a0-4827-ac2b-759cd8feef25\" data-message-model-slug=\"gpt-5-2\">\n<div class=\"flex w-full flex-col gap-1 empty:hidden first:pt-[1px]\">\n<div class=\"markdown prose dark:prose-invert w-full break-words dark markdown-new-styling\">\n<p data-start=\"1900\" data-end=\"2041\" data-is-last-node=\"\" data-is-only-node=\"\">Il nostro servizio clienti \u00e8 a tua disposizione. Compila il modulo di <a href=\"https:\/\/www.spottergps.com\/it\/contatti\/\">contatto e ti ricontatteremo<\/a> al pi\u00f9 presto.<\/p>\n<\/div>\n<\/div>\n<\/div>\n<\/div>\n<div class=\"z-0 flex min-h-[46px] justify-start\">\u00a0<\/div>\n<div class=\"mt-3 w-full empty:hidden\">\n<div class=\"text-center\">\u00a0<\/div>\n<\/div>\n<\/div>\n<\/div>\n<\/article>\n<\/div>\n<div class=\"pointer-events-none h-px w-px absolute bottom-0\" aria-hidden=\"true\" data-edge=\"true\">\u00a0<\/div>\n<\/div>\n\n\n\n<div class=\"wp-block-column is-layout-flow wp-block-column-is-layout-flow\" style=\"flex-basis:50%\"><div class=\"wp-block-image\">\n<figure class=\"aligncenter size-full is-resized\"><img loading=\"lazy\" decoding=\"async\" width=\"300\" height=\"289\" src=\"https:\/\/www.spottergps.com\/it\/wp-content\/uploads\/sites\/8\/2026\/01\/help-300x289-1.jpg\" alt=\"\" class=\"wp-image-858\" style=\"width:234px;height:auto\" \/><\/figure><\/div><\/div>\n<\/div>\n","protected":false},"excerpt":{"rendered":"<p>In 8 semplici passaggi puoi attivare il tuo Spotter. Vediamoli insieme. \u00a0 1. Carica completamente lo Spotter per 1\u20132 ore Assicurati di caricare completamente lo Spotter prima di attivarlo, cos\u00ec potrai iniziare subito a usarlo. Nella confezione trovi un cavo USB per la ricarica. 2. Scarica l\u2019app Spotter Scarica gratuitamente l\u2019app Spotter dall\u2019App Store o [&hellip;]<\/p>\n","protected":false},"author":14,"featured_media":0,"parent":0,"menu_order":0,"comment_status":"closed","ping_status":"closed","template":"faq-content.php","meta":{"_acf_changed":false,"footnotes":""},"categories":[],"tags":[],"class_list":["post-845","page","type-page","status-publish","hentry"],"acf":[],"yoast_head":"<!-- This site is optimized with the Yoast SEO plugin v25.9 - https:\/\/yoast.com\/wordpress\/plugins\/seo\/ -->\n<title>Ecco come attivare il tuo Spotter - Spotter<\/title>\n<meta name=\"robots\" content=\"index, follow, max-snippet:-1, max-image-preview:large, max-video-preview:-1\" \/>\n<link rel=\"canonical\" href=\"https:\/\/www.spottergps.com\/it\/ecco-come-attivare-il-tuo-spotter\/\" \/>\n<meta property=\"og:locale\" content=\"it_IT\" \/>\n<meta property=\"og:type\" content=\"article\" \/>\n<meta property=\"og:title\" content=\"Ecco come attivare il tuo Spotter - Spotter\" \/>\n<meta property=\"og:description\" content=\"In 8 semplici passaggi puoi attivare il tuo Spotter. Vediamoli insieme. \u00a0 1. Carica completamente lo Spotter per 1\u20132 ore Assicurati di caricare completamente lo Spotter prima di attivarlo, cos\u00ec potrai iniziare subito a usarlo. Nella confezione trovi un cavo USB per la ricarica. 2. Scarica l\u2019app Spotter Scarica gratuitamente l\u2019app Spotter dall\u2019App Store o [&hellip;]\" \/>\n<meta property=\"og:url\" content=\"https:\/\/www.spottergps.com\/it\/ecco-come-attivare-il-tuo-spotter\/\" \/>\n<meta property=\"og:site_name\" content=\"Spotter Italiano\" \/>\n<meta property=\"article:modified_time\" content=\"2026-01-16T12:13:07+00:00\" \/>\n<meta property=\"og:image\" content=\"https:\/\/www.spottergps.com\/it\/wp-content\/uploads\/sites\/8\/2026\/01\/opladen-300x289-1.jpg\" \/>\n<meta name=\"twitter:card\" content=\"summary_large_image\" \/>\n<meta name=\"twitter:label1\" content=\"Tempo di lettura stimato\" \/>\n\t<meta name=\"twitter:data1\" content=\"4 minuti\" \/>\n<script type=\"application\/ld+json\" class=\"yoast-schema-graph\">{\"@context\":\"https:\/\/schema.org\",\"@graph\":[{\"@type\":\"WebPage\",\"@id\":\"https:\/\/www.spottergps.com\/it\/ecco-come-attivare-il-tuo-spotter\/\",\"url\":\"https:\/\/www.spottergps.com\/it\/ecco-come-attivare-il-tuo-spotter\/\",\"name\":\"Ecco come attivare il tuo Spotter - Spotter\",\"isPartOf\":{\"@id\":\"https:\/\/www.spottergps.com\/it\/#website\"},\"primaryImageOfPage\":{\"@id\":\"https:\/\/www.spottergps.com\/it\/ecco-come-attivare-il-tuo-spotter\/#primaryimage\"},\"image\":{\"@id\":\"https:\/\/www.spottergps.com\/it\/ecco-come-attivare-il-tuo-spotter\/#primaryimage\"},\"thumbnailUrl\":\"https:\/\/www.spottergps.com\/it\/wp-content\/uploads\/sites\/8\/2026\/01\/opladen-300x289-1.jpg\",\"datePublished\":\"2026-01-16T12:12:02+00:00\",\"dateModified\":\"2026-01-16T12:13:07+00:00\",\"breadcrumb\":{\"@id\":\"https:\/\/www.spottergps.com\/it\/ecco-come-attivare-il-tuo-spotter\/#breadcrumb\"},\"inLanguage\":\"it-IT\",\"potentialAction\":[{\"@type\":\"ReadAction\",\"target\":[\"https:\/\/www.spottergps.com\/it\/ecco-come-attivare-il-tuo-spotter\/\"]}]},{\"@type\":\"ImageObject\",\"inLanguage\":\"it-IT\",\"@id\":\"https:\/\/www.spottergps.com\/it\/ecco-come-attivare-il-tuo-spotter\/#primaryimage\",\"url\":\"https:\/\/www.spottergps.com\/it\/wp-content\/uploads\/sites\/8\/2026\/01\/opladen-300x289-1.jpg\",\"contentUrl\":\"https:\/\/www.spottergps.com\/it\/wp-content\/uploads\/sites\/8\/2026\/01\/opladen-300x289-1.jpg\",\"width\":300,\"height\":289},{\"@type\":\"BreadcrumbList\",\"@id\":\"https:\/\/www.spottergps.com\/it\/ecco-come-attivare-il-tuo-spotter\/#breadcrumb\",\"itemListElement\":[{\"@type\":\"ListItem\",\"position\":1,\"name\":\"Home\",\"item\":\"https:\/\/www.spottergps.com\/it\/\"},{\"@type\":\"ListItem\",\"position\":2,\"name\":\"Benvenuto! Ecco come attivare il tuo Spotter\"}]},{\"@type\":\"WebSite\",\"@id\":\"https:\/\/www.spottergps.com\/it\/#website\",\"url\":\"https:\/\/www.spottergps.com\/it\/\",\"name\":\"Spotter Italiano\",\"description\":\"\",\"potentialAction\":[{\"@type\":\"SearchAction\",\"target\":{\"@type\":\"EntryPoint\",\"urlTemplate\":\"https:\/\/www.spottergps.com\/it\/?s={search_term_string}\"},\"query-input\":{\"@type\":\"PropertyValueSpecification\",\"valueRequired\":true,\"valueName\":\"search_term_string\"}}],\"inLanguage\":\"it-IT\"}]}<\/script>\n<!-- \/ Yoast SEO plugin. -->","yoast_head_json":{"title":"Ecco come attivare il tuo Spotter - Spotter","robots":{"index":"index","follow":"follow","max-snippet":"max-snippet:-1","max-image-preview":"max-image-preview:large","max-video-preview":"max-video-preview:-1"},"canonical":"https:\/\/www.spottergps.com\/it\/ecco-come-attivare-il-tuo-spotter\/","og_locale":"it_IT","og_type":"article","og_title":"Ecco come attivare il tuo Spotter - Spotter","og_description":"In 8 semplici passaggi puoi attivare il tuo Spotter. Vediamoli insieme. \u00a0 1. Carica completamente lo Spotter per 1\u20132 ore Assicurati di caricare completamente lo Spotter prima di attivarlo, cos\u00ec potrai iniziare subito a usarlo. Nella confezione trovi un cavo USB per la ricarica. 2. Scarica l\u2019app Spotter Scarica gratuitamente l\u2019app Spotter dall\u2019App Store o [&hellip;]","og_url":"https:\/\/www.spottergps.com\/it\/ecco-come-attivare-il-tuo-spotter\/","og_site_name":"Spotter Italiano","article_modified_time":"2026-01-16T12:13:07+00:00","og_image":[{"url":"https:\/\/www.spottergps.com\/it\/wp-content\/uploads\/sites\/8\/2026\/01\/opladen-300x289-1.jpg","type":"","width":"","height":""}],"twitter_card":"summary_large_image","twitter_misc":{"Tempo di lettura stimato":"4 minuti"},"schema":{"@context":"https:\/\/schema.org","@graph":[{"@type":"WebPage","@id":"https:\/\/www.spottergps.com\/it\/ecco-come-attivare-il-tuo-spotter\/","url":"https:\/\/www.spottergps.com\/it\/ecco-come-attivare-il-tuo-spotter\/","name":"Ecco come attivare il tuo Spotter - Spotter","isPartOf":{"@id":"https:\/\/www.spottergps.com\/it\/#website"},"primaryImageOfPage":{"@id":"https:\/\/www.spottergps.com\/it\/ecco-come-attivare-il-tuo-spotter\/#primaryimage"},"image":{"@id":"https:\/\/www.spottergps.com\/it\/ecco-come-attivare-il-tuo-spotter\/#primaryimage"},"thumbnailUrl":"https:\/\/www.spottergps.com\/it\/wp-content\/uploads\/sites\/8\/2026\/01\/opladen-300x289-1.jpg","datePublished":"2026-01-16T12:12:02+00:00","dateModified":"2026-01-16T12:13:07+00:00","breadcrumb":{"@id":"https:\/\/www.spottergps.com\/it\/ecco-come-attivare-il-tuo-spotter\/#breadcrumb"},"inLanguage":"it-IT","potentialAction":[{"@type":"ReadAction","target":["https:\/\/www.spottergps.com\/it\/ecco-come-attivare-il-tuo-spotter\/"]}]},{"@type":"ImageObject","inLanguage":"it-IT","@id":"https:\/\/www.spottergps.com\/it\/ecco-come-attivare-il-tuo-spotter\/#primaryimage","url":"https:\/\/www.spottergps.com\/it\/wp-content\/uploads\/sites\/8\/2026\/01\/opladen-300x289-1.jpg","contentUrl":"https:\/\/www.spottergps.com\/it\/wp-content\/uploads\/sites\/8\/2026\/01\/opladen-300x289-1.jpg","width":300,"height":289},{"@type":"BreadcrumbList","@id":"https:\/\/www.spottergps.com\/it\/ecco-come-attivare-il-tuo-spotter\/#breadcrumb","itemListElement":[{"@type":"ListItem","position":1,"name":"Home","item":"https:\/\/www.spottergps.com\/it\/"},{"@type":"ListItem","position":2,"name":"Benvenuto! Ecco come attivare il tuo Spotter"}]},{"@type":"WebSite","@id":"https:\/\/www.spottergps.com\/it\/#website","url":"https:\/\/www.spottergps.com\/it\/","name":"Spotter Italiano","description":"","potentialAction":[{"@type":"SearchAction","target":{"@type":"EntryPoint","urlTemplate":"https:\/\/www.spottergps.com\/it\/?s={search_term_string}"},"query-input":{"@type":"PropertyValueSpecification","valueRequired":true,"valueName":"search_term_string"}}],"inLanguage":"it-IT"}]}},"_links":{"self":[{"href":"https:\/\/www.spottergps.com\/it\/wp-json\/wp\/v2\/pages\/845","targetHints":{"allow":["GET"]}}],"collection":[{"href":"https:\/\/www.spottergps.com\/it\/wp-json\/wp\/v2\/pages"}],"about":[{"href":"https:\/\/www.spottergps.com\/it\/wp-json\/wp\/v2\/types\/page"}],"author":[{"embeddable":true,"href":"https:\/\/www.spottergps.com\/it\/wp-json\/wp\/v2\/users\/14"}],"replies":[{"embeddable":true,"href":"https:\/\/www.spottergps.com\/it\/wp-json\/wp\/v2\/comments?post=845"}],"version-history":[{"count":5,"href":"https:\/\/www.spottergps.com\/it\/wp-json\/wp\/v2\/pages\/845\/revisions"}],"predecessor-version":[{"id":860,"href":"https:\/\/www.spottergps.com\/it\/wp-json\/wp\/v2\/pages\/845\/revisions\/860"}],"wp:attachment":[{"href":"https:\/\/www.spottergps.com\/it\/wp-json\/wp\/v2\/media?parent=845"}],"wp:term":[{"taxonomy":"category","embeddable":true,"href":"https:\/\/www.spottergps.com\/it\/wp-json\/wp\/v2\/categories?post=845"},{"taxonomy":"post_tag","embeddable":true,"href":"https:\/\/www.spottergps.com\/it\/wp-json\/wp\/v2\/tags?post=845"}],"curies":[{"name":"wp","href":"https:\/\/api.w.org\/{rel}","templated":true}]}}