{"id":455,"date":"2025-12-16T11:09:16","date_gmt":"2025-12-16T11:09:16","guid":{"rendered":"https:\/\/www.spottergps.com\/it\/?page_id=455"},"modified":"2025-12-16T11:09:17","modified_gmt":"2025-12-16T11:09:17","slug":"osservatore-di-recensioni","status":"publish","type":"page","link":"https:\/\/www.spottergps.com\/it\/osservatore-di-recensioni\/","title":{"rendered":"Osservatore di recensioni"},"content":{"rendered":"\n<p id=\"tw-target-text\" class=\"tw-data-text tw-text-large tw-ta\" dir=\"ltr\" role=\"text\" data-placeholder=\"Translation\" data-ved=\"2ahUKEwjUwuf3tpSRAxWbygIHHZQrK2AQ3ewLegQIChAV\" aria-label=\"Translated text: Naturalmente, ti piacerebbe sapere cosa pensano gli altri clienti dei nostri prodotti. Sulla piattaforma indipendente Kiyoh, puoi leggere centinaia di recensioni di clienti che condividono le loro esperienze con vari prodotti Spotter. Dai nostri localizzatori GPS agli smartwatch, troverai recensioni oneste e affidabili per aiutarti a fare la scelta giusta. I nostri clienti apprezzano la qualit\u00e0, la facilit\u00e0 d'uso e il servizio di Spotter. Dai un'occhiata e scopri cosa Spotter pu\u00f2 fare per te!\"><span class=\"Y2IQFc\" lang=\"it\">Naturalmente, ti piacerebbe sapere cosa pensano gli altri clienti dei nostri prodotti. Sulla piattaforma indipendente Kiyoh, puoi leggere centinaia di recensioni di clienti che condividono le loro esperienze con vari prodotti Spotter. Dai nostri localizzatori GPS agli smartwatch, troverai recensioni oneste e affidabili per aiutarti a fare la scelta giusta. I nostri clienti apprezzano la qualit\u00e0, la facilit\u00e0 d&#8217;uso e il servizio di Spotter. Dai un&#8217;occhiata e scopri cosa Spotter pu\u00f2 fare per te!<\/span><\/p>\n","protected":false},"excerpt":{"rendered":"<p>Naturalmente, ti piacerebbe sapere cosa pensano gli altri clienti dei nostri prodotti. Sulla piattaforma indipendente Kiyoh, puoi leggere centinaia di recensioni di clienti che condividono le loro esperienze con vari prodotti Spotter. Dai nostri localizzatori GPS agli smartwatch, troverai recensioni oneste e affidabili per aiutarti a fare la scelta giusta. I nostri clienti apprezzano la [&hellip;]<\/p>\n","protected":false},"author":14,"featured_media":0,"parent":0,"menu_order":0,"comment_status":"closed","ping_status":"closed","template":"","meta":{"_acf_changed":false,"footnotes":""},"categories":[],"tags":[],"class_list":["post-455","page","type-page","status-publish","hentry"],"acf":[],"yoast_head":"<!-- This site is optimized with the Yoast SEO plugin v25.9 - https:\/\/yoast.com\/wordpress\/plugins\/seo\/ -->\n<title>Osservatore di recensioni - leggi qui cosa pensano i clienti di spotter<\/title>\n<meta name=\"description\" content=\"Curiosi di conoscere le esperienze degli utenti di Spotter? Date un&#039;occhiata a centinaia di recensioni degli utenti. Dalle valutazioni alle esperienze utente dettagliate.\" \/>\n<meta name=\"robots\" content=\"index, follow, max-snippet:-1, max-image-preview:large, max-video-preview:-1\" \/>\n<link rel=\"canonical\" href=\"https:\/\/www.spottergps.com\/it\/osservatore-di-recensioni\/\" \/>\n<meta property=\"og:locale\" content=\"it_IT\" \/>\n<meta property=\"og:type\" content=\"article\" \/>\n<meta property=\"og:title\" content=\"Osservatore di recensioni - leggi qui cosa pensano i clienti di spotter\" \/>\n<meta property=\"og:description\" content=\"Curiosi di conoscere le esperienze degli utenti di Spotter? Date un&#039;occhiata a centinaia di recensioni degli utenti. Dalle valutazioni alle esperienze utente dettagliate.\" \/>\n<meta property=\"og:url\" content=\"https:\/\/www.spottergps.com\/it\/osservatore-di-recensioni\/\" \/>\n<meta property=\"og:site_name\" content=\"Spotter Italiano\" \/>\n<meta property=\"article:modified_time\" content=\"2025-12-16T11:09:17+00:00\" \/>\n<meta name=\"twitter:card\" content=\"summary_large_image\" \/>\n<meta name=\"twitter:label1\" content=\"Tempo di lettura stimato\" \/>\n\t<meta name=\"twitter:data1\" content=\"1 minuto\" \/>\n<script type=\"application\/ld+json\" class=\"yoast-schema-graph\">{\"@context\":\"https:\/\/schema.org\",\"@graph\":[{\"@type\":\"WebPage\",\"@id\":\"https:\/\/www.spottergps.com\/it\/osservatore-di-recensioni\/\",\"url\":\"https:\/\/www.spottergps.com\/it\/osservatore-di-recensioni\/\",\"name\":\"Osservatore di recensioni - leggi qui cosa pensano i clienti di spotter\",\"isPartOf\":{\"@id\":\"https:\/\/www.spottergps.com\/it\/#website\"},\"datePublished\":\"2025-12-16T11:09:16+00:00\",\"dateModified\":\"2025-12-16T11:09:17+00:00\",\"description\":\"Curiosi di conoscere le esperienze degli utenti di Spotter? Date un'occhiata a centinaia di recensioni degli utenti. Dalle valutazioni alle esperienze utente dettagliate.\",\"breadcrumb\":{\"@id\":\"https:\/\/www.spottergps.com\/it\/osservatore-di-recensioni\/#breadcrumb\"},\"inLanguage\":\"it-IT\",\"potentialAction\":[{\"@type\":\"ReadAction\",\"target\":[\"https:\/\/www.spottergps.com\/it\/osservatore-di-recensioni\/\"]}]},{\"@type\":\"BreadcrumbList\",\"@id\":\"https:\/\/www.spottergps.com\/it\/osservatore-di-recensioni\/#breadcrumb\",\"itemListElement\":[{\"@type\":\"ListItem\",\"position\":1,\"name\":\"Home\",\"item\":\"https:\/\/www.spottergps.com\/it\/\"},{\"@type\":\"ListItem\",\"position\":2,\"name\":\"Osservatore di recensioni\"}]},{\"@type\":\"WebSite\",\"@id\":\"https:\/\/www.spottergps.com\/it\/#website\",\"url\":\"https:\/\/www.spottergps.com\/it\/\",\"name\":\"Spotter Italiano\",\"description\":\"\",\"potentialAction\":[{\"@type\":\"SearchAction\",\"target\":{\"@type\":\"EntryPoint\",\"urlTemplate\":\"https:\/\/www.spottergps.com\/it\/?s={search_term_string}\"},\"query-input\":{\"@type\":\"PropertyValueSpecification\",\"valueRequired\":true,\"valueName\":\"search_term_string\"}}],\"inLanguage\":\"it-IT\"}]}<\/script>\n<!-- \/ Yoast SEO plugin. -->","yoast_head_json":{"title":"Osservatore di recensioni - leggi qui cosa pensano i clienti di spotter","description":"Curiosi di conoscere le esperienze degli utenti di Spotter? Date un'occhiata a centinaia di recensioni degli utenti. Dalle valutazioni alle esperienze utente dettagliate.","robots":{"index":"index","follow":"follow","max-snippet":"max-snippet:-1","max-image-preview":"max-image-preview:large","max-video-preview":"max-video-preview:-1"},"canonical":"https:\/\/www.spottergps.com\/it\/osservatore-di-recensioni\/","og_locale":"it_IT","og_type":"article","og_title":"Osservatore di recensioni - leggi qui cosa pensano i clienti di spotter","og_description":"Curiosi di conoscere le esperienze degli utenti di Spotter? Date un'occhiata a centinaia di recensioni degli utenti. Dalle valutazioni alle esperienze utente dettagliate.","og_url":"https:\/\/www.spottergps.com\/it\/osservatore-di-recensioni\/","og_site_name":"Spotter Italiano","article_modified_time":"2025-12-16T11:09:17+00:00","twitter_card":"summary_large_image","twitter_misc":{"Tempo di lettura stimato":"1 minuto"},"schema":{"@context":"https:\/\/schema.org","@graph":[{"@type":"WebPage","@id":"https:\/\/www.spottergps.com\/it\/osservatore-di-recensioni\/","url":"https:\/\/www.spottergps.com\/it\/osservatore-di-recensioni\/","name":"Osservatore di recensioni - leggi qui cosa pensano i clienti di spotter","isPartOf":{"@id":"https:\/\/www.spottergps.com\/it\/#website"},"datePublished":"2025-12-16T11:09:16+00:00","dateModified":"2025-12-16T11:09:17+00:00","description":"Curiosi di conoscere le esperienze degli utenti di Spotter? Date un'occhiata a centinaia di recensioni degli utenti. Dalle valutazioni alle esperienze utente dettagliate.","breadcrumb":{"@id":"https:\/\/www.spottergps.com\/it\/osservatore-di-recensioni\/#breadcrumb"},"inLanguage":"it-IT","potentialAction":[{"@type":"ReadAction","target":["https:\/\/www.spottergps.com\/it\/osservatore-di-recensioni\/"]}]},{"@type":"BreadcrumbList","@id":"https:\/\/www.spottergps.com\/it\/osservatore-di-recensioni\/#breadcrumb","itemListElement":[{"@type":"ListItem","position":1,"name":"Home","item":"https:\/\/www.spottergps.com\/it\/"},{"@type":"ListItem","position":2,"name":"Osservatore di recensioni"}]},{"@type":"WebSite","@id":"https:\/\/www.spottergps.com\/it\/#website","url":"https:\/\/www.spottergps.com\/it\/","name":"Spotter Italiano","description":"","potentialAction":[{"@type":"SearchAction","target":{"@type":"EntryPoint","urlTemplate":"https:\/\/www.spottergps.com\/it\/?s={search_term_string}"},"query-input":{"@type":"PropertyValueSpecification","valueRequired":true,"valueName":"search_term_string"}}],"inLanguage":"it-IT"}]}},"_links":{"self":[{"href":"https:\/\/www.spottergps.com\/it\/wp-json\/wp\/v2\/pages\/455","targetHints":{"allow":["GET"]}}],"collection":[{"href":"https:\/\/www.spottergps.com\/it\/wp-json\/wp\/v2\/pages"}],"about":[{"href":"https:\/\/www.spottergps.com\/it\/wp-json\/wp\/v2\/types\/page"}],"author":[{"embeddable":true,"href":"https:\/\/www.spottergps.com\/it\/wp-json\/wp\/v2\/users\/14"}],"replies":[{"embeddable":true,"href":"https:\/\/www.spottergps.com\/it\/wp-json\/wp\/v2\/comments?post=455"}],"version-history":[{"count":2,"href":"https:\/\/www.spottergps.com\/it\/wp-json\/wp\/v2\/pages\/455\/revisions"}],"predecessor-version":[{"id":520,"href":"https:\/\/www.spottergps.com\/it\/wp-json\/wp\/v2\/pages\/455\/revisions\/520"}],"wp:attachment":[{"href":"https:\/\/www.spottergps.com\/it\/wp-json\/wp\/v2\/media?parent=455"}],"wp:term":[{"taxonomy":"category","embeddable":true,"href":"https:\/\/www.spottergps.com\/it\/wp-json\/wp\/v2\/categories?post=455"},{"taxonomy":"post_tag","embeddable":true,"href":"https:\/\/www.spottergps.com\/it\/wp-json\/wp\/v2\/tags?post=455"}],"curies":[{"name":"wp","href":"https:\/\/api.w.org\/{rel}","templated":true}]}}