{"id":380,"date":"2025-12-09T10:20:40","date_gmt":"2025-12-09T10:20:40","guid":{"rendered":"https:\/\/www.spottergps.com\/it\/?page_id=380"},"modified":"2026-02-23T10:42:24","modified_gmt":"2026-02-23T10:42:24","slug":"localizzatore-gps-mini","status":"publish","type":"page","link":"https:\/\/www.spottergps.com\/it\/localizzatore-gps-mini\/","title":{"rendered":"Il localizzatore GPS mini di Spotter senza abbonamento"},"content":{"rendered":"\n<p>Traccia tutto ci\u00f2 che desidera con il <strong>mini tracker GPS<\/strong> di Spotter. Un localizzatore gps mini facile da portare con s\u00e9, dotato di una batteria interna che pu\u00f2 durare fino a 5 giorni senza ricarica. Oppure posizioni lo Spotter in una valigia, scooter, auto o dove preferisce.<br>Attraverso il software Spotter pu\u00f2 accedere online o tramite app e visualizzare la posizione del Mini gps locator tracker. Oltre al monitoraggio delle posizioni, questo tracker gps mini offre ulteriori funzioni come le chiamate e l\u2019impostazione di zone di sicurezza. \u00c8 inoltre dotato di un pulsante SOS, cos\u00ec chi indossa lo Spotter pu\u00f2 inviare un allarme in caso di emergenza.<\/p>\n\n\n\n<p><\/p>\n","protected":false},"excerpt":{"rendered":"<p>Traccia tutto ci\u00f2 che desidera con il mini tracker GPS di Spotter. Un localizzatore gps mini facile da portare con s\u00e9, dotato di una batteria interna che pu\u00f2 durare fino a 5 giorni senza ricarica. Oppure posizioni lo Spotter in una valigia, scooter, auto o dove preferisce.Attraverso il software Spotter pu\u00f2 accedere online o tramite [&hellip;]<\/p>\n","protected":false},"author":14,"featured_media":0,"parent":0,"menu_order":0,"comment_status":"closed","ping_status":"closed","template":"","meta":{"_acf_changed":false,"footnotes":""},"categories":[],"tags":[],"class_list":["post-380","page","type-page","status-publish","hentry"],"acf":[],"yoast_head":"<!-- This site is optimized with the Yoast SEO plugin v25.9 - https:\/\/yoast.com\/wordpress\/plugins\/seo\/ -->\n<title>Mini GPS Tracker? Compatto, preciso e affidabile | Spotter\u00ae \u2764<\/title>\n<meta name=\"description\" content=\"Hai bisogno di un mini tracker gps? Il tracker gps mini Spotter misura solo 6 cm e pu\u00f2 essere inserito ovunque. Online e tramite app, utilizzo prepagato!\" \/>\n<meta name=\"robots\" content=\"index, follow, max-snippet:-1, max-image-preview:large, max-video-preview:-1\" \/>\n<link rel=\"canonical\" href=\"https:\/\/www.spottergps.com\/it\/localizzatore-gps-mini\/\" \/>\n<meta property=\"og:locale\" content=\"it_IT\" \/>\n<meta property=\"og:type\" content=\"article\" \/>\n<meta property=\"og:title\" content=\"Mini GPS Tracker? Compatto, preciso e affidabile | Spotter\u00ae \u2764\" \/>\n<meta property=\"og:description\" content=\"Hai bisogno di un mini tracker gps? Il tracker gps mini Spotter misura solo 6 cm e pu\u00f2 essere inserito ovunque. Online e tramite app, utilizzo prepagato!\" \/>\n<meta property=\"og:url\" content=\"https:\/\/www.spottergps.com\/it\/localizzatore-gps-mini\/\" \/>\n<meta property=\"og:site_name\" content=\"Spotter Italiano\" \/>\n<meta property=\"article:modified_time\" content=\"2026-02-23T10:42:24+00:00\" \/>\n<meta name=\"twitter:card\" content=\"summary_large_image\" \/>\n<meta name=\"twitter:label1\" content=\"Tempo di lettura stimato\" \/>\n\t<meta name=\"twitter:data1\" content=\"1 minuto\" \/>\n<script type=\"application\/ld+json\" class=\"yoast-schema-graph\">{\"@context\":\"https:\/\/schema.org\",\"@graph\":[{\"@type\":\"WebPage\",\"@id\":\"https:\/\/www.spottergps.com\/it\/localizzatore-gps-mini\/\",\"url\":\"https:\/\/www.spottergps.com\/it\/localizzatore-gps-mini\/\",\"name\":\"Mini GPS Tracker? Compatto, preciso e affidabile | Spotter\u00ae \u2764\",\"isPartOf\":{\"@id\":\"https:\/\/www.spottergps.com\/it\/#website\"},\"datePublished\":\"2025-12-09T10:20:40+00:00\",\"dateModified\":\"2026-02-23T10:42:24+00:00\",\"description\":\"Hai bisogno di un mini tracker gps? Il tracker gps mini Spotter misura solo 6 cm e pu\u00f2 essere inserito ovunque. Online e tramite app, utilizzo prepagato!\",\"breadcrumb\":{\"@id\":\"https:\/\/www.spottergps.com\/it\/localizzatore-gps-mini\/#breadcrumb\"},\"inLanguage\":\"it-IT\",\"potentialAction\":[{\"@type\":\"ReadAction\",\"target\":[\"https:\/\/www.spottergps.com\/it\/localizzatore-gps-mini\/\"]}]},{\"@type\":\"BreadcrumbList\",\"@id\":\"https:\/\/www.spottergps.com\/it\/localizzatore-gps-mini\/#breadcrumb\",\"itemListElement\":[{\"@type\":\"ListItem\",\"position\":1,\"name\":\"Home\",\"item\":\"https:\/\/www.spottergps.com\/it\/\"},{\"@type\":\"ListItem\",\"position\":2,\"name\":\"Il localizzatore GPS mini di Spotter senza abbonamento\"}]},{\"@type\":\"WebSite\",\"@id\":\"https:\/\/www.spottergps.com\/it\/#website\",\"url\":\"https:\/\/www.spottergps.com\/it\/\",\"name\":\"Spotter Italiano\",\"description\":\"\",\"potentialAction\":[{\"@type\":\"SearchAction\",\"target\":{\"@type\":\"EntryPoint\",\"urlTemplate\":\"https:\/\/www.spottergps.com\/it\/?s={search_term_string}\"},\"query-input\":{\"@type\":\"PropertyValueSpecification\",\"valueRequired\":true,\"valueName\":\"search_term_string\"}}],\"inLanguage\":\"it-IT\"}]}<\/script>\n<!-- \/ Yoast SEO plugin. -->","yoast_head_json":{"title":"Mini GPS Tracker? Compatto, preciso e affidabile | Spotter\u00ae \u2764","description":"Hai bisogno di un mini tracker gps? Il tracker gps mini Spotter misura solo 6 cm e pu\u00f2 essere inserito ovunque. Online e tramite app, utilizzo prepagato!","robots":{"index":"index","follow":"follow","max-snippet":"max-snippet:-1","max-image-preview":"max-image-preview:large","max-video-preview":"max-video-preview:-1"},"canonical":"https:\/\/www.spottergps.com\/it\/localizzatore-gps-mini\/","og_locale":"it_IT","og_type":"article","og_title":"Mini GPS Tracker? Compatto, preciso e affidabile | Spotter\u00ae \u2764","og_description":"Hai bisogno di un mini tracker gps? Il tracker gps mini Spotter misura solo 6 cm e pu\u00f2 essere inserito ovunque. Online e tramite app, utilizzo prepagato!","og_url":"https:\/\/www.spottergps.com\/it\/localizzatore-gps-mini\/","og_site_name":"Spotter Italiano","article_modified_time":"2026-02-23T10:42:24+00:00","twitter_card":"summary_large_image","twitter_misc":{"Tempo di lettura stimato":"1 minuto"},"schema":{"@context":"https:\/\/schema.org","@graph":[{"@type":"WebPage","@id":"https:\/\/www.spottergps.com\/it\/localizzatore-gps-mini\/","url":"https:\/\/www.spottergps.com\/it\/localizzatore-gps-mini\/","name":"Mini GPS Tracker? Compatto, preciso e affidabile | Spotter\u00ae \u2764","isPartOf":{"@id":"https:\/\/www.spottergps.com\/it\/#website"},"datePublished":"2025-12-09T10:20:40+00:00","dateModified":"2026-02-23T10:42:24+00:00","description":"Hai bisogno di un mini tracker gps? Il tracker gps mini Spotter misura solo 6 cm e pu\u00f2 essere inserito ovunque. Online e tramite app, utilizzo prepagato!","breadcrumb":{"@id":"https:\/\/www.spottergps.com\/it\/localizzatore-gps-mini\/#breadcrumb"},"inLanguage":"it-IT","potentialAction":[{"@type":"ReadAction","target":["https:\/\/www.spottergps.com\/it\/localizzatore-gps-mini\/"]}]},{"@type":"BreadcrumbList","@id":"https:\/\/www.spottergps.com\/it\/localizzatore-gps-mini\/#breadcrumb","itemListElement":[{"@type":"ListItem","position":1,"name":"Home","item":"https:\/\/www.spottergps.com\/it\/"},{"@type":"ListItem","position":2,"name":"Il localizzatore GPS mini di Spotter senza abbonamento"}]},{"@type":"WebSite","@id":"https:\/\/www.spottergps.com\/it\/#website","url":"https:\/\/www.spottergps.com\/it\/","name":"Spotter Italiano","description":"","potentialAction":[{"@type":"SearchAction","target":{"@type":"EntryPoint","urlTemplate":"https:\/\/www.spottergps.com\/it\/?s={search_term_string}"},"query-input":{"@type":"PropertyValueSpecification","valueRequired":true,"valueName":"search_term_string"}}],"inLanguage":"it-IT"}]}},"_links":{"self":[{"href":"https:\/\/www.spottergps.com\/it\/wp-json\/wp\/v2\/pages\/380","targetHints":{"allow":["GET"]}}],"collection":[{"href":"https:\/\/www.spottergps.com\/it\/wp-json\/wp\/v2\/pages"}],"about":[{"href":"https:\/\/www.spottergps.com\/it\/wp-json\/wp\/v2\/types\/page"}],"author":[{"embeddable":true,"href":"https:\/\/www.spottergps.com\/it\/wp-json\/wp\/v2\/users\/14"}],"replies":[{"embeddable":true,"href":"https:\/\/www.spottergps.com\/it\/wp-json\/wp\/v2\/comments?post=380"}],"version-history":[{"count":15,"href":"https:\/\/www.spottergps.com\/it\/wp-json\/wp\/v2\/pages\/380\/revisions"}],"predecessor-version":[{"id":957,"href":"https:\/\/www.spottergps.com\/it\/wp-json\/wp\/v2\/pages\/380\/revisions\/957"}],"wp:attachment":[{"href":"https:\/\/www.spottergps.com\/it\/wp-json\/wp\/v2\/media?parent=380"}],"wp:term":[{"taxonomy":"category","embeddable":true,"href":"https:\/\/www.spottergps.com\/it\/wp-json\/wp\/v2\/categories?post=380"},{"taxonomy":"post_tag","embeddable":true,"href":"https:\/\/www.spottergps.com\/it\/wp-json\/wp\/v2\/tags?post=380"}],"curies":[{"name":"wp","href":"https:\/\/api.w.org\/{rel}","templated":true}]}}