{"id":334,"date":"2025-12-03T13:43:15","date_gmt":"2025-12-03T13:43:15","guid":{"rendered":"https:\/\/www.spottergps.com\/it\/?page_id=334"},"modified":"2026-01-23T15:39:51","modified_gmt":"2026-01-23T15:39:51","slug":"animali-domestici","status":"publish","type":"page","link":"https:\/\/www.spottergps.com\/it\/animali-domestici\/","title":{"rendered":"Il pi\u00f9 piccolo localizzatore GPS per animali domestici"},"content":{"rendered":"\n<p>Con il Pet Spotter puoi seguire tutte le avventure del tuo piccolo amico. \u00c8 il pi\u00f9 piccolo localizzatore GPS per animali domestici, adatto a gatti e cani. Si fissa facilmente al collare e, tramite l\u2019app Spotter, puoi vedere dove si trova il tuo amico a quattro zampe. Puoi persino controllare quanto \u00e8 attivo grazie al contapassi integrato. \u00c8 anche possibile far suonare un allarme. \u00c8 un gadget divertente per ogni proprietario e allo stesso tempo offre la tranquillit\u00e0 di poter ritrovare il proprio gatto o cane.<\/p>\n\n\n\n<div style=\"height:28px\" aria-hidden=\"true\" class=\"wp-block-spacer\"><\/div>\n\n\n\n<h2 class=\"wp-block-heading has-text-align-center\">Seleziona qui sotto per chi desideri un localizzatore GPS:<\/h2>\n\n\n\n<div class=\"wp-block-columns home-categories is-layout-flex wp-container-core-columns-is-layout-9d6595d7 wp-block-columns-is-layout-flex\">\n<div class=\"wp-block-column is-layout-flow wp-block-column-is-layout-flow\"><\/div>\n\n\n\n<div class=\"wp-block-column is-layout-flow wp-block-column-is-layout-flow\"><div class=\"wp-block-image\">\n<figure class=\"aligncenter size-large\"><a href=\"https:\/\/www.spottergps.com\/it\/gps-per-gatti\/\"><img decoding=\"async\" src=\"https:\/\/www.spottergps.com\/wp-content\/uploads\/2022\/09\/spotter-cats.svg\" alt=\"\" class=\"wp-image-19554\" \/><\/a><\/figure><\/div>\n\n\n<h4 class=\"wp-block-heading has-text-align-center\"><a href=\"https:\/\/www.spottergps.com\/it\/gps-per-gatti\/\">Gatti<\/a><\/h4>\n\n\n\n<p class=\"has-text-align-center\">Speciale per<br>Gatti<\/p>\n<\/div>\n\n\n\n<div class=\"wp-block-column is-layout-flow wp-block-column-is-layout-flow\"><div class=\"wp-block-image\">\n<figure class=\"aligncenter size-large\"><a href=\"https:\/\/www.spottergps.com\/it\/gps-per-cani\/\"><img decoding=\"async\" src=\"https:\/\/www.spottergps.com\/wp-content\/uploads\/2022\/09\/spotter-dogs.svg\" alt=\"\" class=\"wp-image-19555\" \/><\/a><\/figure><\/div>\n\n\n<h4 class=\"wp-block-heading has-text-align-center\"><a href=\"https:\/\/www.spottergps.com\/it\/gps-per-cani\/\">Cani<\/a><\/h4>\n\n\n\n<p class=\"has-text-align-center\">Speciale per<br>Cani<\/p>\n<\/div>\n\n\n\n<div class=\"wp-block-column is-layout-flow wp-block-column-is-layout-flow\"><\/div>\n<\/div>\n\n\n\n<p><\/p>\n","protected":false},"excerpt":{"rendered":"<p>Con il Pet Spotter puoi seguire tutte le avventure del tuo piccolo amico. \u00c8 il pi\u00f9 piccolo localizzatore GPS per animali domestici, adatto a gatti e cani. Si fissa facilmente al collare e, tramite l\u2019app Spotter, puoi vedere dove si trova il tuo amico a quattro zampe. Puoi persino controllare quanto \u00e8 attivo grazie al [&hellip;]<\/p>\n","protected":false},"author":14,"featured_media":0,"parent":0,"menu_order":0,"comment_status":"closed","ping_status":"closed","template":"","meta":{"_acf_changed":false,"footnotes":""},"categories":[],"tags":[],"class_list":["post-334","page","type-page","status-publish","hentry"],"acf":[],"yoast_head":"<!-- This site is optimized with the Yoast SEO plugin v25.9 - https:\/\/yoast.com\/wordpress\/plugins\/seo\/ -->\n<title>Il pi\u00f9 piccolo GPS per animali \u2013 Scopri online dove si trova! \u2764<\/title>\n<meta name=\"description\" content=\"Il pi\u00f9 piccolo localizzatore per animali. Si fissa facilmente al collare e, tramite l\u2019app Spotter, puoi vedere dove si trova il tuo animale domestico.\" \/>\n<meta name=\"robots\" content=\"index, follow, max-snippet:-1, max-image-preview:large, max-video-preview:-1\" \/>\n<link rel=\"canonical\" href=\"https:\/\/www.spottergps.com\/it\/animali-domestici\/\" \/>\n<meta property=\"og:locale\" content=\"it_IT\" \/>\n<meta property=\"og:type\" content=\"article\" \/>\n<meta property=\"og:title\" content=\"Il pi\u00f9 piccolo GPS per animali \u2013 Scopri online dove si trova! \u2764\" \/>\n<meta property=\"og:description\" content=\"Il pi\u00f9 piccolo localizzatore per animali. Si fissa facilmente al collare e, tramite l\u2019app Spotter, puoi vedere dove si trova il tuo animale domestico.\" \/>\n<meta property=\"og:url\" content=\"https:\/\/www.spottergps.com\/it\/animali-domestici\/\" \/>\n<meta property=\"og:site_name\" content=\"Spotter Italiano\" \/>\n<meta property=\"article:modified_time\" content=\"2026-01-23T15:39:51+00:00\" \/>\n<meta property=\"og:image\" content=\"https:\/\/www.spottergps.com\/wp-content\/uploads\/2022\/09\/spotter-cats.svg\" \/>\n<meta name=\"twitter:card\" content=\"summary_large_image\" \/>\n<meta name=\"twitter:label1\" content=\"Tempo di lettura stimato\" \/>\n\t<meta name=\"twitter:data1\" content=\"1 minuto\" \/>\n<script type=\"application\/ld+json\" class=\"yoast-schema-graph\">{\"@context\":\"https:\/\/schema.org\",\"@graph\":[{\"@type\":\"WebPage\",\"@id\":\"https:\/\/www.spottergps.com\/it\/animali-domestici\/\",\"url\":\"https:\/\/www.spottergps.com\/it\/animali-domestici\/\",\"name\":\"Il pi\u00f9 piccolo GPS per animali \u2013 Scopri online dove si trova! \u2764\",\"isPartOf\":{\"@id\":\"https:\/\/www.spottergps.com\/it\/#website\"},\"primaryImageOfPage\":{\"@id\":\"https:\/\/www.spottergps.com\/it\/animali-domestici\/#primaryimage\"},\"image\":{\"@id\":\"https:\/\/www.spottergps.com\/it\/animali-domestici\/#primaryimage\"},\"thumbnailUrl\":\"https:\/\/www.spottergps.com\/wp-content\/uploads\/2022\/09\/spotter-cats.svg\",\"datePublished\":\"2025-12-03T13:43:15+00:00\",\"dateModified\":\"2026-01-23T15:39:51+00:00\",\"description\":\"Il pi\u00f9 piccolo localizzatore per animali. Si fissa facilmente al collare e, tramite l\u2019app Spotter, puoi vedere dove si trova il tuo animale domestico.\",\"breadcrumb\":{\"@id\":\"https:\/\/www.spottergps.com\/it\/animali-domestici\/#breadcrumb\"},\"inLanguage\":\"it-IT\",\"potentialAction\":[{\"@type\":\"ReadAction\",\"target\":[\"https:\/\/www.spottergps.com\/it\/animali-domestici\/\"]}]},{\"@type\":\"ImageObject\",\"inLanguage\":\"it-IT\",\"@id\":\"https:\/\/www.spottergps.com\/it\/animali-domestici\/#primaryimage\",\"url\":\"https:\/\/www.spottergps.com\/wp-content\/uploads\/2022\/09\/spotter-cats.svg\",\"contentUrl\":\"https:\/\/www.spottergps.com\/wp-content\/uploads\/2022\/09\/spotter-cats.svg\"},{\"@type\":\"BreadcrumbList\",\"@id\":\"https:\/\/www.spottergps.com\/it\/animali-domestici\/#breadcrumb\",\"itemListElement\":[{\"@type\":\"ListItem\",\"position\":1,\"name\":\"Home\",\"item\":\"https:\/\/www.spottergps.com\/it\/\"},{\"@type\":\"ListItem\",\"position\":2,\"name\":\"Il pi\u00f9 piccolo localizzatore GPS per animali domestici\"}]},{\"@type\":\"WebSite\",\"@id\":\"https:\/\/www.spottergps.com\/it\/#website\",\"url\":\"https:\/\/www.spottergps.com\/it\/\",\"name\":\"Spotter Italiano\",\"description\":\"\",\"potentialAction\":[{\"@type\":\"SearchAction\",\"target\":{\"@type\":\"EntryPoint\",\"urlTemplate\":\"https:\/\/www.spottergps.com\/it\/?s={search_term_string}\"},\"query-input\":{\"@type\":\"PropertyValueSpecification\",\"valueRequired\":true,\"valueName\":\"search_term_string\"}}],\"inLanguage\":\"it-IT\"}]}<\/script>\n<!-- \/ Yoast SEO plugin. -->","yoast_head_json":{"title":"Il pi\u00f9 piccolo GPS per animali \u2013 Scopri online dove si trova! \u2764","description":"Il pi\u00f9 piccolo localizzatore per animali. Si fissa facilmente al collare e, tramite l\u2019app Spotter, puoi vedere dove si trova il tuo animale domestico.","robots":{"index":"index","follow":"follow","max-snippet":"max-snippet:-1","max-image-preview":"max-image-preview:large","max-video-preview":"max-video-preview:-1"},"canonical":"https:\/\/www.spottergps.com\/it\/animali-domestici\/","og_locale":"it_IT","og_type":"article","og_title":"Il pi\u00f9 piccolo GPS per animali \u2013 Scopri online dove si trova! \u2764","og_description":"Il pi\u00f9 piccolo localizzatore per animali. Si fissa facilmente al collare e, tramite l\u2019app Spotter, puoi vedere dove si trova il tuo animale domestico.","og_url":"https:\/\/www.spottergps.com\/it\/animali-domestici\/","og_site_name":"Spotter Italiano","article_modified_time":"2026-01-23T15:39:51+00:00","og_image":[{"url":"https:\/\/www.spottergps.com\/wp-content\/uploads\/2022\/09\/spotter-cats.svg","type":"","width":"","height":""}],"twitter_card":"summary_large_image","twitter_misc":{"Tempo di lettura stimato":"1 minuto"},"schema":{"@context":"https:\/\/schema.org","@graph":[{"@type":"WebPage","@id":"https:\/\/www.spottergps.com\/it\/animali-domestici\/","url":"https:\/\/www.spottergps.com\/it\/animali-domestici\/","name":"Il pi\u00f9 piccolo GPS per animali \u2013 Scopri online dove si trova! \u2764","isPartOf":{"@id":"https:\/\/www.spottergps.com\/it\/#website"},"primaryImageOfPage":{"@id":"https:\/\/www.spottergps.com\/it\/animali-domestici\/#primaryimage"},"image":{"@id":"https:\/\/www.spottergps.com\/it\/animali-domestici\/#primaryimage"},"thumbnailUrl":"https:\/\/www.spottergps.com\/wp-content\/uploads\/2022\/09\/spotter-cats.svg","datePublished":"2025-12-03T13:43:15+00:00","dateModified":"2026-01-23T15:39:51+00:00","description":"Il pi\u00f9 piccolo localizzatore per animali. Si fissa facilmente al collare e, tramite l\u2019app Spotter, puoi vedere dove si trova il tuo animale domestico.","breadcrumb":{"@id":"https:\/\/www.spottergps.com\/it\/animali-domestici\/#breadcrumb"},"inLanguage":"it-IT","potentialAction":[{"@type":"ReadAction","target":["https:\/\/www.spottergps.com\/it\/animali-domestici\/"]}]},{"@type":"ImageObject","inLanguage":"it-IT","@id":"https:\/\/www.spottergps.com\/it\/animali-domestici\/#primaryimage","url":"https:\/\/www.spottergps.com\/wp-content\/uploads\/2022\/09\/spotter-cats.svg","contentUrl":"https:\/\/www.spottergps.com\/wp-content\/uploads\/2022\/09\/spotter-cats.svg"},{"@type":"BreadcrumbList","@id":"https:\/\/www.spottergps.com\/it\/animali-domestici\/#breadcrumb","itemListElement":[{"@type":"ListItem","position":1,"name":"Home","item":"https:\/\/www.spottergps.com\/it\/"},{"@type":"ListItem","position":2,"name":"Il pi\u00f9 piccolo localizzatore GPS per animali domestici"}]},{"@type":"WebSite","@id":"https:\/\/www.spottergps.com\/it\/#website","url":"https:\/\/www.spottergps.com\/it\/","name":"Spotter Italiano","description":"","potentialAction":[{"@type":"SearchAction","target":{"@type":"EntryPoint","urlTemplate":"https:\/\/www.spottergps.com\/it\/?s={search_term_string}"},"query-input":{"@type":"PropertyValueSpecification","valueRequired":true,"valueName":"search_term_string"}}],"inLanguage":"it-IT"}]}},"_links":{"self":[{"href":"https:\/\/www.spottergps.com\/it\/wp-json\/wp\/v2\/pages\/334","targetHints":{"allow":["GET"]}}],"collection":[{"href":"https:\/\/www.spottergps.com\/it\/wp-json\/wp\/v2\/pages"}],"about":[{"href":"https:\/\/www.spottergps.com\/it\/wp-json\/wp\/v2\/types\/page"}],"author":[{"embeddable":true,"href":"https:\/\/www.spottergps.com\/it\/wp-json\/wp\/v2\/users\/14"}],"replies":[{"embeddable":true,"href":"https:\/\/www.spottergps.com\/it\/wp-json\/wp\/v2\/comments?post=334"}],"version-history":[{"count":14,"href":"https:\/\/www.spottergps.com\/it\/wp-json\/wp\/v2\/pages\/334\/revisions"}],"predecessor-version":[{"id":894,"href":"https:\/\/www.spottergps.com\/it\/wp-json\/wp\/v2\/pages\/334\/revisions\/894"}],"wp:attachment":[{"href":"https:\/\/www.spottergps.com\/it\/wp-json\/wp\/v2\/media?parent=334"}],"wp:term":[{"taxonomy":"category","embeddable":true,"href":"https:\/\/www.spottergps.com\/it\/wp-json\/wp\/v2\/categories?post=334"},{"taxonomy":"post_tag","embeddable":true,"href":"https:\/\/www.spottergps.com\/it\/wp-json\/wp\/v2\/tags?post=334"}],"curies":[{"name":"wp","href":"https:\/\/api.w.org\/{rel}","templated":true}]}}