{"id":232,"date":"2025-11-27T10:48:34","date_gmt":"2025-11-27T10:48:34","guid":{"rendered":"https:\/\/www.spottergps.com\/it\/?page_id=232"},"modified":"2026-01-20T11:28:39","modified_gmt":"2026-01-20T11:28:39","slug":"gps-orologio","status":"publish","type":"page","link":"https:\/\/www.spottergps.com\/it\/gps-orologio\/","title":{"rendered":"L\u2019orologio GPS ideale per bambini e adulti"},"content":{"rendered":"\n<p>Lo Spotter GPS Watch \u00e8 l\u2019orologio GPS ideale per tutto ci\u00f2 che le \u00e8 caro. Grazie al design unico, alle dimensioni ridotte e al peso leggero, \u00e8 un orologio piacevole ed elegante da indossare, adatto sia ai <a href=\"https:\/\/www.spottergps.com\/it\/?page_id=324&amp;preview=true&amp;_thumbnail_id=325\">bambini <\/a>che agli <a href=\"https:\/\/www.spottergps.com\/it\/?page_id=213&amp;preview=true\">anziani<\/a>. Tramite un account online o un\u2019app per smartphone, pu\u00f2 accedere e vedere immediatamente la posizione dell\u2019orologio GPS. Inoltre, lo Spotter GPS Watch offre molte altre funzioni utili, che illustriamo pi\u00f9 dettagliatamente qui sotto.<\/p>\n\n\n\n<p><\/p>\n","protected":false},"excerpt":{"rendered":"<p>Lo Spotter GPS Watch \u00e8 l\u2019orologio GPS ideale per tutto ci\u00f2 che le \u00e8 caro. Grazie al design unico, alle dimensioni ridotte e al peso leggero, \u00e8 un orologio piacevole ed elegante da indossare, adatto sia ai bambini che agli anziani. Tramite un account online o un\u2019app per smartphone, pu\u00f2 accedere e vedere immediatamente la [&hellip;]<\/p>\n","protected":false},"author":14,"featured_media":0,"parent":0,"menu_order":0,"comment_status":"closed","ping_status":"closed","template":"","meta":{"_acf_changed":false,"footnotes":""},"categories":[],"tags":[],"class_list":["post-232","page","type-page","status-publish","hentry"],"acf":[],"yoast_head":"<!-- This site is optimized with the Yoast SEO plugin v25.9 - https:\/\/yoast.com\/wordpress\/plugins\/seo\/ -->\n<title>Orologio GPS per Bambini &amp; Anziani senza abbonamento! | Spotter<\/title>\n<meta name=\"description\" content=\"Orologio GPS per bambini e anziani. Con Spotter vedi la posizione via App. SOS, contapassi, chiamate e altre funzioni.\" \/>\n<meta name=\"robots\" content=\"index, follow, max-snippet:-1, max-image-preview:large, max-video-preview:-1\" \/>\n<link rel=\"canonical\" href=\"https:\/\/www.spottergps.com\/it\/gps-orologio\/\" \/>\n<meta property=\"og:locale\" content=\"it_IT\" \/>\n<meta property=\"og:type\" content=\"article\" \/>\n<meta property=\"og:title\" content=\"Orologio GPS per Bambini &amp; Anziani senza abbonamento! | Spotter\" \/>\n<meta property=\"og:description\" content=\"Orologio GPS per bambini e anziani. Con Spotter vedi la posizione via App. SOS, contapassi, chiamate e altre funzioni.\" \/>\n<meta property=\"og:url\" content=\"https:\/\/www.spottergps.com\/it\/gps-orologio\/\" \/>\n<meta property=\"og:site_name\" content=\"Spotter Italiano\" \/>\n<meta property=\"article:modified_time\" content=\"2026-01-20T11:28:39+00:00\" \/>\n<meta name=\"twitter:card\" content=\"summary_large_image\" \/>\n<meta name=\"twitter:label1\" content=\"Tempo di lettura stimato\" \/>\n\t<meta name=\"twitter:data1\" content=\"1 minuto\" \/>\n<script type=\"application\/ld+json\" class=\"yoast-schema-graph\">{\"@context\":\"https:\/\/schema.org\",\"@graph\":[{\"@type\":\"WebPage\",\"@id\":\"https:\/\/www.spottergps.com\/it\/gps-orologio\/\",\"url\":\"https:\/\/www.spottergps.com\/it\/gps-orologio\/\",\"name\":\"Orologio GPS per Bambini & Anziani senza abbonamento! | Spotter\",\"isPartOf\":{\"@id\":\"https:\/\/www.spottergps.com\/it\/#website\"},\"datePublished\":\"2025-11-27T10:48:34+00:00\",\"dateModified\":\"2026-01-20T11:28:39+00:00\",\"description\":\"Orologio GPS per bambini e anziani. Con Spotter vedi la posizione via App. SOS, contapassi, chiamate e altre funzioni.\",\"breadcrumb\":{\"@id\":\"https:\/\/www.spottergps.com\/it\/gps-orologio\/#breadcrumb\"},\"inLanguage\":\"it-IT\",\"potentialAction\":[{\"@type\":\"ReadAction\",\"target\":[\"https:\/\/www.spottergps.com\/it\/gps-orologio\/\"]}]},{\"@type\":\"BreadcrumbList\",\"@id\":\"https:\/\/www.spottergps.com\/it\/gps-orologio\/#breadcrumb\",\"itemListElement\":[{\"@type\":\"ListItem\",\"position\":1,\"name\":\"Home\",\"item\":\"https:\/\/www.spottergps.com\/it\/\"},{\"@type\":\"ListItem\",\"position\":2,\"name\":\"L\u2019orologio GPS ideale per bambini e adulti\"}]},{\"@type\":\"WebSite\",\"@id\":\"https:\/\/www.spottergps.com\/it\/#website\",\"url\":\"https:\/\/www.spottergps.com\/it\/\",\"name\":\"Spotter Italiano\",\"description\":\"\",\"potentialAction\":[{\"@type\":\"SearchAction\",\"target\":{\"@type\":\"EntryPoint\",\"urlTemplate\":\"https:\/\/www.spottergps.com\/it\/?s={search_term_string}\"},\"query-input\":{\"@type\":\"PropertyValueSpecification\",\"valueRequired\":true,\"valueName\":\"search_term_string\"}}],\"inLanguage\":\"it-IT\"}]}<\/script>\n<!-- \/ Yoast SEO plugin. -->","yoast_head_json":{"title":"Orologio GPS per Bambini & Anziani senza abbonamento! | Spotter","description":"Orologio GPS per bambini e anziani. Con Spotter vedi la posizione via App. SOS, contapassi, chiamate e altre funzioni.","robots":{"index":"index","follow":"follow","max-snippet":"max-snippet:-1","max-image-preview":"max-image-preview:large","max-video-preview":"max-video-preview:-1"},"canonical":"https:\/\/www.spottergps.com\/it\/gps-orologio\/","og_locale":"it_IT","og_type":"article","og_title":"Orologio GPS per Bambini & Anziani senza abbonamento! | Spotter","og_description":"Orologio GPS per bambini e anziani. Con Spotter vedi la posizione via App. SOS, contapassi, chiamate e altre funzioni.","og_url":"https:\/\/www.spottergps.com\/it\/gps-orologio\/","og_site_name":"Spotter Italiano","article_modified_time":"2026-01-20T11:28:39+00:00","twitter_card":"summary_large_image","twitter_misc":{"Tempo di lettura stimato":"1 minuto"},"schema":{"@context":"https:\/\/schema.org","@graph":[{"@type":"WebPage","@id":"https:\/\/www.spottergps.com\/it\/gps-orologio\/","url":"https:\/\/www.spottergps.com\/it\/gps-orologio\/","name":"Orologio GPS per Bambini & Anziani senza abbonamento! | Spotter","isPartOf":{"@id":"https:\/\/www.spottergps.com\/it\/#website"},"datePublished":"2025-11-27T10:48:34+00:00","dateModified":"2026-01-20T11:28:39+00:00","description":"Orologio GPS per bambini e anziani. Con Spotter vedi la posizione via App. SOS, contapassi, chiamate e altre funzioni.","breadcrumb":{"@id":"https:\/\/www.spottergps.com\/it\/gps-orologio\/#breadcrumb"},"inLanguage":"it-IT","potentialAction":[{"@type":"ReadAction","target":["https:\/\/www.spottergps.com\/it\/gps-orologio\/"]}]},{"@type":"BreadcrumbList","@id":"https:\/\/www.spottergps.com\/it\/gps-orologio\/#breadcrumb","itemListElement":[{"@type":"ListItem","position":1,"name":"Home","item":"https:\/\/www.spottergps.com\/it\/"},{"@type":"ListItem","position":2,"name":"L\u2019orologio GPS ideale per bambini e adulti"}]},{"@type":"WebSite","@id":"https:\/\/www.spottergps.com\/it\/#website","url":"https:\/\/www.spottergps.com\/it\/","name":"Spotter Italiano","description":"","potentialAction":[{"@type":"SearchAction","target":{"@type":"EntryPoint","urlTemplate":"https:\/\/www.spottergps.com\/it\/?s={search_term_string}"},"query-input":{"@type":"PropertyValueSpecification","valueRequired":true,"valueName":"search_term_string"}}],"inLanguage":"it-IT"}]}},"_links":{"self":[{"href":"https:\/\/www.spottergps.com\/it\/wp-json\/wp\/v2\/pages\/232","targetHints":{"allow":["GET"]}}],"collection":[{"href":"https:\/\/www.spottergps.com\/it\/wp-json\/wp\/v2\/pages"}],"about":[{"href":"https:\/\/www.spottergps.com\/it\/wp-json\/wp\/v2\/types\/page"}],"author":[{"embeddable":true,"href":"https:\/\/www.spottergps.com\/it\/wp-json\/wp\/v2\/users\/14"}],"replies":[{"embeddable":true,"href":"https:\/\/www.spottergps.com\/it\/wp-json\/wp\/v2\/comments?post=232"}],"version-history":[{"count":21,"href":"https:\/\/www.spottergps.com\/it\/wp-json\/wp\/v2\/pages\/232\/revisions"}],"predecessor-version":[{"id":711,"href":"https:\/\/www.spottergps.com\/it\/wp-json\/wp\/v2\/pages\/232\/revisions\/711"}],"wp:attachment":[{"href":"https:\/\/www.spottergps.com\/it\/wp-json\/wp\/v2\/media?parent=232"}],"wp:term":[{"taxonomy":"category","embeddable":true,"href":"https:\/\/www.spottergps.com\/it\/wp-json\/wp\/v2\/categories?post=232"},{"taxonomy":"post_tag","embeddable":true,"href":"https:\/\/www.spottergps.com\/it\/wp-json\/wp\/v2\/tags?post=232"}],"curies":[{"name":"wp","href":"https:\/\/api.w.org\/{rel}","templated":true}]}}