{"id":2,"date":"2023-03-27T09:32:03","date_gmt":"2023-03-27T09:32:03","guid":{"rendered":"https:\/\/www.spottergps.com\/it\/?page_id=2"},"modified":"2026-01-30T08:19:33","modified_gmt":"2026-01-30T08:19:33","slug":"voorbeeld-pagina","status":"publish","type":"page","link":"https:\/\/www.spottergps.com\/it\/","title":{"rendered":"Spotter\u00ae GPS tracker per tutto ci\u00f2 che ti sta a cuore"},"content":{"rendered":"\n<p class=\"has-text-align-center home-content-text\">Niente pi\u00f9 ricerche, frustrazioni e preoccupazioni. D&#8217;ora in poi saprai esattamente dove si trova qualcosa o qualcuno. In questo modo avrai pi\u00f9 libert\u00e0 e potrai stare tranquillo. Pi\u00f9 di 35.000 utenti ti hanno gi\u00e0 preceduto.<\/p>\n\n\n\n<h2 class=\"wp-block-heading has-text-align-center\">Per chi vuoi essere uno Spotter?<\/h2>\n\n\n\n<div style=\"height:40px\" aria-hidden=\"true\" class=\"wp-block-spacer\"><\/div>\n\n\n\n<div class=\"wp-block-columns  home-categories is-layout-flex wp-container-core-columns-is-layout-9d6595d7 wp-block-columns-is-layout-flex\">\n<div class=\"wp-block-column is-layout-flow wp-block-column-is-layout-flow\">\n<div class=\"wp-block-columns is-layout-flex wp-container-core-columns-is-layout-9d6595d7 wp-block-columns-is-layout-flex\">\n<div class=\"wp-block-column is-layout-flow wp-block-column-is-layout-flow\"><div class=\"wp-block-image\">\n<figure class=\"aligncenter size-large\"><a href=\"https:\/\/www.spottergps.com\/it\/orologio-gps-bambini\/\"><img decoding=\"async\" src=\"https:\/\/www.spottergps.com\/wp-content\/uploads\/2022\/12\/GPS-tracker-kind-Spotter.svg\" alt=\"Kinderen\" class=\"wp-image-19851\" \/><\/a><\/figure><\/div>\n\n\n<h4 class=\"wp-block-heading has-text-align-center\"><a href=\"https:\/\/www.spottergps.com\/it\/orologio-gps-bambini\/\">Bambini<\/a><\/h4>\n\n\n\n<p class=\"has-text-align-center\">Rimani sempre in contatto con tuo figlio mentre gioca all&#8217;aperto o \u00e8 in vacanza.<\/p>\n<\/div>\n\n\n\n<div class=\"wp-block-column is-layout-flow wp-block-column-is-layout-flow\"><div class=\"wp-block-image\">\n<figure class=\"aligncenter size-large\"><a href=\"https:\/\/www.spottergps.com\/it\/orlogio-sos-anziani-senza-abbonamento\/\"><img decoding=\"async\" src=\"https:\/\/www.spottergps.com\/wp-content\/uploads\/2022\/12\/senioren-GPS-tracker-Spotter.svg\" alt=\"Senioren\" class=\"wp-image-19853\" \/><\/a><\/figure><\/div>\n\n\n<h4 class=\"wp-block-heading has-text-align-center\"><a href=\"https:\/\/www.spottergps.com\/it\/orlogio-sos-anziani-senza-abbonamento\/\" target=\"_blank\" rel=\"noreferrer noopener\">Anziani<\/a><\/h4>\n\n\n\n<p class=\"has-text-align-center\">In viaggio da soli in tutta tranquillit\u00e0.<\/p>\n<\/div>\n<\/div>\n<\/div>\n\n\n\n<div class=\"wp-block-column is-layout-flow wp-block-column-is-layout-flow\">\n<div class=\"wp-block-columns is-layout-flex wp-container-core-columns-is-layout-9d6595d7 wp-block-columns-is-layout-flex\">\n<div class=\"wp-block-column is-layout-flow wp-block-column-is-layout-flow\"><div class=\"wp-block-image\">\n<figure class=\"aligncenter size-large\"><a href=\"https:\/\/www.spottergps.com\/it\/animali-domestici\/\"><img decoding=\"async\" src=\"https:\/\/www.spottergps.com\/wp-content\/uploads\/2022\/12\/GPS-tracker-huisdieren.svg\" alt=\"Huisdieren\" class=\"wp-image-19854\" \/><\/a><\/figure><\/div>\n\n\n<h4 class=\"wp-block-heading has-text-align-center\"><a href=\"https:\/\/www.spottergps.com\/it\/animali-domestici\/\">Animali Domestici<\/a><\/h4>\n\n\n\n<p class=\"has-text-align-center\">Ontdek de avonturen van je kleine vriend.<\/p>\n<\/div>\n\n\n\n<div class=\"wp-block-column is-layout-flow wp-block-column-is-layout-flow\"><div class=\"wp-block-image is-style-default\">\n<figure class=\"aligncenter size-large\"><a href=\"https:\/\/www.spottergps.com\/it\/gps-per-valigia\/\"><img decoding=\"async\" src=\"https:\/\/www.spottergps.com\/wp-content\/uploads\/2022\/12\/GPS-tracker-koffer.svg\" alt=\"Spullen\" class=\"wp-image-19855\" \/><\/a><\/figure><\/div>\n\n\n<h4 class=\"wp-block-heading has-text-align-center\"><a href=\"https:\/\/www.spottergps.com\/it\/gps-per-valigia\/\">Oggetti<\/a><\/h4>\n\n\n\n<p class=\"has-text-align-center\">Scopri le avventure del tuo piccolo amico.<\/p>\n<\/div>\n<\/div>\n<\/div>\n<\/div>\n\n\n\n<p class=\"has-text-align-center\"><a href=\"#home-products\" class=\"main-button\">Guarda tutti i prodotti<\/a><\/p>\n\n\n\n<p class=\"has-text-align-center\"><\/p>\n\n\n\n<div style=\"height:64px\" aria-hidden=\"true\" class=\"wp-block-spacer\"><\/div>\n\n\n\n<h3 class=\"wp-block-heading has-text-align-center\">Ecco perch\u00e9 scegliere Spotter<\/h3>\n\n\n\n<div style=\"height:40px\" aria-hidden=\"true\" class=\"wp-block-spacer\"><\/div>\n\n\n\n<div class=\"wp-block-columns home-features is-layout-flex wp-container-core-columns-is-layout-9d6595d7 wp-block-columns-is-layout-flex\">\n<div class=\"wp-block-column is-layout-flow wp-block-column-is-layout-flow\"><div class=\"wp-block-image\">\n<figure class=\"aligncenter size-large\"><img decoding=\"async\" src=\"https:\/\/www.spottergps.com\/wp-content\/uploads\/2022\/12\/Spotter-Nederlands-merk.svg\" alt=\"\" class=\"wp-image-19857\" \/><\/figure><\/div>\n\n\n<h4 class=\"wp-block-heading has-text-align-center\">Marchio olandese<\/h4>\n\n\n\n<p class=\"has-text-align-center\">Con un servizio clienti in lingua olandese.<\/p>\n<\/div>\n\n\n\n<div class=\"wp-block-column is-layout-flow wp-block-column-is-layout-flow\"><div class=\"wp-block-image\">\n<figure class=\"aligncenter size-large\"><img decoding=\"async\" src=\"https:\/\/www.spottergps.com\/wp-content\/uploads\/2022\/12\/Spotter-veilig-en-betrouwbaar.svg\" alt=\"\" class=\"wp-image-19858\" \/><\/figure><\/div>\n\n\n<h4 class=\"wp-block-heading has-text-align-center\">Sicuro e affidabile<\/h4>\n\n\n\n<p class=\"has-text-align-center\">Conforme a tutti i requisiti di sicurezza europei.<\/p>\n<\/div>\n\n\n\n<div class=\"wp-block-column is-layout-flow wp-block-column-is-layout-flow\"><div class=\"wp-block-image\">\n<figure class=\"aligncenter size-large\"><img decoding=\"async\" src=\"https:\/\/www.spottergps.com\/wp-content\/uploads\/2022\/12\/GPS-tracker-zonder-abonnement-Spotter.svg\" alt=\"\" class=\"wp-image-19859\" \/><\/figure><\/div>\n\n\n<h4 class=\"wp-block-heading has-text-align-center\">Utilizzo prepagato<\/h4>\n\n\n\n<p class=\"has-text-align-center\">Quindi senza abbonamento.<\/p>\n<\/div>\n\n\n\n<div class=\"wp-block-column is-layout-flow wp-block-column-is-layout-flow\"><div class=\"wp-block-image\">\n<figure class=\"aligncenter size-large\"><img decoding=\"async\" src=\"https:\/\/www.spottergps.com\/wp-content\/uploads\/2022\/12\/Spotter-makkelijk-in-gebruik.svg\" alt=\"\" class=\"wp-image-19860\" \/><\/figure><\/div>\n\n\n<h4 class=\"wp-block-heading has-text-align-center\">Nessuna seccatura<\/h4>\n\n\n\n<p class=\"has-text-align-center\">Pronto all&#8217;uso, scheda SIM inclusa.<\/p>\n<\/div>\n\n\n\n<div class=\"wp-block-column is-layout-flow wp-block-column-is-layout-flow\"><div class=\"wp-block-image\">\n<figure class=\"aligncenter size-large\"><img decoding=\"async\" src=\"https:\/\/www.spottergps.com\/wp-content\/uploads\/2022\/12\/Spotter-35000-gebruikers.svg\" alt=\"\" class=\"wp-image-19862\" \/><\/figure><\/div>\n\n\n<h4 class=\"wp-block-heading has-text-align-center\">40.000 utenti<\/h4>\n\n\n\n<p class=\"has-text-align-center\">Ti hanno preceduto.<\/p>\n<\/div>\n<\/div>\n","protected":false},"excerpt":{"rendered":"<p>Niente pi\u00f9 ricerche, frustrazioni e preoccupazioni. D&#8217;ora in poi saprai esattamente dove si trova qualcosa o qualcuno. In questo modo avrai pi\u00f9 libert\u00e0 e potrai stare tranquillo. Pi\u00f9 di 35.000 utenti ti hanno gi\u00e0 preceduto. Per chi vuoi essere uno Spotter? Bambini Rimani sempre in contatto con tuo figlio mentre gioca all&#8217;aperto o \u00e8 in [&hellip;]<\/p>\n","protected":false},"author":10,"featured_media":824,"parent":0,"menu_order":0,"comment_status":"closed","ping_status":"open","template":"","meta":{"_acf_changed":false,"footnotes":""},"categories":[],"tags":[],"class_list":["post-2","page","type-page","status-publish","has-post-thumbnail","hentry"],"acf":[],"yoast_head":"<!-- This site is optimized with the Yoast SEO plugin v25.9 - https:\/\/yoast.com\/wordpress\/plugins\/seo\/ -->\n<title>Spotter\u00ae GPS localizzatori \u2013 Per tutto ci\u00f2 che ami \u2764<\/title>\n<meta name=\"description\" content=\"GPS localizzatori e orologi per bambini, anziani, animali e oggetti. Online e App, economici e senza abbonamento.\" \/>\n<meta name=\"robots\" content=\"index, follow, max-snippet:-1, max-image-preview:large, max-video-preview:-1\" \/>\n<link rel=\"canonical\" href=\"https:\/\/www.spottergps.com\/it\/\" \/>\n<meta property=\"og:locale\" content=\"it_IT\" \/>\n<meta property=\"og:type\" content=\"article\" \/>\n<meta property=\"og:title\" content=\"Spotter\u00ae GPS localizzatori \u2013 Per tutto ci\u00f2 che ami \u2764\" \/>\n<meta property=\"og:description\" content=\"GPS localizzatori e orologi per bambini, anziani, animali e oggetti. Online e App, economici e senza abbonamento.\" \/>\n<meta property=\"og:url\" content=\"https:\/\/www.spottergps.com\/it\/\" \/>\n<meta property=\"og:site_name\" content=\"Spotter Italiano\" \/>\n<meta property=\"article:modified_time\" content=\"2026-01-30T08:19:33+00:00\" \/>\n<meta property=\"og:image\" content=\"https:\/\/www.spottergps.com\/it\/wp-content\/uploads\/sites\/8\/2026\/01\/spotter_jongetje.jpg\" \/>\n\t<meta property=\"og:image:width\" content=\"870\" \/>\n\t<meta property=\"og:image:height\" content=\"1091\" \/>\n\t<meta property=\"og:image:type\" content=\"image\/jpeg\" \/>\n<meta name=\"twitter:card\" content=\"summary_large_image\" \/>\n<meta name=\"twitter:label1\" content=\"Tempo di lettura stimato\" \/>\n\t<meta name=\"twitter:data1\" content=\"3 minuti\" \/>\n<script type=\"application\/ld+json\" class=\"yoast-schema-graph\">{\"@context\":\"https:\/\/schema.org\",\"@graph\":[{\"@type\":\"WebPage\",\"@id\":\"https:\/\/www.spottergps.com\/it\/\",\"url\":\"https:\/\/www.spottergps.com\/it\/\",\"name\":\"Spotter\u00ae GPS localizzatori \u2013 Per tutto ci\u00f2 che ami \u2764\",\"isPartOf\":{\"@id\":\"https:\/\/www.spottergps.com\/it\/#website\"},\"primaryImageOfPage\":{\"@id\":\"https:\/\/www.spottergps.com\/it\/#primaryimage\"},\"image\":{\"@id\":\"https:\/\/www.spottergps.com\/it\/#primaryimage\"},\"thumbnailUrl\":\"https:\/\/www.spottergps.com\/it\/wp-content\/uploads\/sites\/8\/2026\/01\/spotter_jongetje.jpg\",\"datePublished\":\"2023-03-27T09:32:03+00:00\",\"dateModified\":\"2026-01-30T08:19:33+00:00\",\"description\":\"GPS localizzatori e orologi per bambini, anziani, animali e oggetti. Online e App, economici e senza abbonamento.\",\"breadcrumb\":{\"@id\":\"https:\/\/www.spottergps.com\/it\/#breadcrumb\"},\"inLanguage\":\"it-IT\",\"potentialAction\":[{\"@type\":\"ReadAction\",\"target\":[\"https:\/\/www.spottergps.com\/it\/\"]}]},{\"@type\":\"ImageObject\",\"inLanguage\":\"it-IT\",\"@id\":\"https:\/\/www.spottergps.com\/it\/#primaryimage\",\"url\":\"https:\/\/www.spottergps.com\/it\/wp-content\/uploads\/sites\/8\/2026\/01\/spotter_jongetje.jpg\",\"contentUrl\":\"https:\/\/www.spottergps.com\/it\/wp-content\/uploads\/sites\/8\/2026\/01\/spotter_jongetje.jpg\",\"width\":870,\"height\":1091,\"caption\":\"braccialetto-gps-bambini-spotter\"},{\"@type\":\"BreadcrumbList\",\"@id\":\"https:\/\/www.spottergps.com\/it\/#breadcrumb\",\"itemListElement\":[{\"@type\":\"ListItem\",\"position\":1,\"name\":\"Home\",\"item\":\"https:\/\/www.spottergps.com\/it\/\"},{\"@type\":\"ListItem\",\"position\":2,\"name\":\"Spotter\u00ae GPS tracker per tutto ci\u00f2 che ti sta a cuore\"}]},{\"@type\":\"WebSite\",\"@id\":\"https:\/\/www.spottergps.com\/it\/#website\",\"url\":\"https:\/\/www.spottergps.com\/it\/\",\"name\":\"Spotter Italiano\",\"description\":\"\",\"potentialAction\":[{\"@type\":\"SearchAction\",\"target\":{\"@type\":\"EntryPoint\",\"urlTemplate\":\"https:\/\/www.spottergps.com\/it\/?s={search_term_string}\"},\"query-input\":{\"@type\":\"PropertyValueSpecification\",\"valueRequired\":true,\"valueName\":\"search_term_string\"}}],\"inLanguage\":\"it-IT\"}]}<\/script>\n<!-- \/ Yoast SEO plugin. -->","yoast_head_json":{"title":"Spotter\u00ae GPS localizzatori \u2013 Per tutto ci\u00f2 che ami \u2764","description":"GPS localizzatori e orologi per bambini, anziani, animali e oggetti. Online e App, economici e senza abbonamento.","robots":{"index":"index","follow":"follow","max-snippet":"max-snippet:-1","max-image-preview":"max-image-preview:large","max-video-preview":"max-video-preview:-1"},"canonical":"https:\/\/www.spottergps.com\/it\/","og_locale":"it_IT","og_type":"article","og_title":"Spotter\u00ae GPS localizzatori \u2013 Per tutto ci\u00f2 che ami \u2764","og_description":"GPS localizzatori e orologi per bambini, anziani, animali e oggetti. Online e App, economici e senza abbonamento.","og_url":"https:\/\/www.spottergps.com\/it\/","og_site_name":"Spotter Italiano","article_modified_time":"2026-01-30T08:19:33+00:00","og_image":[{"width":870,"height":1091,"url":"https:\/\/www.spottergps.com\/it\/wp-content\/uploads\/sites\/8\/2026\/01\/spotter_jongetje.jpg","type":"image\/jpeg"}],"twitter_card":"summary_large_image","twitter_misc":{"Tempo di lettura stimato":"3 minuti"},"schema":{"@context":"https:\/\/schema.org","@graph":[{"@type":"WebPage","@id":"https:\/\/www.spottergps.com\/it\/","url":"https:\/\/www.spottergps.com\/it\/","name":"Spotter\u00ae GPS localizzatori \u2013 Per tutto ci\u00f2 che ami \u2764","isPartOf":{"@id":"https:\/\/www.spottergps.com\/it\/#website"},"primaryImageOfPage":{"@id":"https:\/\/www.spottergps.com\/it\/#primaryimage"},"image":{"@id":"https:\/\/www.spottergps.com\/it\/#primaryimage"},"thumbnailUrl":"https:\/\/www.spottergps.com\/it\/wp-content\/uploads\/sites\/8\/2026\/01\/spotter_jongetje.jpg","datePublished":"2023-03-27T09:32:03+00:00","dateModified":"2026-01-30T08:19:33+00:00","description":"GPS localizzatori e orologi per bambini, anziani, animali e oggetti. Online e App, economici e senza abbonamento.","breadcrumb":{"@id":"https:\/\/www.spottergps.com\/it\/#breadcrumb"},"inLanguage":"it-IT","potentialAction":[{"@type":"ReadAction","target":["https:\/\/www.spottergps.com\/it\/"]}]},{"@type":"ImageObject","inLanguage":"it-IT","@id":"https:\/\/www.spottergps.com\/it\/#primaryimage","url":"https:\/\/www.spottergps.com\/it\/wp-content\/uploads\/sites\/8\/2026\/01\/spotter_jongetje.jpg","contentUrl":"https:\/\/www.spottergps.com\/it\/wp-content\/uploads\/sites\/8\/2026\/01\/spotter_jongetje.jpg","width":870,"height":1091,"caption":"braccialetto-gps-bambini-spotter"},{"@type":"BreadcrumbList","@id":"https:\/\/www.spottergps.com\/it\/#breadcrumb","itemListElement":[{"@type":"ListItem","position":1,"name":"Home","item":"https:\/\/www.spottergps.com\/it\/"},{"@type":"ListItem","position":2,"name":"Spotter\u00ae GPS tracker per tutto ci\u00f2 che ti sta a cuore"}]},{"@type":"WebSite","@id":"https:\/\/www.spottergps.com\/it\/#website","url":"https:\/\/www.spottergps.com\/it\/","name":"Spotter Italiano","description":"","potentialAction":[{"@type":"SearchAction","target":{"@type":"EntryPoint","urlTemplate":"https:\/\/www.spottergps.com\/it\/?s={search_term_string}"},"query-input":{"@type":"PropertyValueSpecification","valueRequired":true,"valueName":"search_term_string"}}],"inLanguage":"it-IT"}]}},"_links":{"self":[{"href":"https:\/\/www.spottergps.com\/it\/wp-json\/wp\/v2\/pages\/2","targetHints":{"allow":["GET"]}}],"collection":[{"href":"https:\/\/www.spottergps.com\/it\/wp-json\/wp\/v2\/pages"}],"about":[{"href":"https:\/\/www.spottergps.com\/it\/wp-json\/wp\/v2\/types\/page"}],"author":[{"embeddable":true,"href":"https:\/\/www.spottergps.com\/it\/wp-json\/wp\/v2\/users\/10"}],"replies":[{"embeddable":true,"href":"https:\/\/www.spottergps.com\/it\/wp-json\/wp\/v2\/comments?post=2"}],"version-history":[{"count":17,"href":"https:\/\/www.spottergps.com\/it\/wp-json\/wp\/v2\/pages\/2\/revisions"}],"predecessor-version":[{"id":910,"href":"https:\/\/www.spottergps.com\/it\/wp-json\/wp\/v2\/pages\/2\/revisions\/910"}],"wp:featuredmedia":[{"embeddable":true,"href":"https:\/\/www.spottergps.com\/it\/wp-json\/wp\/v2\/media\/824"}],"wp:attachment":[{"href":"https:\/\/www.spottergps.com\/it\/wp-json\/wp\/v2\/media?parent=2"}],"wp:term":[{"taxonomy":"category","embeddable":true,"href":"https:\/\/www.spottergps.com\/it\/wp-json\/wp\/v2\/categories?post=2"},{"taxonomy":"post_tag","embeddable":true,"href":"https:\/\/www.spottergps.com\/it\/wp-json\/wp\/v2\/tags?post=2"}],"curies":[{"name":"wp","href":"https:\/\/api.w.org\/{rel}","templated":true}]}}