{"id":945,"date":"2021-09-03T12:45:45","date_gmt":"2021-09-03T11:45:45","guid":{"rendered":"http:\/\/www.spottergps.com\/fr\/?page_id=945"},"modified":"2026-02-20T09:22:52","modified_gmt":"2026-02-20T08:22:52","slug":"gps-pour-chiens","status":"publish","type":"page","link":"https:\/\/www.spottergps.com\/fr\/gps-pour-chiens\/","title":{"rendered":"GPS pour chien sans abonnement : La solution id\u00e9ale !"},"content":{"rendered":"\n<h2><em>Suivez les aventures de votre chien gr\u00e2ce au Pet Spotter\u00ae<\/em><\/h2>\n<p>Gr\u00e2ce au traceur GPS pour chien Spotter\u00ae, vous pouvez suivre toutes les aventures de votre animal de compagnie via votre smartphone. Affichez son emplacement et surveillez ses mouvements. Configurez des zones et recevez des notifications lorsqu&rsquo;il y acc\u00e8de ou encore quand il les quitte. Vous pouvez \u00e9galement utiliser le traqueur d&rsquo;activit\u00e9 pour avoir une id\u00e9e sur le niveau d&rsquo;activit\u00e9 de votre chien. Ce traceur GPS pour chien est tr\u00e8s petit (4 cm) et ne p\u00e8se que 21 grammes, c&rsquo;est le meilleur gadget pour les propri\u00e9taires de chiens.<\/p>\n","protected":false},"excerpt":{"rendered":"<p>Suivez les aventures de votre chien gr\u00e2ce au Pet Spotter\u00ae Gr\u00e2ce au traceur GPS pour chien Spotter\u00ae, vous pouvez suivre toutes les aventures de votre animal de compagnie via votre smartphone. Affichez son emplacement et surveillez ses mouvements. Configurez des zones et recevez des notifications lorsqu&rsquo;il y acc\u00e8de ou encore quand il les quitte. Vous [&hellip;]<\/p>\n","protected":false},"author":8,"featured_media":3035,"parent":0,"menu_order":0,"comment_status":"closed","ping_status":"closed","template":"","meta":{"_acf_changed":false,"footnotes":""},"categories":[],"tags":[],"class_list":["post-945","page","type-page","status-publish","has-post-thumbnail","hentry"],"acf":[],"yoast_head":"<!-- This site is optimized with the Yoast SEO plugin v25.9 - https:\/\/yoast.com\/wordpress\/plugins\/seo\/ -->\n<title>Traceur GPS chien ? Suivez ses aventures en toute libert\u00e9 \u2764<\/title>\n<meta name=\"description\" content=\"Ainsi, vous saurez toujours o\u00f9 se trouve votre chien et ce qu&#039;il a fait ! Traceur GPS pour chien avec zones, suivi d&#039;activit\u00e9 et plus encore.\" \/>\n<meta name=\"robots\" content=\"index, follow, max-snippet:-1, max-image-preview:large, max-video-preview:-1\" \/>\n<link rel=\"canonical\" href=\"https:\/\/www.spottergps.com\/fr\/gps-pour-chiens\/\" \/>\n<meta property=\"og:locale\" content=\"fr_FR\" \/>\n<meta property=\"og:type\" content=\"article\" \/>\n<meta property=\"og:title\" content=\"Traceur GPS chien ? Suivez ses aventures en toute libert\u00e9 \u2764\" \/>\n<meta property=\"og:description\" content=\"Ainsi, vous saurez toujours o\u00f9 se trouve votre chien et ce qu&#039;il a fait ! Traceur GPS pour chien avec zones, suivi d&#039;activit\u00e9 et plus encore.\" \/>\n<meta property=\"og:url\" content=\"https:\/\/www.spottergps.com\/fr\/gps-pour-chiens\/\" \/>\n<meta property=\"og:site_name\" content=\"Spotter France\" \/>\n<meta property=\"article:modified_time\" content=\"2026-02-20T08:22:52+00:00\" \/>\n<meta property=\"og:image\" content=\"https:\/\/www.spottergps.com\/fr\/wp-content\/uploads\/sites\/2\/2025\/06\/traceur-gps-pour-chien-spotter.jpg\" \/>\n\t<meta property=\"og:image:width\" content=\"800\" \/>\n\t<meta property=\"og:image:height\" content=\"747\" \/>\n\t<meta property=\"og:image:type\" content=\"image\/jpeg\" \/>\n<meta name=\"twitter:card\" content=\"summary_large_image\" \/>\n<meta name=\"twitter:label1\" content=\"Dur\u00e9e de lecture estim\u00e9e\" \/>\n\t<meta name=\"twitter:data1\" content=\"1 minute\" \/>\n<script type=\"application\/ld+json\" class=\"yoast-schema-graph\">{\"@context\":\"https:\/\/schema.org\",\"@graph\":[{\"@type\":\"WebPage\",\"@id\":\"https:\/\/www.spottergps.com\/fr\/gps-pour-chiens\/\",\"url\":\"https:\/\/www.spottergps.com\/fr\/gps-pour-chiens\/\",\"name\":\"Traceur GPS chien ? Suivez ses aventures en toute libert\u00e9 \u2764\",\"isPartOf\":{\"@id\":\"https:\/\/www.spottergps.com\/fr\/#website\"},\"primaryImageOfPage\":{\"@id\":\"https:\/\/www.spottergps.com\/fr\/gps-pour-chiens\/#primaryimage\"},\"image\":{\"@id\":\"https:\/\/www.spottergps.com\/fr\/gps-pour-chiens\/#primaryimage\"},\"thumbnailUrl\":\"https:\/\/www.spottergps.com\/fr\/wp-content\/uploads\/sites\/2\/2025\/06\/traceur-gps-pour-chien-spotter.jpg\",\"datePublished\":\"2021-09-03T11:45:45+00:00\",\"dateModified\":\"2026-02-20T08:22:52+00:00\",\"description\":\"Ainsi, vous saurez toujours o\u00f9 se trouve votre chien et ce qu'il a fait ! Traceur GPS pour chien avec zones, suivi d'activit\u00e9 et plus encore.\",\"breadcrumb\":{\"@id\":\"https:\/\/www.spottergps.com\/fr\/gps-pour-chiens\/#breadcrumb\"},\"inLanguage\":\"fr-FR\",\"potentialAction\":[{\"@type\":\"ReadAction\",\"target\":[\"https:\/\/www.spottergps.com\/fr\/gps-pour-chiens\/\"]}]},{\"@type\":\"ImageObject\",\"inLanguage\":\"fr-FR\",\"@id\":\"https:\/\/www.spottergps.com\/fr\/gps-pour-chiens\/#primaryimage\",\"url\":\"https:\/\/www.spottergps.com\/fr\/wp-content\/uploads\/sites\/2\/2025\/06\/traceur-gps-pour-chien-spotter.jpg\",\"contentUrl\":\"https:\/\/www.spottergps.com\/fr\/wp-content\/uploads\/sites\/2\/2025\/06\/traceur-gps-pour-chien-spotter.jpg\",\"width\":800,\"height\":747},{\"@type\":\"BreadcrumbList\",\"@id\":\"https:\/\/www.spottergps.com\/fr\/gps-pour-chiens\/#breadcrumb\",\"itemListElement\":[{\"@type\":\"ListItem\",\"position\":1,\"name\":\"Home\",\"item\":\"https:\/\/www.spottergps.com\/fr\/\"},{\"@type\":\"ListItem\",\"position\":2,\"name\":\"GPS pour chien sans abonnement : La solution id\u00e9ale !\"}]},{\"@type\":\"WebSite\",\"@id\":\"https:\/\/www.spottergps.com\/fr\/#website\",\"url\":\"https:\/\/www.spottergps.com\/fr\/\",\"name\":\"Spotter France\",\"description\":\"Een andere Spotter websites site\",\"potentialAction\":[{\"@type\":\"SearchAction\",\"target\":{\"@type\":\"EntryPoint\",\"urlTemplate\":\"https:\/\/www.spottergps.com\/fr\/?s={search_term_string}\"},\"query-input\":{\"@type\":\"PropertyValueSpecification\",\"valueRequired\":true,\"valueName\":\"search_term_string\"}}],\"inLanguage\":\"fr-FR\"}]}<\/script>\n<!-- \/ Yoast SEO plugin. -->","yoast_head_json":{"title":"Traceur GPS chien ? Suivez ses aventures en toute libert\u00e9 \u2764","description":"Ainsi, vous saurez toujours o\u00f9 se trouve votre chien et ce qu'il a fait ! Traceur GPS pour chien avec zones, suivi d'activit\u00e9 et plus encore.","robots":{"index":"index","follow":"follow","max-snippet":"max-snippet:-1","max-image-preview":"max-image-preview:large","max-video-preview":"max-video-preview:-1"},"canonical":"https:\/\/www.spottergps.com\/fr\/gps-pour-chiens\/","og_locale":"fr_FR","og_type":"article","og_title":"Traceur GPS chien ? Suivez ses aventures en toute libert\u00e9 \u2764","og_description":"Ainsi, vous saurez toujours o\u00f9 se trouve votre chien et ce qu'il a fait ! Traceur GPS pour chien avec zones, suivi d'activit\u00e9 et plus encore.","og_url":"https:\/\/www.spottergps.com\/fr\/gps-pour-chiens\/","og_site_name":"Spotter France","article_modified_time":"2026-02-20T08:22:52+00:00","og_image":[{"width":800,"height":747,"url":"https:\/\/www.spottergps.com\/fr\/wp-content\/uploads\/sites\/2\/2025\/06\/traceur-gps-pour-chien-spotter.jpg","type":"image\/jpeg"}],"twitter_card":"summary_large_image","twitter_misc":{"Dur\u00e9e de lecture estim\u00e9e":"1 minute"},"schema":{"@context":"https:\/\/schema.org","@graph":[{"@type":"WebPage","@id":"https:\/\/www.spottergps.com\/fr\/gps-pour-chiens\/","url":"https:\/\/www.spottergps.com\/fr\/gps-pour-chiens\/","name":"Traceur GPS chien ? Suivez ses aventures en toute libert\u00e9 \u2764","isPartOf":{"@id":"https:\/\/www.spottergps.com\/fr\/#website"},"primaryImageOfPage":{"@id":"https:\/\/www.spottergps.com\/fr\/gps-pour-chiens\/#primaryimage"},"image":{"@id":"https:\/\/www.spottergps.com\/fr\/gps-pour-chiens\/#primaryimage"},"thumbnailUrl":"https:\/\/www.spottergps.com\/fr\/wp-content\/uploads\/sites\/2\/2025\/06\/traceur-gps-pour-chien-spotter.jpg","datePublished":"2021-09-03T11:45:45+00:00","dateModified":"2026-02-20T08:22:52+00:00","description":"Ainsi, vous saurez toujours o\u00f9 se trouve votre chien et ce qu'il a fait ! Traceur GPS pour chien avec zones, suivi d'activit\u00e9 et plus encore.","breadcrumb":{"@id":"https:\/\/www.spottergps.com\/fr\/gps-pour-chiens\/#breadcrumb"},"inLanguage":"fr-FR","potentialAction":[{"@type":"ReadAction","target":["https:\/\/www.spottergps.com\/fr\/gps-pour-chiens\/"]}]},{"@type":"ImageObject","inLanguage":"fr-FR","@id":"https:\/\/www.spottergps.com\/fr\/gps-pour-chiens\/#primaryimage","url":"https:\/\/www.spottergps.com\/fr\/wp-content\/uploads\/sites\/2\/2025\/06\/traceur-gps-pour-chien-spotter.jpg","contentUrl":"https:\/\/www.spottergps.com\/fr\/wp-content\/uploads\/sites\/2\/2025\/06\/traceur-gps-pour-chien-spotter.jpg","width":800,"height":747},{"@type":"BreadcrumbList","@id":"https:\/\/www.spottergps.com\/fr\/gps-pour-chiens\/#breadcrumb","itemListElement":[{"@type":"ListItem","position":1,"name":"Home","item":"https:\/\/www.spottergps.com\/fr\/"},{"@type":"ListItem","position":2,"name":"GPS pour chien sans abonnement : La solution id\u00e9ale !"}]},{"@type":"WebSite","@id":"https:\/\/www.spottergps.com\/fr\/#website","url":"https:\/\/www.spottergps.com\/fr\/","name":"Spotter France","description":"Een andere Spotter websites site","potentialAction":[{"@type":"SearchAction","target":{"@type":"EntryPoint","urlTemplate":"https:\/\/www.spottergps.com\/fr\/?s={search_term_string}"},"query-input":{"@type":"PropertyValueSpecification","valueRequired":true,"valueName":"search_term_string"}}],"inLanguage":"fr-FR"}]}},"_links":{"self":[{"href":"https:\/\/www.spottergps.com\/fr\/wp-json\/wp\/v2\/pages\/945","targetHints":{"allow":["GET"]}}],"collection":[{"href":"https:\/\/www.spottergps.com\/fr\/wp-json\/wp\/v2\/pages"}],"about":[{"href":"https:\/\/www.spottergps.com\/fr\/wp-json\/wp\/v2\/types\/page"}],"author":[{"embeddable":true,"href":"https:\/\/www.spottergps.com\/fr\/wp-json\/wp\/v2\/users\/8"}],"replies":[{"embeddable":true,"href":"https:\/\/www.spottergps.com\/fr\/wp-json\/wp\/v2\/comments?post=945"}],"version-history":[{"count":49,"href":"https:\/\/www.spottergps.com\/fr\/wp-json\/wp\/v2\/pages\/945\/revisions"}],"predecessor-version":[{"id":3660,"href":"https:\/\/www.spottergps.com\/fr\/wp-json\/wp\/v2\/pages\/945\/revisions\/3660"}],"wp:featuredmedia":[{"embeddable":true,"href":"https:\/\/www.spottergps.com\/fr\/wp-json\/wp\/v2\/media\/3035"}],"wp:attachment":[{"href":"https:\/\/www.spottergps.com\/fr\/wp-json\/wp\/v2\/media?parent=945"}],"wp:term":[{"taxonomy":"category","embeddable":true,"href":"https:\/\/www.spottergps.com\/fr\/wp-json\/wp\/v2\/categories?post=945"},{"taxonomy":"post_tag","embeddable":true,"href":"https:\/\/www.spottergps.com\/fr\/wp-json\/wp\/v2\/tags?post=945"}],"curies":[{"name":"wp","href":"https:\/\/api.w.org\/{rel}","templated":true}]}}