{"id":759,"date":"2020-10-16T11:04:42","date_gmt":"2020-10-16T10:04:42","guid":{"rendered":"http:\/\/www.spottergps.com\/fr\/?page_id=759"},"modified":"2025-12-24T13:36:56","modified_gmt":"2025-12-24T12:36:56","slug":"montre-connectee-enfant","status":"publish","type":"page","link":"https:\/\/www.spottergps.com\/fr\/montre-connectee-enfant\/","title":{"rendered":"Spotter\u00ae la montre connect\u00e9e enfant"},"content":{"rendered":"\n\n","protected":false},"excerpt":{"rendered":"","protected":false},"author":8,"featured_media":3020,"parent":0,"menu_order":0,"comment_status":"closed","ping_status":"closed","template":"","meta":{"_acf_changed":false,"footnotes":""},"categories":[],"tags":[],"class_list":["post-759","page","type-page","status-publish","has-post-thumbnail","hentry"],"acf":[],"yoast_head":"<!-- This site is optimized with the Yoast SEO plugin v25.9 - https:\/\/yoast.com\/wordpress\/plugins\/seo\/ -->\n<title>Montre Connect\u00e9e Enfant \u2013 Suivi GPS &amp; Appels | Spotter\u00ae \u2764<\/title>\n<meta name=\"description\" content=\"Montre enfant Spotter\u00ae avec GPS, appels, chat, cam\u00e9ra, podom\u00e8tre et jeu de calcul. S\u00e9curit\u00e9 et fun au poignet !\" \/>\n<meta name=\"robots\" content=\"index, follow, max-snippet:-1, max-image-preview:large, max-video-preview:-1\" \/>\n<link rel=\"canonical\" href=\"https:\/\/www.spottergps.com\/fr\/montre-connectee-enfant\/\" \/>\n<meta property=\"og:locale\" content=\"fr_FR\" \/>\n<meta property=\"og:type\" content=\"article\" \/>\n<meta property=\"og:title\" content=\"Montre Connect\u00e9e Enfant \u2013 Suivi GPS &amp; Appels | Spotter\u00ae \u2764\" \/>\n<meta property=\"og:description\" content=\"Montre enfant Spotter\u00ae avec GPS, appels, chat, cam\u00e9ra, podom\u00e8tre et jeu de calcul. S\u00e9curit\u00e9 et fun au poignet !\" \/>\n<meta property=\"og:url\" content=\"https:\/\/www.spottergps.com\/fr\/montre-connectee-enfant\/\" \/>\n<meta property=\"og:site_name\" content=\"Spotter France\" \/>\n<meta property=\"article:modified_time\" content=\"2025-12-24T12:36:56+00:00\" \/>\n<meta property=\"og:image\" content=\"https:\/\/www.spottergps.com\/fr\/wp-content\/uploads\/sites\/2\/2025\/05\/montre-gps-enfant-spotter.jpg\" \/>\n\t<meta property=\"og:image:width\" content=\"1512\" \/>\n\t<meta property=\"og:image:height\" content=\"2016\" \/>\n\t<meta property=\"og:image:type\" content=\"image\/jpeg\" \/>\n<meta name=\"twitter:card\" content=\"summary_large_image\" \/>\n<meta name=\"twitter:label1\" content=\"Dur\u00e9e de lecture estim\u00e9e\" \/>\n\t<meta name=\"twitter:data1\" content=\"1 minute\" \/>\n<script type=\"application\/ld+json\" class=\"yoast-schema-graph\">{\"@context\":\"https:\/\/schema.org\",\"@graph\":[{\"@type\":\"WebPage\",\"@id\":\"https:\/\/www.spottergps.com\/fr\/montre-connectee-enfant\/\",\"url\":\"https:\/\/www.spottergps.com\/fr\/montre-connectee-enfant\/\",\"name\":\"Montre Connect\u00e9e Enfant \u2013 Suivi GPS & Appels | Spotter\u00ae \u2764\",\"isPartOf\":{\"@id\":\"https:\/\/www.spottergps.com\/fr\/#website\"},\"primaryImageOfPage\":{\"@id\":\"https:\/\/www.spottergps.com\/fr\/montre-connectee-enfant\/#primaryimage\"},\"image\":{\"@id\":\"https:\/\/www.spottergps.com\/fr\/montre-connectee-enfant\/#primaryimage\"},\"thumbnailUrl\":\"https:\/\/www.spottergps.com\/fr\/wp-content\/uploads\/sites\/2\/2025\/05\/montre-gps-enfant-spotter.jpg\",\"datePublished\":\"2020-10-16T10:04:42+00:00\",\"dateModified\":\"2025-12-24T12:36:56+00:00\",\"description\":\"Montre enfant Spotter\u00ae avec GPS, appels, chat, cam\u00e9ra, podom\u00e8tre et jeu de calcul. S\u00e9curit\u00e9 et fun au poignet !\",\"breadcrumb\":{\"@id\":\"https:\/\/www.spottergps.com\/fr\/montre-connectee-enfant\/#breadcrumb\"},\"inLanguage\":\"fr-FR\",\"potentialAction\":[{\"@type\":\"ReadAction\",\"target\":[\"https:\/\/www.spottergps.com\/fr\/montre-connectee-enfant\/\"]}]},{\"@type\":\"ImageObject\",\"inLanguage\":\"fr-FR\",\"@id\":\"https:\/\/www.spottergps.com\/fr\/montre-connectee-enfant\/#primaryimage\",\"url\":\"https:\/\/www.spottergps.com\/fr\/wp-content\/uploads\/sites\/2\/2025\/05\/montre-gps-enfant-spotter.jpg\",\"contentUrl\":\"https:\/\/www.spottergps.com\/fr\/wp-content\/uploads\/sites\/2\/2025\/05\/montre-gps-enfant-spotter.jpg\",\"width\":1512,\"height\":2016,\"caption\":\"montre gps enfant - spotter\"},{\"@type\":\"BreadcrumbList\",\"@id\":\"https:\/\/www.spottergps.com\/fr\/montre-connectee-enfant\/#breadcrumb\",\"itemListElement\":[{\"@type\":\"ListItem\",\"position\":1,\"name\":\"Home\",\"item\":\"https:\/\/www.spottergps.com\/fr\/\"},{\"@type\":\"ListItem\",\"position\":2,\"name\":\"Spotter\u00ae la montre connect\u00e9e enfant\"}]},{\"@type\":\"WebSite\",\"@id\":\"https:\/\/www.spottergps.com\/fr\/#website\",\"url\":\"https:\/\/www.spottergps.com\/fr\/\",\"name\":\"Spotter France\",\"description\":\"Een andere Spotter websites site\",\"potentialAction\":[{\"@type\":\"SearchAction\",\"target\":{\"@type\":\"EntryPoint\",\"urlTemplate\":\"https:\/\/www.spottergps.com\/fr\/?s={search_term_string}\"},\"query-input\":{\"@type\":\"PropertyValueSpecification\",\"valueRequired\":true,\"valueName\":\"search_term_string\"}}],\"inLanguage\":\"fr-FR\"}]}<\/script>\n<!-- \/ Yoast SEO plugin. -->","yoast_head_json":{"title":"Montre Connect\u00e9e Enfant \u2013 Suivi GPS & Appels | Spotter\u00ae \u2764","description":"Montre enfant Spotter\u00ae avec GPS, appels, chat, cam\u00e9ra, podom\u00e8tre et jeu de calcul. S\u00e9curit\u00e9 et fun au poignet !","robots":{"index":"index","follow":"follow","max-snippet":"max-snippet:-1","max-image-preview":"max-image-preview:large","max-video-preview":"max-video-preview:-1"},"canonical":"https:\/\/www.spottergps.com\/fr\/montre-connectee-enfant\/","og_locale":"fr_FR","og_type":"article","og_title":"Montre Connect\u00e9e Enfant \u2013 Suivi GPS & Appels | Spotter\u00ae \u2764","og_description":"Montre enfant Spotter\u00ae avec GPS, appels, chat, cam\u00e9ra, podom\u00e8tre et jeu de calcul. S\u00e9curit\u00e9 et fun au poignet !","og_url":"https:\/\/www.spottergps.com\/fr\/montre-connectee-enfant\/","og_site_name":"Spotter France","article_modified_time":"2025-12-24T12:36:56+00:00","og_image":[{"width":1512,"height":2016,"url":"https:\/\/www.spottergps.com\/fr\/wp-content\/uploads\/sites\/2\/2025\/05\/montre-gps-enfant-spotter.jpg","type":"image\/jpeg"}],"twitter_card":"summary_large_image","twitter_misc":{"Dur\u00e9e de lecture estim\u00e9e":"1 minute"},"schema":{"@context":"https:\/\/schema.org","@graph":[{"@type":"WebPage","@id":"https:\/\/www.spottergps.com\/fr\/montre-connectee-enfant\/","url":"https:\/\/www.spottergps.com\/fr\/montre-connectee-enfant\/","name":"Montre Connect\u00e9e Enfant \u2013 Suivi GPS & Appels | Spotter\u00ae \u2764","isPartOf":{"@id":"https:\/\/www.spottergps.com\/fr\/#website"},"primaryImageOfPage":{"@id":"https:\/\/www.spottergps.com\/fr\/montre-connectee-enfant\/#primaryimage"},"image":{"@id":"https:\/\/www.spottergps.com\/fr\/montre-connectee-enfant\/#primaryimage"},"thumbnailUrl":"https:\/\/www.spottergps.com\/fr\/wp-content\/uploads\/sites\/2\/2025\/05\/montre-gps-enfant-spotter.jpg","datePublished":"2020-10-16T10:04:42+00:00","dateModified":"2025-12-24T12:36:56+00:00","description":"Montre enfant Spotter\u00ae avec GPS, appels, chat, cam\u00e9ra, podom\u00e8tre et jeu de calcul. S\u00e9curit\u00e9 et fun au poignet !","breadcrumb":{"@id":"https:\/\/www.spottergps.com\/fr\/montre-connectee-enfant\/#breadcrumb"},"inLanguage":"fr-FR","potentialAction":[{"@type":"ReadAction","target":["https:\/\/www.spottergps.com\/fr\/montre-connectee-enfant\/"]}]},{"@type":"ImageObject","inLanguage":"fr-FR","@id":"https:\/\/www.spottergps.com\/fr\/montre-connectee-enfant\/#primaryimage","url":"https:\/\/www.spottergps.com\/fr\/wp-content\/uploads\/sites\/2\/2025\/05\/montre-gps-enfant-spotter.jpg","contentUrl":"https:\/\/www.spottergps.com\/fr\/wp-content\/uploads\/sites\/2\/2025\/05\/montre-gps-enfant-spotter.jpg","width":1512,"height":2016,"caption":"montre gps enfant - spotter"},{"@type":"BreadcrumbList","@id":"https:\/\/www.spottergps.com\/fr\/montre-connectee-enfant\/#breadcrumb","itemListElement":[{"@type":"ListItem","position":1,"name":"Home","item":"https:\/\/www.spottergps.com\/fr\/"},{"@type":"ListItem","position":2,"name":"Spotter\u00ae la montre connect\u00e9e enfant"}]},{"@type":"WebSite","@id":"https:\/\/www.spottergps.com\/fr\/#website","url":"https:\/\/www.spottergps.com\/fr\/","name":"Spotter France","description":"Een andere Spotter websites site","potentialAction":[{"@type":"SearchAction","target":{"@type":"EntryPoint","urlTemplate":"https:\/\/www.spottergps.com\/fr\/?s={search_term_string}"},"query-input":{"@type":"PropertyValueSpecification","valueRequired":true,"valueName":"search_term_string"}}],"inLanguage":"fr-FR"}]}},"_links":{"self":[{"href":"https:\/\/www.spottergps.com\/fr\/wp-json\/wp\/v2\/pages\/759","targetHints":{"allow":["GET"]}}],"collection":[{"href":"https:\/\/www.spottergps.com\/fr\/wp-json\/wp\/v2\/pages"}],"about":[{"href":"https:\/\/www.spottergps.com\/fr\/wp-json\/wp\/v2\/types\/page"}],"author":[{"embeddable":true,"href":"https:\/\/www.spottergps.com\/fr\/wp-json\/wp\/v2\/users\/8"}],"replies":[{"embeddable":true,"href":"https:\/\/www.spottergps.com\/fr\/wp-json\/wp\/v2\/comments?post=759"}],"version-history":[{"count":48,"href":"https:\/\/www.spottergps.com\/fr\/wp-json\/wp\/v2\/pages\/759\/revisions"}],"predecessor-version":[{"id":3381,"href":"https:\/\/www.spottergps.com\/fr\/wp-json\/wp\/v2\/pages\/759\/revisions\/3381"}],"wp:featuredmedia":[{"embeddable":true,"href":"https:\/\/www.spottergps.com\/fr\/wp-json\/wp\/v2\/media\/3020"}],"wp:attachment":[{"href":"https:\/\/www.spottergps.com\/fr\/wp-json\/wp\/v2\/media?parent=759"}],"wp:term":[{"taxonomy":"category","embeddable":true,"href":"https:\/\/www.spottergps.com\/fr\/wp-json\/wp\/v2\/categories?post=759"},{"taxonomy":"post_tag","embeddable":true,"href":"https:\/\/www.spottergps.com\/fr\/wp-json\/wp\/v2\/tags?post=759"}],"curies":[{"name":"wp","href":"https:\/\/api.w.org\/{rel}","templated":true}]}}