{"id":449,"date":"2018-11-07T13:27:31","date_gmt":"2018-11-07T12:27:31","guid":{"rendered":"http:\/\/www.spottergps.com\/fr\/?page_id=449"},"modified":"2026-04-20T07:48:43","modified_gmt":"2026-04-20T06:48:43","slug":"securite-privee","status":"publish","type":"page","link":"https:\/\/www.spottergps.com\/fr\/securite-privee\/","title":{"rendered":"S\u00e9curit\u00e9 &amp; Priv\u00e9e"},"content":{"rendered":"<p>La protection de la sph\u00e8re priv\u00e9e de nos clients qui utilisent la Spotter GPS Watch, l&rsquo;application et le compte en ligne est d\u2019une importance primordiale pour nous. \u00a0Le Spotter est un traceur GPS s\u00fbr et fiable avec le marquage CE, ce qui signifie que ce produit satisfait aux exigences de s\u00e9curit\u00e9 impos\u00e9es par des directives europ\u00e9ennes. Par ailleurs, la norme la plus \u00e9lev\u00e9e de s\u00e9curisation de donn\u00e9es est appliqu\u00e9e pour un traitement s\u00fbr des donn\u00e9es. \u00a0<strong>La sph\u00e8re priv\u00e9e de l<\/strong><strong>\u2019<\/strong><strong>utilisateur est enti\u00e8rement garantie.<\/strong><\/p>\n<p>Notre D\u00e9claration sur la confidentialit\u00e9 et notre Politique de la confidentialit\u00e9 vous renseignent sur les donn\u00e9es enregistr\u00e9es par nos soins, la mani\u00e8re dont les donn\u00e9es sont trait\u00e9es et les personnes qui ont acc\u00e8s \u00e0 ces donn\u00e9es.<\/p>\n","protected":false},"excerpt":{"rendered":"<p>La protection de la sph\u00e8re priv\u00e9e de nos clients qui utilisent la Spotter GPS Watch, l&rsquo;application et le compte en ligne est d\u2019une importance primordiale pour nous. \u00a0Le Spotter est un traceur GPS s\u00fbr et fiable avec le marquage CE, ce qui signifie que ce produit satisfait aux exigences de s\u00e9curit\u00e9 impos\u00e9es par des directives [&hellip;]<\/p>\n","protected":false},"author":4,"featured_media":0,"parent":0,"menu_order":0,"comment_status":"closed","ping_status":"closed","template":"","meta":{"_acf_changed":false,"footnotes":""},"categories":[],"tags":[],"class_list":["post-449","page","type-page","status-publish","hentry"],"acf":[],"yoast_head":"<!-- This site is optimized with the Yoast SEO plugin v25.9 - https:\/\/yoast.com\/wordpress\/plugins\/seo\/ -->\n<title>S\u00e9curit\u00e9 &amp; Priv\u00e9e - Spotter France<\/title>\n<meta name=\"robots\" content=\"index, follow, max-snippet:-1, max-image-preview:large, max-video-preview:-1\" \/>\n<link rel=\"canonical\" href=\"https:\/\/www.spottergps.com\/fr\/securite-privee\/\" \/>\n<meta property=\"og:locale\" content=\"fr_FR\" \/>\n<meta property=\"og:type\" content=\"article\" \/>\n<meta property=\"og:title\" content=\"S\u00e9curit\u00e9 &amp; Priv\u00e9e - Spotter France\" \/>\n<meta property=\"og:description\" content=\"La protection de la sph\u00e8re priv\u00e9e de nos clients qui utilisent la Spotter GPS Watch, l&rsquo;application et le compte en ligne est d\u2019une importance primordiale pour nous. \u00a0Le Spotter est un traceur GPS s\u00fbr et fiable avec le marquage CE, ce qui signifie que ce produit satisfait aux exigences de s\u00e9curit\u00e9 impos\u00e9es par des directives [&hellip;]\" \/>\n<meta property=\"og:url\" content=\"https:\/\/www.spottergps.com\/fr\/securite-privee\/\" \/>\n<meta property=\"og:site_name\" content=\"Spotter France\" \/>\n<meta property=\"article:modified_time\" content=\"2026-04-20T06:48:43+00:00\" \/>\n<meta name=\"twitter:card\" content=\"summary_large_image\" \/>\n<meta name=\"twitter:label1\" content=\"Dur\u00e9e de lecture estim\u00e9e\" \/>\n\t<meta name=\"twitter:data1\" content=\"1 minute\" \/>\n<script type=\"application\/ld+json\" class=\"yoast-schema-graph\">{\"@context\":\"https:\/\/schema.org\",\"@graph\":[{\"@type\":\"WebPage\",\"@id\":\"https:\/\/www.spottergps.com\/fr\/securite-privee\/\",\"url\":\"https:\/\/www.spottergps.com\/fr\/securite-privee\/\",\"name\":\"S\u00e9curit\u00e9 &amp; Priv\u00e9e - Spotter France\",\"isPartOf\":{\"@id\":\"https:\/\/www.spottergps.com\/fr\/#website\"},\"datePublished\":\"2018-11-07T12:27:31+00:00\",\"dateModified\":\"2026-04-20T06:48:43+00:00\",\"breadcrumb\":{\"@id\":\"https:\/\/www.spottergps.com\/fr\/securite-privee\/#breadcrumb\"},\"inLanguage\":\"fr-FR\",\"potentialAction\":[{\"@type\":\"ReadAction\",\"target\":[\"https:\/\/www.spottergps.com\/fr\/securite-privee\/\"]}]},{\"@type\":\"BreadcrumbList\",\"@id\":\"https:\/\/www.spottergps.com\/fr\/securite-privee\/#breadcrumb\",\"itemListElement\":[{\"@type\":\"ListItem\",\"position\":1,\"name\":\"Home\",\"item\":\"https:\/\/www.spottergps.com\/fr\/\"},{\"@type\":\"ListItem\",\"position\":2,\"name\":\"S\u00e9curit\u00e9 &amp; Priv\u00e9e\"}]},{\"@type\":\"WebSite\",\"@id\":\"https:\/\/www.spottergps.com\/fr\/#website\",\"url\":\"https:\/\/www.spottergps.com\/fr\/\",\"name\":\"Spotter France\",\"description\":\"Een andere Spotter websites site\",\"potentialAction\":[{\"@type\":\"SearchAction\",\"target\":{\"@type\":\"EntryPoint\",\"urlTemplate\":\"https:\/\/www.spottergps.com\/fr\/?s={search_term_string}\"},\"query-input\":{\"@type\":\"PropertyValueSpecification\",\"valueRequired\":true,\"valueName\":\"search_term_string\"}}],\"inLanguage\":\"fr-FR\"}]}<\/script>\n<!-- \/ Yoast SEO plugin. -->","yoast_head_json":{"title":"S\u00e9curit\u00e9 &amp; Priv\u00e9e - Spotter France","robots":{"index":"index","follow":"follow","max-snippet":"max-snippet:-1","max-image-preview":"max-image-preview:large","max-video-preview":"max-video-preview:-1"},"canonical":"https:\/\/www.spottergps.com\/fr\/securite-privee\/","og_locale":"fr_FR","og_type":"article","og_title":"S\u00e9curit\u00e9 &amp; Priv\u00e9e - Spotter France","og_description":"La protection de la sph\u00e8re priv\u00e9e de nos clients qui utilisent la Spotter GPS Watch, l&rsquo;application et le compte en ligne est d\u2019une importance primordiale pour nous. \u00a0Le Spotter est un traceur GPS s\u00fbr et fiable avec le marquage CE, ce qui signifie que ce produit satisfait aux exigences de s\u00e9curit\u00e9 impos\u00e9es par des directives [&hellip;]","og_url":"https:\/\/www.spottergps.com\/fr\/securite-privee\/","og_site_name":"Spotter France","article_modified_time":"2026-04-20T06:48:43+00:00","twitter_card":"summary_large_image","twitter_misc":{"Dur\u00e9e de lecture estim\u00e9e":"1 minute"},"schema":{"@context":"https:\/\/schema.org","@graph":[{"@type":"WebPage","@id":"https:\/\/www.spottergps.com\/fr\/securite-privee\/","url":"https:\/\/www.spottergps.com\/fr\/securite-privee\/","name":"S\u00e9curit\u00e9 &amp; Priv\u00e9e - Spotter France","isPartOf":{"@id":"https:\/\/www.spottergps.com\/fr\/#website"},"datePublished":"2018-11-07T12:27:31+00:00","dateModified":"2026-04-20T06:48:43+00:00","breadcrumb":{"@id":"https:\/\/www.spottergps.com\/fr\/securite-privee\/#breadcrumb"},"inLanguage":"fr-FR","potentialAction":[{"@type":"ReadAction","target":["https:\/\/www.spottergps.com\/fr\/securite-privee\/"]}]},{"@type":"BreadcrumbList","@id":"https:\/\/www.spottergps.com\/fr\/securite-privee\/#breadcrumb","itemListElement":[{"@type":"ListItem","position":1,"name":"Home","item":"https:\/\/www.spottergps.com\/fr\/"},{"@type":"ListItem","position":2,"name":"S\u00e9curit\u00e9 &amp; Priv\u00e9e"}]},{"@type":"WebSite","@id":"https:\/\/www.spottergps.com\/fr\/#website","url":"https:\/\/www.spottergps.com\/fr\/","name":"Spotter France","description":"Een andere Spotter websites site","potentialAction":[{"@type":"SearchAction","target":{"@type":"EntryPoint","urlTemplate":"https:\/\/www.spottergps.com\/fr\/?s={search_term_string}"},"query-input":{"@type":"PropertyValueSpecification","valueRequired":true,"valueName":"search_term_string"}}],"inLanguage":"fr-FR"}]}},"_links":{"self":[{"href":"https:\/\/www.spottergps.com\/fr\/wp-json\/wp\/v2\/pages\/449","targetHints":{"allow":["GET"]}}],"collection":[{"href":"https:\/\/www.spottergps.com\/fr\/wp-json\/wp\/v2\/pages"}],"about":[{"href":"https:\/\/www.spottergps.com\/fr\/wp-json\/wp\/v2\/types\/page"}],"author":[{"embeddable":true,"href":"https:\/\/www.spottergps.com\/fr\/wp-json\/wp\/v2\/users\/4"}],"replies":[{"embeddable":true,"href":"https:\/\/www.spottergps.com\/fr\/wp-json\/wp\/v2\/comments?post=449"}],"version-history":[{"count":6,"href":"https:\/\/www.spottergps.com\/fr\/wp-json\/wp\/v2\/pages\/449\/revisions"}],"predecessor-version":[{"id":3871,"href":"https:\/\/www.spottergps.com\/fr\/wp-json\/wp\/v2\/pages\/449\/revisions\/3871"}],"wp:attachment":[{"href":"https:\/\/www.spottergps.com\/fr\/wp-json\/wp\/v2\/media?parent=449"}],"wp:term":[{"taxonomy":"category","embeddable":true,"href":"https:\/\/www.spottergps.com\/fr\/wp-json\/wp\/v2\/categories?post=449"},{"taxonomy":"post_tag","embeddable":true,"href":"https:\/\/www.spottergps.com\/fr\/wp-json\/wp\/v2\/tags?post=449"}],"curies":[{"name":"wp","href":"https:\/\/api.w.org\/{rel}","templated":true}]}}