{"id":440,"date":"2018-11-07T12:36:31","date_gmt":"2018-11-07T11:36:31","guid":{"rendered":"http:\/\/www.spottergps.com\/fr\/?page_id=440"},"modified":"2026-03-24T11:12:08","modified_gmt":"2026-03-24T10:12:08","slug":"la-montre-alarme-seniors","status":"publish","type":"page","link":"https:\/\/www.spottergps.com\/fr\/la-montre-alarme-seniors\/","title":{"rendered":"La montre alarme pour seniors"},"content":{"rendered":"\n<div class=\"wp-block-columns is-layout-flex wp-container-core-columns-is-layout-9d6595d7 wp-block-columns-is-layout-flex\">\n<div class=\"wp-block-column is-layout-flow wp-block-column-is-layout-flow\" style=\"flex-basis:100%\">\n<h2 class=\"wp-block-heading\">Pour la tranquillit\u00e9 d&rsquo;esprit des personnes \u00e2g\u00e9es et de leurs proches<\/h2>\n<p>La Spotter GPS Watch est excellente comme montre alarme pour seniors. Vous saurez toujours o\u00f9 se trouve votre p\u00e8re, votre m\u00e8re ou partenaire, et ils peuvent vous envoyer un message SOS en cas d\u2019urgence, en actionnant le bouton SOS. La montre connect\u00e9e sos senior est dot\u00e9e d\u2019une fonction d&rsquo;appel, et il est possible de d\u00e9limiter diff\u00e9rentes zones. La montre senior GPS sans abonnement offre en outre quelques fonctions pratiques que nous pr\u00e9senterons plus loin.<\/p>\n<\/div>\n<\/div>\n\n\n","protected":false},"excerpt":{"rendered":"<p>Pour la tranquillit\u00e9 d&rsquo;esprit des personnes \u00e2g\u00e9es et de leurs proches La Spotter GPS Watch est excellente comme montre alarme pour seniors. Vous saurez toujours o\u00f9 se trouve votre p\u00e8re, votre m\u00e8re ou partenaire, et ils peuvent vous envoyer un message SOS en cas d\u2019urgence, en actionnant le bouton SOS. La montre connect\u00e9e sos senior [&hellip;]<\/p>\n","protected":false},"author":4,"featured_media":2984,"parent":0,"menu_order":0,"comment_status":"closed","ping_status":"closed","template":"","meta":{"_acf_changed":false,"footnotes":""},"categories":[],"tags":[],"class_list":["post-440","page","type-page","status-publish","has-post-thumbnail","hentry"],"acf":[],"yoast_head":"<!-- This site is optimized with the Yoast SEO plugin v25.9 - https:\/\/yoast.com\/wordpress\/plugins\/seo\/ -->\n<title>Montre GPS senior \u2013 Bouton SOS &amp; s\u00e9r\u00e9nit\u00e9 au quotidien | Spotter\u00ae \u2764<\/title>\n<meta name=\"description\" content=\"Avec la montre senior GPS Spotter\u00ae vous savez imm\u00e9diatement si votre proche a besoin d\u2019aide. Sans abonnement, usage pr\u00e9pay\u00e9.\" \/>\n<meta name=\"robots\" content=\"index, follow, max-snippet:-1, max-image-preview:large, max-video-preview:-1\" \/>\n<link rel=\"canonical\" href=\"https:\/\/www.spottergps.com\/fr\/la-montre-alarme-seniors\/\" \/>\n<meta property=\"og:locale\" content=\"fr_FR\" \/>\n<meta property=\"og:type\" content=\"article\" \/>\n<meta property=\"og:title\" content=\"Montre GPS senior \u2013 Bouton SOS &amp; s\u00e9r\u00e9nit\u00e9 au quotidien | Spotter\u00ae \u2764\" \/>\n<meta property=\"og:description\" content=\"Avec la montre senior GPS Spotter\u00ae vous savez imm\u00e9diatement si votre proche a besoin d\u2019aide. Sans abonnement, usage pr\u00e9pay\u00e9.\" \/>\n<meta property=\"og:url\" content=\"https:\/\/www.spottergps.com\/fr\/la-montre-alarme-seniors\/\" \/>\n<meta property=\"og:site_name\" content=\"Spotter France\" \/>\n<meta property=\"article:modified_time\" content=\"2026-03-24T10:12:08+00:00\" \/>\n<meta property=\"og:image\" content=\"https:\/\/www.spottergps.com\/fr\/wp-content\/uploads\/sites\/2\/2025\/05\/Spotter-Watch-Senior-2.jpg\" \/>\n\t<meta property=\"og:image:width\" content=\"1000\" \/>\n\t<meta property=\"og:image:height\" content=\"1000\" \/>\n\t<meta property=\"og:image:type\" content=\"image\/jpeg\" \/>\n<meta name=\"twitter:card\" content=\"summary_large_image\" \/>\n<meta name=\"twitter:label1\" content=\"Dur\u00e9e de lecture estim\u00e9e\" \/>\n\t<meta name=\"twitter:data1\" content=\"1 minute\" \/>\n<script type=\"application\/ld+json\" class=\"yoast-schema-graph\">{\"@context\":\"https:\/\/schema.org\",\"@graph\":[{\"@type\":\"WebPage\",\"@id\":\"https:\/\/www.spottergps.com\/fr\/la-montre-alarme-seniors\/\",\"url\":\"https:\/\/www.spottergps.com\/fr\/la-montre-alarme-seniors\/\",\"name\":\"Montre GPS senior \u2013 Bouton SOS & s\u00e9r\u00e9nit\u00e9 au quotidien | Spotter\u00ae \u2764\",\"isPartOf\":{\"@id\":\"https:\/\/www.spottergps.com\/fr\/#website\"},\"primaryImageOfPage\":{\"@id\":\"https:\/\/www.spottergps.com\/fr\/la-montre-alarme-seniors\/#primaryimage\"},\"image\":{\"@id\":\"https:\/\/www.spottergps.com\/fr\/la-montre-alarme-seniors\/#primaryimage\"},\"thumbnailUrl\":\"https:\/\/www.spottergps.com\/fr\/wp-content\/uploads\/sites\/2\/2025\/05\/Spotter-Watch-Senior-2.jpg\",\"datePublished\":\"2018-11-07T11:36:31+00:00\",\"dateModified\":\"2026-03-24T10:12:08+00:00\",\"description\":\"Avec la montre senior GPS Spotter\u00ae vous savez imm\u00e9diatement si votre proche a besoin d\u2019aide. Sans abonnement, usage pr\u00e9pay\u00e9.\",\"breadcrumb\":{\"@id\":\"https:\/\/www.spottergps.com\/fr\/la-montre-alarme-seniors\/#breadcrumb\"},\"inLanguage\":\"fr-FR\",\"potentialAction\":[{\"@type\":\"ReadAction\",\"target\":[\"https:\/\/www.spottergps.com\/fr\/la-montre-alarme-seniors\/\"]}]},{\"@type\":\"ImageObject\",\"inLanguage\":\"fr-FR\",\"@id\":\"https:\/\/www.spottergps.com\/fr\/la-montre-alarme-seniors\/#primaryimage\",\"url\":\"https:\/\/www.spottergps.com\/fr\/wp-content\/uploads\/sites\/2\/2025\/05\/Spotter-Watch-Senior-2.jpg\",\"contentUrl\":\"https:\/\/www.spottergps.com\/fr\/wp-content\/uploads\/sites\/2\/2025\/05\/Spotter-Watch-Senior-2.jpg\",\"width\":1000,\"height\":1000,\"caption\":\"Montre alarme pour seniors - Spotter\"},{\"@type\":\"BreadcrumbList\",\"@id\":\"https:\/\/www.spottergps.com\/fr\/la-montre-alarme-seniors\/#breadcrumb\",\"itemListElement\":[{\"@type\":\"ListItem\",\"position\":1,\"name\":\"Home\",\"item\":\"https:\/\/www.spottergps.com\/fr\/\"},{\"@type\":\"ListItem\",\"position\":2,\"name\":\"La montre alarme pour seniors\"}]},{\"@type\":\"WebSite\",\"@id\":\"https:\/\/www.spottergps.com\/fr\/#website\",\"url\":\"https:\/\/www.spottergps.com\/fr\/\",\"name\":\"Spotter France\",\"description\":\"Een andere Spotter websites site\",\"potentialAction\":[{\"@type\":\"SearchAction\",\"target\":{\"@type\":\"EntryPoint\",\"urlTemplate\":\"https:\/\/www.spottergps.com\/fr\/?s={search_term_string}\"},\"query-input\":{\"@type\":\"PropertyValueSpecification\",\"valueRequired\":true,\"valueName\":\"search_term_string\"}}],\"inLanguage\":\"fr-FR\"}]}<\/script>\n<!-- \/ Yoast SEO plugin. -->","yoast_head_json":{"title":"Montre GPS senior \u2013 Bouton SOS & s\u00e9r\u00e9nit\u00e9 au quotidien | Spotter\u00ae \u2764","description":"Avec la montre senior GPS Spotter\u00ae vous savez imm\u00e9diatement si votre proche a besoin d\u2019aide. Sans abonnement, usage pr\u00e9pay\u00e9.","robots":{"index":"index","follow":"follow","max-snippet":"max-snippet:-1","max-image-preview":"max-image-preview:large","max-video-preview":"max-video-preview:-1"},"canonical":"https:\/\/www.spottergps.com\/fr\/la-montre-alarme-seniors\/","og_locale":"fr_FR","og_type":"article","og_title":"Montre GPS senior \u2013 Bouton SOS & s\u00e9r\u00e9nit\u00e9 au quotidien | Spotter\u00ae \u2764","og_description":"Avec la montre senior GPS Spotter\u00ae vous savez imm\u00e9diatement si votre proche a besoin d\u2019aide. Sans abonnement, usage pr\u00e9pay\u00e9.","og_url":"https:\/\/www.spottergps.com\/fr\/la-montre-alarme-seniors\/","og_site_name":"Spotter France","article_modified_time":"2026-03-24T10:12:08+00:00","og_image":[{"width":1000,"height":1000,"url":"https:\/\/www.spottergps.com\/fr\/wp-content\/uploads\/sites\/2\/2025\/05\/Spotter-Watch-Senior-2.jpg","type":"image\/jpeg"}],"twitter_card":"summary_large_image","twitter_misc":{"Dur\u00e9e de lecture estim\u00e9e":"1 minute"},"schema":{"@context":"https:\/\/schema.org","@graph":[{"@type":"WebPage","@id":"https:\/\/www.spottergps.com\/fr\/la-montre-alarme-seniors\/","url":"https:\/\/www.spottergps.com\/fr\/la-montre-alarme-seniors\/","name":"Montre GPS senior \u2013 Bouton SOS & s\u00e9r\u00e9nit\u00e9 au quotidien | Spotter\u00ae \u2764","isPartOf":{"@id":"https:\/\/www.spottergps.com\/fr\/#website"},"primaryImageOfPage":{"@id":"https:\/\/www.spottergps.com\/fr\/la-montre-alarme-seniors\/#primaryimage"},"image":{"@id":"https:\/\/www.spottergps.com\/fr\/la-montre-alarme-seniors\/#primaryimage"},"thumbnailUrl":"https:\/\/www.spottergps.com\/fr\/wp-content\/uploads\/sites\/2\/2025\/05\/Spotter-Watch-Senior-2.jpg","datePublished":"2018-11-07T11:36:31+00:00","dateModified":"2026-03-24T10:12:08+00:00","description":"Avec la montre senior GPS Spotter\u00ae vous savez imm\u00e9diatement si votre proche a besoin d\u2019aide. Sans abonnement, usage pr\u00e9pay\u00e9.","breadcrumb":{"@id":"https:\/\/www.spottergps.com\/fr\/la-montre-alarme-seniors\/#breadcrumb"},"inLanguage":"fr-FR","potentialAction":[{"@type":"ReadAction","target":["https:\/\/www.spottergps.com\/fr\/la-montre-alarme-seniors\/"]}]},{"@type":"ImageObject","inLanguage":"fr-FR","@id":"https:\/\/www.spottergps.com\/fr\/la-montre-alarme-seniors\/#primaryimage","url":"https:\/\/www.spottergps.com\/fr\/wp-content\/uploads\/sites\/2\/2025\/05\/Spotter-Watch-Senior-2.jpg","contentUrl":"https:\/\/www.spottergps.com\/fr\/wp-content\/uploads\/sites\/2\/2025\/05\/Spotter-Watch-Senior-2.jpg","width":1000,"height":1000,"caption":"Montre alarme pour seniors - Spotter"},{"@type":"BreadcrumbList","@id":"https:\/\/www.spottergps.com\/fr\/la-montre-alarme-seniors\/#breadcrumb","itemListElement":[{"@type":"ListItem","position":1,"name":"Home","item":"https:\/\/www.spottergps.com\/fr\/"},{"@type":"ListItem","position":2,"name":"La montre alarme pour seniors"}]},{"@type":"WebSite","@id":"https:\/\/www.spottergps.com\/fr\/#website","url":"https:\/\/www.spottergps.com\/fr\/","name":"Spotter France","description":"Een andere Spotter websites site","potentialAction":[{"@type":"SearchAction","target":{"@type":"EntryPoint","urlTemplate":"https:\/\/www.spottergps.com\/fr\/?s={search_term_string}"},"query-input":{"@type":"PropertyValueSpecification","valueRequired":true,"valueName":"search_term_string"}}],"inLanguage":"fr-FR"}]}},"_links":{"self":[{"href":"https:\/\/www.spottergps.com\/fr\/wp-json\/wp\/v2\/pages\/440","targetHints":{"allow":["GET"]}}],"collection":[{"href":"https:\/\/www.spottergps.com\/fr\/wp-json\/wp\/v2\/pages"}],"about":[{"href":"https:\/\/www.spottergps.com\/fr\/wp-json\/wp\/v2\/types\/page"}],"author":[{"embeddable":true,"href":"https:\/\/www.spottergps.com\/fr\/wp-json\/wp\/v2\/users\/4"}],"replies":[{"embeddable":true,"href":"https:\/\/www.spottergps.com\/fr\/wp-json\/wp\/v2\/comments?post=440"}],"version-history":[{"count":64,"href":"https:\/\/www.spottergps.com\/fr\/wp-json\/wp\/v2\/pages\/440\/revisions"}],"predecessor-version":[{"id":3792,"href":"https:\/\/www.spottergps.com\/fr\/wp-json\/wp\/v2\/pages\/440\/revisions\/3792"}],"wp:featuredmedia":[{"embeddable":true,"href":"https:\/\/www.spottergps.com\/fr\/wp-json\/wp\/v2\/media\/2984"}],"wp:attachment":[{"href":"https:\/\/www.spottergps.com\/fr\/wp-json\/wp\/v2\/media?parent=440"}],"wp:term":[{"taxonomy":"category","embeddable":true,"href":"https:\/\/www.spottergps.com\/fr\/wp-json\/wp\/v2\/categories?post=440"},{"taxonomy":"post_tag","embeddable":true,"href":"https:\/\/www.spottergps.com\/fr\/wp-json\/wp\/v2\/tags?post=440"}],"curies":[{"name":"wp","href":"https:\/\/api.w.org\/{rel}","templated":true}]}}