{"id":427,"date":"2018-11-07T12:02:20","date_gmt":"2018-11-07T11:02:20","guid":{"rendered":"http:\/\/www.spottergps.com\/fr\/?page_id=427"},"modified":"2026-02-06T08:56:52","modified_gmt":"2026-02-06T07:56:52","slug":"montre-gps-enfant","status":"publish","type":"page","link":"https:\/\/www.spottergps.com\/fr\/montre-gps-enfant\/","title":{"rendered":"Spotter\u00ae montre gps enfant"},"content":{"rendered":"\n<h2 class=\"wp-block-heading\">Montre enfant pour gar\u00e7ons et filles \u00e0 partir de 2,5 ans<\/h2>\n\n\n<p>Donnez plus de libert\u00e9 \u00e0 votre <strong>enfant<\/strong> avec la <strong>Spotter\u00ae montre gps<\/strong>. Une petite montre GPS sp\u00e9cialement pour enfants. Une montre agr\u00e9able et belle que votre enfant portera avec plaisir avec son design unique, son poids l\u00e9ger et son petit format. Votre enfant a le choix parmi quatre couleurs ; noir, blue, rose et vert. Quand vous vous connectez via un compte en ligne ou une appli pour le smartphone, vous verrez imm\u00e9diatement la localisation de votre enfant. La montre GPS pour enfant offre en outre quelques fonctions pratiques que nous pr\u00e9senterons plus loin.<\/p>","protected":false},"excerpt":{"rendered":"<p>Montre enfant pour gar\u00e7ons et filles \u00e0 partir de 2,5 ans Donnez plus de libert\u00e9 \u00e0 votre enfant avec la Spotter\u00ae montre gps. Une petite montre GPS sp\u00e9cialement pour enfants. Une montre agr\u00e9able et belle que votre enfant portera avec plaisir avec son design unique, son poids l\u00e9ger et son petit format. Votre enfant a [&hellip;]<\/p>\n","protected":false},"author":4,"featured_media":3020,"parent":0,"menu_order":0,"comment_status":"closed","ping_status":"closed","template":"","meta":{"_acf_changed":false,"footnotes":""},"categories":[],"tags":[],"class_list":["post-427","page","type-page","status-publish","has-post-thumbnail","hentry"],"acf":[],"yoast_head":"<!-- This site is optimized with the Yoast SEO plugin v25.9 - https:\/\/yoast.com\/wordpress\/plugins\/seo\/ -->\n<title>Montre GPS avec bouton SOS et appels \u2013 Id\u00e9ale pour votre enfant | Spotter\u00ae \u2764<\/title>\n<meta name=\"description\" content=\"Montre GPS enfant afin que vous sachiez o\u00f9 ils se trouvent. En ligne et app. Utilisation pr\u00e9pay\u00e9e!\" \/>\n<meta name=\"robots\" content=\"index, follow, max-snippet:-1, max-image-preview:large, max-video-preview:-1\" \/>\n<link rel=\"canonical\" href=\"https:\/\/www.spottergps.com\/fr\/montre-gps-enfant\/\" \/>\n<meta property=\"og:locale\" content=\"fr_FR\" \/>\n<meta property=\"og:type\" content=\"article\" \/>\n<meta property=\"og:title\" content=\"Montre GPS avec bouton SOS et appels \u2013 Id\u00e9ale pour votre enfant | Spotter\u00ae \u2764\" \/>\n<meta property=\"og:description\" content=\"Montre GPS enfant afin que vous sachiez o\u00f9 ils se trouvent. En ligne et app. Utilisation pr\u00e9pay\u00e9e!\" \/>\n<meta property=\"og:url\" content=\"https:\/\/www.spottergps.com\/fr\/montre-gps-enfant\/\" \/>\n<meta property=\"og:site_name\" content=\"Spotter France\" \/>\n<meta property=\"article:modified_time\" content=\"2026-02-06T07:56:52+00:00\" \/>\n<meta property=\"og:image\" content=\"https:\/\/www.spottergps.com\/fr\/wp-content\/uploads\/sites\/2\/2025\/05\/montre-gps-enfant-spotter.jpg\" \/>\n\t<meta property=\"og:image:width\" content=\"1512\" \/>\n\t<meta property=\"og:image:height\" content=\"2016\" \/>\n\t<meta property=\"og:image:type\" content=\"image\/jpeg\" \/>\n<meta name=\"twitter:card\" content=\"summary_large_image\" \/>\n<meta name=\"twitter:label1\" content=\"Dur\u00e9e de lecture estim\u00e9e\" \/>\n\t<meta name=\"twitter:data1\" content=\"1 minute\" \/>\n<script type=\"application\/ld+json\" class=\"yoast-schema-graph\">{\"@context\":\"https:\/\/schema.org\",\"@graph\":[{\"@type\":\"WebPage\",\"@id\":\"https:\/\/www.spottergps.com\/fr\/montre-gps-enfant\/\",\"url\":\"https:\/\/www.spottergps.com\/fr\/montre-gps-enfant\/\",\"name\":\"Montre GPS avec bouton SOS et appels \u2013 Id\u00e9ale pour votre enfant | Spotter\u00ae \u2764\",\"isPartOf\":{\"@id\":\"https:\/\/www.spottergps.com\/fr\/#website\"},\"primaryImageOfPage\":{\"@id\":\"https:\/\/www.spottergps.com\/fr\/montre-gps-enfant\/#primaryimage\"},\"image\":{\"@id\":\"https:\/\/www.spottergps.com\/fr\/montre-gps-enfant\/#primaryimage\"},\"thumbnailUrl\":\"https:\/\/www.spottergps.com\/fr\/wp-content\/uploads\/sites\/2\/2025\/05\/montre-gps-enfant-spotter.jpg\",\"datePublished\":\"2018-11-07T11:02:20+00:00\",\"dateModified\":\"2026-02-06T07:56:52+00:00\",\"description\":\"Montre GPS enfant afin que vous sachiez o\u00f9 ils se trouvent. En ligne et app. Utilisation pr\u00e9pay\u00e9e!\",\"breadcrumb\":{\"@id\":\"https:\/\/www.spottergps.com\/fr\/montre-gps-enfant\/#breadcrumb\"},\"inLanguage\":\"fr-FR\",\"potentialAction\":[{\"@type\":\"ReadAction\",\"target\":[\"https:\/\/www.spottergps.com\/fr\/montre-gps-enfant\/\"]}]},{\"@type\":\"ImageObject\",\"inLanguage\":\"fr-FR\",\"@id\":\"https:\/\/www.spottergps.com\/fr\/montre-gps-enfant\/#primaryimage\",\"url\":\"https:\/\/www.spottergps.com\/fr\/wp-content\/uploads\/sites\/2\/2025\/05\/montre-gps-enfant-spotter.jpg\",\"contentUrl\":\"https:\/\/www.spottergps.com\/fr\/wp-content\/uploads\/sites\/2\/2025\/05\/montre-gps-enfant-spotter.jpg\",\"width\":1512,\"height\":2016,\"caption\":\"montre gps enfant - spotter\"},{\"@type\":\"BreadcrumbList\",\"@id\":\"https:\/\/www.spottergps.com\/fr\/montre-gps-enfant\/#breadcrumb\",\"itemListElement\":[{\"@type\":\"ListItem\",\"position\":1,\"name\":\"Home\",\"item\":\"https:\/\/www.spottergps.com\/fr\/\"},{\"@type\":\"ListItem\",\"position\":2,\"name\":\"Spotter\u00ae montre gps enfant\"}]},{\"@type\":\"WebSite\",\"@id\":\"https:\/\/www.spottergps.com\/fr\/#website\",\"url\":\"https:\/\/www.spottergps.com\/fr\/\",\"name\":\"Spotter France\",\"description\":\"Een andere Spotter websites site\",\"potentialAction\":[{\"@type\":\"SearchAction\",\"target\":{\"@type\":\"EntryPoint\",\"urlTemplate\":\"https:\/\/www.spottergps.com\/fr\/?s={search_term_string}\"},\"query-input\":{\"@type\":\"PropertyValueSpecification\",\"valueRequired\":true,\"valueName\":\"search_term_string\"}}],\"inLanguage\":\"fr-FR\"}]}<\/script>\n<!-- \/ Yoast SEO plugin. -->","yoast_head_json":{"title":"Montre GPS avec bouton SOS et appels \u2013 Id\u00e9ale pour votre enfant | Spotter\u00ae \u2764","description":"Montre GPS enfant afin que vous sachiez o\u00f9 ils se trouvent. En ligne et app. Utilisation pr\u00e9pay\u00e9e!","robots":{"index":"index","follow":"follow","max-snippet":"max-snippet:-1","max-image-preview":"max-image-preview:large","max-video-preview":"max-video-preview:-1"},"canonical":"https:\/\/www.spottergps.com\/fr\/montre-gps-enfant\/","og_locale":"fr_FR","og_type":"article","og_title":"Montre GPS avec bouton SOS et appels \u2013 Id\u00e9ale pour votre enfant | Spotter\u00ae \u2764","og_description":"Montre GPS enfant afin que vous sachiez o\u00f9 ils se trouvent. En ligne et app. Utilisation pr\u00e9pay\u00e9e!","og_url":"https:\/\/www.spottergps.com\/fr\/montre-gps-enfant\/","og_site_name":"Spotter France","article_modified_time":"2026-02-06T07:56:52+00:00","og_image":[{"width":1512,"height":2016,"url":"https:\/\/www.spottergps.com\/fr\/wp-content\/uploads\/sites\/2\/2025\/05\/montre-gps-enfant-spotter.jpg","type":"image\/jpeg"}],"twitter_card":"summary_large_image","twitter_misc":{"Dur\u00e9e de lecture estim\u00e9e":"1 minute"},"schema":{"@context":"https:\/\/schema.org","@graph":[{"@type":"WebPage","@id":"https:\/\/www.spottergps.com\/fr\/montre-gps-enfant\/","url":"https:\/\/www.spottergps.com\/fr\/montre-gps-enfant\/","name":"Montre GPS avec bouton SOS et appels \u2013 Id\u00e9ale pour votre enfant | Spotter\u00ae \u2764","isPartOf":{"@id":"https:\/\/www.spottergps.com\/fr\/#website"},"primaryImageOfPage":{"@id":"https:\/\/www.spottergps.com\/fr\/montre-gps-enfant\/#primaryimage"},"image":{"@id":"https:\/\/www.spottergps.com\/fr\/montre-gps-enfant\/#primaryimage"},"thumbnailUrl":"https:\/\/www.spottergps.com\/fr\/wp-content\/uploads\/sites\/2\/2025\/05\/montre-gps-enfant-spotter.jpg","datePublished":"2018-11-07T11:02:20+00:00","dateModified":"2026-02-06T07:56:52+00:00","description":"Montre GPS enfant afin que vous sachiez o\u00f9 ils se trouvent. En ligne et app. Utilisation pr\u00e9pay\u00e9e!","breadcrumb":{"@id":"https:\/\/www.spottergps.com\/fr\/montre-gps-enfant\/#breadcrumb"},"inLanguage":"fr-FR","potentialAction":[{"@type":"ReadAction","target":["https:\/\/www.spottergps.com\/fr\/montre-gps-enfant\/"]}]},{"@type":"ImageObject","inLanguage":"fr-FR","@id":"https:\/\/www.spottergps.com\/fr\/montre-gps-enfant\/#primaryimage","url":"https:\/\/www.spottergps.com\/fr\/wp-content\/uploads\/sites\/2\/2025\/05\/montre-gps-enfant-spotter.jpg","contentUrl":"https:\/\/www.spottergps.com\/fr\/wp-content\/uploads\/sites\/2\/2025\/05\/montre-gps-enfant-spotter.jpg","width":1512,"height":2016,"caption":"montre gps enfant - spotter"},{"@type":"BreadcrumbList","@id":"https:\/\/www.spottergps.com\/fr\/montre-gps-enfant\/#breadcrumb","itemListElement":[{"@type":"ListItem","position":1,"name":"Home","item":"https:\/\/www.spottergps.com\/fr\/"},{"@type":"ListItem","position":2,"name":"Spotter\u00ae montre gps enfant"}]},{"@type":"WebSite","@id":"https:\/\/www.spottergps.com\/fr\/#website","url":"https:\/\/www.spottergps.com\/fr\/","name":"Spotter France","description":"Een andere Spotter websites site","potentialAction":[{"@type":"SearchAction","target":{"@type":"EntryPoint","urlTemplate":"https:\/\/www.spottergps.com\/fr\/?s={search_term_string}"},"query-input":{"@type":"PropertyValueSpecification","valueRequired":true,"valueName":"search_term_string"}}],"inLanguage":"fr-FR"}]}},"_links":{"self":[{"href":"https:\/\/www.spottergps.com\/fr\/wp-json\/wp\/v2\/pages\/427","targetHints":{"allow":["GET"]}}],"collection":[{"href":"https:\/\/www.spottergps.com\/fr\/wp-json\/wp\/v2\/pages"}],"about":[{"href":"https:\/\/www.spottergps.com\/fr\/wp-json\/wp\/v2\/types\/page"}],"author":[{"embeddable":true,"href":"https:\/\/www.spottergps.com\/fr\/wp-json\/wp\/v2\/users\/4"}],"replies":[{"embeddable":true,"href":"https:\/\/www.spottergps.com\/fr\/wp-json\/wp\/v2\/comments?post=427"}],"version-history":[{"count":109,"href":"https:\/\/www.spottergps.com\/fr\/wp-json\/wp\/v2\/pages\/427\/revisions"}],"predecessor-version":[{"id":3585,"href":"https:\/\/www.spottergps.com\/fr\/wp-json\/wp\/v2\/pages\/427\/revisions\/3585"}],"wp:featuredmedia":[{"embeddable":true,"href":"https:\/\/www.spottergps.com\/fr\/wp-json\/wp\/v2\/media\/3020"}],"wp:attachment":[{"href":"https:\/\/www.spottergps.com\/fr\/wp-json\/wp\/v2\/media?parent=427"}],"wp:term":[{"taxonomy":"category","embeddable":true,"href":"https:\/\/www.spottergps.com\/fr\/wp-json\/wp\/v2\/categories?post=427"},{"taxonomy":"post_tag","embeddable":true,"href":"https:\/\/www.spottergps.com\/fr\/wp-json\/wp\/v2\/tags?post=427"}],"curies":[{"name":"wp","href":"https:\/\/api.w.org\/{rel}","templated":true}]}}