{"id":3592,"date":"2026-02-09T16:43:27","date_gmt":"2026-02-09T15:43:27","guid":{"rendered":"https:\/\/www.spottergps.com\/fr\/?page_id=3592"},"modified":"2026-02-13T16:36:23","modified_gmt":"2026-02-13T15:36:23","slug":"traceur-gps-voiture","status":"publish","type":"page","link":"https:\/\/www.spottergps.com\/fr\/traceur-gps-voiture\/","title":{"rendered":"Traceur GPS pour voiture"},"content":{"rendered":"\n<h2 data-start=\"31\" data-end=\"68\">Simple, fiable et sans complication<\/h2>\n<p>Vous cherchez un moyen s\u00fbr de prot\u00e9ger votre voiture contre le vol ou de la suivre temporairement\u202f? Notre gps voiture portable offre la solution id\u00e9ale. Pas d\u2019installation compliqu\u00e9e, pas de frais d\u2019abonnement et une autonomie de batterie de 3 \u00e0 5 jours. Parfait pour les particuliers qui privil\u00e9gient la s\u00e9curit\u00e9 et la facilit\u00e9 d\u2019utilisation. Gr\u00e2ce \u00e0 ce traceur gps voiture sans abonnement, vous pouvez toujours acc\u00e9der \u00e0 une localisation claire de votre v\u00e9hicule (gps pour voiture) sans co\u00fbts suppl\u00e9mentaires.<\/p>\n<p data-start=\"70\" data-end=\"595\">\u00a0<\/p>\n","protected":false},"excerpt":{"rendered":"<p>Simple, fiable et sans complication Vous cherchez un moyen s\u00fbr de prot\u00e9ger votre voiture contre le vol ou de la suivre temporairement\u202f? Notre gps voiture portable offre la solution id\u00e9ale. Pas d\u2019installation compliqu\u00e9e, pas de frais d\u2019abonnement et une autonomie de batterie de 3 \u00e0 5 jours. Parfait pour les particuliers qui privil\u00e9gient la s\u00e9curit\u00e9 [&hellip;]<\/p>\n","protected":false},"author":14,"featured_media":3595,"parent":0,"menu_order":0,"comment_status":"closed","ping_status":"closed","template":"","meta":{"_acf_changed":false,"footnotes":""},"categories":[],"tags":[],"class_list":["post-3592","page","type-page","status-publish","has-post-thumbnail","hentry"],"acf":[],"yoast_head":"<!-- This site is optimized with the Yoast SEO plugin v25.9 - https:\/\/yoast.com\/wordpress\/plugins\/seo\/ -->\n<title>Traceur GPS pour votre voiture\u202f? Toujours sous contr\u00f4le | Spotter\u00ae<\/title>\n<meta name=\"description\" content=\"Le traceur gps voiture mobile\u202f: localisation pr\u00e9cise, suivi via application et meilleure protection contre le vol. Id\u00e9al pour tout conducteur.\" \/>\n<meta name=\"robots\" content=\"index, follow, max-snippet:-1, max-image-preview:large, max-video-preview:-1\" \/>\n<link rel=\"canonical\" href=\"https:\/\/www.spottergps.com\/fr\/traceur-gps-voiture\/\" \/>\n<meta property=\"og:locale\" content=\"fr_FR\" \/>\n<meta property=\"og:type\" content=\"article\" \/>\n<meta property=\"og:title\" content=\"Traceur GPS pour votre voiture\u202f? Toujours sous contr\u00f4le | Spotter\u00ae\" \/>\n<meta property=\"og:description\" content=\"Le traceur gps voiture mobile\u202f: localisation pr\u00e9cise, suivi via application et meilleure protection contre le vol. Id\u00e9al pour tout conducteur.\" \/>\n<meta property=\"og:url\" content=\"https:\/\/www.spottergps.com\/fr\/traceur-gps-voiture\/\" \/>\n<meta property=\"og:site_name\" content=\"Spotter France\" \/>\n<meta property=\"article:modified_time\" content=\"2026-02-13T15:36:23+00:00\" \/>\n<meta property=\"og:image\" content=\"https:\/\/www.spottergps.com\/fr\/wp-content\/uploads\/sites\/2\/2026\/02\/gps-voiture-spotter.jpg\" \/>\n\t<meta property=\"og:image:width\" content=\"1600\" \/>\n\t<meta property=\"og:image:height\" content=\"1600\" \/>\n\t<meta property=\"og:image:type\" content=\"image\/jpeg\" \/>\n<meta name=\"twitter:card\" content=\"summary_large_image\" \/>\n<meta name=\"twitter:label1\" content=\"Dur\u00e9e de lecture estim\u00e9e\" \/>\n\t<meta name=\"twitter:data1\" content=\"1 minute\" \/>\n<script type=\"application\/ld+json\" class=\"yoast-schema-graph\">{\"@context\":\"https:\/\/schema.org\",\"@graph\":[{\"@type\":\"WebPage\",\"@id\":\"https:\/\/www.spottergps.com\/fr\/traceur-gps-voiture\/\",\"url\":\"https:\/\/www.spottergps.com\/fr\/traceur-gps-voiture\/\",\"name\":\"Traceur GPS pour votre voiture\u202f? Toujours sous contr\u00f4le | Spotter\u00ae\",\"isPartOf\":{\"@id\":\"https:\/\/www.spottergps.com\/fr\/#website\"},\"primaryImageOfPage\":{\"@id\":\"https:\/\/www.spottergps.com\/fr\/traceur-gps-voiture\/#primaryimage\"},\"image\":{\"@id\":\"https:\/\/www.spottergps.com\/fr\/traceur-gps-voiture\/#primaryimage\"},\"thumbnailUrl\":\"https:\/\/www.spottergps.com\/fr\/wp-content\/uploads\/sites\/2\/2026\/02\/gps-voiture-spotter.jpg\",\"datePublished\":\"2026-02-09T15:43:27+00:00\",\"dateModified\":\"2026-02-13T15:36:23+00:00\",\"description\":\"Le traceur gps voiture mobile\u202f: localisation pr\u00e9cise, suivi via application et meilleure protection contre le vol. Id\u00e9al pour tout conducteur.\",\"breadcrumb\":{\"@id\":\"https:\/\/www.spottergps.com\/fr\/traceur-gps-voiture\/#breadcrumb\"},\"inLanguage\":\"fr-FR\",\"potentialAction\":[{\"@type\":\"ReadAction\",\"target\":[\"https:\/\/www.spottergps.com\/fr\/traceur-gps-voiture\/\"]}]},{\"@type\":\"ImageObject\",\"inLanguage\":\"fr-FR\",\"@id\":\"https:\/\/www.spottergps.com\/fr\/traceur-gps-voiture\/#primaryimage\",\"url\":\"https:\/\/www.spottergps.com\/fr\/wp-content\/uploads\/sites\/2\/2026\/02\/gps-voiture-spotter.jpg\",\"contentUrl\":\"https:\/\/www.spottergps.com\/fr\/wp-content\/uploads\/sites\/2\/2026\/02\/gps-voiture-spotter.jpg\",\"width\":1600,\"height\":1600,\"caption\":\"mini traceur gps - spotter\"},{\"@type\":\"BreadcrumbList\",\"@id\":\"https:\/\/www.spottergps.com\/fr\/traceur-gps-voiture\/#breadcrumb\",\"itemListElement\":[{\"@type\":\"ListItem\",\"position\":1,\"name\":\"Home\",\"item\":\"https:\/\/www.spottergps.com\/fr\/\"},{\"@type\":\"ListItem\",\"position\":2,\"name\":\"Traceur GPS pour voiture\"}]},{\"@type\":\"WebSite\",\"@id\":\"https:\/\/www.spottergps.com\/fr\/#website\",\"url\":\"https:\/\/www.spottergps.com\/fr\/\",\"name\":\"Spotter France\",\"description\":\"Een andere Spotter websites site\",\"potentialAction\":[{\"@type\":\"SearchAction\",\"target\":{\"@type\":\"EntryPoint\",\"urlTemplate\":\"https:\/\/www.spottergps.com\/fr\/?s={search_term_string}\"},\"query-input\":{\"@type\":\"PropertyValueSpecification\",\"valueRequired\":true,\"valueName\":\"search_term_string\"}}],\"inLanguage\":\"fr-FR\"}]}<\/script>\n<!-- \/ Yoast SEO plugin. -->","yoast_head_json":{"title":"Traceur GPS pour votre voiture\u202f? Toujours sous contr\u00f4le | Spotter\u00ae","description":"Le traceur gps voiture mobile\u202f: localisation pr\u00e9cise, suivi via application et meilleure protection contre le vol. Id\u00e9al pour tout conducteur.","robots":{"index":"index","follow":"follow","max-snippet":"max-snippet:-1","max-image-preview":"max-image-preview:large","max-video-preview":"max-video-preview:-1"},"canonical":"https:\/\/www.spottergps.com\/fr\/traceur-gps-voiture\/","og_locale":"fr_FR","og_type":"article","og_title":"Traceur GPS pour votre voiture\u202f? Toujours sous contr\u00f4le | Spotter\u00ae","og_description":"Le traceur gps voiture mobile\u202f: localisation pr\u00e9cise, suivi via application et meilleure protection contre le vol. Id\u00e9al pour tout conducteur.","og_url":"https:\/\/www.spottergps.com\/fr\/traceur-gps-voiture\/","og_site_name":"Spotter France","article_modified_time":"2026-02-13T15:36:23+00:00","og_image":[{"width":1600,"height":1600,"url":"https:\/\/www.spottergps.com\/fr\/wp-content\/uploads\/sites\/2\/2026\/02\/gps-voiture-spotter.jpg","type":"image\/jpeg"}],"twitter_card":"summary_large_image","twitter_misc":{"Dur\u00e9e de lecture estim\u00e9e":"1 minute"},"schema":{"@context":"https:\/\/schema.org","@graph":[{"@type":"WebPage","@id":"https:\/\/www.spottergps.com\/fr\/traceur-gps-voiture\/","url":"https:\/\/www.spottergps.com\/fr\/traceur-gps-voiture\/","name":"Traceur GPS pour votre voiture\u202f? Toujours sous contr\u00f4le | Spotter\u00ae","isPartOf":{"@id":"https:\/\/www.spottergps.com\/fr\/#website"},"primaryImageOfPage":{"@id":"https:\/\/www.spottergps.com\/fr\/traceur-gps-voiture\/#primaryimage"},"image":{"@id":"https:\/\/www.spottergps.com\/fr\/traceur-gps-voiture\/#primaryimage"},"thumbnailUrl":"https:\/\/www.spottergps.com\/fr\/wp-content\/uploads\/sites\/2\/2026\/02\/gps-voiture-spotter.jpg","datePublished":"2026-02-09T15:43:27+00:00","dateModified":"2026-02-13T15:36:23+00:00","description":"Le traceur gps voiture mobile\u202f: localisation pr\u00e9cise, suivi via application et meilleure protection contre le vol. Id\u00e9al pour tout conducteur.","breadcrumb":{"@id":"https:\/\/www.spottergps.com\/fr\/traceur-gps-voiture\/#breadcrumb"},"inLanguage":"fr-FR","potentialAction":[{"@type":"ReadAction","target":["https:\/\/www.spottergps.com\/fr\/traceur-gps-voiture\/"]}]},{"@type":"ImageObject","inLanguage":"fr-FR","@id":"https:\/\/www.spottergps.com\/fr\/traceur-gps-voiture\/#primaryimage","url":"https:\/\/www.spottergps.com\/fr\/wp-content\/uploads\/sites\/2\/2026\/02\/gps-voiture-spotter.jpg","contentUrl":"https:\/\/www.spottergps.com\/fr\/wp-content\/uploads\/sites\/2\/2026\/02\/gps-voiture-spotter.jpg","width":1600,"height":1600,"caption":"mini traceur gps - spotter"},{"@type":"BreadcrumbList","@id":"https:\/\/www.spottergps.com\/fr\/traceur-gps-voiture\/#breadcrumb","itemListElement":[{"@type":"ListItem","position":1,"name":"Home","item":"https:\/\/www.spottergps.com\/fr\/"},{"@type":"ListItem","position":2,"name":"Traceur GPS pour voiture"}]},{"@type":"WebSite","@id":"https:\/\/www.spottergps.com\/fr\/#website","url":"https:\/\/www.spottergps.com\/fr\/","name":"Spotter France","description":"Een andere Spotter websites site","potentialAction":[{"@type":"SearchAction","target":{"@type":"EntryPoint","urlTemplate":"https:\/\/www.spottergps.com\/fr\/?s={search_term_string}"},"query-input":{"@type":"PropertyValueSpecification","valueRequired":true,"valueName":"search_term_string"}}],"inLanguage":"fr-FR"}]}},"_links":{"self":[{"href":"https:\/\/www.spottergps.com\/fr\/wp-json\/wp\/v2\/pages\/3592","targetHints":{"allow":["GET"]}}],"collection":[{"href":"https:\/\/www.spottergps.com\/fr\/wp-json\/wp\/v2\/pages"}],"about":[{"href":"https:\/\/www.spottergps.com\/fr\/wp-json\/wp\/v2\/types\/page"}],"author":[{"embeddable":true,"href":"https:\/\/www.spottergps.com\/fr\/wp-json\/wp\/v2\/users\/14"}],"replies":[{"embeddable":true,"href":"https:\/\/www.spottergps.com\/fr\/wp-json\/wp\/v2\/comments?post=3592"}],"version-history":[{"count":13,"href":"https:\/\/www.spottergps.com\/fr\/wp-json\/wp\/v2\/pages\/3592\/revisions"}],"predecessor-version":[{"id":3642,"href":"https:\/\/www.spottergps.com\/fr\/wp-json\/wp\/v2\/pages\/3592\/revisions\/3642"}],"wp:featuredmedia":[{"embeddable":true,"href":"https:\/\/www.spottergps.com\/fr\/wp-json\/wp\/v2\/media\/3595"}],"wp:attachment":[{"href":"https:\/\/www.spottergps.com\/fr\/wp-json\/wp\/v2\/media?parent=3592"}],"wp:term":[{"taxonomy":"category","embeddable":true,"href":"https:\/\/www.spottergps.com\/fr\/wp-json\/wp\/v2\/categories?post=3592"},{"taxonomy":"post_tag","embeddable":true,"href":"https:\/\/www.spottergps.com\/fr\/wp-json\/wp\/v2\/tags?post=3592"}],"curies":[{"name":"wp","href":"https:\/\/api.w.org\/{rel}","templated":true}]}}