{"id":3476,"date":"2025-12-29T15:17:35","date_gmt":"2025-12-29T14:17:35","guid":{"rendered":"https:\/\/www.spottergps.com\/fr\/?page_id=3476"},"modified":"2026-01-06T08:54:11","modified_gmt":"2026-01-06T07:54:11","slug":"le-traceur-gps-pour-personnes-agees","status":"publish","type":"page","link":"https:\/\/www.spottergps.com\/fr\/le-traceur-gps-pour-personnes-agees\/","title":{"rendered":"Le traceur GPS pour personnes \u00e2g\u00e9es avec bouton d\u2019alarme"},"content":{"rendered":"\n<div class=\"wp-block-columns is-layout-flex wp-container-core-columns-is-layout-9d6595d7 wp-block-columns-is-layout-flex\">\n<div class=\"wp-block-column is-layout-flow wp-block-column-is-layout-flow\" style=\"flex-basis:50%\">\n<p>L\u2019inqui\u00e9tude est fr\u00e9quente lorsque des seniors sortent seuls. Le Spotter\u00ae est un traceur gps personne qui aide \u00e0 r\u00e9duire ce sentiment d\u2019ins\u00e9curit\u00e9, aussi bien pour vous que pour la personne concern\u00e9e.<br \/><br \/><\/p>\n<div class=\"text-base my-auto mx-auto pb-10 [--thread-content-margin:--spacing(4)] @w-sm\/main:[--thread-content-margin:--spacing(6)] @w-lg\/main:[--thread-content-margin:--spacing(16)] px-(--thread-content-margin)\">\n<div class=\"[--thread-content-max-width:40rem] @w-lg\/main:[--thread-content-max-width:48rem] mx-auto max-w-(--thread-content-max-width) flex-1 group\/turn-messages focus-visible:outline-hidden relative flex w-full min-w-0 flex-col agent-turn\">\n<div class=\"flex max-w-full flex-col grow\">\n<div class=\"min-h-8 text-message relative flex w-full flex-col items-end gap-2 text-start break-words whitespace-normal [.text-message+&amp;]:mt-1\" dir=\"auto\" data-message-author-role=\"assistant\" data-message-id=\"38c4886b-230a-4e78-8e53-740fafb9d679\" data-message-model-slug=\"gpt-5-2\">\n<div class=\"flex w-full flex-col gap-1 empty:hidden first:pt-[1px]\">\n<div class=\"markdown prose dark:prose-invert w-full break-words dark markdown-new-styling\">\n<ul>\n<li data-start=\"0\" data-end=\"387\">L\u2019inqui\u00e9tude lorsque des personnes \u00e2g\u00e9es ou des seniors sortent seuls est fr\u00e9quente. Le Spotter\u00ae GPS tracker r\u00e9duit <strong>cette inqui\u00e9tude.<\/strong><\/li>\n<li data-start=\"0\" data-end=\"387\">Placez le Spotter\u00ae GPS tracker dans une poche, un sac ou sur un d\u00e9ambulateur et vous savez o\u00f9 se trouve la personne via votre compte en ligne ou <strong>l\u2019application smartphone.<\/strong><\/li>\n<li data-start=\"0\" data-end=\"387\">Vous pouvez aussi d\u00e9finir <strong>une zone<\/strong> et recevoir un message lorsqu\u2019elle est quitt\u00e9e.<\/li>\n<li data-start=\"0\" data-end=\"387\">Il est m\u00eame possible de <strong>s\u2019appeler<\/strong> mutuellement.<\/li>\n<li data-start=\"0\" data-end=\"387\">Il est largement utilis\u00e9 dans le secteur des soins.<\/li>\n<li data-start=\"0\" data-end=\"387\"><strong>Pas d\u2019abonnement<\/strong>, mais une utilisation pr\u00e9pay\u00e9e.<\/li>\n<li data-start=\"0\" data-end=\"387\"><strong>Service client interne<\/strong> pour toute question pendant l\u2019utilisation.<br \/><br \/><br \/><a class=\"main-button order-button\" title=\"Direct bestellen\" href=\"https:\/\/shop.spottergps.com\/fr\/spotter-x10b.html\">Voir le Spotter GPS tracker<\/a><\/li>\n<\/ul>\n<\/div>\n<\/div>\n<\/div>\n<\/div>\n<\/div>\n<\/div>\n<\/div>\n\n\n\n<div class=\"wp-block-column is-layout-flow wp-block-column-is-layout-flow\" style=\"flex-basis:50%\">\n<figure class=\"wp-block-image size-full is-resized\"><a href=\"https:\/\/www.spottergps.com\/fr\/wp-content\/uploads\/sites\/2\/2025\/12\/traceur-gps-personne-spotter.png\"><img loading=\"lazy\" decoding=\"async\" width=\"1024\" height=\"1024\" src=\"https:\/\/www.spottergps.com\/fr\/wp-content\/uploads\/sites\/2\/2025\/12\/traceur-gps-personne-spotter.png\" alt=\"\" class=\"wp-image-3480\" style=\"width:495px;height:auto\" srcset=\"https:\/\/www.spottergps.com\/fr\/wp-content\/uploads\/sites\/2\/2025\/12\/traceur-gps-personne-spotter.png 1024w, https:\/\/www.spottergps.com\/fr\/wp-content\/uploads\/sites\/2\/2025\/12\/traceur-gps-personne-spotter-300x300.png 300w, https:\/\/www.spottergps.com\/fr\/wp-content\/uploads\/sites\/2\/2025\/12\/traceur-gps-personne-spotter-150x150.png 150w, https:\/\/www.spottergps.com\/fr\/wp-content\/uploads\/sites\/2\/2025\/12\/traceur-gps-personne-spotter-768x768.png 768w\" sizes=\"auto, (max-width: 1024px) 100vw, 1024px\" \/><\/a><\/figure>\n<\/div>\n<\/div>\n","protected":false},"excerpt":{"rendered":"<p>L\u2019inqui\u00e9tude est fr\u00e9quente lorsque des seniors sortent seuls. Le Spotter\u00ae est un traceur gps personne qui aide \u00e0 r\u00e9duire ce sentiment d\u2019ins\u00e9curit\u00e9, aussi bien pour vous que pour la personne concern\u00e9e. L\u2019inqui\u00e9tude lorsque des personnes \u00e2g\u00e9es ou des seniors sortent seuls est fr\u00e9quente. Le Spotter\u00ae GPS tracker r\u00e9duit cette inqui\u00e9tude. Placez le Spotter\u00ae GPS tracker [&hellip;]<\/p>\n","protected":false},"author":14,"featured_media":3484,"parent":0,"menu_order":0,"comment_status":"closed","ping_status":"closed","template":"","meta":{"_acf_changed":false,"footnotes":""},"categories":[],"tags":[],"class_list":["post-3476","page","type-page","status-publish","has-post-thumbnail","hentry"],"acf":[],"yoast_head":"<!-- This site is optimized with the Yoast SEO plugin v25.9 - https:\/\/yoast.com\/wordpress\/plugins\/seo\/ -->\n<title>Le traceur GPS pour personnes \u00e2g\u00e9es avec bouton d\u2019alarme - Spotter<\/title>\n<meta name=\"robots\" content=\"index, follow, max-snippet:-1, max-image-preview:large, max-video-preview:-1\" \/>\n<link rel=\"canonical\" href=\"https:\/\/www.spottergps.com\/fr\/le-traceur-gps-pour-personnes-agees\/\" \/>\n<meta property=\"og:locale\" content=\"fr_FR\" \/>\n<meta property=\"og:type\" content=\"article\" \/>\n<meta property=\"og:title\" content=\"Le traceur GPS pour personnes \u00e2g\u00e9es avec bouton d\u2019alarme - Spotter\" \/>\n<meta property=\"og:description\" content=\"L\u2019inqui\u00e9tude est fr\u00e9quente lorsque des seniors sortent seuls. Le Spotter\u00ae est un traceur gps personne qui aide \u00e0 r\u00e9duire ce sentiment d\u2019ins\u00e9curit\u00e9, aussi bien pour vous que pour la personne concern\u00e9e. L\u2019inqui\u00e9tude lorsque des personnes \u00e2g\u00e9es ou des seniors sortent seuls est fr\u00e9quente. Le Spotter\u00ae GPS tracker r\u00e9duit cette inqui\u00e9tude. Placez le Spotter\u00ae GPS tracker [&hellip;]\" \/>\n<meta property=\"og:url\" content=\"https:\/\/www.spottergps.com\/fr\/le-traceur-gps-pour-personnes-agees\/\" \/>\n<meta property=\"og:site_name\" content=\"Spotter France\" \/>\n<meta property=\"article:modified_time\" content=\"2026-01-06T07:54:11+00:00\" \/>\n<meta property=\"og:image\" content=\"https:\/\/www.spottergps.com\/fr\/wp-content\/uploads\/sites\/2\/2025\/12\/traceur-gps-senior-spotter.jpg\" \/>\n\t<meta property=\"og:image:width\" content=\"1600\" \/>\n\t<meta property=\"og:image:height\" content=\"1600\" \/>\n\t<meta property=\"og:image:type\" content=\"image\/jpeg\" \/>\n<meta name=\"twitter:card\" content=\"summary_large_image\" \/>\n<meta name=\"twitter:label1\" content=\"Dur\u00e9e de lecture estim\u00e9e\" \/>\n\t<meta name=\"twitter:data1\" content=\"2 minutes\" \/>\n<script type=\"application\/ld+json\" class=\"yoast-schema-graph\">{\"@context\":\"https:\/\/schema.org\",\"@graph\":[{\"@type\":\"WebPage\",\"@id\":\"https:\/\/www.spottergps.com\/fr\/le-traceur-gps-pour-personnes-agees\/\",\"url\":\"https:\/\/www.spottergps.com\/fr\/le-traceur-gps-pour-personnes-agees\/\",\"name\":\"Le traceur GPS pour personnes \u00e2g\u00e9es avec bouton d\u2019alarme - Spotter\",\"isPartOf\":{\"@id\":\"https:\/\/www.spottergps.com\/fr\/#website\"},\"primaryImageOfPage\":{\"@id\":\"https:\/\/www.spottergps.com\/fr\/le-traceur-gps-pour-personnes-agees\/#primaryimage\"},\"image\":{\"@id\":\"https:\/\/www.spottergps.com\/fr\/le-traceur-gps-pour-personnes-agees\/#primaryimage\"},\"thumbnailUrl\":\"https:\/\/www.spottergps.com\/fr\/wp-content\/uploads\/sites\/2\/2025\/12\/traceur-gps-senior-spotter.jpg\",\"datePublished\":\"2025-12-29T14:17:35+00:00\",\"dateModified\":\"2026-01-06T07:54:11+00:00\",\"breadcrumb\":{\"@id\":\"https:\/\/www.spottergps.com\/fr\/le-traceur-gps-pour-personnes-agees\/#breadcrumb\"},\"inLanguage\":\"fr-FR\",\"potentialAction\":[{\"@type\":\"ReadAction\",\"target\":[\"https:\/\/www.spottergps.com\/fr\/le-traceur-gps-pour-personnes-agees\/\"]}]},{\"@type\":\"ImageObject\",\"inLanguage\":\"fr-FR\",\"@id\":\"https:\/\/www.spottergps.com\/fr\/le-traceur-gps-pour-personnes-agees\/#primaryimage\",\"url\":\"https:\/\/www.spottergps.com\/fr\/wp-content\/uploads\/sites\/2\/2025\/12\/traceur-gps-senior-spotter.jpg\",\"contentUrl\":\"https:\/\/www.spottergps.com\/fr\/wp-content\/uploads\/sites\/2\/2025\/12\/traceur-gps-senior-spotter.jpg\",\"width\":1600,\"height\":1600,\"caption\":\"traceur gps senior - spotter\"},{\"@type\":\"BreadcrumbList\",\"@id\":\"https:\/\/www.spottergps.com\/fr\/le-traceur-gps-pour-personnes-agees\/#breadcrumb\",\"itemListElement\":[{\"@type\":\"ListItem\",\"position\":1,\"name\":\"Home\",\"item\":\"https:\/\/www.spottergps.com\/fr\/\"},{\"@type\":\"ListItem\",\"position\":2,\"name\":\"Le traceur GPS pour personnes \u00e2g\u00e9es avec bouton d\u2019alarme\"}]},{\"@type\":\"WebSite\",\"@id\":\"https:\/\/www.spottergps.com\/fr\/#website\",\"url\":\"https:\/\/www.spottergps.com\/fr\/\",\"name\":\"Spotter France\",\"description\":\"Een andere Spotter websites site\",\"potentialAction\":[{\"@type\":\"SearchAction\",\"target\":{\"@type\":\"EntryPoint\",\"urlTemplate\":\"https:\/\/www.spottergps.com\/fr\/?s={search_term_string}\"},\"query-input\":{\"@type\":\"PropertyValueSpecification\",\"valueRequired\":true,\"valueName\":\"search_term_string\"}}],\"inLanguage\":\"fr-FR\"}]}<\/script>\n<!-- \/ Yoast SEO plugin. -->","yoast_head_json":{"title":"Le traceur GPS pour personnes \u00e2g\u00e9es avec bouton d\u2019alarme - Spotter","robots":{"index":"index","follow":"follow","max-snippet":"max-snippet:-1","max-image-preview":"max-image-preview:large","max-video-preview":"max-video-preview:-1"},"canonical":"https:\/\/www.spottergps.com\/fr\/le-traceur-gps-pour-personnes-agees\/","og_locale":"fr_FR","og_type":"article","og_title":"Le traceur GPS pour personnes \u00e2g\u00e9es avec bouton d\u2019alarme - Spotter","og_description":"L\u2019inqui\u00e9tude est fr\u00e9quente lorsque des seniors sortent seuls. Le Spotter\u00ae est un traceur gps personne qui aide \u00e0 r\u00e9duire ce sentiment d\u2019ins\u00e9curit\u00e9, aussi bien pour vous que pour la personne concern\u00e9e. L\u2019inqui\u00e9tude lorsque des personnes \u00e2g\u00e9es ou des seniors sortent seuls est fr\u00e9quente. Le Spotter\u00ae GPS tracker r\u00e9duit cette inqui\u00e9tude. Placez le Spotter\u00ae GPS tracker [&hellip;]","og_url":"https:\/\/www.spottergps.com\/fr\/le-traceur-gps-pour-personnes-agees\/","og_site_name":"Spotter France","article_modified_time":"2026-01-06T07:54:11+00:00","og_image":[{"width":1600,"height":1600,"url":"https:\/\/www.spottergps.com\/fr\/wp-content\/uploads\/sites\/2\/2025\/12\/traceur-gps-senior-spotter.jpg","type":"image\/jpeg"}],"twitter_card":"summary_large_image","twitter_misc":{"Dur\u00e9e de lecture estim\u00e9e":"2 minutes"},"schema":{"@context":"https:\/\/schema.org","@graph":[{"@type":"WebPage","@id":"https:\/\/www.spottergps.com\/fr\/le-traceur-gps-pour-personnes-agees\/","url":"https:\/\/www.spottergps.com\/fr\/le-traceur-gps-pour-personnes-agees\/","name":"Le traceur GPS pour personnes \u00e2g\u00e9es avec bouton d\u2019alarme - Spotter","isPartOf":{"@id":"https:\/\/www.spottergps.com\/fr\/#website"},"primaryImageOfPage":{"@id":"https:\/\/www.spottergps.com\/fr\/le-traceur-gps-pour-personnes-agees\/#primaryimage"},"image":{"@id":"https:\/\/www.spottergps.com\/fr\/le-traceur-gps-pour-personnes-agees\/#primaryimage"},"thumbnailUrl":"https:\/\/www.spottergps.com\/fr\/wp-content\/uploads\/sites\/2\/2025\/12\/traceur-gps-senior-spotter.jpg","datePublished":"2025-12-29T14:17:35+00:00","dateModified":"2026-01-06T07:54:11+00:00","breadcrumb":{"@id":"https:\/\/www.spottergps.com\/fr\/le-traceur-gps-pour-personnes-agees\/#breadcrumb"},"inLanguage":"fr-FR","potentialAction":[{"@type":"ReadAction","target":["https:\/\/www.spottergps.com\/fr\/le-traceur-gps-pour-personnes-agees\/"]}]},{"@type":"ImageObject","inLanguage":"fr-FR","@id":"https:\/\/www.spottergps.com\/fr\/le-traceur-gps-pour-personnes-agees\/#primaryimage","url":"https:\/\/www.spottergps.com\/fr\/wp-content\/uploads\/sites\/2\/2025\/12\/traceur-gps-senior-spotter.jpg","contentUrl":"https:\/\/www.spottergps.com\/fr\/wp-content\/uploads\/sites\/2\/2025\/12\/traceur-gps-senior-spotter.jpg","width":1600,"height":1600,"caption":"traceur gps senior - spotter"},{"@type":"BreadcrumbList","@id":"https:\/\/www.spottergps.com\/fr\/le-traceur-gps-pour-personnes-agees\/#breadcrumb","itemListElement":[{"@type":"ListItem","position":1,"name":"Home","item":"https:\/\/www.spottergps.com\/fr\/"},{"@type":"ListItem","position":2,"name":"Le traceur GPS pour personnes \u00e2g\u00e9es avec bouton d\u2019alarme"}]},{"@type":"WebSite","@id":"https:\/\/www.spottergps.com\/fr\/#website","url":"https:\/\/www.spottergps.com\/fr\/","name":"Spotter France","description":"Een andere Spotter websites site","potentialAction":[{"@type":"SearchAction","target":{"@type":"EntryPoint","urlTemplate":"https:\/\/www.spottergps.com\/fr\/?s={search_term_string}"},"query-input":{"@type":"PropertyValueSpecification","valueRequired":true,"valueName":"search_term_string"}}],"inLanguage":"fr-FR"}]}},"_links":{"self":[{"href":"https:\/\/www.spottergps.com\/fr\/wp-json\/wp\/v2\/pages\/3476","targetHints":{"allow":["GET"]}}],"collection":[{"href":"https:\/\/www.spottergps.com\/fr\/wp-json\/wp\/v2\/pages"}],"about":[{"href":"https:\/\/www.spottergps.com\/fr\/wp-json\/wp\/v2\/types\/page"}],"author":[{"embeddable":true,"href":"https:\/\/www.spottergps.com\/fr\/wp-json\/wp\/v2\/users\/14"}],"replies":[{"embeddable":true,"href":"https:\/\/www.spottergps.com\/fr\/wp-json\/wp\/v2\/comments?post=3476"}],"version-history":[{"count":9,"href":"https:\/\/www.spottergps.com\/fr\/wp-json\/wp\/v2\/pages\/3476\/revisions"}],"predecessor-version":[{"id":3507,"href":"https:\/\/www.spottergps.com\/fr\/wp-json\/wp\/v2\/pages\/3476\/revisions\/3507"}],"wp:featuredmedia":[{"embeddable":true,"href":"https:\/\/www.spottergps.com\/fr\/wp-json\/wp\/v2\/media\/3484"}],"wp:attachment":[{"href":"https:\/\/www.spottergps.com\/fr\/wp-json\/wp\/v2\/media?parent=3476"}],"wp:term":[{"taxonomy":"category","embeddable":true,"href":"https:\/\/www.spottergps.com\/fr\/wp-json\/wp\/v2\/categories?post=3476"},{"taxonomy":"post_tag","embeddable":true,"href":"https:\/\/www.spottergps.com\/fr\/wp-json\/wp\/v2\/tags?post=3476"}],"curies":[{"name":"wp","href":"https:\/\/api.w.org\/{rel}","templated":true}]}}